{"id":68311,"date":"2024-04-25T08:02:02","date_gmt":"2024-04-25T08:02:02","guid":{"rendered":"https:\/\/redfoxlotto.org\/?page_id=68311"},"modified":"2024-11-24T17:37:20","modified_gmt":"2024-11-24T17:37:20","slug":"purchase-success","status":"publish","type":"page","link":"https:\/\/redfoxlotto.com\/lv\/purchase-success\/","title":{"rendered":"Pirkuma pan\u0101kumi"},"content":{"rendered":"<p>J\u016bs esat veiksm\u012bgi ieg\u0101d\u0101jies savu loterijas bi\u013ceti vai bi\u013cetes!<\/p><p>S\u012bk\u0101ka inform\u0101cija par pas\u016bt\u012bjumu ir redzama sp\u0113l\u0113t\u0101ja kont\u0101. Vispirms piesakieties, noklik\u0161\u0137iniet uz \u201cManas bi\u013cetes\u201d.<\/p><p>L\u016bdzu, \u0146emiet v\u0113r\u0101, ka bi\u013cetes sken\u0113\u0161ana un aug\u0161upiel\u0101de ar j\u016bsu numuriem var aiz\u0146emt k\u0101du laiku. Bi\u013ce\u0161u sken\u0113\u0161ana tiks aug\u0161upiel\u0101d\u0113ta j\u016bsu sp\u0113l\u0113t\u0101ja kont\u0101, bet netiks nos\u016bt\u012bta jums pa e-pastu.<\/p><p>Tagad atliek vien gaid\u012bt izlozi \u2013 turam \u012bk\u0161\u0137us un ceram, ka uzvar\u0113si.<\/p><p>Ja j\u016bsu bi\u013cete uzvar\u0113s, j\u016bs vienm\u0113r sa\u0146emsit e-pasta pazi\u0146ojumu. P\u0101rliecinieties, ka m\u016bsu e-pasta zi\u0146ojumi nenon\u0101k map\u0113 \u201cSurog\u0101tpasts\u201d vai \u201cNezin\u0101ms\u201d!\u201d<\/p>","protected":false},"excerpt":{"rendered":"<p>J\u016bs esat veiksm\u012bgi ieg\u0101d\u0101jies savu loterijas bi\u013ceti vai bi\u013cetes! S\u012bk\u0101ka inform\u0101cija par pas\u016bt\u012bjumu ir redzama sp\u0113l\u0113t\u0101ja kont\u0101. Vispirms piesakieties, noklik\u0161\u0137iniet uz \u201cManas bi\u013cetes\u201d. L\u016bdzu, \u0146emiet v\u0113r\u0101, ka bi\u013cetes sken\u0113\u0161ana un aug\u0161upiel\u0101de ar j\u016bsu numuriem var aiz\u0146emt k\u0101du laiku. Bi\u013ce\u0161u sken\u0113\u0161ana tiks aug\u0161upiel\u0101d\u0113ta j\u016bsu sp\u0113l\u0113t\u0101ja kont\u0101, bet netiks nos\u016bt\u012bta jums pa e-pastu. Tagad atliek vien gaid\u012bt [&hellip;]<\/p>\n","protected":false},"author":1,"featured_media":0,"parent":0,"menu_order":19,"comment_status":"closed","ping_status":"closed","template":"wc_ThankYou.php","meta":{"_et_pb_use_builder":"","_et_pb_old_content":"","_et_gb_content_width":"","exclude_from_search":false,"footnotes":""},"class_list":["post-68311","page","type-page","status-publish","hentry"],"yoast_head":"<!-- This site is optimized with the Yoast SEO plugin v23.8 - https:\/\/yoast.com\/wordpress\/plugins\/seo\/ -->\n<title>Pirkuma pan\u0101kumi<\/title>\n<meta name=\"robots\" content=\"index, follow, max-snippet:-1, max-image-preview:large, max-video-preview:-1\" \/>\n<link rel=\"canonical\" href=\"https:\/\/redfoxlotto.com\/lv\/purchase-success\/\" \/>\n<meta property=\"og:locale\" content=\"lv_LV\" \/>\n<meta property=\"og:type\" content=\"article\" \/>\n<meta property=\"og:title\" content=\"Pirkuma pan\u0101kumi\" \/>\n<meta property=\"og:description\" content=\"J\u016bs esat veiksm\u012bgi ieg\u0101d\u0101jies savu loterijas bi\u013ceti vai bi\u013cetes! S\u012bk\u0101ka inform\u0101cija par pas\u016bt\u012bjumu ir redzama sp\u0113l\u0113t\u0101ja kont\u0101. Vispirms piesakieties, noklik\u0161\u0137iniet uz \u201cManas bi\u013cetes\u201d. L\u016bdzu, \u0146emiet v\u0113r\u0101, ka bi\u013cetes sken\u0113\u0161ana un aug\u0161upiel\u0101de ar j\u016bsu numuriem var aiz\u0146emt k\u0101du laiku. Bi\u013ce\u0161u sken\u0113\u0161ana tiks aug\u0161upiel\u0101d\u0113ta j\u016bsu sp\u0113l\u0113t\u0101ja kont\u0101, bet netiks nos\u016bt\u012bta jums pa e-pastu. Tagad atliek vien gaid\u012bt [&hellip;]\" \/>\n<meta property=\"og:url\" content=\"https:\/\/redfoxlotto.com\/lv\/purchase-success\/\" \/>\n<meta property=\"og:site_name\" content=\"Get Tickets for the World\u2019s largest jackpots\" \/>\n<meta property=\"article:modified_time\" content=\"2024-11-24T17:37:20+00:00\" \/>\n<meta name=\"twitter:card\" content=\"summary_large_image\" \/>\n<meta name=\"twitter:label1\" content=\"Est. reading time\" \/>\n\t<meta name=\"twitter:data1\" content=\"1 minute\" \/>\n<script type=\"application\/ld+json\" class=\"yoast-schema-graph\">{\"@context\":\"https:\/\/schema.org\",\"@graph\":[{\"@type\":\"WebPage\",\"@id\":\"https:\/\/redfoxlotto.com\/lv\/purchase-success\/\",\"url\":\"https:\/\/redfoxlotto.com\/lv\/purchase-success\/\",\"name\":\"Pirkuma pan\u0101kumi\",\"isPartOf\":{\"@id\":\"https:\/\/redfoxlotto.com\/lv\/#website\"},\"datePublished\":\"2024-04-25T08:02:02+00:00\",\"dateModified\":\"2024-11-24T17:37:20+00:00\",\"breadcrumb\":{\"@id\":\"https:\/\/redfoxlotto.com\/lv\/purchase-success\/#breadcrumb\"},\"inLanguage\":\"lv-LV\",\"potentialAction\":[{\"@type\":\"ReadAction\",\"target\":[\"https:\/\/redfoxlotto.com\/lv\/purchase-success\/\"]}]},{\"@type\":\"BreadcrumbList\",\"@id\":\"https:\/\/redfoxlotto.com\/lv\/purchase-success\/#breadcrumb\",\"itemListElement\":[{\"@type\":\"ListItem\",\"position\":1,\"name\":\"Home\",\"item\":\"https:\/\/redfoxlotto.com\/lv\/\"},{\"@type\":\"ListItem\",\"position\":2,\"name\":\"Pirkuma pan\u0101kumi\"}]},{\"@type\":\"WebSite\",\"@id\":\"https:\/\/redfoxlotto.com\/lv\/#website\",\"url\":\"https:\/\/redfoxlotto.com\/lv\/\",\"name\":\"Get Tickets for the World\u2019s largest jackpots\",\"description\":\"Participate in worldwide lottery jackpots from any country\",\"publisher\":{\"@id\":\"https:\/\/redfoxlotto.com\/lv\/#organization\"},\"potentialAction\":[{\"@type\":\"SearchAction\",\"target\":{\"@type\":\"EntryPoint\",\"urlTemplate\":\"https:\/\/redfoxlotto.com\/lv\/?s={search_term_string}\"},\"query-input\":{\"@type\":\"PropertyValueSpecification\",\"valueRequired\":true,\"valueName\":\"search_term_string\"}}],\"inLanguage\":\"lv-LV\"},{\"@type\":\"Organization\",\"@id\":\"https:\/\/redfoxlotto.com\/lv\/#organization\",\"name\":\"Get Tickets for the World\u2019s largest jackpots\",\"url\":\"https:\/\/redfoxlotto.com\/lv\/\",\"logo\":{\"@type\":\"ImageObject\",\"inLanguage\":\"lv-LV\",\"@id\":\"https:\/\/redfoxlotto.com\/lv\/#\/schema\/logo\/image\/\",\"url\":\"https:\/\/redfoxlotto.com\/wp-content\/uploads\/2023\/04\/logo.png\",\"contentUrl\":\"https:\/\/redfoxlotto.com\/wp-content\/uploads\/2023\/04\/logo.png\",\"width\":269,\"height\":53,\"caption\":\"Get Tickets for the World\u2019s largest jackpots\"},\"image\":{\"@id\":\"https:\/\/redfoxlotto.com\/lv\/#\/schema\/logo\/image\/\"}}]}<\/script>\n<!-- \/ Yoast SEO plugin. -->","yoast_head_json":{"title":"Pirkuma pan\u0101kumi","robots":{"index":"index","follow":"follow","max-snippet":"max-snippet:-1","max-image-preview":"max-image-preview:large","max-video-preview":"max-video-preview:-1"},"canonical":"https:\/\/redfoxlotto.com\/lv\/purchase-success\/","og_locale":"lv_LV","og_type":"article","og_title":"Pirkuma pan\u0101kumi","og_description":"J\u016bs esat veiksm\u012bgi ieg\u0101d\u0101jies savu loterijas bi\u013ceti vai bi\u013cetes! S\u012bk\u0101ka inform\u0101cija par pas\u016bt\u012bjumu ir redzama sp\u0113l\u0113t\u0101ja kont\u0101. Vispirms piesakieties, noklik\u0161\u0137iniet uz \u201cManas bi\u013cetes\u201d. L\u016bdzu, \u0146emiet v\u0113r\u0101, ka bi\u013cetes sken\u0113\u0161ana un aug\u0161upiel\u0101de ar j\u016bsu numuriem var aiz\u0146emt k\u0101du laiku. Bi\u013ce\u0161u sken\u0113\u0161ana tiks aug\u0161upiel\u0101d\u0113ta j\u016bsu sp\u0113l\u0113t\u0101ja kont\u0101, bet netiks nos\u016bt\u012bta jums pa e-pastu. Tagad atliek vien gaid\u012bt [&hellip;]","og_url":"https:\/\/redfoxlotto.com\/lv\/purchase-success\/","og_site_name":"Get Tickets for the World\u2019s largest jackpots","article_modified_time":"2024-11-24T17:37:20+00:00","twitter_card":"summary_large_image","twitter_misc":{"Est. reading time":"1 minute"},"schema":{"@context":"https:\/\/schema.org","@graph":[{"@type":"WebPage","@id":"https:\/\/redfoxlotto.com\/lv\/purchase-success\/","url":"https:\/\/redfoxlotto.com\/lv\/purchase-success\/","name":"Pirkuma pan\u0101kumi","isPartOf":{"@id":"https:\/\/redfoxlotto.com\/lv\/#website"},"datePublished":"2024-04-25T08:02:02+00:00","dateModified":"2024-11-24T17:37:20+00:00","breadcrumb":{"@id":"https:\/\/redfoxlotto.com\/lv\/purchase-success\/#breadcrumb"},"inLanguage":"lv-LV","potentialAction":[{"@type":"ReadAction","target":["https:\/\/redfoxlotto.com\/lv\/purchase-success\/"]}]},{"@type":"BreadcrumbList","@id":"https:\/\/redfoxlotto.com\/lv\/purchase-success\/#breadcrumb","itemListElement":[{"@type":"ListItem","position":1,"name":"Home","item":"https:\/\/redfoxlotto.com\/lv\/"},{"@type":"ListItem","position":2,"name":"Pirkuma pan\u0101kumi"}]},{"@type":"WebSite","@id":"https:\/\/redfoxlotto.com\/lv\/#website","url":"https:\/\/redfoxlotto.com\/lv\/","name":"Get Tickets for the World\u2019s largest jackpots","description":"Participate in worldwide lottery jackpots from any country","publisher":{"@id":"https:\/\/redfoxlotto.com\/lv\/#organization"},"potentialAction":[{"@type":"SearchAction","target":{"@type":"EntryPoint","urlTemplate":"https:\/\/redfoxlotto.com\/lv\/?s={search_term_string}"},"query-input":{"@type":"PropertyValueSpecification","valueRequired":true,"valueName":"search_term_string"}}],"inLanguage":"lv-LV"},{"@type":"Organization","@id":"https:\/\/redfoxlotto.com\/lv\/#organization","name":"Get Tickets for the World\u2019s largest jackpots","url":"https:\/\/redfoxlotto.com\/lv\/","logo":{"@type":"ImageObject","inLanguage":"lv-LV","@id":"https:\/\/redfoxlotto.com\/lv\/#\/schema\/logo\/image\/","url":"https:\/\/redfoxlotto.com\/wp-content\/uploads\/2023\/04\/logo.png","contentUrl":"https:\/\/redfoxlotto.com\/wp-content\/uploads\/2023\/04\/logo.png","width":269,"height":53,"caption":"Get Tickets for the World\u2019s largest jackpots"},"image":{"@id":"https:\/\/redfoxlotto.com\/lv\/#\/schema\/logo\/image\/"}}]}},"_links":{"self":[{"href":"https:\/\/redfoxlotto.com\/lv\/wp-json\/wp\/v2\/pages\/68311","targetHints":{"allow":["GET"]}}],"collection":[{"href":"https:\/\/redfoxlotto.com\/lv\/wp-json\/wp\/v2\/pages"}],"about":[{"href":"https:\/\/redfoxlotto.com\/lv\/wp-json\/wp\/v2\/types\/page"}],"author":[{"embeddable":true,"href":"https:\/\/redfoxlotto.com\/lv\/wp-json\/wp\/v2\/users\/1"}],"replies":[{"embeddable":true,"href":"https:\/\/redfoxlotto.com\/lv\/wp-json\/wp\/v2\/comments?post=68311"}],"version-history":[{"count":0,"href":"https:\/\/redfoxlotto.com\/lv\/wp-json\/wp\/v2\/pages\/68311\/revisions"}],"wp:attachment":[{"href":"https:\/\/redfoxlotto.com\/lv\/wp-json\/wp\/v2\/media?parent=68311"}],"curies":[{"name":"wp","href":"https:\/\/api.w.org\/{rel}","templated":true}]}}