{"id":60873,"date":"2020-04-16T13:14:59","date_gmt":"2020-04-16T13:14:59","guid":{"rendered":"https:\/\/redfoxlotto.eu\/?page_id=60873"},"modified":"2023-06-01T08:15:48","modified_gmt":"2023-06-01T08:15:48","slug":"lotto-fr","status":"publish","type":"page","link":"https:\/\/redfoxlotto.com\/lv\/rezultati\/lotto-fr\/","title":{"rendered":"Francijas loterijas rezult\u0101ti"},"content":{"rendered":"<p>Vai esat s\u0101cis sp\u0113l\u0113t loteriju tie\u0161saist\u0113 un tagad v\u0113laties p\u0101rliecin\u0101ties, ka laim\u012bgos skait\u013cus varat ieg\u016bt p\u0113c iesp\u0113jas viegl\u0101k? M\u0113s apl\u016bkosim Francijas loterijas rezult\u0101tus un to,<\/p>\n<p><img loading=\"lazy\" decoding=\"async\" class=\" wp-image alignright\" src=\"https:\/\/content.redfoxlotto.com\/uploads\/sites\/9\/1_winning_online_lottery.jpg\" alt=\"Loto Francija\" width=\"160\" height=\"160\" \/><\/p>\n<p>ko tie var\u0113tu noz\u012bm\u0113t jums. Galu gal\u0101, ja j\u016bs sp\u0113l\u0113jat \u0161\u012bs loto sp\u0113les, j\u016bs ta\u010du v\u0113laties b\u016bt p\u0101rliecin\u0101ts, ka rezult\u0101tus uzzin\u0101siet, tikl\u012bdz tie b\u016bs pieejami, vai ne? Tagad to izdar\u012bt ir viegl\u0101k nek\u0101 jebkad agr\u0101k.<\/p>\n<h2>Francijas loterijas rezult\u0101tu atra\u0161ana<\/h2>\n<p>Pirm\u0101 lieta, kas jums j\u0101zina, mekl\u0113jot loterijas rezult\u0101tus tie\u0161saist\u0113, ir t\u0101, kur atrast ofici\u0101los rezult\u0101tus. Ir visda\u017e\u0101d\u0101k\u0101s vietnes, kur\u0101s varat ieskat\u012bties, lai uzzin\u0101tu pla\u0161\u0101ku inform\u0101ciju, ta\u010du vislab\u0101k\u0101 vieta, kur doties, ir tur, kur ieg\u0101d\u0101j\u0101ties bi\u013ceti, vai loterijas, kur\u0101 sp\u0113l\u0113jat, ofici\u0101l\u0101 t\u012bmek\u013ca vietne. Attiec\u012bb\u0101 uz Francijas Loto j\u016bs atrad\u012bsiet vair\u0101kas da\u017e\u0101das iesp\u0113jas un vietas, t\u0101p\u0113c p\u0101rliecinieties, ka mekl\u0113jat vien\u0101 no \u0161\u012bm div\u0101m viet\u0101m vai ka j\u016bs divreiz p\u0101rbaud\u0101t skait\u013cus da\u017e\u0101d\u0101s viet\u0101s.<\/p>\n<h2>Izpratne par balvu l\u012bme\u0146iem<\/h2>\n<p>Kad esat atradis laimesta rezult\u0101tus, j\u016bs v\u0113laties tuv\u0101k apl\u016bkot t\u0101das lietas k\u0101, piem\u0113ram, balvu l\u012bme\u0146u saraksts un to, kuri skait\u013ci jums ir pareizi. Galu gal\u0101 Francijas Lotto sp\u0113l\u0113 l\u012bdzin\u0101s daudz\u0101m cit\u0101m loteriju sp\u0113l\u0113m vis\u0101 pasaul\u0113. Jums vienlaic\u012bgi ir j\u0101atmin visi skait\u013ci, kas \u0161aj\u0101 gad\u012bjum\u0101 ir piecas bumbi\u0146as plus bonuss. Tas b\u016bs sare\u017e\u0123\u012bti, ta\u010du noteikti neb\u016bs neiesp\u0113jami (cilv\u0113ki ta\u010du loterij\u0101 uzvar visu laiku, vai ne?). T\u0101tad, ja jums izdodas pareizi uzmin\u0113t visus \u0161os skait\u013cus un pareizi izv\u0113l\u0113ties bonusa bumbi\u0146u, j\u016bs vinn\u0113siet d\u017eekpotu, kas nep\u0101rtraukti palielin\u0101s.<\/p>\n<p>Ja pareizi uzmin\u0113siet tikai da\u017eus skait\u013cus (pat tikai vienu, ja jums izdodas uzmin\u0113t bonusa bumbu), tad j\u016bs patie\u0161\u0101m vinn\u0113siet balvu. Ja jums izdosies vinn\u0113t tikai bonusu vai pat tad, ja jums izdosies uzmin\u0113t vienu vai divas bumbi\u0146as, j\u016bs daudz laim\u0113t nevar\u0113siet. Ta\u010du, ja jums izdosies ieg\u016bt \u010detras no t\u0101m, j\u016bs ieg\u016bsiet diezgan labu summu, un, ja jums izdosies ieg\u016bt vismaz \u010detras ar bonusa bumbi\u0146u, jums patie\u0161\u0101m veiksies labi. Paties\u012bb\u0101, ja ar bonusa bumbi\u0146u jums izdosies pareizi uzmin\u0113t tikai \u010detras bumbi\u0146as, j\u016bs sa\u0146emsiet liel\u0101ku vinnestu nek\u0101 tad, ja pareizi uzmin\u0113siet piecas bumbi\u0146as bez bonusa.<\/p>\n<h2>J\u016bsu iecien\u012bt\u0101ko sp\u0113\u013cu sp\u0113l\u0113\u0161ana<\/h2>\n<p>Ja v\u0113laties atrast Francijas loterijas rezult\u0101tus, vissvar\u012bg\u0101kais ir mekl\u0113t pareizaj\u0101s viet\u0101s. Rezult\u0101ti tiek izloz\u0113ti katru pirmdienu, tre\u0161dienu un sestdienu, un tas noz\u012bm\u0113, ka<\/p>\n<p><img decoding=\"async\" class=\" wp-image alignright\" src=\"https:\/\/content.redfoxlotto.com\/uploads\/sites\/9\/1_lotto_money_win.jpg\" alt=\"rezult\u0101ti\" \/><\/p>\n<p>jums b\u016bs daudz iesp\u0113ju laim\u0113t, turkl\u0101t d\u017eekpots katru dienu tikai pieaug, t\u0101p\u0113c, ja j\u016bs to neizloz\u0113jat \u0161odien, jau p\u0113c da\u017e\u0101m dien\u0101m j\u016bs varat k\u013c\u016bt par lielo laim\u0113t\u0101ju!<\/p>\n","protected":false},"excerpt":{"rendered":"<p>Vai esat s\u0101cis sp\u0113l\u0113t loteriju tie\u0161saist\u0113 un tagad v\u0113laties p\u0101rliecin\u0101ties, ka laim\u012bgos skait\u013cus varat ieg\u016bt p\u0113c iesp\u0113jas viegl\u0101k? M\u0113s apl\u016bkosim Francijas loterijas rezult\u0101tus un to, ko tie var\u0113tu noz\u012bm\u0113t jums. Galu gal\u0101, ja j\u016bs sp\u0113l\u0113jat \u0161\u012bs loto sp\u0113les, j\u016bs ta\u010du v\u0113laties b\u016bt p\u0101rliecin\u0101ts, ka rezult\u0101tus uzzin\u0101siet, tikl\u012bdz tie b\u016bs pieejami, vai ne? Tagad to izdar\u012bt [&hellip;]<\/p>\n","protected":false},"author":1,"featured_media":0,"parent":17007,"menu_order":32,"comment_status":"closed","ping_status":"closed","template":"lotto-fr-results.php","meta":{"_et_pb_use_builder":"","_et_pb_old_content":"","_et_gb_content_width":"","exclude_from_search":false,"footnotes":""},"class_list":["post-60873","page","type-page","status-publish","hentry"],"yoast_head":"<!-- This site is optimized with the Yoast SEO plugin v23.8 - https:\/\/yoast.com\/wordpress\/plugins\/seo\/ -->\n<title>Francijas loterijas rezult\u0101tu atra\u0161ana<\/title>\n<meta name=\"description\" content=\"Francijas loterijas rezult\u0101tu atra\u0161ana ir vienk\u0101r\u0161a un viegla, jo viss, kas jums j\u0101dara, ir p\u0101rbaud\u012bt tos \u0161eit\" \/>\n<meta name=\"robots\" content=\"index, follow, max-snippet:-1, max-image-preview:large, max-video-preview:-1\" \/>\n<link rel=\"canonical\" href=\"https:\/\/redfoxlotto.com\/lv\/rezultati\/lotto-fr\/\" \/>\n<meta property=\"og:locale\" content=\"lv_LV\" \/>\n<meta property=\"og:type\" content=\"article\" \/>\n<meta property=\"og:title\" content=\"Francijas loterijas rezult\u0101tu atra\u0161ana\" \/>\n<meta property=\"og:description\" content=\"Francijas loterijas rezult\u0101tu atra\u0161ana ir vienk\u0101r\u0161a un viegla, jo viss, kas jums j\u0101dara, ir p\u0101rbaud\u012bt tos \u0161eit\" \/>\n<meta property=\"og:url\" content=\"https:\/\/redfoxlotto.com\/lv\/rezultati\/lotto-fr\/\" \/>\n<meta property=\"og:site_name\" content=\"Get Tickets for the World\u2019s largest jackpots\" \/>\n<meta property=\"article:modified_time\" content=\"2023-06-01T08:15:48+00:00\" \/>\n<meta property=\"og:image\" content=\"https:\/\/content.redfoxlotto.com\/uploads\/sites\/9\/1_winning_online_lottery.jpg\" \/>\n<meta name=\"twitter:card\" content=\"summary_large_image\" \/>\n<meta name=\"twitter:label1\" content=\"Est. reading time\" \/>\n\t<meta name=\"twitter:data1\" content=\"2 minutes\" \/>\n<script type=\"application\/ld+json\" class=\"yoast-schema-graph\">{\"@context\":\"https:\/\/schema.org\",\"@graph\":[{\"@type\":\"WebPage\",\"@id\":\"https:\/\/redfoxlotto.com\/lv\/rezultati\/lotto-fr\/\",\"url\":\"https:\/\/redfoxlotto.com\/lv\/rezultati\/lotto-fr\/\",\"name\":\"Francijas loterijas rezult\u0101tu atra\u0161ana\",\"isPartOf\":{\"@id\":\"https:\/\/redfoxlotto.com\/lv\/#website\"},\"primaryImageOfPage\":{\"@id\":\"https:\/\/redfoxlotto.com\/lv\/rezultati\/lotto-fr\/#primaryimage\"},\"image\":{\"@id\":\"https:\/\/redfoxlotto.com\/lv\/rezultati\/lotto-fr\/#primaryimage\"},\"thumbnailUrl\":\"https:\/\/content.redfoxlotto.com\/uploads\/sites\/9\/1_winning_online_lottery.jpg\",\"datePublished\":\"2020-04-16T13:14:59+00:00\",\"dateModified\":\"2023-06-01T08:15:48+00:00\",\"description\":\"Francijas loterijas rezult\u0101tu atra\u0161ana ir vienk\u0101r\u0161a un viegla, jo viss, kas jums j\u0101dara, ir p\u0101rbaud\u012bt tos \u0161eit\",\"breadcrumb\":{\"@id\":\"https:\/\/redfoxlotto.com\/lv\/rezultati\/lotto-fr\/#breadcrumb\"},\"inLanguage\":\"lv-LV\",\"potentialAction\":[{\"@type\":\"ReadAction\",\"target\":[\"https:\/\/redfoxlotto.com\/lv\/rezultati\/lotto-fr\/\"]}]},{\"@type\":\"ImageObject\",\"inLanguage\":\"lv-LV\",\"@id\":\"https:\/\/redfoxlotto.com\/lv\/rezultati\/lotto-fr\/#primaryimage\",\"url\":\"https:\/\/content.redfoxlotto.com\/uploads\/sites\/9\/1_winning_online_lottery.jpg\",\"contentUrl\":\"https:\/\/content.redfoxlotto.com\/uploads\/sites\/9\/1_winning_online_lottery.jpg\"},{\"@type\":\"BreadcrumbList\",\"@id\":\"https:\/\/redfoxlotto.com\/lv\/rezultati\/lotto-fr\/#breadcrumb\",\"itemListElement\":[{\"@type\":\"ListItem\",\"position\":1,\"name\":\"Home\",\"item\":\"https:\/\/redfoxlotto.com\/lv\/\"},{\"@type\":\"ListItem\",\"position\":2,\"name\":\"Starptautisko loteriju rezult\u0101ti\",\"item\":\"https:\/\/redfoxlotto.com\/lv\/rezultati\/\"},{\"@type\":\"ListItem\",\"position\":3,\"name\":\"Francijas loterijas rezult\u0101ti\"}]},{\"@type\":\"WebSite\",\"@id\":\"https:\/\/redfoxlotto.com\/lv\/#website\",\"url\":\"https:\/\/redfoxlotto.com\/lv\/\",\"name\":\"Get Tickets for the World\u2019s largest jackpots\",\"description\":\"Participate in worldwide lottery jackpots from any country\",\"publisher\":{\"@id\":\"https:\/\/redfoxlotto.com\/lv\/#organization\"},\"potentialAction\":[{\"@type\":\"SearchAction\",\"target\":{\"@type\":\"EntryPoint\",\"urlTemplate\":\"https:\/\/redfoxlotto.com\/lv\/?s={search_term_string}\"},\"query-input\":{\"@type\":\"PropertyValueSpecification\",\"valueRequired\":true,\"valueName\":\"search_term_string\"}}],\"inLanguage\":\"lv-LV\"},{\"@type\":\"Organization\",\"@id\":\"https:\/\/redfoxlotto.com\/lv\/#organization\",\"name\":\"Get Tickets for the World\u2019s largest jackpots\",\"url\":\"https:\/\/redfoxlotto.com\/lv\/\",\"logo\":{\"@type\":\"ImageObject\",\"inLanguage\":\"lv-LV\",\"@id\":\"https:\/\/redfoxlotto.com\/lv\/#\/schema\/logo\/image\/\",\"url\":\"https:\/\/redfoxlotto.com\/wp-content\/uploads\/2023\/04\/logo.png\",\"contentUrl\":\"https:\/\/redfoxlotto.com\/wp-content\/uploads\/2023\/04\/logo.png\",\"width\":269,\"height\":53,\"caption\":\"Get Tickets for the World\u2019s largest jackpots\"},\"image\":{\"@id\":\"https:\/\/redfoxlotto.com\/lv\/#\/schema\/logo\/image\/\"}}]}<\/script>\n<!-- \/ Yoast SEO plugin. -->","yoast_head_json":{"title":"Francijas loterijas rezult\u0101tu atra\u0161ana","description":"Francijas loterijas rezult\u0101tu atra\u0161ana ir vienk\u0101r\u0161a un viegla, jo viss, kas jums j\u0101dara, ir p\u0101rbaud\u012bt tos \u0161eit","robots":{"index":"index","follow":"follow","max-snippet":"max-snippet:-1","max-image-preview":"max-image-preview:large","max-video-preview":"max-video-preview:-1"},"canonical":"https:\/\/redfoxlotto.com\/lv\/rezultati\/lotto-fr\/","og_locale":"lv_LV","og_type":"article","og_title":"Francijas loterijas rezult\u0101tu atra\u0161ana","og_description":"Francijas loterijas rezult\u0101tu atra\u0161ana ir vienk\u0101r\u0161a un viegla, jo viss, kas jums j\u0101dara, ir p\u0101rbaud\u012bt tos \u0161eit","og_url":"https:\/\/redfoxlotto.com\/lv\/rezultati\/lotto-fr\/","og_site_name":"Get Tickets for the World\u2019s largest jackpots","article_modified_time":"2023-06-01T08:15:48+00:00","og_image":[{"url":"https:\/\/content.redfoxlotto.com\/uploads\/sites\/9\/1_winning_online_lottery.jpg"}],"twitter_card":"summary_large_image","twitter_misc":{"Est. reading time":"2 minutes"},"schema":{"@context":"https:\/\/schema.org","@graph":[{"@type":"WebPage","@id":"https:\/\/redfoxlotto.com\/lv\/rezultati\/lotto-fr\/","url":"https:\/\/redfoxlotto.com\/lv\/rezultati\/lotto-fr\/","name":"Francijas loterijas rezult\u0101tu atra\u0161ana","isPartOf":{"@id":"https:\/\/redfoxlotto.com\/lv\/#website"},"primaryImageOfPage":{"@id":"https:\/\/redfoxlotto.com\/lv\/rezultati\/lotto-fr\/#primaryimage"},"image":{"@id":"https:\/\/redfoxlotto.com\/lv\/rezultati\/lotto-fr\/#primaryimage"},"thumbnailUrl":"https:\/\/content.redfoxlotto.com\/uploads\/sites\/9\/1_winning_online_lottery.jpg","datePublished":"2020-04-16T13:14:59+00:00","dateModified":"2023-06-01T08:15:48+00:00","description":"Francijas loterijas rezult\u0101tu atra\u0161ana ir vienk\u0101r\u0161a un viegla, jo viss, kas jums j\u0101dara, ir p\u0101rbaud\u012bt tos \u0161eit","breadcrumb":{"@id":"https:\/\/redfoxlotto.com\/lv\/rezultati\/lotto-fr\/#breadcrumb"},"inLanguage":"lv-LV","potentialAction":[{"@type":"ReadAction","target":["https:\/\/redfoxlotto.com\/lv\/rezultati\/lotto-fr\/"]}]},{"@type":"ImageObject","inLanguage":"lv-LV","@id":"https:\/\/redfoxlotto.com\/lv\/rezultati\/lotto-fr\/#primaryimage","url":"https:\/\/content.redfoxlotto.com\/uploads\/sites\/9\/1_winning_online_lottery.jpg","contentUrl":"https:\/\/content.redfoxlotto.com\/uploads\/sites\/9\/1_winning_online_lottery.jpg"},{"@type":"BreadcrumbList","@id":"https:\/\/redfoxlotto.com\/lv\/rezultati\/lotto-fr\/#breadcrumb","itemListElement":[{"@type":"ListItem","position":1,"name":"Home","item":"https:\/\/redfoxlotto.com\/lv\/"},{"@type":"ListItem","position":2,"name":"Starptautisko loteriju rezult\u0101ti","item":"https:\/\/redfoxlotto.com\/lv\/rezultati\/"},{"@type":"ListItem","position":3,"name":"Francijas loterijas rezult\u0101ti"}]},{"@type":"WebSite","@id":"https:\/\/redfoxlotto.com\/lv\/#website","url":"https:\/\/redfoxlotto.com\/lv\/","name":"Get Tickets for the World\u2019s largest jackpots","description":"Participate in worldwide lottery jackpots from any country","publisher":{"@id":"https:\/\/redfoxlotto.com\/lv\/#organization"},"potentialAction":[{"@type":"SearchAction","target":{"@type":"EntryPoint","urlTemplate":"https:\/\/redfoxlotto.com\/lv\/?s={search_term_string}"},"query-input":{"@type":"PropertyValueSpecification","valueRequired":true,"valueName":"search_term_string"}}],"inLanguage":"lv-LV"},{"@type":"Organization","@id":"https:\/\/redfoxlotto.com\/lv\/#organization","name":"Get Tickets for the World\u2019s largest jackpots","url":"https:\/\/redfoxlotto.com\/lv\/","logo":{"@type":"ImageObject","inLanguage":"lv-LV","@id":"https:\/\/redfoxlotto.com\/lv\/#\/schema\/logo\/image\/","url":"https:\/\/redfoxlotto.com\/wp-content\/uploads\/2023\/04\/logo.png","contentUrl":"https:\/\/redfoxlotto.com\/wp-content\/uploads\/2023\/04\/logo.png","width":269,"height":53,"caption":"Get Tickets for the World\u2019s largest jackpots"},"image":{"@id":"https:\/\/redfoxlotto.com\/lv\/#\/schema\/logo\/image\/"}}]}},"_links":{"self":[{"href":"https:\/\/redfoxlotto.com\/lv\/wp-json\/wp\/v2\/pages\/60873","targetHints":{"allow":["GET"]}}],"collection":[{"href":"https:\/\/redfoxlotto.com\/lv\/wp-json\/wp\/v2\/pages"}],"about":[{"href":"https:\/\/redfoxlotto.com\/lv\/wp-json\/wp\/v2\/types\/page"}],"author":[{"embeddable":true,"href":"https:\/\/redfoxlotto.com\/lv\/wp-json\/wp\/v2\/users\/1"}],"replies":[{"embeddable":true,"href":"https:\/\/redfoxlotto.com\/lv\/wp-json\/wp\/v2\/comments?post=60873"}],"version-history":[{"count":0,"href":"https:\/\/redfoxlotto.com\/lv\/wp-json\/wp\/v2\/pages\/60873\/revisions"}],"up":[{"embeddable":true,"href":"https:\/\/redfoxlotto.com\/lv\/wp-json\/wp\/v2\/pages\/17007"}],"wp:attachment":[{"href":"https:\/\/redfoxlotto.com\/lv\/wp-json\/wp\/v2\/media?parent=60873"}],"curies":[{"name":"wp","href":"https:\/\/api.w.org\/{rel}","templated":true}]}}