{"id":60570,"date":"2019-08-09T14:33:52","date_gmt":"2019-08-09T14:33:52","guid":{"rendered":"https:\/\/redfoxlotto.eu\/?page_id=60570"},"modified":"2023-05-30T05:31:41","modified_gmt":"2023-05-30T05:31:41","slug":"lotto-fr","status":"publish","type":"page","link":"https:\/\/redfoxlotto.com\/lv\/informacija\/lotto-fr\/","title":{"rendered":"Par Francijas loteriju"},"content":{"rendered":"<p>Vai mekl\u0113jat jaunu sp\u0113li, ko sp\u0113l\u0113t, bet neesat p\u0101rliecin\u0101ts, kura t\u0101 b\u016btu? Nu, ja j\u016bs joproj\u0101m \u0161aub\u0101ties, tad jums vajadz\u0113tu apskat\u012bt, k\u0101 ieg\u0101d\u0101ties Francijas loterijas bi\u013cetes tie\u0161saist\u0113.<\/p>\n<p>\u0160\u012b b\u016bs viena no j\u016bsu lab\u0101kaj\u0101m izv\u0113l\u0113m, kad uzzin\u0101siet, k\u0101 t\u0101 darbojas, jo t\u0101 b\u016bs vienk\u0101r\u0161a, viegla un jautra ikvienam, kam pat\u012bk loterija. Galu gal\u0101 runa ir par to, lai ieg\u016btu lielos skait\u013cus un, iesp\u0113jams, laim\u0113tu lielo laimestu, vai ne?<\/p>\n<h2>Kur tas s\u0101k\u0101s<\/h2>\n<p>J\u016bs paties\u012bb\u0101 var\u0113tu b\u016bt p\u0101rsteigts, uzzinot, ka loterijas pirms\u0101kumi Francij\u0101 mekl\u0113jami jau 1505. gad\u0101. To s\u0101ka karalis Francisks I kop\u0101 ar saviem pilso\u0146iem, bet laika gait\u0101 sp\u0113le ir turpin\u0101jusi<\/p>\n<p><img decoding=\"async\" class=\" wp-image alignright\" src=\"https:\/\/redfoxlotto.org\/wp-content\/uploads\/2023\/04\/ticket_euromillions1.jpg\" alt=\"tie\u0161saistes bi\u013cete Francijas loterija \" \/><\/p>\n<p>diezgan daudz main\u012bties. Tom\u0113r visp\u0101r\u0113jais process b\u016bs diezgan l\u012bdz\u012bgs tam, ko j\u016bs, iesp\u0113jams, esat redz\u0113ju\u0161i jebkur\u0101 cit\u0101 loterijas sp\u0113l\u0113, ko esat sp\u0113l\u0113ju\u0161i. Un jums b\u016bs iesp\u0113ja sp\u0113l\u0113t par diezgan lab\u0101m balv\u0101m, kas noteikti b\u016bs svar\u012bgs aspekts, vai ne?<\/p>\n<h2>K\u0101 tas darbojas<\/h2>\n<p>Francijas loterij\u0101 izlozes notiek tr\u012bs dienas ned\u0113\u013c\u0101, t\u0101p\u0113c jums b\u016bs daudz iesp\u0113ju sp\u0113l\u0113t. Katru pirmdienu, tre\u0161dienu un sestdienu tiek r\u012bkota jauna izloze, un tas padara \u0161o loteriju par vienu no bie\u017e\u0101k izloz\u0113tajiem d\u017eekpotiem. Tas ir v\u0113l svar\u012bg\u0101k, ja padom\u0101, ka d\u017eekpots \u0161eit b\u016bs viens no liel\u0101kajiem. Ja parast\u0101s ikdienas loterijas d\u017eekpots ir diezgan mazs, bet ikned\u0113\u013cas vai divned\u0113\u013cas izlozes ir diezgan lielas, tad \u0161is d\u017eekpots p\u0113c t\u0101, cik bie\u017ei tas tiek izloz\u0113ts, b\u016bs tuv\u0101k lielo d\u017eekpotu kategorijai.<\/p>\n<p>Papildus izlozes bie\u017eumam sp\u0113le ir \u013coti vienk\u0101r\u0161a. J\u016bs vinn\u0113siet, ja jums b\u016bs pareizi izloz\u0113ti visi pieci skait\u013ci un ja jums b\u016bs pareizi izloz\u0113ta bonusa bumbi\u0146a. T\u0101tad tiks izloz\u0113ti se\u0161i da\u017e\u0101di skait\u013ci, un j\u016bs varat vinn\u0113t lielo d\u017eekpotu, kas parasti ir 2 000 000 eiro. T\u0101 noteikti b\u016bs laba naudas summa, vai ne? No t\u0101s s\u0101kas d\u017eekpots, un t\u0101l\u0101k tas turpina pieaugt. Tas noz\u012bm\u0113, ka vienm\u0113r ir liela iesp\u0113ja, ka j\u016bs vinn\u0113siet vair\u0101k.<\/p>\n<h2>Izv\u0113l\u0113ties savus skait\u013cus<\/h2>\n<p>Ir vair\u0101ki veidi, k\u0101 J\u016bs varat izv\u0113l\u0113ties skait\u013cus, kurus v\u0113laties sp\u0113l\u0113t. Paties\u012bb\u0101 tas b\u016bs atkar\u012bgs tikai no jums, l\u012bdz\u012bgi k\u0101 tad, ja j\u016bs ietu sp\u0113l\u0113t uz st\u016bra eso\u0161aj\u0101 veikal\u0101. J\u016bs varat aizpild\u012bt &#8220;talonu&#8221; ar v\u0113lamajiem numuriem vai ar\u012b varat izv\u0113l\u0113ties vienk\u0101r\u0161i &#8220;vieglu izv\u0113li&#8221;. Ja j\u016bs aizpild\u0101t savus numurus, jums ir garant\u0113ts, ka b\u016bs tie numuri, kurus j\u016bs v\u0113l\u0113j\u0101ties. No otras puses, &#8220;viegla izv\u0113le&#8221; noz\u012bm\u0113, ka sp\u0113\u013cu autom\u0101ts jums autom\u0101tiski \u0123ener\u0113s numurus.<\/p>\n<h2>K\u0101 uzvar\u0113t<\/h2>\n<p>Kad runa ir par to, k\u0101 patie\u0161\u0101m kaut ko vinn\u0113t, jums \u0161ie skait\u013ci ir j\u0101apl\u016bko r\u016bp\u012bg\u0101k. Kam\u0113r vien jums b\u016bs bonusa skaitlis, j\u016bs kaut ko vinn\u0113siet. Ja jums izdosies ieg\u016bt divus no parastajiem skait\u013ciem, bet ne bonusa skaitli, j\u016bs ar\u012b kaut ko vinn\u0113siet. Un ar katru papildu skaitli,<\/p>\n<p><img decoding=\"async\" class=\" wp-image-5380 alignright\" src=\"https:\/\/content.redfoxlotto.com\/uploads\/sites\/9\/jackpot_lottery_online.jpg\" alt=\"bi\u013cetes Francijas loto\" width=\"250&quot;\" height=\"125\" \/><\/p>\n<p>kas p\u0101rsniedz \u0161o skaitli, j\u016bs vinn\u0113siet v\u0113l nedaudz vair\u0101k un v\u0113l nedaudz vair\u0101k. Vislab\u0101kais veids, k\u0101 vinn\u0113t, b\u016bs ar \u010detriem skait\u013ciem plus bonusu vai ar visiem pieciem skait\u013ciem plus bonusu. Ja jums ir tikai pieci skait\u013ci bez bonusa, tas paties\u012bb\u0101 nav tik labs laimests.<\/p>\n<h2>K\u0101 ieg\u0101d\u0101ties Francijas loterijas bi\u013cetes tie\u0161saist\u0113?<\/h2>\n<p>Kad esat gatavs pirkt, pirm\u0101 lieta, kas jums ir nepiecie\u0161ama, ir vieta, kur to izdar\u012bt. J\u016bs nevar\u0113siet aiziet l\u012bdz viet\u0113jam veikalam t\u0101, k\u0101 j\u016bs var\u0113tu aiziet l\u012bdz viet\u0113jam veikalam, kad jums rad\u012bsies noska\u0146ojums uz k\u0101du no viet\u0113j\u0101m sp\u0113l\u0113m. T\u0101 viet\u0101 jums b\u016bs j\u0101dodas uz internetu un j\u0101atrod cien\u012bjams tirgot\u0101js, kas var jums pal\u012bdz\u0113t (kas jums nevajadz\u0113tu sag\u0101d\u0101t probl\u0113mas, vai ne, j\u016bs jau esat \u0161eit). Turkl\u0101t j\u016bs var\u0113siet sa\u0146emt visas t\u0101s pa\u0161as priek\u0161roc\u012bbas, ko j\u016bs var\u0113tu sa\u0146emt, ja dz\u012bvotu Francij\u0101 un var\u0113tu ieg\u0101d\u0101ties bi\u013cetes uz vietas. T\u0101tad jums nekas nav j\u0101zupur\u0113.<\/p>\n","protected":false},"excerpt":{"rendered":"<p>Vai mekl\u0113jat jaunu sp\u0113li, ko sp\u0113l\u0113t, bet neesat p\u0101rliecin\u0101ts, kura t\u0101 b\u016btu? Nu, ja j\u016bs joproj\u0101m \u0161aub\u0101ties, tad jums vajadz\u0113tu apskat\u012bt, k\u0101 ieg\u0101d\u0101ties Francijas loterijas bi\u013cetes tie\u0161saist\u0113. \u0160\u012b b\u016bs viena no j\u016bsu lab\u0101kaj\u0101m izv\u0113l\u0113m, kad uzzin\u0101siet, k\u0101 t\u0101 darbojas, jo t\u0101 b\u016bs vienk\u0101r\u0161a, viegla un jautra ikvienam, kam pat\u012bk loterija. Galu gal\u0101 runa ir par [&hellip;]<\/p>\n","protected":false},"author":1,"featured_media":0,"parent":16999,"menu_order":31,"comment_status":"closed","ping_status":"closed","template":"lotto-fr-info.php","meta":{"_et_pb_use_builder":"","_et_pb_old_content":"","_et_gb_content_width":"","exclude_from_search":false,"footnotes":""},"class_list":["post-60570","page","type-page","status-publish","hentry"],"yoast_head":"<!-- This site is optimized with the Yoast SEO plugin v23.8 - https:\/\/yoast.com\/wordpress\/plugins\/seo\/ -->\n<title>K\u0101 ieg\u0101d\u0101ties Francijas loterijas bi\u013cetes tie\u0161saist\u0113<\/title>\n<meta name=\"description\" content=\"Vai esat gatavi ieg\u0101d\u0101ties Francijas loterijas bi\u013cetes tie\u0161saist\u0113? \u0160eit atrad\u012bsi visu, kas tev par to j\u0101zina!\" \/>\n<meta name=\"robots\" content=\"index, follow, max-snippet:-1, max-image-preview:large, max-video-preview:-1\" \/>\n<link rel=\"canonical\" href=\"https:\/\/redfoxlotto.com\/lv\/informacija\/lotto-fr\/\" \/>\n<meta property=\"og:locale\" content=\"lv_LV\" \/>\n<meta property=\"og:type\" content=\"article\" \/>\n<meta property=\"og:title\" content=\"K\u0101 ieg\u0101d\u0101ties Francijas loterijas bi\u013cetes tie\u0161saist\u0113\" \/>\n<meta property=\"og:description\" content=\"Vai esat gatavi ieg\u0101d\u0101ties Francijas loterijas bi\u013cetes tie\u0161saist\u0113? \u0160eit atrad\u012bsi visu, kas tev par to j\u0101zina!\" \/>\n<meta property=\"og:url\" content=\"https:\/\/redfoxlotto.com\/lv\/informacija\/lotto-fr\/\" \/>\n<meta property=\"og:site_name\" content=\"Get Tickets for the World\u2019s largest jackpots\" \/>\n<meta property=\"article:modified_time\" content=\"2023-05-30T05:31:41+00:00\" \/>\n<meta property=\"og:image\" content=\"https:\/\/redfoxlotto.org\/wp-content\/uploads\/2023\/04\/ticket_euromillions1.jpg\" \/>\n<meta name=\"twitter:card\" content=\"summary_large_image\" \/>\n<meta name=\"twitter:label1\" content=\"Est. reading time\" \/>\n\t<meta name=\"twitter:data1\" content=\"3 minutes\" \/>\n<script type=\"application\/ld+json\" class=\"yoast-schema-graph\">{\"@context\":\"https:\/\/schema.org\",\"@graph\":[{\"@type\":\"WebPage\",\"@id\":\"https:\/\/redfoxlotto.com\/lv\/informacija\/lotto-fr\/\",\"url\":\"https:\/\/redfoxlotto.com\/lv\/informacija\/lotto-fr\/\",\"name\":\"K\u0101 ieg\u0101d\u0101ties Francijas loterijas bi\u013cetes tie\u0161saist\u0113\",\"isPartOf\":{\"@id\":\"https:\/\/redfoxlotto.com\/lv\/#website\"},\"primaryImageOfPage\":{\"@id\":\"https:\/\/redfoxlotto.com\/lv\/informacija\/lotto-fr\/#primaryimage\"},\"image\":{\"@id\":\"https:\/\/redfoxlotto.com\/lv\/informacija\/lotto-fr\/#primaryimage\"},\"thumbnailUrl\":\"https:\/\/redfoxlotto.org\/wp-content\/uploads\/2023\/04\/ticket_euromillions1.jpg\",\"datePublished\":\"2019-08-09T14:33:52+00:00\",\"dateModified\":\"2023-05-30T05:31:41+00:00\",\"description\":\"Vai esat gatavi ieg\u0101d\u0101ties Francijas loterijas bi\u013cetes tie\u0161saist\u0113? \u0160eit atrad\u012bsi visu, kas tev par to j\u0101zina!\",\"breadcrumb\":{\"@id\":\"https:\/\/redfoxlotto.com\/lv\/informacija\/lotto-fr\/#breadcrumb\"},\"inLanguage\":\"lv-LV\",\"potentialAction\":[{\"@type\":\"ReadAction\",\"target\":[\"https:\/\/redfoxlotto.com\/lv\/informacija\/lotto-fr\/\"]}]},{\"@type\":\"ImageObject\",\"inLanguage\":\"lv-LV\",\"@id\":\"https:\/\/redfoxlotto.com\/lv\/informacija\/lotto-fr\/#primaryimage\",\"url\":\"https:\/\/redfoxlotto.org\/wp-content\/uploads\/2023\/04\/ticket_euromillions1.jpg\",\"contentUrl\":\"https:\/\/redfoxlotto.org\/wp-content\/uploads\/2023\/04\/ticket_euromillions1.jpg\"},{\"@type\":\"BreadcrumbList\",\"@id\":\"https:\/\/redfoxlotto.com\/lv\/informacija\/lotto-fr\/#breadcrumb\",\"itemListElement\":[{\"@type\":\"ListItem\",\"position\":1,\"name\":\"Home\",\"item\":\"https:\/\/redfoxlotto.com\/lv\/\"},{\"@type\":\"ListItem\",\"position\":2,\"name\":\"K\u0101 ieg\u0101d\u0101ties tie\u0161saistes loteriju bi\u013cetes \u2013 ieg\u0101des process\",\"item\":\"https:\/\/redfoxlotto.com\/lv\/informacija\/\"},{\"@type\":\"ListItem\",\"position\":3,\"name\":\"Par Francijas loteriju\"}]},{\"@type\":\"WebSite\",\"@id\":\"https:\/\/redfoxlotto.com\/lv\/#website\",\"url\":\"https:\/\/redfoxlotto.com\/lv\/\",\"name\":\"Get Tickets for the World\u2019s largest jackpots\",\"description\":\"Participate in worldwide lottery jackpots from any country\",\"publisher\":{\"@id\":\"https:\/\/redfoxlotto.com\/lv\/#organization\"},\"potentialAction\":[{\"@type\":\"SearchAction\",\"target\":{\"@type\":\"EntryPoint\",\"urlTemplate\":\"https:\/\/redfoxlotto.com\/lv\/?s={search_term_string}\"},\"query-input\":{\"@type\":\"PropertyValueSpecification\",\"valueRequired\":true,\"valueName\":\"search_term_string\"}}],\"inLanguage\":\"lv-LV\"},{\"@type\":\"Organization\",\"@id\":\"https:\/\/redfoxlotto.com\/lv\/#organization\",\"name\":\"Get Tickets for the World\u2019s largest jackpots\",\"url\":\"https:\/\/redfoxlotto.com\/lv\/\",\"logo\":{\"@type\":\"ImageObject\",\"inLanguage\":\"lv-LV\",\"@id\":\"https:\/\/redfoxlotto.com\/lv\/#\/schema\/logo\/image\/\",\"url\":\"https:\/\/redfoxlotto.com\/wp-content\/uploads\/2023\/04\/logo.png\",\"contentUrl\":\"https:\/\/redfoxlotto.com\/wp-content\/uploads\/2023\/04\/logo.png\",\"width\":269,\"height\":53,\"caption\":\"Get Tickets for the World\u2019s largest jackpots\"},\"image\":{\"@id\":\"https:\/\/redfoxlotto.com\/lv\/#\/schema\/logo\/image\/\"}}]}<\/script>\n<!-- \/ Yoast SEO plugin. -->","yoast_head_json":{"title":"K\u0101 ieg\u0101d\u0101ties Francijas loterijas bi\u013cetes tie\u0161saist\u0113","description":"Vai esat gatavi ieg\u0101d\u0101ties Francijas loterijas bi\u013cetes tie\u0161saist\u0113? \u0160eit atrad\u012bsi visu, kas tev par to j\u0101zina!","robots":{"index":"index","follow":"follow","max-snippet":"max-snippet:-1","max-image-preview":"max-image-preview:large","max-video-preview":"max-video-preview:-1"},"canonical":"https:\/\/redfoxlotto.com\/lv\/informacija\/lotto-fr\/","og_locale":"lv_LV","og_type":"article","og_title":"K\u0101 ieg\u0101d\u0101ties Francijas loterijas bi\u013cetes tie\u0161saist\u0113","og_description":"Vai esat gatavi ieg\u0101d\u0101ties Francijas loterijas bi\u013cetes tie\u0161saist\u0113? \u0160eit atrad\u012bsi visu, kas tev par to j\u0101zina!","og_url":"https:\/\/redfoxlotto.com\/lv\/informacija\/lotto-fr\/","og_site_name":"Get Tickets for the World\u2019s largest jackpots","article_modified_time":"2023-05-30T05:31:41+00:00","og_image":[{"url":"https:\/\/redfoxlotto.org\/wp-content\/uploads\/2023\/04\/ticket_euromillions1.jpg"}],"twitter_card":"summary_large_image","twitter_misc":{"Est. reading time":"3 minutes"},"schema":{"@context":"https:\/\/schema.org","@graph":[{"@type":"WebPage","@id":"https:\/\/redfoxlotto.com\/lv\/informacija\/lotto-fr\/","url":"https:\/\/redfoxlotto.com\/lv\/informacija\/lotto-fr\/","name":"K\u0101 ieg\u0101d\u0101ties Francijas loterijas bi\u013cetes tie\u0161saist\u0113","isPartOf":{"@id":"https:\/\/redfoxlotto.com\/lv\/#website"},"primaryImageOfPage":{"@id":"https:\/\/redfoxlotto.com\/lv\/informacija\/lotto-fr\/#primaryimage"},"image":{"@id":"https:\/\/redfoxlotto.com\/lv\/informacija\/lotto-fr\/#primaryimage"},"thumbnailUrl":"https:\/\/redfoxlotto.org\/wp-content\/uploads\/2023\/04\/ticket_euromillions1.jpg","datePublished":"2019-08-09T14:33:52+00:00","dateModified":"2023-05-30T05:31:41+00:00","description":"Vai esat gatavi ieg\u0101d\u0101ties Francijas loterijas bi\u013cetes tie\u0161saist\u0113? \u0160eit atrad\u012bsi visu, kas tev par to j\u0101zina!","breadcrumb":{"@id":"https:\/\/redfoxlotto.com\/lv\/informacija\/lotto-fr\/#breadcrumb"},"inLanguage":"lv-LV","potentialAction":[{"@type":"ReadAction","target":["https:\/\/redfoxlotto.com\/lv\/informacija\/lotto-fr\/"]}]},{"@type":"ImageObject","inLanguage":"lv-LV","@id":"https:\/\/redfoxlotto.com\/lv\/informacija\/lotto-fr\/#primaryimage","url":"https:\/\/redfoxlotto.org\/wp-content\/uploads\/2023\/04\/ticket_euromillions1.jpg","contentUrl":"https:\/\/redfoxlotto.org\/wp-content\/uploads\/2023\/04\/ticket_euromillions1.jpg"},{"@type":"BreadcrumbList","@id":"https:\/\/redfoxlotto.com\/lv\/informacija\/lotto-fr\/#breadcrumb","itemListElement":[{"@type":"ListItem","position":1,"name":"Home","item":"https:\/\/redfoxlotto.com\/lv\/"},{"@type":"ListItem","position":2,"name":"K\u0101 ieg\u0101d\u0101ties tie\u0161saistes loteriju bi\u013cetes \u2013 ieg\u0101des process","item":"https:\/\/redfoxlotto.com\/lv\/informacija\/"},{"@type":"ListItem","position":3,"name":"Par Francijas loteriju"}]},{"@type":"WebSite","@id":"https:\/\/redfoxlotto.com\/lv\/#website","url":"https:\/\/redfoxlotto.com\/lv\/","name":"Get Tickets for the World\u2019s largest jackpots","description":"Participate in worldwide lottery jackpots from any country","publisher":{"@id":"https:\/\/redfoxlotto.com\/lv\/#organization"},"potentialAction":[{"@type":"SearchAction","target":{"@type":"EntryPoint","urlTemplate":"https:\/\/redfoxlotto.com\/lv\/?s={search_term_string}"},"query-input":{"@type":"PropertyValueSpecification","valueRequired":true,"valueName":"search_term_string"}}],"inLanguage":"lv-LV"},{"@type":"Organization","@id":"https:\/\/redfoxlotto.com\/lv\/#organization","name":"Get Tickets for the World\u2019s largest jackpots","url":"https:\/\/redfoxlotto.com\/lv\/","logo":{"@type":"ImageObject","inLanguage":"lv-LV","@id":"https:\/\/redfoxlotto.com\/lv\/#\/schema\/logo\/image\/","url":"https:\/\/redfoxlotto.com\/wp-content\/uploads\/2023\/04\/logo.png","contentUrl":"https:\/\/redfoxlotto.com\/wp-content\/uploads\/2023\/04\/logo.png","width":269,"height":53,"caption":"Get Tickets for the World\u2019s largest jackpots"},"image":{"@id":"https:\/\/redfoxlotto.com\/lv\/#\/schema\/logo\/image\/"}}]}},"_links":{"self":[{"href":"https:\/\/redfoxlotto.com\/lv\/wp-json\/wp\/v2\/pages\/60570","targetHints":{"allow":["GET"]}}],"collection":[{"href":"https:\/\/redfoxlotto.com\/lv\/wp-json\/wp\/v2\/pages"}],"about":[{"href":"https:\/\/redfoxlotto.com\/lv\/wp-json\/wp\/v2\/types\/page"}],"author":[{"embeddable":true,"href":"https:\/\/redfoxlotto.com\/lv\/wp-json\/wp\/v2\/users\/1"}],"replies":[{"embeddable":true,"href":"https:\/\/redfoxlotto.com\/lv\/wp-json\/wp\/v2\/comments?post=60570"}],"version-history":[{"count":0,"href":"https:\/\/redfoxlotto.com\/lv\/wp-json\/wp\/v2\/pages\/60570\/revisions"}],"up":[{"embeddable":true,"href":"https:\/\/redfoxlotto.com\/lv\/wp-json\/wp\/v2\/pages\/16999"}],"wp:attachment":[{"href":"https:\/\/redfoxlotto.com\/lv\/wp-json\/wp\/v2\/media?parent=60570"}],"curies":[{"name":"wp","href":"https:\/\/api.w.org\/{rel}","templated":true}]}}