{"id":55254,"date":"2019-08-09T14:24:22","date_gmt":"2019-08-09T14:24:22","guid":{"rendered":"https:\/\/redfoxlotto.com\/?page_id=36456"},"modified":"2026-01-11T10:47:28","modified_gmt":"2026-01-11T10:47:28","slug":"lotto-fr","status":"publish","type":"page","link":"https:\/\/redfoxlotto.com\/lv\/spelet\/lotto-fr\/","title":{"rendered":"Sp\u0113l\u0113t French Lotto tie\u0161saist\u0113"},"content":{"rendered":"<p>Vai esat gatavi sp\u0113l\u0113t pavisam jaunu sp\u0113li? Ja esat, tad <strong>jums noteikti vajadz\u0113tu r\u016bp\u012bg\u0101k izp\u0113t\u012bt Francijas loteriju.<\/strong>Ja v\u0113l neesat to sp\u0113l\u0113jis, j\u016bs, iesp\u0113jams, b\u016bsiet p\u0101rsteigts, cik l\u012bdz\u012bga t\u0101 ir sp\u0113l\u0113m, kuras esat sp\u0113l\u0113jis. Galu gal\u0101 galvenais ir izklaid\u0113ties un ieg\u016bt v\u0113l vienu <a href=\"https:\/\/redfoxlotto.com\/lv\/kadas-balvas-var-vinnet-powerball-un-mega-millions-speles\/\">iesp\u0113ju laim\u0113t lielu balvu<\/a>. Un ar Francijas loteriju jums to b\u016bs daudz, jo cenas \u0161eit noteikti b\u016bs pietiekamas, lai b\u016btu j\u016bsu laika v\u0113rtas. <\/p><h2 class=\"wp-block-heading\" id=\"h-how-to-play-french-lottery-online\">K\u0101 sp\u0113l\u0113t Francijas loteriju tie\u0161saist\u0113<\/h2><p>Vai esat k\u0101dreiz sp\u0113l\u0113jis cita veida <a href=\"https:\/\/redfoxlotto.com\/lv\/\">loteriju tie\u0161saist\u0113<\/a>? Vai varb\u016bt esat jau devies uz viet\u0113jo veikalu, lai ieg\u0101d\u0101tos bi\u013cetes. M\u0113s nerun\u0101jam par nokas\u0101maj\u0101m loterij\u0101m, kur\u0101s j\u016bs uzreiz laim\u0113jat. \u0160eit m\u0113s run\u0101jam par bi\u013cet\u0113m, kuras j\u016bs sa\u0146emat, lai izv\u0113l\u0113tos skait\u013cus, un j\u016bs stund\u0101m vai pat dien\u0101m nezin\u0101t, vai esat laim\u0113jis vai n\u0113. \u0160\u012bs ir sp\u0113les, kas b\u016bs v\u0113l jautr\u0101kas un dos jums v\u0113l liel\u0101kas iesp\u0113jas laim\u0113t lielu balvu. Jo ar da\u017eiem no tiem j\u016bs faktiski var\u0113tu laim\u0113t miljoniem dol\u0101ru.<\/p><p>Ar Francijas loteriju jums tikai <strong>j\u0101ieg\u0101d\u0101jas bi\u013cete tie\u0161saist\u0113, lai var\u0113tu s\u0101kt sp\u0113l\u0113t<\/strong>, un \u0161\u012bs bi\u013cetes ieg\u0101de ir \u013coti vienk\u0101r\u0161a. Protams, jums b\u016bs j\u0101atrod pareizais tie\u0161saistes pakalpojums, kas var j\u016bs savienot ar Francijas loteriju. P\u0113c tam jums b\u016bs j\u0101izv\u0113las skait\u013ci, kas var\u0113tu j\u016bs padar\u012bt par miljon\u0101ru. \u0160aj\u0101 konkr\u0113taj\u0101 sp\u0113l\u0113 jums b\u016bs iesp\u0113ja izv\u0113l\u0113ties piecus skait\u013cus plus bonusa skaitli. Sec\u012bba, k\u0101d\u0101 j\u016bs izv\u0113laties s\u0101kotn\u0113jos piecus skait\u013cus, nav svar\u012bga, ta\u010du p\u0101rliecinieties, ka esat uzman\u012bgs attiec\u012bb\u0101 uz to, kuru skaitli v\u0113laties izmantot k\u0101 bonusa skaitli. Tam j\u0101b\u016bt pareizam.<\/p><h2 class=\"wp-block-heading\" id=\"h-how-to-win-french-lottery-online\">K\u0101 laim\u0113t Francijas loterij\u0101 tie\u0161saist\u0113<\/h2><p>Kad esat izv\u0113l\u0113jies skait\u013cus, ir pien\u0101cis laiks gaid\u012bt, kas bie\u017ei vien var b\u016bt visslikt\u0101k\u0101 da\u013ca. J\u016bs noteikti nev\u0113laties vienk\u0101r\u0161i gaid\u012bt un redz\u0113t, kas notiek, bet \u012bsti nav citas izv\u0113les. Sp\u0113les izloze notiek ik p\u0113c p\u0101ris dien\u0101m, un <a href=\"https:\/\/redfoxlotto.com\/lv\/eurojackpot-euromillions-izlozes-laiks-tv-kanals\/\">izlozes<\/a> notiek pirmdien\u0101s, tre\u0161dien\u0101s un sestdien\u0101s, t\u0101p\u0113c jums neb\u016bs ilgi j\u0101gaida, ta\u010du jums b\u016bs j\u0101b\u016bt nedaudz paciet\u012bgam, jo \u200b\u200b\u012bpa\u0161i t\u0101p\u0113c, ka rezult\u0101tu skat\u012b\u0161an\u0101s tie\u0161raid\u0113 \u012bsti neb\u016bs iesp\u0113jama. T\u0101 viet\u0101 jums b\u016bs nedaudz j\u0101pagaida, lai redz\u0113tu, kas notiek. <\/p><p>Kad skait\u013ci ir izloz\u0113ti, ir pien\u0101cis laiks tos p\u0101rbaud\u012bt. Varat atgriezties viet\u0101, kur ieg\u0101d\u0101j\u0101ties bi\u013ceti, lai atrastu laim\u0113jo\u0161os skait\u013cus un redz\u0113tu, vai esat laim\u0113jis d\u017eekpotu vai vismaz vienu no mazaj\u0101m balv\u0101m, kas atvieglo sp\u0113l\u0113\u0161anas turpin\u0101\u0161anu. Maz\u0101kas balvas tiek pie\u0161\u0137irtas par bonusa skait\u013ca, divu citu skait\u013cu, kas nav bonusa skaitlis, divu skait\u013cu un bonusa bumbi\u0146as vai jebkuras augst\u0101kas kombin\u0101cijas sakrit\u012bbu. J\u016bs var\u0113tu laim\u0113t nelielu summu, kas sedz tikai j\u016bsu bi\u013cetes cenu, vai ar\u012b <strong>j\u016bs var\u0113tu laim\u0113t t\u016bksto\u0161us vai pat miljonus. <\/strong><\/p><h2 class=\"wp-block-heading\" id=\"h-picking-out-your-next-ticket\">N\u0101kam\u0101s bi\u013cetes izv\u0113le<\/h2><p>Kad esat uzzin\u0101jis, vai esat laim\u0113jis vai n\u0113, noteikti ir pien\u0101cis laiks sp\u0113l\u0113t v\u0113lreiz, vai ne? Ja esat kaut ko laim\u0113jis, ir \u013coti viegli iz\u0146emt bi\u013ceti tie\u0161i tie\u0161saist\u0113 vai ar\u012b varat \u0161o naudu p\u0101rskait\u012bt uz n\u0101kamo bi\u013ceti, kuru v\u0113laties ieg\u0101d\u0101ties. Neatkar\u012bgi no t\u0101, vai izv\u0113laties sp\u0113l\u0113t Francijas loteriju vai pavisam citu sp\u0113li, paties\u012bb\u0101 ir \u013coti viegli izv\u0113l\u0113ties n\u0101kamo komplektu un sagatavot visu jaunajai izlozei. <\/p><p>P\u0101rliecinieties, ka esat iev\u0113rojis visus noteikumus un nosac\u012bjumus. P\u0101rliecinieties, ka zin\u0101t, kurus skait\u013cus izv\u0113laties un k\u0101 tie\u0161i tiem j\u0101izkr\u012bt. Un noteikti piev\u0113rsiet uzman\u012bbu tam, kad notiks izloze. J\u016bs v\u0113laties p\u0101rliecin\u0101ties, ka esat gatavs, un j\u016bs noteikti v\u0113laties zin\u0101t, vai esat kaut ko laim\u0113jis, vai ne? T\u0101p\u0113c p\u0101rliecinieties, ka mekl\u0113jat pareiz\u0101s vietnes un nepie\u013caujat k\u013c\u016bdu, nepalaidot gar\u0101m n\u0101kamo izlozi. <\/p><p><strong>Ir daudz veidu, k\u0101 sp\u0113l\u0113t Francijas loteriju tie\u0161saist\u0113, un j\u016bs noteikti nev\u0113laties to palaist gar\u0101m. <\/strong><\/p>","protected":false},"excerpt":{"rendered":"<p>Vai esat gatavi sp\u0113l\u0113t pavisam jaunu sp\u0113li? Ja esat, tad jums noteikti vajadz\u0113tu r\u016bp\u012bg\u0101k izp\u0113t\u012bt Francijas loteriju.Ja v\u0113l neesat to sp\u0113l\u0113jis, j\u016bs, iesp\u0113jams, b\u016bsiet p\u0101rsteigts, cik l\u012bdz\u012bga t\u0101 ir sp\u0113l\u0113m, kuras esat sp\u0113l\u0113jis. Galu gal\u0101 galvenais ir izklaid\u0113ties un ieg\u016bt v\u0113l vienu iesp\u0113ju laim\u0113t lielu balvu. Un ar Francijas loteriju jums to b\u016bs daudz, jo [&hellip;]<\/p>\n","protected":false},"author":1,"featured_media":0,"parent":17017,"menu_order":33,"comment_status":"closed","ping_status":"closed","template":"lotto-fr.php","meta":{"_et_pb_use_builder":"","_et_pb_old_content":"","_et_gb_content_width":"","exclude_from_search":false,"footnotes":""},"class_list":["post-55254","page","type-page","status-publish","hentry"],"yoast_head":"<!-- This site is optimized with the Yoast SEO plugin v23.8 - https:\/\/yoast.com\/wordpress\/plugins\/seo\/ -->\n<title>K\u0101 sp\u0113l\u0113t Francijas loteriju tie\u0161saist\u0113<\/title>\n<meta name=\"description\" content=\"Kad esat gatavs sp\u0113l\u0113t Francijas loteriju, \u0161\u012b ir \u012bst\u0101 vieta, kur s\u0101kt.\" \/>\n<meta name=\"robots\" content=\"index, follow, max-snippet:-1, max-image-preview:large, max-video-preview:-1\" \/>\n<link rel=\"canonical\" href=\"https:\/\/redfoxlotto.com\/lv\/spelet\/lotto-fr\/\" \/>\n<meta property=\"og:locale\" content=\"lv_LV\" \/>\n<meta property=\"og:type\" content=\"article\" \/>\n<meta property=\"og:title\" content=\"K\u0101 sp\u0113l\u0113t Francijas loteriju tie\u0161saist\u0113\" \/>\n<meta property=\"og:description\" content=\"Kad esat gatavs sp\u0113l\u0113t Francijas loteriju, \u0161\u012b ir \u012bst\u0101 vieta, kur s\u0101kt.\" \/>\n<meta property=\"og:url\" content=\"https:\/\/redfoxlotto.com\/lv\/spelet\/lotto-fr\/\" \/>\n<meta property=\"og:site_name\" content=\"Get Tickets for the World\u2019s largest jackpots\" \/>\n<meta property=\"article:modified_time\" content=\"2026-01-11T10:47:28+00:00\" \/>\n<meta name=\"twitter:card\" content=\"summary_large_image\" \/>\n<meta name=\"twitter:label1\" content=\"Est. reading time\" \/>\n\t<meta name=\"twitter:data1\" content=\"3 minutes\" \/>\n<script type=\"application\/ld+json\" class=\"yoast-schema-graph\">{\"@context\":\"https:\/\/schema.org\",\"@graph\":[{\"@type\":\"WebPage\",\"@id\":\"https:\/\/redfoxlotto.com\/lv\/spelet\/lotto-fr\/\",\"url\":\"https:\/\/redfoxlotto.com\/lv\/spelet\/lotto-fr\/\",\"name\":\"K\u0101 sp\u0113l\u0113t Francijas loteriju tie\u0161saist\u0113\",\"isPartOf\":{\"@id\":\"https:\/\/redfoxlotto.com\/lv\/#website\"},\"datePublished\":\"2019-08-09T14:24:22+00:00\",\"dateModified\":\"2026-01-11T10:47:28+00:00\",\"description\":\"Kad esat gatavs sp\u0113l\u0113t Francijas loteriju, \u0161\u012b ir \u012bst\u0101 vieta, kur s\u0101kt.\",\"breadcrumb\":{\"@id\":\"https:\/\/redfoxlotto.com\/lv\/spelet\/lotto-fr\/#breadcrumb\"},\"inLanguage\":\"lv-LV\",\"potentialAction\":[{\"@type\":\"ReadAction\",\"target\":[\"https:\/\/redfoxlotto.com\/lv\/spelet\/lotto-fr\/\"]}]},{\"@type\":\"BreadcrumbList\",\"@id\":\"https:\/\/redfoxlotto.com\/lv\/spelet\/lotto-fr\/#breadcrumb\",\"itemListElement\":[{\"@type\":\"ListItem\",\"position\":1,\"name\":\"Home\",\"item\":\"https:\/\/redfoxlotto.com\/lv\/\"},{\"@type\":\"ListItem\",\"position\":2,\"name\":\"K\u0101 piedal\u012bties loterij\u0101s cit\u0101s valst\u012bs\",\"item\":\"https:\/\/redfoxlotto.com\/lv\/spelet\/\"},{\"@type\":\"ListItem\",\"position\":3,\"name\":\"Sp\u0113l\u0113t French Lotto tie\u0161saist\u0113\"}]},{\"@type\":\"WebSite\",\"@id\":\"https:\/\/redfoxlotto.com\/lv\/#website\",\"url\":\"https:\/\/redfoxlotto.com\/lv\/\",\"name\":\"Get Tickets for the World\u2019s largest jackpots\",\"description\":\"Participate in worldwide lottery jackpots from any country\",\"publisher\":{\"@id\":\"https:\/\/redfoxlotto.com\/lv\/#organization\"},\"potentialAction\":[{\"@type\":\"SearchAction\",\"target\":{\"@type\":\"EntryPoint\",\"urlTemplate\":\"https:\/\/redfoxlotto.com\/lv\/?s={search_term_string}\"},\"query-input\":{\"@type\":\"PropertyValueSpecification\",\"valueRequired\":true,\"valueName\":\"search_term_string\"}}],\"inLanguage\":\"lv-LV\"},{\"@type\":\"Organization\",\"@id\":\"https:\/\/redfoxlotto.com\/lv\/#organization\",\"name\":\"Get Tickets for the World\u2019s largest jackpots\",\"url\":\"https:\/\/redfoxlotto.com\/lv\/\",\"logo\":{\"@type\":\"ImageObject\",\"inLanguage\":\"lv-LV\",\"@id\":\"https:\/\/redfoxlotto.com\/lv\/#\/schema\/logo\/image\/\",\"url\":\"https:\/\/redfoxlotto.com\/wp-content\/uploads\/2023\/04\/logo.png\",\"contentUrl\":\"https:\/\/redfoxlotto.com\/wp-content\/uploads\/2023\/04\/logo.png\",\"width\":269,\"height\":53,\"caption\":\"Get Tickets for the World\u2019s largest jackpots\"},\"image\":{\"@id\":\"https:\/\/redfoxlotto.com\/lv\/#\/schema\/logo\/image\/\"}}]}<\/script>\n<!-- \/ Yoast SEO plugin. -->","yoast_head_json":{"title":"K\u0101 sp\u0113l\u0113t Francijas loteriju tie\u0161saist\u0113","description":"Kad esat gatavs sp\u0113l\u0113t Francijas loteriju, \u0161\u012b ir \u012bst\u0101 vieta, kur s\u0101kt.","robots":{"index":"index","follow":"follow","max-snippet":"max-snippet:-1","max-image-preview":"max-image-preview:large","max-video-preview":"max-video-preview:-1"},"canonical":"https:\/\/redfoxlotto.com\/lv\/spelet\/lotto-fr\/","og_locale":"lv_LV","og_type":"article","og_title":"K\u0101 sp\u0113l\u0113t Francijas loteriju tie\u0161saist\u0113","og_description":"Kad esat gatavs sp\u0113l\u0113t Francijas loteriju, \u0161\u012b ir \u012bst\u0101 vieta, kur s\u0101kt.","og_url":"https:\/\/redfoxlotto.com\/lv\/spelet\/lotto-fr\/","og_site_name":"Get Tickets for the World\u2019s largest jackpots","article_modified_time":"2026-01-11T10:47:28+00:00","twitter_card":"summary_large_image","twitter_misc":{"Est. reading time":"3 minutes"},"schema":{"@context":"https:\/\/schema.org","@graph":[{"@type":"WebPage","@id":"https:\/\/redfoxlotto.com\/lv\/spelet\/lotto-fr\/","url":"https:\/\/redfoxlotto.com\/lv\/spelet\/lotto-fr\/","name":"K\u0101 sp\u0113l\u0113t Francijas loteriju tie\u0161saist\u0113","isPartOf":{"@id":"https:\/\/redfoxlotto.com\/lv\/#website"},"datePublished":"2019-08-09T14:24:22+00:00","dateModified":"2026-01-11T10:47:28+00:00","description":"Kad esat gatavs sp\u0113l\u0113t Francijas loteriju, \u0161\u012b ir \u012bst\u0101 vieta, kur s\u0101kt.","breadcrumb":{"@id":"https:\/\/redfoxlotto.com\/lv\/spelet\/lotto-fr\/#breadcrumb"},"inLanguage":"lv-LV","potentialAction":[{"@type":"ReadAction","target":["https:\/\/redfoxlotto.com\/lv\/spelet\/lotto-fr\/"]}]},{"@type":"BreadcrumbList","@id":"https:\/\/redfoxlotto.com\/lv\/spelet\/lotto-fr\/#breadcrumb","itemListElement":[{"@type":"ListItem","position":1,"name":"Home","item":"https:\/\/redfoxlotto.com\/lv\/"},{"@type":"ListItem","position":2,"name":"K\u0101 piedal\u012bties loterij\u0101s cit\u0101s valst\u012bs","item":"https:\/\/redfoxlotto.com\/lv\/spelet\/"},{"@type":"ListItem","position":3,"name":"Sp\u0113l\u0113t French Lotto tie\u0161saist\u0113"}]},{"@type":"WebSite","@id":"https:\/\/redfoxlotto.com\/lv\/#website","url":"https:\/\/redfoxlotto.com\/lv\/","name":"Get Tickets for the World\u2019s largest jackpots","description":"Participate in worldwide lottery jackpots from any country","publisher":{"@id":"https:\/\/redfoxlotto.com\/lv\/#organization"},"potentialAction":[{"@type":"SearchAction","target":{"@type":"EntryPoint","urlTemplate":"https:\/\/redfoxlotto.com\/lv\/?s={search_term_string}"},"query-input":{"@type":"PropertyValueSpecification","valueRequired":true,"valueName":"search_term_string"}}],"inLanguage":"lv-LV"},{"@type":"Organization","@id":"https:\/\/redfoxlotto.com\/lv\/#organization","name":"Get Tickets for the World\u2019s largest jackpots","url":"https:\/\/redfoxlotto.com\/lv\/","logo":{"@type":"ImageObject","inLanguage":"lv-LV","@id":"https:\/\/redfoxlotto.com\/lv\/#\/schema\/logo\/image\/","url":"https:\/\/redfoxlotto.com\/wp-content\/uploads\/2023\/04\/logo.png","contentUrl":"https:\/\/redfoxlotto.com\/wp-content\/uploads\/2023\/04\/logo.png","width":269,"height":53,"caption":"Get Tickets for the World\u2019s largest jackpots"},"image":{"@id":"https:\/\/redfoxlotto.com\/lv\/#\/schema\/logo\/image\/"}}]}},"_links":{"self":[{"href":"https:\/\/redfoxlotto.com\/lv\/wp-json\/wp\/v2\/pages\/55254","targetHints":{"allow":["GET"]}}],"collection":[{"href":"https:\/\/redfoxlotto.com\/lv\/wp-json\/wp\/v2\/pages"}],"about":[{"href":"https:\/\/redfoxlotto.com\/lv\/wp-json\/wp\/v2\/types\/page"}],"author":[{"embeddable":true,"href":"https:\/\/redfoxlotto.com\/lv\/wp-json\/wp\/v2\/users\/1"}],"replies":[{"embeddable":true,"href":"https:\/\/redfoxlotto.com\/lv\/wp-json\/wp\/v2\/comments?post=55254"}],"version-history":[{"count":0,"href":"https:\/\/redfoxlotto.com\/lv\/wp-json\/wp\/v2\/pages\/55254\/revisions"}],"up":[{"embeddable":true,"href":"https:\/\/redfoxlotto.com\/lv\/wp-json\/wp\/v2\/pages\/17017"}],"wp:attachment":[{"href":"https:\/\/redfoxlotto.com\/lv\/wp-json\/wp\/v2\/media?parent=55254"}],"curies":[{"name":"wp","href":"https:\/\/api.w.org\/{rel}","templated":true}]}}