{"id":49868,"date":"2023-04-13T18:01:41","date_gmt":"2023-04-13T18:01:41","guid":{"rendered":"https:\/\/redfoxlotto.eu\/?page_id=49868"},"modified":"2026-01-06T08:51:56","modified_gmt":"2026-01-06T08:51:56","slug":"spelejiet-lielakas-loterijas-pasaule-neatkarigi-no-jusu-valsts","status":"publish","type":"page","link":"https:\/\/redfoxlotto.com\/lv\/","title":{"rendered":"Sp\u0113l\u0113jiet liel\u0101k\u0101s loterijas pasaul\u0113, neatkar\u012bgi no J\u016bsu valsts"},"content":{"rendered":"<p><script type=\"application\/ld+json\">\n{\n  \"@context\": \"https:\/\/schema.org\",\n  \"@type\": \"Service\",\n  \"name\": \"Sp\u0113l\u0113 Powerball tie\u0161saist\u0113\",\n  \"url\": \"https:\/\/redfoxlotto.com\/lv\/\",\n  \"description\": \"Pasaules liel\u0101kie loteriju d\u017eekpoti pieejami no jebkuras vietas \u2013 ieg\u0101d\u0101jieties loterijas bi\u013cetes tie\u0161saist\u0113 jau tagad!\",\n  \"serviceType\": \"Tie\u0161saistes loterijas bi\u013ce\u0161u starpniec\u012bbas pakalpojums\",\n  \"provider\": {\n    \"@type\": \"Organization\",\n    \"name\": \"RedFoxLotto\",\n    \"url\": \"https:\/\/redfoxlotto.com\/lv\/\",\n    \"image\": \"https:\/\/redfoxlotto.com\/wp-content\/uploads\/2025\/12\/ticket_scans.jpg\"\n  },\n  \"areaServed\": \"Vis\u0101 pasaul\u0113\",\n  \"termsOfService\": \"https:\/\/redfoxlotto.com\/terms-and-conditions\",\n  \"additionalProperty\": {\n    \"@type\": \"PropertyValue\",\n    \"name\": \"BUJ\",\n    \"value\": \"https:\/\/redfoxlotto.com\/lv\/faq\/\"\n  },\n  \"hasOfferCatalog\": {\n    \"@type\": \"OfferCatalog\",\n    \"name\": \"Loterijas bi\u013cetes starptautiskaj\u0101m loterij\u0101m\",\n    \"itemListElement\": [\n      {\n        \"@type\": \"Offer\",\n        \"name\": \"Bi\u013cetes Powerball, Mega Millions, Euromillions un cit\u0101m\",\n        \"url\": \"https:\/\/redfoxlotto.com\/lv\/\",\n        \"description\": \"Ieg\u0101d\u0101jieties bi\u013cetes pasaules liel\u0101kajiem loteriju d\u017eekpotiem.\",\n        \"availability\": \"https:\/\/schema.org\/InStock\",\n        \"itemOffered\": {\n          \"@type\": \"Service\",\n          \"name\": \"Starptautisk\u0101s loterijas bi\u013cetes\",\n          \"description\": \"Piedalieties starptautiskaj\u0101s loterij\u0101s ar RedFoxLotto starpniec\u012bbu.\"\n        }\n      }\n    ]\n  },\n  \"mainEntityOfPage\": {\n    \"@type\": \"WebPage\",\n    \"@id\": \"https:\/\/redfoxlotto.com\/lv\/\"\n  }\n}\n<\/script><\/p>\n<h2>J\u016bsu dz\u012bves valsts nav svar\u012bga \u2013 sp\u0113l\u0113jiet liel\u0101k\u0101s pasaules loterijas<\/h2>\n<p><img loading=\"lazy\" decoding=\"async\" class=\"size-full wp-image-4467 alignright\" src=\"https:\/\/redfoxlotto.com\/wp-content\/uploads\/2024\/03\/Balls_2.png\" alt=\"tie\u0161saistes loterijas bi\u013cete\" width=\"212\" height=\"250\" \/>Cik reizes esat dzird\u0113jis par loterijas uzvar\u0113t\u0101jiem vis\u0101 pasaul\u0113, kas ir laim\u0113ju\u0161i milz\u012bgas naudas summas? Diem\u017e\u0113l \u0161ie milz\u012bgie laimesti liel\u0101koties tika ieg\u016bti cit\u0101s valst\u012bs. Protams, ar\u012b j\u016bsu valst\u012b laiku pa laikam par\u0101d\u0101s lieli d\u017eekpoti, bet bie\u017ei vien paiet ilgs laiks, l\u012bdz d\u017eekpots k\u013c\u016bst pietiekami liels. T\u0101tad, ja gaid\u0101t lielu d\u017eekpotu, iesp\u0113jams, jums b\u016bs j\u0101gaida k\u0101du laiku.<\/p>\n<p>Tagad j\u016bs varat ieg\u0101d\u0101ties loterijas bi\u013cetes tie\u0161saist\u0113 pasaules liel\u0101kajiem d\u017eekpotiem. Tas noz\u012bm\u0113, ka j\u016bs varat piedal\u012bties loterij\u0101s \u0101rpus savas valsts. Tas ir piln\u012bgi likum\u012bgi un \u013coti \u0113rti. J\u016bs varat pas\u016bt\u012bt bi\u013ceti tie\u0161saist\u0113 da\u017eos klik\u0161\u0137os un samaks\u0101t, piem\u0113ram, ar kred\u012btkarti piln\u012bgi dro\u0161\u0101 proces\u0101. Alternat\u012bvi, varat izmantot k\u0101du no m\u016bsu cit\u0101m maks\u0101jumu metod\u0113m. Dr\u012bz sa\u0146emsiet apstiprin\u0101juma e-pastu. Neviena bi\u013cete nevar pazust, un m\u0113s autom\u0101tiski inform\u0113sim j\u016bs par katru laimestu. T\u0101d\u0113j\u0101di j\u016bs nepalaid\u012bsit gar\u0101m laimestu tikai t\u0101p\u0113c, ka aizmirs\u0101t p\u0101rbaud\u012bt bi\u013cetes rezult\u0101tus.<\/p>\n<h2>Liel\u0101k\u0101 priek\u0161roc\u012bba, p\u0113rkot loterijas bi\u013ceti tie\u0161saist\u0113<\/h2>\n<p>Liel\u0101k\u0101 priek\u0161roc\u012bba ir t\u0101, ka vienm\u0113r varat ieg\u0101d\u0101ties bi\u013cetes loterij\u0101m ar pa\u0161reiz\u0113jiem augst\u0101kajiem d\u017eekpotiem. Nav noz\u012bmes, cik daudz naudas t\u0113r\u0113jat bi\u013cet\u0113m. Noteikti ir izdev\u012bg\u0101k ieguld\u012bt 150 miljonu d\u017eekpot\u0101 nek\u0101 divu miljonu izmaks\u0101. Ar vair\u0101k tie\u0161saistes loterij\u0101m katru ned\u0113\u013cu var atrast vismaz vienu milz\u012bgu d\u017eekpotu, kas sniedz lab\u0101ku izmaksu un iesp\u0113jam\u0101 laimesta attiec\u012bbu nek\u0101 viet\u0113j\u0101 loterija. Da\u017ereiz d\u017eekpoti sasniedz pat p\u0101rsteidzo\u0161us l\u012bme\u0146us.<\/p>\n<p>Pasaules rekorda d\u017eekpots ir 2 040 000 000 USD (2023. gada j\u016blij\u0101). To laim\u0113ja 2022. gada 22. novembr\u012b ASV Powerball loterij\u0101. 2016. gada 13. janv\u0101r\u012b bija v\u0113l viens 1,586 miljardu dol\u0101ru d\u017eekpots, ar\u012b ASV Powerball. Tre\u0161ais liel\u0101kais d\u017eekpots v\u0113stur\u0113 tika laim\u0113ts Mega Millions loterij\u0101 2018. gada 23. oktobr\u012b, kad laim\u0113ja viens laim\u012bgais uzvar\u0113t\u0101js 1,537 miljardus dol\u0101ru.<\/p>\n<p>Daudzi no iepriek\u0161\u0113jiem lielajiem laimestiem \u0161aj\u0101s loterij\u0101s tika ieg\u016bti, p\u0113rkot bi\u013cetes tie\u0161saist\u0113.<\/p>\n<h2>Kas notiek p\u0113c tam, kad es pas\u016btu bi\u013ceti tie\u0161saist\u0113?<\/h2>\n<p><img loading=\"lazy\" decoding=\"async\" class=\"size-medium wp-image-39298 alignright\" src=\"https:\/\/redfoxlotto.com\/wp-content\/uploads\/2023\/04\/1_play_online_lotto.jpg\" alt=\"sp\u0113l\u0113 tie\u0161saistes loteriju\" width=\"300\" height=\"300\" \/>RedFoxLotto.com pakalpojums nodro\u0161ina, ka m\u016bsu darbinieki attiec\u012bgaj\u0101s loteriju valst\u012bs ieg\u0101d\u0101jas j\u016bsu pas\u016bt\u012bt\u0101s bi\u013cetes. T\u0101s ir \u012bstas, ofici\u0101las loterijas bi\u013cetes ar j\u016bsu izv\u0113l\u0113tajiem numuriem. P\u0113c pirkuma sa\u0146emsiet apstiprin\u0101juma e-pastu. Sav\u0101 klienta zon\u0101 varat p\u0101rbaud\u012bt savu pas\u016bt\u012bjumu un numurus. Dr\u012bz p\u0113c pas\u016bt\u012bjuma sken\u0113ts j\u016bsu ieg\u0101d\u0101t\u0101s bi\u013cetes att\u0113ls tiks aug\u0161upiel\u0101d\u0113ts j\u016bsu kont\u0101.<\/p>\n<h2>Un ja es laim\u0113ju?<\/h2>\n<p>Jebkuri laimesti l\u012bdz 2 500 \u20ac tiks nekav\u0113joties ieskait\u012bti j\u016bsu RedFoxLotto klienta kont\u0101. Liel\u0101kiem laimestiem m\u016bsu klientu apkalpo\u0161anas komanda sazin\u0101sies ar jums, lai sarun\u0101tu izmaksu, sazinoties ar attiec\u012bgo loterijas komisiju j\u016bsu viet\u0101. Maks\u0101jums parasti tiek veikts tie\u0161i uz bankas kontu vai \u010deka veid\u0101.<\/p>\n<p>Apstr\u0101d\u0101jam j\u016bsu laimestus bez maksas, iz\u0146emot nelielu bankas p\u0101rvedumu maksu.<\/p>\n<p>Papildinform\u0101ciju skatiet m\u016bsu BUJ vai sazinieties ar atbalsta dienestu. Vairs nav iemesla samierin\u0101ties ar maz\u0101kiem d\u017eekpotiem \u2013 izv\u0113lieties liel\u0101ku d\u017eekpotu un k\u013c\u016bstiet par n\u0101kamo loterijas multimiljon\u0101ru!<\/p>\n","protected":false},"excerpt":{"rendered":"<p>J\u016bsu dz\u012bves valsts nav svar\u012bga \u2013 sp\u0113l\u0113jiet liel\u0101k\u0101s pasaules loterijas Cik reizes esat dzird\u0113jis par loterijas uzvar\u0113t\u0101jiem vis\u0101 pasaul\u0113, kas ir laim\u0113ju\u0161i milz\u012bgas naudas summas? Diem\u017e\u0113l \u0161ie milz\u012bgie laimesti liel\u0101koties tika ieg\u016bti cit\u0101s valst\u012bs. Protams, ar\u012b j\u016bsu valst\u012b laiku pa laikam par\u0101d\u0101s lieli d\u017eekpoti, bet bie\u017ei vien paiet ilgs laiks, l\u012bdz d\u017eekpots k\u013c\u016bst pietiekami liels. [&hellip;]<\/p>\n","protected":false},"author":1,"featured_media":0,"parent":0,"menu_order":1,"comment_status":"closed","ping_status":"closed","template":"lotto.php","meta":{"_et_pb_use_builder":"","_et_pb_old_content":"","_et_gb_content_width":"","exclude_from_search":false,"footnotes":""},"class_list":["post-49868","page","type-page","status-publish","hentry"],"yoast_head":"<!-- This site is optimized with the Yoast SEO plugin v27.3 - https:\/\/yoast.com\/product\/yoast-seo-wordpress\/ -->\n<title>Tie\u0161saistes Loterija | P\u0113rciet bi\u013cetes uz pasaul\u0113 liel\u0101kajiem loto d\u017eekpotiem<\/title>\n<meta name=\"description\" content=\"Pasaul\u0113 liel\u0101kie loteriju d\u017eekpoti pieejami no jebkurienes \u2013 ieg\u0101d\u0101jieties savas loterijas bi\u013cetes tie\u0161saist\u0113 tagad!\" \/>\n<meta name=\"robots\" content=\"index, follow, max-snippet:-1, max-image-preview:large, max-video-preview:-1\" \/>\n<link rel=\"canonical\" href=\"https:\/\/redfoxlotto.com\/lv\/\" \/>\n<meta property=\"og:locale\" content=\"lv_LV\" \/>\n<meta property=\"og:type\" content=\"article\" \/>\n<meta property=\"og:title\" content=\"Tie\u0161saistes Loterija | P\u0113rciet bi\u013cetes uz pasaul\u0113 liel\u0101kajiem loto d\u017eekpotiem\" \/>\n<meta property=\"og:description\" content=\"Pasaul\u0113 liel\u0101kie loteriju d\u017eekpoti pieejami no jebkurienes \u2013 ieg\u0101d\u0101jieties savas loterijas bi\u013cetes tie\u0161saist\u0113 tagad!\" \/>\n<meta property=\"og:url\" content=\"https:\/\/redfoxlotto.com\/lv\/\" \/>\n<meta property=\"og:site_name\" content=\"Get Tickets for the World\u2019s largest jackpots\" \/>\n<meta property=\"article:modified_time\" content=\"2026-01-06T08:51:56+00:00\" \/>\n<meta property=\"og:image\" content=\"https:\/\/redfoxlotto.com\/wp-content\/uploads\/2024\/03\/Balls_2.png\" \/>\n<meta name=\"twitter:card\" content=\"summary_large_image\" \/>\n<meta name=\"twitter:label1\" content=\"Est. reading time\" \/>\n\t<meta name=\"twitter:data1\" content=\"4 minutes\" \/>\n<script type=\"application\/ld+json\" class=\"yoast-schema-graph\">{\"@context\":\"https:\\\/\\\/schema.org\",\"@graph\":[{\"@type\":\"WebPage\",\"@id\":\"https:\\\/\\\/redfoxlotto.com\\\/lv\\\/\",\"url\":\"https:\\\/\\\/redfoxlotto.com\\\/lv\\\/\",\"name\":\"Tie\u0161saistes Loterija | P\u0113rciet bi\u013cetes uz pasaul\u0113 liel\u0101kajiem loto d\u017eekpotiem\",\"isPartOf\":{\"@id\":\"https:\\\/\\\/redfoxlotto.com\\\/lv\\\/#website\"},\"primaryImageOfPage\":{\"@id\":\"https:\\\/\\\/redfoxlotto.com\\\/lv\\\/#primaryimage\"},\"image\":{\"@id\":\"https:\\\/\\\/redfoxlotto.com\\\/lv\\\/#primaryimage\"},\"thumbnailUrl\":\"https:\\\/\\\/redfoxlotto.com\\\/wp-content\\\/uploads\\\/2024\\\/03\\\/Balls_2.png\",\"datePublished\":\"2023-04-13T18:01:41+00:00\",\"dateModified\":\"2026-01-06T08:51:56+00:00\",\"description\":\"Pasaul\u0113 liel\u0101kie loteriju d\u017eekpoti pieejami no jebkurienes \u2013 ieg\u0101d\u0101jieties savas loterijas bi\u013cetes tie\u0161saist\u0113 tagad!\",\"breadcrumb\":{\"@id\":\"https:\\\/\\\/redfoxlotto.com\\\/lv\\\/#breadcrumb\"},\"inLanguage\":\"lv-LV\",\"potentialAction\":[{\"@type\":\"ReadAction\",\"target\":[\"https:\\\/\\\/redfoxlotto.com\\\/lv\\\/\"]}]},{\"@type\":\"ImageObject\",\"inLanguage\":\"lv-LV\",\"@id\":\"https:\\\/\\\/redfoxlotto.com\\\/lv\\\/#primaryimage\",\"url\":\"https:\\\/\\\/redfoxlotto.com\\\/wp-content\\\/uploads\\\/2024\\\/03\\\/Balls_2.png\",\"contentUrl\":\"https:\\\/\\\/redfoxlotto.com\\\/wp-content\\\/uploads\\\/2024\\\/03\\\/Balls_2.png\"},{\"@type\":\"BreadcrumbList\",\"@id\":\"https:\\\/\\\/redfoxlotto.com\\\/lv\\\/#breadcrumb\",\"itemListElement\":[{\"@type\":\"ListItem\",\"position\":1,\"name\":\"Home\",\"item\":\"https:\\\/\\\/redfoxlotto.com\\\/lv\\\/\"},{\"@type\":\"ListItem\",\"position\":2,\"name\":\"Sp\u0113l\u0113jiet liel\u0101k\u0101s loterijas pasaul\u0113, neatkar\u012bgi no J\u016bsu valsts\"}]},{\"@type\":\"WebSite\",\"@id\":\"https:\\\/\\\/redfoxlotto.com\\\/lv\\\/#website\",\"url\":\"https:\\\/\\\/redfoxlotto.com\\\/lv\\\/\",\"name\":\"Get Tickets for the World\u2019s largest jackpots\",\"description\":\"Participate in worldwide lottery jackpots from any country\",\"publisher\":{\"@id\":\"https:\\\/\\\/redfoxlotto.com\\\/lv\\\/#organization\"},\"potentialAction\":[{\"@type\":\"SearchAction\",\"target\":{\"@type\":\"EntryPoint\",\"urlTemplate\":\"https:\\\/\\\/redfoxlotto.com\\\/lv\\\/?s={search_term_string}\"},\"query-input\":{\"@type\":\"PropertyValueSpecification\",\"valueRequired\":true,\"valueName\":\"search_term_string\"}}],\"inLanguage\":\"lv-LV\"},{\"@type\":\"Organization\",\"@id\":\"https:\\\/\\\/redfoxlotto.com\\\/lv\\\/#organization\",\"name\":\"Get Tickets for the World\u2019s largest jackpots\",\"url\":\"https:\\\/\\\/redfoxlotto.com\\\/lv\\\/\",\"logo\":{\"@type\":\"ImageObject\",\"inLanguage\":\"lv-LV\",\"@id\":\"https:\\\/\\\/redfoxlotto.com\\\/lv\\\/#\\\/schema\\\/logo\\\/image\\\/\",\"url\":\"https:\\\/\\\/redfoxlotto.com\\\/wp-content\\\/uploads\\\/2023\\\/04\\\/logo.png\",\"contentUrl\":\"https:\\\/\\\/redfoxlotto.com\\\/wp-content\\\/uploads\\\/2023\\\/04\\\/logo.png\",\"width\":269,\"height\":53,\"caption\":\"Get Tickets for the World\u2019s largest jackpots\"},\"image\":{\"@id\":\"https:\\\/\\\/redfoxlotto.com\\\/lv\\\/#\\\/schema\\\/logo\\\/image\\\/\"}}]}<\/script>\n<!-- \/ Yoast SEO plugin. -->","yoast_head_json":{"title":"Tie\u0161saistes Loterija | P\u0113rciet bi\u013cetes uz pasaul\u0113 liel\u0101kajiem loto d\u017eekpotiem","description":"Pasaul\u0113 liel\u0101kie loteriju d\u017eekpoti pieejami no jebkurienes \u2013 ieg\u0101d\u0101jieties savas loterijas bi\u013cetes tie\u0161saist\u0113 tagad!","robots":{"index":"index","follow":"follow","max-snippet":"max-snippet:-1","max-image-preview":"max-image-preview:large","max-video-preview":"max-video-preview:-1"},"canonical":"https:\/\/redfoxlotto.com\/lv\/","og_locale":"lv_LV","og_type":"article","og_title":"Tie\u0161saistes Loterija | P\u0113rciet bi\u013cetes uz pasaul\u0113 liel\u0101kajiem loto d\u017eekpotiem","og_description":"Pasaul\u0113 liel\u0101kie loteriju d\u017eekpoti pieejami no jebkurienes \u2013 ieg\u0101d\u0101jieties savas loterijas bi\u013cetes tie\u0161saist\u0113 tagad!","og_url":"https:\/\/redfoxlotto.com\/lv\/","og_site_name":"Get Tickets for the World\u2019s largest jackpots","article_modified_time":"2026-01-06T08:51:56+00:00","og_image":[{"url":"https:\/\/redfoxlotto.com\/wp-content\/uploads\/2024\/03\/Balls_2.png","type":"","width":"","height":""}],"twitter_card":"summary_large_image","twitter_misc":{"Est. reading time":"4 minutes"},"schema":{"@context":"https:\/\/schema.org","@graph":[{"@type":"WebPage","@id":"https:\/\/redfoxlotto.com\/lv\/","url":"https:\/\/redfoxlotto.com\/lv\/","name":"Tie\u0161saistes Loterija | P\u0113rciet bi\u013cetes uz pasaul\u0113 liel\u0101kajiem loto d\u017eekpotiem","isPartOf":{"@id":"https:\/\/redfoxlotto.com\/lv\/#website"},"primaryImageOfPage":{"@id":"https:\/\/redfoxlotto.com\/lv\/#primaryimage"},"image":{"@id":"https:\/\/redfoxlotto.com\/lv\/#primaryimage"},"thumbnailUrl":"https:\/\/redfoxlotto.com\/wp-content\/uploads\/2024\/03\/Balls_2.png","datePublished":"2023-04-13T18:01:41+00:00","dateModified":"2026-01-06T08:51:56+00:00","description":"Pasaul\u0113 liel\u0101kie loteriju d\u017eekpoti pieejami no jebkurienes \u2013 ieg\u0101d\u0101jieties savas loterijas bi\u013cetes tie\u0161saist\u0113 tagad!","breadcrumb":{"@id":"https:\/\/redfoxlotto.com\/lv\/#breadcrumb"},"inLanguage":"lv-LV","potentialAction":[{"@type":"ReadAction","target":["https:\/\/redfoxlotto.com\/lv\/"]}]},{"@type":"ImageObject","inLanguage":"lv-LV","@id":"https:\/\/redfoxlotto.com\/lv\/#primaryimage","url":"https:\/\/redfoxlotto.com\/wp-content\/uploads\/2024\/03\/Balls_2.png","contentUrl":"https:\/\/redfoxlotto.com\/wp-content\/uploads\/2024\/03\/Balls_2.png"},{"@type":"BreadcrumbList","@id":"https:\/\/redfoxlotto.com\/lv\/#breadcrumb","itemListElement":[{"@type":"ListItem","position":1,"name":"Home","item":"https:\/\/redfoxlotto.com\/lv\/"},{"@type":"ListItem","position":2,"name":"Sp\u0113l\u0113jiet liel\u0101k\u0101s loterijas pasaul\u0113, neatkar\u012bgi no J\u016bsu valsts"}]},{"@type":"WebSite","@id":"https:\/\/redfoxlotto.com\/lv\/#website","url":"https:\/\/redfoxlotto.com\/lv\/","name":"Get Tickets for the World\u2019s largest jackpots","description":"Participate in worldwide lottery jackpots from any country","publisher":{"@id":"https:\/\/redfoxlotto.com\/lv\/#organization"},"potentialAction":[{"@type":"SearchAction","target":{"@type":"EntryPoint","urlTemplate":"https:\/\/redfoxlotto.com\/lv\/?s={search_term_string}"},"query-input":{"@type":"PropertyValueSpecification","valueRequired":true,"valueName":"search_term_string"}}],"inLanguage":"lv-LV"},{"@type":"Organization","@id":"https:\/\/redfoxlotto.com\/lv\/#organization","name":"Get Tickets for the World\u2019s largest jackpots","url":"https:\/\/redfoxlotto.com\/lv\/","logo":{"@type":"ImageObject","inLanguage":"lv-LV","@id":"https:\/\/redfoxlotto.com\/lv\/#\/schema\/logo\/image\/","url":"https:\/\/redfoxlotto.com\/wp-content\/uploads\/2023\/04\/logo.png","contentUrl":"https:\/\/redfoxlotto.com\/wp-content\/uploads\/2023\/04\/logo.png","width":269,"height":53,"caption":"Get Tickets for the World\u2019s largest jackpots"},"image":{"@id":"https:\/\/redfoxlotto.com\/lv\/#\/schema\/logo\/image\/"}}]}},"_links":{"self":[{"href":"https:\/\/redfoxlotto.com\/lv\/wp-json\/wp\/v2\/pages\/49868","targetHints":{"allow":["GET"]}}],"collection":[{"href":"https:\/\/redfoxlotto.com\/lv\/wp-json\/wp\/v2\/pages"}],"about":[{"href":"https:\/\/redfoxlotto.com\/lv\/wp-json\/wp\/v2\/types\/page"}],"author":[{"embeddable":true,"href":"https:\/\/redfoxlotto.com\/lv\/wp-json\/wp\/v2\/users\/1"}],"replies":[{"embeddable":true,"href":"https:\/\/redfoxlotto.com\/lv\/wp-json\/wp\/v2\/comments?post=49868"}],"version-history":[{"count":0,"href":"https:\/\/redfoxlotto.com\/lv\/wp-json\/wp\/v2\/pages\/49868\/revisions"}],"wp:attachment":[{"href":"https:\/\/redfoxlotto.com\/lv\/wp-json\/wp\/v2\/media?parent=49868"}],"curies":[{"name":"wp","href":"https:\/\/api.w.org\/{rel}","templated":true}]}}