{"id":18280,"date":"2020-08-18T09:11:18","date_gmt":"2020-08-18T09:11:18","guid":{"rendered":"https:\/\/redfoxlotto.com\/?page_id=18280"},"modified":"2021-01-07T10:51:45","modified_gmt":"2021-01-07T10:51:45","slug":"lotto-america","status":"publish","type":"page","link":"https:\/\/redfoxlotto.com\/lv\/rezultati\/lotto-america\/","title":{"rendered":"Lotto America Rezult\u0101ti"},"content":{"rendered":"<h2 class=\"wp-block-heading\">Apskatiet rezult\u0101tus un p\u0101rbaudiet vai esat laim\u0113ju\u0161i Lotto America?<\/h2><p><img loading=\"lazy\" decoding=\"async\" class=\" wp-image alignright\" src=\"https:\/\/content.redfoxlotto.com\/uploads\/sites\/9\/1_draw_results_lotto.jpg\" alt=\"z\u012bm\u0113t rezult\u0101tu loto amerika\" width=\"275\" height=\"194\" \/><\/p><p>P\u0113c tam, kad b\u016bsiet izv\u0113l\u0113ju\u0161ies savus skait\u013cus un ieg\u0101d\u0101ju\u0161ies savu bi\u013ceti, k\u0101 j\u016bs uzzin\u0101siet, vai esat ko laim\u0113ju\u0161i? Tas ir \u013coti vienk\u0101r\u0161i. Viss, kas jums j\u0101dara, ir j\u0101dodas uz RedFoxLotto. Ja neieg\u0101d\u0101j\u0101ties bi\u013cetes, jums t\u0101pat b\u016bs iesp\u0113ja apskat\u012bt jaun\u0101kos laim\u012bgos skait\u013cus vis\u0101m nesen\u0101kaj\u0101m sp\u0113l\u0113m.<\/p><p>Ja sp\u0113l\u0113j\u0101t loteriju, var\u0113siet ien\u0101kt sav\u0101 profil\u0101 un apskat\u012bt laim\u012bgos skait\u013cus un k\u0101 tie sakr\u012bt ar j\u016bsu bi\u013ce\u0161u skait\u013ciem. Jums b\u016bs iesp\u0113ja apskat\u012bt k\u0101di skat\u013ci sakrita un k\u0101ds ir j\u016bsu laimests, ko esat nopeln\u012bju\u0161i.<\/p><h2 class=\"wp-block-heading\">Laimests Lotto america<\/h2><p><img decoding=\"async\" class=\"size-full wp-image alignright\" src=\"https:\/\/content.redfoxlotto.com\/uploads\/sites\/9\/1_winner_lottery1.jpg\" alt=\"Amerik\u0101\u0146u loterijas uzvar\u0113t\u0101js\"><\/p><p>Ja laim\u0113j\u0101t Lotto america vai jebkur\u0101 cit\u0101 tie\u0161saistes loterijas sp\u0113l\u0113, m\u0113s par\u016bp\u0113simier par laimesta sa\u0146em\u0161anu. Maz\u0101kas balvas tiks izmaks\u0101tas uzreiz k\u0101 tiks public\u0113ti rezult\u0101ti. Jums nekas neb\u016bs j\u0101dara, lai sa\u0146emtu \u0161\u012bs balvas. Un \u0161ie laimesti tiks pievienoti j\u016bsu kontam, lai j\u016bs var\u0113tu \u0161o naudu iz\u0146emt vai izmantot to, lai ieg\u0101d\u0101tos jaunu bi\u013ceti.<\/p><p>Ja laim\u0113siet liel\u0101kas naudas balvas, tad b\u016bs j\u0101nok\u0101rto papildus pras\u012bbas, atkar\u012bb\u0101 no konkr\u0113t\u0101s loterijas, ko sp\u0113l\u0113j\u0101t. T\u0101d\u0101 gad\u012bjum\u0101 m\u0113s visu atvieglosim, cik vien tas iesp\u0113jams, lai j\u016bs var\u0113tu sa\u0146emt savu laimestu bez probl\u0113m\u0101m. M\u016bsu klientu atbalsta komanda par\u016bp\u0113sies par visu procesu. T\u0101d\u0101 veid\u0101, j\u016bs var\u0113siet sa\u0146emt savu naudu cik \u0101tri vien iesp\u0113jams. D\u017eekpota balv\u0101m jums b\u016bs j\u0101aizpilda da\u017e\u0101di dokumenti un j\u0101ies\u016bta papildus dokumenti verifik\u0101cijai.<\/p>","protected":false},"excerpt":{"rendered":"<p>Apskatiet rezult\u0101tus un p\u0101rbaudiet vai esat laim\u0113ju\u0161i Lotto America? P\u0113c tam, kad b\u016bsiet izv\u0113l\u0113ju\u0161ies savus skait\u013cus un ieg\u0101d\u0101ju\u0161ies savu bi\u013ceti, k\u0101 j\u016bs uzzin\u0101siet, vai esat ko laim\u0113ju\u0161i? Tas ir \u013coti vienk\u0101r\u0161i. Viss, kas jums j\u0101dara, ir j\u0101dodas uz RedFoxLotto. Ja neieg\u0101d\u0101j\u0101ties bi\u013cetes, jums t\u0101pat b\u016bs iesp\u0113ja apskat\u012bt jaun\u0101kos laim\u012bgos skait\u013cus vis\u0101m nesen\u0101kaj\u0101m sp\u0113l\u0113m. Ja sp\u0113l\u0113j\u0101t [&hellip;]<\/p>\n","protected":false},"author":1,"featured_media":0,"parent":17007,"menu_order":12,"comment_status":"closed","ping_status":"closed","template":"lotto-america-results.php","meta":{"_et_pb_use_builder":"","_et_pb_old_content":"","_et_gb_content_width":"","exclude_from_search":false,"footnotes":""},"class_list":["post-18280","page","type-page","status-publish","hentry"],"yoast_head":"<!-- This site is optimized with the Yoast SEO plugin v27.4 - https:\/\/yoast.com\/product\/yoast-seo-wordpress\/ -->\n<title>Lotto America izlozes rezult\u0101ti, laim\u012bgie skait\u013ci<\/title>\n<meta name=\"description\" content=\"\u0160\u012bs ned\u0113\u013cas Lotto America laim\u012bgie skait\u013ci, k\u0101 ar\u012b rezult\u0101tu arh\u012bvs\" \/>\n<meta name=\"robots\" content=\"index, follow, max-snippet:-1, max-image-preview:large, max-video-preview:-1\" \/>\n<link rel=\"canonical\" href=\"https:\/\/redfoxlotto.com\/lv\/rezultati\/lotto-america\/\" \/>\n<meta property=\"og:locale\" content=\"lv_LV\" \/>\n<meta property=\"og:type\" content=\"article\" \/>\n<meta property=\"og:title\" content=\"Lotto America izlozes rezult\u0101ti, laim\u012bgie skait\u013ci\" \/>\n<meta property=\"og:description\" content=\"\u0160\u012bs ned\u0113\u013cas Lotto America laim\u012bgie skait\u013ci, k\u0101 ar\u012b rezult\u0101tu arh\u012bvs\" \/>\n<meta property=\"og:url\" content=\"https:\/\/redfoxlotto.com\/lv\/rezultati\/lotto-america\/\" \/>\n<meta property=\"og:site_name\" content=\"Get Tickets for the World\u2019s largest jackpots\" \/>\n<meta property=\"article:modified_time\" content=\"2021-01-07T10:51:45+00:00\" \/>\n<meta property=\"og:image\" content=\"https:\/\/content.redfoxlotto.com\/uploads\/sites\/9\/1_draw_results_lotto.jpg\" \/>\n<meta name=\"twitter:card\" content=\"summary_large_image\" \/>\n<meta name=\"twitter:label1\" content=\"Est. reading time\" \/>\n\t<meta name=\"twitter:data1\" content=\"2 minutes\" \/>\n<script type=\"application\/ld+json\" class=\"yoast-schema-graph\">{\"@context\":\"https:\\\/\\\/schema.org\",\"@graph\":[{\"@type\":\"WebPage\",\"@id\":\"https:\\\/\\\/redfoxlotto.com\\\/lv\\\/rezultati\\\/lotto-america\\\/\",\"url\":\"https:\\\/\\\/redfoxlotto.com\\\/lv\\\/rezultati\\\/lotto-america\\\/\",\"name\":\"Lotto America izlozes rezult\u0101ti, laim\u012bgie skait\u013ci\",\"isPartOf\":{\"@id\":\"https:\\\/\\\/redfoxlotto.com\\\/lv\\\/#website\"},\"primaryImageOfPage\":{\"@id\":\"https:\\\/\\\/redfoxlotto.com\\\/lv\\\/rezultati\\\/lotto-america\\\/#primaryimage\"},\"image\":{\"@id\":\"https:\\\/\\\/redfoxlotto.com\\\/lv\\\/rezultati\\\/lotto-america\\\/#primaryimage\"},\"thumbnailUrl\":\"https:\\\/\\\/content.redfoxlotto.com\\\/uploads\\\/sites\\\/9\\\/1_draw_results_lotto.jpg\",\"datePublished\":\"2020-08-18T09:11:18+00:00\",\"dateModified\":\"2021-01-07T10:51:45+00:00\",\"description\":\"\u0160\u012bs ned\u0113\u013cas Lotto America laim\u012bgie skait\u013ci, k\u0101 ar\u012b rezult\u0101tu arh\u012bvs\",\"breadcrumb\":{\"@id\":\"https:\\\/\\\/redfoxlotto.com\\\/lv\\\/rezultati\\\/lotto-america\\\/#breadcrumb\"},\"inLanguage\":\"lv-LV\",\"potentialAction\":[{\"@type\":\"ReadAction\",\"target\":[\"https:\\\/\\\/redfoxlotto.com\\\/lv\\\/rezultati\\\/lotto-america\\\/\"]}]},{\"@type\":\"ImageObject\",\"inLanguage\":\"lv-LV\",\"@id\":\"https:\\\/\\\/redfoxlotto.com\\\/lv\\\/rezultati\\\/lotto-america\\\/#primaryimage\",\"url\":\"https:\\\/\\\/content.redfoxlotto.com\\\/uploads\\\/sites\\\/9\\\/1_draw_results_lotto.jpg\",\"contentUrl\":\"https:\\\/\\\/content.redfoxlotto.com\\\/uploads\\\/sites\\\/9\\\/1_draw_results_lotto.jpg\"},{\"@type\":\"BreadcrumbList\",\"@id\":\"https:\\\/\\\/redfoxlotto.com\\\/lv\\\/rezultati\\\/lotto-america\\\/#breadcrumb\",\"itemListElement\":[{\"@type\":\"ListItem\",\"position\":1,\"name\":\"Home\",\"item\":\"https:\\\/\\\/redfoxlotto.com\\\/lv\\\/\"},{\"@type\":\"ListItem\",\"position\":2,\"name\":\"Starptautisko loteriju rezult\u0101ti\",\"item\":\"https:\\\/\\\/redfoxlotto.com\\\/lv\\\/rezultati\\\/\"},{\"@type\":\"ListItem\",\"position\":3,\"name\":\"Lotto America Rezult\u0101ti\"}]},{\"@type\":\"WebSite\",\"@id\":\"https:\\\/\\\/redfoxlotto.com\\\/lv\\\/#website\",\"url\":\"https:\\\/\\\/redfoxlotto.com\\\/lv\\\/\",\"name\":\"Get Tickets for the World\u2019s largest jackpots\",\"description\":\"Participate in worldwide lottery jackpots from any country\",\"publisher\":{\"@id\":\"https:\\\/\\\/redfoxlotto.com\\\/lv\\\/#organization\"},\"potentialAction\":[{\"@type\":\"SearchAction\",\"target\":{\"@type\":\"EntryPoint\",\"urlTemplate\":\"https:\\\/\\\/redfoxlotto.com\\\/lv\\\/?s={search_term_string}\"},\"query-input\":{\"@type\":\"PropertyValueSpecification\",\"valueRequired\":true,\"valueName\":\"search_term_string\"}}],\"inLanguage\":\"lv-LV\"},{\"@type\":\"Organization\",\"@id\":\"https:\\\/\\\/redfoxlotto.com\\\/lv\\\/#organization\",\"name\":\"Get Tickets for the World\u2019s largest jackpots\",\"url\":\"https:\\\/\\\/redfoxlotto.com\\\/lv\\\/\",\"logo\":{\"@type\":\"ImageObject\",\"inLanguage\":\"lv-LV\",\"@id\":\"https:\\\/\\\/redfoxlotto.com\\\/lv\\\/#\\\/schema\\\/logo\\\/image\\\/\",\"url\":\"https:\\\/\\\/redfoxlotto.com\\\/wp-content\\\/uploads\\\/2023\\\/04\\\/logo.png\",\"contentUrl\":\"https:\\\/\\\/redfoxlotto.com\\\/wp-content\\\/uploads\\\/2023\\\/04\\\/logo.png\",\"width\":269,\"height\":53,\"caption\":\"Get Tickets for the World\u2019s largest jackpots\"},\"image\":{\"@id\":\"https:\\\/\\\/redfoxlotto.com\\\/lv\\\/#\\\/schema\\\/logo\\\/image\\\/\"}}]}<\/script>\n<!-- \/ Yoast SEO plugin. -->","yoast_head_json":{"title":"Lotto America izlozes rezult\u0101ti, laim\u012bgie skait\u013ci","description":"\u0160\u012bs ned\u0113\u013cas Lotto America laim\u012bgie skait\u013ci, k\u0101 ar\u012b rezult\u0101tu arh\u012bvs","robots":{"index":"index","follow":"follow","max-snippet":"max-snippet:-1","max-image-preview":"max-image-preview:large","max-video-preview":"max-video-preview:-1"},"canonical":"https:\/\/redfoxlotto.com\/lv\/rezultati\/lotto-america\/","og_locale":"lv_LV","og_type":"article","og_title":"Lotto America izlozes rezult\u0101ti, laim\u012bgie skait\u013ci","og_description":"\u0160\u012bs ned\u0113\u013cas Lotto America laim\u012bgie skait\u013ci, k\u0101 ar\u012b rezult\u0101tu arh\u012bvs","og_url":"https:\/\/redfoxlotto.com\/lv\/rezultati\/lotto-america\/","og_site_name":"Get Tickets for the World\u2019s largest jackpots","article_modified_time":"2021-01-07T10:51:45+00:00","og_image":[{"url":"https:\/\/content.redfoxlotto.com\/uploads\/sites\/9\/1_draw_results_lotto.jpg","type":"","width":"","height":""}],"twitter_card":"summary_large_image","twitter_misc":{"Est. reading time":"2 minutes"},"schema":{"@context":"https:\/\/schema.org","@graph":[{"@type":"WebPage","@id":"https:\/\/redfoxlotto.com\/lv\/rezultati\/lotto-america\/","url":"https:\/\/redfoxlotto.com\/lv\/rezultati\/lotto-america\/","name":"Lotto America izlozes rezult\u0101ti, laim\u012bgie skait\u013ci","isPartOf":{"@id":"https:\/\/redfoxlotto.com\/lv\/#website"},"primaryImageOfPage":{"@id":"https:\/\/redfoxlotto.com\/lv\/rezultati\/lotto-america\/#primaryimage"},"image":{"@id":"https:\/\/redfoxlotto.com\/lv\/rezultati\/lotto-america\/#primaryimage"},"thumbnailUrl":"https:\/\/content.redfoxlotto.com\/uploads\/sites\/9\/1_draw_results_lotto.jpg","datePublished":"2020-08-18T09:11:18+00:00","dateModified":"2021-01-07T10:51:45+00:00","description":"\u0160\u012bs ned\u0113\u013cas Lotto America laim\u012bgie skait\u013ci, k\u0101 ar\u012b rezult\u0101tu arh\u012bvs","breadcrumb":{"@id":"https:\/\/redfoxlotto.com\/lv\/rezultati\/lotto-america\/#breadcrumb"},"inLanguage":"lv-LV","potentialAction":[{"@type":"ReadAction","target":["https:\/\/redfoxlotto.com\/lv\/rezultati\/lotto-america\/"]}]},{"@type":"ImageObject","inLanguage":"lv-LV","@id":"https:\/\/redfoxlotto.com\/lv\/rezultati\/lotto-america\/#primaryimage","url":"https:\/\/content.redfoxlotto.com\/uploads\/sites\/9\/1_draw_results_lotto.jpg","contentUrl":"https:\/\/content.redfoxlotto.com\/uploads\/sites\/9\/1_draw_results_lotto.jpg"},{"@type":"BreadcrumbList","@id":"https:\/\/redfoxlotto.com\/lv\/rezultati\/lotto-america\/#breadcrumb","itemListElement":[{"@type":"ListItem","position":1,"name":"Home","item":"https:\/\/redfoxlotto.com\/lv\/"},{"@type":"ListItem","position":2,"name":"Starptautisko loteriju rezult\u0101ti","item":"https:\/\/redfoxlotto.com\/lv\/rezultati\/"},{"@type":"ListItem","position":3,"name":"Lotto America Rezult\u0101ti"}]},{"@type":"WebSite","@id":"https:\/\/redfoxlotto.com\/lv\/#website","url":"https:\/\/redfoxlotto.com\/lv\/","name":"Get Tickets for the World\u2019s largest jackpots","description":"Participate in worldwide lottery jackpots from any country","publisher":{"@id":"https:\/\/redfoxlotto.com\/lv\/#organization"},"potentialAction":[{"@type":"SearchAction","target":{"@type":"EntryPoint","urlTemplate":"https:\/\/redfoxlotto.com\/lv\/?s={search_term_string}"},"query-input":{"@type":"PropertyValueSpecification","valueRequired":true,"valueName":"search_term_string"}}],"inLanguage":"lv-LV"},{"@type":"Organization","@id":"https:\/\/redfoxlotto.com\/lv\/#organization","name":"Get Tickets for the World\u2019s largest jackpots","url":"https:\/\/redfoxlotto.com\/lv\/","logo":{"@type":"ImageObject","inLanguage":"lv-LV","@id":"https:\/\/redfoxlotto.com\/lv\/#\/schema\/logo\/image\/","url":"https:\/\/redfoxlotto.com\/wp-content\/uploads\/2023\/04\/logo.png","contentUrl":"https:\/\/redfoxlotto.com\/wp-content\/uploads\/2023\/04\/logo.png","width":269,"height":53,"caption":"Get Tickets for the World\u2019s largest jackpots"},"image":{"@id":"https:\/\/redfoxlotto.com\/lv\/#\/schema\/logo\/image\/"}}]}},"_links":{"self":[{"href":"https:\/\/redfoxlotto.com\/lv\/wp-json\/wp\/v2\/pages\/18280","targetHints":{"allow":["GET"]}}],"collection":[{"href":"https:\/\/redfoxlotto.com\/lv\/wp-json\/wp\/v2\/pages"}],"about":[{"href":"https:\/\/redfoxlotto.com\/lv\/wp-json\/wp\/v2\/types\/page"}],"author":[{"embeddable":true,"href":"https:\/\/redfoxlotto.com\/lv\/wp-json\/wp\/v2\/users\/1"}],"replies":[{"embeddable":true,"href":"https:\/\/redfoxlotto.com\/lv\/wp-json\/wp\/v2\/comments?post=18280"}],"version-history":[{"count":0,"href":"https:\/\/redfoxlotto.com\/lv\/wp-json\/wp\/v2\/pages\/18280\/revisions"}],"up":[{"embeddable":true,"href":"https:\/\/redfoxlotto.com\/lv\/wp-json\/wp\/v2\/pages\/17007"}],"wp:attachment":[{"href":"https:\/\/redfoxlotto.com\/lv\/wp-json\/wp\/v2\/media?parent=18280"}],"curies":[{"name":"wp","href":"https:\/\/api.w.org\/{rel}","templated":true}]}}