{"id":18266,"date":"2020-08-18T09:08:19","date_gmt":"2020-08-18T09:08:19","guid":{"rendered":"https:\/\/redfoxlotto.com\/?page_id=18266"},"modified":"2021-01-07T10:50:13","modified_gmt":"2021-01-07T10:50:13","slug":"thunderball","status":"publish","type":"page","link":"https:\/\/redfoxlotto.com\/lv\/rezultati\/thunderball\/","title":{"rendered":"Thunderball Rezult\u0101ti"},"content":{"rendered":"<h2 class=\"wp-block-heading\">Thunderball Lielbrit\u0101nijas Loto Laim\u012bgie Skait\u013ci<\/h2><p><img loading=\"lazy\" decoding=\"async\" class=\" wp-image alignright\" src=\"https:\/\/content.redfoxlotto.com\/uploads\/sites\/9\/1_online_lotto_results.jpg\" alt=\"P\u0113rkona bumbas rezult\u0101ti\" width=\"244\" height=\"244\" \/><\/p><p>Apskat\u012bt Thunderball Lielbrit\u0101nijas Loto izloz\u0113tos skait\u013cus ir \u013coti vienk\u0101r\u0161i.<\/p><h2 class=\"wp-block-heading\">Aktu\u0101lo Skait\u013cu P\u0101rbaud\u012b\u0161ana<\/h2><p>Ja esat sp\u0113l\u0113ju\u0161i \u0161o sp\u0113li un v\u0113laties p\u0101rbaud\u012bt jaun\u0101kos laim\u012bgos skait\u013cus, j\u016bs varat doties uz savu profilu, tad atv\u0113rt \u2018Manas Bi\u013cetes\u2019. No turienes, j\u016bs var\u0113siet apskat\u012bt, k\u0101 j\u016bsu izv\u0113l\u0113tie skait\u013ci sakr\u012bt ar izloz\u0113tajiem skait\u013ciem.<\/p><h2 class=\"wp-block-heading\">Vec\u0101ki Thunderball Lielbrit\u0101nijas Loto Laim\u012bgie Skait\u013ci<\/h2><p><img loading=\"lazy\" decoding=\"async\" class=\" wp-image alignright\" src=\"https:\/\/content.redfoxlotto.com\/uploads\/sites\/9\/1_winner_lottery_jackpot.jpg\" alt=\"laim\u0113ju\u0161ie loterijas numuri\" width=\"282\" height=\"169\" \/><\/p><p>JA jums nepiecie\u0161ams apskat\u012bt vec\u0101ku loteriju rezult\u0101tus no Thunderball Lielbrit\u0101nijas Loto, j\u016bs varat apskat\u012bt rezult\u0101tu arh\u012bvu, lai apskat\u012btu papildus inform\u0101ciju, kas jums var\u0113tu noder\u0113t. J\u016bs varat ar\u012b apskat\u012bt daudz sen\u0101kas izlozes rezult\u0101tus.<\/p>","protected":false},"excerpt":{"rendered":"<p>Thunderball Lielbrit\u0101nijas Loto Laim\u012bgie Skait\u013ci Apskat\u012bt Thunderball Lielbrit\u0101nijas Loto izloz\u0113tos skait\u013cus ir \u013coti vienk\u0101r\u0161i. Aktu\u0101lo Skait\u013cu P\u0101rbaud\u012b\u0161ana Ja esat sp\u0113l\u0113ju\u0161i \u0161o sp\u0113li un v\u0113laties p\u0101rbaud\u012bt jaun\u0101kos laim\u012bgos skait\u013cus, j\u016bs varat doties uz savu profilu, tad atv\u0113rt \u2018Manas Bi\u013cetes\u2019. No turienes, j\u016bs var\u0113siet apskat\u012bt, k\u0101 j\u016bsu izv\u0113l\u0113tie skait\u013ci sakr\u012bt ar izloz\u0113tajiem skait\u013ciem. Vec\u0101ki Thunderball Lielbrit\u0101nijas Loto [&hellip;]<\/p>\n","protected":false},"author":1,"featured_media":0,"parent":17007,"menu_order":11,"comment_status":"closed","ping_status":"closed","template":"thunderball-results.php","meta":{"_et_pb_use_builder":"","_et_pb_old_content":"","_et_gb_content_width":"","exclude_from_search":false,"footnotes":""},"class_list":["post-18266","page","type-page","status-publish","hentry"],"yoast_head":"<!-- This site is optimized with the Yoast SEO plugin v27.4 - https:\/\/yoast.com\/product\/yoast-seo-wordpress\/ -->\n<title>Pa\u0161reiz\u0113jie un nesen\u0101kie laim\u012bgie skait\u013ci un rezult\u0101ti no Thunderball UK<\/title>\n<meta name=\"description\" content=\"Sal\u012bdziniet savu loterijas bi\u013ce\u0161u skait\u013cus ar Thunderball izlozes rezult\u0101tiem \u0161eit\" \/>\n<meta name=\"robots\" content=\"index, follow, max-snippet:-1, max-image-preview:large, max-video-preview:-1\" \/>\n<link rel=\"canonical\" href=\"https:\/\/redfoxlotto.com\/lv\/rezultati\/thunderball\/\" \/>\n<meta property=\"og:locale\" content=\"lv_LV\" \/>\n<meta property=\"og:type\" content=\"article\" \/>\n<meta property=\"og:title\" content=\"Pa\u0161reiz\u0113jie un nesen\u0101kie laim\u012bgie skait\u013ci un rezult\u0101ti no Thunderball UK\" \/>\n<meta property=\"og:description\" content=\"Sal\u012bdziniet savu loterijas bi\u013ce\u0161u skait\u013cus ar Thunderball izlozes rezult\u0101tiem \u0161eit\" \/>\n<meta property=\"og:url\" content=\"https:\/\/redfoxlotto.com\/lv\/rezultati\/thunderball\/\" \/>\n<meta property=\"og:site_name\" content=\"Get Tickets for the World\u2019s largest jackpots\" \/>\n<meta property=\"article:modified_time\" content=\"2021-01-07T10:50:13+00:00\" \/>\n<meta property=\"og:image\" content=\"https:\/\/content.redfoxlotto.com\/uploads\/sites\/9\/1_online_lotto_results.jpg\" \/>\n<meta name=\"twitter:card\" content=\"summary_large_image\" \/>\n<meta name=\"twitter:label1\" content=\"Est. reading time\" \/>\n\t<meta name=\"twitter:data1\" content=\"1 minute\" \/>\n<script type=\"application\/ld+json\" class=\"yoast-schema-graph\">{\"@context\":\"https:\\\/\\\/schema.org\",\"@graph\":[{\"@type\":\"WebPage\",\"@id\":\"https:\\\/\\\/redfoxlotto.com\\\/lv\\\/rezultati\\\/thunderball\\\/\",\"url\":\"https:\\\/\\\/redfoxlotto.com\\\/lv\\\/rezultati\\\/thunderball\\\/\",\"name\":\"Pa\u0161reiz\u0113jie un nesen\u0101kie laim\u012bgie skait\u013ci un rezult\u0101ti no Thunderball UK\",\"isPartOf\":{\"@id\":\"https:\\\/\\\/redfoxlotto.com\\\/lv\\\/#website\"},\"primaryImageOfPage\":{\"@id\":\"https:\\\/\\\/redfoxlotto.com\\\/lv\\\/rezultati\\\/thunderball\\\/#primaryimage\"},\"image\":{\"@id\":\"https:\\\/\\\/redfoxlotto.com\\\/lv\\\/rezultati\\\/thunderball\\\/#primaryimage\"},\"thumbnailUrl\":\"https:\\\/\\\/content.redfoxlotto.com\\\/uploads\\\/sites\\\/9\\\/1_online_lotto_results.jpg\",\"datePublished\":\"2020-08-18T09:08:19+00:00\",\"dateModified\":\"2021-01-07T10:50:13+00:00\",\"description\":\"Sal\u012bdziniet savu loterijas bi\u013ce\u0161u skait\u013cus ar Thunderball izlozes rezult\u0101tiem \u0161eit\",\"breadcrumb\":{\"@id\":\"https:\\\/\\\/redfoxlotto.com\\\/lv\\\/rezultati\\\/thunderball\\\/#breadcrumb\"},\"inLanguage\":\"lv-LV\",\"potentialAction\":[{\"@type\":\"ReadAction\",\"target\":[\"https:\\\/\\\/redfoxlotto.com\\\/lv\\\/rezultati\\\/thunderball\\\/\"]}]},{\"@type\":\"ImageObject\",\"inLanguage\":\"lv-LV\",\"@id\":\"https:\\\/\\\/redfoxlotto.com\\\/lv\\\/rezultati\\\/thunderball\\\/#primaryimage\",\"url\":\"https:\\\/\\\/content.redfoxlotto.com\\\/uploads\\\/sites\\\/9\\\/1_online_lotto_results.jpg\",\"contentUrl\":\"https:\\\/\\\/content.redfoxlotto.com\\\/uploads\\\/sites\\\/9\\\/1_online_lotto_results.jpg\"},{\"@type\":\"BreadcrumbList\",\"@id\":\"https:\\\/\\\/redfoxlotto.com\\\/lv\\\/rezultati\\\/thunderball\\\/#breadcrumb\",\"itemListElement\":[{\"@type\":\"ListItem\",\"position\":1,\"name\":\"Home\",\"item\":\"https:\\\/\\\/redfoxlotto.com\\\/lv\\\/\"},{\"@type\":\"ListItem\",\"position\":2,\"name\":\"Starptautisko loteriju rezult\u0101ti\",\"item\":\"https:\\\/\\\/redfoxlotto.com\\\/lv\\\/rezultati\\\/\"},{\"@type\":\"ListItem\",\"position\":3,\"name\":\"Thunderball Rezult\u0101ti\"}]},{\"@type\":\"WebSite\",\"@id\":\"https:\\\/\\\/redfoxlotto.com\\\/lv\\\/#website\",\"url\":\"https:\\\/\\\/redfoxlotto.com\\\/lv\\\/\",\"name\":\"Get Tickets for the World\u2019s largest jackpots\",\"description\":\"Participate in worldwide lottery jackpots from any country\",\"publisher\":{\"@id\":\"https:\\\/\\\/redfoxlotto.com\\\/lv\\\/#organization\"},\"potentialAction\":[{\"@type\":\"SearchAction\",\"target\":{\"@type\":\"EntryPoint\",\"urlTemplate\":\"https:\\\/\\\/redfoxlotto.com\\\/lv\\\/?s={search_term_string}\"},\"query-input\":{\"@type\":\"PropertyValueSpecification\",\"valueRequired\":true,\"valueName\":\"search_term_string\"}}],\"inLanguage\":\"lv-LV\"},{\"@type\":\"Organization\",\"@id\":\"https:\\\/\\\/redfoxlotto.com\\\/lv\\\/#organization\",\"name\":\"Get Tickets for the World\u2019s largest jackpots\",\"url\":\"https:\\\/\\\/redfoxlotto.com\\\/lv\\\/\",\"logo\":{\"@type\":\"ImageObject\",\"inLanguage\":\"lv-LV\",\"@id\":\"https:\\\/\\\/redfoxlotto.com\\\/lv\\\/#\\\/schema\\\/logo\\\/image\\\/\",\"url\":\"https:\\\/\\\/redfoxlotto.com\\\/wp-content\\\/uploads\\\/2023\\\/04\\\/logo.png\",\"contentUrl\":\"https:\\\/\\\/redfoxlotto.com\\\/wp-content\\\/uploads\\\/2023\\\/04\\\/logo.png\",\"width\":269,\"height\":53,\"caption\":\"Get Tickets for the World\u2019s largest jackpots\"},\"image\":{\"@id\":\"https:\\\/\\\/redfoxlotto.com\\\/lv\\\/#\\\/schema\\\/logo\\\/image\\\/\"}}]}<\/script>\n<!-- \/ Yoast SEO plugin. -->","yoast_head_json":{"title":"Pa\u0161reiz\u0113jie un nesen\u0101kie laim\u012bgie skait\u013ci un rezult\u0101ti no Thunderball UK","description":"Sal\u012bdziniet savu loterijas bi\u013ce\u0161u skait\u013cus ar Thunderball izlozes rezult\u0101tiem \u0161eit","robots":{"index":"index","follow":"follow","max-snippet":"max-snippet:-1","max-image-preview":"max-image-preview:large","max-video-preview":"max-video-preview:-1"},"canonical":"https:\/\/redfoxlotto.com\/lv\/rezultati\/thunderball\/","og_locale":"lv_LV","og_type":"article","og_title":"Pa\u0161reiz\u0113jie un nesen\u0101kie laim\u012bgie skait\u013ci un rezult\u0101ti no Thunderball UK","og_description":"Sal\u012bdziniet savu loterijas bi\u013ce\u0161u skait\u013cus ar Thunderball izlozes rezult\u0101tiem \u0161eit","og_url":"https:\/\/redfoxlotto.com\/lv\/rezultati\/thunderball\/","og_site_name":"Get Tickets for the World\u2019s largest jackpots","article_modified_time":"2021-01-07T10:50:13+00:00","og_image":[{"url":"https:\/\/content.redfoxlotto.com\/uploads\/sites\/9\/1_online_lotto_results.jpg","type":"","width":"","height":""}],"twitter_card":"summary_large_image","twitter_misc":{"Est. reading time":"1 minute"},"schema":{"@context":"https:\/\/schema.org","@graph":[{"@type":"WebPage","@id":"https:\/\/redfoxlotto.com\/lv\/rezultati\/thunderball\/","url":"https:\/\/redfoxlotto.com\/lv\/rezultati\/thunderball\/","name":"Pa\u0161reiz\u0113jie un nesen\u0101kie laim\u012bgie skait\u013ci un rezult\u0101ti no Thunderball UK","isPartOf":{"@id":"https:\/\/redfoxlotto.com\/lv\/#website"},"primaryImageOfPage":{"@id":"https:\/\/redfoxlotto.com\/lv\/rezultati\/thunderball\/#primaryimage"},"image":{"@id":"https:\/\/redfoxlotto.com\/lv\/rezultati\/thunderball\/#primaryimage"},"thumbnailUrl":"https:\/\/content.redfoxlotto.com\/uploads\/sites\/9\/1_online_lotto_results.jpg","datePublished":"2020-08-18T09:08:19+00:00","dateModified":"2021-01-07T10:50:13+00:00","description":"Sal\u012bdziniet savu loterijas bi\u013ce\u0161u skait\u013cus ar Thunderball izlozes rezult\u0101tiem \u0161eit","breadcrumb":{"@id":"https:\/\/redfoxlotto.com\/lv\/rezultati\/thunderball\/#breadcrumb"},"inLanguage":"lv-LV","potentialAction":[{"@type":"ReadAction","target":["https:\/\/redfoxlotto.com\/lv\/rezultati\/thunderball\/"]}]},{"@type":"ImageObject","inLanguage":"lv-LV","@id":"https:\/\/redfoxlotto.com\/lv\/rezultati\/thunderball\/#primaryimage","url":"https:\/\/content.redfoxlotto.com\/uploads\/sites\/9\/1_online_lotto_results.jpg","contentUrl":"https:\/\/content.redfoxlotto.com\/uploads\/sites\/9\/1_online_lotto_results.jpg"},{"@type":"BreadcrumbList","@id":"https:\/\/redfoxlotto.com\/lv\/rezultati\/thunderball\/#breadcrumb","itemListElement":[{"@type":"ListItem","position":1,"name":"Home","item":"https:\/\/redfoxlotto.com\/lv\/"},{"@type":"ListItem","position":2,"name":"Starptautisko loteriju rezult\u0101ti","item":"https:\/\/redfoxlotto.com\/lv\/rezultati\/"},{"@type":"ListItem","position":3,"name":"Thunderball Rezult\u0101ti"}]},{"@type":"WebSite","@id":"https:\/\/redfoxlotto.com\/lv\/#website","url":"https:\/\/redfoxlotto.com\/lv\/","name":"Get Tickets for the World\u2019s largest jackpots","description":"Participate in worldwide lottery jackpots from any country","publisher":{"@id":"https:\/\/redfoxlotto.com\/lv\/#organization"},"potentialAction":[{"@type":"SearchAction","target":{"@type":"EntryPoint","urlTemplate":"https:\/\/redfoxlotto.com\/lv\/?s={search_term_string}"},"query-input":{"@type":"PropertyValueSpecification","valueRequired":true,"valueName":"search_term_string"}}],"inLanguage":"lv-LV"},{"@type":"Organization","@id":"https:\/\/redfoxlotto.com\/lv\/#organization","name":"Get Tickets for the World\u2019s largest jackpots","url":"https:\/\/redfoxlotto.com\/lv\/","logo":{"@type":"ImageObject","inLanguage":"lv-LV","@id":"https:\/\/redfoxlotto.com\/lv\/#\/schema\/logo\/image\/","url":"https:\/\/redfoxlotto.com\/wp-content\/uploads\/2023\/04\/logo.png","contentUrl":"https:\/\/redfoxlotto.com\/wp-content\/uploads\/2023\/04\/logo.png","width":269,"height":53,"caption":"Get Tickets for the World\u2019s largest jackpots"},"image":{"@id":"https:\/\/redfoxlotto.com\/lv\/#\/schema\/logo\/image\/"}}]}},"_links":{"self":[{"href":"https:\/\/redfoxlotto.com\/lv\/wp-json\/wp\/v2\/pages\/18266","targetHints":{"allow":["GET"]}}],"collection":[{"href":"https:\/\/redfoxlotto.com\/lv\/wp-json\/wp\/v2\/pages"}],"about":[{"href":"https:\/\/redfoxlotto.com\/lv\/wp-json\/wp\/v2\/types\/page"}],"author":[{"embeddable":true,"href":"https:\/\/redfoxlotto.com\/lv\/wp-json\/wp\/v2\/users\/1"}],"replies":[{"embeddable":true,"href":"https:\/\/redfoxlotto.com\/lv\/wp-json\/wp\/v2\/comments?post=18266"}],"version-history":[{"count":0,"href":"https:\/\/redfoxlotto.com\/lv\/wp-json\/wp\/v2\/pages\/18266\/revisions"}],"up":[{"embeddable":true,"href":"https:\/\/redfoxlotto.com\/lv\/wp-json\/wp\/v2\/pages\/17007"}],"wp:attachment":[{"href":"https:\/\/redfoxlotto.com\/lv\/wp-json\/wp\/v2\/media?parent=18266"}],"curies":[{"name":"wp","href":"https:\/\/api.w.org\/{rel}","templated":true}]}}