{"id":18215,"date":"2018-11-18T08:54:25","date_gmt":"2018-11-18T08:54:25","guid":{"rendered":"https:\/\/redfoxlotto.com\/?page_id=18215"},"modified":"2021-01-07T10:44:46","modified_gmt":"2021-01-07T10:44:46","slug":"el-gordo-primitiva","status":"publish","type":"page","link":"https:\/\/redfoxlotto.com\/lv\/rezultati\/el-gordo-primitiva\/","title":{"rendered":"El Gordo Rezult\u0101ti"},"content":{"rendered":"<p>Apskatiet jaun\u0101kos rezult\u0101tos no El Gordo \u0161eit, m\u016bsu m\u0101jaslap\u0101. Ja jums jau ir bi\u013cete, dodieties uz sava konta &#8220;Manas bi\u013cetes&#8221; sada\u013cu un j\u016bs uzreiz var\u0113siet apskat\u012bt, vai j\u016bsu bi\u013cete jau ir laim\u0113jusi.<\/p><p><img decoding=\"async\" class=\"size-full wp-image alignright\" src=\"https:\/\/content.redfoxlotto.com\/uploads\/sites\/9\/1_results_draw_numbers.jpg\" alt=\"Rezult\u0101tu loto\"><\/p><h2 class=\"wp-block-heading\">Rezult\u0101ti no El Gordo Navidad<\/h2><p>Ja sp\u0113l\u0113jat Sp\u0101nijas El Gordo, Ziemassv\u0113tku loteriju, varat gatavoties \u013coti \u012bpa\u0161ai izlozei. Tr\u012bs stundu ceremonij\u0101, kas norisin\u0101s 22. decembr\u012b, katru gadu, tiks izloz\u0113ti laim\u012bgie skait\u013ci. Izloze tiek p\u0101rraid\u012bta tie\u0161raid\u0113 telev\u012bzij\u0101. B\u016bs redzamas divs zelta bungas, viena no t\u0101m b\u016bs skait\u013ci no 00000 l\u012bdz 99999, un otr\u0101 b\u016bs bumbi\u0146as ar ieg\u016bto laimestu.<\/p><p>El Gordo rezult\u0101ti netiks vienk\u0101r\u0161i att\u0113loti, bet tos izdzied\u0101s ar\u012b b\u0113rnu koris no San Ildefenso skolas Madrid\u0113.<\/p>","protected":false},"excerpt":{"rendered":"<p>Apskatiet jaun\u0101kos rezult\u0101tos no El Gordo \u0161eit, m\u016bsu m\u0101jaslap\u0101. Ja jums jau ir bi\u013cete, dodieties uz sava konta &#8220;Manas bi\u013cetes&#8221; sada\u013cu un j\u016bs uzreiz var\u0113siet apskat\u012bt, vai j\u016bsu bi\u013cete jau ir laim\u0113jusi. Rezult\u0101ti no El Gordo Navidad Ja sp\u0113l\u0113jat Sp\u0101nijas El Gordo, Ziemassv\u0113tku loteriju, varat gatavoties \u013coti \u012bpa\u0161ai izlozei. Tr\u012bs stundu ceremonij\u0101, kas norisin\u0101s 22. [&hellip;]<\/p>\n","protected":false},"author":1,"featured_media":0,"parent":17007,"menu_order":6,"comment_status":"closed","ping_status":"closed","template":"el-gordo-results.php","meta":{"_et_pb_use_builder":"","_et_pb_old_content":"","_et_gb_content_width":"","exclude_from_search":false,"footnotes":""},"class_list":["post-18215","page","type-page","status-publish","hentry"],"yoast_head":"<!-- This site is optimized with the Yoast SEO plugin v23.8 - https:\/\/yoast.com\/wordpress\/plugins\/seo\/ -->\n<title>Rezult\u0101ti, laim\u012bgie skait\u013ci no Sp\u0101nijas El Gordo Loterijas<\/title>\n<meta name=\"description\" content=\"El Gordo, Ziemassv\u0113tki versija La Primitiva \u2013 t\u0101s rezult\u0101ti tiek atkl\u0101ti \u012bpa\u0161\u0101 pas\u0101kum\u0101!\" \/>\n<meta name=\"robots\" content=\"index, follow, max-snippet:-1, max-image-preview:large, max-video-preview:-1\" \/>\n<link rel=\"canonical\" href=\"https:\/\/redfoxlotto.com\/lv\/rezultati\/el-gordo-primitiva\/\" \/>\n<meta property=\"og:locale\" content=\"lv_LV\" \/>\n<meta property=\"og:type\" content=\"article\" \/>\n<meta property=\"og:title\" content=\"Rezult\u0101ti, laim\u012bgie skait\u013ci no Sp\u0101nijas El Gordo Loterijas\" \/>\n<meta property=\"og:description\" content=\"El Gordo, Ziemassv\u0113tki versija La Primitiva \u2013 t\u0101s rezult\u0101ti tiek atkl\u0101ti \u012bpa\u0161\u0101 pas\u0101kum\u0101!\" \/>\n<meta property=\"og:url\" content=\"https:\/\/redfoxlotto.com\/lv\/rezultati\/el-gordo-primitiva\/\" \/>\n<meta property=\"og:site_name\" content=\"Get Tickets for the World\u2019s largest jackpots\" \/>\n<meta property=\"article:modified_time\" content=\"2021-01-07T10:44:46+00:00\" \/>\n<meta property=\"og:image\" content=\"https:\/\/content.redfoxlotto.com\/uploads\/sites\/9\/1_results_draw_numbers.jpg\" \/>\n<meta name=\"twitter:card\" content=\"summary_large_image\" \/>\n<meta name=\"twitter:label1\" content=\"Est. reading time\" \/>\n\t<meta name=\"twitter:data1\" content=\"1 minute\" \/>\n<script type=\"application\/ld+json\" class=\"yoast-schema-graph\">{\"@context\":\"https:\/\/schema.org\",\"@graph\":[{\"@type\":\"WebPage\",\"@id\":\"https:\/\/redfoxlotto.com\/lv\/rezultati\/el-gordo-primitiva\/\",\"url\":\"https:\/\/redfoxlotto.com\/lv\/rezultati\/el-gordo-primitiva\/\",\"name\":\"Rezult\u0101ti, laim\u012bgie skait\u013ci no Sp\u0101nijas El Gordo Loterijas\",\"isPartOf\":{\"@id\":\"https:\/\/redfoxlotto.com\/lv\/#website\"},\"primaryImageOfPage\":{\"@id\":\"https:\/\/redfoxlotto.com\/lv\/rezultati\/el-gordo-primitiva\/#primaryimage\"},\"image\":{\"@id\":\"https:\/\/redfoxlotto.com\/lv\/rezultati\/el-gordo-primitiva\/#primaryimage\"},\"thumbnailUrl\":\"https:\/\/content.redfoxlotto.com\/uploads\/sites\/9\/1_results_draw_numbers.jpg\",\"datePublished\":\"2018-11-18T08:54:25+00:00\",\"dateModified\":\"2021-01-07T10:44:46+00:00\",\"description\":\"El Gordo, Ziemassv\u0113tki versija La Primitiva \u2013 t\u0101s rezult\u0101ti tiek atkl\u0101ti \u012bpa\u0161\u0101 pas\u0101kum\u0101!\",\"breadcrumb\":{\"@id\":\"https:\/\/redfoxlotto.com\/lv\/rezultati\/el-gordo-primitiva\/#breadcrumb\"},\"inLanguage\":\"lv-LV\",\"potentialAction\":[{\"@type\":\"ReadAction\",\"target\":[\"https:\/\/redfoxlotto.com\/lv\/rezultati\/el-gordo-primitiva\/\"]}]},{\"@type\":\"ImageObject\",\"inLanguage\":\"lv-LV\",\"@id\":\"https:\/\/redfoxlotto.com\/lv\/rezultati\/el-gordo-primitiva\/#primaryimage\",\"url\":\"https:\/\/content.redfoxlotto.com\/uploads\/sites\/9\/1_results_draw_numbers.jpg\",\"contentUrl\":\"https:\/\/content.redfoxlotto.com\/uploads\/sites\/9\/1_results_draw_numbers.jpg\"},{\"@type\":\"BreadcrumbList\",\"@id\":\"https:\/\/redfoxlotto.com\/lv\/rezultati\/el-gordo-primitiva\/#breadcrumb\",\"itemListElement\":[{\"@type\":\"ListItem\",\"position\":1,\"name\":\"Home\",\"item\":\"https:\/\/redfoxlotto.com\/lv\/\"},{\"@type\":\"ListItem\",\"position\":2,\"name\":\"Starptautisko loteriju rezult\u0101ti\",\"item\":\"https:\/\/redfoxlotto.com\/lv\/rezultati\/\"},{\"@type\":\"ListItem\",\"position\":3,\"name\":\"El Gordo Rezult\u0101ti\"}]},{\"@type\":\"WebSite\",\"@id\":\"https:\/\/redfoxlotto.com\/lv\/#website\",\"url\":\"https:\/\/redfoxlotto.com\/lv\/\",\"name\":\"Get Tickets for the World\u2019s largest jackpots\",\"description\":\"Participate in worldwide lottery jackpots from any country\",\"publisher\":{\"@id\":\"https:\/\/redfoxlotto.com\/lv\/#organization\"},\"potentialAction\":[{\"@type\":\"SearchAction\",\"target\":{\"@type\":\"EntryPoint\",\"urlTemplate\":\"https:\/\/redfoxlotto.com\/lv\/?s={search_term_string}\"},\"query-input\":{\"@type\":\"PropertyValueSpecification\",\"valueRequired\":true,\"valueName\":\"search_term_string\"}}],\"inLanguage\":\"lv-LV\"},{\"@type\":\"Organization\",\"@id\":\"https:\/\/redfoxlotto.com\/lv\/#organization\",\"name\":\"Get Tickets for the World\u2019s largest jackpots\",\"url\":\"https:\/\/redfoxlotto.com\/lv\/\",\"logo\":{\"@type\":\"ImageObject\",\"inLanguage\":\"lv-LV\",\"@id\":\"https:\/\/redfoxlotto.com\/lv\/#\/schema\/logo\/image\/\",\"url\":\"https:\/\/redfoxlotto.com\/wp-content\/uploads\/2023\/04\/logo.png\",\"contentUrl\":\"https:\/\/redfoxlotto.com\/wp-content\/uploads\/2023\/04\/logo.png\",\"width\":269,\"height\":53,\"caption\":\"Get Tickets for the World\u2019s largest jackpots\"},\"image\":{\"@id\":\"https:\/\/redfoxlotto.com\/lv\/#\/schema\/logo\/image\/\"}}]}<\/script>\n<!-- \/ Yoast SEO plugin. -->","yoast_head_json":{"title":"Rezult\u0101ti, laim\u012bgie skait\u013ci no Sp\u0101nijas El Gordo Loterijas","description":"El Gordo, Ziemassv\u0113tki versija La Primitiva \u2013 t\u0101s rezult\u0101ti tiek atkl\u0101ti \u012bpa\u0161\u0101 pas\u0101kum\u0101!","robots":{"index":"index","follow":"follow","max-snippet":"max-snippet:-1","max-image-preview":"max-image-preview:large","max-video-preview":"max-video-preview:-1"},"canonical":"https:\/\/redfoxlotto.com\/lv\/rezultati\/el-gordo-primitiva\/","og_locale":"lv_LV","og_type":"article","og_title":"Rezult\u0101ti, laim\u012bgie skait\u013ci no Sp\u0101nijas El Gordo Loterijas","og_description":"El Gordo, Ziemassv\u0113tki versija La Primitiva \u2013 t\u0101s rezult\u0101ti tiek atkl\u0101ti \u012bpa\u0161\u0101 pas\u0101kum\u0101!","og_url":"https:\/\/redfoxlotto.com\/lv\/rezultati\/el-gordo-primitiva\/","og_site_name":"Get Tickets for the World\u2019s largest jackpots","article_modified_time":"2021-01-07T10:44:46+00:00","og_image":[{"url":"https:\/\/content.redfoxlotto.com\/uploads\/sites\/9\/1_results_draw_numbers.jpg"}],"twitter_card":"summary_large_image","twitter_misc":{"Est. reading time":"1 minute"},"schema":{"@context":"https:\/\/schema.org","@graph":[{"@type":"WebPage","@id":"https:\/\/redfoxlotto.com\/lv\/rezultati\/el-gordo-primitiva\/","url":"https:\/\/redfoxlotto.com\/lv\/rezultati\/el-gordo-primitiva\/","name":"Rezult\u0101ti, laim\u012bgie skait\u013ci no Sp\u0101nijas El Gordo Loterijas","isPartOf":{"@id":"https:\/\/redfoxlotto.com\/lv\/#website"},"primaryImageOfPage":{"@id":"https:\/\/redfoxlotto.com\/lv\/rezultati\/el-gordo-primitiva\/#primaryimage"},"image":{"@id":"https:\/\/redfoxlotto.com\/lv\/rezultati\/el-gordo-primitiva\/#primaryimage"},"thumbnailUrl":"https:\/\/content.redfoxlotto.com\/uploads\/sites\/9\/1_results_draw_numbers.jpg","datePublished":"2018-11-18T08:54:25+00:00","dateModified":"2021-01-07T10:44:46+00:00","description":"El Gordo, Ziemassv\u0113tki versija La Primitiva \u2013 t\u0101s rezult\u0101ti tiek atkl\u0101ti \u012bpa\u0161\u0101 pas\u0101kum\u0101!","breadcrumb":{"@id":"https:\/\/redfoxlotto.com\/lv\/rezultati\/el-gordo-primitiva\/#breadcrumb"},"inLanguage":"lv-LV","potentialAction":[{"@type":"ReadAction","target":["https:\/\/redfoxlotto.com\/lv\/rezultati\/el-gordo-primitiva\/"]}]},{"@type":"ImageObject","inLanguage":"lv-LV","@id":"https:\/\/redfoxlotto.com\/lv\/rezultati\/el-gordo-primitiva\/#primaryimage","url":"https:\/\/content.redfoxlotto.com\/uploads\/sites\/9\/1_results_draw_numbers.jpg","contentUrl":"https:\/\/content.redfoxlotto.com\/uploads\/sites\/9\/1_results_draw_numbers.jpg"},{"@type":"BreadcrumbList","@id":"https:\/\/redfoxlotto.com\/lv\/rezultati\/el-gordo-primitiva\/#breadcrumb","itemListElement":[{"@type":"ListItem","position":1,"name":"Home","item":"https:\/\/redfoxlotto.com\/lv\/"},{"@type":"ListItem","position":2,"name":"Starptautisko loteriju rezult\u0101ti","item":"https:\/\/redfoxlotto.com\/lv\/rezultati\/"},{"@type":"ListItem","position":3,"name":"El Gordo Rezult\u0101ti"}]},{"@type":"WebSite","@id":"https:\/\/redfoxlotto.com\/lv\/#website","url":"https:\/\/redfoxlotto.com\/lv\/","name":"Get Tickets for the World\u2019s largest jackpots","description":"Participate in worldwide lottery jackpots from any country","publisher":{"@id":"https:\/\/redfoxlotto.com\/lv\/#organization"},"potentialAction":[{"@type":"SearchAction","target":{"@type":"EntryPoint","urlTemplate":"https:\/\/redfoxlotto.com\/lv\/?s={search_term_string}"},"query-input":{"@type":"PropertyValueSpecification","valueRequired":true,"valueName":"search_term_string"}}],"inLanguage":"lv-LV"},{"@type":"Organization","@id":"https:\/\/redfoxlotto.com\/lv\/#organization","name":"Get Tickets for the World\u2019s largest jackpots","url":"https:\/\/redfoxlotto.com\/lv\/","logo":{"@type":"ImageObject","inLanguage":"lv-LV","@id":"https:\/\/redfoxlotto.com\/lv\/#\/schema\/logo\/image\/","url":"https:\/\/redfoxlotto.com\/wp-content\/uploads\/2023\/04\/logo.png","contentUrl":"https:\/\/redfoxlotto.com\/wp-content\/uploads\/2023\/04\/logo.png","width":269,"height":53,"caption":"Get Tickets for the World\u2019s largest jackpots"},"image":{"@id":"https:\/\/redfoxlotto.com\/lv\/#\/schema\/logo\/image\/"}}]}},"_links":{"self":[{"href":"https:\/\/redfoxlotto.com\/lv\/wp-json\/wp\/v2\/pages\/18215","targetHints":{"allow":["GET"]}}],"collection":[{"href":"https:\/\/redfoxlotto.com\/lv\/wp-json\/wp\/v2\/pages"}],"about":[{"href":"https:\/\/redfoxlotto.com\/lv\/wp-json\/wp\/v2\/types\/page"}],"author":[{"embeddable":true,"href":"https:\/\/redfoxlotto.com\/lv\/wp-json\/wp\/v2\/users\/1"}],"replies":[{"embeddable":true,"href":"https:\/\/redfoxlotto.com\/lv\/wp-json\/wp\/v2\/comments?post=18215"}],"version-history":[{"count":0,"href":"https:\/\/redfoxlotto.com\/lv\/wp-json\/wp\/v2\/pages\/18215\/revisions"}],"up":[{"embeddable":true,"href":"https:\/\/redfoxlotto.com\/lv\/wp-json\/wp\/v2\/pages\/17007"}],"wp:attachment":[{"href":"https:\/\/redfoxlotto.com\/lv\/wp-json\/wp\/v2\/media?parent=18215"}],"curies":[{"name":"wp","href":"https:\/\/api.w.org\/{rel}","templated":true}]}}