{"id":18123,"date":"2018-11-18T08:54:25","date_gmt":"2018-11-18T08:54:25","guid":{"rendered":"https:\/\/redfoxlotto.com\/?page_id=18123"},"modified":"2023-05-10T08:46:19","modified_gmt":"2023-05-10T08:46:19","slug":"powerball-au","status":"publish","type":"page","link":"https:\/\/redfoxlotto.com\/lv\/rezultati\/powerball-au\/","title":{"rendered":"Austr\u0101lijas Powerball Rezult\u0101ti"},"content":{"rendered":"<p><\/p>\n<h2 class=\"wp-block-heading\">Skait\u013ci un ieg\u016bto laimestu inform\u0101cija no Austr\u0101lijas Powerball<\/h2>\n<p><\/p>\n<p><img loading=\"lazy\" decoding=\"async\" class=\" wp-image alignright\" src=\"https:\/\/content.redfoxlotto.com\/uploads\/sites\/9\/1_winning_online_lottery.jpg\" alt=\"Powerball Australia\" width=\"245\" height=\"245\" \/><\/p>\n<p><\/p>\n<p>\u0160aj\u0101 lap\u0101 m\u0113s par\u0101d\u012bsim visus balvu l\u012bme\u0146us, izloz\u0113tos skait\u013cus un citas deta\u013cas par Austr\u0101lijas Powerball<\/p>\n<p><\/p>\n<p><\/p>\n<h2 class=\"wp-block-heading\">Visu rezult\u0101tu p\u0101rskats RedFoxLotto<\/h2>\n<p><\/p>\n<p><\/p>\n<p>Lai apskat\u012btu visu loteriju rezult\u0101tus no iepriek\u0161\u0113j\u0101m izloz\u0113m, atveriet &#8220;Rezult\u0101ti&#8221; sada\u013cu aug\u0161pus\u0113.<\/p>\n<p><\/p>\n<p><\/p>\n<h2 class=\"wp-block-heading\">Apskatiet vai j\u016bsu bi\u013cete ir laim\u0113jusi<\/h2>\n<p><\/p>\n<p><img decoding=\"async\" class=\"size-full wp-image alignright\" src=\"https:\/\/content.redfoxlotto.com\/uploads\/sites\/9\/1_lotto_money_win.jpg\" alt=\"loterijas rezult\u0101ti\"><\/p>\n<p><\/p>\n<p>J\u016bs varat ar\u012b apskat\u012bt &#8220;Manas bi\u013cetes&#8221; sada\u013cu. P\u0113c tam, kad uzspied\u012bsiet uz k\u0101das bi\u013cetes, j\u016bs uzreiz var\u0113siet apskat\u012bt, kuri no j\u016bsu izv\u0113l\u0113tajiem skait\u013ciem j\u016bsu bi\u013cet\u0113 tika izloz\u0113ti.<\/p>\n<p><\/p>","protected":false},"excerpt":{"rendered":"<p>Skait\u013ci un ieg\u016bto laimestu inform\u0101cija no Austr\u0101lijas Powerball \u0160aj\u0101 lap\u0101 m\u0113s par\u0101d\u012bsim visus balvu l\u012bme\u0146us, izloz\u0113tos skait\u013cus un citas deta\u013cas par Austr\u0101lijas Powerball Visu rezult\u0101tu p\u0101rskats RedFoxLotto Lai apskat\u012btu visu loteriju rezult\u0101tus no iepriek\u0161\u0113j\u0101m izloz\u0113m, atveriet &#8220;Rezult\u0101ti&#8221; sada\u013cu aug\u0161pus\u0113. Apskatiet vai j\u016bsu bi\u013cete ir laim\u0113jusi J\u016bs varat ar\u012b apskat\u012bt &#8220;Manas bi\u013cetes&#8221; sada\u013cu. P\u0113c tam, kad [&hellip;]<\/p>\n","protected":false},"author":1,"featured_media":0,"parent":17007,"menu_order":20,"comment_status":"closed","ping_status":"closed","template":"powerball-au-results.php","meta":{"_et_pb_use_builder":"","_et_pb_old_content":"","_et_gb_content_width":"","exclude_from_search":false,"footnotes":""},"class_list":["post-18123","page","type-page","status-publish","hentry"],"yoast_head":"<!-- This site is optimized with the Yoast SEO plugin v23.8 - https:\/\/yoast.com\/wordpress\/plugins\/seo\/ -->\n<title>Powerball loterijas rezult\u0101ti un laim\u012bgie skait\u013ci<\/title>\n<meta name=\"description\" content=\"Apskatiet jaun\u0101kos Powerball Loto rezult\u0101tus \u0161eit, iek\u013caujot ar\u012b arh\u012bvu no iepriek\u0161\u0113j\u0101m izloz\u0113m\" \/>\n<meta name=\"robots\" content=\"index, follow, max-snippet:-1, max-image-preview:large, max-video-preview:-1\" \/>\n<link rel=\"canonical\" href=\"https:\/\/redfoxlotto.com\/lv\/rezultati\/powerball-au\/\" \/>\n<meta property=\"og:locale\" content=\"lv_LV\" \/>\n<meta property=\"og:type\" content=\"article\" \/>\n<meta property=\"og:title\" content=\"Powerball loterijas rezult\u0101ti un laim\u012bgie skait\u013ci\" \/>\n<meta property=\"og:description\" content=\"Apskatiet jaun\u0101kos Powerball Loto rezult\u0101tus \u0161eit, iek\u013caujot ar\u012b arh\u012bvu no iepriek\u0161\u0113j\u0101m izloz\u0113m\" \/>\n<meta property=\"og:url\" content=\"https:\/\/redfoxlotto.com\/lv\/rezultati\/powerball-au\/\" \/>\n<meta property=\"og:site_name\" content=\"Get Tickets for the World\u2019s largest jackpots\" \/>\n<meta property=\"article:modified_time\" content=\"2023-05-10T08:46:19+00:00\" \/>\n<meta property=\"og:image\" content=\"https:\/\/content.redfoxlotto.com\/uploads\/sites\/9\/1_winning_online_lottery.jpg\" \/>\n<meta name=\"twitter:card\" content=\"summary_large_image\" \/>\n<meta name=\"twitter:label1\" content=\"Est. reading time\" \/>\n\t<meta name=\"twitter:data1\" content=\"1 minute\" \/>\n<script type=\"application\/ld+json\" class=\"yoast-schema-graph\">{\"@context\":\"https:\/\/schema.org\",\"@graph\":[{\"@type\":\"WebPage\",\"@id\":\"https:\/\/redfoxlotto.com\/lv\/rezultati\/powerball-au\/\",\"url\":\"https:\/\/redfoxlotto.com\/lv\/rezultati\/powerball-au\/\",\"name\":\"Powerball loterijas rezult\u0101ti un laim\u012bgie skait\u013ci\",\"isPartOf\":{\"@id\":\"https:\/\/redfoxlotto.com\/lv\/#website\"},\"primaryImageOfPage\":{\"@id\":\"https:\/\/redfoxlotto.com\/lv\/rezultati\/powerball-au\/#primaryimage\"},\"image\":{\"@id\":\"https:\/\/redfoxlotto.com\/lv\/rezultati\/powerball-au\/#primaryimage\"},\"thumbnailUrl\":\"https:\/\/content.redfoxlotto.com\/uploads\/sites\/9\/1_winning_online_lottery.jpg\",\"datePublished\":\"2018-11-18T08:54:25+00:00\",\"dateModified\":\"2023-05-10T08:46:19+00:00\",\"description\":\"Apskatiet jaun\u0101kos Powerball Loto rezult\u0101tus \u0161eit, iek\u013caujot ar\u012b arh\u012bvu no iepriek\u0161\u0113j\u0101m izloz\u0113m\",\"breadcrumb\":{\"@id\":\"https:\/\/redfoxlotto.com\/lv\/rezultati\/powerball-au\/#breadcrumb\"},\"inLanguage\":\"lv-LV\",\"potentialAction\":[{\"@type\":\"ReadAction\",\"target\":[\"https:\/\/redfoxlotto.com\/lv\/rezultati\/powerball-au\/\"]}]},{\"@type\":\"ImageObject\",\"inLanguage\":\"lv-LV\",\"@id\":\"https:\/\/redfoxlotto.com\/lv\/rezultati\/powerball-au\/#primaryimage\",\"url\":\"https:\/\/content.redfoxlotto.com\/uploads\/sites\/9\/1_winning_online_lottery.jpg\",\"contentUrl\":\"https:\/\/content.redfoxlotto.com\/uploads\/sites\/9\/1_winning_online_lottery.jpg\"},{\"@type\":\"BreadcrumbList\",\"@id\":\"https:\/\/redfoxlotto.com\/lv\/rezultati\/powerball-au\/#breadcrumb\",\"itemListElement\":[{\"@type\":\"ListItem\",\"position\":1,\"name\":\"Home\",\"item\":\"https:\/\/redfoxlotto.com\/lv\/\"},{\"@type\":\"ListItem\",\"position\":2,\"name\":\"Starptautisko loteriju rezult\u0101ti\",\"item\":\"https:\/\/redfoxlotto.com\/lv\/rezultati\/\"},{\"@type\":\"ListItem\",\"position\":3,\"name\":\"Austr\u0101lijas Powerball Rezult\u0101ti\"}]},{\"@type\":\"WebSite\",\"@id\":\"https:\/\/redfoxlotto.com\/lv\/#website\",\"url\":\"https:\/\/redfoxlotto.com\/lv\/\",\"name\":\"Get Tickets for the World\u2019s largest jackpots\",\"description\":\"Participate in worldwide lottery jackpots from any country\",\"publisher\":{\"@id\":\"https:\/\/redfoxlotto.com\/lv\/#organization\"},\"potentialAction\":[{\"@type\":\"SearchAction\",\"target\":{\"@type\":\"EntryPoint\",\"urlTemplate\":\"https:\/\/redfoxlotto.com\/lv\/?s={search_term_string}\"},\"query-input\":{\"@type\":\"PropertyValueSpecification\",\"valueRequired\":true,\"valueName\":\"search_term_string\"}}],\"inLanguage\":\"lv-LV\"},{\"@type\":\"Organization\",\"@id\":\"https:\/\/redfoxlotto.com\/lv\/#organization\",\"name\":\"Get Tickets for the World\u2019s largest jackpots\",\"url\":\"https:\/\/redfoxlotto.com\/lv\/\",\"logo\":{\"@type\":\"ImageObject\",\"inLanguage\":\"lv-LV\",\"@id\":\"https:\/\/redfoxlotto.com\/lv\/#\/schema\/logo\/image\/\",\"url\":\"https:\/\/redfoxlotto.com\/wp-content\/uploads\/2023\/04\/logo.png\",\"contentUrl\":\"https:\/\/redfoxlotto.com\/wp-content\/uploads\/2023\/04\/logo.png\",\"width\":269,\"height\":53,\"caption\":\"Get Tickets for the World\u2019s largest jackpots\"},\"image\":{\"@id\":\"https:\/\/redfoxlotto.com\/lv\/#\/schema\/logo\/image\/\"}}]}<\/script>\n<!-- \/ Yoast SEO plugin. -->","yoast_head_json":{"title":"Powerball loterijas rezult\u0101ti un laim\u012bgie skait\u013ci","description":"Apskatiet jaun\u0101kos Powerball Loto rezult\u0101tus \u0161eit, iek\u013caujot ar\u012b arh\u012bvu no iepriek\u0161\u0113j\u0101m izloz\u0113m","robots":{"index":"index","follow":"follow","max-snippet":"max-snippet:-1","max-image-preview":"max-image-preview:large","max-video-preview":"max-video-preview:-1"},"canonical":"https:\/\/redfoxlotto.com\/lv\/rezultati\/powerball-au\/","og_locale":"lv_LV","og_type":"article","og_title":"Powerball loterijas rezult\u0101ti un laim\u012bgie skait\u013ci","og_description":"Apskatiet jaun\u0101kos Powerball Loto rezult\u0101tus \u0161eit, iek\u013caujot ar\u012b arh\u012bvu no iepriek\u0161\u0113j\u0101m izloz\u0113m","og_url":"https:\/\/redfoxlotto.com\/lv\/rezultati\/powerball-au\/","og_site_name":"Get Tickets for the World\u2019s largest jackpots","article_modified_time":"2023-05-10T08:46:19+00:00","og_image":[{"url":"https:\/\/content.redfoxlotto.com\/uploads\/sites\/9\/1_winning_online_lottery.jpg"}],"twitter_card":"summary_large_image","twitter_misc":{"Est. reading time":"1 minute"},"schema":{"@context":"https:\/\/schema.org","@graph":[{"@type":"WebPage","@id":"https:\/\/redfoxlotto.com\/lv\/rezultati\/powerball-au\/","url":"https:\/\/redfoxlotto.com\/lv\/rezultati\/powerball-au\/","name":"Powerball loterijas rezult\u0101ti un laim\u012bgie skait\u013ci","isPartOf":{"@id":"https:\/\/redfoxlotto.com\/lv\/#website"},"primaryImageOfPage":{"@id":"https:\/\/redfoxlotto.com\/lv\/rezultati\/powerball-au\/#primaryimage"},"image":{"@id":"https:\/\/redfoxlotto.com\/lv\/rezultati\/powerball-au\/#primaryimage"},"thumbnailUrl":"https:\/\/content.redfoxlotto.com\/uploads\/sites\/9\/1_winning_online_lottery.jpg","datePublished":"2018-11-18T08:54:25+00:00","dateModified":"2023-05-10T08:46:19+00:00","description":"Apskatiet jaun\u0101kos Powerball Loto rezult\u0101tus \u0161eit, iek\u013caujot ar\u012b arh\u012bvu no iepriek\u0161\u0113j\u0101m izloz\u0113m","breadcrumb":{"@id":"https:\/\/redfoxlotto.com\/lv\/rezultati\/powerball-au\/#breadcrumb"},"inLanguage":"lv-LV","potentialAction":[{"@type":"ReadAction","target":["https:\/\/redfoxlotto.com\/lv\/rezultati\/powerball-au\/"]}]},{"@type":"ImageObject","inLanguage":"lv-LV","@id":"https:\/\/redfoxlotto.com\/lv\/rezultati\/powerball-au\/#primaryimage","url":"https:\/\/content.redfoxlotto.com\/uploads\/sites\/9\/1_winning_online_lottery.jpg","contentUrl":"https:\/\/content.redfoxlotto.com\/uploads\/sites\/9\/1_winning_online_lottery.jpg"},{"@type":"BreadcrumbList","@id":"https:\/\/redfoxlotto.com\/lv\/rezultati\/powerball-au\/#breadcrumb","itemListElement":[{"@type":"ListItem","position":1,"name":"Home","item":"https:\/\/redfoxlotto.com\/lv\/"},{"@type":"ListItem","position":2,"name":"Starptautisko loteriju rezult\u0101ti","item":"https:\/\/redfoxlotto.com\/lv\/rezultati\/"},{"@type":"ListItem","position":3,"name":"Austr\u0101lijas Powerball Rezult\u0101ti"}]},{"@type":"WebSite","@id":"https:\/\/redfoxlotto.com\/lv\/#website","url":"https:\/\/redfoxlotto.com\/lv\/","name":"Get Tickets for the World\u2019s largest jackpots","description":"Participate in worldwide lottery jackpots from any country","publisher":{"@id":"https:\/\/redfoxlotto.com\/lv\/#organization"},"potentialAction":[{"@type":"SearchAction","target":{"@type":"EntryPoint","urlTemplate":"https:\/\/redfoxlotto.com\/lv\/?s={search_term_string}"},"query-input":{"@type":"PropertyValueSpecification","valueRequired":true,"valueName":"search_term_string"}}],"inLanguage":"lv-LV"},{"@type":"Organization","@id":"https:\/\/redfoxlotto.com\/lv\/#organization","name":"Get Tickets for the World\u2019s largest jackpots","url":"https:\/\/redfoxlotto.com\/lv\/","logo":{"@type":"ImageObject","inLanguage":"lv-LV","@id":"https:\/\/redfoxlotto.com\/lv\/#\/schema\/logo\/image\/","url":"https:\/\/redfoxlotto.com\/wp-content\/uploads\/2023\/04\/logo.png","contentUrl":"https:\/\/redfoxlotto.com\/wp-content\/uploads\/2023\/04\/logo.png","width":269,"height":53,"caption":"Get Tickets for the World\u2019s largest jackpots"},"image":{"@id":"https:\/\/redfoxlotto.com\/lv\/#\/schema\/logo\/image\/"}}]}},"_links":{"self":[{"href":"https:\/\/redfoxlotto.com\/lv\/wp-json\/wp\/v2\/pages\/18123","targetHints":{"allow":["GET"]}}],"collection":[{"href":"https:\/\/redfoxlotto.com\/lv\/wp-json\/wp\/v2\/pages"}],"about":[{"href":"https:\/\/redfoxlotto.com\/lv\/wp-json\/wp\/v2\/types\/page"}],"author":[{"embeddable":true,"href":"https:\/\/redfoxlotto.com\/lv\/wp-json\/wp\/v2\/users\/1"}],"replies":[{"embeddable":true,"href":"https:\/\/redfoxlotto.com\/lv\/wp-json\/wp\/v2\/comments?post=18123"}],"version-history":[{"count":0,"href":"https:\/\/redfoxlotto.com\/lv\/wp-json\/wp\/v2\/pages\/18123\/revisions"}],"up":[{"embeddable":true,"href":"https:\/\/redfoxlotto.com\/lv\/wp-json\/wp\/v2\/pages\/17007"}],"wp:attachment":[{"href":"https:\/\/redfoxlotto.com\/lv\/wp-json\/wp\/v2\/media?parent=18123"}],"curies":[{"name":"wp","href":"https:\/\/api.w.org\/{rel}","templated":true}]}}