{"id":18013,"date":"2020-08-18T09:14:14","date_gmt":"2020-08-18T09:14:14","guid":{"rendered":"https:\/\/redfoxlotto.com\/?page_id=18013"},"modified":"2021-01-07T10:22:40","modified_gmt":"2021-01-07T10:22:40","slug":"lotto-at","status":"publish","type":"page","link":"https:\/\/redfoxlotto.com\/lv\/rezultati\/lotto-at\/","title":{"rendered":"Austrijas Loto Rezult\u0101ti"},"content":{"rendered":"<h2 class=\"wp-block-heading\">Austrijas Loto Laim\u012bgie Skait\u013ci<\/h2><p>Kur j\u016bs var\u0113siet apskat\u012bt Austrijas Loto laim\u012bgos skait\u013cus p\u0113c izlozes? Viss, kas jums j\u0101izdara, ir j\u0101ien\u0101k m\u016bsu m\u0101jaslap\u0101, kur j\u016bs ieg\u0101d\u0101j\u0101ties bi\u013cetes, un skait\u013ci b\u016bs j\u016bsu priek\u0161\u0101.<\/p><p>Ar RedFoxLotto.com j\u016bs varat \u0113rti apskat\u012bt jaun\u0101kos rezult\u0101tos no vis\u0101m j\u016bsu m\u012b\u013c\u0101kaj\u0101m sp\u0113l\u0113m m\u016bsu m\u0101jaslap\u0101. Jums nav par neko j\u0101uztraucas, jo viss b\u016bs atrodams vienuviet.<\/p><h2 class=\"wp-block-heading\">Austrijas Loto Rezult\u0101tu Arh\u012bvs<\/h2><p>Tikl\u012bdz j\u016bs zin\u0101siet jaun\u0101kis Austrijas Loto laim\u012bgos skait\u013cus, j\u016bs varb\u016bt v\u0113l\u0113sieties apskat\u012bt ar\u012b laim\u012bgos skait\u013cus no vec\u0101k\u0101m izloz\u0113m. Viss, kas jums j\u0101dara, ir j\u0101apskata rezult\u0101tu arh\u012bvs un j\u016bs redz\u0113siet, kuri skait\u013ci ir laim\u0113ju\u0161i iepriek\u0161\u0113j\u0101s izlozes, un kurus skait\u013cus izloz\u0113 visbie\u017e\u0101k.<\/p>","protected":false},"excerpt":{"rendered":"<p>Austrijas Loto Laim\u012bgie Skait\u013ci Kur j\u016bs var\u0113siet apskat\u012bt Austrijas Loto laim\u012bgos skait\u013cus p\u0113c izlozes? Viss, kas jums j\u0101izdara, ir j\u0101ien\u0101k m\u016bsu m\u0101jaslap\u0101, kur j\u016bs ieg\u0101d\u0101j\u0101ties bi\u013cetes, un skait\u013ci b\u016bs j\u016bsu priek\u0161\u0101. Ar RedFoxLotto.com j\u016bs varat \u0113rti apskat\u012bt jaun\u0101kos rezult\u0101tos no vis\u0101m j\u016bsu m\u012b\u013c\u0101kaj\u0101m sp\u0113l\u0113m m\u016bsu m\u0101jaslap\u0101. Jums nav par neko j\u0101uztraucas, jo viss b\u016bs atrodams [&hellip;]<\/p>\n","protected":false},"author":1,"featured_media":0,"parent":17007,"menu_order":16,"comment_status":"closed","ping_status":"closed","template":"","meta":{"_et_pb_use_builder":"","_et_pb_old_content":"","_et_gb_content_width":"","exclude_from_search":false,"footnotes":""},"class_list":["post-18013","page","type-page","status-publish","hentry"],"yoast_head":"<!-- This site is optimized with the Yoast SEO plugin v23.8 - https:\/\/yoast.com\/wordpress\/plugins\/seo\/ -->\n<title>Laim\u012bgie skait\u013ci un rezult\u0101ti no Austrijas loterijas<\/title>\n<meta name=\"description\" content=\"Ikned\u0113\u013cas jaun\u0101kie un pag\u0101tnes izlo\u017eu rezult\u0101ti no Austrijas loterijas\" \/>\n<meta name=\"robots\" content=\"index, follow, max-snippet:-1, max-image-preview:large, max-video-preview:-1\" \/>\n<link rel=\"canonical\" href=\"https:\/\/redfoxlotto.com\/lv\/rezultati\/lotto-at\/\" \/>\n<meta property=\"og:locale\" content=\"lv_LV\" \/>\n<meta property=\"og:type\" content=\"article\" \/>\n<meta property=\"og:title\" content=\"Laim\u012bgie skait\u013ci un rezult\u0101ti no Austrijas loterijas\" \/>\n<meta property=\"og:description\" content=\"Ikned\u0113\u013cas jaun\u0101kie un pag\u0101tnes izlo\u017eu rezult\u0101ti no Austrijas loterijas\" \/>\n<meta property=\"og:url\" content=\"https:\/\/redfoxlotto.com\/lv\/rezultati\/lotto-at\/\" \/>\n<meta property=\"og:site_name\" content=\"Get Tickets for the World\u2019s largest jackpots\" \/>\n<meta property=\"article:modified_time\" content=\"2021-01-07T10:22:40+00:00\" \/>\n<meta name=\"twitter:card\" content=\"summary_large_image\" \/>\n<meta name=\"twitter:label1\" content=\"Est. reading time\" \/>\n\t<meta name=\"twitter:data1\" content=\"1 minute\" \/>\n<script type=\"application\/ld+json\" class=\"yoast-schema-graph\">{\"@context\":\"https:\/\/schema.org\",\"@graph\":[{\"@type\":\"WebPage\",\"@id\":\"https:\/\/redfoxlotto.com\/lv\/rezultati\/lotto-at\/\",\"url\":\"https:\/\/redfoxlotto.com\/lv\/rezultati\/lotto-at\/\",\"name\":\"Laim\u012bgie skait\u013ci un rezult\u0101ti no Austrijas loterijas\",\"isPartOf\":{\"@id\":\"https:\/\/redfoxlotto.com\/lv\/#website\"},\"datePublished\":\"2020-08-18T09:14:14+00:00\",\"dateModified\":\"2021-01-07T10:22:40+00:00\",\"description\":\"Ikned\u0113\u013cas jaun\u0101kie un pag\u0101tnes izlo\u017eu rezult\u0101ti no Austrijas loterijas\",\"breadcrumb\":{\"@id\":\"https:\/\/redfoxlotto.com\/lv\/rezultati\/lotto-at\/#breadcrumb\"},\"inLanguage\":\"lv-LV\",\"potentialAction\":[{\"@type\":\"ReadAction\",\"target\":[\"https:\/\/redfoxlotto.com\/lv\/rezultati\/lotto-at\/\"]}]},{\"@type\":\"BreadcrumbList\",\"@id\":\"https:\/\/redfoxlotto.com\/lv\/rezultati\/lotto-at\/#breadcrumb\",\"itemListElement\":[{\"@type\":\"ListItem\",\"position\":1,\"name\":\"Home\",\"item\":\"https:\/\/redfoxlotto.com\/lv\/\"},{\"@type\":\"ListItem\",\"position\":2,\"name\":\"Starptautisko loteriju rezult\u0101ti\",\"item\":\"https:\/\/redfoxlotto.com\/lv\/rezultati\/\"},{\"@type\":\"ListItem\",\"position\":3,\"name\":\"Austrijas Loto Rezult\u0101ti\"}]},{\"@type\":\"WebSite\",\"@id\":\"https:\/\/redfoxlotto.com\/lv\/#website\",\"url\":\"https:\/\/redfoxlotto.com\/lv\/\",\"name\":\"Get Tickets for the World\u2019s largest jackpots\",\"description\":\"Participate in worldwide lottery jackpots from any country\",\"publisher\":{\"@id\":\"https:\/\/redfoxlotto.com\/lv\/#organization\"},\"potentialAction\":[{\"@type\":\"SearchAction\",\"target\":{\"@type\":\"EntryPoint\",\"urlTemplate\":\"https:\/\/redfoxlotto.com\/lv\/?s={search_term_string}\"},\"query-input\":{\"@type\":\"PropertyValueSpecification\",\"valueRequired\":true,\"valueName\":\"search_term_string\"}}],\"inLanguage\":\"lv-LV\"},{\"@type\":\"Organization\",\"@id\":\"https:\/\/redfoxlotto.com\/lv\/#organization\",\"name\":\"Get Tickets for the World\u2019s largest jackpots\",\"url\":\"https:\/\/redfoxlotto.com\/lv\/\",\"logo\":{\"@type\":\"ImageObject\",\"inLanguage\":\"lv-LV\",\"@id\":\"https:\/\/redfoxlotto.com\/lv\/#\/schema\/logo\/image\/\",\"url\":\"https:\/\/redfoxlotto.com\/wp-content\/uploads\/2023\/04\/logo.png\",\"contentUrl\":\"https:\/\/redfoxlotto.com\/wp-content\/uploads\/2023\/04\/logo.png\",\"width\":269,\"height\":53,\"caption\":\"Get Tickets for the World\u2019s largest jackpots\"},\"image\":{\"@id\":\"https:\/\/redfoxlotto.com\/lv\/#\/schema\/logo\/image\/\"}}]}<\/script>\n<!-- \/ Yoast SEO plugin. -->","yoast_head_json":{"title":"Laim\u012bgie skait\u013ci un rezult\u0101ti no Austrijas loterijas","description":"Ikned\u0113\u013cas jaun\u0101kie un pag\u0101tnes izlo\u017eu rezult\u0101ti no Austrijas loterijas","robots":{"index":"index","follow":"follow","max-snippet":"max-snippet:-1","max-image-preview":"max-image-preview:large","max-video-preview":"max-video-preview:-1"},"canonical":"https:\/\/redfoxlotto.com\/lv\/rezultati\/lotto-at\/","og_locale":"lv_LV","og_type":"article","og_title":"Laim\u012bgie skait\u013ci un rezult\u0101ti no Austrijas loterijas","og_description":"Ikned\u0113\u013cas jaun\u0101kie un pag\u0101tnes izlo\u017eu rezult\u0101ti no Austrijas loterijas","og_url":"https:\/\/redfoxlotto.com\/lv\/rezultati\/lotto-at\/","og_site_name":"Get Tickets for the World\u2019s largest jackpots","article_modified_time":"2021-01-07T10:22:40+00:00","twitter_card":"summary_large_image","twitter_misc":{"Est. reading time":"1 minute"},"schema":{"@context":"https:\/\/schema.org","@graph":[{"@type":"WebPage","@id":"https:\/\/redfoxlotto.com\/lv\/rezultati\/lotto-at\/","url":"https:\/\/redfoxlotto.com\/lv\/rezultati\/lotto-at\/","name":"Laim\u012bgie skait\u013ci un rezult\u0101ti no Austrijas loterijas","isPartOf":{"@id":"https:\/\/redfoxlotto.com\/lv\/#website"},"datePublished":"2020-08-18T09:14:14+00:00","dateModified":"2021-01-07T10:22:40+00:00","description":"Ikned\u0113\u013cas jaun\u0101kie un pag\u0101tnes izlo\u017eu rezult\u0101ti no Austrijas loterijas","breadcrumb":{"@id":"https:\/\/redfoxlotto.com\/lv\/rezultati\/lotto-at\/#breadcrumb"},"inLanguage":"lv-LV","potentialAction":[{"@type":"ReadAction","target":["https:\/\/redfoxlotto.com\/lv\/rezultati\/lotto-at\/"]}]},{"@type":"BreadcrumbList","@id":"https:\/\/redfoxlotto.com\/lv\/rezultati\/lotto-at\/#breadcrumb","itemListElement":[{"@type":"ListItem","position":1,"name":"Home","item":"https:\/\/redfoxlotto.com\/lv\/"},{"@type":"ListItem","position":2,"name":"Starptautisko loteriju rezult\u0101ti","item":"https:\/\/redfoxlotto.com\/lv\/rezultati\/"},{"@type":"ListItem","position":3,"name":"Austrijas Loto Rezult\u0101ti"}]},{"@type":"WebSite","@id":"https:\/\/redfoxlotto.com\/lv\/#website","url":"https:\/\/redfoxlotto.com\/lv\/","name":"Get Tickets for the World\u2019s largest jackpots","description":"Participate in worldwide lottery jackpots from any country","publisher":{"@id":"https:\/\/redfoxlotto.com\/lv\/#organization"},"potentialAction":[{"@type":"SearchAction","target":{"@type":"EntryPoint","urlTemplate":"https:\/\/redfoxlotto.com\/lv\/?s={search_term_string}"},"query-input":{"@type":"PropertyValueSpecification","valueRequired":true,"valueName":"search_term_string"}}],"inLanguage":"lv-LV"},{"@type":"Organization","@id":"https:\/\/redfoxlotto.com\/lv\/#organization","name":"Get Tickets for the World\u2019s largest jackpots","url":"https:\/\/redfoxlotto.com\/lv\/","logo":{"@type":"ImageObject","inLanguage":"lv-LV","@id":"https:\/\/redfoxlotto.com\/lv\/#\/schema\/logo\/image\/","url":"https:\/\/redfoxlotto.com\/wp-content\/uploads\/2023\/04\/logo.png","contentUrl":"https:\/\/redfoxlotto.com\/wp-content\/uploads\/2023\/04\/logo.png","width":269,"height":53,"caption":"Get Tickets for the World\u2019s largest jackpots"},"image":{"@id":"https:\/\/redfoxlotto.com\/lv\/#\/schema\/logo\/image\/"}}]}},"_links":{"self":[{"href":"https:\/\/redfoxlotto.com\/lv\/wp-json\/wp\/v2\/pages\/18013","targetHints":{"allow":["GET"]}}],"collection":[{"href":"https:\/\/redfoxlotto.com\/lv\/wp-json\/wp\/v2\/pages"}],"about":[{"href":"https:\/\/redfoxlotto.com\/lv\/wp-json\/wp\/v2\/types\/page"}],"author":[{"embeddable":true,"href":"https:\/\/redfoxlotto.com\/lv\/wp-json\/wp\/v2\/users\/1"}],"replies":[{"embeddable":true,"href":"https:\/\/redfoxlotto.com\/lv\/wp-json\/wp\/v2\/comments?post=18013"}],"version-history":[{"count":0,"href":"https:\/\/redfoxlotto.com\/lv\/wp-json\/wp\/v2\/pages\/18013\/revisions"}],"up":[{"embeddable":true,"href":"https:\/\/redfoxlotto.com\/lv\/wp-json\/wp\/v2\/pages\/17007"}],"wp:attachment":[{"href":"https:\/\/redfoxlotto.com\/lv\/wp-json\/wp\/v2\/media?parent=18013"}],"curies":[{"name":"wp","href":"https:\/\/api.w.org\/{rel}","templated":true}]}}