{"id":18006,"date":"2020-08-18T09:13:31","date_gmt":"2020-08-18T09:13:31","guid":{"rendered":"https:\/\/redfoxlotto.com\/?page_id=18006"},"modified":"2021-01-07T10:22:01","modified_gmt":"2021-01-07T10:22:01","slug":"lotto-at","status":"publish","type":"page","link":"https:\/\/redfoxlotto.com\/lv\/informacija\/lotto-at\/","title":{"rendered":"Par Austrijas Loto"},"content":{"rendered":"<h2 class=\"wp-block-heading\">Ieg\u0101d\u0101jieties Bi\u013cetes uz Austrijas Loto Tie\u0161saist\u0113<\/h2><p><img loading=\"lazy\" decoding=\"async\" class=\" wp-image alignright\" src=\"https:\/\/content.redfoxlotto.com\/uploads\/sites\/9\/1_buy_lotto_to_win.jpg\" alt=\"Austrijas bi\u013cetes tie\u0161saist\u0113\" width=\"233\" height=\"148\" \/><\/p><p>Kad ieg\u0101d\u0101sieties bi\u013cetes uz Austrijas Loto, jums b\u016bs j\u0101izv\u0113las 6 skait\u013ci, kuriem j\u0101sakr\u012bt, lai j\u016bs ieg\u016btu d\u017eekpotu. J\u016bs varat izv\u0113l\u0113ties ar\u012b \u0101tro izv\u0113li, kur skait\u013ci tiks izv\u0113l\u0113ti j\u016bsu viet\u0101. Tad jums j\u0101apstiprina maks\u0101jums, izmantojot jums \u0113rt\u0101ko maks\u0101juma metodi. Tas aiz\u0146ems vien mirkli, lai veiktu maks\u0101jumu un apstiprin\u0101tu pirkumu.<\/p><p>Tikl\u012bdz j\u016bs ieg\u0101d\u0101sieties bi\u013cetes Austrijas Loto tie\u0161saist\u0113, un izloze b\u016bs veikta, j\u016bs var\u0113siet apskat\u012bt bi\u013ce\u0161u sada\u013cu, kur b\u016bs redzami visi izloz\u0113ti skait\u013ci un sal\u012bdzin\u0101jums ar j\u016bsu uzmin\u0113tajiem skait\u013ciem.<\/p>","protected":false},"excerpt":{"rendered":"<p>Ieg\u0101d\u0101jieties Bi\u013cetes uz Austrijas Loto Tie\u0161saist\u0113 Kad ieg\u0101d\u0101sieties bi\u013cetes uz Austrijas Loto, jums b\u016bs j\u0101izv\u0113las 6 skait\u013ci, kuriem j\u0101sakr\u012bt, lai j\u016bs ieg\u016btu d\u017eekpotu. J\u016bs varat izv\u0113l\u0113ties ar\u012b \u0101tro izv\u0113li, kur skait\u013ci tiks izv\u0113l\u0113ti j\u016bsu viet\u0101. Tad jums j\u0101apstiprina maks\u0101jums, izmantojot jums \u0113rt\u0101ko maks\u0101juma metodi. Tas aiz\u0146ems vien mirkli, lai veiktu maks\u0101jumu un apstiprin\u0101tu pirkumu. Tikl\u012bdz [&hellip;]<\/p>\n","protected":false},"author":1,"featured_media":0,"parent":16999,"menu_order":16,"comment_status":"closed","ping_status":"closed","template":"","meta":{"_et_pb_use_builder":"","_et_pb_old_content":"","_et_gb_content_width":"","exclude_from_search":false,"footnotes":""},"class_list":["post-18006","page","type-page","status-publish","hentry"],"yoast_head":"<!-- This site is optimized with the Yoast SEO plugin v27.4 - https:\/\/yoast.com\/product\/yoast-seo-wordpress\/ -->\n<title>Ieg\u0101d\u0101jieties savas bi\u013cetes Austrijas Loto tie\u0161saist\u0113<\/title>\n<meta name=\"description\" content=\"Vai esat dzird\u0113ju\u0161i par Austrijas Loto? Tagad j\u016bs varat ieg\u0101d\u0101ties bi\u013cetes tie\u0161saist\u0113!\" \/>\n<meta name=\"robots\" content=\"index, follow, max-snippet:-1, max-image-preview:large, max-video-preview:-1\" \/>\n<link rel=\"canonical\" href=\"https:\/\/redfoxlotto.com\/lv\/informacija\/lotto-at\/\" \/>\n<meta property=\"og:locale\" content=\"lv_LV\" \/>\n<meta property=\"og:type\" content=\"article\" \/>\n<meta property=\"og:title\" content=\"Ieg\u0101d\u0101jieties savas bi\u013cetes Austrijas Loto tie\u0161saist\u0113\" \/>\n<meta property=\"og:description\" content=\"Vai esat dzird\u0113ju\u0161i par Austrijas Loto? Tagad j\u016bs varat ieg\u0101d\u0101ties bi\u013cetes tie\u0161saist\u0113!\" \/>\n<meta property=\"og:url\" content=\"https:\/\/redfoxlotto.com\/lv\/informacija\/lotto-at\/\" \/>\n<meta property=\"og:site_name\" content=\"Get Tickets for the World\u2019s largest jackpots\" \/>\n<meta property=\"article:modified_time\" content=\"2021-01-07T10:22:01+00:00\" \/>\n<meta property=\"og:image\" content=\"https:\/\/content.redfoxlotto.com\/uploads\/sites\/9\/1_buy_lotto_to_win.jpg\" \/>\n<meta name=\"twitter:card\" content=\"summary_large_image\" \/>\n<meta name=\"twitter:label1\" content=\"Est. reading time\" \/>\n\t<meta name=\"twitter:data1\" content=\"1 minute\" \/>\n<script type=\"application\/ld+json\" class=\"yoast-schema-graph\">{\"@context\":\"https:\\\/\\\/schema.org\",\"@graph\":[{\"@type\":\"WebPage\",\"@id\":\"https:\\\/\\\/redfoxlotto.com\\\/lv\\\/informacija\\\/lotto-at\\\/\",\"url\":\"https:\\\/\\\/redfoxlotto.com\\\/lv\\\/informacija\\\/lotto-at\\\/\",\"name\":\"Ieg\u0101d\u0101jieties savas bi\u013cetes Austrijas Loto tie\u0161saist\u0113\",\"isPartOf\":{\"@id\":\"https:\\\/\\\/redfoxlotto.com\\\/lv\\\/#website\"},\"primaryImageOfPage\":{\"@id\":\"https:\\\/\\\/redfoxlotto.com\\\/lv\\\/informacija\\\/lotto-at\\\/#primaryimage\"},\"image\":{\"@id\":\"https:\\\/\\\/redfoxlotto.com\\\/lv\\\/informacija\\\/lotto-at\\\/#primaryimage\"},\"thumbnailUrl\":\"https:\\\/\\\/content.redfoxlotto.com\\\/uploads\\\/sites\\\/9\\\/1_buy_lotto_to_win.jpg\",\"datePublished\":\"2020-08-18T09:13:31+00:00\",\"dateModified\":\"2021-01-07T10:22:01+00:00\",\"description\":\"Vai esat dzird\u0113ju\u0161i par Austrijas Loto? Tagad j\u016bs varat ieg\u0101d\u0101ties bi\u013cetes tie\u0161saist\u0113!\",\"breadcrumb\":{\"@id\":\"https:\\\/\\\/redfoxlotto.com\\\/lv\\\/informacija\\\/lotto-at\\\/#breadcrumb\"},\"inLanguage\":\"lv-LV\",\"potentialAction\":[{\"@type\":\"ReadAction\",\"target\":[\"https:\\\/\\\/redfoxlotto.com\\\/lv\\\/informacija\\\/lotto-at\\\/\"]}]},{\"@type\":\"ImageObject\",\"inLanguage\":\"lv-LV\",\"@id\":\"https:\\\/\\\/redfoxlotto.com\\\/lv\\\/informacija\\\/lotto-at\\\/#primaryimage\",\"url\":\"https:\\\/\\\/content.redfoxlotto.com\\\/uploads\\\/sites\\\/9\\\/1_buy_lotto_to_win.jpg\",\"contentUrl\":\"https:\\\/\\\/content.redfoxlotto.com\\\/uploads\\\/sites\\\/9\\\/1_buy_lotto_to_win.jpg\"},{\"@type\":\"BreadcrumbList\",\"@id\":\"https:\\\/\\\/redfoxlotto.com\\\/lv\\\/informacija\\\/lotto-at\\\/#breadcrumb\",\"itemListElement\":[{\"@type\":\"ListItem\",\"position\":1,\"name\":\"Home\",\"item\":\"https:\\\/\\\/redfoxlotto.com\\\/lv\\\/\"},{\"@type\":\"ListItem\",\"position\":2,\"name\":\"K\u0101 ieg\u0101d\u0101ties tie\u0161saistes loteriju bi\u013cetes \u2013 ieg\u0101des process\",\"item\":\"https:\\\/\\\/redfoxlotto.com\\\/lv\\\/informacija\\\/\"},{\"@type\":\"ListItem\",\"position\":3,\"name\":\"Par Austrijas Loto\"}]},{\"@type\":\"WebSite\",\"@id\":\"https:\\\/\\\/redfoxlotto.com\\\/lv\\\/#website\",\"url\":\"https:\\\/\\\/redfoxlotto.com\\\/lv\\\/\",\"name\":\"Get Tickets for the World\u2019s largest jackpots\",\"description\":\"Participate in worldwide lottery jackpots from any country\",\"publisher\":{\"@id\":\"https:\\\/\\\/redfoxlotto.com\\\/lv\\\/#organization\"},\"potentialAction\":[{\"@type\":\"SearchAction\",\"target\":{\"@type\":\"EntryPoint\",\"urlTemplate\":\"https:\\\/\\\/redfoxlotto.com\\\/lv\\\/?s={search_term_string}\"},\"query-input\":{\"@type\":\"PropertyValueSpecification\",\"valueRequired\":true,\"valueName\":\"search_term_string\"}}],\"inLanguage\":\"lv-LV\"},{\"@type\":\"Organization\",\"@id\":\"https:\\\/\\\/redfoxlotto.com\\\/lv\\\/#organization\",\"name\":\"Get Tickets for the World\u2019s largest jackpots\",\"url\":\"https:\\\/\\\/redfoxlotto.com\\\/lv\\\/\",\"logo\":{\"@type\":\"ImageObject\",\"inLanguage\":\"lv-LV\",\"@id\":\"https:\\\/\\\/redfoxlotto.com\\\/lv\\\/#\\\/schema\\\/logo\\\/image\\\/\",\"url\":\"https:\\\/\\\/redfoxlotto.com\\\/wp-content\\\/uploads\\\/2023\\\/04\\\/logo.png\",\"contentUrl\":\"https:\\\/\\\/redfoxlotto.com\\\/wp-content\\\/uploads\\\/2023\\\/04\\\/logo.png\",\"width\":269,\"height\":53,\"caption\":\"Get Tickets for the World\u2019s largest jackpots\"},\"image\":{\"@id\":\"https:\\\/\\\/redfoxlotto.com\\\/lv\\\/#\\\/schema\\\/logo\\\/image\\\/\"}}]}<\/script>\n<!-- \/ Yoast SEO plugin. -->","yoast_head_json":{"title":"Ieg\u0101d\u0101jieties savas bi\u013cetes Austrijas Loto tie\u0161saist\u0113","description":"Vai esat dzird\u0113ju\u0161i par Austrijas Loto? Tagad j\u016bs varat ieg\u0101d\u0101ties bi\u013cetes tie\u0161saist\u0113!","robots":{"index":"index","follow":"follow","max-snippet":"max-snippet:-1","max-image-preview":"max-image-preview:large","max-video-preview":"max-video-preview:-1"},"canonical":"https:\/\/redfoxlotto.com\/lv\/informacija\/lotto-at\/","og_locale":"lv_LV","og_type":"article","og_title":"Ieg\u0101d\u0101jieties savas bi\u013cetes Austrijas Loto tie\u0161saist\u0113","og_description":"Vai esat dzird\u0113ju\u0161i par Austrijas Loto? Tagad j\u016bs varat ieg\u0101d\u0101ties bi\u013cetes tie\u0161saist\u0113!","og_url":"https:\/\/redfoxlotto.com\/lv\/informacija\/lotto-at\/","og_site_name":"Get Tickets for the World\u2019s largest jackpots","article_modified_time":"2021-01-07T10:22:01+00:00","og_image":[{"url":"https:\/\/content.redfoxlotto.com\/uploads\/sites\/9\/1_buy_lotto_to_win.jpg","type":"","width":"","height":""}],"twitter_card":"summary_large_image","twitter_misc":{"Est. reading time":"1 minute"},"schema":{"@context":"https:\/\/schema.org","@graph":[{"@type":"WebPage","@id":"https:\/\/redfoxlotto.com\/lv\/informacija\/lotto-at\/","url":"https:\/\/redfoxlotto.com\/lv\/informacija\/lotto-at\/","name":"Ieg\u0101d\u0101jieties savas bi\u013cetes Austrijas Loto tie\u0161saist\u0113","isPartOf":{"@id":"https:\/\/redfoxlotto.com\/lv\/#website"},"primaryImageOfPage":{"@id":"https:\/\/redfoxlotto.com\/lv\/informacija\/lotto-at\/#primaryimage"},"image":{"@id":"https:\/\/redfoxlotto.com\/lv\/informacija\/lotto-at\/#primaryimage"},"thumbnailUrl":"https:\/\/content.redfoxlotto.com\/uploads\/sites\/9\/1_buy_lotto_to_win.jpg","datePublished":"2020-08-18T09:13:31+00:00","dateModified":"2021-01-07T10:22:01+00:00","description":"Vai esat dzird\u0113ju\u0161i par Austrijas Loto? Tagad j\u016bs varat ieg\u0101d\u0101ties bi\u013cetes tie\u0161saist\u0113!","breadcrumb":{"@id":"https:\/\/redfoxlotto.com\/lv\/informacija\/lotto-at\/#breadcrumb"},"inLanguage":"lv-LV","potentialAction":[{"@type":"ReadAction","target":["https:\/\/redfoxlotto.com\/lv\/informacija\/lotto-at\/"]}]},{"@type":"ImageObject","inLanguage":"lv-LV","@id":"https:\/\/redfoxlotto.com\/lv\/informacija\/lotto-at\/#primaryimage","url":"https:\/\/content.redfoxlotto.com\/uploads\/sites\/9\/1_buy_lotto_to_win.jpg","contentUrl":"https:\/\/content.redfoxlotto.com\/uploads\/sites\/9\/1_buy_lotto_to_win.jpg"},{"@type":"BreadcrumbList","@id":"https:\/\/redfoxlotto.com\/lv\/informacija\/lotto-at\/#breadcrumb","itemListElement":[{"@type":"ListItem","position":1,"name":"Home","item":"https:\/\/redfoxlotto.com\/lv\/"},{"@type":"ListItem","position":2,"name":"K\u0101 ieg\u0101d\u0101ties tie\u0161saistes loteriju bi\u013cetes \u2013 ieg\u0101des process","item":"https:\/\/redfoxlotto.com\/lv\/informacija\/"},{"@type":"ListItem","position":3,"name":"Par Austrijas Loto"}]},{"@type":"WebSite","@id":"https:\/\/redfoxlotto.com\/lv\/#website","url":"https:\/\/redfoxlotto.com\/lv\/","name":"Get Tickets for the World\u2019s largest jackpots","description":"Participate in worldwide lottery jackpots from any country","publisher":{"@id":"https:\/\/redfoxlotto.com\/lv\/#organization"},"potentialAction":[{"@type":"SearchAction","target":{"@type":"EntryPoint","urlTemplate":"https:\/\/redfoxlotto.com\/lv\/?s={search_term_string}"},"query-input":{"@type":"PropertyValueSpecification","valueRequired":true,"valueName":"search_term_string"}}],"inLanguage":"lv-LV"},{"@type":"Organization","@id":"https:\/\/redfoxlotto.com\/lv\/#organization","name":"Get Tickets for the World\u2019s largest jackpots","url":"https:\/\/redfoxlotto.com\/lv\/","logo":{"@type":"ImageObject","inLanguage":"lv-LV","@id":"https:\/\/redfoxlotto.com\/lv\/#\/schema\/logo\/image\/","url":"https:\/\/redfoxlotto.com\/wp-content\/uploads\/2023\/04\/logo.png","contentUrl":"https:\/\/redfoxlotto.com\/wp-content\/uploads\/2023\/04\/logo.png","width":269,"height":53,"caption":"Get Tickets for the World\u2019s largest jackpots"},"image":{"@id":"https:\/\/redfoxlotto.com\/lv\/#\/schema\/logo\/image\/"}}]}},"_links":{"self":[{"href":"https:\/\/redfoxlotto.com\/lv\/wp-json\/wp\/v2\/pages\/18006","targetHints":{"allow":["GET"]}}],"collection":[{"href":"https:\/\/redfoxlotto.com\/lv\/wp-json\/wp\/v2\/pages"}],"about":[{"href":"https:\/\/redfoxlotto.com\/lv\/wp-json\/wp\/v2\/types\/page"}],"author":[{"embeddable":true,"href":"https:\/\/redfoxlotto.com\/lv\/wp-json\/wp\/v2\/users\/1"}],"replies":[{"embeddable":true,"href":"https:\/\/redfoxlotto.com\/lv\/wp-json\/wp\/v2\/comments?post=18006"}],"version-history":[{"count":0,"href":"https:\/\/redfoxlotto.com\/lv\/wp-json\/wp\/v2\/pages\/18006\/revisions"}],"up":[{"embeddable":true,"href":"https:\/\/redfoxlotto.com\/lv\/wp-json\/wp\/v2\/pages\/16999"}],"wp:attachment":[{"href":"https:\/\/redfoxlotto.com\/lv\/wp-json\/wp\/v2\/media?parent=18006"}],"curies":[{"name":"wp","href":"https:\/\/api.w.org\/{rel}","templated":true}]}}