{"id":17985,"date":"2020-08-18T09:23:56","date_gmt":"2020-08-18T09:23:56","guid":{"rendered":"https:\/\/redfoxlotto.com\/?page_id=17985"},"modified":"2021-01-07T10:19:17","modified_gmt":"2021-01-07T10:19:17","slug":"lotto-6aus49","status":"publish","type":"page","link":"https:\/\/redfoxlotto.com\/lv\/rezultati\/lotto-6aus49\/","title":{"rendered":"V\u0101cijas Loto rezult\u0101ti"},"content":{"rendered":"<h2 class=\"wp-block-heading\">V\u0101cijas Loto 6aus49 Laim\u012bgie Skait\u013ci<\/h2><p><img loading=\"lazy\" decoding=\"async\" class=\" wp-image alignright\" src=\"https:\/\/content.redfoxlotto.com\/uploads\/sites\/9\/1_draw_results_lotto2.jpg\" alt=\"Lotto rezult\u0101ti V\u0101cija\" width=\"242\" height=\"115\" \/><\/p><p>Ja esat sp\u0113l\u0113ju\u0161i V\u0101cijas Loto, j\u016bs noteikti v\u0113laties ar\u012b uzzin\u0101t vai esat ko laim\u0113ju\u0161i, un ts noz\u012bm\u0113, ka v\u0113laties apskat\u012bt laim\u012bgos skait\u013cus. Vai ar\u012b, ja v\u0113laties izmantot skait\u013cus, kas nesen laim\u0113ju\u0161i vai tiku\u0161i visbie\u017e\u0101k izloz\u0113ti, jums vajag noskaidrot, kuri ir \u0161ie skait\u013ci, bet k\u0101 j\u016bs varat apskat\u012bt V\u0101cijas Loto 6aus49 laim\u012bgos skait\u013cus?<\/p><h2 class=\"wp-block-heading\">Jaun\u0101ko V\u0101cijas Loto rezult\u0101tu apskat\u012b\u0161ana<\/h2><p><img loading=\"lazy\" decoding=\"async\" class=\" wp-image alignright\" src=\"https:\/\/content.redfoxlotto.com\/uploads\/sites\/9\/1_win_lottery_prizes.jpg\" alt=\"laim\u0113t loteriju\" width=\"248\" height=\"165\" \/><\/p><p>J\u016bs varat p\u0101rbaud\u012bt jaun\u0101kos rezult\u0101tus no \u0161\u012bs loto sp\u0113les tie\u0161saist\u0113 m\u016bsu m\u0101jaslap\u0101 RedFoxLotto.com. Viss, kas jums j\u0101dara, ir j\u0101apmekl\u0113 m\u0101jaslapa un j\u016bs var\u0113siet apskat\u012bt laim\u012bgos skait\u013cus vis\u0101s sav\u0101s m\u012b\u013c\u0101kaj\u0101s sp\u0113l\u0113s.<\/p><p>Ja j\u016bs sp\u0113l\u0113j\u0101t \u0161o loteriju caur m\u016bsu platformu, j\u016bs varat ien\u0101kt sav\u0101 profil\u0101, lai p\u0101rbaud\u012btu laim\u012bgos skait\u013cus tur, un sal\u012bdzin\u0101tu laim\u012bgos skait\u013cus ar j\u016bsu izv\u0113l\u0113tajiem skait\u013ciem. J\u016bsu iz&#8217;vel\u0113tie skait\u013ci, kas sakrita, tiks \u012bpa\u0161i izcelti, lai j\u016bs tos var\u0113tu \u0113rt\u0101k apskat\u012bt.<\/p>","protected":false},"excerpt":{"rendered":"<p>V\u0101cijas Loto 6aus49 Laim\u012bgie Skait\u013ci Ja esat sp\u0113l\u0113ju\u0161i V\u0101cijas Loto, j\u016bs noteikti v\u0113laties ar\u012b uzzin\u0101t vai esat ko laim\u0113ju\u0161i, un ts noz\u012bm\u0113, ka v\u0113laties apskat\u012bt laim\u012bgos skait\u013cus. Vai ar\u012b, ja v\u0113laties izmantot skait\u013cus, kas nesen laim\u0113ju\u0161i vai tiku\u0161i visbie\u017e\u0101k izloz\u0113ti, jums vajag noskaidrot, kuri ir \u0161ie skait\u013ci, bet k\u0101 j\u016bs varat apskat\u012bt V\u0101cijas Loto 6aus49 [&hellip;]<\/p>\n","protected":false},"author":1,"featured_media":0,"parent":17007,"menu_order":15,"comment_status":"closed","ping_status":"closed","template":"lotto-german-results.php","meta":{"_et_pb_use_builder":"","_et_pb_old_content":"","_et_gb_content_width":"","exclude_from_search":false,"footnotes":""},"class_list":["post-17985","page","type-page","status-publish","hentry"],"yoast_head":"<!-- This site is optimized with the Yoast SEO plugin v23.8 - https:\/\/yoast.com\/wordpress\/plugins\/seo\/ -->\n<title>V\u0101cijas loto izlozes rezult\u0101ti un laim\u012bgo skait\u013cu kombin\u0101cijas, plus arh\u012bvs<\/title>\n<meta name=\"description\" content=\"Vai izv\u0113l\u0113j\u0101ties laim\u012bgos skait\u013cus no V\u0101cijas Loto? Apskatiet izlozes rezult\u0101tus m\u016bsu m\u0101jaslap\u0101\" \/>\n<meta name=\"robots\" content=\"index, follow, max-snippet:-1, max-image-preview:large, max-video-preview:-1\" \/>\n<link rel=\"canonical\" href=\"https:\/\/redfoxlotto.com\/lv\/rezultati\/lotto-6aus49\/\" \/>\n<meta property=\"og:locale\" content=\"lv_LV\" \/>\n<meta property=\"og:type\" content=\"article\" \/>\n<meta property=\"og:title\" content=\"V\u0101cijas loto izlozes rezult\u0101ti un laim\u012bgo skait\u013cu kombin\u0101cijas, plus arh\u012bvs\" \/>\n<meta property=\"og:description\" content=\"Vai izv\u0113l\u0113j\u0101ties laim\u012bgos skait\u013cus no V\u0101cijas Loto? Apskatiet izlozes rezult\u0101tus m\u016bsu m\u0101jaslap\u0101\" \/>\n<meta property=\"og:url\" content=\"https:\/\/redfoxlotto.com\/lv\/rezultati\/lotto-6aus49\/\" \/>\n<meta property=\"og:site_name\" content=\"Get Tickets for the World\u2019s largest jackpots\" \/>\n<meta property=\"article:modified_time\" content=\"2021-01-07T10:19:17+00:00\" \/>\n<meta property=\"og:image\" content=\"https:\/\/content.redfoxlotto.com\/uploads\/sites\/9\/1_draw_results_lotto2.jpg\" \/>\n<meta name=\"twitter:card\" content=\"summary_large_image\" \/>\n<meta name=\"twitter:label1\" content=\"Est. reading time\" \/>\n\t<meta name=\"twitter:data1\" content=\"1 minute\" \/>\n<script type=\"application\/ld+json\" class=\"yoast-schema-graph\">{\"@context\":\"https:\/\/schema.org\",\"@graph\":[{\"@type\":\"WebPage\",\"@id\":\"https:\/\/redfoxlotto.com\/lv\/rezultati\/lotto-6aus49\/\",\"url\":\"https:\/\/redfoxlotto.com\/lv\/rezultati\/lotto-6aus49\/\",\"name\":\"V\u0101cijas loto izlozes rezult\u0101ti un laim\u012bgo skait\u013cu kombin\u0101cijas, plus arh\u012bvs\",\"isPartOf\":{\"@id\":\"https:\/\/redfoxlotto.com\/lv\/#website\"},\"primaryImageOfPage\":{\"@id\":\"https:\/\/redfoxlotto.com\/lv\/rezultati\/lotto-6aus49\/#primaryimage\"},\"image\":{\"@id\":\"https:\/\/redfoxlotto.com\/lv\/rezultati\/lotto-6aus49\/#primaryimage\"},\"thumbnailUrl\":\"https:\/\/content.redfoxlotto.com\/uploads\/sites\/9\/1_draw_results_lotto2.jpg\",\"datePublished\":\"2020-08-18T09:23:56+00:00\",\"dateModified\":\"2021-01-07T10:19:17+00:00\",\"description\":\"Vai izv\u0113l\u0113j\u0101ties laim\u012bgos skait\u013cus no V\u0101cijas Loto? Apskatiet izlozes rezult\u0101tus m\u016bsu m\u0101jaslap\u0101\",\"breadcrumb\":{\"@id\":\"https:\/\/redfoxlotto.com\/lv\/rezultati\/lotto-6aus49\/#breadcrumb\"},\"inLanguage\":\"lv-LV\",\"potentialAction\":[{\"@type\":\"ReadAction\",\"target\":[\"https:\/\/redfoxlotto.com\/lv\/rezultati\/lotto-6aus49\/\"]}]},{\"@type\":\"ImageObject\",\"inLanguage\":\"lv-LV\",\"@id\":\"https:\/\/redfoxlotto.com\/lv\/rezultati\/lotto-6aus49\/#primaryimage\",\"url\":\"https:\/\/content.redfoxlotto.com\/uploads\/sites\/9\/1_draw_results_lotto2.jpg\",\"contentUrl\":\"https:\/\/content.redfoxlotto.com\/uploads\/sites\/9\/1_draw_results_lotto2.jpg\"},{\"@type\":\"BreadcrumbList\",\"@id\":\"https:\/\/redfoxlotto.com\/lv\/rezultati\/lotto-6aus49\/#breadcrumb\",\"itemListElement\":[{\"@type\":\"ListItem\",\"position\":1,\"name\":\"Home\",\"item\":\"https:\/\/redfoxlotto.com\/lv\/\"},{\"@type\":\"ListItem\",\"position\":2,\"name\":\"Starptautisko loteriju rezult\u0101ti\",\"item\":\"https:\/\/redfoxlotto.com\/lv\/rezultati\/\"},{\"@type\":\"ListItem\",\"position\":3,\"name\":\"V\u0101cijas Loto rezult\u0101ti\"}]},{\"@type\":\"WebSite\",\"@id\":\"https:\/\/redfoxlotto.com\/lv\/#website\",\"url\":\"https:\/\/redfoxlotto.com\/lv\/\",\"name\":\"Get Tickets for the World\u2019s largest jackpots\",\"description\":\"Participate in worldwide lottery jackpots from any country\",\"publisher\":{\"@id\":\"https:\/\/redfoxlotto.com\/lv\/#organization\"},\"potentialAction\":[{\"@type\":\"SearchAction\",\"target\":{\"@type\":\"EntryPoint\",\"urlTemplate\":\"https:\/\/redfoxlotto.com\/lv\/?s={search_term_string}\"},\"query-input\":{\"@type\":\"PropertyValueSpecification\",\"valueRequired\":true,\"valueName\":\"search_term_string\"}}],\"inLanguage\":\"lv-LV\"},{\"@type\":\"Organization\",\"@id\":\"https:\/\/redfoxlotto.com\/lv\/#organization\",\"name\":\"Get Tickets for the World\u2019s largest jackpots\",\"url\":\"https:\/\/redfoxlotto.com\/lv\/\",\"logo\":{\"@type\":\"ImageObject\",\"inLanguage\":\"lv-LV\",\"@id\":\"https:\/\/redfoxlotto.com\/lv\/#\/schema\/logo\/image\/\",\"url\":\"https:\/\/redfoxlotto.com\/wp-content\/uploads\/2023\/04\/logo.png\",\"contentUrl\":\"https:\/\/redfoxlotto.com\/wp-content\/uploads\/2023\/04\/logo.png\",\"width\":269,\"height\":53,\"caption\":\"Get Tickets for the World\u2019s largest jackpots\"},\"image\":{\"@id\":\"https:\/\/redfoxlotto.com\/lv\/#\/schema\/logo\/image\/\"}}]}<\/script>\n<!-- \/ Yoast SEO plugin. -->","yoast_head_json":{"title":"V\u0101cijas loto izlozes rezult\u0101ti un laim\u012bgo skait\u013cu kombin\u0101cijas, plus arh\u012bvs","description":"Vai izv\u0113l\u0113j\u0101ties laim\u012bgos skait\u013cus no V\u0101cijas Loto? Apskatiet izlozes rezult\u0101tus m\u016bsu m\u0101jaslap\u0101","robots":{"index":"index","follow":"follow","max-snippet":"max-snippet:-1","max-image-preview":"max-image-preview:large","max-video-preview":"max-video-preview:-1"},"canonical":"https:\/\/redfoxlotto.com\/lv\/rezultati\/lotto-6aus49\/","og_locale":"lv_LV","og_type":"article","og_title":"V\u0101cijas loto izlozes rezult\u0101ti un laim\u012bgo skait\u013cu kombin\u0101cijas, plus arh\u012bvs","og_description":"Vai izv\u0113l\u0113j\u0101ties laim\u012bgos skait\u013cus no V\u0101cijas Loto? Apskatiet izlozes rezult\u0101tus m\u016bsu m\u0101jaslap\u0101","og_url":"https:\/\/redfoxlotto.com\/lv\/rezultati\/lotto-6aus49\/","og_site_name":"Get Tickets for the World\u2019s largest jackpots","article_modified_time":"2021-01-07T10:19:17+00:00","og_image":[{"url":"https:\/\/content.redfoxlotto.com\/uploads\/sites\/9\/1_draw_results_lotto2.jpg"}],"twitter_card":"summary_large_image","twitter_misc":{"Est. reading time":"1 minute"},"schema":{"@context":"https:\/\/schema.org","@graph":[{"@type":"WebPage","@id":"https:\/\/redfoxlotto.com\/lv\/rezultati\/lotto-6aus49\/","url":"https:\/\/redfoxlotto.com\/lv\/rezultati\/lotto-6aus49\/","name":"V\u0101cijas loto izlozes rezult\u0101ti un laim\u012bgo skait\u013cu kombin\u0101cijas, plus arh\u012bvs","isPartOf":{"@id":"https:\/\/redfoxlotto.com\/lv\/#website"},"primaryImageOfPage":{"@id":"https:\/\/redfoxlotto.com\/lv\/rezultati\/lotto-6aus49\/#primaryimage"},"image":{"@id":"https:\/\/redfoxlotto.com\/lv\/rezultati\/lotto-6aus49\/#primaryimage"},"thumbnailUrl":"https:\/\/content.redfoxlotto.com\/uploads\/sites\/9\/1_draw_results_lotto2.jpg","datePublished":"2020-08-18T09:23:56+00:00","dateModified":"2021-01-07T10:19:17+00:00","description":"Vai izv\u0113l\u0113j\u0101ties laim\u012bgos skait\u013cus no V\u0101cijas Loto? Apskatiet izlozes rezult\u0101tus m\u016bsu m\u0101jaslap\u0101","breadcrumb":{"@id":"https:\/\/redfoxlotto.com\/lv\/rezultati\/lotto-6aus49\/#breadcrumb"},"inLanguage":"lv-LV","potentialAction":[{"@type":"ReadAction","target":["https:\/\/redfoxlotto.com\/lv\/rezultati\/lotto-6aus49\/"]}]},{"@type":"ImageObject","inLanguage":"lv-LV","@id":"https:\/\/redfoxlotto.com\/lv\/rezultati\/lotto-6aus49\/#primaryimage","url":"https:\/\/content.redfoxlotto.com\/uploads\/sites\/9\/1_draw_results_lotto2.jpg","contentUrl":"https:\/\/content.redfoxlotto.com\/uploads\/sites\/9\/1_draw_results_lotto2.jpg"},{"@type":"BreadcrumbList","@id":"https:\/\/redfoxlotto.com\/lv\/rezultati\/lotto-6aus49\/#breadcrumb","itemListElement":[{"@type":"ListItem","position":1,"name":"Home","item":"https:\/\/redfoxlotto.com\/lv\/"},{"@type":"ListItem","position":2,"name":"Starptautisko loteriju rezult\u0101ti","item":"https:\/\/redfoxlotto.com\/lv\/rezultati\/"},{"@type":"ListItem","position":3,"name":"V\u0101cijas Loto rezult\u0101ti"}]},{"@type":"WebSite","@id":"https:\/\/redfoxlotto.com\/lv\/#website","url":"https:\/\/redfoxlotto.com\/lv\/","name":"Get Tickets for the World\u2019s largest jackpots","description":"Participate in worldwide lottery jackpots from any country","publisher":{"@id":"https:\/\/redfoxlotto.com\/lv\/#organization"},"potentialAction":[{"@type":"SearchAction","target":{"@type":"EntryPoint","urlTemplate":"https:\/\/redfoxlotto.com\/lv\/?s={search_term_string}"},"query-input":{"@type":"PropertyValueSpecification","valueRequired":true,"valueName":"search_term_string"}}],"inLanguage":"lv-LV"},{"@type":"Organization","@id":"https:\/\/redfoxlotto.com\/lv\/#organization","name":"Get Tickets for the World\u2019s largest jackpots","url":"https:\/\/redfoxlotto.com\/lv\/","logo":{"@type":"ImageObject","inLanguage":"lv-LV","@id":"https:\/\/redfoxlotto.com\/lv\/#\/schema\/logo\/image\/","url":"https:\/\/redfoxlotto.com\/wp-content\/uploads\/2023\/04\/logo.png","contentUrl":"https:\/\/redfoxlotto.com\/wp-content\/uploads\/2023\/04\/logo.png","width":269,"height":53,"caption":"Get Tickets for the World\u2019s largest jackpots"},"image":{"@id":"https:\/\/redfoxlotto.com\/lv\/#\/schema\/logo\/image\/"}}]}},"_links":{"self":[{"href":"https:\/\/redfoxlotto.com\/lv\/wp-json\/wp\/v2\/pages\/17985","targetHints":{"allow":["GET"]}}],"collection":[{"href":"https:\/\/redfoxlotto.com\/lv\/wp-json\/wp\/v2\/pages"}],"about":[{"href":"https:\/\/redfoxlotto.com\/lv\/wp-json\/wp\/v2\/types\/page"}],"author":[{"embeddable":true,"href":"https:\/\/redfoxlotto.com\/lv\/wp-json\/wp\/v2\/users\/1"}],"replies":[{"embeddable":true,"href":"https:\/\/redfoxlotto.com\/lv\/wp-json\/wp\/v2\/comments?post=17985"}],"version-history":[{"count":0,"href":"https:\/\/redfoxlotto.com\/lv\/wp-json\/wp\/v2\/pages\/17985\/revisions"}],"up":[{"embeddable":true,"href":"https:\/\/redfoxlotto.com\/lv\/wp-json\/wp\/v2\/pages\/17007"}],"wp:attachment":[{"href":"https:\/\/redfoxlotto.com\/lv\/wp-json\/wp\/v2\/media?parent=17985"}],"curies":[{"name":"wp","href":"https:\/\/api.w.org\/{rel}","templated":true}]}}