{"id":17978,"date":"2020-08-18T09:19:26","date_gmt":"2020-08-18T09:19:26","guid":{"rendered":"https:\/\/redfoxlotto.com\/?page_id=17978"},"modified":"2021-01-07T10:18:38","modified_gmt":"2021-01-07T10:18:38","slug":"lotto-6aus49","status":"publish","type":"page","link":"https:\/\/redfoxlotto.com\/lv\/informacija\/lotto-6aus49\/","title":{"rendered":"Par V\u0101cijas Loto 6 aus 49"},"content":{"rendered":"<h2 class=\"wp-block-heading\">Ieg\u0101d\u0101jieties Bi\u013cetes uz V\u0101cijas Loto 6aus49 Tie\u0161saist\u0113<\/h2><p><img decoding=\"async\" class=\"size-full wp-image alignright\" src=\"https:\/\/content.redfoxlotto.com\/uploads\/sites\/9\/1_buy_lottery_online.jpg\" alt=\"v\u0101cu loto bi\u013cetes\"><\/p><p>Viss, kas jums j\u0101dara, lai ieg\u0101d\u0101tos bi\u013cetes uz V\u0101cijas Loto, ir j\u0101apmekl\u0113 RedFoxLotto.com lapa, lai s\u0101ktu.<\/p><p>Kad esat gatavi sp\u0113l\u0113t, izv\u0113lieties 6 skait\u013cis no 1 l\u012bdz 49, un 1 skaitli no 0 l\u012bdz 9. Tas ar\u012b viss, kas nepiecie\u0161ams. Tad izv\u0113lieties, cik loterij\u0101s v\u0113laties piedal\u012bties ar sav\u0101m bi\u013cet\u0113m, un izv\u0113lieties sev \u0113rt\u0101ko apmaksas metodi.<\/p><p>Tikl\u012bdz b\u016bsiet ievad\u012bju\u0161i maks\u0101jumu inform\u0101ciju un apstiprin\u0101ju\u0161i pirkumu, viss, kas jums j\u0101dara, b\u016bs j\u0101sagaida izloze un j\u0101noskaidro vai esat ko laim\u0113ju\u0161i.<\/p>","protected":false},"excerpt":{"rendered":"<p>Ieg\u0101d\u0101jieties Bi\u013cetes uz V\u0101cijas Loto 6aus49 Tie\u0161saist\u0113 Viss, kas jums j\u0101dara, lai ieg\u0101d\u0101tos bi\u013cetes uz V\u0101cijas Loto, ir j\u0101apmekl\u0113 RedFoxLotto.com lapa, lai s\u0101ktu. Kad esat gatavi sp\u0113l\u0113t, izv\u0113lieties 6 skait\u013cis no 1 l\u012bdz 49, un 1 skaitli no 0 l\u012bdz 9. Tas ar\u012b viss, kas nepiecie\u0161ams. Tad izv\u0113lieties, cik loterij\u0101s v\u0113laties piedal\u012bties ar sav\u0101m bi\u013cet\u0113m, [&hellip;]<\/p>\n","protected":false},"author":1,"featured_media":0,"parent":16999,"menu_order":15,"comment_status":"closed","ping_status":"closed","template":"lotto-german-info.php","meta":{"_et_pb_use_builder":"","_et_pb_old_content":"","_et_gb_content_width":"","exclude_from_search":false,"footnotes":""},"class_list":["post-17978","page","type-page","status-publish","hentry"],"yoast_head":"<!-- This site is optimized with the Yoast SEO plugin v23.8 - https:\/\/yoast.com\/wordpress\/plugins\/seo\/ -->\n<title>Ieg\u0101d\u0101jieties bi\u013cetes uz V\u0101cijas Loto tie\u0161saist\u0113<\/title>\n<meta name=\"description\" content=\"Loto fani, kas dz\u012bvo \u0101rpus V\u0101cijas, tagad var ieg\u0101d\u0101ties bi\u013cetes uz &quot;6 aus 49&quot; tie\u0161saist\u0113\" \/>\n<meta name=\"robots\" content=\"index, follow, max-snippet:-1, max-image-preview:large, max-video-preview:-1\" \/>\n<link rel=\"canonical\" href=\"https:\/\/redfoxlotto.com\/lv\/informacija\/lotto-6aus49\/\" \/>\n<meta property=\"og:locale\" content=\"lv_LV\" \/>\n<meta property=\"og:type\" content=\"article\" \/>\n<meta property=\"og:title\" content=\"Ieg\u0101d\u0101jieties bi\u013cetes uz V\u0101cijas Loto tie\u0161saist\u0113\" \/>\n<meta property=\"og:description\" content=\"Loto fani, kas dz\u012bvo \u0101rpus V\u0101cijas, tagad var ieg\u0101d\u0101ties bi\u013cetes uz &quot;6 aus 49&quot; tie\u0161saist\u0113\" \/>\n<meta property=\"og:url\" content=\"https:\/\/redfoxlotto.com\/lv\/informacija\/lotto-6aus49\/\" \/>\n<meta property=\"og:site_name\" content=\"Get Tickets for the World\u2019s largest jackpots\" \/>\n<meta property=\"article:modified_time\" content=\"2021-01-07T10:18:38+00:00\" \/>\n<meta property=\"og:image\" content=\"https:\/\/content.redfoxlotto.com\/uploads\/sites\/9\/1_buy_lottery_online.jpg\" \/>\n<meta name=\"twitter:card\" content=\"summary_large_image\" \/>\n<meta name=\"twitter:label1\" content=\"Est. reading time\" \/>\n\t<meta name=\"twitter:data1\" content=\"1 minute\" \/>\n<script type=\"application\/ld+json\" class=\"yoast-schema-graph\">{\"@context\":\"https:\/\/schema.org\",\"@graph\":[{\"@type\":\"WebPage\",\"@id\":\"https:\/\/redfoxlotto.com\/lv\/informacija\/lotto-6aus49\/\",\"url\":\"https:\/\/redfoxlotto.com\/lv\/informacija\/lotto-6aus49\/\",\"name\":\"Ieg\u0101d\u0101jieties bi\u013cetes uz V\u0101cijas Loto tie\u0161saist\u0113\",\"isPartOf\":{\"@id\":\"https:\/\/redfoxlotto.com\/lv\/#website\"},\"primaryImageOfPage\":{\"@id\":\"https:\/\/redfoxlotto.com\/lv\/informacija\/lotto-6aus49\/#primaryimage\"},\"image\":{\"@id\":\"https:\/\/redfoxlotto.com\/lv\/informacija\/lotto-6aus49\/#primaryimage\"},\"thumbnailUrl\":\"https:\/\/content.redfoxlotto.com\/uploads\/sites\/9\/1_buy_lottery_online.jpg\",\"datePublished\":\"2020-08-18T09:19:26+00:00\",\"dateModified\":\"2021-01-07T10:18:38+00:00\",\"description\":\"Loto fani, kas dz\u012bvo \u0101rpus V\u0101cijas, tagad var ieg\u0101d\u0101ties bi\u013cetes uz \\\"6 aus 49\\\" tie\u0161saist\u0113\",\"breadcrumb\":{\"@id\":\"https:\/\/redfoxlotto.com\/lv\/informacija\/lotto-6aus49\/#breadcrumb\"},\"inLanguage\":\"lv-LV\",\"potentialAction\":[{\"@type\":\"ReadAction\",\"target\":[\"https:\/\/redfoxlotto.com\/lv\/informacija\/lotto-6aus49\/\"]}]},{\"@type\":\"ImageObject\",\"inLanguage\":\"lv-LV\",\"@id\":\"https:\/\/redfoxlotto.com\/lv\/informacija\/lotto-6aus49\/#primaryimage\",\"url\":\"https:\/\/content.redfoxlotto.com\/uploads\/sites\/9\/1_buy_lottery_online.jpg\",\"contentUrl\":\"https:\/\/content.redfoxlotto.com\/uploads\/sites\/9\/1_buy_lottery_online.jpg\"},{\"@type\":\"BreadcrumbList\",\"@id\":\"https:\/\/redfoxlotto.com\/lv\/informacija\/lotto-6aus49\/#breadcrumb\",\"itemListElement\":[{\"@type\":\"ListItem\",\"position\":1,\"name\":\"Home\",\"item\":\"https:\/\/redfoxlotto.com\/lv\/\"},{\"@type\":\"ListItem\",\"position\":2,\"name\":\"K\u0101 ieg\u0101d\u0101ties tie\u0161saistes loteriju bi\u013cetes \u2013 ieg\u0101des process\",\"item\":\"https:\/\/redfoxlotto.com\/lv\/informacija\/\"},{\"@type\":\"ListItem\",\"position\":3,\"name\":\"Par V\u0101cijas Loto 6 aus 49\"}]},{\"@type\":\"WebSite\",\"@id\":\"https:\/\/redfoxlotto.com\/lv\/#website\",\"url\":\"https:\/\/redfoxlotto.com\/lv\/\",\"name\":\"Get Tickets for the World\u2019s largest jackpots\",\"description\":\"Participate in worldwide lottery jackpots from any country\",\"publisher\":{\"@id\":\"https:\/\/redfoxlotto.com\/lv\/#organization\"},\"potentialAction\":[{\"@type\":\"SearchAction\",\"target\":{\"@type\":\"EntryPoint\",\"urlTemplate\":\"https:\/\/redfoxlotto.com\/lv\/?s={search_term_string}\"},\"query-input\":{\"@type\":\"PropertyValueSpecification\",\"valueRequired\":true,\"valueName\":\"search_term_string\"}}],\"inLanguage\":\"lv-LV\"},{\"@type\":\"Organization\",\"@id\":\"https:\/\/redfoxlotto.com\/lv\/#organization\",\"name\":\"Get Tickets for the World\u2019s largest jackpots\",\"url\":\"https:\/\/redfoxlotto.com\/lv\/\",\"logo\":{\"@type\":\"ImageObject\",\"inLanguage\":\"lv-LV\",\"@id\":\"https:\/\/redfoxlotto.com\/lv\/#\/schema\/logo\/image\/\",\"url\":\"https:\/\/redfoxlotto.com\/wp-content\/uploads\/2023\/04\/logo.png\",\"contentUrl\":\"https:\/\/redfoxlotto.com\/wp-content\/uploads\/2023\/04\/logo.png\",\"width\":269,\"height\":53,\"caption\":\"Get Tickets for the World\u2019s largest jackpots\"},\"image\":{\"@id\":\"https:\/\/redfoxlotto.com\/lv\/#\/schema\/logo\/image\/\"}}]}<\/script>\n<!-- \/ Yoast SEO plugin. -->","yoast_head_json":{"title":"Ieg\u0101d\u0101jieties bi\u013cetes uz V\u0101cijas Loto tie\u0161saist\u0113","description":"Loto fani, kas dz\u012bvo \u0101rpus V\u0101cijas, tagad var ieg\u0101d\u0101ties bi\u013cetes uz \"6 aus 49\" tie\u0161saist\u0113","robots":{"index":"index","follow":"follow","max-snippet":"max-snippet:-1","max-image-preview":"max-image-preview:large","max-video-preview":"max-video-preview:-1"},"canonical":"https:\/\/redfoxlotto.com\/lv\/informacija\/lotto-6aus49\/","og_locale":"lv_LV","og_type":"article","og_title":"Ieg\u0101d\u0101jieties bi\u013cetes uz V\u0101cijas Loto tie\u0161saist\u0113","og_description":"Loto fani, kas dz\u012bvo \u0101rpus V\u0101cijas, tagad var ieg\u0101d\u0101ties bi\u013cetes uz \"6 aus 49\" tie\u0161saist\u0113","og_url":"https:\/\/redfoxlotto.com\/lv\/informacija\/lotto-6aus49\/","og_site_name":"Get Tickets for the World\u2019s largest jackpots","article_modified_time":"2021-01-07T10:18:38+00:00","og_image":[{"url":"https:\/\/content.redfoxlotto.com\/uploads\/sites\/9\/1_buy_lottery_online.jpg"}],"twitter_card":"summary_large_image","twitter_misc":{"Est. reading time":"1 minute"},"schema":{"@context":"https:\/\/schema.org","@graph":[{"@type":"WebPage","@id":"https:\/\/redfoxlotto.com\/lv\/informacija\/lotto-6aus49\/","url":"https:\/\/redfoxlotto.com\/lv\/informacija\/lotto-6aus49\/","name":"Ieg\u0101d\u0101jieties bi\u013cetes uz V\u0101cijas Loto tie\u0161saist\u0113","isPartOf":{"@id":"https:\/\/redfoxlotto.com\/lv\/#website"},"primaryImageOfPage":{"@id":"https:\/\/redfoxlotto.com\/lv\/informacija\/lotto-6aus49\/#primaryimage"},"image":{"@id":"https:\/\/redfoxlotto.com\/lv\/informacija\/lotto-6aus49\/#primaryimage"},"thumbnailUrl":"https:\/\/content.redfoxlotto.com\/uploads\/sites\/9\/1_buy_lottery_online.jpg","datePublished":"2020-08-18T09:19:26+00:00","dateModified":"2021-01-07T10:18:38+00:00","description":"Loto fani, kas dz\u012bvo \u0101rpus V\u0101cijas, tagad var ieg\u0101d\u0101ties bi\u013cetes uz \"6 aus 49\" tie\u0161saist\u0113","breadcrumb":{"@id":"https:\/\/redfoxlotto.com\/lv\/informacija\/lotto-6aus49\/#breadcrumb"},"inLanguage":"lv-LV","potentialAction":[{"@type":"ReadAction","target":["https:\/\/redfoxlotto.com\/lv\/informacija\/lotto-6aus49\/"]}]},{"@type":"ImageObject","inLanguage":"lv-LV","@id":"https:\/\/redfoxlotto.com\/lv\/informacija\/lotto-6aus49\/#primaryimage","url":"https:\/\/content.redfoxlotto.com\/uploads\/sites\/9\/1_buy_lottery_online.jpg","contentUrl":"https:\/\/content.redfoxlotto.com\/uploads\/sites\/9\/1_buy_lottery_online.jpg"},{"@type":"BreadcrumbList","@id":"https:\/\/redfoxlotto.com\/lv\/informacija\/lotto-6aus49\/#breadcrumb","itemListElement":[{"@type":"ListItem","position":1,"name":"Home","item":"https:\/\/redfoxlotto.com\/lv\/"},{"@type":"ListItem","position":2,"name":"K\u0101 ieg\u0101d\u0101ties tie\u0161saistes loteriju bi\u013cetes \u2013 ieg\u0101des process","item":"https:\/\/redfoxlotto.com\/lv\/informacija\/"},{"@type":"ListItem","position":3,"name":"Par V\u0101cijas Loto 6 aus 49"}]},{"@type":"WebSite","@id":"https:\/\/redfoxlotto.com\/lv\/#website","url":"https:\/\/redfoxlotto.com\/lv\/","name":"Get Tickets for the World\u2019s largest jackpots","description":"Participate in worldwide lottery jackpots from any country","publisher":{"@id":"https:\/\/redfoxlotto.com\/lv\/#organization"},"potentialAction":[{"@type":"SearchAction","target":{"@type":"EntryPoint","urlTemplate":"https:\/\/redfoxlotto.com\/lv\/?s={search_term_string}"},"query-input":{"@type":"PropertyValueSpecification","valueRequired":true,"valueName":"search_term_string"}}],"inLanguage":"lv-LV"},{"@type":"Organization","@id":"https:\/\/redfoxlotto.com\/lv\/#organization","name":"Get Tickets for the World\u2019s largest jackpots","url":"https:\/\/redfoxlotto.com\/lv\/","logo":{"@type":"ImageObject","inLanguage":"lv-LV","@id":"https:\/\/redfoxlotto.com\/lv\/#\/schema\/logo\/image\/","url":"https:\/\/redfoxlotto.com\/wp-content\/uploads\/2023\/04\/logo.png","contentUrl":"https:\/\/redfoxlotto.com\/wp-content\/uploads\/2023\/04\/logo.png","width":269,"height":53,"caption":"Get Tickets for the World\u2019s largest jackpots"},"image":{"@id":"https:\/\/redfoxlotto.com\/lv\/#\/schema\/logo\/image\/"}}]}},"_links":{"self":[{"href":"https:\/\/redfoxlotto.com\/lv\/wp-json\/wp\/v2\/pages\/17978","targetHints":{"allow":["GET"]}}],"collection":[{"href":"https:\/\/redfoxlotto.com\/lv\/wp-json\/wp\/v2\/pages"}],"about":[{"href":"https:\/\/redfoxlotto.com\/lv\/wp-json\/wp\/v2\/types\/page"}],"author":[{"embeddable":true,"href":"https:\/\/redfoxlotto.com\/lv\/wp-json\/wp\/v2\/users\/1"}],"replies":[{"embeddable":true,"href":"https:\/\/redfoxlotto.com\/lv\/wp-json\/wp\/v2\/comments?post=17978"}],"version-history":[{"count":0,"href":"https:\/\/redfoxlotto.com\/lv\/wp-json\/wp\/v2\/pages\/17978\/revisions"}],"up":[{"embeddable":true,"href":"https:\/\/redfoxlotto.com\/lv\/wp-json\/wp\/v2\/pages\/16999"}],"wp:attachment":[{"href":"https:\/\/redfoxlotto.com\/lv\/wp-json\/wp\/v2\/media?parent=17978"}],"curies":[{"name":"wp","href":"https:\/\/api.w.org\/{rel}","templated":true}]}}