{"id":17929,"date":"2020-07-20T08:57:09","date_gmt":"2020-07-20T08:57:09","guid":{"rendered":"https:\/\/redfoxlotto.com\/?page_id=17929"},"modified":"2021-01-07T10:12:49","modified_gmt":"2021-01-07T10:12:49","slug":"mega-sena","status":"publish","type":"page","link":"https:\/\/redfoxlotto.com\/lv\/rezultati\/mega-sena\/","title":{"rendered":"Mega Sena Rezult\u0101ti"},"content":{"rendered":"<h2 class=\"wp-block-heading\">Mega Sena Braz\u012blijas Laim\u012bgie Skait\u013ci<\/h2><p><img loading=\"lazy\" decoding=\"async\" class=\" wp-image alignright\" src=\"https:\/\/content.redfoxlotto.com\/uploads\/sites\/9\/1_you_win_jackpot.jpg\" alt=\"laim\u0113 loterijas d\u017eekpotu\" width=\"245\" height=\"245\" \/><\/p><p>Ja j\u016bs jau esat sp\u0113l\u0113ju\u0161i Mega Sena, tad noteikti v\u0113laties uzzin\u0101t, vai esat laim\u0113ju\u0161i, pareizi? Tad k\u0101 j\u016bs vaat p\u0101rbaud\u012bt Mega Sena Braz\u012blijas laim\u012bgos skait\u013cus? Jums vienk\u0101r\u0161i j\u0101apmekl\u0113 savs profils RedFoxLotto.com. Jums b\u016bs iesp\u0113ja apskat\u012bt jaun\u0101kos izlo\u017eu rezult\u0101tus un, ja j\u016bs piedal\u012bj\u0101ties izloz\u0113, j\u016bs var\u0113siet tiem piek\u013c\u016bt daudz \u0101tr\u0101k.<\/p><h2 class=\"wp-block-heading\">Sen\u0101ko Izlo\u017eu Laim\u012bgo Skait\u013cu P\u0101rbaud\u012b\u0161ana<\/h2><p>Ja jums ir vec\u0101ka bi\u013cete, ko v\u0113laties p\u0101rbaud\u012bt, j\u016bs to varat \u0113rti izdar\u012bt, apmekl\u0113jot m\u016bsu arh\u012bvu lapu. V\u0113sturisko Mega Sena Braz\u012blijas laim\u012bgo skait\u013cu izp\u0113te ar\u012b ir labs veids k\u0101 pal\u012bdz\u0113t sagatavot skait\u013cus n\u0101kamaj\u0101m izloz\u0113m un p\u0101rbaud\u012bt tos. Viss, kas jums j\u0101dara, ir j\u0101apskata arh\u012bvs, un j\u016bs redz\u0113siet k\u0101di skait\u013ci p\u0113d\u0113j\u0101 laik\u0101 izloz\u0113ti visbie\u017e\u0101k (vai visret\u0101k).<\/p>","protected":false},"excerpt":{"rendered":"<p>Mega Sena Braz\u012blijas Laim\u012bgie Skait\u013ci Ja j\u016bs jau esat sp\u0113l\u0113ju\u0161i Mega Sena, tad noteikti v\u0113laties uzzin\u0101t, vai esat laim\u0113ju\u0161i, pareizi? Tad k\u0101 j\u016bs vaat p\u0101rbaud\u012bt Mega Sena Braz\u012blijas laim\u012bgos skait\u013cus? Jums vienk\u0101r\u0161i j\u0101apmekl\u0113 savs profils RedFoxLotto.com. Jums b\u016bs iesp\u0113ja apskat\u012bt jaun\u0101kos izlo\u017eu rezult\u0101tus un, ja j\u016bs piedal\u012bj\u0101ties izloz\u0113, j\u016bs var\u0113siet tiem piek\u013c\u016bt daudz \u0101tr\u0101k. Sen\u0101ko [&hellip;]<\/p>\n","protected":false},"author":1,"featured_media":0,"parent":17007,"menu_order":13,"comment_status":"closed","ping_status":"closed","template":"megasena-results.php","meta":{"_et_pb_use_builder":"","_et_pb_old_content":"","_et_gb_content_width":"","exclude_from_search":false,"footnotes":""},"class_list":["post-17929","page","type-page","status-publish","hentry"],"yoast_head":"<!-- This site is optimized with the Yoast SEO plugin v23.8 - https:\/\/yoast.com\/wordpress\/plugins\/seo\/ -->\n<title>Laim\u012bgie skait\u013ci no Mega Sena | Izlo\u017eu rezult\u0101ti no Braz\u012blijas Mega Sena<\/title>\n<meta name=\"description\" content=\"Apskatiet jaun\u0101kos rezult\u0101tus un v\u0113sturiskos laim\u012bgos skait\u013cus no Mega Sena\" \/>\n<meta name=\"robots\" content=\"index, follow, max-snippet:-1, max-image-preview:large, max-video-preview:-1\" \/>\n<link rel=\"canonical\" href=\"https:\/\/redfoxlotto.com\/lv\/rezultati\/mega-sena\/\" \/>\n<meta property=\"og:locale\" content=\"lv_LV\" \/>\n<meta property=\"og:type\" content=\"article\" \/>\n<meta property=\"og:title\" content=\"Laim\u012bgie skait\u013ci no Mega Sena | Izlo\u017eu rezult\u0101ti no Braz\u012blijas Mega Sena\" \/>\n<meta property=\"og:description\" content=\"Apskatiet jaun\u0101kos rezult\u0101tus un v\u0113sturiskos laim\u012bgos skait\u013cus no Mega Sena\" \/>\n<meta property=\"og:url\" content=\"https:\/\/redfoxlotto.com\/lv\/rezultati\/mega-sena\/\" \/>\n<meta property=\"og:site_name\" content=\"Get Tickets for the World\u2019s largest jackpots\" \/>\n<meta property=\"article:modified_time\" content=\"2021-01-07T10:12:49+00:00\" \/>\n<meta property=\"og:image\" content=\"https:\/\/content.redfoxlotto.com\/uploads\/sites\/9\/1_you_win_jackpot.jpg\" \/>\n<meta name=\"twitter:card\" content=\"summary_large_image\" \/>\n<meta name=\"twitter:label1\" content=\"Est. reading time\" \/>\n\t<meta name=\"twitter:data1\" content=\"1 minute\" \/>\n<script type=\"application\/ld+json\" class=\"yoast-schema-graph\">{\"@context\":\"https:\/\/schema.org\",\"@graph\":[{\"@type\":\"WebPage\",\"@id\":\"https:\/\/redfoxlotto.com\/lv\/rezultati\/mega-sena\/\",\"url\":\"https:\/\/redfoxlotto.com\/lv\/rezultati\/mega-sena\/\",\"name\":\"Laim\u012bgie skait\u013ci no Mega Sena | Izlo\u017eu rezult\u0101ti no Braz\u012blijas Mega Sena\",\"isPartOf\":{\"@id\":\"https:\/\/redfoxlotto.com\/lv\/#website\"},\"primaryImageOfPage\":{\"@id\":\"https:\/\/redfoxlotto.com\/lv\/rezultati\/mega-sena\/#primaryimage\"},\"image\":{\"@id\":\"https:\/\/redfoxlotto.com\/lv\/rezultati\/mega-sena\/#primaryimage\"},\"thumbnailUrl\":\"https:\/\/content.redfoxlotto.com\/uploads\/sites\/9\/1_you_win_jackpot.jpg\",\"datePublished\":\"2020-07-20T08:57:09+00:00\",\"dateModified\":\"2021-01-07T10:12:49+00:00\",\"description\":\"Apskatiet jaun\u0101kos rezult\u0101tus un v\u0113sturiskos laim\u012bgos skait\u013cus no Mega Sena\",\"breadcrumb\":{\"@id\":\"https:\/\/redfoxlotto.com\/lv\/rezultati\/mega-sena\/#breadcrumb\"},\"inLanguage\":\"lv-LV\",\"potentialAction\":[{\"@type\":\"ReadAction\",\"target\":[\"https:\/\/redfoxlotto.com\/lv\/rezultati\/mega-sena\/\"]}]},{\"@type\":\"ImageObject\",\"inLanguage\":\"lv-LV\",\"@id\":\"https:\/\/redfoxlotto.com\/lv\/rezultati\/mega-sena\/#primaryimage\",\"url\":\"https:\/\/content.redfoxlotto.com\/uploads\/sites\/9\/1_you_win_jackpot.jpg\",\"contentUrl\":\"https:\/\/content.redfoxlotto.com\/uploads\/sites\/9\/1_you_win_jackpot.jpg\"},{\"@type\":\"BreadcrumbList\",\"@id\":\"https:\/\/redfoxlotto.com\/lv\/rezultati\/mega-sena\/#breadcrumb\",\"itemListElement\":[{\"@type\":\"ListItem\",\"position\":1,\"name\":\"Home\",\"item\":\"https:\/\/redfoxlotto.com\/lv\/\"},{\"@type\":\"ListItem\",\"position\":2,\"name\":\"Starptautisko loteriju rezult\u0101ti\",\"item\":\"https:\/\/redfoxlotto.com\/lv\/rezultati\/\"},{\"@type\":\"ListItem\",\"position\":3,\"name\":\"Mega Sena Rezult\u0101ti\"}]},{\"@type\":\"WebSite\",\"@id\":\"https:\/\/redfoxlotto.com\/lv\/#website\",\"url\":\"https:\/\/redfoxlotto.com\/lv\/\",\"name\":\"Get Tickets for the World\u2019s largest jackpots\",\"description\":\"Participate in worldwide lottery jackpots from any country\",\"publisher\":{\"@id\":\"https:\/\/redfoxlotto.com\/lv\/#organization\"},\"potentialAction\":[{\"@type\":\"SearchAction\",\"target\":{\"@type\":\"EntryPoint\",\"urlTemplate\":\"https:\/\/redfoxlotto.com\/lv\/?s={search_term_string}\"},\"query-input\":{\"@type\":\"PropertyValueSpecification\",\"valueRequired\":true,\"valueName\":\"search_term_string\"}}],\"inLanguage\":\"lv-LV\"},{\"@type\":\"Organization\",\"@id\":\"https:\/\/redfoxlotto.com\/lv\/#organization\",\"name\":\"Get Tickets for the World\u2019s largest jackpots\",\"url\":\"https:\/\/redfoxlotto.com\/lv\/\",\"logo\":{\"@type\":\"ImageObject\",\"inLanguage\":\"lv-LV\",\"@id\":\"https:\/\/redfoxlotto.com\/lv\/#\/schema\/logo\/image\/\",\"url\":\"https:\/\/redfoxlotto.com\/wp-content\/uploads\/2023\/04\/logo.png\",\"contentUrl\":\"https:\/\/redfoxlotto.com\/wp-content\/uploads\/2023\/04\/logo.png\",\"width\":269,\"height\":53,\"caption\":\"Get Tickets for the World\u2019s largest jackpots\"},\"image\":{\"@id\":\"https:\/\/redfoxlotto.com\/lv\/#\/schema\/logo\/image\/\"}}]}<\/script>\n<!-- \/ Yoast SEO plugin. -->","yoast_head_json":{"title":"Laim\u012bgie skait\u013ci no Mega Sena | Izlo\u017eu rezult\u0101ti no Braz\u012blijas Mega Sena","description":"Apskatiet jaun\u0101kos rezult\u0101tus un v\u0113sturiskos laim\u012bgos skait\u013cus no Mega Sena","robots":{"index":"index","follow":"follow","max-snippet":"max-snippet:-1","max-image-preview":"max-image-preview:large","max-video-preview":"max-video-preview:-1"},"canonical":"https:\/\/redfoxlotto.com\/lv\/rezultati\/mega-sena\/","og_locale":"lv_LV","og_type":"article","og_title":"Laim\u012bgie skait\u013ci no Mega Sena | Izlo\u017eu rezult\u0101ti no Braz\u012blijas Mega Sena","og_description":"Apskatiet jaun\u0101kos rezult\u0101tus un v\u0113sturiskos laim\u012bgos skait\u013cus no Mega Sena","og_url":"https:\/\/redfoxlotto.com\/lv\/rezultati\/mega-sena\/","og_site_name":"Get Tickets for the World\u2019s largest jackpots","article_modified_time":"2021-01-07T10:12:49+00:00","og_image":[{"url":"https:\/\/content.redfoxlotto.com\/uploads\/sites\/9\/1_you_win_jackpot.jpg"}],"twitter_card":"summary_large_image","twitter_misc":{"Est. reading time":"1 minute"},"schema":{"@context":"https:\/\/schema.org","@graph":[{"@type":"WebPage","@id":"https:\/\/redfoxlotto.com\/lv\/rezultati\/mega-sena\/","url":"https:\/\/redfoxlotto.com\/lv\/rezultati\/mega-sena\/","name":"Laim\u012bgie skait\u013ci no Mega Sena | Izlo\u017eu rezult\u0101ti no Braz\u012blijas Mega Sena","isPartOf":{"@id":"https:\/\/redfoxlotto.com\/lv\/#website"},"primaryImageOfPage":{"@id":"https:\/\/redfoxlotto.com\/lv\/rezultati\/mega-sena\/#primaryimage"},"image":{"@id":"https:\/\/redfoxlotto.com\/lv\/rezultati\/mega-sena\/#primaryimage"},"thumbnailUrl":"https:\/\/content.redfoxlotto.com\/uploads\/sites\/9\/1_you_win_jackpot.jpg","datePublished":"2020-07-20T08:57:09+00:00","dateModified":"2021-01-07T10:12:49+00:00","description":"Apskatiet jaun\u0101kos rezult\u0101tus un v\u0113sturiskos laim\u012bgos skait\u013cus no Mega Sena","breadcrumb":{"@id":"https:\/\/redfoxlotto.com\/lv\/rezultati\/mega-sena\/#breadcrumb"},"inLanguage":"lv-LV","potentialAction":[{"@type":"ReadAction","target":["https:\/\/redfoxlotto.com\/lv\/rezultati\/mega-sena\/"]}]},{"@type":"ImageObject","inLanguage":"lv-LV","@id":"https:\/\/redfoxlotto.com\/lv\/rezultati\/mega-sena\/#primaryimage","url":"https:\/\/content.redfoxlotto.com\/uploads\/sites\/9\/1_you_win_jackpot.jpg","contentUrl":"https:\/\/content.redfoxlotto.com\/uploads\/sites\/9\/1_you_win_jackpot.jpg"},{"@type":"BreadcrumbList","@id":"https:\/\/redfoxlotto.com\/lv\/rezultati\/mega-sena\/#breadcrumb","itemListElement":[{"@type":"ListItem","position":1,"name":"Home","item":"https:\/\/redfoxlotto.com\/lv\/"},{"@type":"ListItem","position":2,"name":"Starptautisko loteriju rezult\u0101ti","item":"https:\/\/redfoxlotto.com\/lv\/rezultati\/"},{"@type":"ListItem","position":3,"name":"Mega Sena Rezult\u0101ti"}]},{"@type":"WebSite","@id":"https:\/\/redfoxlotto.com\/lv\/#website","url":"https:\/\/redfoxlotto.com\/lv\/","name":"Get Tickets for the World\u2019s largest jackpots","description":"Participate in worldwide lottery jackpots from any country","publisher":{"@id":"https:\/\/redfoxlotto.com\/lv\/#organization"},"potentialAction":[{"@type":"SearchAction","target":{"@type":"EntryPoint","urlTemplate":"https:\/\/redfoxlotto.com\/lv\/?s={search_term_string}"},"query-input":{"@type":"PropertyValueSpecification","valueRequired":true,"valueName":"search_term_string"}}],"inLanguage":"lv-LV"},{"@type":"Organization","@id":"https:\/\/redfoxlotto.com\/lv\/#organization","name":"Get Tickets for the World\u2019s largest jackpots","url":"https:\/\/redfoxlotto.com\/lv\/","logo":{"@type":"ImageObject","inLanguage":"lv-LV","@id":"https:\/\/redfoxlotto.com\/lv\/#\/schema\/logo\/image\/","url":"https:\/\/redfoxlotto.com\/wp-content\/uploads\/2023\/04\/logo.png","contentUrl":"https:\/\/redfoxlotto.com\/wp-content\/uploads\/2023\/04\/logo.png","width":269,"height":53,"caption":"Get Tickets for the World\u2019s largest jackpots"},"image":{"@id":"https:\/\/redfoxlotto.com\/lv\/#\/schema\/logo\/image\/"}}]}},"_links":{"self":[{"href":"https:\/\/redfoxlotto.com\/lv\/wp-json\/wp\/v2\/pages\/17929","targetHints":{"allow":["GET"]}}],"collection":[{"href":"https:\/\/redfoxlotto.com\/lv\/wp-json\/wp\/v2\/pages"}],"about":[{"href":"https:\/\/redfoxlotto.com\/lv\/wp-json\/wp\/v2\/types\/page"}],"author":[{"embeddable":true,"href":"https:\/\/redfoxlotto.com\/lv\/wp-json\/wp\/v2\/users\/1"}],"replies":[{"embeddable":true,"href":"https:\/\/redfoxlotto.com\/lv\/wp-json\/wp\/v2\/comments?post=17929"}],"version-history":[{"count":0,"href":"https:\/\/redfoxlotto.com\/lv\/wp-json\/wp\/v2\/pages\/17929\/revisions"}],"up":[{"embeddable":true,"href":"https:\/\/redfoxlotto.com\/lv\/wp-json\/wp\/v2\/pages\/17007"}],"wp:attachment":[{"href":"https:\/\/redfoxlotto.com\/lv\/wp-json\/wp\/v2\/media?parent=17929"}],"curies":[{"name":"wp","href":"https:\/\/api.w.org\/{rel}","templated":true}]}}