{"id":17908,"date":"2020-08-18T09:10:34","date_gmt":"2020-08-18T09:10:34","guid":{"rendered":"https:\/\/redfoxlotto.com\/?page_id=17908"},"modified":"2021-01-07T10:09:58","modified_gmt":"2021-01-07T10:09:58","slug":"lotto-america","status":"publish","type":"page","link":"https:\/\/redfoxlotto.com\/lv\/informacija\/lotto-america\/","title":{"rendered":"Par Lotto America"},"content":{"rendered":"<h2 class=\"wp-block-heading\">Ieg\u0101d\u0101jieties bi\u013cetes uz Lotto America tie\u0161saist\u0113<\/h2><p><img loading=\"lazy\" decoding=\"async\" class=\" wp-image alignright\" src=\"https:\/\/content.redfoxlotto.com\/uploads\/sites\/9\/1_ticket_online_buying.jpg\" alt=\"Amerikas loto bi\u013cete tie\u0161saist\u0113\" width=\"218\" height=\"147\" \/><\/p><p>Ja runa ir par loterijas bi\u013ce\u0161u ieg\u0101di tie\u0161saist\u0113, j\u016bs v\u0113laties p\u0101rliecin\u0101ties, ka piedal\u0101ties vislab\u0101kaj\u0101s sp\u0113l\u0113s. Da\u017e\u0101d\u0101s valst\u012bs ir lieliskas loterijas, k\u0101 piem\u0113ram, Lotto America, ko varat sp\u0113l\u0113t tie\u0161saist\u0113.<\/p><h2 class=\"wp-block-heading\">Kas ir Lotto America?<\/h2><p>Lotto America ir vair\u0101ku \u0161tatu loterijas sp\u0113le, ko sp\u0113l\u0113 Amerikas Savienotaj\u0101s Valst\u012bs. Bet jums nav j\u0101dz\u012bvo k\u0101d\u0101 no \u0161iem \u0161tatiem, lai sp\u0113l\u0113tu \u0161o loteriju. J\u016bs varat ieg\u0101d\u0101ties bi\u013ceti no jebkuras valsts pasaul\u0113.<\/p><h2 class=\"wp-block-heading\">Bi\u013ce\u0161u ieg\u0101de<\/h2><p><img loading=\"lazy\" decoding=\"async\" class=\" wp-image alignright\" src=\"https:\/\/content.redfoxlotto.com\/uploads\/sites\/9\/1_usa_lottery_win.jpg\" alt=\"loto amerika\" width=\"256\" height=\"169\" \/><\/p><p>Ja v\u0113laties piedal\u012bties Lotto America, jums vienk\u0101r\u0161i j\u0101zina, kur ieg\u0101d\u0101ties bi\u013cetes. M\u0113s jums varam pal\u012bdz\u0113t ieg\u0101d\u0101ties bi\u013cetes uz \u0161o sp\u0113li vai jebkuru citu pasaules loterijas sp\u0113li, ko v\u0113laties sp\u0113l\u0113t. Tas ir vienk\u0101r\u0161i un aiz\u0146ems vien p\u0101ris sekundes, lai izveidotu kontu un ieg\u0101d\u0101tos bi\u013cetes. Jums b\u016bs iesp\u0113ja apskat\u012bt da\u017e\u0101das loterijas, kuras pied\u0101v\u0101jam. Kad b\u016bsiet izv\u0113l\u0113ju\u0161ies loterijas sp\u0113li, ko v\u0113laties sp\u0113l\u0113t, jums b\u016bs iesp\u0113ja izv\u0113l\u0113ties skait\u013cus.<\/p><h2 class=\"wp-block-heading\">Skait\u013cu izv\u0113le<\/h2><p>\u0160aj\u0101 Lotto America loterij\u0101 ir pieci pamatskait\u013ci un viens bonusskaitlis. Izv\u0113lieties skait\u013cu \u0123eneratoru, kas izv\u0113l\u0113sies skait\u013cus j\u016bsu viet\u0101 vai izv\u0113laties j\u016bsu m\u012b\u013c\u0101kos skait\u013cus.<\/p>","protected":false},"excerpt":{"rendered":"<p>Ieg\u0101d\u0101jieties bi\u013cetes uz Lotto America tie\u0161saist\u0113 Ja runa ir par loterijas bi\u013ce\u0161u ieg\u0101di tie\u0161saist\u0113, j\u016bs v\u0113laties p\u0101rliecin\u0101ties, ka piedal\u0101ties vislab\u0101kaj\u0101s sp\u0113l\u0113s. Da\u017e\u0101d\u0101s valst\u012bs ir lieliskas loterijas, k\u0101 piem\u0113ram, Lotto America, ko varat sp\u0113l\u0113t tie\u0161saist\u0113. Kas ir Lotto America? Lotto America ir vair\u0101ku \u0161tatu loterijas sp\u0113le, ko sp\u0113l\u0113 Amerikas Savienotaj\u0101s Valst\u012bs. Bet jums nav j\u0101dz\u012bvo k\u0101d\u0101 [&hellip;]<\/p>\n","protected":false},"author":1,"featured_media":0,"parent":16999,"menu_order":12,"comment_status":"closed","ping_status":"closed","template":"lotto-america-info.php","meta":{"_et_pb_use_builder":"","_et_pb_old_content":"","_et_gb_content_width":"","exclude_from_search":false,"footnotes":""},"class_list":["post-17908","page","type-page","status-publish","hentry"],"yoast_head":"<!-- This site is optimized with the Yoast SEO plugin v23.8 - https:\/\/yoast.com\/wordpress\/plugins\/seo\/ -->\n<title>Ieg\u0101d\u0101jieties Lotto America bi\u013cetes tie\u0161saist\u0113<\/title>\n<meta name=\"description\" content=\"Ja v\u0113laties laim\u0113t Lotto America, ieg\u0101d\u0101jieties savas bi\u013cetes tie\u0161saist\u0113 tagad!\" \/>\n<meta name=\"robots\" content=\"index, follow, max-snippet:-1, max-image-preview:large, max-video-preview:-1\" \/>\n<link rel=\"canonical\" href=\"https:\/\/redfoxlotto.com\/lv\/informacija\/lotto-america\/\" \/>\n<meta property=\"og:locale\" content=\"lv_LV\" \/>\n<meta property=\"og:type\" content=\"article\" \/>\n<meta property=\"og:title\" content=\"Ieg\u0101d\u0101jieties Lotto America bi\u013cetes tie\u0161saist\u0113\" \/>\n<meta property=\"og:description\" content=\"Ja v\u0113laties laim\u0113t Lotto America, ieg\u0101d\u0101jieties savas bi\u013cetes tie\u0161saist\u0113 tagad!\" \/>\n<meta property=\"og:url\" content=\"https:\/\/redfoxlotto.com\/lv\/informacija\/lotto-america\/\" \/>\n<meta property=\"og:site_name\" content=\"Get Tickets for the World\u2019s largest jackpots\" \/>\n<meta property=\"article:modified_time\" content=\"2021-01-07T10:09:58+00:00\" \/>\n<meta property=\"og:image\" content=\"https:\/\/content.redfoxlotto.com\/uploads\/sites\/9\/1_ticket_online_buying.jpg\" \/>\n<meta name=\"twitter:card\" content=\"summary_large_image\" \/>\n<meta name=\"twitter:label1\" content=\"Est. reading time\" \/>\n\t<meta name=\"twitter:data1\" content=\"2 minutes\" \/>\n<script type=\"application\/ld+json\" class=\"yoast-schema-graph\">{\"@context\":\"https:\/\/schema.org\",\"@graph\":[{\"@type\":\"WebPage\",\"@id\":\"https:\/\/redfoxlotto.com\/lv\/informacija\/lotto-america\/\",\"url\":\"https:\/\/redfoxlotto.com\/lv\/informacija\/lotto-america\/\",\"name\":\"Ieg\u0101d\u0101jieties Lotto America bi\u013cetes tie\u0161saist\u0113\",\"isPartOf\":{\"@id\":\"https:\/\/redfoxlotto.com\/lv\/#website\"},\"primaryImageOfPage\":{\"@id\":\"https:\/\/redfoxlotto.com\/lv\/informacija\/lotto-america\/#primaryimage\"},\"image\":{\"@id\":\"https:\/\/redfoxlotto.com\/lv\/informacija\/lotto-america\/#primaryimage\"},\"thumbnailUrl\":\"https:\/\/content.redfoxlotto.com\/uploads\/sites\/9\/1_ticket_online_buying.jpg\",\"datePublished\":\"2020-08-18T09:10:34+00:00\",\"dateModified\":\"2021-01-07T10:09:58+00:00\",\"description\":\"Ja v\u0113laties laim\u0113t Lotto America, ieg\u0101d\u0101jieties savas bi\u013cetes tie\u0161saist\u0113 tagad!\",\"breadcrumb\":{\"@id\":\"https:\/\/redfoxlotto.com\/lv\/informacija\/lotto-america\/#breadcrumb\"},\"inLanguage\":\"lv-LV\",\"potentialAction\":[{\"@type\":\"ReadAction\",\"target\":[\"https:\/\/redfoxlotto.com\/lv\/informacija\/lotto-america\/\"]}]},{\"@type\":\"ImageObject\",\"inLanguage\":\"lv-LV\",\"@id\":\"https:\/\/redfoxlotto.com\/lv\/informacija\/lotto-america\/#primaryimage\",\"url\":\"https:\/\/content.redfoxlotto.com\/uploads\/sites\/9\/1_ticket_online_buying.jpg\",\"contentUrl\":\"https:\/\/content.redfoxlotto.com\/uploads\/sites\/9\/1_ticket_online_buying.jpg\"},{\"@type\":\"BreadcrumbList\",\"@id\":\"https:\/\/redfoxlotto.com\/lv\/informacija\/lotto-america\/#breadcrumb\",\"itemListElement\":[{\"@type\":\"ListItem\",\"position\":1,\"name\":\"Home\",\"item\":\"https:\/\/redfoxlotto.com\/lv\/\"},{\"@type\":\"ListItem\",\"position\":2,\"name\":\"K\u0101 ieg\u0101d\u0101ties tie\u0161saistes loteriju bi\u013cetes \u2013 ieg\u0101des process\",\"item\":\"https:\/\/redfoxlotto.com\/lv\/informacija\/\"},{\"@type\":\"ListItem\",\"position\":3,\"name\":\"Par Lotto America\"}]},{\"@type\":\"WebSite\",\"@id\":\"https:\/\/redfoxlotto.com\/lv\/#website\",\"url\":\"https:\/\/redfoxlotto.com\/lv\/\",\"name\":\"Get Tickets for the World\u2019s largest jackpots\",\"description\":\"Participate in worldwide lottery jackpots from any country\",\"publisher\":{\"@id\":\"https:\/\/redfoxlotto.com\/lv\/#organization\"},\"potentialAction\":[{\"@type\":\"SearchAction\",\"target\":{\"@type\":\"EntryPoint\",\"urlTemplate\":\"https:\/\/redfoxlotto.com\/lv\/?s={search_term_string}\"},\"query-input\":{\"@type\":\"PropertyValueSpecification\",\"valueRequired\":true,\"valueName\":\"search_term_string\"}}],\"inLanguage\":\"lv-LV\"},{\"@type\":\"Organization\",\"@id\":\"https:\/\/redfoxlotto.com\/lv\/#organization\",\"name\":\"Get Tickets for the World\u2019s largest jackpots\",\"url\":\"https:\/\/redfoxlotto.com\/lv\/\",\"logo\":{\"@type\":\"ImageObject\",\"inLanguage\":\"lv-LV\",\"@id\":\"https:\/\/redfoxlotto.com\/lv\/#\/schema\/logo\/image\/\",\"url\":\"https:\/\/redfoxlotto.com\/wp-content\/uploads\/2023\/04\/logo.png\",\"contentUrl\":\"https:\/\/redfoxlotto.com\/wp-content\/uploads\/2023\/04\/logo.png\",\"width\":269,\"height\":53,\"caption\":\"Get Tickets for the World\u2019s largest jackpots\"},\"image\":{\"@id\":\"https:\/\/redfoxlotto.com\/lv\/#\/schema\/logo\/image\/\"}}]}<\/script>\n<!-- \/ Yoast SEO plugin. -->","yoast_head_json":{"title":"Ieg\u0101d\u0101jieties Lotto America bi\u013cetes tie\u0161saist\u0113","description":"Ja v\u0113laties laim\u0113t Lotto America, ieg\u0101d\u0101jieties savas bi\u013cetes tie\u0161saist\u0113 tagad!","robots":{"index":"index","follow":"follow","max-snippet":"max-snippet:-1","max-image-preview":"max-image-preview:large","max-video-preview":"max-video-preview:-1"},"canonical":"https:\/\/redfoxlotto.com\/lv\/informacija\/lotto-america\/","og_locale":"lv_LV","og_type":"article","og_title":"Ieg\u0101d\u0101jieties Lotto America bi\u013cetes tie\u0161saist\u0113","og_description":"Ja v\u0113laties laim\u0113t Lotto America, ieg\u0101d\u0101jieties savas bi\u013cetes tie\u0161saist\u0113 tagad!","og_url":"https:\/\/redfoxlotto.com\/lv\/informacija\/lotto-america\/","og_site_name":"Get Tickets for the World\u2019s largest jackpots","article_modified_time":"2021-01-07T10:09:58+00:00","og_image":[{"url":"https:\/\/content.redfoxlotto.com\/uploads\/sites\/9\/1_ticket_online_buying.jpg"}],"twitter_card":"summary_large_image","twitter_misc":{"Est. reading time":"2 minutes"},"schema":{"@context":"https:\/\/schema.org","@graph":[{"@type":"WebPage","@id":"https:\/\/redfoxlotto.com\/lv\/informacija\/lotto-america\/","url":"https:\/\/redfoxlotto.com\/lv\/informacija\/lotto-america\/","name":"Ieg\u0101d\u0101jieties Lotto America bi\u013cetes tie\u0161saist\u0113","isPartOf":{"@id":"https:\/\/redfoxlotto.com\/lv\/#website"},"primaryImageOfPage":{"@id":"https:\/\/redfoxlotto.com\/lv\/informacija\/lotto-america\/#primaryimage"},"image":{"@id":"https:\/\/redfoxlotto.com\/lv\/informacija\/lotto-america\/#primaryimage"},"thumbnailUrl":"https:\/\/content.redfoxlotto.com\/uploads\/sites\/9\/1_ticket_online_buying.jpg","datePublished":"2020-08-18T09:10:34+00:00","dateModified":"2021-01-07T10:09:58+00:00","description":"Ja v\u0113laties laim\u0113t Lotto America, ieg\u0101d\u0101jieties savas bi\u013cetes tie\u0161saist\u0113 tagad!","breadcrumb":{"@id":"https:\/\/redfoxlotto.com\/lv\/informacija\/lotto-america\/#breadcrumb"},"inLanguage":"lv-LV","potentialAction":[{"@type":"ReadAction","target":["https:\/\/redfoxlotto.com\/lv\/informacija\/lotto-america\/"]}]},{"@type":"ImageObject","inLanguage":"lv-LV","@id":"https:\/\/redfoxlotto.com\/lv\/informacija\/lotto-america\/#primaryimage","url":"https:\/\/content.redfoxlotto.com\/uploads\/sites\/9\/1_ticket_online_buying.jpg","contentUrl":"https:\/\/content.redfoxlotto.com\/uploads\/sites\/9\/1_ticket_online_buying.jpg"},{"@type":"BreadcrumbList","@id":"https:\/\/redfoxlotto.com\/lv\/informacija\/lotto-america\/#breadcrumb","itemListElement":[{"@type":"ListItem","position":1,"name":"Home","item":"https:\/\/redfoxlotto.com\/lv\/"},{"@type":"ListItem","position":2,"name":"K\u0101 ieg\u0101d\u0101ties tie\u0161saistes loteriju bi\u013cetes \u2013 ieg\u0101des process","item":"https:\/\/redfoxlotto.com\/lv\/informacija\/"},{"@type":"ListItem","position":3,"name":"Par Lotto America"}]},{"@type":"WebSite","@id":"https:\/\/redfoxlotto.com\/lv\/#website","url":"https:\/\/redfoxlotto.com\/lv\/","name":"Get Tickets for the World\u2019s largest jackpots","description":"Participate in worldwide lottery jackpots from any country","publisher":{"@id":"https:\/\/redfoxlotto.com\/lv\/#organization"},"potentialAction":[{"@type":"SearchAction","target":{"@type":"EntryPoint","urlTemplate":"https:\/\/redfoxlotto.com\/lv\/?s={search_term_string}"},"query-input":{"@type":"PropertyValueSpecification","valueRequired":true,"valueName":"search_term_string"}}],"inLanguage":"lv-LV"},{"@type":"Organization","@id":"https:\/\/redfoxlotto.com\/lv\/#organization","name":"Get Tickets for the World\u2019s largest jackpots","url":"https:\/\/redfoxlotto.com\/lv\/","logo":{"@type":"ImageObject","inLanguage":"lv-LV","@id":"https:\/\/redfoxlotto.com\/lv\/#\/schema\/logo\/image\/","url":"https:\/\/redfoxlotto.com\/wp-content\/uploads\/2023\/04\/logo.png","contentUrl":"https:\/\/redfoxlotto.com\/wp-content\/uploads\/2023\/04\/logo.png","width":269,"height":53,"caption":"Get Tickets for the World\u2019s largest jackpots"},"image":{"@id":"https:\/\/redfoxlotto.com\/lv\/#\/schema\/logo\/image\/"}}]}},"_links":{"self":[{"href":"https:\/\/redfoxlotto.com\/lv\/wp-json\/wp\/v2\/pages\/17908","targetHints":{"allow":["GET"]}}],"collection":[{"href":"https:\/\/redfoxlotto.com\/lv\/wp-json\/wp\/v2\/pages"}],"about":[{"href":"https:\/\/redfoxlotto.com\/lv\/wp-json\/wp\/v2\/types\/page"}],"author":[{"embeddable":true,"href":"https:\/\/redfoxlotto.com\/lv\/wp-json\/wp\/v2\/users\/1"}],"replies":[{"embeddable":true,"href":"https:\/\/redfoxlotto.com\/lv\/wp-json\/wp\/v2\/comments?post=17908"}],"version-history":[{"count":0,"href":"https:\/\/redfoxlotto.com\/lv\/wp-json\/wp\/v2\/pages\/17908\/revisions"}],"up":[{"embeddable":true,"href":"https:\/\/redfoxlotto.com\/lv\/wp-json\/wp\/v2\/pages\/16999"}],"wp:attachment":[{"href":"https:\/\/redfoxlotto.com\/lv\/wp-json\/wp\/v2\/media?parent=17908"}],"curies":[{"name":"wp","href":"https:\/\/api.w.org\/{rel}","templated":true}]}}