{"id":17880,"date":"2020-08-18T10:30:08","date_gmt":"2020-08-18T10:30:08","guid":{"rendered":"https:\/\/redfoxlotto.com\/?page_id=17880"},"modified":"2021-01-07T10:07:06","modified_gmt":"2021-01-07T10:07:06","slug":"set-for-life-uk","status":"publish","type":"page","link":"https:\/\/redfoxlotto.com\/lv\/informacija\/set-for-life-uk\/","title":{"rendered":"Par Set for Life loteriju Lielbrit\u0101nij\u0101"},"content":{"rendered":"<h2 class=\"wp-block-heading\">Ar\u012b j\u016bs varat ieg\u0101d\u0101ties bi\u013cetes &#8220;Set for life&#8221; loterijai<\/h2><p><img loading=\"lazy\" decoding=\"async\" class=\" wp-image alignright\" src=\"https:\/\/content.redfoxlotto.com\/uploads\/sites\/9\/1_online_tickets_for_lottery.jpg\" alt=\"Dz\u012bves komplekts, p\u0113rkot tie\u0161saist\u0113\" width=\"136\" height=\"96\" \/><\/p><p>&#8220;Set for life&#8221; ir loterija no Lielbrit\u0101nijas, bet jums nav j\u0101b\u016bt Lielbrit\u0101nijas iedz\u012bvot\u0101jam, lai ieg\u0101d\u0101tus bi\u013cetes uz &#8220;Set for life&#8221; \u2013 j\u016bs varat ieg\u0101d\u0101ties t\u0101s ar\u012b tie\u0161saist\u0113, \u0161eit m\u016bsu m\u0101jaslap\u0101.<\/p><h2 class=\"wp-block-heading\">K\u0101 str\u0101d\u0101 &#8220;Set for life&#8221; loterija<\/h2><p>\u0160\u012b loterija str\u0101d\u0101 l\u012bdz\u012bgi k\u0101 citas loterijas, vismaz skait\u013cu izlozes zi\u0146\u0101. Bet tai ir unik\u0101la galven\u0101 balva \u2013 t\u0101 ir ikm\u0113ne\u0161a izmaksa \u00a310 000 apjom\u0101 30 gadus p\u0113c k\u0101rtas (1. galven\u0101 balva), vai ar\u012b ikm\u0113ne\u0161a izmaksa vienu gadu (2. l\u012bme\u0146a balva)<\/p>","protected":false},"excerpt":{"rendered":"<p>Ar\u012b j\u016bs varat ieg\u0101d\u0101ties bi\u013cetes &#8220;Set for life&#8221; loterijai &#8220;Set for life&#8221; ir loterija no Lielbrit\u0101nijas, bet jums nav j\u0101b\u016bt Lielbrit\u0101nijas iedz\u012bvot\u0101jam, lai ieg\u0101d\u0101tus bi\u013cetes uz &#8220;Set for life&#8221; \u2013 j\u016bs varat ieg\u0101d\u0101ties t\u0101s ar\u012b tie\u0161saist\u0113, \u0161eit m\u016bsu m\u0101jaslap\u0101. K\u0101 str\u0101d\u0101 &#8220;Set for life&#8221; loterija \u0160\u012b loterija str\u0101d\u0101 l\u012bdz\u012bgi k\u0101 citas loterijas, vismaz skait\u013cu izlozes [&hellip;]<\/p>\n","protected":false},"author":1,"featured_media":0,"parent":16999,"menu_order":10,"comment_status":"closed","ping_status":"closed","template":"set-for-life-info.php","meta":{"_et_pb_use_builder":"","_et_pb_old_content":"","_et_gb_content_width":"","exclude_from_search":false,"footnotes":""},"class_list":["post-17880","page","type-page","status-publish","hentry"],"yoast_head":"<!-- This site is optimized with the Yoast SEO plugin v27.3 - https:\/\/yoast.com\/product\/yoast-seo-wordpress\/ -->\n<title>Ieg\u0101d\u0101jieties bi\u013cetes tie\u0161saist\u0113 uz Set for life loto<\/title>\n<meta name=\"description\" content=\"Set for life loto - laim\u0113jiet ar bi\u013ceti, kas ieg\u0101d\u0101ta tie\u0161saist\u0113\" \/>\n<meta name=\"robots\" content=\"index, follow, max-snippet:-1, max-image-preview:large, max-video-preview:-1\" \/>\n<link rel=\"canonical\" href=\"https:\/\/redfoxlotto.com\/lv\/informacija\/set-for-life-uk\/\" \/>\n<meta property=\"og:locale\" content=\"lv_LV\" \/>\n<meta property=\"og:type\" content=\"article\" \/>\n<meta property=\"og:title\" content=\"Ieg\u0101d\u0101jieties bi\u013cetes tie\u0161saist\u0113 uz Set for life loto\" \/>\n<meta property=\"og:description\" content=\"Set for life loto - laim\u0113jiet ar bi\u013ceti, kas ieg\u0101d\u0101ta tie\u0161saist\u0113\" \/>\n<meta property=\"og:url\" content=\"https:\/\/redfoxlotto.com\/lv\/informacija\/set-for-life-uk\/\" \/>\n<meta property=\"og:site_name\" content=\"Get Tickets for the World\u2019s largest jackpots\" \/>\n<meta property=\"article:modified_time\" content=\"2021-01-07T10:07:06+00:00\" \/>\n<meta property=\"og:image\" content=\"https:\/\/content.redfoxlotto.com\/uploads\/sites\/9\/1_online_tickets_for_lottery.jpg\" \/>\n<meta name=\"twitter:card\" content=\"summary_large_image\" \/>\n<meta name=\"twitter:label1\" content=\"Est. reading time\" \/>\n\t<meta name=\"twitter:data1\" content=\"1 minute\" \/>\n<script type=\"application\/ld+json\" class=\"yoast-schema-graph\">{\"@context\":\"https:\\\/\\\/schema.org\",\"@graph\":[{\"@type\":\"WebPage\",\"@id\":\"https:\\\/\\\/redfoxlotto.com\\\/lv\\\/informacija\\\/set-for-life-uk\\\/\",\"url\":\"https:\\\/\\\/redfoxlotto.com\\\/lv\\\/informacija\\\/set-for-life-uk\\\/\",\"name\":\"Ieg\u0101d\u0101jieties bi\u013cetes tie\u0161saist\u0113 uz Set for life loto\",\"isPartOf\":{\"@id\":\"https:\\\/\\\/redfoxlotto.com\\\/lv\\\/#website\"},\"primaryImageOfPage\":{\"@id\":\"https:\\\/\\\/redfoxlotto.com\\\/lv\\\/informacija\\\/set-for-life-uk\\\/#primaryimage\"},\"image\":{\"@id\":\"https:\\\/\\\/redfoxlotto.com\\\/lv\\\/informacija\\\/set-for-life-uk\\\/#primaryimage\"},\"thumbnailUrl\":\"https:\\\/\\\/content.redfoxlotto.com\\\/uploads\\\/sites\\\/9\\\/1_online_tickets_for_lottery.jpg\",\"datePublished\":\"2020-08-18T10:30:08+00:00\",\"dateModified\":\"2021-01-07T10:07:06+00:00\",\"description\":\"Set for life loto - laim\u0113jiet ar bi\u013ceti, kas ieg\u0101d\u0101ta tie\u0161saist\u0113\",\"breadcrumb\":{\"@id\":\"https:\\\/\\\/redfoxlotto.com\\\/lv\\\/informacija\\\/set-for-life-uk\\\/#breadcrumb\"},\"inLanguage\":\"lv-LV\",\"potentialAction\":[{\"@type\":\"ReadAction\",\"target\":[\"https:\\\/\\\/redfoxlotto.com\\\/lv\\\/informacija\\\/set-for-life-uk\\\/\"]}]},{\"@type\":\"ImageObject\",\"inLanguage\":\"lv-LV\",\"@id\":\"https:\\\/\\\/redfoxlotto.com\\\/lv\\\/informacija\\\/set-for-life-uk\\\/#primaryimage\",\"url\":\"https:\\\/\\\/content.redfoxlotto.com\\\/uploads\\\/sites\\\/9\\\/1_online_tickets_for_lottery.jpg\",\"contentUrl\":\"https:\\\/\\\/content.redfoxlotto.com\\\/uploads\\\/sites\\\/9\\\/1_online_tickets_for_lottery.jpg\"},{\"@type\":\"BreadcrumbList\",\"@id\":\"https:\\\/\\\/redfoxlotto.com\\\/lv\\\/informacija\\\/set-for-life-uk\\\/#breadcrumb\",\"itemListElement\":[{\"@type\":\"ListItem\",\"position\":1,\"name\":\"Home\",\"item\":\"https:\\\/\\\/redfoxlotto.com\\\/lv\\\/\"},{\"@type\":\"ListItem\",\"position\":2,\"name\":\"K\u0101 ieg\u0101d\u0101ties tie\u0161saistes loteriju bi\u013cetes \u2013 ieg\u0101des process\",\"item\":\"https:\\\/\\\/redfoxlotto.com\\\/lv\\\/informacija\\\/\"},{\"@type\":\"ListItem\",\"position\":3,\"name\":\"Par Set for Life loteriju Lielbrit\u0101nij\u0101\"}]},{\"@type\":\"WebSite\",\"@id\":\"https:\\\/\\\/redfoxlotto.com\\\/lv\\\/#website\",\"url\":\"https:\\\/\\\/redfoxlotto.com\\\/lv\\\/\",\"name\":\"Get Tickets for the World\u2019s largest jackpots\",\"description\":\"Participate in worldwide lottery jackpots from any country\",\"publisher\":{\"@id\":\"https:\\\/\\\/redfoxlotto.com\\\/lv\\\/#organization\"},\"potentialAction\":[{\"@type\":\"SearchAction\",\"target\":{\"@type\":\"EntryPoint\",\"urlTemplate\":\"https:\\\/\\\/redfoxlotto.com\\\/lv\\\/?s={search_term_string}\"},\"query-input\":{\"@type\":\"PropertyValueSpecification\",\"valueRequired\":true,\"valueName\":\"search_term_string\"}}],\"inLanguage\":\"lv-LV\"},{\"@type\":\"Organization\",\"@id\":\"https:\\\/\\\/redfoxlotto.com\\\/lv\\\/#organization\",\"name\":\"Get Tickets for the World\u2019s largest jackpots\",\"url\":\"https:\\\/\\\/redfoxlotto.com\\\/lv\\\/\",\"logo\":{\"@type\":\"ImageObject\",\"inLanguage\":\"lv-LV\",\"@id\":\"https:\\\/\\\/redfoxlotto.com\\\/lv\\\/#\\\/schema\\\/logo\\\/image\\\/\",\"url\":\"https:\\\/\\\/redfoxlotto.com\\\/wp-content\\\/uploads\\\/2023\\\/04\\\/logo.png\",\"contentUrl\":\"https:\\\/\\\/redfoxlotto.com\\\/wp-content\\\/uploads\\\/2023\\\/04\\\/logo.png\",\"width\":269,\"height\":53,\"caption\":\"Get Tickets for the World\u2019s largest jackpots\"},\"image\":{\"@id\":\"https:\\\/\\\/redfoxlotto.com\\\/lv\\\/#\\\/schema\\\/logo\\\/image\\\/\"}}]}<\/script>\n<!-- \/ Yoast SEO plugin. -->","yoast_head_json":{"title":"Ieg\u0101d\u0101jieties bi\u013cetes tie\u0161saist\u0113 uz Set for life loto","description":"Set for life loto - laim\u0113jiet ar bi\u013ceti, kas ieg\u0101d\u0101ta tie\u0161saist\u0113","robots":{"index":"index","follow":"follow","max-snippet":"max-snippet:-1","max-image-preview":"max-image-preview:large","max-video-preview":"max-video-preview:-1"},"canonical":"https:\/\/redfoxlotto.com\/lv\/informacija\/set-for-life-uk\/","og_locale":"lv_LV","og_type":"article","og_title":"Ieg\u0101d\u0101jieties bi\u013cetes tie\u0161saist\u0113 uz Set for life loto","og_description":"Set for life loto - laim\u0113jiet ar bi\u013ceti, kas ieg\u0101d\u0101ta tie\u0161saist\u0113","og_url":"https:\/\/redfoxlotto.com\/lv\/informacija\/set-for-life-uk\/","og_site_name":"Get Tickets for the World\u2019s largest jackpots","article_modified_time":"2021-01-07T10:07:06+00:00","og_image":[{"url":"https:\/\/content.redfoxlotto.com\/uploads\/sites\/9\/1_online_tickets_for_lottery.jpg","type":"","width":"","height":""}],"twitter_card":"summary_large_image","twitter_misc":{"Est. reading time":"1 minute"},"schema":{"@context":"https:\/\/schema.org","@graph":[{"@type":"WebPage","@id":"https:\/\/redfoxlotto.com\/lv\/informacija\/set-for-life-uk\/","url":"https:\/\/redfoxlotto.com\/lv\/informacija\/set-for-life-uk\/","name":"Ieg\u0101d\u0101jieties bi\u013cetes tie\u0161saist\u0113 uz Set for life loto","isPartOf":{"@id":"https:\/\/redfoxlotto.com\/lv\/#website"},"primaryImageOfPage":{"@id":"https:\/\/redfoxlotto.com\/lv\/informacija\/set-for-life-uk\/#primaryimage"},"image":{"@id":"https:\/\/redfoxlotto.com\/lv\/informacija\/set-for-life-uk\/#primaryimage"},"thumbnailUrl":"https:\/\/content.redfoxlotto.com\/uploads\/sites\/9\/1_online_tickets_for_lottery.jpg","datePublished":"2020-08-18T10:30:08+00:00","dateModified":"2021-01-07T10:07:06+00:00","description":"Set for life loto - laim\u0113jiet ar bi\u013ceti, kas ieg\u0101d\u0101ta tie\u0161saist\u0113","breadcrumb":{"@id":"https:\/\/redfoxlotto.com\/lv\/informacija\/set-for-life-uk\/#breadcrumb"},"inLanguage":"lv-LV","potentialAction":[{"@type":"ReadAction","target":["https:\/\/redfoxlotto.com\/lv\/informacija\/set-for-life-uk\/"]}]},{"@type":"ImageObject","inLanguage":"lv-LV","@id":"https:\/\/redfoxlotto.com\/lv\/informacija\/set-for-life-uk\/#primaryimage","url":"https:\/\/content.redfoxlotto.com\/uploads\/sites\/9\/1_online_tickets_for_lottery.jpg","contentUrl":"https:\/\/content.redfoxlotto.com\/uploads\/sites\/9\/1_online_tickets_for_lottery.jpg"},{"@type":"BreadcrumbList","@id":"https:\/\/redfoxlotto.com\/lv\/informacija\/set-for-life-uk\/#breadcrumb","itemListElement":[{"@type":"ListItem","position":1,"name":"Home","item":"https:\/\/redfoxlotto.com\/lv\/"},{"@type":"ListItem","position":2,"name":"K\u0101 ieg\u0101d\u0101ties tie\u0161saistes loteriju bi\u013cetes \u2013 ieg\u0101des process","item":"https:\/\/redfoxlotto.com\/lv\/informacija\/"},{"@type":"ListItem","position":3,"name":"Par Set for Life loteriju Lielbrit\u0101nij\u0101"}]},{"@type":"WebSite","@id":"https:\/\/redfoxlotto.com\/lv\/#website","url":"https:\/\/redfoxlotto.com\/lv\/","name":"Get Tickets for the World\u2019s largest jackpots","description":"Participate in worldwide lottery jackpots from any country","publisher":{"@id":"https:\/\/redfoxlotto.com\/lv\/#organization"},"potentialAction":[{"@type":"SearchAction","target":{"@type":"EntryPoint","urlTemplate":"https:\/\/redfoxlotto.com\/lv\/?s={search_term_string}"},"query-input":{"@type":"PropertyValueSpecification","valueRequired":true,"valueName":"search_term_string"}}],"inLanguage":"lv-LV"},{"@type":"Organization","@id":"https:\/\/redfoxlotto.com\/lv\/#organization","name":"Get Tickets for the World\u2019s largest jackpots","url":"https:\/\/redfoxlotto.com\/lv\/","logo":{"@type":"ImageObject","inLanguage":"lv-LV","@id":"https:\/\/redfoxlotto.com\/lv\/#\/schema\/logo\/image\/","url":"https:\/\/redfoxlotto.com\/wp-content\/uploads\/2023\/04\/logo.png","contentUrl":"https:\/\/redfoxlotto.com\/wp-content\/uploads\/2023\/04\/logo.png","width":269,"height":53,"caption":"Get Tickets for the World\u2019s largest jackpots"},"image":{"@id":"https:\/\/redfoxlotto.com\/lv\/#\/schema\/logo\/image\/"}}]}},"_links":{"self":[{"href":"https:\/\/redfoxlotto.com\/lv\/wp-json\/wp\/v2\/pages\/17880","targetHints":{"allow":["GET"]}}],"collection":[{"href":"https:\/\/redfoxlotto.com\/lv\/wp-json\/wp\/v2\/pages"}],"about":[{"href":"https:\/\/redfoxlotto.com\/lv\/wp-json\/wp\/v2\/types\/page"}],"author":[{"embeddable":true,"href":"https:\/\/redfoxlotto.com\/lv\/wp-json\/wp\/v2\/users\/1"}],"replies":[{"embeddable":true,"href":"https:\/\/redfoxlotto.com\/lv\/wp-json\/wp\/v2\/comments?post=17880"}],"version-history":[{"count":0,"href":"https:\/\/redfoxlotto.com\/lv\/wp-json\/wp\/v2\/pages\/17880\/revisions"}],"up":[{"embeddable":true,"href":"https:\/\/redfoxlotto.com\/lv\/wp-json\/wp\/v2\/pages\/16999"}],"wp:attachment":[{"href":"https:\/\/redfoxlotto.com\/lv\/wp-json\/wp\/v2\/media?parent=17880"}],"curies":[{"name":"wp","href":"https:\/\/api.w.org\/{rel}","templated":true}]}}