{"id":17843,"date":"2018-11-18T08:54:25","date_gmt":"2018-11-18T08:54:25","guid":{"rendered":"https:\/\/redfoxlotto.com\/?page_id=17843"},"modified":"2021-01-07T09:09:48","modified_gmt":"2021-01-07T09:09:48","slug":"el-gordo-primitiva","status":"publish","type":"page","link":"https:\/\/redfoxlotto.com\/lv\/informacija\/el-gordo-primitiva\/","title":{"rendered":"Inform\u0101cija par El Gordo"},"content":{"rendered":"<p>\u0160\u012b Loteria de Navidad ir otra vec\u0101k\u0101 loterija pasaul\u0113, kas notikusi bez p\u0101rtraukuma, jo t\u0101 turpin\u0101ja savu darb\u012bbu pat Sp\u0101nijas pilso\u0146u kara laik\u0101. Tie, kas nerun\u0101 sp\u0101\u0146u valod\u0101, bie\u017ei vien uzskata, ka El Gordo ir loterijas nosaukums, ta\u010du paties\u012bb\u0101 El Gordo vienk\u0101r\u0161i apraksta d\u017eekpota balvu vai burtiski lielo laimestu.<\/p><p><img loading=\"lazy\" decoding=\"async\" class=\" wp-image alignright\" src=\"https:\/\/content.redfoxlotto.com\/uploads\/sites\/9\/1_buy_ticket_lotto_online.jpg\" alt=\"pirkt tie\u0161saist\u0113 El Gordo\" width=\"248\" height=\"164\" \/><\/p><h2 class=\"wp-block-heading\">Ziemassv\u0113tku Versija El Gordo<\/h2><p>Sp\u0101nijas Ziemassv\u0113tku loterija norisin\u0101s vienu reizi gad\u0101 tuvu Ziemassv\u0113tkiem, jo t\u0101 notiek katra gada 22. Decembr\u012b.<\/p><p><img decoding=\"async\" class=\"size-full wp-image alignright\" src=\"https:\/\/content.redfoxlotto.com\/uploads\/sites\/9\/2_ticket_el_gordo.jpg\" alt=\"El Gordo bi\u013cetes\"><\/p><h2 class=\"wp-block-heading\">El Gordo ikned\u0113\u013cas izloze<\/h2><p>El Gordo ir ar\u012b ikned\u0113\u013cas izloze, j\u016bs varat ieg\u0101d\u0101ties loterijas uz \u0161\u012bm izloz\u0113m \u0161eit no RedFoxLotto.<\/p>","protected":false},"excerpt":{"rendered":"<p>\u0160\u012b Loteria de Navidad ir otra vec\u0101k\u0101 loterija pasaul\u0113, kas notikusi bez p\u0101rtraukuma, jo t\u0101 turpin\u0101ja savu darb\u012bbu pat Sp\u0101nijas pilso\u0146u kara laik\u0101. Tie, kas nerun\u0101 sp\u0101\u0146u valod\u0101, bie\u017ei vien uzskata, ka El Gordo ir loterijas nosaukums, ta\u010du paties\u012bb\u0101 El Gordo vienk\u0101r\u0161i apraksta d\u017eekpota balvu vai burtiski lielo laimestu. Ziemassv\u0113tku Versija El Gordo Sp\u0101nijas Ziemassv\u0113tku [&hellip;]<\/p>\n","protected":false},"author":1,"featured_media":0,"parent":16999,"menu_order":6,"comment_status":"closed","ping_status":"closed","template":"el-gordo-info.php","meta":{"_et_pb_use_builder":"","_et_pb_old_content":"","_et_gb_content_width":"","exclude_from_search":false,"footnotes":""},"class_list":["post-17843","page","type-page","status-publish","hentry"],"yoast_head":"<!-- This site is optimized with the Yoast SEO plugin v23.8 - https:\/\/yoast.com\/wordpress\/plugins\/seo\/ -->\n<title>K\u0101 ieg\u0101d\u0101ties bi\u013cetes Sp\u0101nijas Loto El Gordo tie\u0161saist\u0113<\/title>\n<meta name=\"description\" content=\"Apskatiet \u0161o inform\u0101ciju par El Gordo un Loteria de Navidad, Sp\u0101nijas Ziemassv\u0113tku loteriju\" \/>\n<meta name=\"robots\" content=\"index, follow, max-snippet:-1, max-image-preview:large, max-video-preview:-1\" \/>\n<link rel=\"canonical\" href=\"https:\/\/redfoxlotto.com\/lv\/informacija\/el-gordo-primitiva\/\" \/>\n<meta property=\"og:locale\" content=\"lv_LV\" \/>\n<meta property=\"og:type\" content=\"article\" \/>\n<meta property=\"og:title\" content=\"K\u0101 ieg\u0101d\u0101ties bi\u013cetes Sp\u0101nijas Loto El Gordo tie\u0161saist\u0113\" \/>\n<meta property=\"og:description\" content=\"Apskatiet \u0161o inform\u0101ciju par El Gordo un Loteria de Navidad, Sp\u0101nijas Ziemassv\u0113tku loteriju\" \/>\n<meta property=\"og:url\" content=\"https:\/\/redfoxlotto.com\/lv\/informacija\/el-gordo-primitiva\/\" \/>\n<meta property=\"og:site_name\" content=\"Get Tickets for the World\u2019s largest jackpots\" \/>\n<meta property=\"article:modified_time\" content=\"2021-01-07T09:09:48+00:00\" \/>\n<meta property=\"og:image\" content=\"https:\/\/content.redfoxlotto.com\/uploads\/sites\/9\/1_buy_ticket_lotto_online.jpg\" \/>\n<meta name=\"twitter:card\" content=\"summary_large_image\" \/>\n<meta name=\"twitter:label1\" content=\"Est. reading time\" \/>\n\t<meta name=\"twitter:data1\" content=\"1 minute\" \/>\n<script type=\"application\/ld+json\" class=\"yoast-schema-graph\">{\"@context\":\"https:\/\/schema.org\",\"@graph\":[{\"@type\":\"WebPage\",\"@id\":\"https:\/\/redfoxlotto.com\/lv\/informacija\/el-gordo-primitiva\/\",\"url\":\"https:\/\/redfoxlotto.com\/lv\/informacija\/el-gordo-primitiva\/\",\"name\":\"K\u0101 ieg\u0101d\u0101ties bi\u013cetes Sp\u0101nijas Loto El Gordo tie\u0161saist\u0113\",\"isPartOf\":{\"@id\":\"https:\/\/redfoxlotto.com\/lv\/#website\"},\"primaryImageOfPage\":{\"@id\":\"https:\/\/redfoxlotto.com\/lv\/informacija\/el-gordo-primitiva\/#primaryimage\"},\"image\":{\"@id\":\"https:\/\/redfoxlotto.com\/lv\/informacija\/el-gordo-primitiva\/#primaryimage\"},\"thumbnailUrl\":\"https:\/\/content.redfoxlotto.com\/uploads\/sites\/9\/1_buy_ticket_lotto_online.jpg\",\"datePublished\":\"2018-11-18T08:54:25+00:00\",\"dateModified\":\"2021-01-07T09:09:48+00:00\",\"description\":\"Apskatiet \u0161o inform\u0101ciju par El Gordo un Loteria de Navidad, Sp\u0101nijas Ziemassv\u0113tku loteriju\",\"breadcrumb\":{\"@id\":\"https:\/\/redfoxlotto.com\/lv\/informacija\/el-gordo-primitiva\/#breadcrumb\"},\"inLanguage\":\"lv-LV\",\"potentialAction\":[{\"@type\":\"ReadAction\",\"target\":[\"https:\/\/redfoxlotto.com\/lv\/informacija\/el-gordo-primitiva\/\"]}]},{\"@type\":\"ImageObject\",\"inLanguage\":\"lv-LV\",\"@id\":\"https:\/\/redfoxlotto.com\/lv\/informacija\/el-gordo-primitiva\/#primaryimage\",\"url\":\"https:\/\/content.redfoxlotto.com\/uploads\/sites\/9\/1_buy_ticket_lotto_online.jpg\",\"contentUrl\":\"https:\/\/content.redfoxlotto.com\/uploads\/sites\/9\/1_buy_ticket_lotto_online.jpg\"},{\"@type\":\"BreadcrumbList\",\"@id\":\"https:\/\/redfoxlotto.com\/lv\/informacija\/el-gordo-primitiva\/#breadcrumb\",\"itemListElement\":[{\"@type\":\"ListItem\",\"position\":1,\"name\":\"Home\",\"item\":\"https:\/\/redfoxlotto.com\/lv\/\"},{\"@type\":\"ListItem\",\"position\":2,\"name\":\"K\u0101 ieg\u0101d\u0101ties tie\u0161saistes loteriju bi\u013cetes \u2013 ieg\u0101des process\",\"item\":\"https:\/\/redfoxlotto.com\/lv\/informacija\/\"},{\"@type\":\"ListItem\",\"position\":3,\"name\":\"Inform\u0101cija par El Gordo\"}]},{\"@type\":\"WebSite\",\"@id\":\"https:\/\/redfoxlotto.com\/lv\/#website\",\"url\":\"https:\/\/redfoxlotto.com\/lv\/\",\"name\":\"Get Tickets for the World\u2019s largest jackpots\",\"description\":\"Participate in worldwide lottery jackpots from any country\",\"publisher\":{\"@id\":\"https:\/\/redfoxlotto.com\/lv\/#organization\"},\"potentialAction\":[{\"@type\":\"SearchAction\",\"target\":{\"@type\":\"EntryPoint\",\"urlTemplate\":\"https:\/\/redfoxlotto.com\/lv\/?s={search_term_string}\"},\"query-input\":{\"@type\":\"PropertyValueSpecification\",\"valueRequired\":true,\"valueName\":\"search_term_string\"}}],\"inLanguage\":\"lv-LV\"},{\"@type\":\"Organization\",\"@id\":\"https:\/\/redfoxlotto.com\/lv\/#organization\",\"name\":\"Get Tickets for the World\u2019s largest jackpots\",\"url\":\"https:\/\/redfoxlotto.com\/lv\/\",\"logo\":{\"@type\":\"ImageObject\",\"inLanguage\":\"lv-LV\",\"@id\":\"https:\/\/redfoxlotto.com\/lv\/#\/schema\/logo\/image\/\",\"url\":\"https:\/\/redfoxlotto.com\/wp-content\/uploads\/2023\/04\/logo.png\",\"contentUrl\":\"https:\/\/redfoxlotto.com\/wp-content\/uploads\/2023\/04\/logo.png\",\"width\":269,\"height\":53,\"caption\":\"Get Tickets for the World\u2019s largest jackpots\"},\"image\":{\"@id\":\"https:\/\/redfoxlotto.com\/lv\/#\/schema\/logo\/image\/\"}}]}<\/script>\n<!-- \/ Yoast SEO plugin. -->","yoast_head_json":{"title":"K\u0101 ieg\u0101d\u0101ties bi\u013cetes Sp\u0101nijas Loto El Gordo tie\u0161saist\u0113","description":"Apskatiet \u0161o inform\u0101ciju par El Gordo un Loteria de Navidad, Sp\u0101nijas Ziemassv\u0113tku loteriju","robots":{"index":"index","follow":"follow","max-snippet":"max-snippet:-1","max-image-preview":"max-image-preview:large","max-video-preview":"max-video-preview:-1"},"canonical":"https:\/\/redfoxlotto.com\/lv\/informacija\/el-gordo-primitiva\/","og_locale":"lv_LV","og_type":"article","og_title":"K\u0101 ieg\u0101d\u0101ties bi\u013cetes Sp\u0101nijas Loto El Gordo tie\u0161saist\u0113","og_description":"Apskatiet \u0161o inform\u0101ciju par El Gordo un Loteria de Navidad, Sp\u0101nijas Ziemassv\u0113tku loteriju","og_url":"https:\/\/redfoxlotto.com\/lv\/informacija\/el-gordo-primitiva\/","og_site_name":"Get Tickets for the World\u2019s largest jackpots","article_modified_time":"2021-01-07T09:09:48+00:00","og_image":[{"url":"https:\/\/content.redfoxlotto.com\/uploads\/sites\/9\/1_buy_ticket_lotto_online.jpg"}],"twitter_card":"summary_large_image","twitter_misc":{"Est. reading time":"1 minute"},"schema":{"@context":"https:\/\/schema.org","@graph":[{"@type":"WebPage","@id":"https:\/\/redfoxlotto.com\/lv\/informacija\/el-gordo-primitiva\/","url":"https:\/\/redfoxlotto.com\/lv\/informacija\/el-gordo-primitiva\/","name":"K\u0101 ieg\u0101d\u0101ties bi\u013cetes Sp\u0101nijas Loto El Gordo tie\u0161saist\u0113","isPartOf":{"@id":"https:\/\/redfoxlotto.com\/lv\/#website"},"primaryImageOfPage":{"@id":"https:\/\/redfoxlotto.com\/lv\/informacija\/el-gordo-primitiva\/#primaryimage"},"image":{"@id":"https:\/\/redfoxlotto.com\/lv\/informacija\/el-gordo-primitiva\/#primaryimage"},"thumbnailUrl":"https:\/\/content.redfoxlotto.com\/uploads\/sites\/9\/1_buy_ticket_lotto_online.jpg","datePublished":"2018-11-18T08:54:25+00:00","dateModified":"2021-01-07T09:09:48+00:00","description":"Apskatiet \u0161o inform\u0101ciju par El Gordo un Loteria de Navidad, Sp\u0101nijas Ziemassv\u0113tku loteriju","breadcrumb":{"@id":"https:\/\/redfoxlotto.com\/lv\/informacija\/el-gordo-primitiva\/#breadcrumb"},"inLanguage":"lv-LV","potentialAction":[{"@type":"ReadAction","target":["https:\/\/redfoxlotto.com\/lv\/informacija\/el-gordo-primitiva\/"]}]},{"@type":"ImageObject","inLanguage":"lv-LV","@id":"https:\/\/redfoxlotto.com\/lv\/informacija\/el-gordo-primitiva\/#primaryimage","url":"https:\/\/content.redfoxlotto.com\/uploads\/sites\/9\/1_buy_ticket_lotto_online.jpg","contentUrl":"https:\/\/content.redfoxlotto.com\/uploads\/sites\/9\/1_buy_ticket_lotto_online.jpg"},{"@type":"BreadcrumbList","@id":"https:\/\/redfoxlotto.com\/lv\/informacija\/el-gordo-primitiva\/#breadcrumb","itemListElement":[{"@type":"ListItem","position":1,"name":"Home","item":"https:\/\/redfoxlotto.com\/lv\/"},{"@type":"ListItem","position":2,"name":"K\u0101 ieg\u0101d\u0101ties tie\u0161saistes loteriju bi\u013cetes \u2013 ieg\u0101des process","item":"https:\/\/redfoxlotto.com\/lv\/informacija\/"},{"@type":"ListItem","position":3,"name":"Inform\u0101cija par El Gordo"}]},{"@type":"WebSite","@id":"https:\/\/redfoxlotto.com\/lv\/#website","url":"https:\/\/redfoxlotto.com\/lv\/","name":"Get Tickets for the World\u2019s largest jackpots","description":"Participate in worldwide lottery jackpots from any country","publisher":{"@id":"https:\/\/redfoxlotto.com\/lv\/#organization"},"potentialAction":[{"@type":"SearchAction","target":{"@type":"EntryPoint","urlTemplate":"https:\/\/redfoxlotto.com\/lv\/?s={search_term_string}"},"query-input":{"@type":"PropertyValueSpecification","valueRequired":true,"valueName":"search_term_string"}}],"inLanguage":"lv-LV"},{"@type":"Organization","@id":"https:\/\/redfoxlotto.com\/lv\/#organization","name":"Get Tickets for the World\u2019s largest jackpots","url":"https:\/\/redfoxlotto.com\/lv\/","logo":{"@type":"ImageObject","inLanguage":"lv-LV","@id":"https:\/\/redfoxlotto.com\/lv\/#\/schema\/logo\/image\/","url":"https:\/\/redfoxlotto.com\/wp-content\/uploads\/2023\/04\/logo.png","contentUrl":"https:\/\/redfoxlotto.com\/wp-content\/uploads\/2023\/04\/logo.png","width":269,"height":53,"caption":"Get Tickets for the World\u2019s largest jackpots"},"image":{"@id":"https:\/\/redfoxlotto.com\/lv\/#\/schema\/logo\/image\/"}}]}},"_links":{"self":[{"href":"https:\/\/redfoxlotto.com\/lv\/wp-json\/wp\/v2\/pages\/17843","targetHints":{"allow":["GET"]}}],"collection":[{"href":"https:\/\/redfoxlotto.com\/lv\/wp-json\/wp\/v2\/pages"}],"about":[{"href":"https:\/\/redfoxlotto.com\/lv\/wp-json\/wp\/v2\/types\/page"}],"author":[{"embeddable":true,"href":"https:\/\/redfoxlotto.com\/lv\/wp-json\/wp\/v2\/users\/1"}],"replies":[{"embeddable":true,"href":"https:\/\/redfoxlotto.com\/lv\/wp-json\/wp\/v2\/comments?post=17843"}],"version-history":[{"count":0,"href":"https:\/\/redfoxlotto.com\/lv\/wp-json\/wp\/v2\/pages\/17843\/revisions"}],"up":[{"embeddable":true,"href":"https:\/\/redfoxlotto.com\/lv\/wp-json\/wp\/v2\/pages\/16999"}],"wp:attachment":[{"href":"https:\/\/redfoxlotto.com\/lv\/wp-json\/wp\/v2\/media?parent=17843"}],"curies":[{"name":"wp","href":"https:\/\/api.w.org\/{rel}","templated":true}]}}