{"id":17819,"date":"2023-04-24T18:24:48","date_gmt":"2023-04-24T18:24:48","guid":{"rendered":"https:\/\/redfoxlotto.com\/?page_id=17819"},"modified":"2025-12-11T08:36:09","modified_gmt":"2025-12-11T08:36:09","slug":"saturday-lotto-au","status":"publish","type":"page","link":"https:\/\/redfoxlotto.com\/lv\/spelet\/saturday-lotto-au\/","title":{"rendered":"Sp\u0113l\u0113jiet Sestdienas Loto Austr\u0101lij\u0101"},"content":{"rendered":"<script type=\"application\/ld+json\">\r\n{\r\n  \"@context\": \"https:\/\/schema.org\",\r\n  \"@type\": \"Service\",\r\n  \"name\": \"Saturday Lotto Australia online\",\r\n  \"url\": \"https:\/\/redfoxlotto.com\/lv\/spelet\/saturday-lotto-au\/\",\r\n  \"description\": \"Ieg\u0101d\u0101jieties ofici\u0101l\u0101s Saturday Lotto Australia bi\u013cetes tie\u0161saist\u0113 caur RedFoxLotto. Izv\u0113lieties savus skait\u013cus un piedalieties n\u0101kamaj\u0101 izloz\u0113.\",\r\n  \"serviceType\": \"Online lottery ticket purchase\",\r\n\r\n  \"provider\": {\r\n    \"@type\": \"Organization\",\r\n    \"name\": \"RedFoxLotto\",\r\n    \"url\": \"https:\/\/redfoxlotto.com\",\r\n    \"logo\": \"https:\/\/redfoxlotto.com\/wp-content\/uploads\/logo.png\"\r\n  },\r\n\r\n  \"areaServed\": \"Worldwide\",\r\n  \"termsOfService\": \"https:\/\/redfoxlotto.com\/terms-and-conditions\",\r\n\r\n  \"hasOfferCatalog\": {\r\n    \"@type\": \"OfferCatalog\",\r\n    \"name\": \"Saturday Lotto Australia Offers\",\r\n    \"itemListElement\": [\r\n      {\r\n        \"@type\": \"Offer\",\r\n        \"name\": \"Lotto Saturday Lotto Australia Ticket\",\r\n        \"url\": \"https:\/\/redfoxlotto.com\/lv\/spelet\/saturday-lotto-au\/\",\r\n        \"description\": \"Viena dal\u012bba n\u0101kamaj\u0101 Saturday Lotto Australia izloz\u0113.\",\r\n        \"price\": \"1.50\",\r\n        \"priceCurrency\": \"EUR\",\r\n        \"availability\": \"https:\/\/schema.org\/InStock\",\r\n\r\n        \"itemOffered\": {\r\n          \"@type\": \"Service\",\r\n          \"name\": \"Saturday Lotto Australia Entry\",\r\n          \"description\": \"Dal\u012bba n\u0101kamaj\u0101 Saturday Lotto Australia izloz\u0113 caur RedFoxLotto.\"\r\n        }\r\n      }\r\n    ]\r\n  },\r\n\r\n  \"mainEntityOfPage\": {\r\n    \"@type\": \"WebPage\",\r\n    \"@id\": \"https:\/\/redfoxlotto.com\/lv\/spelet\/saturday-lotto-au\/\"\r\n  }\r\n}\r\n<\/script><p>Distance vairs nav barjera, lai sp\u0113l\u0113tu Sestdienas loto, jo ne tikai tie, kas atrodas Austr\u0101lij\u0101, bet jebkur\u0161 jebkur var piedal\u012bties \u0161aj\u0101 loterij\u0101.<\/p><h2 class=\"wp-block-heading\">K\u0101 sp\u0113l\u0113t tie\u0161saist\u0113<\/h2><p><img loading=\"lazy\" decoding=\"async\" class=\" wp-image alignright\" src=\"https:\/\/content.redfoxlotto.com\/uploads\/sites\/9\/2_ticket_saturday_lotto_au.jpg\" alt=\"Sp\u0113l\u0113t Saturday Lotto Australia tie\u0161saist\u0113\" width=\"220\" height=\"397\" \/><\/p><p>Vienk\u0101r\u0161i atveriet kontu RedFoxLotto, izv\u0113lieties savus 6 skait\u013cus no 45, un j\u016bsu bi\u013cete tiks ierakst\u012bta. P\u0113c j\u016bsu sp\u0113les, j\u016bs ar\u012b sa\u0146emsiet epasta zi\u0146ojumu, kas apstiprin\u0101s j\u016bsu ieg\u016bt\u0101s bi\u013cetes.<\/p><p>Bi\u013ce\u0161u apmaksa ir tik pat vienk\u0101r\u0161a k\u0101 skait\u013cu izv\u0113le, jo m\u016bsu klientiem ir pieejami da\u017e\u0101di apmaksas veidi.<\/p><p>Sestdienas loterijas izloze notiek katru Sestdienas nakti, kad tiek izloz\u0113ti 6 galvenie un 2 ekstra skait\u013ci.<\/p>","protected":false},"excerpt":{"rendered":"<p>Distance vairs nav barjera, lai sp\u0113l\u0113tu Sestdienas loto, jo ne tikai tie, kas atrodas Austr\u0101lij\u0101, bet jebkur\u0161 jebkur var piedal\u012bties \u0161aj\u0101 loterij\u0101. K\u0101 sp\u0113l\u0113t tie\u0161saist\u0113 Vienk\u0101r\u0161i atveriet kontu RedFoxLotto, izv\u0113lieties savus 6 skait\u013cus no 45, un j\u016bsu bi\u013cete tiks ierakst\u012bta. P\u0113c j\u016bsu sp\u0113les, j\u016bs ar\u012b sa\u0146emsiet epasta zi\u0146ojumu, kas apstiprin\u0101s j\u016bsu ieg\u016bt\u0101s bi\u013cetes. Bi\u013ce\u0161u apmaksa [&hellip;]<\/p>\n","protected":false},"author":1,"featured_media":0,"parent":17017,"menu_order":20,"comment_status":"closed","ping_status":"closed","template":"saturday-lotto.php","meta":{"_et_pb_use_builder":"","_et_pb_old_content":"","_et_gb_content_width":"","exclude_from_search":false,"footnotes":""},"class_list":["post-17819","page","type-page","status-publish","hentry"],"yoast_head":"<!-- This site is optimized with the Yoast SEO plugin v23.8 - https:\/\/yoast.com\/wordpress\/plugins\/seo\/ -->\n<title>Sp\u0113l\u0113jiet Sestdienas Loto tie\u0161sist\u0113 | Viena no Austr\u0101lijas liel\u0101kaj\u0101m loterij\u0101m<\/title>\n<meta name=\"description\" content=\"Ieg\u0101d\u0101jieties savas bi\u013cetes tie\u0161saist\u0113 un piedalieties Sestdienas loterij\u0101 Austr\u0101lij\u0101\" \/>\n<meta name=\"robots\" content=\"index, follow, max-snippet:-1, max-image-preview:large, max-video-preview:-1\" \/>\n<link rel=\"canonical\" href=\"https:\/\/redfoxlotto.com\/lv\/spelet\/saturday-lotto-au\/\" \/>\n<meta property=\"og:locale\" content=\"lv_LV\" \/>\n<meta property=\"og:type\" content=\"article\" \/>\n<meta property=\"og:title\" content=\"Sp\u0113l\u0113jiet Sestdienas Loto tie\u0161sist\u0113 | Viena no Austr\u0101lijas liel\u0101kaj\u0101m loterij\u0101m\" \/>\n<meta property=\"og:description\" content=\"Ieg\u0101d\u0101jieties savas bi\u013cetes tie\u0161saist\u0113 un piedalieties Sestdienas loterij\u0101 Austr\u0101lij\u0101\" \/>\n<meta property=\"og:url\" content=\"https:\/\/redfoxlotto.com\/lv\/spelet\/saturday-lotto-au\/\" \/>\n<meta property=\"og:site_name\" content=\"Get Tickets for the World\u2019s largest jackpots\" \/>\n<meta property=\"article:modified_time\" content=\"2025-12-11T08:36:09+00:00\" \/>\n<meta property=\"og:image\" content=\"https:\/\/content.redfoxlotto.com\/uploads\/sites\/9\/2_ticket_saturday_lotto_au.jpg\" \/>\n<meta name=\"twitter:card\" content=\"summary_large_image\" \/>\n<meta name=\"twitter:label1\" content=\"Est. reading time\" \/>\n\t<meta name=\"twitter:data1\" content=\"1 minute\" \/>\n<script type=\"application\/ld+json\" class=\"yoast-schema-graph\">{\"@context\":\"https:\/\/schema.org\",\"@graph\":[{\"@type\":\"WebPage\",\"@id\":\"https:\/\/redfoxlotto.com\/lv\/spelet\/saturday-lotto-au\/\",\"url\":\"https:\/\/redfoxlotto.com\/lv\/spelet\/saturday-lotto-au\/\",\"name\":\"Sp\u0113l\u0113jiet Sestdienas Loto tie\u0161sist\u0113 | Viena no Austr\u0101lijas liel\u0101kaj\u0101m loterij\u0101m\",\"isPartOf\":{\"@id\":\"https:\/\/redfoxlotto.com\/lv\/#website\"},\"primaryImageOfPage\":{\"@id\":\"https:\/\/redfoxlotto.com\/lv\/spelet\/saturday-lotto-au\/#primaryimage\"},\"image\":{\"@id\":\"https:\/\/redfoxlotto.com\/lv\/spelet\/saturday-lotto-au\/#primaryimage\"},\"thumbnailUrl\":\"https:\/\/content.redfoxlotto.com\/uploads\/sites\/9\/2_ticket_saturday_lotto_au.jpg\",\"datePublished\":\"2023-04-24T18:24:48+00:00\",\"dateModified\":\"2025-12-11T08:36:09+00:00\",\"description\":\"Ieg\u0101d\u0101jieties savas bi\u013cetes tie\u0161saist\u0113 un piedalieties Sestdienas loterij\u0101 Austr\u0101lij\u0101\",\"breadcrumb\":{\"@id\":\"https:\/\/redfoxlotto.com\/lv\/spelet\/saturday-lotto-au\/#breadcrumb\"},\"inLanguage\":\"lv-LV\",\"potentialAction\":[{\"@type\":\"ReadAction\",\"target\":[\"https:\/\/redfoxlotto.com\/lv\/spelet\/saturday-lotto-au\/\"]}]},{\"@type\":\"ImageObject\",\"inLanguage\":\"lv-LV\",\"@id\":\"https:\/\/redfoxlotto.com\/lv\/spelet\/saturday-lotto-au\/#primaryimage\",\"url\":\"https:\/\/content.redfoxlotto.com\/uploads\/sites\/9\/2_ticket_saturday_lotto_au.jpg\",\"contentUrl\":\"https:\/\/content.redfoxlotto.com\/uploads\/sites\/9\/2_ticket_saturday_lotto_au.jpg\"},{\"@type\":\"BreadcrumbList\",\"@id\":\"https:\/\/redfoxlotto.com\/lv\/spelet\/saturday-lotto-au\/#breadcrumb\",\"itemListElement\":[{\"@type\":\"ListItem\",\"position\":1,\"name\":\"Home\",\"item\":\"https:\/\/redfoxlotto.com\/lv\/\"},{\"@type\":\"ListItem\",\"position\":2,\"name\":\"K\u0101 piedal\u012bties loterij\u0101s cit\u0101s valst\u012bs\",\"item\":\"https:\/\/redfoxlotto.com\/lv\/spelet\/\"},{\"@type\":\"ListItem\",\"position\":3,\"name\":\"Sp\u0113l\u0113jiet Sestdienas Loto Austr\u0101lij\u0101\"}]},{\"@type\":\"WebSite\",\"@id\":\"https:\/\/redfoxlotto.com\/lv\/#website\",\"url\":\"https:\/\/redfoxlotto.com\/lv\/\",\"name\":\"Get Tickets for the World\u2019s largest jackpots\",\"description\":\"Participate in worldwide lottery jackpots from any country\",\"publisher\":{\"@id\":\"https:\/\/redfoxlotto.com\/lv\/#organization\"},\"potentialAction\":[{\"@type\":\"SearchAction\",\"target\":{\"@type\":\"EntryPoint\",\"urlTemplate\":\"https:\/\/redfoxlotto.com\/lv\/?s={search_term_string}\"},\"query-input\":{\"@type\":\"PropertyValueSpecification\",\"valueRequired\":true,\"valueName\":\"search_term_string\"}}],\"inLanguage\":\"lv-LV\"},{\"@type\":\"Organization\",\"@id\":\"https:\/\/redfoxlotto.com\/lv\/#organization\",\"name\":\"Get Tickets for the World\u2019s largest jackpots\",\"url\":\"https:\/\/redfoxlotto.com\/lv\/\",\"logo\":{\"@type\":\"ImageObject\",\"inLanguage\":\"lv-LV\",\"@id\":\"https:\/\/redfoxlotto.com\/lv\/#\/schema\/logo\/image\/\",\"url\":\"https:\/\/redfoxlotto.com\/wp-content\/uploads\/2023\/04\/logo.png\",\"contentUrl\":\"https:\/\/redfoxlotto.com\/wp-content\/uploads\/2023\/04\/logo.png\",\"width\":269,\"height\":53,\"caption\":\"Get Tickets for the World\u2019s largest jackpots\"},\"image\":{\"@id\":\"https:\/\/redfoxlotto.com\/lv\/#\/schema\/logo\/image\/\"}}]}<\/script>\n<!-- \/ Yoast SEO plugin. -->","yoast_head_json":{"title":"Sp\u0113l\u0113jiet Sestdienas Loto tie\u0161sist\u0113 | Viena no Austr\u0101lijas liel\u0101kaj\u0101m loterij\u0101m","description":"Ieg\u0101d\u0101jieties savas bi\u013cetes tie\u0161saist\u0113 un piedalieties Sestdienas loterij\u0101 Austr\u0101lij\u0101","robots":{"index":"index","follow":"follow","max-snippet":"max-snippet:-1","max-image-preview":"max-image-preview:large","max-video-preview":"max-video-preview:-1"},"canonical":"https:\/\/redfoxlotto.com\/lv\/spelet\/saturday-lotto-au\/","og_locale":"lv_LV","og_type":"article","og_title":"Sp\u0113l\u0113jiet Sestdienas Loto tie\u0161sist\u0113 | Viena no Austr\u0101lijas liel\u0101kaj\u0101m loterij\u0101m","og_description":"Ieg\u0101d\u0101jieties savas bi\u013cetes tie\u0161saist\u0113 un piedalieties Sestdienas loterij\u0101 Austr\u0101lij\u0101","og_url":"https:\/\/redfoxlotto.com\/lv\/spelet\/saturday-lotto-au\/","og_site_name":"Get Tickets for the World\u2019s largest jackpots","article_modified_time":"2025-12-11T08:36:09+00:00","og_image":[{"url":"https:\/\/content.redfoxlotto.com\/uploads\/sites\/9\/2_ticket_saturday_lotto_au.jpg"}],"twitter_card":"summary_large_image","twitter_misc":{"Est. reading time":"1 minute"},"schema":{"@context":"https:\/\/schema.org","@graph":[{"@type":"WebPage","@id":"https:\/\/redfoxlotto.com\/lv\/spelet\/saturday-lotto-au\/","url":"https:\/\/redfoxlotto.com\/lv\/spelet\/saturday-lotto-au\/","name":"Sp\u0113l\u0113jiet Sestdienas Loto tie\u0161sist\u0113 | Viena no Austr\u0101lijas liel\u0101kaj\u0101m loterij\u0101m","isPartOf":{"@id":"https:\/\/redfoxlotto.com\/lv\/#website"},"primaryImageOfPage":{"@id":"https:\/\/redfoxlotto.com\/lv\/spelet\/saturday-lotto-au\/#primaryimage"},"image":{"@id":"https:\/\/redfoxlotto.com\/lv\/spelet\/saturday-lotto-au\/#primaryimage"},"thumbnailUrl":"https:\/\/content.redfoxlotto.com\/uploads\/sites\/9\/2_ticket_saturday_lotto_au.jpg","datePublished":"2023-04-24T18:24:48+00:00","dateModified":"2025-12-11T08:36:09+00:00","description":"Ieg\u0101d\u0101jieties savas bi\u013cetes tie\u0161saist\u0113 un piedalieties Sestdienas loterij\u0101 Austr\u0101lij\u0101","breadcrumb":{"@id":"https:\/\/redfoxlotto.com\/lv\/spelet\/saturday-lotto-au\/#breadcrumb"},"inLanguage":"lv-LV","potentialAction":[{"@type":"ReadAction","target":["https:\/\/redfoxlotto.com\/lv\/spelet\/saturday-lotto-au\/"]}]},{"@type":"ImageObject","inLanguage":"lv-LV","@id":"https:\/\/redfoxlotto.com\/lv\/spelet\/saturday-lotto-au\/#primaryimage","url":"https:\/\/content.redfoxlotto.com\/uploads\/sites\/9\/2_ticket_saturday_lotto_au.jpg","contentUrl":"https:\/\/content.redfoxlotto.com\/uploads\/sites\/9\/2_ticket_saturday_lotto_au.jpg"},{"@type":"BreadcrumbList","@id":"https:\/\/redfoxlotto.com\/lv\/spelet\/saturday-lotto-au\/#breadcrumb","itemListElement":[{"@type":"ListItem","position":1,"name":"Home","item":"https:\/\/redfoxlotto.com\/lv\/"},{"@type":"ListItem","position":2,"name":"K\u0101 piedal\u012bties loterij\u0101s cit\u0101s valst\u012bs","item":"https:\/\/redfoxlotto.com\/lv\/spelet\/"},{"@type":"ListItem","position":3,"name":"Sp\u0113l\u0113jiet Sestdienas Loto Austr\u0101lij\u0101"}]},{"@type":"WebSite","@id":"https:\/\/redfoxlotto.com\/lv\/#website","url":"https:\/\/redfoxlotto.com\/lv\/","name":"Get Tickets for the World\u2019s largest jackpots","description":"Participate in worldwide lottery jackpots from any country","publisher":{"@id":"https:\/\/redfoxlotto.com\/lv\/#organization"},"potentialAction":[{"@type":"SearchAction","target":{"@type":"EntryPoint","urlTemplate":"https:\/\/redfoxlotto.com\/lv\/?s={search_term_string}"},"query-input":{"@type":"PropertyValueSpecification","valueRequired":true,"valueName":"search_term_string"}}],"inLanguage":"lv-LV"},{"@type":"Organization","@id":"https:\/\/redfoxlotto.com\/lv\/#organization","name":"Get Tickets for the World\u2019s largest jackpots","url":"https:\/\/redfoxlotto.com\/lv\/","logo":{"@type":"ImageObject","inLanguage":"lv-LV","@id":"https:\/\/redfoxlotto.com\/lv\/#\/schema\/logo\/image\/","url":"https:\/\/redfoxlotto.com\/wp-content\/uploads\/2023\/04\/logo.png","contentUrl":"https:\/\/redfoxlotto.com\/wp-content\/uploads\/2023\/04\/logo.png","width":269,"height":53,"caption":"Get Tickets for the World\u2019s largest jackpots"},"image":{"@id":"https:\/\/redfoxlotto.com\/lv\/#\/schema\/logo\/image\/"}}]}},"_links":{"self":[{"href":"https:\/\/redfoxlotto.com\/lv\/wp-json\/wp\/v2\/pages\/17819","targetHints":{"allow":["GET"]}}],"collection":[{"href":"https:\/\/redfoxlotto.com\/lv\/wp-json\/wp\/v2\/pages"}],"about":[{"href":"https:\/\/redfoxlotto.com\/lv\/wp-json\/wp\/v2\/types\/page"}],"author":[{"embeddable":true,"href":"https:\/\/redfoxlotto.com\/lv\/wp-json\/wp\/v2\/users\/1"}],"replies":[{"embeddable":true,"href":"https:\/\/redfoxlotto.com\/lv\/wp-json\/wp\/v2\/comments?post=17819"}],"version-history":[{"count":0,"href":"https:\/\/redfoxlotto.com\/lv\/wp-json\/wp\/v2\/pages\/17819\/revisions"}],"up":[{"embeddable":true,"href":"https:\/\/redfoxlotto.com\/lv\/wp-json\/wp\/v2\/pages\/17017"}],"wp:attachment":[{"href":"https:\/\/redfoxlotto.com\/lv\/wp-json\/wp\/v2\/media?parent=17819"}],"curies":[{"name":"wp","href":"https:\/\/api.w.org\/{rel}","templated":true}]}}