{"id":17795,"date":"2023-04-24T18:19:55","date_gmt":"2023-04-24T18:19:55","guid":{"rendered":"https:\/\/redfoxlotto.com\/?page_id=17795"},"modified":"2026-01-11T08:31:57","modified_gmt":"2026-01-11T08:31:57","slug":"powerball-au","status":"publish","type":"page","link":"https:\/\/redfoxlotto.com\/lv\/spelet\/powerball-au\/","title":{"rendered":"Powerball no Down Under \u2013 k\u0101 sp\u0113l\u0113t"},"content":{"rendered":"<p><img loading=\"lazy\" decoding=\"async\" class=\" wp-image alignright\" src=\"https:\/\/content.redfoxlotto.com\/uploads\/sites\/9\/2_ticket_powerball_au.jpg\" alt=\"Powerball Australia tie\u0161saist\u0113\" width=\"155\" height=\"296\" \/><\/p>\n<p>Katru ned\u0113\u013cu, ceturtdienas vakar\u0101, Powerball Australia aizrauj visu valsti. Izloz\u0113 tiek izmantoti divi skait\u013cu komplekti, kas atrodas divos cilindros. Pirmaj\u0101 cilindr\u0101 ir 35 da\u017e\u0101di skait\u013ci no 1 l\u012bdz 35, bet otraj\u0101 cilindr\u0101 \u2013 skait\u013ci no 1 l\u012bdz 20.<\/p>\n<p>Pirmais cilindrs izloz\u0113 septi\u0146us skait\u013cus, bet otrais cilindrs izv\u0113las tikai vienu skaitli. \u0160is skaitlis (no 1 l\u012bdz 20) ir Powerball. Galven\u0101 balva tiek pie\u0161\u0137irta sp\u0113l\u0113t\u0101jam, kur\u0161 pareizi izv\u0113las visus septi\u0146us skait\u013cus un Powerball.<\/p>\n<h2 id=\"h-how-do-i-get-started\">K\u0101 s\u0101kt?<\/h2>\n<p>Austr\u0101lie\u0161i parasti sp\u0113l\u0113, izt\u0113r\u0113jot AU$ 2,20 jebkur\u0101 loterijas tirdzniec\u012bbas viet\u0101. Ta\u010du re\u0123istr\u0113\u0161an\u0101s RedFoxLotto un sp\u0113l\u0113\u0161ana tie\u0161saist\u0113 ir vienk\u0101r\u0161a, \u0101tra un \u0113rta. Turkl\u0101t to var dar\u012bt no jebkuras pasaules vietas.<\/p>\n<p><img loading=\"lazy\" decoding=\"async\" class=\" wp-image alignright\" src=\"https:\/\/content.redfoxlotto.com\/uploads\/sites\/9\/1_lottery_win_luxury_house.jpg\" alt=\"Sp\u0113l\u0113t Austr\u0101lijas Powerball\" width=\"184\" height=\"138\" \/> Atcerieties, ka izloze notiek plkst. 20:30 p\u0113c Austr\u0101lijas austrumu laika. Lai sp\u0113l\u0113tu Austr\u0101lijas Powerball loteriju no jebkuras pasaules vietas ar RedFoxLotto, vienk\u0101r\u0161i izv\u0113lieties savus skait\u013cus \u0161eit. Nesen k\u0101ds laim\u0113t\u0101js Sidnej\u0101 laim\u0113ja AU$107 miljonus \u0161aj\u0101 Powerball sp\u0113l\u0113. Ta\u010du uzvar\u0113t var ar da\u017e\u0101d\u0101m kombin\u0101cij\u0101m. Ja j\u016bs sakr\u012btat visus septi\u0146us skait\u013cus no pirm\u0101 cilindra, bet ne <a href=\"https:\/\/redfoxlotto.com\/lv\/spelet\/powerball\/\">Powerball<\/a>, j\u016bs joproj\u0101m ieg\u016bsiet lielu da\u013cu no balvas, bie\u017ei vien se\u0161ciparu summu.<\/p>\n<h2 id=\"h-play-the-online-powerball-australia-lottery\">Sp\u0113l\u0113jiet Powerball Australia tie\u0161saist\u0113<\/h2>\n<p>At\u0161\u0137ir\u012bb\u0101 no daudz\u0101m loterij\u0101m ar skait\u013cu diapazonu no 1 l\u012bdz 49 vai 1 l\u012bdz 59, <a href=\"https:\/\/redfoxlotto.com\/lv\/informacija\/powerball\/\">Powerball<\/a> Australia pied\u0101v\u0101 daudz maz\u0101ku skait\u013cu kopu. Ir tikai 35 skait\u013ci, no kuriem izv\u0113l\u0113ties, kas iev\u0113rojami palielina laim\u0113\u0161anas iesp\u0113jas.<\/p>\n<p>Saska\u0146ot se\u0161us skait\u013cus bez Powerball noz\u012bm\u0113 aptuveni 1 no 36 000 iesp\u0113ju. Balva at\u0161\u0137iras, ta\u010du bie\u017ei p\u0101rsniedz AU$500. T\u016bksto\u0161iem sp\u0113l\u0113t\u0101ju katru ceturtdienas vakaru ar nepaciet\u012bbu gaida Powerball Australia izlozi.<\/p>\n<h2 id=\"h-how-do-i-finance-my-online-account\">K\u0101 papildin\u0101t savu tie\u0161saistes kontu?<\/h2>\n<p>RedFoxLotto pied\u0101v\u0101 da\u017e\u0101das <a href=\"https:\/\/redfoxlotto.com\/lv\/ka-norekinaties-par-pirkumiem-tiessaiste\/\">konta papildin\u0101\u0161anas metodes<\/a>, lai sp\u0113l\u0113tu Austr\u0101lijas Powerball tie\u0161saist\u0113. P\u0113c vienk\u0101r\u0161as verifik\u0101cijas, kas apliecina, ka jums ir vismaz 18 gadi, un da\u017eu personas datu ievad\u012b\u0161anas, kontu var papildin\u0101t vair\u0101kos veidos.<\/p>\n<p>RedFoxLotto pie\u0146em MasterCard, Visa, bankas p\u0101rskait\u012bjumus un pat <a href=\"https:\/\/redfoxlotto.com\/use-bitcoin-to-pay-when-you-play-the-lottery-online\/\">Bitcoin<\/a>.<\/p>\n","protected":false},"excerpt":{"rendered":"<p>Katru ned\u0113\u013cu, ceturtdienas vakar\u0101, Powerball Australia aizrauj visu valsti. Izloz\u0113 tiek izmantoti divi skait\u013cu komplekti, kas atrodas divos cilindros. Pirmaj\u0101 cilindr\u0101 ir 35 da\u017e\u0101di skait\u013ci no 1 l\u012bdz 35, bet otraj\u0101 cilindr\u0101 \u2013 skait\u013ci no 1 l\u012bdz 20. Pirmais cilindrs izloz\u0113 septi\u0146us skait\u013cus, bet otrais cilindrs izv\u0113las tikai vienu skaitli. \u0160is skaitlis (no 1 l\u012bdz [&hellip;]<\/p>\n","protected":false},"author":1,"featured_media":0,"parent":17017,"menu_order":17,"comment_status":"closed","ping_status":"closed","template":"powerball-au.php","meta":{"_et_pb_use_builder":"","_et_pb_old_content":"","_et_gb_content_width":"","exclude_from_search":false,"footnotes":""},"class_list":["post-17795","page","type-page","status-publish","hentry"],"yoast_head":"<!-- This site is optimized with the Yoast SEO plugin v27.3 - https:\/\/yoast.com\/product\/yoast-seo-wordpress\/ -->\n<title>Sp\u0113l\u0113jiet Austr\u0101lijas Powerball Loteriju Tie\u0161saist\u0113<\/title>\n<meta name=\"description\" content=\"Austr\u0101lijas M\u012b\u013c\u0101k\u0101 Loterija Tagad Pieejama Tie\u0161saist\u0113 Vis\u0101 Pasaul\u0113\" \/>\n<meta name=\"robots\" content=\"index, follow, max-snippet:-1, max-image-preview:large, max-video-preview:-1\" \/>\n<link rel=\"canonical\" href=\"https:\/\/redfoxlotto.com\/lv\/spelet\/powerball-au\/\" \/>\n<meta property=\"og:locale\" content=\"lv_LV\" \/>\n<meta property=\"og:type\" content=\"article\" \/>\n<meta property=\"og:title\" content=\"Sp\u0113l\u0113jiet Austr\u0101lijas Powerball Loteriju Tie\u0161saist\u0113\" \/>\n<meta property=\"og:description\" content=\"Austr\u0101lijas M\u012b\u013c\u0101k\u0101 Loterija Tagad Pieejama Tie\u0161saist\u0113 Vis\u0101 Pasaul\u0113\" \/>\n<meta property=\"og:url\" content=\"https:\/\/redfoxlotto.com\/lv\/spelet\/powerball-au\/\" \/>\n<meta property=\"og:site_name\" content=\"Get Tickets for the World\u2019s largest jackpots\" \/>\n<meta property=\"article:modified_time\" content=\"2026-01-11T08:31:57+00:00\" \/>\n<meta property=\"og:image\" content=\"https:\/\/content.redfoxlotto.com\/uploads\/sites\/9\/2_ticket_powerball_au.jpg\" \/>\n<meta name=\"twitter:card\" content=\"summary_large_image\" \/>\n<meta name=\"twitter:label1\" content=\"Est. reading time\" \/>\n\t<meta name=\"twitter:data1\" content=\"1 minute\" \/>\n<script type=\"application\/ld+json\" class=\"yoast-schema-graph\">{\"@context\":\"https:\\\/\\\/schema.org\",\"@graph\":[{\"@type\":\"WebPage\",\"@id\":\"https:\\\/\\\/redfoxlotto.com\\\/lv\\\/spelet\\\/powerball-au\\\/\",\"url\":\"https:\\\/\\\/redfoxlotto.com\\\/lv\\\/spelet\\\/powerball-au\\\/\",\"name\":\"Sp\u0113l\u0113jiet Austr\u0101lijas Powerball Loteriju Tie\u0161saist\u0113\",\"isPartOf\":{\"@id\":\"https:\\\/\\\/redfoxlotto.com\\\/lv\\\/#website\"},\"primaryImageOfPage\":{\"@id\":\"https:\\\/\\\/redfoxlotto.com\\\/lv\\\/spelet\\\/powerball-au\\\/#primaryimage\"},\"image\":{\"@id\":\"https:\\\/\\\/redfoxlotto.com\\\/lv\\\/spelet\\\/powerball-au\\\/#primaryimage\"},\"thumbnailUrl\":\"https:\\\/\\\/content.redfoxlotto.com\\\/uploads\\\/sites\\\/9\\\/2_ticket_powerball_au.jpg\",\"datePublished\":\"2023-04-24T18:19:55+00:00\",\"dateModified\":\"2026-01-11T08:31:57+00:00\",\"description\":\"Austr\u0101lijas M\u012b\u013c\u0101k\u0101 Loterija Tagad Pieejama Tie\u0161saist\u0113 Vis\u0101 Pasaul\u0113\",\"breadcrumb\":{\"@id\":\"https:\\\/\\\/redfoxlotto.com\\\/lv\\\/spelet\\\/powerball-au\\\/#breadcrumb\"},\"inLanguage\":\"lv-LV\",\"potentialAction\":[{\"@type\":\"ReadAction\",\"target\":[\"https:\\\/\\\/redfoxlotto.com\\\/lv\\\/spelet\\\/powerball-au\\\/\"]}]},{\"@type\":\"ImageObject\",\"inLanguage\":\"lv-LV\",\"@id\":\"https:\\\/\\\/redfoxlotto.com\\\/lv\\\/spelet\\\/powerball-au\\\/#primaryimage\",\"url\":\"https:\\\/\\\/content.redfoxlotto.com\\\/uploads\\\/sites\\\/9\\\/2_ticket_powerball_au.jpg\",\"contentUrl\":\"https:\\\/\\\/content.redfoxlotto.com\\\/uploads\\\/sites\\\/9\\\/2_ticket_powerball_au.jpg\"},{\"@type\":\"BreadcrumbList\",\"@id\":\"https:\\\/\\\/redfoxlotto.com\\\/lv\\\/spelet\\\/powerball-au\\\/#breadcrumb\",\"itemListElement\":[{\"@type\":\"ListItem\",\"position\":1,\"name\":\"Home\",\"item\":\"https:\\\/\\\/redfoxlotto.com\\\/lv\\\/\"},{\"@type\":\"ListItem\",\"position\":2,\"name\":\"K\u0101 piedal\u012bties loterij\u0101s cit\u0101s valst\u012bs\",\"item\":\"https:\\\/\\\/redfoxlotto.com\\\/lv\\\/spelet\\\/\"},{\"@type\":\"ListItem\",\"position\":3,\"name\":\"Powerball no Down Under \u2013 k\u0101 sp\u0113l\u0113t\"}]},{\"@type\":\"WebSite\",\"@id\":\"https:\\\/\\\/redfoxlotto.com\\\/lv\\\/#website\",\"url\":\"https:\\\/\\\/redfoxlotto.com\\\/lv\\\/\",\"name\":\"Get Tickets for the World\u2019s largest jackpots\",\"description\":\"Participate in worldwide lottery jackpots from any country\",\"publisher\":{\"@id\":\"https:\\\/\\\/redfoxlotto.com\\\/lv\\\/#organization\"},\"potentialAction\":[{\"@type\":\"SearchAction\",\"target\":{\"@type\":\"EntryPoint\",\"urlTemplate\":\"https:\\\/\\\/redfoxlotto.com\\\/lv\\\/?s={search_term_string}\"},\"query-input\":{\"@type\":\"PropertyValueSpecification\",\"valueRequired\":true,\"valueName\":\"search_term_string\"}}],\"inLanguage\":\"lv-LV\"},{\"@type\":\"Organization\",\"@id\":\"https:\\\/\\\/redfoxlotto.com\\\/lv\\\/#organization\",\"name\":\"Get Tickets for the World\u2019s largest jackpots\",\"url\":\"https:\\\/\\\/redfoxlotto.com\\\/lv\\\/\",\"logo\":{\"@type\":\"ImageObject\",\"inLanguage\":\"lv-LV\",\"@id\":\"https:\\\/\\\/redfoxlotto.com\\\/lv\\\/#\\\/schema\\\/logo\\\/image\\\/\",\"url\":\"https:\\\/\\\/redfoxlotto.com\\\/wp-content\\\/uploads\\\/2023\\\/04\\\/logo.png\",\"contentUrl\":\"https:\\\/\\\/redfoxlotto.com\\\/wp-content\\\/uploads\\\/2023\\\/04\\\/logo.png\",\"width\":269,\"height\":53,\"caption\":\"Get Tickets for the World\u2019s largest jackpots\"},\"image\":{\"@id\":\"https:\\\/\\\/redfoxlotto.com\\\/lv\\\/#\\\/schema\\\/logo\\\/image\\\/\"}}]}<\/script>\n<!-- \/ Yoast SEO plugin. -->","yoast_head_json":{"title":"Sp\u0113l\u0113jiet Austr\u0101lijas Powerball Loteriju Tie\u0161saist\u0113","description":"Austr\u0101lijas M\u012b\u013c\u0101k\u0101 Loterija Tagad Pieejama Tie\u0161saist\u0113 Vis\u0101 Pasaul\u0113","robots":{"index":"index","follow":"follow","max-snippet":"max-snippet:-1","max-image-preview":"max-image-preview:large","max-video-preview":"max-video-preview:-1"},"canonical":"https:\/\/redfoxlotto.com\/lv\/spelet\/powerball-au\/","og_locale":"lv_LV","og_type":"article","og_title":"Sp\u0113l\u0113jiet Austr\u0101lijas Powerball Loteriju Tie\u0161saist\u0113","og_description":"Austr\u0101lijas M\u012b\u013c\u0101k\u0101 Loterija Tagad Pieejama Tie\u0161saist\u0113 Vis\u0101 Pasaul\u0113","og_url":"https:\/\/redfoxlotto.com\/lv\/spelet\/powerball-au\/","og_site_name":"Get Tickets for the World\u2019s largest jackpots","article_modified_time":"2026-01-11T08:31:57+00:00","og_image":[{"url":"https:\/\/content.redfoxlotto.com\/uploads\/sites\/9\/2_ticket_powerball_au.jpg","type":"","width":"","height":""}],"twitter_card":"summary_large_image","twitter_misc":{"Est. reading time":"1 minute"},"schema":{"@context":"https:\/\/schema.org","@graph":[{"@type":"WebPage","@id":"https:\/\/redfoxlotto.com\/lv\/spelet\/powerball-au\/","url":"https:\/\/redfoxlotto.com\/lv\/spelet\/powerball-au\/","name":"Sp\u0113l\u0113jiet Austr\u0101lijas Powerball Loteriju Tie\u0161saist\u0113","isPartOf":{"@id":"https:\/\/redfoxlotto.com\/lv\/#website"},"primaryImageOfPage":{"@id":"https:\/\/redfoxlotto.com\/lv\/spelet\/powerball-au\/#primaryimage"},"image":{"@id":"https:\/\/redfoxlotto.com\/lv\/spelet\/powerball-au\/#primaryimage"},"thumbnailUrl":"https:\/\/content.redfoxlotto.com\/uploads\/sites\/9\/2_ticket_powerball_au.jpg","datePublished":"2023-04-24T18:19:55+00:00","dateModified":"2026-01-11T08:31:57+00:00","description":"Austr\u0101lijas M\u012b\u013c\u0101k\u0101 Loterija Tagad Pieejama Tie\u0161saist\u0113 Vis\u0101 Pasaul\u0113","breadcrumb":{"@id":"https:\/\/redfoxlotto.com\/lv\/spelet\/powerball-au\/#breadcrumb"},"inLanguage":"lv-LV","potentialAction":[{"@type":"ReadAction","target":["https:\/\/redfoxlotto.com\/lv\/spelet\/powerball-au\/"]}]},{"@type":"ImageObject","inLanguage":"lv-LV","@id":"https:\/\/redfoxlotto.com\/lv\/spelet\/powerball-au\/#primaryimage","url":"https:\/\/content.redfoxlotto.com\/uploads\/sites\/9\/2_ticket_powerball_au.jpg","contentUrl":"https:\/\/content.redfoxlotto.com\/uploads\/sites\/9\/2_ticket_powerball_au.jpg"},{"@type":"BreadcrumbList","@id":"https:\/\/redfoxlotto.com\/lv\/spelet\/powerball-au\/#breadcrumb","itemListElement":[{"@type":"ListItem","position":1,"name":"Home","item":"https:\/\/redfoxlotto.com\/lv\/"},{"@type":"ListItem","position":2,"name":"K\u0101 piedal\u012bties loterij\u0101s cit\u0101s valst\u012bs","item":"https:\/\/redfoxlotto.com\/lv\/spelet\/"},{"@type":"ListItem","position":3,"name":"Powerball no Down Under \u2013 k\u0101 sp\u0113l\u0113t"}]},{"@type":"WebSite","@id":"https:\/\/redfoxlotto.com\/lv\/#website","url":"https:\/\/redfoxlotto.com\/lv\/","name":"Get Tickets for the World\u2019s largest jackpots","description":"Participate in worldwide lottery jackpots from any country","publisher":{"@id":"https:\/\/redfoxlotto.com\/lv\/#organization"},"potentialAction":[{"@type":"SearchAction","target":{"@type":"EntryPoint","urlTemplate":"https:\/\/redfoxlotto.com\/lv\/?s={search_term_string}"},"query-input":{"@type":"PropertyValueSpecification","valueRequired":true,"valueName":"search_term_string"}}],"inLanguage":"lv-LV"},{"@type":"Organization","@id":"https:\/\/redfoxlotto.com\/lv\/#organization","name":"Get Tickets for the World\u2019s largest jackpots","url":"https:\/\/redfoxlotto.com\/lv\/","logo":{"@type":"ImageObject","inLanguage":"lv-LV","@id":"https:\/\/redfoxlotto.com\/lv\/#\/schema\/logo\/image\/","url":"https:\/\/redfoxlotto.com\/wp-content\/uploads\/2023\/04\/logo.png","contentUrl":"https:\/\/redfoxlotto.com\/wp-content\/uploads\/2023\/04\/logo.png","width":269,"height":53,"caption":"Get Tickets for the World\u2019s largest jackpots"},"image":{"@id":"https:\/\/redfoxlotto.com\/lv\/#\/schema\/logo\/image\/"}}]}},"_links":{"self":[{"href":"https:\/\/redfoxlotto.com\/lv\/wp-json\/wp\/v2\/pages\/17795","targetHints":{"allow":["GET"]}}],"collection":[{"href":"https:\/\/redfoxlotto.com\/lv\/wp-json\/wp\/v2\/pages"}],"about":[{"href":"https:\/\/redfoxlotto.com\/lv\/wp-json\/wp\/v2\/types\/page"}],"author":[{"embeddable":true,"href":"https:\/\/redfoxlotto.com\/lv\/wp-json\/wp\/v2\/users\/1"}],"replies":[{"embeddable":true,"href":"https:\/\/redfoxlotto.com\/lv\/wp-json\/wp\/v2\/comments?post=17795"}],"version-history":[{"count":0,"href":"https:\/\/redfoxlotto.com\/lv\/wp-json\/wp\/v2\/pages\/17795\/revisions"}],"up":[{"embeddable":true,"href":"https:\/\/redfoxlotto.com\/lv\/wp-json\/wp\/v2\/pages\/17017"}],"wp:attachment":[{"href":"https:\/\/redfoxlotto.com\/lv\/wp-json\/wp\/v2\/media?parent=17795"}],"curies":[{"name":"wp","href":"https:\/\/api.w.org\/{rel}","templated":true}]}}