{"id":17698,"date":"2023-04-24T18:11:14","date_gmt":"2023-04-24T18:11:14","guid":{"rendered":"https:\/\/redfoxlotto.com\/?page_id=17698"},"modified":"2021-01-07T07:34:44","modified_gmt":"2021-01-07T07:34:44","slug":"mega-sena","status":"publish","type":"page","link":"https:\/\/redfoxlotto.com\/lv\/spelet\/mega-sena\/","title":{"rendered":"Piedalieties Mega Sena Braz\u012blij\u0101"},"content":{"rendered":"<h2 class=\"wp-block-heading\">Sp\u0113l\u0113jiet Mega Sena Braz\u012blija Tie\u0161saist\u0113<\/h2><p>Ja esat skat\u012bju\u0161ies inform\u0101ciju par da\u017e\u0101d\u0101m loteriju sp\u0113l\u0113m tie\u0161saist\u0113, iesp\u0113jams jau b\u016bsiet paman\u012bju\u0161i Mega Sena. \u0160\u012b sp\u0113le paties\u012bb\u0101 ir liel\u0101k\u0101 Brz\u012blij\u0101 notieko\u0161\u0101 loterija.<\/p><h2 class=\"wp-block-heading\">K\u0101 Sp\u0113l\u0113t<\/h2><p><img decoding=\"async\" class=\"size-full wp-image alignright\" src=\"https:\/\/content.redfoxlotto.com\/uploads\/sites\/9\/1_win_online.jpg\" alt=\"Mega Sena Braz\u012blija\"><\/p><p>Ja v\u0113laties sp\u0113l\u0113t Mega Sena Braz\u012blij\u0101 tie\u0161saist\u0113, jums j\u0101izv\u0113las 6 skait\u013ci, kad sp\u0113l\u0113siet Mega Sena Braz\u012blija, un nav neviena cita papildus skait\u013ca.<\/p><h2 class=\"wp-block-heading\">P\u0101rbaud\u012bet Rezult\u0101tus<\/h2><p>Tikl\u012bdz izv\u0113l\u0113sieties savus skait\u013cus, lai piedal\u012btos Mega Sena Braz\u012blija tie\u0161saist\u0113, b\u016bs laiks p\u0101rbaud\u012bt ar\u012b rezult\u0101tus. To var\u0113siet \u0113rti izdar\u012bt, jo jums vienk\u0101r\u0161i j\u0101ien\u0101k sav\u0101 profil\u0101, un izloz\u0113tie skait\u013ci j\u016bs tur jau gaid\u012bs.<\/p>","protected":false},"excerpt":{"rendered":"<p>Sp\u0113l\u0113jiet Mega Sena Braz\u012blija Tie\u0161saist\u0113 Ja esat skat\u012bju\u0161ies inform\u0101ciju par da\u017e\u0101d\u0101m loteriju sp\u0113l\u0113m tie\u0161saist\u0113, iesp\u0113jams jau b\u016bsiet paman\u012bju\u0161i Mega Sena. \u0160\u012b sp\u0113le paties\u012bb\u0101 ir liel\u0101k\u0101 Brz\u012blij\u0101 notieko\u0161\u0101 loterija. K\u0101 Sp\u0113l\u0113t Ja v\u0113laties sp\u0113l\u0113t Mega Sena Braz\u012blij\u0101 tie\u0161saist\u0113, jums j\u0101izv\u0113las 6 skait\u013ci, kad sp\u0113l\u0113siet Mega Sena Braz\u012blija, un nav neviena cita papildus skait\u013ca. P\u0101rbaud\u012bet Rezult\u0101tus Tikl\u012bdz [&hellip;]<\/p>\n","protected":false},"author":1,"featured_media":0,"parent":17017,"menu_order":13,"comment_status":"closed","ping_status":"closed","template":"megasena.php","meta":{"_et_pb_use_builder":"","_et_pb_old_content":"","_et_gb_content_width":"","exclude_from_search":false,"footnotes":""},"class_list":["post-17698","page","type-page","status-publish","hentry"],"yoast_head":"<!-- This site is optimized with the Yoast SEO plugin v23.8 - https:\/\/yoast.com\/wordpress\/plugins\/seo\/ -->\n<title>Sp\u0113l\u0113jiet Mega Sena tie\u0161saist\u0113 | Braz\u012blijas top loterija tagad tie\u0161saist\u0113<\/title>\n<meta name=\"description\" content=\"Jums nav j\u0101dz\u012bvo Braz\u012blij\u0101, lai sp\u0113l\u0113tu Mega Sena - piedalieties tie\u0161saist\u0113!\" \/>\n<meta name=\"robots\" content=\"index, follow, max-snippet:-1, max-image-preview:large, max-video-preview:-1\" \/>\n<link rel=\"canonical\" href=\"https:\/\/redfoxlotto.com\/lv\/spelet\/mega-sena\/\" \/>\n<meta property=\"og:locale\" content=\"lv_LV\" \/>\n<meta property=\"og:type\" content=\"article\" \/>\n<meta property=\"og:title\" content=\"Sp\u0113l\u0113jiet Mega Sena tie\u0161saist\u0113 | Braz\u012blijas top loterija tagad tie\u0161saist\u0113\" \/>\n<meta property=\"og:description\" content=\"Jums nav j\u0101dz\u012bvo Braz\u012blij\u0101, lai sp\u0113l\u0113tu Mega Sena - piedalieties tie\u0161saist\u0113!\" \/>\n<meta property=\"og:url\" content=\"https:\/\/redfoxlotto.com\/lv\/spelet\/mega-sena\/\" \/>\n<meta property=\"og:site_name\" content=\"Get Tickets for the World\u2019s largest jackpots\" \/>\n<meta property=\"article:modified_time\" content=\"2021-01-07T07:34:44+00:00\" \/>\n<meta property=\"og:image\" content=\"https:\/\/content.redfoxlotto.com\/uploads\/sites\/9\/1_win_online.jpg\" \/>\n<meta name=\"twitter:card\" content=\"summary_large_image\" \/>\n<meta name=\"twitter:label1\" content=\"Est. reading time\" \/>\n\t<meta name=\"twitter:data1\" content=\"1 minute\" \/>\n<script type=\"application\/ld+json\" class=\"yoast-schema-graph\">{\"@context\":\"https:\/\/schema.org\",\"@graph\":[{\"@type\":\"WebPage\",\"@id\":\"https:\/\/redfoxlotto.com\/lv\/spelet\/mega-sena\/\",\"url\":\"https:\/\/redfoxlotto.com\/lv\/spelet\/mega-sena\/\",\"name\":\"Sp\u0113l\u0113jiet Mega Sena tie\u0161saist\u0113 | Braz\u012blijas top loterija tagad tie\u0161saist\u0113\",\"isPartOf\":{\"@id\":\"https:\/\/redfoxlotto.com\/lv\/#website\"},\"primaryImageOfPage\":{\"@id\":\"https:\/\/redfoxlotto.com\/lv\/spelet\/mega-sena\/#primaryimage\"},\"image\":{\"@id\":\"https:\/\/redfoxlotto.com\/lv\/spelet\/mega-sena\/#primaryimage\"},\"thumbnailUrl\":\"https:\/\/content.redfoxlotto.com\/uploads\/sites\/9\/1_win_online.jpg\",\"datePublished\":\"2023-04-24T18:11:14+00:00\",\"dateModified\":\"2021-01-07T07:34:44+00:00\",\"description\":\"Jums nav j\u0101dz\u012bvo Braz\u012blij\u0101, lai sp\u0113l\u0113tu Mega Sena - piedalieties tie\u0161saist\u0113!\",\"breadcrumb\":{\"@id\":\"https:\/\/redfoxlotto.com\/lv\/spelet\/mega-sena\/#breadcrumb\"},\"inLanguage\":\"lv-LV\",\"potentialAction\":[{\"@type\":\"ReadAction\",\"target\":[\"https:\/\/redfoxlotto.com\/lv\/spelet\/mega-sena\/\"]}]},{\"@type\":\"ImageObject\",\"inLanguage\":\"lv-LV\",\"@id\":\"https:\/\/redfoxlotto.com\/lv\/spelet\/mega-sena\/#primaryimage\",\"url\":\"https:\/\/content.redfoxlotto.com\/uploads\/sites\/9\/1_win_online.jpg\",\"contentUrl\":\"https:\/\/content.redfoxlotto.com\/uploads\/sites\/9\/1_win_online.jpg\"},{\"@type\":\"BreadcrumbList\",\"@id\":\"https:\/\/redfoxlotto.com\/lv\/spelet\/mega-sena\/#breadcrumb\",\"itemListElement\":[{\"@type\":\"ListItem\",\"position\":1,\"name\":\"Home\",\"item\":\"https:\/\/redfoxlotto.com\/lv\/\"},{\"@type\":\"ListItem\",\"position\":2,\"name\":\"K\u0101 piedal\u012bties loterij\u0101s cit\u0101s valst\u012bs\",\"item\":\"https:\/\/redfoxlotto.com\/lv\/spelet\/\"},{\"@type\":\"ListItem\",\"position\":3,\"name\":\"Piedalieties Mega Sena Braz\u012blij\u0101\"}]},{\"@type\":\"WebSite\",\"@id\":\"https:\/\/redfoxlotto.com\/lv\/#website\",\"url\":\"https:\/\/redfoxlotto.com\/lv\/\",\"name\":\"Get Tickets for the World\u2019s largest jackpots\",\"description\":\"Participate in worldwide lottery jackpots from any country\",\"publisher\":{\"@id\":\"https:\/\/redfoxlotto.com\/lv\/#organization\"},\"potentialAction\":[{\"@type\":\"SearchAction\",\"target\":{\"@type\":\"EntryPoint\",\"urlTemplate\":\"https:\/\/redfoxlotto.com\/lv\/?s={search_term_string}\"},\"query-input\":{\"@type\":\"PropertyValueSpecification\",\"valueRequired\":true,\"valueName\":\"search_term_string\"}}],\"inLanguage\":\"lv-LV\"},{\"@type\":\"Organization\",\"@id\":\"https:\/\/redfoxlotto.com\/lv\/#organization\",\"name\":\"Get Tickets for the World\u2019s largest jackpots\",\"url\":\"https:\/\/redfoxlotto.com\/lv\/\",\"logo\":{\"@type\":\"ImageObject\",\"inLanguage\":\"lv-LV\",\"@id\":\"https:\/\/redfoxlotto.com\/lv\/#\/schema\/logo\/image\/\",\"url\":\"https:\/\/redfoxlotto.com\/wp-content\/uploads\/2023\/04\/logo.png\",\"contentUrl\":\"https:\/\/redfoxlotto.com\/wp-content\/uploads\/2023\/04\/logo.png\",\"width\":269,\"height\":53,\"caption\":\"Get Tickets for the World\u2019s largest jackpots\"},\"image\":{\"@id\":\"https:\/\/redfoxlotto.com\/lv\/#\/schema\/logo\/image\/\"}}]}<\/script>\n<!-- \/ Yoast SEO plugin. -->","yoast_head_json":{"title":"Sp\u0113l\u0113jiet Mega Sena tie\u0161saist\u0113 | Braz\u012blijas top loterija tagad tie\u0161saist\u0113","description":"Jums nav j\u0101dz\u012bvo Braz\u012blij\u0101, lai sp\u0113l\u0113tu Mega Sena - piedalieties tie\u0161saist\u0113!","robots":{"index":"index","follow":"follow","max-snippet":"max-snippet:-1","max-image-preview":"max-image-preview:large","max-video-preview":"max-video-preview:-1"},"canonical":"https:\/\/redfoxlotto.com\/lv\/spelet\/mega-sena\/","og_locale":"lv_LV","og_type":"article","og_title":"Sp\u0113l\u0113jiet Mega Sena tie\u0161saist\u0113 | Braz\u012blijas top loterija tagad tie\u0161saist\u0113","og_description":"Jums nav j\u0101dz\u012bvo Braz\u012blij\u0101, lai sp\u0113l\u0113tu Mega Sena - piedalieties tie\u0161saist\u0113!","og_url":"https:\/\/redfoxlotto.com\/lv\/spelet\/mega-sena\/","og_site_name":"Get Tickets for the World\u2019s largest jackpots","article_modified_time":"2021-01-07T07:34:44+00:00","og_image":[{"url":"https:\/\/content.redfoxlotto.com\/uploads\/sites\/9\/1_win_online.jpg"}],"twitter_card":"summary_large_image","twitter_misc":{"Est. reading time":"1 minute"},"schema":{"@context":"https:\/\/schema.org","@graph":[{"@type":"WebPage","@id":"https:\/\/redfoxlotto.com\/lv\/spelet\/mega-sena\/","url":"https:\/\/redfoxlotto.com\/lv\/spelet\/mega-sena\/","name":"Sp\u0113l\u0113jiet Mega Sena tie\u0161saist\u0113 | Braz\u012blijas top loterija tagad tie\u0161saist\u0113","isPartOf":{"@id":"https:\/\/redfoxlotto.com\/lv\/#website"},"primaryImageOfPage":{"@id":"https:\/\/redfoxlotto.com\/lv\/spelet\/mega-sena\/#primaryimage"},"image":{"@id":"https:\/\/redfoxlotto.com\/lv\/spelet\/mega-sena\/#primaryimage"},"thumbnailUrl":"https:\/\/content.redfoxlotto.com\/uploads\/sites\/9\/1_win_online.jpg","datePublished":"2023-04-24T18:11:14+00:00","dateModified":"2021-01-07T07:34:44+00:00","description":"Jums nav j\u0101dz\u012bvo Braz\u012blij\u0101, lai sp\u0113l\u0113tu Mega Sena - piedalieties tie\u0161saist\u0113!","breadcrumb":{"@id":"https:\/\/redfoxlotto.com\/lv\/spelet\/mega-sena\/#breadcrumb"},"inLanguage":"lv-LV","potentialAction":[{"@type":"ReadAction","target":["https:\/\/redfoxlotto.com\/lv\/spelet\/mega-sena\/"]}]},{"@type":"ImageObject","inLanguage":"lv-LV","@id":"https:\/\/redfoxlotto.com\/lv\/spelet\/mega-sena\/#primaryimage","url":"https:\/\/content.redfoxlotto.com\/uploads\/sites\/9\/1_win_online.jpg","contentUrl":"https:\/\/content.redfoxlotto.com\/uploads\/sites\/9\/1_win_online.jpg"},{"@type":"BreadcrumbList","@id":"https:\/\/redfoxlotto.com\/lv\/spelet\/mega-sena\/#breadcrumb","itemListElement":[{"@type":"ListItem","position":1,"name":"Home","item":"https:\/\/redfoxlotto.com\/lv\/"},{"@type":"ListItem","position":2,"name":"K\u0101 piedal\u012bties loterij\u0101s cit\u0101s valst\u012bs","item":"https:\/\/redfoxlotto.com\/lv\/spelet\/"},{"@type":"ListItem","position":3,"name":"Piedalieties Mega Sena Braz\u012blij\u0101"}]},{"@type":"WebSite","@id":"https:\/\/redfoxlotto.com\/lv\/#website","url":"https:\/\/redfoxlotto.com\/lv\/","name":"Get Tickets for the World\u2019s largest jackpots","description":"Participate in worldwide lottery jackpots from any country","publisher":{"@id":"https:\/\/redfoxlotto.com\/lv\/#organization"},"potentialAction":[{"@type":"SearchAction","target":{"@type":"EntryPoint","urlTemplate":"https:\/\/redfoxlotto.com\/lv\/?s={search_term_string}"},"query-input":{"@type":"PropertyValueSpecification","valueRequired":true,"valueName":"search_term_string"}}],"inLanguage":"lv-LV"},{"@type":"Organization","@id":"https:\/\/redfoxlotto.com\/lv\/#organization","name":"Get Tickets for the World\u2019s largest jackpots","url":"https:\/\/redfoxlotto.com\/lv\/","logo":{"@type":"ImageObject","inLanguage":"lv-LV","@id":"https:\/\/redfoxlotto.com\/lv\/#\/schema\/logo\/image\/","url":"https:\/\/redfoxlotto.com\/wp-content\/uploads\/2023\/04\/logo.png","contentUrl":"https:\/\/redfoxlotto.com\/wp-content\/uploads\/2023\/04\/logo.png","width":269,"height":53,"caption":"Get Tickets for the World\u2019s largest jackpots"},"image":{"@id":"https:\/\/redfoxlotto.com\/lv\/#\/schema\/logo\/image\/"}}]}},"_links":{"self":[{"href":"https:\/\/redfoxlotto.com\/lv\/wp-json\/wp\/v2\/pages\/17698","targetHints":{"allow":["GET"]}}],"collection":[{"href":"https:\/\/redfoxlotto.com\/lv\/wp-json\/wp\/v2\/pages"}],"about":[{"href":"https:\/\/redfoxlotto.com\/lv\/wp-json\/wp\/v2\/types\/page"}],"author":[{"embeddable":true,"href":"https:\/\/redfoxlotto.com\/lv\/wp-json\/wp\/v2\/users\/1"}],"replies":[{"embeddable":true,"href":"https:\/\/redfoxlotto.com\/lv\/wp-json\/wp\/v2\/comments?post=17698"}],"version-history":[{"count":0,"href":"https:\/\/redfoxlotto.com\/lv\/wp-json\/wp\/v2\/pages\/17698\/revisions"}],"up":[{"embeddable":true,"href":"https:\/\/redfoxlotto.com\/lv\/wp-json\/wp\/v2\/pages\/17017"}],"wp:attachment":[{"href":"https:\/\/redfoxlotto.com\/lv\/wp-json\/wp\/v2\/media?parent=17698"}],"curies":[{"name":"wp","href":"https:\/\/api.w.org\/{rel}","templated":true}]}}