{"id":17683,"date":"2023-04-24T18:09:15","date_gmt":"2023-04-24T18:09:15","guid":{"rendered":"https:\/\/redfoxlotto.com\/?page_id=17683"},"modified":"2025-12-10T13:34:34","modified_gmt":"2025-12-10T13:34:34","slug":"lotto-america","status":"publish","type":"page","link":"https:\/\/redfoxlotto.com\/lv\/spelet\/lotto-america\/","title":{"rendered":"K\u0101 sp\u0113l\u0113t Lotto America tie\u0161saist\u0113"},"content":{"rendered":"<script type=\"application\/ld+json\">\r\n{\r\n\"@context\": \"https:\/\/schema.org\",\r\n\"@type\": \"Service\",\r\n\"name\": \" Lotto America online\",\r\n\"url\": \"https:\/\/redfoxlotto.com\/lv\/spelet\/lotto-america\/\",\r\n\"description\": \"Ieg\u0101d\u0101jieties ofici\u0101l\u0101s Lotto America tie\u0161saistes bi\u013cetes, izmantojot RedFoxLotto. Izv\u0113lieties savus skait\u013cus un pievienojieties n\u0101kamajai izlozei.\",\r\n\"serviceType\": \"Online lottery ticket purchase\",\r\n\r\n\"provider\": {\r\n\"@type\": \"Organization\",\r\n\"name\": \"RedFoxLotto\",\r\n\"url\": \"https:\/\/redfoxlotto.com\",\r\n\"logo\": \"https:\/\/redfoxlotto.com\/wp-content\/uploads\/logo.png\"\r\n},\r\n\r\n\"areaServed\": \"Worldwide\",\r\n\"termsOfService\": \"https:\/\/redfoxlotto.com\/terms-and-conditions\",\r\n\r\n\"hasOfferCatalog\": {\r\n\"@type\": \"OfferCatalog\",\r\n\"name\": \"Lotto America Offers\",\r\n\"itemListElement\": [\r\n{\r\n\"@type\": \"Offer\",\r\n\"name\": \"Lotto America Lottery Ticket\",\r\n\"url\": \"https:\/\/redfoxlotto.com\/lv\/spelet\/lotto-america\/\",\r\n\"description\": \"Viena dal\u012bba n\u0101kamaj\u0101 Lotto America loterijas izloz\u0113.\",\r\n\"price\": \"2.75\",\r\n\"priceCurrency\": \"EUR\",\r\n\"availability\": \"https:\/\/schema.org\/InStock\",\r\n\r\n\"itemOffered\": {\r\n\"@type\": \"Service\",\r\n\"name\": \"Lotto America Lottery Entry\",\r\n\"description\": \"Pieteik\u0161an\u0101s n\u0101kamajai Lotto America izlozei, izmantojot RedFoxLotto.\"\r\n}\r\n}\r\n]\r\n},\r\n\r\n\"mainEntityOfPage\": {\r\n\"@type\": \"WebPage\",\r\n\"@id\": \"https:\/\/redfoxlotto.com\/lv\/spelet\/lotto-america\/\"\r\n}\r\n}\r\n<\/script><p>Lotto America ir vair\u0101ku \u0161tatu loterijas sp\u0113le, kas \u013cauj jums laim\u0113t lielisku d\u017eekpotu un sniedz jums labas izredzes ieg\u016bt laimestu. Ne tikai tas, bet ar\u012b pa\u0161as loterijas bi\u013cetes navp\u0101r\u0101k d\u0101rgas, un \u0161\u012b sp\u0113le pied\u0101v\u0101 da\u017e\u0101dus veidus, k\u0101 varat laim\u0113t ar\u012b maz\u0101kus naudas laimestus, kam\u0113r m\u0113\u0123iniet laim\u0113t lielo laimestu.<\/p><h2 class=\"wp-block-heading\">Ko jums b\u016btu j\u0101zina par \u0161o Sp\u0113li<\/h2><p><img decoding=\"async\" class=\"size-full wp-image alignright\" src=\"https:\/\/content.redfoxlotto.com\/uploads\/sites\/9\/1_play_lottery_online5.jpg\" alt=\"sp\u0113l\u0113t loto amerik\u0101\u0146u tie\u0161saist\u0113\"><\/p><p>Loterijas izloze notiek divas reizes ned\u0113\u013c\u0101, Tre\u0161dien\u0101s un Sestdien\u0101s. T\u0101 ar\u012b izloz\u0113 kop\u0101 se\u0161as da\u017e\u0101das bumbi\u0146as. Piecas no t\u0101m ir parast\u0101s balt\u0101s bumbas, kas ir j\u016bsu standarta skait\u013ci. Viena no t\u0101m ir sarkan\u0101 bumba, kas ir j\u016bsu bonusa skaitlis.<\/p><p>K\u0101p\u0113c gan neizm\u0113\u0123in\u0101t Lotto amercia? Nepalaidiet gar\u0101m \u0161o iesp\u0113ju piedal\u012bties \u0161aj\u0101 izklaid\u0113jo\u0161aj\u0101 loterij\u0101.<\/p>","protected":false},"excerpt":{"rendered":"<p>Lotto America ir vair\u0101ku \u0161tatu loterijas sp\u0113le, kas \u013cauj jums laim\u0113t lielisku d\u017eekpotu un sniedz jums labas izredzes ieg\u016bt laimestu. Ne tikai tas, bet ar\u012b pa\u0161as loterijas bi\u013cetes navp\u0101r\u0101k d\u0101rgas, un \u0161\u012b sp\u0113le pied\u0101v\u0101 da\u017e\u0101dus veidus, k\u0101 varat laim\u0113t ar\u012b maz\u0101kus naudas laimestus, kam\u0113r m\u0113\u0123iniet laim\u0113t lielo laimestu. Ko jums b\u016btu j\u0101zina par \u0161o Sp\u0113li [&hellip;]<\/p>\n","protected":false},"author":1,"featured_media":0,"parent":17017,"menu_order":12,"comment_status":"closed","ping_status":"closed","template":"lotto-america.php","meta":{"_et_pb_use_builder":"","_et_pb_old_content":"","_et_gb_content_width":"","exclude_from_search":false,"footnotes":""},"class_list":["post-17683","page","type-page","status-publish","hentry"],"yoast_head":"<!-- This site is optimized with the Yoast SEO plugin v23.8 - https:\/\/yoast.com\/wordpress\/plugins\/seo\/ -->\n<title>Sp\u0113l\u0113jiet Lotto America tie\u0161saist\u0113<\/title>\n<meta name=\"description\" content=\"Sp\u0113l\u0113t\u0101ji no jebkuras valsts var pievienoties un piedal\u012bties \u0161aj\u0101 vair\u0101ku \u0161tatu loterij\u0101 no ASV tie\u0161saist\u0113\" \/>\n<meta name=\"robots\" content=\"index, follow, max-snippet:-1, max-image-preview:large, max-video-preview:-1\" \/>\n<link rel=\"canonical\" href=\"https:\/\/redfoxlotto.com\/lv\/spelet\/lotto-america\/\" \/>\n<meta property=\"og:locale\" content=\"lv_LV\" \/>\n<meta property=\"og:type\" content=\"article\" \/>\n<meta property=\"og:title\" content=\"Sp\u0113l\u0113jiet Lotto America tie\u0161saist\u0113\" \/>\n<meta property=\"og:description\" content=\"Sp\u0113l\u0113t\u0101ji no jebkuras valsts var pievienoties un piedal\u012bties \u0161aj\u0101 vair\u0101ku \u0161tatu loterij\u0101 no ASV tie\u0161saist\u0113\" \/>\n<meta property=\"og:url\" content=\"https:\/\/redfoxlotto.com\/lv\/spelet\/lotto-america\/\" \/>\n<meta property=\"og:site_name\" content=\"Get Tickets for the World\u2019s largest jackpots\" \/>\n<meta property=\"article:modified_time\" content=\"2025-12-10T13:34:34+00:00\" \/>\n<meta property=\"og:image\" content=\"https:\/\/content.redfoxlotto.com\/uploads\/sites\/9\/1_play_lottery_online5.jpg\" \/>\n<meta name=\"twitter:card\" content=\"summary_large_image\" \/>\n<meta name=\"twitter:label1\" content=\"Est. reading time\" \/>\n\t<meta name=\"twitter:data1\" content=\"1 minute\" \/>\n<script type=\"application\/ld+json\" class=\"yoast-schema-graph\">{\"@context\":\"https:\/\/schema.org\",\"@graph\":[{\"@type\":\"WebPage\",\"@id\":\"https:\/\/redfoxlotto.com\/lv\/spelet\/lotto-america\/\",\"url\":\"https:\/\/redfoxlotto.com\/lv\/spelet\/lotto-america\/\",\"name\":\"Sp\u0113l\u0113jiet Lotto America tie\u0161saist\u0113\",\"isPartOf\":{\"@id\":\"https:\/\/redfoxlotto.com\/lv\/#website\"},\"primaryImageOfPage\":{\"@id\":\"https:\/\/redfoxlotto.com\/lv\/spelet\/lotto-america\/#primaryimage\"},\"image\":{\"@id\":\"https:\/\/redfoxlotto.com\/lv\/spelet\/lotto-america\/#primaryimage\"},\"thumbnailUrl\":\"https:\/\/content.redfoxlotto.com\/uploads\/sites\/9\/1_play_lottery_online5.jpg\",\"datePublished\":\"2023-04-24T18:09:15+00:00\",\"dateModified\":\"2025-12-10T13:34:34+00:00\",\"description\":\"Sp\u0113l\u0113t\u0101ji no jebkuras valsts var pievienoties un piedal\u012bties \u0161aj\u0101 vair\u0101ku \u0161tatu loterij\u0101 no ASV tie\u0161saist\u0113\",\"breadcrumb\":{\"@id\":\"https:\/\/redfoxlotto.com\/lv\/spelet\/lotto-america\/#breadcrumb\"},\"inLanguage\":\"lv-LV\",\"potentialAction\":[{\"@type\":\"ReadAction\",\"target\":[\"https:\/\/redfoxlotto.com\/lv\/spelet\/lotto-america\/\"]}]},{\"@type\":\"ImageObject\",\"inLanguage\":\"lv-LV\",\"@id\":\"https:\/\/redfoxlotto.com\/lv\/spelet\/lotto-america\/#primaryimage\",\"url\":\"https:\/\/content.redfoxlotto.com\/uploads\/sites\/9\/1_play_lottery_online5.jpg\",\"contentUrl\":\"https:\/\/content.redfoxlotto.com\/uploads\/sites\/9\/1_play_lottery_online5.jpg\"},{\"@type\":\"BreadcrumbList\",\"@id\":\"https:\/\/redfoxlotto.com\/lv\/spelet\/lotto-america\/#breadcrumb\",\"itemListElement\":[{\"@type\":\"ListItem\",\"position\":1,\"name\":\"Home\",\"item\":\"https:\/\/redfoxlotto.com\/lv\/\"},{\"@type\":\"ListItem\",\"position\":2,\"name\":\"K\u0101 piedal\u012bties loterij\u0101s cit\u0101s valst\u012bs\",\"item\":\"https:\/\/redfoxlotto.com\/lv\/spelet\/\"},{\"@type\":\"ListItem\",\"position\":3,\"name\":\"K\u0101 sp\u0113l\u0113t Lotto America tie\u0161saist\u0113\"}]},{\"@type\":\"WebSite\",\"@id\":\"https:\/\/redfoxlotto.com\/lv\/#website\",\"url\":\"https:\/\/redfoxlotto.com\/lv\/\",\"name\":\"Get Tickets for the World\u2019s largest jackpots\",\"description\":\"Participate in worldwide lottery jackpots from any country\",\"publisher\":{\"@id\":\"https:\/\/redfoxlotto.com\/lv\/#organization\"},\"potentialAction\":[{\"@type\":\"SearchAction\",\"target\":{\"@type\":\"EntryPoint\",\"urlTemplate\":\"https:\/\/redfoxlotto.com\/lv\/?s={search_term_string}\"},\"query-input\":{\"@type\":\"PropertyValueSpecification\",\"valueRequired\":true,\"valueName\":\"search_term_string\"}}],\"inLanguage\":\"lv-LV\"},{\"@type\":\"Organization\",\"@id\":\"https:\/\/redfoxlotto.com\/lv\/#organization\",\"name\":\"Get Tickets for the World\u2019s largest jackpots\",\"url\":\"https:\/\/redfoxlotto.com\/lv\/\",\"logo\":{\"@type\":\"ImageObject\",\"inLanguage\":\"lv-LV\",\"@id\":\"https:\/\/redfoxlotto.com\/lv\/#\/schema\/logo\/image\/\",\"url\":\"https:\/\/redfoxlotto.com\/wp-content\/uploads\/2023\/04\/logo.png\",\"contentUrl\":\"https:\/\/redfoxlotto.com\/wp-content\/uploads\/2023\/04\/logo.png\",\"width\":269,\"height\":53,\"caption\":\"Get Tickets for the World\u2019s largest jackpots\"},\"image\":{\"@id\":\"https:\/\/redfoxlotto.com\/lv\/#\/schema\/logo\/image\/\"}}]}<\/script>\n<!-- \/ Yoast SEO plugin. -->","yoast_head_json":{"title":"Sp\u0113l\u0113jiet Lotto America tie\u0161saist\u0113","description":"Sp\u0113l\u0113t\u0101ji no jebkuras valsts var pievienoties un piedal\u012bties \u0161aj\u0101 vair\u0101ku \u0161tatu loterij\u0101 no ASV tie\u0161saist\u0113","robots":{"index":"index","follow":"follow","max-snippet":"max-snippet:-1","max-image-preview":"max-image-preview:large","max-video-preview":"max-video-preview:-1"},"canonical":"https:\/\/redfoxlotto.com\/lv\/spelet\/lotto-america\/","og_locale":"lv_LV","og_type":"article","og_title":"Sp\u0113l\u0113jiet Lotto America tie\u0161saist\u0113","og_description":"Sp\u0113l\u0113t\u0101ji no jebkuras valsts var pievienoties un piedal\u012bties \u0161aj\u0101 vair\u0101ku \u0161tatu loterij\u0101 no ASV tie\u0161saist\u0113","og_url":"https:\/\/redfoxlotto.com\/lv\/spelet\/lotto-america\/","og_site_name":"Get Tickets for the World\u2019s largest jackpots","article_modified_time":"2025-12-10T13:34:34+00:00","og_image":[{"url":"https:\/\/content.redfoxlotto.com\/uploads\/sites\/9\/1_play_lottery_online5.jpg"}],"twitter_card":"summary_large_image","twitter_misc":{"Est. reading time":"1 minute"},"schema":{"@context":"https:\/\/schema.org","@graph":[{"@type":"WebPage","@id":"https:\/\/redfoxlotto.com\/lv\/spelet\/lotto-america\/","url":"https:\/\/redfoxlotto.com\/lv\/spelet\/lotto-america\/","name":"Sp\u0113l\u0113jiet Lotto America tie\u0161saist\u0113","isPartOf":{"@id":"https:\/\/redfoxlotto.com\/lv\/#website"},"primaryImageOfPage":{"@id":"https:\/\/redfoxlotto.com\/lv\/spelet\/lotto-america\/#primaryimage"},"image":{"@id":"https:\/\/redfoxlotto.com\/lv\/spelet\/lotto-america\/#primaryimage"},"thumbnailUrl":"https:\/\/content.redfoxlotto.com\/uploads\/sites\/9\/1_play_lottery_online5.jpg","datePublished":"2023-04-24T18:09:15+00:00","dateModified":"2025-12-10T13:34:34+00:00","description":"Sp\u0113l\u0113t\u0101ji no jebkuras valsts var pievienoties un piedal\u012bties \u0161aj\u0101 vair\u0101ku \u0161tatu loterij\u0101 no ASV tie\u0161saist\u0113","breadcrumb":{"@id":"https:\/\/redfoxlotto.com\/lv\/spelet\/lotto-america\/#breadcrumb"},"inLanguage":"lv-LV","potentialAction":[{"@type":"ReadAction","target":["https:\/\/redfoxlotto.com\/lv\/spelet\/lotto-america\/"]}]},{"@type":"ImageObject","inLanguage":"lv-LV","@id":"https:\/\/redfoxlotto.com\/lv\/spelet\/lotto-america\/#primaryimage","url":"https:\/\/content.redfoxlotto.com\/uploads\/sites\/9\/1_play_lottery_online5.jpg","contentUrl":"https:\/\/content.redfoxlotto.com\/uploads\/sites\/9\/1_play_lottery_online5.jpg"},{"@type":"BreadcrumbList","@id":"https:\/\/redfoxlotto.com\/lv\/spelet\/lotto-america\/#breadcrumb","itemListElement":[{"@type":"ListItem","position":1,"name":"Home","item":"https:\/\/redfoxlotto.com\/lv\/"},{"@type":"ListItem","position":2,"name":"K\u0101 piedal\u012bties loterij\u0101s cit\u0101s valst\u012bs","item":"https:\/\/redfoxlotto.com\/lv\/spelet\/"},{"@type":"ListItem","position":3,"name":"K\u0101 sp\u0113l\u0113t Lotto America tie\u0161saist\u0113"}]},{"@type":"WebSite","@id":"https:\/\/redfoxlotto.com\/lv\/#website","url":"https:\/\/redfoxlotto.com\/lv\/","name":"Get Tickets for the World\u2019s largest jackpots","description":"Participate in worldwide lottery jackpots from any country","publisher":{"@id":"https:\/\/redfoxlotto.com\/lv\/#organization"},"potentialAction":[{"@type":"SearchAction","target":{"@type":"EntryPoint","urlTemplate":"https:\/\/redfoxlotto.com\/lv\/?s={search_term_string}"},"query-input":{"@type":"PropertyValueSpecification","valueRequired":true,"valueName":"search_term_string"}}],"inLanguage":"lv-LV"},{"@type":"Organization","@id":"https:\/\/redfoxlotto.com\/lv\/#organization","name":"Get Tickets for the World\u2019s largest jackpots","url":"https:\/\/redfoxlotto.com\/lv\/","logo":{"@type":"ImageObject","inLanguage":"lv-LV","@id":"https:\/\/redfoxlotto.com\/lv\/#\/schema\/logo\/image\/","url":"https:\/\/redfoxlotto.com\/wp-content\/uploads\/2023\/04\/logo.png","contentUrl":"https:\/\/redfoxlotto.com\/wp-content\/uploads\/2023\/04\/logo.png","width":269,"height":53,"caption":"Get Tickets for the World\u2019s largest jackpots"},"image":{"@id":"https:\/\/redfoxlotto.com\/lv\/#\/schema\/logo\/image\/"}}]}},"_links":{"self":[{"href":"https:\/\/redfoxlotto.com\/lv\/wp-json\/wp\/v2\/pages\/17683","targetHints":{"allow":["GET"]}}],"collection":[{"href":"https:\/\/redfoxlotto.com\/lv\/wp-json\/wp\/v2\/pages"}],"about":[{"href":"https:\/\/redfoxlotto.com\/lv\/wp-json\/wp\/v2\/types\/page"}],"author":[{"embeddable":true,"href":"https:\/\/redfoxlotto.com\/lv\/wp-json\/wp\/v2\/users\/1"}],"replies":[{"embeddable":true,"href":"https:\/\/redfoxlotto.com\/lv\/wp-json\/wp\/v2\/comments?post=17683"}],"version-history":[{"count":0,"href":"https:\/\/redfoxlotto.com\/lv\/wp-json\/wp\/v2\/pages\/17683\/revisions"}],"up":[{"embeddable":true,"href":"https:\/\/redfoxlotto.com\/lv\/wp-json\/wp\/v2\/pages\/17017"}],"wp:attachment":[{"href":"https:\/\/redfoxlotto.com\/lv\/wp-json\/wp\/v2\/media?parent=17683"}],"curies":[{"name":"wp","href":"https:\/\/api.w.org\/{rel}","templated":true}]}}