{"id":17617,"date":"2023-05-13T06:20:30","date_gmt":"2023-05-13T06:20:30","guid":{"rendered":"https:\/\/redfoxlotto.com\/?page_id=17617"},"modified":"2023-05-12T16:49:33","modified_gmt":"2023-05-12T16:49:33","slug":"el-gordo-primitiva","status":"publish","type":"page","link":"https:\/\/redfoxlotto.com\/lv\/spelet\/el-gordo-primitiva\/","title":{"rendered":"Sp\u0113l\u0113jiet El Gordo"},"content":{"rendered":"<p>El Gordo ir v\u0113l viena popul\u0101ra Sp\u0101nijas loterija, ko j\u016bs varat sp\u0113l\u0113t tie\u0161saist\u0113, no Latvijas vai jebkuras citas valsts. \u0160o loteriju visi paz\u012bst p\u0101rsvar\u0101 ar t\u0101s Ziemassv\u0113tku versiju, bet ar\u012b ikned\u0113\u013cas izlozes ir diez gan vilino\u0161as.<\/p><p><img loading=\"lazy\" decoding=\"async\" class=\" wp-image alignright\" src=\"https:\/\/content.redfoxlotto.com\/uploads\/sites\/9\/2_ticket_el_gordo3.jpg\" alt=\"Sp\u0101nija El Gordo sp\u0113l\u0113 tie\u0161saist\u0113\" width=\"225\" height=\"310\" \/><\/p><h2 class=\"wp-block-heading\">El Gordo Ziemassv\u0113tku versija<\/h2><p>\u0160aj\u0101 loterij\u0101 tiek p\u0101rdotas tikai 100 000 bi\u013cetes. Vienas bi\u013cetes cena ir 200\u20ac. Bet ir iesp\u0113ja ieg\u0101d\u0101ties ar\u012b da\u013cu no bi\u013cetes, t\u0101 d\u0113v\u0113tos &#8220;Decimos&#8221;.<\/p><p>Tikl\u012bdz visas bi\u013cetes ir pieejamas, j\u016bs var\u0113siet sp\u0113l\u0113t El Gordo \u0161eit m\u016bsu m\u0101jaslap\u0101. \u0160is m\u016bsu tie\u0161saistes pakalpojums ir pieejams ar\u012b loto sp\u0113l\u0113t\u0101jiem no Latvijas.<\/p>","protected":false},"excerpt":{"rendered":"<p>El Gordo ir v\u0113l viena popul\u0101ra Sp\u0101nijas loterija, ko j\u016bs varat sp\u0113l\u0113t tie\u0161saist\u0113, no Latvijas vai jebkuras citas valsts. \u0160o loteriju visi paz\u012bst p\u0101rsvar\u0101 ar t\u0101s Ziemassv\u0113tku versiju, bet ar\u012b ikned\u0113\u013cas izlozes ir diez gan vilino\u0161as. El Gordo Ziemassv\u0113tku versija \u0160aj\u0101 loterij\u0101 tiek p\u0101rdotas tikai 100 000 bi\u013cetes. Vienas bi\u013cetes cena ir 200\u20ac. Bet ir [&hellip;]<\/p>\n","protected":false},"author":1,"featured_media":0,"parent":17017,"menu_order":6,"comment_status":"closed","ping_status":"closed","template":"el-gordo.php","meta":{"_et_pb_use_builder":"","_et_pb_old_content":"","_et_gb_content_width":"","exclude_from_search":false,"footnotes":""},"class_list":["post-17617","page","type-page","status-publish","hentry"],"yoast_head":"<!-- This site is optimized with the Yoast SEO plugin v23.8 - https:\/\/yoast.com\/wordpress\/plugins\/seo\/ -->\n<title>Sp\u0113l\u0113jiet El Gordo no Latvijas<\/title>\n<meta name=\"description\" content=\"El Gordo ir Sp\u0101nijas popul\u0101r\u0101k\u0101 loterija, un sp\u0113l\u0113t\u0101ji no Latvijas var ieg\u0101d\u0101ties t\u0101s bi\u013cetes m\u016bsu m\u0101jaslap\u0101\" \/>\n<meta name=\"robots\" content=\"index, follow, max-snippet:-1, max-image-preview:large, max-video-preview:-1\" \/>\n<link rel=\"canonical\" href=\"https:\/\/redfoxlotto.com\/lv\/spelet\/el-gordo-primitiva\/\" \/>\n<meta property=\"og:locale\" content=\"lv_LV\" \/>\n<meta property=\"og:type\" content=\"article\" \/>\n<meta property=\"og:title\" content=\"Sp\u0113l\u0113jiet El Gordo no Latvijas\" \/>\n<meta property=\"og:description\" content=\"El Gordo ir Sp\u0101nijas popul\u0101r\u0101k\u0101 loterija, un sp\u0113l\u0113t\u0101ji no Latvijas var ieg\u0101d\u0101ties t\u0101s bi\u013cetes m\u016bsu m\u0101jaslap\u0101\" \/>\n<meta property=\"og:url\" content=\"https:\/\/redfoxlotto.com\/lv\/spelet\/el-gordo-primitiva\/\" \/>\n<meta property=\"og:site_name\" content=\"Get Tickets for the World\u2019s largest jackpots\" \/>\n<meta property=\"article:modified_time\" content=\"2023-05-12T16:49:33+00:00\" \/>\n<meta property=\"og:image\" content=\"https:\/\/content.redfoxlotto.com\/uploads\/sites\/9\/2_ticket_el_gordo3.jpg\" \/>\n<meta name=\"twitter:card\" content=\"summary_large_image\" \/>\n<meta name=\"twitter:label1\" content=\"Est. reading time\" \/>\n\t<meta name=\"twitter:data1\" content=\"1 minute\" \/>\n<script type=\"application\/ld+json\" class=\"yoast-schema-graph\">{\"@context\":\"https:\/\/schema.org\",\"@graph\":[{\"@type\":\"WebPage\",\"@id\":\"https:\/\/redfoxlotto.com\/lv\/spelet\/el-gordo-primitiva\/\",\"url\":\"https:\/\/redfoxlotto.com\/lv\/spelet\/el-gordo-primitiva\/\",\"name\":\"Sp\u0113l\u0113jiet El Gordo no Latvijas\",\"isPartOf\":{\"@id\":\"https:\/\/redfoxlotto.com\/lv\/#website\"},\"primaryImageOfPage\":{\"@id\":\"https:\/\/redfoxlotto.com\/lv\/spelet\/el-gordo-primitiva\/#primaryimage\"},\"image\":{\"@id\":\"https:\/\/redfoxlotto.com\/lv\/spelet\/el-gordo-primitiva\/#primaryimage\"},\"thumbnailUrl\":\"https:\/\/content.redfoxlotto.com\/uploads\/sites\/9\/2_ticket_el_gordo3.jpg\",\"datePublished\":\"2023-05-13T06:20:30+00:00\",\"dateModified\":\"2023-05-12T16:49:33+00:00\",\"description\":\"El Gordo ir Sp\u0101nijas popul\u0101r\u0101k\u0101 loterija, un sp\u0113l\u0113t\u0101ji no Latvijas var ieg\u0101d\u0101ties t\u0101s bi\u013cetes m\u016bsu m\u0101jaslap\u0101\",\"breadcrumb\":{\"@id\":\"https:\/\/redfoxlotto.com\/lv\/spelet\/el-gordo-primitiva\/#breadcrumb\"},\"inLanguage\":\"lv-LV\",\"potentialAction\":[{\"@type\":\"ReadAction\",\"target\":[\"https:\/\/redfoxlotto.com\/lv\/spelet\/el-gordo-primitiva\/\"]}]},{\"@type\":\"ImageObject\",\"inLanguage\":\"lv-LV\",\"@id\":\"https:\/\/redfoxlotto.com\/lv\/spelet\/el-gordo-primitiva\/#primaryimage\",\"url\":\"https:\/\/content.redfoxlotto.com\/uploads\/sites\/9\/2_ticket_el_gordo3.jpg\",\"contentUrl\":\"https:\/\/content.redfoxlotto.com\/uploads\/sites\/9\/2_ticket_el_gordo3.jpg\"},{\"@type\":\"BreadcrumbList\",\"@id\":\"https:\/\/redfoxlotto.com\/lv\/spelet\/el-gordo-primitiva\/#breadcrumb\",\"itemListElement\":[{\"@type\":\"ListItem\",\"position\":1,\"name\":\"Home\",\"item\":\"https:\/\/redfoxlotto.com\/lv\/\"},{\"@type\":\"ListItem\",\"position\":2,\"name\":\"K\u0101 piedal\u012bties loterij\u0101s cit\u0101s valst\u012bs\",\"item\":\"https:\/\/redfoxlotto.com\/lv\/spelet\/\"},{\"@type\":\"ListItem\",\"position\":3,\"name\":\"Sp\u0113l\u0113jiet El Gordo\"}]},{\"@type\":\"WebSite\",\"@id\":\"https:\/\/redfoxlotto.com\/lv\/#website\",\"url\":\"https:\/\/redfoxlotto.com\/lv\/\",\"name\":\"Get Tickets for the World\u2019s largest jackpots\",\"description\":\"Participate in worldwide lottery jackpots from any country\",\"publisher\":{\"@id\":\"https:\/\/redfoxlotto.com\/lv\/#organization\"},\"potentialAction\":[{\"@type\":\"SearchAction\",\"target\":{\"@type\":\"EntryPoint\",\"urlTemplate\":\"https:\/\/redfoxlotto.com\/lv\/?s={search_term_string}\"},\"query-input\":{\"@type\":\"PropertyValueSpecification\",\"valueRequired\":true,\"valueName\":\"search_term_string\"}}],\"inLanguage\":\"lv-LV\"},{\"@type\":\"Organization\",\"@id\":\"https:\/\/redfoxlotto.com\/lv\/#organization\",\"name\":\"Get Tickets for the World\u2019s largest jackpots\",\"url\":\"https:\/\/redfoxlotto.com\/lv\/\",\"logo\":{\"@type\":\"ImageObject\",\"inLanguage\":\"lv-LV\",\"@id\":\"https:\/\/redfoxlotto.com\/lv\/#\/schema\/logo\/image\/\",\"url\":\"https:\/\/redfoxlotto.com\/wp-content\/uploads\/2023\/04\/logo.png\",\"contentUrl\":\"https:\/\/redfoxlotto.com\/wp-content\/uploads\/2023\/04\/logo.png\",\"width\":269,\"height\":53,\"caption\":\"Get Tickets for the World\u2019s largest jackpots\"},\"image\":{\"@id\":\"https:\/\/redfoxlotto.com\/lv\/#\/schema\/logo\/image\/\"}}]}<\/script>\n<!-- \/ Yoast SEO plugin. -->","yoast_head_json":{"title":"Sp\u0113l\u0113jiet El Gordo no Latvijas","description":"El Gordo ir Sp\u0101nijas popul\u0101r\u0101k\u0101 loterija, un sp\u0113l\u0113t\u0101ji no Latvijas var ieg\u0101d\u0101ties t\u0101s bi\u013cetes m\u016bsu m\u0101jaslap\u0101","robots":{"index":"index","follow":"follow","max-snippet":"max-snippet:-1","max-image-preview":"max-image-preview:large","max-video-preview":"max-video-preview:-1"},"canonical":"https:\/\/redfoxlotto.com\/lv\/spelet\/el-gordo-primitiva\/","og_locale":"lv_LV","og_type":"article","og_title":"Sp\u0113l\u0113jiet El Gordo no Latvijas","og_description":"El Gordo ir Sp\u0101nijas popul\u0101r\u0101k\u0101 loterija, un sp\u0113l\u0113t\u0101ji no Latvijas var ieg\u0101d\u0101ties t\u0101s bi\u013cetes m\u016bsu m\u0101jaslap\u0101","og_url":"https:\/\/redfoxlotto.com\/lv\/spelet\/el-gordo-primitiva\/","og_site_name":"Get Tickets for the World\u2019s largest jackpots","article_modified_time":"2023-05-12T16:49:33+00:00","og_image":[{"url":"https:\/\/content.redfoxlotto.com\/uploads\/sites\/9\/2_ticket_el_gordo3.jpg"}],"twitter_card":"summary_large_image","twitter_misc":{"Est. reading time":"1 minute"},"schema":{"@context":"https:\/\/schema.org","@graph":[{"@type":"WebPage","@id":"https:\/\/redfoxlotto.com\/lv\/spelet\/el-gordo-primitiva\/","url":"https:\/\/redfoxlotto.com\/lv\/spelet\/el-gordo-primitiva\/","name":"Sp\u0113l\u0113jiet El Gordo no Latvijas","isPartOf":{"@id":"https:\/\/redfoxlotto.com\/lv\/#website"},"primaryImageOfPage":{"@id":"https:\/\/redfoxlotto.com\/lv\/spelet\/el-gordo-primitiva\/#primaryimage"},"image":{"@id":"https:\/\/redfoxlotto.com\/lv\/spelet\/el-gordo-primitiva\/#primaryimage"},"thumbnailUrl":"https:\/\/content.redfoxlotto.com\/uploads\/sites\/9\/2_ticket_el_gordo3.jpg","datePublished":"2023-05-13T06:20:30+00:00","dateModified":"2023-05-12T16:49:33+00:00","description":"El Gordo ir Sp\u0101nijas popul\u0101r\u0101k\u0101 loterija, un sp\u0113l\u0113t\u0101ji no Latvijas var ieg\u0101d\u0101ties t\u0101s bi\u013cetes m\u016bsu m\u0101jaslap\u0101","breadcrumb":{"@id":"https:\/\/redfoxlotto.com\/lv\/spelet\/el-gordo-primitiva\/#breadcrumb"},"inLanguage":"lv-LV","potentialAction":[{"@type":"ReadAction","target":["https:\/\/redfoxlotto.com\/lv\/spelet\/el-gordo-primitiva\/"]}]},{"@type":"ImageObject","inLanguage":"lv-LV","@id":"https:\/\/redfoxlotto.com\/lv\/spelet\/el-gordo-primitiva\/#primaryimage","url":"https:\/\/content.redfoxlotto.com\/uploads\/sites\/9\/2_ticket_el_gordo3.jpg","contentUrl":"https:\/\/content.redfoxlotto.com\/uploads\/sites\/9\/2_ticket_el_gordo3.jpg"},{"@type":"BreadcrumbList","@id":"https:\/\/redfoxlotto.com\/lv\/spelet\/el-gordo-primitiva\/#breadcrumb","itemListElement":[{"@type":"ListItem","position":1,"name":"Home","item":"https:\/\/redfoxlotto.com\/lv\/"},{"@type":"ListItem","position":2,"name":"K\u0101 piedal\u012bties loterij\u0101s cit\u0101s valst\u012bs","item":"https:\/\/redfoxlotto.com\/lv\/spelet\/"},{"@type":"ListItem","position":3,"name":"Sp\u0113l\u0113jiet El Gordo"}]},{"@type":"WebSite","@id":"https:\/\/redfoxlotto.com\/lv\/#website","url":"https:\/\/redfoxlotto.com\/lv\/","name":"Get Tickets for the World\u2019s largest jackpots","description":"Participate in worldwide lottery jackpots from any country","publisher":{"@id":"https:\/\/redfoxlotto.com\/lv\/#organization"},"potentialAction":[{"@type":"SearchAction","target":{"@type":"EntryPoint","urlTemplate":"https:\/\/redfoxlotto.com\/lv\/?s={search_term_string}"},"query-input":{"@type":"PropertyValueSpecification","valueRequired":true,"valueName":"search_term_string"}}],"inLanguage":"lv-LV"},{"@type":"Organization","@id":"https:\/\/redfoxlotto.com\/lv\/#organization","name":"Get Tickets for the World\u2019s largest jackpots","url":"https:\/\/redfoxlotto.com\/lv\/","logo":{"@type":"ImageObject","inLanguage":"lv-LV","@id":"https:\/\/redfoxlotto.com\/lv\/#\/schema\/logo\/image\/","url":"https:\/\/redfoxlotto.com\/wp-content\/uploads\/2023\/04\/logo.png","contentUrl":"https:\/\/redfoxlotto.com\/wp-content\/uploads\/2023\/04\/logo.png","width":269,"height":53,"caption":"Get Tickets for the World\u2019s largest jackpots"},"image":{"@id":"https:\/\/redfoxlotto.com\/lv\/#\/schema\/logo\/image\/"}}]}},"_links":{"self":[{"href":"https:\/\/redfoxlotto.com\/lv\/wp-json\/wp\/v2\/pages\/17617","targetHints":{"allow":["GET"]}}],"collection":[{"href":"https:\/\/redfoxlotto.com\/lv\/wp-json\/wp\/v2\/pages"}],"about":[{"href":"https:\/\/redfoxlotto.com\/lv\/wp-json\/wp\/v2\/types\/page"}],"author":[{"embeddable":true,"href":"https:\/\/redfoxlotto.com\/lv\/wp-json\/wp\/v2\/users\/1"}],"replies":[{"embeddable":true,"href":"https:\/\/redfoxlotto.com\/lv\/wp-json\/wp\/v2\/comments?post=17617"}],"version-history":[{"count":0,"href":"https:\/\/redfoxlotto.com\/lv\/wp-json\/wp\/v2\/pages\/17617\/revisions"}],"up":[{"embeddable":true,"href":"https:\/\/redfoxlotto.com\/lv\/wp-json\/wp\/v2\/pages\/17017"}],"wp:attachment":[{"href":"https:\/\/redfoxlotto.com\/lv\/wp-json\/wp\/v2\/media?parent=17617"}],"curies":[{"name":"wp","href":"https:\/\/api.w.org\/{rel}","templated":true}]}}