{"id":17023,"date":"2023-04-24T17:47:11","date_gmt":"2023-04-24T17:47:11","guid":{"rendered":"https:\/\/redfoxlotto.com\/?page_id=2338"},"modified":"2025-12-11T06:28:49","modified_gmt":"2025-12-11T06:28:49","slug":"superenalotto","status":"publish","type":"page","link":"https:\/\/redfoxlotto.com\/lv\/spelet\/superenalotto\/","title":{"rendered":"It\u0101lijas SuperEnalotto"},"content":{"rendered":"<script type=\"application\/ld+json\">\r\n{\r\n  \"@context\": \"https:\/\/schema.org\",\r\n  \"@type\": \"Service\",\r\n  \"name\": \"SuperEnalotto online\",\r\n  \"url\": \"https:\/\/redfoxlotto.com\/lv\/spelet\/superenalotto\/\",\r\n  \"description\": \"P\u0113rciet ofici\u0101las SuperEnalotto bi\u013cetes tie\u0161saist\u0113, izmantojot RedFoxLotto. Izv\u0113lieties savus skait\u013cus un piedalieties n\u0101kamaj\u0101 izloz\u0113.\",\r\n  \"serviceType\": \"Online lottery ticket purchase\",\r\n\r\n  \"provider\": {\r\n    \"@type\": \"Organization\",\r\n    \"name\": \"RedFoxLotto\",\r\n    \"url\": \"https:\/\/redfoxlotto.com\",\r\n    \"logo\": \"https:\/\/redfoxlotto.com\/wp-content\/uploads\/logo.png\"\r\n  },\r\n\r\n  \"areaServed\": \"Worldwide\",\r\n  \"termsOfService\": \"https:\/\/redfoxlotto.com\/terms-and-conditions\",\r\n\r\n  \"hasOfferCatalog\": {\r\n    \"@type\": \"OfferCatalog\",\r\n    \"name\": \"SuperEnalotto Offers\",\r\n    \"itemListElement\": [\r\n      {\r\n        \"@type\": \"Offer\",\r\n        \"name\": \"Lotto SuperEnalotto Ticket\",\r\n        \"url\": \"https:\/\/redfoxlotto.com\/lv\/spelet\/superenalotto\/\",\r\n        \"description\": \"Viena dal\u012bba n\u0101kamaj\u0101 SuperEnalotto izloz\u0113.\",\r\n        \"price\": \"3.40\",\r\n        \"priceCurrency\": \"EUR\",\r\n        \"availability\": \"https:\/\/schema.org\/InStock\",\r\n\r\n        \"itemOffered\": {\r\n          \"@type\": \"Service\",\r\n          \"name\": \"SuperEnalotto Lottery Entry\",\r\n          \"description\": \"Dal\u012bba n\u0101kamaj\u0101 SuperEnalotto izloz\u0113 ar RedFoxLotto starpniec\u012bbu.\"\r\n        }\r\n      }\r\n    ]\r\n  },\r\n\r\n  \"mainEntityOfPage\": {\r\n    \"@type\": \"WebPage\",\r\n    \"@id\": \"https:\/\/redfoxlotto.com\/lv\/spelet\/superenalotto\/\"\r\n  }\r\n}\r\n<\/script><h2 class=\"wp-block-heading\">K\u0101 sp\u0113l\u0113t SuperEnalotto<\/h2><p><img loading=\"lazy\" decoding=\"async\" class=\" wp-image alignright\" src=\"https:\/\/content.redfoxlotto.com\/uploads\/sites\/9\/1_play_superenalotto.jpg\" alt=\"Superenalotto sp\u0113l\u0113 tie\u0161saist\u0113\" width=\"209\" height=\"180\" \/><\/p><p>Pamatnoteikumi \u0161aj\u0101 It\u0101lijas loterij\u0101 ir diez gan vienk\u0101r\u0161i. Jums j\u0101izv\u0113las 6 skait\u013ci no 1 l\u012bdz 90, j\u0101ieg\u0101d\u0101jas bi\u013cete un tad viss, kas j\u0101dara, ir j\u0101gaida izloze un j\u0101p\u0101rbauda izloz\u0113tie skait\u013ci. Fakts, ka jums j\u0101izv\u0113las no 90 skait\u013ciem noz\u012bm\u0113 to, ka iesp\u0113ja tos visus atmin\u0113t ir diez gan zema. Prec\u012bz\u0101k, iesp\u0113jam\u012bba ir 1 no 622 miljoniem.<\/p><p>Tas ir ar\u012b iemesls, k\u0101p\u0113c d\u017eekpots parasti netiek ieg\u016bts vair\u0101kas ned\u0113\u013cas un pat m\u0113ne\u0161us. Atcerieties, ka sp\u0113l\u0113jot Superenalotto RedFoxLotto m&#8217;jaslap\u0101, jums nav j\u0101b\u016bt It\u0101lij\u0101 vai j\u0101b\u016bt It\u0101lijas pilsonim. J\u016bsu tie\u0161saistes bi\u013cetes piedal\u012bsies izloz\u0113 neatkr\u012bgi no valsts, kur\u0101 dz\u012bvojat vai j\u016bsu taut\u012bbas.<\/p><p><img decoding=\"async\" class=\"size-full wp-image alignright\" src=\"https:\/\/content.redfoxlotto.com\/uploads\/sites\/9\/2_ticket_superenalotto.jpg\" alt=\"win Superenalotto\" \/><\/p><h2 class=\"wp-block-heading\">Uzlabojiet iesp\u0113jas laim\u0113t<\/h2><p>Statistiski, vair\u0101k nek\u0101 70% loterijas balvas tiek laim\u0113tas no liel\u0101kiem skait\u013ciem. Visi izmanto dzim\u0161anas dienu datumus, t\u0101p\u0113c, kad loterij\u0101 tiek izloz\u0113ti maz\u0101ki skait\u013ci, laimestu ieg\u016bst vair\u0101ki sp\u0113l\u0113t\u0101ji un izmaksa tiek sadal\u012bta starp visiem un ir zem\u0101ka.<\/p>","protected":false},"excerpt":{"rendered":"<p>K\u0101 sp\u0113l\u0113t SuperEnalotto Pamatnoteikumi \u0161aj\u0101 It\u0101lijas loterij\u0101 ir diez gan vienk\u0101r\u0161i. Jums j\u0101izv\u0113las 6 skait\u013ci no 1 l\u012bdz 90, j\u0101ieg\u0101d\u0101jas bi\u013cete un tad viss, kas j\u0101dara, ir j\u0101gaida izloze un j\u0101p\u0101rbauda izloz\u0113tie skait\u013ci. Fakts, ka jums j\u0101izv\u0113las no 90 skait\u013ciem noz\u012bm\u0113 to, ka iesp\u0113ja tos visus atmin\u0113t ir diez gan zema. Prec\u012bz\u0101k, iesp\u0113jam\u012bba ir 1 [&hellip;]<\/p>\n","protected":false},"author":1,"featured_media":0,"parent":17017,"menu_order":5,"comment_status":"closed","ping_status":"closed","template":"superenalotto.php","meta":{"_et_pb_use_builder":"","_et_pb_old_content":"","_et_gb_content_width":"","exclude_from_search":false,"footnotes":""},"class_list":["post-17023","page","type-page","status-publish","hentry"],"yoast_head":"<!-- This site is optimized with the Yoast SEO plugin v23.8 - https:\/\/yoast.com\/wordpress\/plugins\/seo\/ -->\n<title>Sp\u0113l\u0113jiet SuperEnalotto tie\u0161saist\u0113<\/title>\n<meta name=\"description\" content=\"Tagad j\u016bs varat sp\u0113l\u0113t Superenalotto, pat nedz\u012bvojot It\u0101lij\u0101\" \/>\n<meta name=\"robots\" content=\"index, follow, max-snippet:-1, max-image-preview:large, max-video-preview:-1\" \/>\n<link rel=\"canonical\" href=\"https:\/\/redfoxlotto.com\/lv\/spelet\/superenalotto\/\" \/>\n<meta property=\"og:locale\" content=\"lv_LV\" \/>\n<meta property=\"og:type\" content=\"article\" \/>\n<meta property=\"og:title\" content=\"Sp\u0113l\u0113jiet SuperEnalotto tie\u0161saist\u0113\" \/>\n<meta property=\"og:description\" content=\"Tagad j\u016bs varat sp\u0113l\u0113t Superenalotto, pat nedz\u012bvojot It\u0101lij\u0101\" \/>\n<meta property=\"og:url\" content=\"https:\/\/redfoxlotto.com\/lv\/spelet\/superenalotto\/\" \/>\n<meta property=\"og:site_name\" content=\"Get Tickets for the World\u2019s largest jackpots\" \/>\n<meta property=\"article:modified_time\" content=\"2025-12-11T06:28:49+00:00\" \/>\n<meta property=\"og:image\" content=\"https:\/\/content.redfoxlotto.com\/uploads\/sites\/9\/1_play_superenalotto.jpg\" \/>\n<meta name=\"twitter:card\" content=\"summary_large_image\" \/>\n<meta name=\"twitter:label1\" content=\"Est. reading time\" \/>\n\t<meta name=\"twitter:data1\" content=\"2 minutes\" \/>\n<script type=\"application\/ld+json\" class=\"yoast-schema-graph\">{\"@context\":\"https:\/\/schema.org\",\"@graph\":[{\"@type\":\"WebPage\",\"@id\":\"https:\/\/redfoxlotto.com\/lv\/spelet\/superenalotto\/\",\"url\":\"https:\/\/redfoxlotto.com\/lv\/spelet\/superenalotto\/\",\"name\":\"Sp\u0113l\u0113jiet SuperEnalotto tie\u0161saist\u0113\",\"isPartOf\":{\"@id\":\"https:\/\/redfoxlotto.com\/lv\/#website\"},\"primaryImageOfPage\":{\"@id\":\"https:\/\/redfoxlotto.com\/lv\/spelet\/superenalotto\/#primaryimage\"},\"image\":{\"@id\":\"https:\/\/redfoxlotto.com\/lv\/spelet\/superenalotto\/#primaryimage\"},\"thumbnailUrl\":\"https:\/\/content.redfoxlotto.com\/uploads\/sites\/9\/1_play_superenalotto.jpg\",\"datePublished\":\"2023-04-24T17:47:11+00:00\",\"dateModified\":\"2025-12-11T06:28:49+00:00\",\"description\":\"Tagad j\u016bs varat sp\u0113l\u0113t Superenalotto, pat nedz\u012bvojot It\u0101lij\u0101\",\"breadcrumb\":{\"@id\":\"https:\/\/redfoxlotto.com\/lv\/spelet\/superenalotto\/#breadcrumb\"},\"inLanguage\":\"lv-LV\",\"potentialAction\":[{\"@type\":\"ReadAction\",\"target\":[\"https:\/\/redfoxlotto.com\/lv\/spelet\/superenalotto\/\"]}]},{\"@type\":\"ImageObject\",\"inLanguage\":\"lv-LV\",\"@id\":\"https:\/\/redfoxlotto.com\/lv\/spelet\/superenalotto\/#primaryimage\",\"url\":\"https:\/\/content.redfoxlotto.com\/uploads\/sites\/9\/1_play_superenalotto.jpg\",\"contentUrl\":\"https:\/\/content.redfoxlotto.com\/uploads\/sites\/9\/1_play_superenalotto.jpg\"},{\"@type\":\"BreadcrumbList\",\"@id\":\"https:\/\/redfoxlotto.com\/lv\/spelet\/superenalotto\/#breadcrumb\",\"itemListElement\":[{\"@type\":\"ListItem\",\"position\":1,\"name\":\"Home\",\"item\":\"https:\/\/redfoxlotto.com\/lv\/\"},{\"@type\":\"ListItem\",\"position\":2,\"name\":\"K\u0101 piedal\u012bties loterij\u0101s cit\u0101s valst\u012bs\",\"item\":\"https:\/\/redfoxlotto.com\/lv\/spelet\/\"},{\"@type\":\"ListItem\",\"position\":3,\"name\":\"It\u0101lijas SuperEnalotto\"}]},{\"@type\":\"WebSite\",\"@id\":\"https:\/\/redfoxlotto.com\/lv\/#website\",\"url\":\"https:\/\/redfoxlotto.com\/lv\/\",\"name\":\"Get Tickets for the World\u2019s largest jackpots\",\"description\":\"Participate in worldwide lottery jackpots from any country\",\"publisher\":{\"@id\":\"https:\/\/redfoxlotto.com\/lv\/#organization\"},\"potentialAction\":[{\"@type\":\"SearchAction\",\"target\":{\"@type\":\"EntryPoint\",\"urlTemplate\":\"https:\/\/redfoxlotto.com\/lv\/?s={search_term_string}\"},\"query-input\":{\"@type\":\"PropertyValueSpecification\",\"valueRequired\":true,\"valueName\":\"search_term_string\"}}],\"inLanguage\":\"lv-LV\"},{\"@type\":\"Organization\",\"@id\":\"https:\/\/redfoxlotto.com\/lv\/#organization\",\"name\":\"Get Tickets for the World\u2019s largest jackpots\",\"url\":\"https:\/\/redfoxlotto.com\/lv\/\",\"logo\":{\"@type\":\"ImageObject\",\"inLanguage\":\"lv-LV\",\"@id\":\"https:\/\/redfoxlotto.com\/lv\/#\/schema\/logo\/image\/\",\"url\":\"https:\/\/redfoxlotto.com\/wp-content\/uploads\/2023\/04\/logo.png\",\"contentUrl\":\"https:\/\/redfoxlotto.com\/wp-content\/uploads\/2023\/04\/logo.png\",\"width\":269,\"height\":53,\"caption\":\"Get Tickets for the World\u2019s largest jackpots\"},\"image\":{\"@id\":\"https:\/\/redfoxlotto.com\/lv\/#\/schema\/logo\/image\/\"}}]}<\/script>\n<!-- \/ Yoast SEO plugin. -->","yoast_head_json":{"title":"Sp\u0113l\u0113jiet SuperEnalotto tie\u0161saist\u0113","description":"Tagad j\u016bs varat sp\u0113l\u0113t Superenalotto, pat nedz\u012bvojot It\u0101lij\u0101","robots":{"index":"index","follow":"follow","max-snippet":"max-snippet:-1","max-image-preview":"max-image-preview:large","max-video-preview":"max-video-preview:-1"},"canonical":"https:\/\/redfoxlotto.com\/lv\/spelet\/superenalotto\/","og_locale":"lv_LV","og_type":"article","og_title":"Sp\u0113l\u0113jiet SuperEnalotto tie\u0161saist\u0113","og_description":"Tagad j\u016bs varat sp\u0113l\u0113t Superenalotto, pat nedz\u012bvojot It\u0101lij\u0101","og_url":"https:\/\/redfoxlotto.com\/lv\/spelet\/superenalotto\/","og_site_name":"Get Tickets for the World\u2019s largest jackpots","article_modified_time":"2025-12-11T06:28:49+00:00","og_image":[{"url":"https:\/\/content.redfoxlotto.com\/uploads\/sites\/9\/1_play_superenalotto.jpg"}],"twitter_card":"summary_large_image","twitter_misc":{"Est. reading time":"2 minutes"},"schema":{"@context":"https:\/\/schema.org","@graph":[{"@type":"WebPage","@id":"https:\/\/redfoxlotto.com\/lv\/spelet\/superenalotto\/","url":"https:\/\/redfoxlotto.com\/lv\/spelet\/superenalotto\/","name":"Sp\u0113l\u0113jiet SuperEnalotto tie\u0161saist\u0113","isPartOf":{"@id":"https:\/\/redfoxlotto.com\/lv\/#website"},"primaryImageOfPage":{"@id":"https:\/\/redfoxlotto.com\/lv\/spelet\/superenalotto\/#primaryimage"},"image":{"@id":"https:\/\/redfoxlotto.com\/lv\/spelet\/superenalotto\/#primaryimage"},"thumbnailUrl":"https:\/\/content.redfoxlotto.com\/uploads\/sites\/9\/1_play_superenalotto.jpg","datePublished":"2023-04-24T17:47:11+00:00","dateModified":"2025-12-11T06:28:49+00:00","description":"Tagad j\u016bs varat sp\u0113l\u0113t Superenalotto, pat nedz\u012bvojot It\u0101lij\u0101","breadcrumb":{"@id":"https:\/\/redfoxlotto.com\/lv\/spelet\/superenalotto\/#breadcrumb"},"inLanguage":"lv-LV","potentialAction":[{"@type":"ReadAction","target":["https:\/\/redfoxlotto.com\/lv\/spelet\/superenalotto\/"]}]},{"@type":"ImageObject","inLanguage":"lv-LV","@id":"https:\/\/redfoxlotto.com\/lv\/spelet\/superenalotto\/#primaryimage","url":"https:\/\/content.redfoxlotto.com\/uploads\/sites\/9\/1_play_superenalotto.jpg","contentUrl":"https:\/\/content.redfoxlotto.com\/uploads\/sites\/9\/1_play_superenalotto.jpg"},{"@type":"BreadcrumbList","@id":"https:\/\/redfoxlotto.com\/lv\/spelet\/superenalotto\/#breadcrumb","itemListElement":[{"@type":"ListItem","position":1,"name":"Home","item":"https:\/\/redfoxlotto.com\/lv\/"},{"@type":"ListItem","position":2,"name":"K\u0101 piedal\u012bties loterij\u0101s cit\u0101s valst\u012bs","item":"https:\/\/redfoxlotto.com\/lv\/spelet\/"},{"@type":"ListItem","position":3,"name":"It\u0101lijas SuperEnalotto"}]},{"@type":"WebSite","@id":"https:\/\/redfoxlotto.com\/lv\/#website","url":"https:\/\/redfoxlotto.com\/lv\/","name":"Get Tickets for the World\u2019s largest jackpots","description":"Participate in worldwide lottery jackpots from any country","publisher":{"@id":"https:\/\/redfoxlotto.com\/lv\/#organization"},"potentialAction":[{"@type":"SearchAction","target":{"@type":"EntryPoint","urlTemplate":"https:\/\/redfoxlotto.com\/lv\/?s={search_term_string}"},"query-input":{"@type":"PropertyValueSpecification","valueRequired":true,"valueName":"search_term_string"}}],"inLanguage":"lv-LV"},{"@type":"Organization","@id":"https:\/\/redfoxlotto.com\/lv\/#organization","name":"Get Tickets for the World\u2019s largest jackpots","url":"https:\/\/redfoxlotto.com\/lv\/","logo":{"@type":"ImageObject","inLanguage":"lv-LV","@id":"https:\/\/redfoxlotto.com\/lv\/#\/schema\/logo\/image\/","url":"https:\/\/redfoxlotto.com\/wp-content\/uploads\/2023\/04\/logo.png","contentUrl":"https:\/\/redfoxlotto.com\/wp-content\/uploads\/2023\/04\/logo.png","width":269,"height":53,"caption":"Get Tickets for the World\u2019s largest jackpots"},"image":{"@id":"https:\/\/redfoxlotto.com\/lv\/#\/schema\/logo\/image\/"}}]}},"_links":{"self":[{"href":"https:\/\/redfoxlotto.com\/lv\/wp-json\/wp\/v2\/pages\/17023","targetHints":{"allow":["GET"]}}],"collection":[{"href":"https:\/\/redfoxlotto.com\/lv\/wp-json\/wp\/v2\/pages"}],"about":[{"href":"https:\/\/redfoxlotto.com\/lv\/wp-json\/wp\/v2\/types\/page"}],"author":[{"embeddable":true,"href":"https:\/\/redfoxlotto.com\/lv\/wp-json\/wp\/v2\/users\/1"}],"replies":[{"embeddable":true,"href":"https:\/\/redfoxlotto.com\/lv\/wp-json\/wp\/v2\/comments?post=17023"}],"version-history":[{"count":0,"href":"https:\/\/redfoxlotto.com\/lv\/wp-json\/wp\/v2\/pages\/17023\/revisions"}],"up":[{"embeddable":true,"href":"https:\/\/redfoxlotto.com\/lv\/wp-json\/wp\/v2\/pages\/17017"}],"wp:attachment":[{"href":"https:\/\/redfoxlotto.com\/lv\/wp-json\/wp\/v2\/media?parent=17023"}],"curies":[{"name":"wp","href":"https:\/\/api.w.org\/{rel}","templated":true}]}}