{"id":17020,"date":"2023-04-24T17:37:44","date_gmt":"2023-04-24T17:37:44","guid":{"rendered":"https:\/\/redfoxlotto.com\/?page_id=2332"},"modified":"2025-12-17T09:10:57","modified_gmt":"2025-12-17T09:10:57","slug":"mega-millions","status":"publish","type":"page","link":"https:\/\/redfoxlotto.com\/lv\/spelet\/mega-millions\/","title":{"rendered":"Sp\u0113l\u0113jiet Mega Millions no Latvijas"},"content":{"rendered":"<script type=\"application\/ld+json\">\r\n{\r\n  \"@context\": \"https:\/\/schema.org\",\r\n  \"@type\": \"Service\",\r\n  \"name\": \"Sp\u0113l\u0113t Mega Millions tie\u0161saist\u0113\",\r\n  \"url\": \"https:\/\/redfoxlotto.com\/lv\/spelet\/mega-millions\/\",\r\n  \"description\": \"Sp\u0113l\u0113jiet Mega Millions loteriju tie\u0161saist\u0113 no jebkuras valsts. Apmekl\u0113jiet RedFoxLotto, izv\u0113lieties savus skait\u013cus un ieg\u016bstiet bi\u013cetes.\",\r\n  \"serviceType\": \"Tie\u0161saistes loterijas bi\u013ce\u0161u starpniec\u012bbas pakalpojums\",\r\n\r\n  \"provider\": {\r\n    \"@type\": \"Organization\",\r\n    \"name\": \"RedFoxLotto\",\r\n    \"url\": \"https:\/\/redfoxlotto.com\/lv\/spelet\/mega-millions\/\",\r\n    \"image\": \"https:\/\/redfoxlotto.com\/wp-content\/uploads\/2025\/12\/ticket_scans.jpg\"\r\n  },\r\n\r\n  \"areaServed\": \"Worldwide\",\r\n  \"termsOfService\": \"https:\/\/redfoxlotto.com\/terms-and-conditions\",\r\n\r\n  \"additionalProperty\": {\r\n    \"@type\": \"PropertyValue\",\r\n    \"name\": \"FAQ\",\r\n    \"value\": \"https:\/\/redfoxlotto.com\/lv\/faq\/\"\r\n  },\r\n\r\n  \"hasOfferCatalog\": {\r\n    \"@type\": \"OfferCatalog\",\r\n    \"name\": \"Mega Millions loterijas bi\u013cetes\",\r\n    \"itemListElement\": [{\r\n      \"@type\": \"Offer\",\r\n      \"name\": \"Mega Millions bi\u013cetes\",\r\n      \"url\": \"https:\/\/redfoxlotto.com\/lv\/spelet\/mega-millions\/\",\r\n      \"description\": \"Izv\u0113lieties skait\u013cus n\u0101kamajai Mega Millions izlozei un pas\u016btiet bi\u013cetes tie\u0161saist\u0113.\",\r\n      \"price\": \"13.00\",\r\n      \"priceCurrency\": \"EUR\",\r\n      \"availability\": \"https:\/\/schema.org\/InStock\"\r\n    }]\r\n  },\r\n\r\n  \"mainEntityOfPage\": {\r\n    \"@type\": \"WebPage\",\r\n    \"@id\": \"https:\/\/redfoxlotto.com\/lv\/spelet\/mega-millions\/\"\r\n  }\r\n}\r\n<\/script><p>Jums nav j\u0101ce\u013co uz ASV, lai sp\u0113l\u0113tu ASV Mega Millions loteriju. J\u016bs varat sp\u0113l\u0113t Mega Millions ar\u012b no Latvijas. M\u0113s jums pied\u0101v\u0101jam ieg\u0101d\u0101ties savas bi\u013cetes m\u016bsu tie\u0161saistes pakalpojum\u0101. J\u016bs varat ieg\u0101d\u0101ties bi\u013cetes no Latvijas m\u016bsu m\u0101jaslap\u0101. Viens no m\u016bsu a\u0123entiem ASV ieg\u0101d\u0101sies \u0161\u012bs bi\u013cetes (ar j\u016bsu izv\u0113l\u0113tajiem skait\u013ciem). P\u0113c tam j\u016bs sa\u0146emsiet epastu, kas apstiprin\u0101s j\u016bsu pirkumu. M\u0113s ar\u012b par\u016bp\u0113simies par laimestu izmaksu. L\u016bdzu apskatiet m\u016bsu BUJ sada\u013cu, lai iepaz\u012btos ar detaliz\u0113t\u0101ku inform\u0101ciju par m\u016bsu pakalpojumu.<\/p><h2 class=\"wp-block-heading\">Mega Million Loterijas Noteikumi<\/h2><p><img loading=\"lazy\" decoding=\"async\" class=\"alignright  wp-image\" src=\"https:\/\/content.redfoxlotto.com\/uploads\/sites\/9\/1_play_mega_millions_jackpot.jpg\" alt=\"mega millions tie\u0161saist\u0113\" width=\"216\" height=\"144\"><\/p><p>Sp\u0113l\u0113t\u0101ji izv\u0113las piecus skait\u013cus no 1 l\u012bdz 70, k\u0101 ar\u012b papildus skaitli no 1 l\u012bdz 25. Lai laim\u0113tu d\u017eekpotu, visiem se\u0161iem skait\u013ciem j\u0101b\u016bt izloz\u0113tiem pareizi. Par pieciem izloz\u0113tiem parastajiem skait\u013ciem balva ir $1 miljons.<\/p><h2 class=\"wp-block-heading\">Mega Millions D\u017eekpots<\/h2><p>Mega Millions Loterija ir zin\u0101ma ar t\u0101s \u0101tri augo\u0161ajiem d\u017eekpotiem. Tas t\u0101p\u0113c, ka no vienas puses, katru ned\u0113\u013cu ASV tiek nopirktas simtiem miljonu bi\u013ce\u0161u. Bet pa\u0161u d\u017eekpotu neviens nelaim\u0113 pat vair\u0101kas ned\u0113\u013cas. Tas vienm\u0113r s\u0101kas no vismaz $40 miljoniem. Parasti tas ies\u0101kum\u0101 aug l\u0113n\u0101k, aptuveni $10-25 miljoni p\u0113c katras izlozes (ned\u0113\u013c\u0101 ir divas izlozes).<\/p><p>Ja neviens nelaim\u0113 galveno balvu, 100 miljonu d\u017eekpots tiek sasniegts \u013coti \u0101tri. Tikl\u012bdz tas slieksnis tiek p\u0101rsniegts, cilv\u0113ki s\u0101k ieg\u0101d\u0101ties vair\u0101k bi\u013cetes, jo tagad ikviens v\u0113las sp\u0113l\u0113t \u0161o loteriju. D\u017eekpots s\u0101k &#8220;eksplod\u0113t&#8221;. D\u017eekpota pieaugums no 200 miljoniem uz 500 miljoniem ned\u0113\u013cas laik\u0101 ir regul\u0101ra par\u0101d\u012bba. Un ja d\u017eekpots netiek laim\u0113ts 10 ned\u0113\u013cu laik\u0101, tas parasti p\u0101rsniegs 1 miljarda dol\u0101ru robe\u017eu, kas p\u0113d\u0113jo reizi notika 19.10.2018. D\u017eekpotu laim\u0113ja viens laim\u012bgais 23.10.2018, un taj\u0101 br\u012bd\u012b tas bija sasniedzis 1.6 miljardus.<\/p><p>Jebkur\u0101 br\u012bd\u012b, kad loterijas d\u017eekpota izm\u0113rs ir tik apjom\u012bgs, jums noteikti b\u016bs izdev\u012bgi ieg\u0101d\u0101ties savu bi\u013ceti tie\u0161saist\u0113, lai t\u0101 tiktu izmanota vair\u0101kas izlozes p\u0113c k\u0101rtas. T\u0101dej\u0101di j\u016bs varat garant\u0113t, ka j\u016bs vienm\u0113r piedal\u0101ties izloz\u0113 ar\u012b uz n\u0101kamajiem d\u017eekpotiem.<\/p><p>Ir svar\u012bgi piemin\u0113t, ka d\u017eekpota laim\u0113t\u0101js var izv\u0113l\u0113ties vienu no diviem laimesta sa\u0146em\u0161anas veidiem. Laim\u0113t\u0101js var sa\u0146emt pilno summu 30 ikgad\u0113jos maks\u0101jumos (ar ikgad\u0113ju 5% palielin\u0101\u0161anos, lai piel\u0101gotos infl\u0101cijai), vai ar\u012b vienu izmaksu. \u0160is maks\u0101jums b\u016bs zem\u0101ks k\u0101 d\u017eekpota apjoms. Jebkur\u0101 gad\u012bjum\u0101, m\u0113s varam noorganiz\u0113t bankas p\u0101rskait\u012bjumu uz Latvijas kontu.<\/p><h2 class=\"wp-block-heading\">Vai \u0161is tie\u0161saistes serviss ir leg\u0101ls sp\u0113l\u0113t\u0101jiem no Latvijas?<\/h2><p><img loading=\"lazy\" decoding=\"async\" class=\"alignright size-full wp-image\" src=\"https:\/\/content.redfoxlotto.com\/uploads\/sites\/9\/2_ticket_mega_millions.jpg\" alt=\"Sp\u0113l\u0113jiet no Latvijas\" width=\"212\" height=\"142\"><\/p><p>\u0160is pakalpijums ir 100% leg\u0101ls sp\u0113l\u0113t\u0101jiem no vis\u0101m valst\u012bm, taj\u0101 skait\u0101 Latvijas. Princip\u0101 tas ir t\u0101pat k\u0101 j\u016bs ieg\u0101d\u0101tos Mega Millions loteriju br\u012bd\u012b, kad esat aizce\u013coju\u0161i uz ASV. T\u0101 k\u0101 ASV loterijas bi\u013cetes var tikt p\u0101rdotas jebkuram, kur\u0161 sasniedzis 18 gadu vecumu, \u0101rzemnieki var leg\u0101li laim\u0113t. Rezult\u0101t\u0101, gelvaneias ir tas, ka jums ir j\u016bsu bi\u013cete. Papildus, m\u0113s p\u0101rliecin\u0161imies, ka j\u016bs sa\u0146emsiet savu laimestu. Liel\u0101ki laimesti (vair\u0101k nek\u0101 \u20ac2500) parasti tiek izmaks\u0101ti k\u0101 \u010deks vai ar bankas p\u0101rskait\u012bjumu.<\/p><p>Protams, ja laim\u0113siet d\u017eekpotu, jums var n\u0101kties ce\u013cot uz ASV, kur j\u016bs sa\u0146emsiet \u0161o \u010deku person\u012bgi. Protams, j\u016bs noteikti b\u016btu priec\u012bgi doties \u0161\u0101d\u0101 ce\u013cojum\u0101!<\/p><p><strong>Vai n\u0101kamais Mega Millions d\u017eekpots ir rezerv\u0113ts jums? Izm\u0113\u0123iniet savu veiksmi tagad \u2013 ja nevarat laim\u0113t, ja neieg\u0101d\u0101jaties bi\u013ceti!<\/strong><\/p>","protected":false},"excerpt":{"rendered":"<p>Jums nav j\u0101ce\u013co uz ASV, lai sp\u0113l\u0113tu ASV Mega Millions loteriju. J\u016bs varat sp\u0113l\u0113t Mega Millions ar\u012b no Latvijas. M\u0113s jums pied\u0101v\u0101jam ieg\u0101d\u0101ties savas bi\u013cetes m\u016bsu tie\u0161saistes pakalpojum\u0101. J\u016bs varat ieg\u0101d\u0101ties bi\u013cetes no Latvijas m\u016bsu m\u0101jaslap\u0101. Viens no m\u016bsu a\u0123entiem ASV ieg\u0101d\u0101sies \u0161\u012bs bi\u013cetes (ar j\u016bsu izv\u0113l\u0113tajiem skait\u013ciem). P\u0113c tam j\u016bs sa\u0146emsiet epastu, kas apstiprin\u0101s [&hellip;]<\/p>\n","protected":false},"author":1,"featured_media":0,"parent":17017,"menu_order":2,"comment_status":"closed","ping_status":"closed","template":"megamillion.php","meta":{"_et_pb_use_builder":"","_et_pb_old_content":"","_et_gb_content_width":"","exclude_from_search":false,"footnotes":""},"class_list":["post-17020","page","type-page","status-publish","hentry"],"yoast_head":"<!-- This site is optimized with the Yoast SEO plugin v27.4 - https:\/\/yoast.com\/product\/yoast-seo-wordpress\/ -->\n<title>Sp\u0113l\u0113jiet Mega Millions Loterija Tie\u0161saist\u0113 Staruptautiski no Latvijas<\/title>\n<meta name=\"description\" content=\"Ieg\u0101d\u0101jieties savu Mega Millions bi\u013ceti \u0161eit \u2013 no Latvijas vai jebkuras citas valsts!\" \/>\n<meta name=\"robots\" content=\"index, follow, max-snippet:-1, max-image-preview:large, max-video-preview:-1\" \/>\n<link rel=\"canonical\" href=\"https:\/\/redfoxlotto.com\/lv\/spelet\/mega-millions\/\" \/>\n<meta property=\"og:locale\" content=\"lv_LV\" \/>\n<meta property=\"og:type\" content=\"article\" \/>\n<meta property=\"og:title\" content=\"Sp\u0113l\u0113jiet Mega Millions Loterija Tie\u0161saist\u0113 Staruptautiski no Latvijas\" \/>\n<meta property=\"og:description\" content=\"Ieg\u0101d\u0101jieties savu Mega Millions bi\u013ceti \u0161eit \u2013 no Latvijas vai jebkuras citas valsts!\" \/>\n<meta property=\"og:url\" content=\"https:\/\/redfoxlotto.com\/lv\/spelet\/mega-millions\/\" \/>\n<meta property=\"og:site_name\" content=\"Get Tickets for the World\u2019s largest jackpots\" \/>\n<meta property=\"article:modified_time\" content=\"2025-12-17T09:10:57+00:00\" \/>\n<meta property=\"og:image\" content=\"https:\/\/content.redfoxlotto.com\/uploads\/sites\/9\/1_play_mega_millions_jackpot.jpg\" \/>\n<meta name=\"twitter:card\" content=\"summary_large_image\" \/>\n<meta name=\"twitter:label1\" content=\"Est. reading time\" \/>\n\t<meta name=\"twitter:data1\" content=\"3 minutes\" \/>\n<script type=\"application\/ld+json\" class=\"yoast-schema-graph\">{\"@context\":\"https:\\\/\\\/schema.org\",\"@graph\":[{\"@type\":\"WebPage\",\"@id\":\"https:\\\/\\\/redfoxlotto.com\\\/lv\\\/spelet\\\/mega-millions\\\/\",\"url\":\"https:\\\/\\\/redfoxlotto.com\\\/lv\\\/spelet\\\/mega-millions\\\/\",\"name\":\"Sp\u0113l\u0113jiet Mega Millions Loterija Tie\u0161saist\u0113 Staruptautiski no Latvijas\",\"isPartOf\":{\"@id\":\"https:\\\/\\\/redfoxlotto.com\\\/lv\\\/#website\"},\"primaryImageOfPage\":{\"@id\":\"https:\\\/\\\/redfoxlotto.com\\\/lv\\\/spelet\\\/mega-millions\\\/#primaryimage\"},\"image\":{\"@id\":\"https:\\\/\\\/redfoxlotto.com\\\/lv\\\/spelet\\\/mega-millions\\\/#primaryimage\"},\"thumbnailUrl\":\"https:\\\/\\\/content.redfoxlotto.com\\\/uploads\\\/sites\\\/9\\\/1_play_mega_millions_jackpot.jpg\",\"datePublished\":\"2023-04-24T17:37:44+00:00\",\"dateModified\":\"2025-12-17T09:10:57+00:00\",\"description\":\"Ieg\u0101d\u0101jieties savu Mega Millions bi\u013ceti \u0161eit \u2013 no Latvijas vai jebkuras citas valsts!\",\"breadcrumb\":{\"@id\":\"https:\\\/\\\/redfoxlotto.com\\\/lv\\\/spelet\\\/mega-millions\\\/#breadcrumb\"},\"inLanguage\":\"lv-LV\",\"potentialAction\":[{\"@type\":\"ReadAction\",\"target\":[\"https:\\\/\\\/redfoxlotto.com\\\/lv\\\/spelet\\\/mega-millions\\\/\"]}]},{\"@type\":\"ImageObject\",\"inLanguage\":\"lv-LV\",\"@id\":\"https:\\\/\\\/redfoxlotto.com\\\/lv\\\/spelet\\\/mega-millions\\\/#primaryimage\",\"url\":\"https:\\\/\\\/content.redfoxlotto.com\\\/uploads\\\/sites\\\/9\\\/1_play_mega_millions_jackpot.jpg\",\"contentUrl\":\"https:\\\/\\\/content.redfoxlotto.com\\\/uploads\\\/sites\\\/9\\\/1_play_mega_millions_jackpot.jpg\"},{\"@type\":\"BreadcrumbList\",\"@id\":\"https:\\\/\\\/redfoxlotto.com\\\/lv\\\/spelet\\\/mega-millions\\\/#breadcrumb\",\"itemListElement\":[{\"@type\":\"ListItem\",\"position\":1,\"name\":\"Home\",\"item\":\"https:\\\/\\\/redfoxlotto.com\\\/lv\\\/\"},{\"@type\":\"ListItem\",\"position\":2,\"name\":\"K\u0101 piedal\u012bties loterij\u0101s cit\u0101s valst\u012bs\",\"item\":\"https:\\\/\\\/redfoxlotto.com\\\/lv\\\/spelet\\\/\"},{\"@type\":\"ListItem\",\"position\":3,\"name\":\"Sp\u0113l\u0113jiet Mega Millions no Latvijas\"}]},{\"@type\":\"WebSite\",\"@id\":\"https:\\\/\\\/redfoxlotto.com\\\/lv\\\/#website\",\"url\":\"https:\\\/\\\/redfoxlotto.com\\\/lv\\\/\",\"name\":\"Get Tickets for the World\u2019s largest jackpots\",\"description\":\"Participate in worldwide lottery jackpots from any country\",\"publisher\":{\"@id\":\"https:\\\/\\\/redfoxlotto.com\\\/lv\\\/#organization\"},\"potentialAction\":[{\"@type\":\"SearchAction\",\"target\":{\"@type\":\"EntryPoint\",\"urlTemplate\":\"https:\\\/\\\/redfoxlotto.com\\\/lv\\\/?s={search_term_string}\"},\"query-input\":{\"@type\":\"PropertyValueSpecification\",\"valueRequired\":true,\"valueName\":\"search_term_string\"}}],\"inLanguage\":\"lv-LV\"},{\"@type\":\"Organization\",\"@id\":\"https:\\\/\\\/redfoxlotto.com\\\/lv\\\/#organization\",\"name\":\"Get Tickets for the World\u2019s largest jackpots\",\"url\":\"https:\\\/\\\/redfoxlotto.com\\\/lv\\\/\",\"logo\":{\"@type\":\"ImageObject\",\"inLanguage\":\"lv-LV\",\"@id\":\"https:\\\/\\\/redfoxlotto.com\\\/lv\\\/#\\\/schema\\\/logo\\\/image\\\/\",\"url\":\"https:\\\/\\\/redfoxlotto.com\\\/wp-content\\\/uploads\\\/2023\\\/04\\\/logo.png\",\"contentUrl\":\"https:\\\/\\\/redfoxlotto.com\\\/wp-content\\\/uploads\\\/2023\\\/04\\\/logo.png\",\"width\":269,\"height\":53,\"caption\":\"Get Tickets for the World\u2019s largest jackpots\"},\"image\":{\"@id\":\"https:\\\/\\\/redfoxlotto.com\\\/lv\\\/#\\\/schema\\\/logo\\\/image\\\/\"}}]}<\/script>\n<!-- \/ Yoast SEO plugin. -->","yoast_head_json":{"title":"Sp\u0113l\u0113jiet Mega Millions Loterija Tie\u0161saist\u0113 Staruptautiski no Latvijas","description":"Ieg\u0101d\u0101jieties savu Mega Millions bi\u013ceti \u0161eit \u2013 no Latvijas vai jebkuras citas valsts!","robots":{"index":"index","follow":"follow","max-snippet":"max-snippet:-1","max-image-preview":"max-image-preview:large","max-video-preview":"max-video-preview:-1"},"canonical":"https:\/\/redfoxlotto.com\/lv\/spelet\/mega-millions\/","og_locale":"lv_LV","og_type":"article","og_title":"Sp\u0113l\u0113jiet Mega Millions Loterija Tie\u0161saist\u0113 Staruptautiski no Latvijas","og_description":"Ieg\u0101d\u0101jieties savu Mega Millions bi\u013ceti \u0161eit \u2013 no Latvijas vai jebkuras citas valsts!","og_url":"https:\/\/redfoxlotto.com\/lv\/spelet\/mega-millions\/","og_site_name":"Get Tickets for the World\u2019s largest jackpots","article_modified_time":"2025-12-17T09:10:57+00:00","og_image":[{"url":"https:\/\/content.redfoxlotto.com\/uploads\/sites\/9\/1_play_mega_millions_jackpot.jpg","type":"","width":"","height":""}],"twitter_card":"summary_large_image","twitter_misc":{"Est. reading time":"3 minutes"},"schema":{"@context":"https:\/\/schema.org","@graph":[{"@type":"WebPage","@id":"https:\/\/redfoxlotto.com\/lv\/spelet\/mega-millions\/","url":"https:\/\/redfoxlotto.com\/lv\/spelet\/mega-millions\/","name":"Sp\u0113l\u0113jiet Mega Millions Loterija Tie\u0161saist\u0113 Staruptautiski no Latvijas","isPartOf":{"@id":"https:\/\/redfoxlotto.com\/lv\/#website"},"primaryImageOfPage":{"@id":"https:\/\/redfoxlotto.com\/lv\/spelet\/mega-millions\/#primaryimage"},"image":{"@id":"https:\/\/redfoxlotto.com\/lv\/spelet\/mega-millions\/#primaryimage"},"thumbnailUrl":"https:\/\/content.redfoxlotto.com\/uploads\/sites\/9\/1_play_mega_millions_jackpot.jpg","datePublished":"2023-04-24T17:37:44+00:00","dateModified":"2025-12-17T09:10:57+00:00","description":"Ieg\u0101d\u0101jieties savu Mega Millions bi\u013ceti \u0161eit \u2013 no Latvijas vai jebkuras citas valsts!","breadcrumb":{"@id":"https:\/\/redfoxlotto.com\/lv\/spelet\/mega-millions\/#breadcrumb"},"inLanguage":"lv-LV","potentialAction":[{"@type":"ReadAction","target":["https:\/\/redfoxlotto.com\/lv\/spelet\/mega-millions\/"]}]},{"@type":"ImageObject","inLanguage":"lv-LV","@id":"https:\/\/redfoxlotto.com\/lv\/spelet\/mega-millions\/#primaryimage","url":"https:\/\/content.redfoxlotto.com\/uploads\/sites\/9\/1_play_mega_millions_jackpot.jpg","contentUrl":"https:\/\/content.redfoxlotto.com\/uploads\/sites\/9\/1_play_mega_millions_jackpot.jpg"},{"@type":"BreadcrumbList","@id":"https:\/\/redfoxlotto.com\/lv\/spelet\/mega-millions\/#breadcrumb","itemListElement":[{"@type":"ListItem","position":1,"name":"Home","item":"https:\/\/redfoxlotto.com\/lv\/"},{"@type":"ListItem","position":2,"name":"K\u0101 piedal\u012bties loterij\u0101s cit\u0101s valst\u012bs","item":"https:\/\/redfoxlotto.com\/lv\/spelet\/"},{"@type":"ListItem","position":3,"name":"Sp\u0113l\u0113jiet Mega Millions no Latvijas"}]},{"@type":"WebSite","@id":"https:\/\/redfoxlotto.com\/lv\/#website","url":"https:\/\/redfoxlotto.com\/lv\/","name":"Get Tickets for the World\u2019s largest jackpots","description":"Participate in worldwide lottery jackpots from any country","publisher":{"@id":"https:\/\/redfoxlotto.com\/lv\/#organization"},"potentialAction":[{"@type":"SearchAction","target":{"@type":"EntryPoint","urlTemplate":"https:\/\/redfoxlotto.com\/lv\/?s={search_term_string}"},"query-input":{"@type":"PropertyValueSpecification","valueRequired":true,"valueName":"search_term_string"}}],"inLanguage":"lv-LV"},{"@type":"Organization","@id":"https:\/\/redfoxlotto.com\/lv\/#organization","name":"Get Tickets for the World\u2019s largest jackpots","url":"https:\/\/redfoxlotto.com\/lv\/","logo":{"@type":"ImageObject","inLanguage":"lv-LV","@id":"https:\/\/redfoxlotto.com\/lv\/#\/schema\/logo\/image\/","url":"https:\/\/redfoxlotto.com\/wp-content\/uploads\/2023\/04\/logo.png","contentUrl":"https:\/\/redfoxlotto.com\/wp-content\/uploads\/2023\/04\/logo.png","width":269,"height":53,"caption":"Get Tickets for the World\u2019s largest jackpots"},"image":{"@id":"https:\/\/redfoxlotto.com\/lv\/#\/schema\/logo\/image\/"}}]}},"_links":{"self":[{"href":"https:\/\/redfoxlotto.com\/lv\/wp-json\/wp\/v2\/pages\/17020","targetHints":{"allow":["GET"]}}],"collection":[{"href":"https:\/\/redfoxlotto.com\/lv\/wp-json\/wp\/v2\/pages"}],"about":[{"href":"https:\/\/redfoxlotto.com\/lv\/wp-json\/wp\/v2\/types\/page"}],"author":[{"embeddable":true,"href":"https:\/\/redfoxlotto.com\/lv\/wp-json\/wp\/v2\/users\/1"}],"replies":[{"embeddable":true,"href":"https:\/\/redfoxlotto.com\/lv\/wp-json\/wp\/v2\/comments?post=17020"}],"version-history":[{"count":0,"href":"https:\/\/redfoxlotto.com\/lv\/wp-json\/wp\/v2\/pages\/17020\/revisions"}],"up":[{"embeddable":true,"href":"https:\/\/redfoxlotto.com\/lv\/wp-json\/wp\/v2\/pages\/17017"}],"wp:attachment":[{"href":"https:\/\/redfoxlotto.com\/lv\/wp-json\/wp\/v2\/media?parent=17020"}],"curies":[{"name":"wp","href":"https:\/\/api.w.org\/{rel}","templated":true}]}}