{"id":17019,"date":"2022-10-26T09:30:02","date_gmt":"2022-10-26T09:30:02","guid":{"rendered":"https:\/\/redfoxlotto.com\/?page_id=2330"},"modified":"2025-12-17T07:48:34","modified_gmt":"2025-12-17T07:48:34","slug":"euromillions","status":"publish","type":"page","link":"https:\/\/redfoxlotto.com\/lv\/spelet\/euromillions\/","title":{"rendered":"K\u0101 sp\u0113l\u0113t Eiromiljonus no Latvijas"},"content":{"rendered":"<script type=\"application\/ld+json\">\r\n{\r\n  \"@context\": \"https:\/\/schema.org\",\r\n  \"@type\": \"Service\",\r\n  \"name\": \"Sp\u0113l\u0113jiet Euromillions Tie\u0161saist\u0113\",\r\n  \"url\": \"https:\/\/redfoxlotto.com\/lv\/spelet\/euromillions\/\",\r\n  \"description\": \"Sp\u0113l\u0113jiet Euromillions loteriju tie\u0161saist\u0113 no jebkuras valsts. Apmekl\u0113jiet RedFoxLotto, izv\u0113lieties savus numurus un ieg\u016bstiet bi\u013cetes.\",\r\n  \"serviceType\": \"Online lottery ticket messenger service\",\r\n  \"provider\": {\r\n    \"@type\": \"Organization\",\r\n    \"name\": \"RedFoxLotto\",\r\n    \"url\": \"https:\/\/redfoxlotto.com\/lv\/\",\r\n    \"image\": \"https:\/\/redfoxlotto.com\/wp-content\/uploads\/2025\/12\/ticket_scans.jpg\",\r\n    \"sameAs\": []\r\n  },\r\n  \"areaServed\": \"Worldwide\",\r\n  \"termsOfService\": \"https:\/\/redfoxlotto.com\/terms-and-conditions\",\r\n  \"additionalProperty\": {\r\n    \"@type\": \"PropertyValue\",\r\n    \"name\": \"FAQ\",\r\n    \"value\": \"https:\/\/redfoxlotto.com\/lv\/faq\/\"\r\n  },\r\n  \"hasOfferCatalog\": {\r\n    \"@type\": \"OfferCatalog\",\r\n    \"name\": \"Euromillions Loterijas Bi\u013cetes\",\r\n    \"itemListElement\": [\r\n      {\r\n        \"@type\": \"Offer\",\r\n        \"name\": \"Euromillions Bi\u013cetes\",\r\n        \"url\": \"https:\/\/redfoxlotto.com\/lv\/spelet\/euromillions\/\",\r\n        \"description\": \"Noklik\u0161\u0137iniet \u0161eit, lai izv\u0113l\u0113tos savus numurus n\u0101kamajai Euromillions izlozei \u2013 pas\u016btiet bi\u013cetes tie\u0161saist\u0113.\",\r\n        \"price\": \"7.00\",\r\n        \"priceCurrency\": \"EUR\",\r\n        \"availability\": \"https:\/\/schema.org\/InStock\",\r\n        \"itemOffered\": {\r\n          \"@type\": \"Service\",\r\n          \"name\": \"Euromillions Loterijas Bi\u013cetes\",\r\n          \"description\": \"Sp\u0113l\u0113jiet n\u0101kamaj\u0101 Euromillions izloz\u0113, izmantojot RedFoxLotto.\"\r\n        }\r\n      }\r\n    ]\r\n  },\r\n  \"mainEntityOfPage\": {\r\n    \"@type\": \"WebPage\",\r\n    \"@id\": \"https:\/\/redfoxlotto.com\/lv\/spelet\/euromillions\/\"\r\n  }\r\n}\r\n<\/script><p>Vai esat k\u0101dreiz dzird\u0113ju\u0161i par EuroMillions? Ja dz\u012bvojat k\u0101d\u0101 no Eiropas valst\u012bm, tad noteikti esat. Bet, ja j\u016bs dz\u012bvojat Latvij\u0101, iesp\u0113jams, ka ne. T\u0101p\u0113c apl\u016bkosim nedaudz tuv\u0101k, k\u0101 sp\u0113l\u0113t EuroMillions tie\u0161saist\u0113, vai ne?<\/p>\r\n<p>EuroMillions ir starptautiska loterija, ko var sp\u0113l\u0113t devi\u0146\u0101s Eiropas valst\u012bs. Tas noz\u012bm\u0113, ka j\u016bs jau dz\u012bvojat valst\u012b, kur\u0101 varat ieg\u0101d\u0101ties bi\u013ceti. Tom\u0113r EuroMillions loterijas bi\u013cetes nevar ieg\u0101d\u0101ties veikalos cit\u0101s valst\u012bs, tostarp Latvij\u0101.<\/p>\r\n<p>Tagad j\u016bs noteikti v\u0113l\u0113sieties kaut ko dar\u012bt, jo l\u012bdz\u0101s Eurojackpot EuroMillions ir liel\u0101k\u0101 loterija Eirop\u0101. Loterija tika izveidota 2004. gad\u0101, un l\u012bdz \u0161im t\u0101s rekordliel\u0101 laimestu summa ir 190 miljoni eiro. To 2014. gada oktobr\u012b laim\u0113ja viens nezin\u0101ms sp\u0113l\u0113t\u0101js. Tas noteikti ir kaut kas t\u0101ds, uz ko j\u016bs noteikti v\u0113l\u0113sieties vismaz ieg\u016bt iesp\u0113ju, vai ne?<\/p>\r\n<p>Vai v\u0113laties, lai var\u0113tu teikt, ka gandr\u012bz esat laim\u0113jis EuroMillions? Tie\u0161i t\u0101p\u0113c jums b\u016bs j\u0101zina vair\u0101k par vi\u0146u bi\u013cet\u0113m.<\/p>\r\n<p><img loading=\"lazy\" decoding=\"async\" class=\"wp-image-4203 alignright\" src=\"https:\/\/content.redfoxlotto.com\/uploads\/sites\/9\/2_ticket_euromillions.jpg\" alt=\"Euromillions tie\u0161saist\u0113\" width=\"156\" height=\"416\" \/><\/p>\r\n<p>EuroMillions izlozes notiek Par\u012bz\u0113 otrdien\u0101s un piektdien\u0101s. Lai vinn\u0113tu d\u017eekpotu, bi\u013cet\u0113 ir pareizi j\u0101atspogu\u013co 5 skait\u013ci no 1 l\u012bdz 50, k\u0101 ar\u012b &#8220;laim\u012bg\u0101 zvaigzne&#8221; &#8211; skaitlis no 1 l\u012bdz 12. Protams, ir ar\u012b citi laimestu l\u012bme\u0146i. Lai ieg\u016btu maz\u0101ko laimestu, ir pareizi j\u0101atz\u012bm\u0113 2 no 5 galvenajiem skait\u013ciem.<\/p>\r\n<p>Tas viss noz\u012bm\u0113, ka jums b\u016bs patie\u0161\u0101m labas izredzes kaut ko vinn\u0113t, jo, lai laim\u0113tu balvu, jums j\u0101atbilst tikai 2 skait\u013ciem. Un, ja j\u016bs vinn\u0113siet pat maz\u0101ku laimestu, jums b\u016bs nauda, kas nepiecie\u0161ama, lai ieg\u0101d\u0101tos jaunu bi\u013ceti un m\u0113\u0123in\u0101tu v\u0113lreiz n\u0101kamaj\u0101 izloz\u0113.<\/p>\r\n<h2>K\u0101 notiek bi\u013ce\u0161u ieg\u0101de tie\u0161saist\u0113 no Latvijas?<\/h2>\r\n<p>Lai ieg\u0101d\u0101tos bi\u013cetes un sp\u0113l\u0113tu EuroMillions tie\u0161saist\u0113 no Latvijas, viss, kas jums j\u0101dara, ir j\u0101noklik\u0161\u0137ina uz EuroMillions m\u016bsu vietn\u0113. T\u0101l\u0101k j\u016bs tiksiet iepaz\u012bstin\u0101ts ar visiem so\u013ciem, kas jums j\u0101dara, lai ieg\u0101d\u0101tos \u0161o bi\u013ceti. J\u016bs izv\u0113laties jebkurus skait\u013cus, k\u0101dus vien v\u0113laties (ja vien tie atbilst noteikumiem). Ir pieejama ar\u012b funkcija &#8220;\u0100tr\u0101 izv\u0113le&#8221;.<\/p>\r\n<p>Ar vienu peles klik\u0161\u0137i j\u016bs varat likt nejau\u0161o skait\u013cu \u0123eneratoram noteikt j\u016bsu numurus. Ja v\u0113laties, varat manu\u0101li main\u012bt izv\u0113l\u0113tos skait\u013cus, lai ieg\u016btu savu izv\u0113l\u0113to skait\u013cu un nejau\u0161i izv\u0113l\u0113to skait\u013cu kombin\u0101ciju. P\u0113c tam pievienojiet groz\u0101 tik daudz bi\u013ce\u0161u, cik v\u0113laties, lai t\u0101s b\u016btu gatavas ieg\u0101dei.<\/p>\r\n<p>Ja v\u0113laties, pas\u016bt\u012bjumam varat pievienot vair\u0101k bi\u013ce\u0161u. J\u016bsu pas\u016bt\u012bjum\u0101 var iek\u013caut ar\u012b citu loteriju bi\u013cetes. Daudzi m\u016bsu klienti sp\u0113l\u0113 vair\u0101kas starptautisk\u0101s loterijas vienlaic\u012bgi. Liel\u0101k\u0101 da\u013ca cilv\u0113ku loterijas izv\u0113las p\u0113c pa\u0161reiz\u0113j\u0101 d\u017eekpota lieluma, un tur, iesp\u0113jams, atrad\u012bsiet ar\u012b EuroMillions. D\u017eekpotam noteikti parasti kl\u0101jas \u013coti labi, un to j\u016bs noteikti v\u0113l\u0113sieties redz\u0113t (un piedal\u012bties).<\/p>\r\n<p>P\u0113c tam izpildiet m\u016bsu vietn\u0113 sniegtos nor\u0101d\u012bjumus, lai pabeigtu pirkumu un samaks\u0101tu tie\u0161saist\u0113. Bi\u013ceti varat sa\u0146emt da\u017eu min\u016b\u0161u laik\u0101, pat ja jums v\u0113l nav m\u016bsu konta. M\u0113s patie\u0161\u0101m nodro\u0161in\u0101m, ka tas ir tik vienk\u0101r\u0161i.<\/p>\r\n<h2>Starptautisko loteriju, piem\u0113ram, Euromillions, sp\u0113l\u0113\u0161anas priek\u0161roc\u012bbas tie\u0161saist\u0113<\/h2>\r\n<p>Viena no galvenaj\u0101m starptautisko loteriju d\u017eekpotu sp\u0113l\u0113\u0161anas priek\u0161roc\u012bb\u0101m ir \u0113rt\u012bbas. J\u016bs varat izdev\u012bg\u0101k izmantot savu loterijas naudu, p\u0113rkot tikai to loteriju bi\u013cetes, kuru d\u017eekpoti pa\u0161laik ir pietiekami augsti. Jums nav j\u0101gaida ned\u0113\u013c\u0101m ilgi, kam\u0113r j\u016bsu valst\u012b b\u016bs pietiekami augsts valsts loterijas d\u017eekpots. J\u016bs varat izv\u0113l\u0113ties daudz liel\u0101ku d\u017eekpotu tie\u0161saist\u0113 b\u016bt\u012bb\u0101 jebkur\u0101 laik\u0101. Paties\u012bb\u0101 liel\u0101kaj\u0101 da\u013c\u0101 pasaules valstu ir loterijas, kuru d\u017eekpoti nekad nesasniedz pat nelielu da\u013cu no t\u0101, kas ir liel\u0101kaj\u0101m pasaules loterij\u0101m.<\/p>\r\n<p><img loading=\"lazy\" decoding=\"async\" class=\"alignright size-full wp-image-4215\" src=\"https:\/\/content.redfoxlotto.com\/uploads\/sites\/9\/1_play_onlinelottery4.jpg\" alt=\"sp\u0113l\u0113t tie\u0161saist\u0113\" width=\"231\" height=\"130\" \/><\/p>\r\n<p>Tiem, kas patie\u0161\u0101m v\u0113las ieg\u016bt k\u0101du no liel\u0101kaj\u0101m balv\u0101m, kas noteikti ir vislab\u0101k\u0101 da\u013ca no vis\u0101m. J\u016bs v\u0113laties, lai jums b\u016btu iesp\u0113ja laim\u0113t miljonus, nevis tikai k\u0101du no mazaj\u0101m summ\u0101m, no kur\u0101m s\u0101kas loterijas Latvij\u0101. Protams, ir pat\u012bkami laim\u0113t. Bet v\u0113l jauk\u0101k b\u016bs laim\u0113t, ja j\u016bs ieg\u016bsiet kaut ko t\u0101du, kas patie\u0161\u0101m izmain\u012bs j\u016bsu dz\u012bvi, nevis laim\u0113siet kaut ko t\u0101du, kas vienk\u0101r\u0161i nopirks jums k\u0101rt\u0113jo bi\u013ceti, ko v\u0113laties.<\/p>\r\n<p>T\u0101 k\u0101 notiek divas izlozes ned\u0113\u013c\u0101, EuroMillions d\u017eekpots pieaug diezgan \u0101tri. \u0160\u0101 iemesla d\u0113\u013c j\u016bs varat apsv\u0113rt iesp\u0113ju aktiviz\u0113t iesp\u0113ju, lai j\u016bsu bi\u013cetes piedal\u012btos vair\u0101k\u0101s izloz\u0113s p\u0113c k\u0101rtas. To var izdar\u012bt, veicot pirkumu tie\u0161saist\u0113.<\/p>\r\n<p>\u0160\u012b opcija jums ir pieejama pirms pas\u016bt\u012bjuma pabeig\u0161anas. T\u0101d\u0113j\u0101di j\u016bs vienm\u0113r paliekat sp\u0113l\u0113 par n\u0101kamo augst\u0101ko d\u017eekpotu n\u0101kamaj\u0101 izloz\u0113. Iesp\u0113jams, n\u0101kamaj\u0101 izloz\u0113 neb\u016bs galven\u0101 laimesta ieguv\u0113ja, bet varb\u016bt n\u0101kamaj\u0101 izloz\u0113 b\u016bs j\u016bsu laim\u012bg\u0101 iesp\u0113ja.<\/p>\r\n<p>Ja ieg\u0101d\u0101jaties papildu izlozes bi\u013ceti vienai izlozei, tas noz\u012bm\u0113 ar\u012b to, ka jums v\u0113l k\u0101du laiku nav j\u0101uztraucas par papildu bi\u013ce\u0161u ieg\u0101di. J\u016bs varat vienk\u0101r\u0161i pagaid\u012bt, k\u0101 j\u016bsu pa\u0161reiz\u0113j\u0101 bi\u013cete izloz\u0113s lielo laimestu, un p\u0101rliecin\u0101ties, ka t\u0101 jums sag\u0101d\u0101s lielu laimestu. Tas ir \u013coti vienk\u0101r\u0161i, un, redzot iesp\u0113jamo laimestu, j\u016bs b\u016bsiet vair\u0101k nek\u0101 apmierin\u0101ts.<\/p>\r\n<p>Sp\u0113l\u0113t\u0101ji maks\u0101 nedaudz vair\u0101k, jo EuroMillions bi\u013cetes tiek ieg\u0101d\u0101tas Apvienotaj\u0101 Karalist\u0113. Tas ir t\u0101p\u0113c, ka Apvienot\u0101s Karalistes bi\u013cetes autom\u0101tiski tiek iek\u013cautas Millionaire Maker izloz\u0113, kas sniedz papildu iesp\u0113ju laim\u0113t 1 miljona m\u0101rci\u0146u balvu.<\/p>\r\n<p>Millionaire Maker darbojas, katrai nopirktai bi\u013cetei \u0123ener\u0113jot unik\u0101lu kodu. \u0160is kods sast\u0101v no \u010detriem burtiem, kam seko pieci cipari (piem\u0113ram, ABCD12345). Katr\u0101 izloz\u0113 viens vai vair\u0101ki no \u0161iem kodiem tiek izv\u0113l\u0113ti nejau\u0161\u012bbas k\u0101rt\u0101, un bi\u013cetes \u012bpa\u0161nieks, kam ir atbilsto\u0161s kods, uzreiz vinn\u0113 \u00a31 miljonu neatkar\u012bgi no izloz\u0113tajiem galvenajiem EuroMillions skait\u013ciem.<\/p>\r\n<p>\u0160\u012b iesp\u0113ja padara EuroMillions sp\u0113l\u0113\u0161anu Apvienotaj\u0101 Karalist\u0113 \u012bpa\u0161i pievilc\u012bgu, jo t\u0101 sniedz papildu iesp\u0113ju laim\u0113t iev\u0113rojamu balvu papildus standarta d\u017eekpotam un zem\u0101ka l\u012bme\u0146a balv\u0101m.<\/p>\r\n<p>T\u0101tad, ja d\u017eekpots j\u016bsu viet\u0113j\u0101 loterij\u0101 Latvij\u0101 \u0161obr\u012bd nav tik pievilc\u012bgs, k\u0101p\u0113c gan neizm\u0113\u0123in\u0101t laimi un nesp\u0113l\u0113t EuroMillions tie\u0161saist\u0113? J\u016bs nekad nezin\u0101t, par ko j\u016bs var\u0113tu sacensties un ko j\u016bs var\u0113tu laim\u0113t. Un viss process ir \u013coti vienk\u0101r\u0161s, lai s\u0101ktu. Ko j\u016bs varat zaud\u0113t, izm\u0113\u0123inot piln\u012bgi jaunu sp\u0113li ar vair\u0101k nek\u0101 100 miljonu d\u017eekpotu? Piln\u012bgi neko! Un n\u0101kamaj\u0101 izloz\u0113 j\u016bs varat laim\u0113t kaut ko milz\u012bgu.<\/p>\r\n<section class=\"layout\" style=\"border: solid 1px; width: 100%;\">\r\n<div class=\"img-div\" style=\"margin-top: 5px;\"><img decoding=\"async\" class=\"wp-image-17212 alignleft\" style=\"height: 45px; margin: 8px 8px 0px;\" src=\"https:\/\/redfoxlotto.com\/wp-content\/uploads\/sites\/9\/read1.jpg\" alt=\"Nopirkt loteriju tie\u0161saist\u0113\" width=\"\" height=\"\" \/><\/div>\r\n<div style=\"padding-left: 5px;\">\r\n<div style=\"font-size: 1.1em;\"><strong>Liel\u0101kie loterijas d\u017eekpoti, kas ieg\u016bti v\u0113stur\u0113<\/strong>\r\n<p style=\"font-size: 0.8em; margin-top: .5em;\">Uzziniet par da\u017eiem no v\u0113stur\u0113 liel\u0101kajiem loterijas d\u017eekpotu laimestiem, kas vien\u0101 nakt\u012b main\u012bja uzvar\u0113t\u0101ju dz\u012bvi. <a href=\"https:\/\/redfoxlotto.com\/lv\/largest-lottery-jackpots\/\">Las\u012bt vair\u0101k<\/a><\/p>\r\n<\/div>\r\n<\/div>\r\n<\/section>","protected":false},"excerpt":{"rendered":"<p>Vai esat k\u0101dreiz dzird\u0113ju\u0161i par EuroMillions? Ja dz\u012bvojat k\u0101d\u0101 no Eiropas valst\u012bm, tad noteikti esat. Bet, ja j\u016bs dz\u012bvojat Latvij\u0101, iesp\u0113jams, ka ne. T\u0101p\u0113c apl\u016bkosim nedaudz tuv\u0101k, k\u0101 sp\u0113l\u0113t EuroMillions tie\u0161saist\u0113, vai ne? EuroMillions ir starptautiska loterija, ko var sp\u0113l\u0113t devi\u0146\u0101s Eiropas valst\u012bs. Tas noz\u012bm\u0113, ka j\u016bs jau dz\u012bvojat valst\u012b, kur\u0101 varat ieg\u0101d\u0101ties bi\u013ceti. Tom\u0113r [&hellip;]<\/p>\n","protected":false},"author":1,"featured_media":0,"parent":17017,"menu_order":3,"comment_status":"closed","ping_status":"closed","template":"euromillions.php","meta":{"_et_pb_use_builder":"","_et_pb_old_content":"","_et_gb_content_width":"","exclude_from_search":false,"footnotes":""},"class_list":["post-17019","page","type-page","status-publish","hentry"],"yoast_head":"<!-- This site is optimized with the Yoast SEO plugin v23.8 - https:\/\/yoast.com\/wordpress\/plugins\/seo\/ -->\n<title>Sp\u0113l\u0113jiet Euromillions Loteriju te\u0161saist\u0113 no Latvijas | Eiropas liel\u0101k\u0101 loterija<\/title>\n<meta name=\"description\" content=\"Lotto fani no Latvijas var sp\u0113l\u0113t Euromillions tie\u0161saist\u0113 jau tagad - p\u0101rbaudiet m\u016bsu pakalpojumu par Euromillions bi\u013ceti.\" \/>\n<meta name=\"robots\" content=\"index, follow, max-snippet:-1, max-image-preview:large, max-video-preview:-1\" \/>\n<link rel=\"canonical\" href=\"https:\/\/redfoxlotto.com\/lv\/spelet\/euromillions\/\" \/>\n<meta property=\"og:locale\" content=\"lv_LV\" \/>\n<meta property=\"og:type\" content=\"article\" \/>\n<meta property=\"og:title\" content=\"Sp\u0113l\u0113jiet Euromillions Loteriju te\u0161saist\u0113 no Latvijas | Eiropas liel\u0101k\u0101 loterija\" \/>\n<meta property=\"og:description\" content=\"Lotto fani no Latvijas var sp\u0113l\u0113t Euromillions tie\u0161saist\u0113 jau tagad - p\u0101rbaudiet m\u016bsu pakalpojumu par Euromillions bi\u013ceti.\" \/>\n<meta property=\"og:url\" content=\"https:\/\/redfoxlotto.com\/lv\/spelet\/euromillions\/\" \/>\n<meta property=\"og:site_name\" content=\"Get Tickets for the World\u2019s largest jackpots\" \/>\n<meta property=\"article:modified_time\" content=\"2025-12-17T07:48:34+00:00\" \/>\n<meta property=\"og:image\" content=\"https:\/\/content.redfoxlotto.com\/uploads\/sites\/9\/2_ticket_euromillions.jpg\" \/>\n<meta name=\"twitter:card\" content=\"summary_large_image\" \/>\n<meta name=\"twitter:label1\" content=\"Est. reading time\" \/>\n\t<meta name=\"twitter:data1\" content=\"5 minutes\" \/>\n<script type=\"application\/ld+json\" class=\"yoast-schema-graph\">{\"@context\":\"https:\/\/schema.org\",\"@graph\":[{\"@type\":\"WebPage\",\"@id\":\"https:\/\/redfoxlotto.com\/lv\/spelet\/euromillions\/\",\"url\":\"https:\/\/redfoxlotto.com\/lv\/spelet\/euromillions\/\",\"name\":\"Sp\u0113l\u0113jiet Euromillions Loteriju te\u0161saist\u0113 no Latvijas | Eiropas liel\u0101k\u0101 loterija\",\"isPartOf\":{\"@id\":\"https:\/\/redfoxlotto.com\/lv\/#website\"},\"primaryImageOfPage\":{\"@id\":\"https:\/\/redfoxlotto.com\/lv\/spelet\/euromillions\/#primaryimage\"},\"image\":{\"@id\":\"https:\/\/redfoxlotto.com\/lv\/spelet\/euromillions\/#primaryimage\"},\"thumbnailUrl\":\"https:\/\/content.redfoxlotto.com\/uploads\/sites\/9\/2_ticket_euromillions.jpg\",\"datePublished\":\"2022-10-26T09:30:02+00:00\",\"dateModified\":\"2025-12-17T07:48:34+00:00\",\"description\":\"Lotto fani no Latvijas var sp\u0113l\u0113t Euromillions tie\u0161saist\u0113 jau tagad - p\u0101rbaudiet m\u016bsu pakalpojumu par Euromillions bi\u013ceti.\",\"breadcrumb\":{\"@id\":\"https:\/\/redfoxlotto.com\/lv\/spelet\/euromillions\/#breadcrumb\"},\"inLanguage\":\"lv-LV\",\"potentialAction\":[{\"@type\":\"ReadAction\",\"target\":[\"https:\/\/redfoxlotto.com\/lv\/spelet\/euromillions\/\"]}]},{\"@type\":\"ImageObject\",\"inLanguage\":\"lv-LV\",\"@id\":\"https:\/\/redfoxlotto.com\/lv\/spelet\/euromillions\/#primaryimage\",\"url\":\"https:\/\/content.redfoxlotto.com\/uploads\/sites\/9\/2_ticket_euromillions.jpg\",\"contentUrl\":\"https:\/\/content.redfoxlotto.com\/uploads\/sites\/9\/2_ticket_euromillions.jpg\"},{\"@type\":\"BreadcrumbList\",\"@id\":\"https:\/\/redfoxlotto.com\/lv\/spelet\/euromillions\/#breadcrumb\",\"itemListElement\":[{\"@type\":\"ListItem\",\"position\":1,\"name\":\"Home\",\"item\":\"https:\/\/redfoxlotto.com\/lv\/\"},{\"@type\":\"ListItem\",\"position\":2,\"name\":\"K\u0101 piedal\u012bties loterij\u0101s cit\u0101s valst\u012bs\",\"item\":\"https:\/\/redfoxlotto.com\/lv\/spelet\/\"},{\"@type\":\"ListItem\",\"position\":3,\"name\":\"K\u0101 sp\u0113l\u0113t Eiromiljonus no Latvijas\"}]},{\"@type\":\"WebSite\",\"@id\":\"https:\/\/redfoxlotto.com\/lv\/#website\",\"url\":\"https:\/\/redfoxlotto.com\/lv\/\",\"name\":\"Get Tickets for the World\u2019s largest jackpots\",\"description\":\"Participate in worldwide lottery jackpots from any country\",\"publisher\":{\"@id\":\"https:\/\/redfoxlotto.com\/lv\/#organization\"},\"potentialAction\":[{\"@type\":\"SearchAction\",\"target\":{\"@type\":\"EntryPoint\",\"urlTemplate\":\"https:\/\/redfoxlotto.com\/lv\/?s={search_term_string}\"},\"query-input\":{\"@type\":\"PropertyValueSpecification\",\"valueRequired\":true,\"valueName\":\"search_term_string\"}}],\"inLanguage\":\"lv-LV\"},{\"@type\":\"Organization\",\"@id\":\"https:\/\/redfoxlotto.com\/lv\/#organization\",\"name\":\"Get Tickets for the World\u2019s largest jackpots\",\"url\":\"https:\/\/redfoxlotto.com\/lv\/\",\"logo\":{\"@type\":\"ImageObject\",\"inLanguage\":\"lv-LV\",\"@id\":\"https:\/\/redfoxlotto.com\/lv\/#\/schema\/logo\/image\/\",\"url\":\"https:\/\/redfoxlotto.com\/wp-content\/uploads\/2023\/04\/logo.png\",\"contentUrl\":\"https:\/\/redfoxlotto.com\/wp-content\/uploads\/2023\/04\/logo.png\",\"width\":269,\"height\":53,\"caption\":\"Get Tickets for the World\u2019s largest jackpots\"},\"image\":{\"@id\":\"https:\/\/redfoxlotto.com\/lv\/#\/schema\/logo\/image\/\"}}]}<\/script>\n<!-- \/ Yoast SEO plugin. -->","yoast_head_json":{"title":"Sp\u0113l\u0113jiet Euromillions Loteriju te\u0161saist\u0113 no Latvijas | Eiropas liel\u0101k\u0101 loterija","description":"Lotto fani no Latvijas var sp\u0113l\u0113t Euromillions tie\u0161saist\u0113 jau tagad - p\u0101rbaudiet m\u016bsu pakalpojumu par Euromillions bi\u013ceti.","robots":{"index":"index","follow":"follow","max-snippet":"max-snippet:-1","max-image-preview":"max-image-preview:large","max-video-preview":"max-video-preview:-1"},"canonical":"https:\/\/redfoxlotto.com\/lv\/spelet\/euromillions\/","og_locale":"lv_LV","og_type":"article","og_title":"Sp\u0113l\u0113jiet Euromillions Loteriju te\u0161saist\u0113 no Latvijas | Eiropas liel\u0101k\u0101 loterija","og_description":"Lotto fani no Latvijas var sp\u0113l\u0113t Euromillions tie\u0161saist\u0113 jau tagad - p\u0101rbaudiet m\u016bsu pakalpojumu par Euromillions bi\u013ceti.","og_url":"https:\/\/redfoxlotto.com\/lv\/spelet\/euromillions\/","og_site_name":"Get Tickets for the World\u2019s largest jackpots","article_modified_time":"2025-12-17T07:48:34+00:00","og_image":[{"url":"https:\/\/content.redfoxlotto.com\/uploads\/sites\/9\/2_ticket_euromillions.jpg"}],"twitter_card":"summary_large_image","twitter_misc":{"Est. reading time":"5 minutes"},"schema":{"@context":"https:\/\/schema.org","@graph":[{"@type":"WebPage","@id":"https:\/\/redfoxlotto.com\/lv\/spelet\/euromillions\/","url":"https:\/\/redfoxlotto.com\/lv\/spelet\/euromillions\/","name":"Sp\u0113l\u0113jiet Euromillions Loteriju te\u0161saist\u0113 no Latvijas | Eiropas liel\u0101k\u0101 loterija","isPartOf":{"@id":"https:\/\/redfoxlotto.com\/lv\/#website"},"primaryImageOfPage":{"@id":"https:\/\/redfoxlotto.com\/lv\/spelet\/euromillions\/#primaryimage"},"image":{"@id":"https:\/\/redfoxlotto.com\/lv\/spelet\/euromillions\/#primaryimage"},"thumbnailUrl":"https:\/\/content.redfoxlotto.com\/uploads\/sites\/9\/2_ticket_euromillions.jpg","datePublished":"2022-10-26T09:30:02+00:00","dateModified":"2025-12-17T07:48:34+00:00","description":"Lotto fani no Latvijas var sp\u0113l\u0113t Euromillions tie\u0161saist\u0113 jau tagad - p\u0101rbaudiet m\u016bsu pakalpojumu par Euromillions bi\u013ceti.","breadcrumb":{"@id":"https:\/\/redfoxlotto.com\/lv\/spelet\/euromillions\/#breadcrumb"},"inLanguage":"lv-LV","potentialAction":[{"@type":"ReadAction","target":["https:\/\/redfoxlotto.com\/lv\/spelet\/euromillions\/"]}]},{"@type":"ImageObject","inLanguage":"lv-LV","@id":"https:\/\/redfoxlotto.com\/lv\/spelet\/euromillions\/#primaryimage","url":"https:\/\/content.redfoxlotto.com\/uploads\/sites\/9\/2_ticket_euromillions.jpg","contentUrl":"https:\/\/content.redfoxlotto.com\/uploads\/sites\/9\/2_ticket_euromillions.jpg"},{"@type":"BreadcrumbList","@id":"https:\/\/redfoxlotto.com\/lv\/spelet\/euromillions\/#breadcrumb","itemListElement":[{"@type":"ListItem","position":1,"name":"Home","item":"https:\/\/redfoxlotto.com\/lv\/"},{"@type":"ListItem","position":2,"name":"K\u0101 piedal\u012bties loterij\u0101s cit\u0101s valst\u012bs","item":"https:\/\/redfoxlotto.com\/lv\/spelet\/"},{"@type":"ListItem","position":3,"name":"K\u0101 sp\u0113l\u0113t Eiromiljonus no Latvijas"}]},{"@type":"WebSite","@id":"https:\/\/redfoxlotto.com\/lv\/#website","url":"https:\/\/redfoxlotto.com\/lv\/","name":"Get Tickets for the World\u2019s largest jackpots","description":"Participate in worldwide lottery jackpots from any country","publisher":{"@id":"https:\/\/redfoxlotto.com\/lv\/#organization"},"potentialAction":[{"@type":"SearchAction","target":{"@type":"EntryPoint","urlTemplate":"https:\/\/redfoxlotto.com\/lv\/?s={search_term_string}"},"query-input":{"@type":"PropertyValueSpecification","valueRequired":true,"valueName":"search_term_string"}}],"inLanguage":"lv-LV"},{"@type":"Organization","@id":"https:\/\/redfoxlotto.com\/lv\/#organization","name":"Get Tickets for the World\u2019s largest jackpots","url":"https:\/\/redfoxlotto.com\/lv\/","logo":{"@type":"ImageObject","inLanguage":"lv-LV","@id":"https:\/\/redfoxlotto.com\/lv\/#\/schema\/logo\/image\/","url":"https:\/\/redfoxlotto.com\/wp-content\/uploads\/2023\/04\/logo.png","contentUrl":"https:\/\/redfoxlotto.com\/wp-content\/uploads\/2023\/04\/logo.png","width":269,"height":53,"caption":"Get Tickets for the World\u2019s largest jackpots"},"image":{"@id":"https:\/\/redfoxlotto.com\/lv\/#\/schema\/logo\/image\/"}}]}},"_links":{"self":[{"href":"https:\/\/redfoxlotto.com\/lv\/wp-json\/wp\/v2\/pages\/17019","targetHints":{"allow":["GET"]}}],"collection":[{"href":"https:\/\/redfoxlotto.com\/lv\/wp-json\/wp\/v2\/pages"}],"about":[{"href":"https:\/\/redfoxlotto.com\/lv\/wp-json\/wp\/v2\/types\/page"}],"author":[{"embeddable":true,"href":"https:\/\/redfoxlotto.com\/lv\/wp-json\/wp\/v2\/users\/1"}],"replies":[{"embeddable":true,"href":"https:\/\/redfoxlotto.com\/lv\/wp-json\/wp\/v2\/comments?post=17019"}],"version-history":[{"count":0,"href":"https:\/\/redfoxlotto.com\/lv\/wp-json\/wp\/v2\/pages\/17019\/revisions"}],"up":[{"embeddable":true,"href":"https:\/\/redfoxlotto.com\/lv\/wp-json\/wp\/v2\/pages\/17017"}],"wp:attachment":[{"href":"https:\/\/redfoxlotto.com\/lv\/wp-json\/wp\/v2\/media?parent=17019"}],"curies":[{"name":"wp","href":"https:\/\/api.w.org\/{rel}","templated":true}]}}