{"id":17018,"date":"2023-04-24T17:44:36","date_gmt":"2023-04-24T17:44:36","guid":{"rendered":"https:\/\/redfoxlotto.com\/?page_id=2328"},"modified":"2025-12-16T14:19:41","modified_gmt":"2025-12-16T14:19:41","slug":"eurojackpot","status":"publish","type":"page","link":"https:\/\/redfoxlotto.com\/lv\/spelet\/eurojackpot\/","title":{"rendered":"Sp\u0113l\u0113jiet Eurojackpot"},"content":{"rendered":"<script type=\"application\/ld+json\">\r\n{\r\n  \"@context\": \"https:\/\/schema.org\",\r\n  \"@type\": \"Service\",\r\n  \"name\": \"Sp\u0113l\u0113jiet Eurojackpot tie\u0161saist\u0113\",\r\n  \"url\": \"https:\/\/redfoxlotto.com\/lv\/spelet\/eurojackpot\/\",\r\n  \"description\": \"Sp\u0113l\u0113jiet Eurojackpot loteriju tie\u0161saist\u0113 no jebkuras valsts. Apmekl\u0113jiet RedFoxLotto, izv\u0113lieties savus skait\u013cus un sa\u0146emiet bi\u013cetes.\",\r\n  \"serviceType\": \"Tie\u0161saistes loterijas bi\u013ce\u0161u starpniec\u012bbas pakalpojums\",\r\n  \"provider\": {\r\n    \"@type\": \"Organization\",\r\n    \"name\": \"RedFoxLotto\",\r\n    \"url\": \"https:\/\/redfoxlotto.com\/lv\/\",\r\n    \"image\": \"https:\/\/redfoxlotto.com\/wp-content\/uploads\/2025\/12\/ticket_scans.jpg\",\r\n    \"sameAs\": []\r\n  },\r\n  \"areaServed\": \"Worldwide\",\r\n  \"termsOfService\": \"https:\/\/redfoxlotto.com\/terms-and-conditions\",\r\n  \"additionalProperty\": {\r\n    \"@type\": \"PropertyValue\",\r\n    \"name\": \"FAQ\",\r\n    \"value\": \"https:\/\/redfoxlotto.com\/lv\/faq\/\"\r\n  },\r\n  \"hasOfferCatalog\": {\r\n    \"@type\": \"OfferCatalog\",\r\n    \"name\": \"Eurojackpot bi\u013cetes\",\r\n    \"itemListElement\": [\r\n      {\r\n        \"@type\": \"Offer\",\r\n        \"name\": \"Eurojackpot bi\u013cetes\",\r\n        \"url\": \"https:\/\/redfoxlotto.com\/lv\/spelet\/eurojackpot\/\",\r\n        \"description\": \"Noklik\u0161\u0137iniet \u0161eit, lai izv\u0113l\u0113tos savus skait\u013cus n\u0101kamajai Eurojackpot izlozei un pas\u016bt\u012btu bi\u013cetes tie\u0161saist\u0113.\",\r\n        \"price\": 6.00,\r\n        \"priceCurrency\": \"EUR\",\r\n        \"availability\": \"https:\/\/schema.org\/InStock\",\r\n        \"itemOffered\": {\r\n          \"@type\": \"Service\",\r\n          \"name\": \"Eurojackpot bi\u013cetes\",\r\n          \"description\": \"Piedalieties n\u0101kamaj\u0101 Eurojackpot izloz\u0113 ar RedFoxLotto.\"\r\n        }\r\n      }\r\n    ]\r\n  },\r\n  \"mainEntityOfPage\": {\r\n    \"@type\": \"WebPage\",\r\n    \"@id\": \"https:\/\/redfoxlotto.com\/lv\/spelet\/eurojackpot\/\"\r\n  }\r\n}\r\n<\/script><p>J\u016bs var\u0113tu b\u016bt dzird\u0113ju\u0161i par Eurojackpot Loto, neatkar\u012bgi no t\u0101 vai dz\u012bvojat k\u0101d\u0101 Eiropas valst\u012b, kur to var sp\u0113l\u0113t vai n\u0113. T\u0101 ir loterija, kas tika izveidota 2012. gad\u0101 19 Eiropas valst\u012bs. Bet ja j\u016bs dz\u012bvojat Latvij\u0101, vai ar\u012b k\u0101d\u0101 cit\u0101 valst\u012b, kas nav dal\u012bbcalstu sarakst\u0101, jums var\u0113tu neb\u016bt opcija ieg\u0101d\u0101ties eurojackpot bi\u013ceti tradicion\u0101laj\u0101 veid\u0101.<\/p><p>Tas noz\u012bm\u0113, ka v\u0113l neilgu br\u012bdi atpaka\u013c, jums neb\u016btu bijusi iesp\u0113ja sp\u0113l\u0113t \u0161o loteriju un tas noteikti nedod jums iesp\u0113ju laim\u0113t t\u0101s d\u017eekpotu, pareizi? Tagad j\u016bs varat sp\u0113l\u0113t Eurojackpot ar\u012b tie\u0161saist\u0113.<\/p><h2 class=\"wp-block-heading\">Internets k\u0101 gl\u0101b\u0113js<\/h2><p><img decoding=\"async\" class=\"size-full wp-image alignright\" src=\"https:\/\/content.redfoxlotto.com\/uploads\/sites\/9\/2_ticket_eurojackpot1.jpg\" alt=\"Eurojackpot play online\"><\/p><p>Risin\u0101jums loto faniem no Latvijas un citur pasaul\u0113 ir atrodams m\u016bsu m\u0101jaslap\u0101. Papildus eurojackpot, m\u0113s dodam jums iesp\u0113ju ieg\u0101d\u0101ties vair\u0101kas starptautiskas loterijas. M\u0113s pied\u0101v\u0101jam starpniekpakalpojumu loto bi\u013ce\u0161u ieg\u0101dei loterij\u0101m, kur\u0101m ir visliel\u0101kie d\u017eekpoti vis\u0101 pasaul\u0113. Liel\u0101k\u0101 da\u013ca, ja ne pat visas, \u0161\u012bs loterijas jums cit\u0101di neb\u016btu pieejamas, bet m\u0113s esam \u0161eit, lai jums pal\u012bdz\u0113tu!<\/p><h2 class=\"wp-block-heading\">K\u0101p\u0113c sp\u0113l\u0113t Eurojackpot?<\/h2><p>M\u0113s zin\u0101m, ka cilv\u0113ki no Latvijas v\u0113las piedal\u012bties un laim\u0113t lielo loteriju d\u017eekpotus t\u0101 viet\u0101, lai sp\u0113l\u0113tu maz\u0101kus d\u017eekpotus sav\u0101s nacion\u0101laj\u0101s loterij\u0101s.<\/p><p>Viss, kas vajadz\u012bgs, ir veikt izv\u0113li no m\u016bsu loteriju saraksta. Mums ir vair\u0101kas popul\u0101r\u0101k\u0101s loterijas no visas pasaul\u0113s. J\u016bs varat apskat\u012bt pilno sarakstu un apskat\u012bt, k\u0101das ir katras loterijas opcijas, un izv\u0113l\u0113ties sev interes\u0113jo\u0161\u0101s loterijas.<\/p><p>Tad izv\u0113lieties savus skait\u013cus manu\u0101li vai \u013caujiet skait\u013cu \u0123eneratoram izv\u0113l\u0113ties skait\u013cus j\u016bsu viet\u0101 (&#8220;\u0100tr\u0101 Izv\u0113le&#8221; funkcija). J\u016bs varat ar\u012b izmantot abas metodes kop\u0101, izv\u0113loties da\u017eus savus skait\u013cus un p\u0113c tam izmantojot \u0123eneratoru, lai aizpild\u012btu tr\u016bksto\u0161os skait\u013cus bi\u013cet\u0113s. T\u0101d\u0101 veid\u0101 j\u016bs varat par\u016bp\u0113ties par to, ka j\u016bsu bi\u013cet\u0113 b\u016bs skait\u013ci, ko tie\u0161\u0101m v\u0113laties un ar\u012b citi skait\u013ci no nejau\u0161\u0101s izv\u0113les.<\/p><p>Pievienojiet vair\u0101kas bi\u013cetes un izv\u0113lieties ar\u012b vair\u0101kas loterijas. Tas pal\u012bdz\u0113s palielin\u0101t laim\u0113\u0161anas iesp\u0113ju, jo piedal\u012bsieties vair\u0101k\u0101s loterij\u0101s vienlaic\u012bgi. J\u016bs ar\u012b var\u0113tu izmantot vienu no popul\u0101r\u0101kaj\u0101m m\u016bsu platformas iesp\u0113j\u0101m \u2013 sp\u0113l\u0113t ar vien\u0101diem skait\u013ciem da\u017e\u0101d\u0101s m\u016bsu pied\u0101v\u0101taj\u0101s loterij\u0101s.<\/p><p>Da\u017eiem tas \u0161\u0137iet k\u0101 lielisks veids, k\u0101 palielin\u0101t izredzes laim\u0113t, jo \u0161iem skait\u013ciem vien\u0101 no loterij\u0101m j\u0101b\u016bt pareizajiem k\u0101d\u0101 br\u012bd\u012b, pareizi? Ir j\u0101b\u016bt veidam, k\u0101 pan\u0101kt, ka \u0161ie skait\u013ci k\u013c\u016bst par laim\u012bgajiem?<\/p><p>Tikl\u012bdz jums b\u016bs visas bi\u013cetes, ko v\u0113laties, j\u016bs varat izmantot vienu no vair\u0101kiem dro\u0161ajiem maks\u0101jumu veidiem, k\u0101 ieg\u0101d\u0101ties j\u016bsu bi\u013cetes. M\u0113s pied\u0101v\u0101jam da\u017e\u0101dus veidus, k\u0101 veikt apmaksu par loterijas bi\u013cet\u0113m.<\/p><p><img decoding=\"async\" class=\"size-full wp-image alignright\" src=\"https:\/\/content.redfoxlotto.com\/uploads\/sites\/9\/1_play_eurojackpot.jpg\" alt=\"laim\u0113t Eurojackpot\"><\/p><p>Neaizmirstiet izv\u0113l\u0113ties cik loterij\u0101s p\u0113c k\u0101rtas j\u016bs v\u0113l\u0113tos piedal\u012bties. \u0160is ir \u012bpa\u0161i svar\u012bgi, jo \u0161obr\u012bd\u0113jais d\u017eekpots var netikt laim\u0113ts jau n\u0101kamaj\u0101 izloz\u0113. J\u016bs negrib\u0113tu nokav\u0113t iesp\u0113ju ieg\u016bt v\u0113l liel\u0101ku laimestu, pareizi?<\/p><h2 class=\"wp-block-heading\">Kas notiek t\u0101l\u0101k?<\/h2><p>Paties\u012bb\u0101 viss ir vienk\u0101r\u0161i, kad sp\u0113l\u0113jat Eurojackpot tie\u0161saist\u0113. Mums ir vair\u0101ku a\u0123entu t\u012bkls, kas ieg\u0101d\u0101sies j\u016bsu bi\u013cetes p\u0113c j\u016bsu specifikas. J\u016bsu klientu kont\u0101 RedFoxLotto.com, j\u016bs redz\u0113siet apstiprin\u0101jumu savam pirkumam. Protams, j\u016bs ar\u012b sa\u0146emsiet apstiprin\u0101jumu epast\u0101. Tas noz\u012bm\u0113, ka varat b\u016bt dro\u0161i par to, ka viss b\u016bs tie\u0161i k\u0101 j\u016bs pl\u0101nojat un j\u016bsu bi\u013cetes b\u016bs gatavas izlozei.<\/p><p>Un j\u016bs sa\u0146emsiet ar\u012b epasta notifik\u0101ciju, ja k\u0101da no j\u016bsu bi\u013cet\u0113m b\u016bs laim\u0113jusi. Ja j\u016bsu laimests b\u016bs maz\u0101ks nek\u0101 \u20ac2500, j\u016bs to uzreiz sa\u0146emsiet sav\u0101 klienta kont\u0101. Tad j\u016bs varat piepras\u012bt to izmaks\u0101t izv\u0113loties vienu no j\u016bsu maks\u0101jumu veidiem, vai varat izmantot \u0161o naudu, lai ieg\u0101d\u0101tos jaunas bi\u013cetes. Tas iev\u0113rojami atvieglos izv\u0113les veik\u0161anu, pareizi? Liel\u0101ku laimestu gad\u012bjumos m\u0113s ar jums sazin\u0101simies un noorganiz\u0113sim tie\u0161u maks\u0101jumu.<\/p><h2 class=\"wp-block-heading\">Eurojackpota sp\u0113les specifika<\/h2><p>Tagad, ja pl\u0101nojat sp\u0113l\u0113t Eurojackpot no Latvijas, jums j\u0101zina k\u0101 to dar\u012bt. Tas ir patie\u0161\u0101m vienk\u0101r\u0161i. J\u016bsu bi\u013cet\u0113 jums j\u0101izv\u0113las pieci skait\u013ci no 1 l\u012bdz 50, un 2 skait\u013ci no 1 l\u012bdz 12. D\u017eekpota minimums ir 10 miljoni \u20ac. Ir viens aspekts, kur\u0101 \u0161\u012b loterija at\u0161\u0137iras no p\u0101r\u0113j\u0101m. Tikl\u012bdz d\u017eekpots sasniedz 120 miljonus \u20ac, tas tiek fiks\u0113ts.<\/p><p>Tas noz\u012bm\u0113, ka visa nauda, kas parasti tiktu pievienota d\u017eekpotam, tiks pievienota otr\u0101 l\u012bme\u0146a balvu fondam. Lai ieg\u016btu to balvu, jums vajag uzmin\u0113t 5 plus 1 skaitli sav\u0101 bi\u013cet\u0113. J\u016bsu iesp\u0113jas ieg\u016bt \u0161o balvu, protams, ir 12 reizes lab\u0101kas, sal\u012bdzinot ar iesp\u0113ju laim\u0113t d\u017eekpotu ar 5 plus 2 skait\u013ciem!<\/p><p>Tas noz\u012bm\u0113, ka ja d\u017eekpots sasniedz maksim\u0101lo apjomu, jums paties\u012bb\u0101 ir v\u0113l viena iesp\u0113ja laim\u0113t lielu d\u017eekpotu. Otr\u0101 l\u012bme\u0146a balvu ir viegl\u0101k laim\u0113t un balvas apjoms uz \u0161o kombin\u0101ciju turpin\u0101s pieaugt. Tas noteikti palielin\u0101s j\u016bsu iesp\u0113jas ieg\u016bt lielo naudas balvu, pareizi?<\/p><p>Un tas noz\u012bm\u0113, ka pat, ja d\u017eekpots b\u016bs nedaudz maz\u0101ks, kad tas sasniedz savu fiks\u0113to limitu, jums v\u0113l joproj\u0101m b\u016bs izdev\u012bgi ieg\u0101d\u0101ties vienu no \u0161\u012bm bi\u013cet\u0113m, jo jums b\u016bs iesp\u0113ja ieg\u016bt ar\u012b otro naudas l\u012bmeni, kas t\u0101pat b\u016bs pietiekami liels, lai b\u016btu izdev\u012bgi ilgtermi\u0146\u0101, kad ieg\u0101d\u0101jaties Eurojackpot tie\u0161saist\u0113.<\/p><p><strong>S\u0101kat sp\u0113l\u0113t starptautiskas loterijas jau tagad \u2013&nbsp;ieg\u0101d\u0101jaties Eurojackpot bi\u013cetes jau \u0161odien!<\/strong><\/p>","protected":false},"excerpt":{"rendered":"<p>J\u016bs var\u0113tu b\u016bt dzird\u0113ju\u0161i par Eurojackpot Loto, neatkar\u012bgi no t\u0101 vai dz\u012bvojat k\u0101d\u0101 Eiropas valst\u012b, kur to var sp\u0113l\u0113t vai n\u0113. T\u0101 ir loterija, kas tika izveidota 2012. gad\u0101 19 Eiropas valst\u012bs. Bet ja j\u016bs dz\u012bvojat Latvij\u0101, vai ar\u012b k\u0101d\u0101 cit\u0101 valst\u012b, kas nav dal\u012bbcalstu sarakst\u0101, jums var\u0113tu neb\u016bt opcija ieg\u0101d\u0101ties eurojackpot bi\u013ceti tradicion\u0101laj\u0101 veid\u0101. [&hellip;]<\/p>\n","protected":false},"author":1,"featured_media":0,"parent":17017,"menu_order":4,"comment_status":"closed","ping_status":"closed","template":"eurojackpot.php","meta":{"_et_pb_use_builder":"","_et_pb_old_content":"","_et_gb_content_width":"","exclude_from_search":false,"footnotes":""},"class_list":["post-17018","page","type-page","status-publish","hentry"],"yoast_head":"<!-- This site is optimized with the Yoast SEO plugin v23.8 - https:\/\/yoast.com\/wordpress\/plugins\/seo\/ -->\n<title>Eurojackpot Loterija tie\u0161saist\u0113 \u2013 sp\u0113l\u0113jiet no Latvijas<\/title>\n<meta name=\"description\" content=\"Ieg\u016bstiet pieeju Eurojackpot tagad \u2013 neatkar\u012bgi no t\u0101, kur\u0101 valst\u012b dz\u012bvojat, sp\u0113l\u0113jiet starptautiskas loterijas tie\u0161saist\u0113 no Latvijas\" \/>\n<meta name=\"robots\" content=\"index, follow, max-snippet:-1, max-image-preview:large, max-video-preview:-1\" \/>\n<link rel=\"canonical\" href=\"https:\/\/redfoxlotto.com\/lv\/spelet\/eurojackpot\/\" \/>\n<meta property=\"og:locale\" content=\"lv_LV\" \/>\n<meta property=\"og:type\" content=\"article\" \/>\n<meta property=\"og:title\" content=\"Eurojackpot Loterija tie\u0161saist\u0113 \u2013 sp\u0113l\u0113jiet no Latvijas\" \/>\n<meta property=\"og:description\" content=\"Ieg\u016bstiet pieeju Eurojackpot tagad \u2013 neatkar\u012bgi no t\u0101, kur\u0101 valst\u012b dz\u012bvojat, sp\u0113l\u0113jiet starptautiskas loterijas tie\u0161saist\u0113 no Latvijas\" \/>\n<meta property=\"og:url\" content=\"https:\/\/redfoxlotto.com\/lv\/spelet\/eurojackpot\/\" \/>\n<meta property=\"og:site_name\" content=\"Get Tickets for the World\u2019s largest jackpots\" \/>\n<meta property=\"article:modified_time\" content=\"2025-12-16T14:19:41+00:00\" \/>\n<meta property=\"og:image\" content=\"https:\/\/content.redfoxlotto.com\/uploads\/sites\/9\/2_ticket_eurojackpot1.jpg\" \/>\n<meta name=\"twitter:card\" content=\"summary_large_image\" \/>\n<meta name=\"twitter:label1\" content=\"Est. reading time\" \/>\n\t<meta name=\"twitter:data1\" content=\"4 minutes\" \/>\n<script type=\"application\/ld+json\" class=\"yoast-schema-graph\">{\"@context\":\"https:\/\/schema.org\",\"@graph\":[{\"@type\":\"WebPage\",\"@id\":\"https:\/\/redfoxlotto.com\/lv\/spelet\/eurojackpot\/\",\"url\":\"https:\/\/redfoxlotto.com\/lv\/spelet\/eurojackpot\/\",\"name\":\"Eurojackpot Loterija tie\u0161saist\u0113 \u2013 sp\u0113l\u0113jiet no Latvijas\",\"isPartOf\":{\"@id\":\"https:\/\/redfoxlotto.com\/lv\/#website\"},\"primaryImageOfPage\":{\"@id\":\"https:\/\/redfoxlotto.com\/lv\/spelet\/eurojackpot\/#primaryimage\"},\"image\":{\"@id\":\"https:\/\/redfoxlotto.com\/lv\/spelet\/eurojackpot\/#primaryimage\"},\"thumbnailUrl\":\"https:\/\/content.redfoxlotto.com\/uploads\/sites\/9\/2_ticket_eurojackpot1.jpg\",\"datePublished\":\"2023-04-24T17:44:36+00:00\",\"dateModified\":\"2025-12-16T14:19:41+00:00\",\"description\":\"Ieg\u016bstiet pieeju Eurojackpot tagad \u2013 neatkar\u012bgi no t\u0101, kur\u0101 valst\u012b dz\u012bvojat, sp\u0113l\u0113jiet starptautiskas loterijas tie\u0161saist\u0113 no Latvijas\",\"breadcrumb\":{\"@id\":\"https:\/\/redfoxlotto.com\/lv\/spelet\/eurojackpot\/#breadcrumb\"},\"inLanguage\":\"lv-LV\",\"potentialAction\":[{\"@type\":\"ReadAction\",\"target\":[\"https:\/\/redfoxlotto.com\/lv\/spelet\/eurojackpot\/\"]}]},{\"@type\":\"ImageObject\",\"inLanguage\":\"lv-LV\",\"@id\":\"https:\/\/redfoxlotto.com\/lv\/spelet\/eurojackpot\/#primaryimage\",\"url\":\"https:\/\/content.redfoxlotto.com\/uploads\/sites\/9\/2_ticket_eurojackpot1.jpg\",\"contentUrl\":\"https:\/\/content.redfoxlotto.com\/uploads\/sites\/9\/2_ticket_eurojackpot1.jpg\"},{\"@type\":\"BreadcrumbList\",\"@id\":\"https:\/\/redfoxlotto.com\/lv\/spelet\/eurojackpot\/#breadcrumb\",\"itemListElement\":[{\"@type\":\"ListItem\",\"position\":1,\"name\":\"Home\",\"item\":\"https:\/\/redfoxlotto.com\/lv\/\"},{\"@type\":\"ListItem\",\"position\":2,\"name\":\"K\u0101 piedal\u012bties loterij\u0101s cit\u0101s valst\u012bs\",\"item\":\"https:\/\/redfoxlotto.com\/lv\/spelet\/\"},{\"@type\":\"ListItem\",\"position\":3,\"name\":\"Sp\u0113l\u0113jiet Eurojackpot\"}]},{\"@type\":\"WebSite\",\"@id\":\"https:\/\/redfoxlotto.com\/lv\/#website\",\"url\":\"https:\/\/redfoxlotto.com\/lv\/\",\"name\":\"Get Tickets for the World\u2019s largest jackpots\",\"description\":\"Participate in worldwide lottery jackpots from any country\",\"publisher\":{\"@id\":\"https:\/\/redfoxlotto.com\/lv\/#organization\"},\"potentialAction\":[{\"@type\":\"SearchAction\",\"target\":{\"@type\":\"EntryPoint\",\"urlTemplate\":\"https:\/\/redfoxlotto.com\/lv\/?s={search_term_string}\"},\"query-input\":{\"@type\":\"PropertyValueSpecification\",\"valueRequired\":true,\"valueName\":\"search_term_string\"}}],\"inLanguage\":\"lv-LV\"},{\"@type\":\"Organization\",\"@id\":\"https:\/\/redfoxlotto.com\/lv\/#organization\",\"name\":\"Get Tickets for the World\u2019s largest jackpots\",\"url\":\"https:\/\/redfoxlotto.com\/lv\/\",\"logo\":{\"@type\":\"ImageObject\",\"inLanguage\":\"lv-LV\",\"@id\":\"https:\/\/redfoxlotto.com\/lv\/#\/schema\/logo\/image\/\",\"url\":\"https:\/\/redfoxlotto.com\/wp-content\/uploads\/2023\/04\/logo.png\",\"contentUrl\":\"https:\/\/redfoxlotto.com\/wp-content\/uploads\/2023\/04\/logo.png\",\"width\":269,\"height\":53,\"caption\":\"Get Tickets for the World\u2019s largest jackpots\"},\"image\":{\"@id\":\"https:\/\/redfoxlotto.com\/lv\/#\/schema\/logo\/image\/\"}}]}<\/script>\n<!-- \/ Yoast SEO plugin. -->","yoast_head_json":{"title":"Eurojackpot Loterija tie\u0161saist\u0113 \u2013 sp\u0113l\u0113jiet no Latvijas","description":"Ieg\u016bstiet pieeju Eurojackpot tagad \u2013 neatkar\u012bgi no t\u0101, kur\u0101 valst\u012b dz\u012bvojat, sp\u0113l\u0113jiet starptautiskas loterijas tie\u0161saist\u0113 no Latvijas","robots":{"index":"index","follow":"follow","max-snippet":"max-snippet:-1","max-image-preview":"max-image-preview:large","max-video-preview":"max-video-preview:-1"},"canonical":"https:\/\/redfoxlotto.com\/lv\/spelet\/eurojackpot\/","og_locale":"lv_LV","og_type":"article","og_title":"Eurojackpot Loterija tie\u0161saist\u0113 \u2013 sp\u0113l\u0113jiet no Latvijas","og_description":"Ieg\u016bstiet pieeju Eurojackpot tagad \u2013 neatkar\u012bgi no t\u0101, kur\u0101 valst\u012b dz\u012bvojat, sp\u0113l\u0113jiet starptautiskas loterijas tie\u0161saist\u0113 no Latvijas","og_url":"https:\/\/redfoxlotto.com\/lv\/spelet\/eurojackpot\/","og_site_name":"Get Tickets for the World\u2019s largest jackpots","article_modified_time":"2025-12-16T14:19:41+00:00","og_image":[{"url":"https:\/\/content.redfoxlotto.com\/uploads\/sites\/9\/2_ticket_eurojackpot1.jpg"}],"twitter_card":"summary_large_image","twitter_misc":{"Est. reading time":"4 minutes"},"schema":{"@context":"https:\/\/schema.org","@graph":[{"@type":"WebPage","@id":"https:\/\/redfoxlotto.com\/lv\/spelet\/eurojackpot\/","url":"https:\/\/redfoxlotto.com\/lv\/spelet\/eurojackpot\/","name":"Eurojackpot Loterija tie\u0161saist\u0113 \u2013 sp\u0113l\u0113jiet no Latvijas","isPartOf":{"@id":"https:\/\/redfoxlotto.com\/lv\/#website"},"primaryImageOfPage":{"@id":"https:\/\/redfoxlotto.com\/lv\/spelet\/eurojackpot\/#primaryimage"},"image":{"@id":"https:\/\/redfoxlotto.com\/lv\/spelet\/eurojackpot\/#primaryimage"},"thumbnailUrl":"https:\/\/content.redfoxlotto.com\/uploads\/sites\/9\/2_ticket_eurojackpot1.jpg","datePublished":"2023-04-24T17:44:36+00:00","dateModified":"2025-12-16T14:19:41+00:00","description":"Ieg\u016bstiet pieeju Eurojackpot tagad \u2013 neatkar\u012bgi no t\u0101, kur\u0101 valst\u012b dz\u012bvojat, sp\u0113l\u0113jiet starptautiskas loterijas tie\u0161saist\u0113 no Latvijas","breadcrumb":{"@id":"https:\/\/redfoxlotto.com\/lv\/spelet\/eurojackpot\/#breadcrumb"},"inLanguage":"lv-LV","potentialAction":[{"@type":"ReadAction","target":["https:\/\/redfoxlotto.com\/lv\/spelet\/eurojackpot\/"]}]},{"@type":"ImageObject","inLanguage":"lv-LV","@id":"https:\/\/redfoxlotto.com\/lv\/spelet\/eurojackpot\/#primaryimage","url":"https:\/\/content.redfoxlotto.com\/uploads\/sites\/9\/2_ticket_eurojackpot1.jpg","contentUrl":"https:\/\/content.redfoxlotto.com\/uploads\/sites\/9\/2_ticket_eurojackpot1.jpg"},{"@type":"BreadcrumbList","@id":"https:\/\/redfoxlotto.com\/lv\/spelet\/eurojackpot\/#breadcrumb","itemListElement":[{"@type":"ListItem","position":1,"name":"Home","item":"https:\/\/redfoxlotto.com\/lv\/"},{"@type":"ListItem","position":2,"name":"K\u0101 piedal\u012bties loterij\u0101s cit\u0101s valst\u012bs","item":"https:\/\/redfoxlotto.com\/lv\/spelet\/"},{"@type":"ListItem","position":3,"name":"Sp\u0113l\u0113jiet Eurojackpot"}]},{"@type":"WebSite","@id":"https:\/\/redfoxlotto.com\/lv\/#website","url":"https:\/\/redfoxlotto.com\/lv\/","name":"Get Tickets for the World\u2019s largest jackpots","description":"Participate in worldwide lottery jackpots from any country","publisher":{"@id":"https:\/\/redfoxlotto.com\/lv\/#organization"},"potentialAction":[{"@type":"SearchAction","target":{"@type":"EntryPoint","urlTemplate":"https:\/\/redfoxlotto.com\/lv\/?s={search_term_string}"},"query-input":{"@type":"PropertyValueSpecification","valueRequired":true,"valueName":"search_term_string"}}],"inLanguage":"lv-LV"},{"@type":"Organization","@id":"https:\/\/redfoxlotto.com\/lv\/#organization","name":"Get Tickets for the World\u2019s largest jackpots","url":"https:\/\/redfoxlotto.com\/lv\/","logo":{"@type":"ImageObject","inLanguage":"lv-LV","@id":"https:\/\/redfoxlotto.com\/lv\/#\/schema\/logo\/image\/","url":"https:\/\/redfoxlotto.com\/wp-content\/uploads\/2023\/04\/logo.png","contentUrl":"https:\/\/redfoxlotto.com\/wp-content\/uploads\/2023\/04\/logo.png","width":269,"height":53,"caption":"Get Tickets for the World\u2019s largest jackpots"},"image":{"@id":"https:\/\/redfoxlotto.com\/lv\/#\/schema\/logo\/image\/"}}]}},"_links":{"self":[{"href":"https:\/\/redfoxlotto.com\/lv\/wp-json\/wp\/v2\/pages\/17018","targetHints":{"allow":["GET"]}}],"collection":[{"href":"https:\/\/redfoxlotto.com\/lv\/wp-json\/wp\/v2\/pages"}],"about":[{"href":"https:\/\/redfoxlotto.com\/lv\/wp-json\/wp\/v2\/types\/page"}],"author":[{"embeddable":true,"href":"https:\/\/redfoxlotto.com\/lv\/wp-json\/wp\/v2\/users\/1"}],"replies":[{"embeddable":true,"href":"https:\/\/redfoxlotto.com\/lv\/wp-json\/wp\/v2\/comments?post=17018"}],"version-history":[{"count":0,"href":"https:\/\/redfoxlotto.com\/lv\/wp-json\/wp\/v2\/pages\/17018\/revisions"}],"up":[{"embeddable":true,"href":"https:\/\/redfoxlotto.com\/lv\/wp-json\/wp\/v2\/pages\/17017"}],"wp:attachment":[{"href":"https:\/\/redfoxlotto.com\/lv\/wp-json\/wp\/v2\/media?parent=17018"}],"curies":[{"name":"wp","href":"https:\/\/api.w.org\/{rel}","templated":true}]}}