{"id":17017,"date":"2023-04-24T14:10:57","date_gmt":"2023-04-24T14:10:57","guid":{"rendered":"https:\/\/redfoxlotto.com\/?page_id=2326"},"modified":"2025-12-15T18:58:50","modified_gmt":"2025-12-15T18:58:50","slug":"spelet","status":"publish","type":"page","link":"https:\/\/redfoxlotto.com\/lv\/spelet\/","title":{"rendered":"K\u0101 piedal\u012bties loterij\u0101s cit\u0101s valst\u012bs"},"content":{"rendered":"<script type=\"application\/ld+json\">\r\n{\r\n  \"@context\": \"https:\/\/schema.org\",\r\n  \"@type\": \"Service\",\r\n  \"name\": \"Sp\u0113l\u0113jiet starptautisk\u0101s loterijas tie\u0161saist\u0113\",\r\n  \"url\": \"https:\/\/redfoxlotto.com\/lv\/spelet\/\",\r\n  \"description\": \"Sp\u0113l\u0113jiet loteriju tie\u0161saist\u0113 un laim\u0113jiet starptautiskos loto d\u017eekpotus.\",\r\n  \"serviceType\": \"Tie\u0161saistes loterijas bi\u013ce\u0161u starpniec\u012bbas pakalpojums\",\r\n  \"provider\": {\r\n    \"@type\": \"Organization\",\r\n    \"name\": \"RedFoxLotto\",\r\n    \"url\": \"https:\/\/redfoxlotto.com\/lv\/spelet\/\",\r\n    \"image\": \"https:\/\/redfoxlotto.com\/wp-content\/uploads\/2025\/12\/ticket_scans.jpg\"\r\n  },\r\n  \"areaServed\": \"Vis\u0101 pasaul\u0113\",\r\n  \"termsOfService\": \"https:\/\/redfoxlotto.com\/terms-and-conditions\",\r\n  \"additionalProperty\": {\r\n    \"@type\": \"PropertyValue\",\r\n    \"name\": \"BUJ\",\r\n    \"value\": \"https:\/\/redfoxlotto.com\/lv\/faq\/\"\r\n  },\r\n  \"hasOfferCatalog\": {\r\n    \"@type\": \"OfferCatalog\",\r\n    \"name\": \"Starptautisk\u0101s loterijas bi\u013cetes\",\r\n    \"itemListElement\": [\r\n      {\r\n        \"@type\": \"Offer\",\r\n        \"name\": \"Starptautisk\u0101s loterijas bi\u013cetes\",\r\n        \"url\": \"https:\/\/redfoxlotto.com\/lv\/spelet\/\",\r\n        \"description\": \"Sp\u0113l\u0113jiet starptautisk\u0101s loterijas tie\u0161saist\u0113. D\u017eekpoti k\u0101 Powerball, Mega Millions un Euromillions \u2014 laim\u0113jiet no jebkuras vietas.\",\r\n        \"availability\": \"https:\/\/schema.org\/InStock\",\r\n        \"itemOffered\": {\r\n          \"@type\": \"Service\",\r\n          \"name\": \"Starptautisk\u0101s loterijas bi\u013cetes\",\r\n          \"description\": \"Starptautisko loteriju sp\u0113l\u0113\u0161ana tie\u0161saist\u0113 sniedz vair\u0101k iesp\u0113ju un lab\u0101kas izredzes uz laimestu.\"\r\n        }\r\n      }\r\n    ]\r\n  },\r\n  \"mainEntityOfPage\": {\r\n    \"@type\": \"WebPage\",\r\n    \"@id\": \"https:\/\/redfoxlotto.com\/lv\/spelet\/\"\r\n  }\r\n}\r\n<\/script><h2 class=\"wp-block-heading\">Vair\u0101k loterijas un d\u017eekpoti viiem, kas v\u0113las sp\u0113l\u0113t!<\/h2><p>Lieliskas zi\u0146as visiem loto faniem vis\u0101 pasaul\u0113 \u2013 J\u016bs vairs neesiet ierobe\u017eoti sp\u0113l\u0113t tikai nacion\u0101l\u0101s loterijas! Vai atceraties, kad loterijas pirmo reizi s\u0101ka k\u013c\u016bt popul\u0101ras? Tas nebija nemaz tik sen, kad visi s\u0101ka sp\u0113l\u0113t savas viet\u0113j\u0101s un nacion\u0101l\u0101s loterijas. Bet l\u012bdz \u0161im t\u0101s bija vien\u012bg\u0101s, kuras j\u016bs var\u0113j\u0101t sp\u0113l\u0113t. Vien\u012bg\u0101 opcija bija sp\u0113l\u0113t tikai savas nacion\u0101l\u0101s loterijas.<\/p><p>Pirms tam jums nebija pieejas starptautisk\u0101m loterij\u0101m. J\u016bs nevar\u0113j\u0101t ieg\u0101d\u0101ties bi\u013cetes, lai piedal\u012btos \u0161o loteriju d\u017eekpotos no savas valsts. Bet internets ir atrisin\u0101jis \u0161o probl\u0113mu. \u0160eit RedFoxLotto.com, jums ir iesp\u0113ja sp\u0113l\u0113t da\u017e\u0101das starptautisk\u0101s loterijas tie\u0161saist\u0113. Bet k\u0101 j\u016bs varat sp\u0113l\u0113t loterijas tie\u0161saist\u0113?<\/p><h2 class=\"wp-block-heading\">Ieg\u0101d\u0101joties j\u016bsu loterijas bi\u013cetes tie\u0161saist\u0113<\/h2><p><img loading=\"lazy\" decoding=\"async\" class=\"size-full wp-image1 alignright\" src=\"https:\/\/content.redfoxlotto.com\/uploads\/sites\/9\/1_playing_lottery_online.jpg\" alt=\"sp\u0113l\u0113jiet un laim\u0113jiet tie\u0161sais\" width=\"212\" height=\"142\"><\/p><p>RedFoxLotto.com ir j\u016bsu starpniekserviss loterijas bi\u013cet\u0113m, neatkar\u012bgi no t\u0101, kur\u0101 valst\u012b j\u016bs t\u0101s v\u0113laties ieg\u0101d\u0101ties. Mums ir a\u0123enti da\u017e\u0101d\u0101s valst\u012bs, kur tiek izloz\u0113ti lielie d\u017eekpoti, un vi\u0146i par\u016bp\u0113jas par j\u016bsu v\u0113lm\u0113m, lok\u0101li ieg\u0101d\u0101joties jebkuras loterijas bi\u013cetes, kuras v\u0113laties.<\/p><p>J\u016bs, m\u016bsu klients, varat ieg\u0101d\u0101ties j\u016bsu bi\u013cetes no mums tie\u0161saist\u0113. Jums vienk\u0101r\u0161i j\u0101dodas uz m\u016bsu m\u0101jaslapu, un m\u0113s jums pied\u0101v\u0101sim daudz da\u017e\u0101das izv\u0113les iesp\u0113jas, it k\u0101 j\u016bs pa\u0161i t\u0101s sp\u0113l\u0113tu lok\u0101li.<\/p><p>Protams, j\u016bs var\u0113siet ar\u012b izv\u0113l\u0113ties savus skait\u013cus. Papildus j\u016bs var\u0113siet ar\u012b izv\u0113l\u0113ties cik daudz da\u017e\u0101du skait\u013cu kombin\u0101cijas j\u016bs v\u0113laties un cik loterij\u0101m j\u016bsu bi\u013cetei b\u016btu j\u0101b\u016bt der\u012bgai. Maks\u0101jums tiek veikts tie\u0161saist\u0113, piem\u0113ram, ar kred\u012btkarti, Bitcoin vai jebkuru citu maks\u0101juma metodi, kas atrodama m\u016bsu m\u0101jaslap\u0101. Ja v\u0113laties izv\u0113l\u0113ties savus skait\u013cus, tad vienk\u0101r\u0161i at\u0137eks\u0113jiet tos. Ja v\u0113laties, lai m\u0113s izv\u0113lamies skait\u013cus jaukt\u0101 sec\u012bb\u0101, tad vienk\u0101r\u0161i nospiediet &#8220;\u0100tr\u0101 Izv\u0113le&#8221; opciju un m\u0113s autom\u0101tiski uz\u0123ener\u0113sim skait\u013cu izv\u0113li.<\/p><h2 class=\"wp-block-heading\">Kuras Sp\u0113les Sp\u0113l\u0113t<\/h2><p>Protams, j\u016bs varat piedal\u012bties ar\u012b vair\u0101k k\u0101 vien\u0101 starptautisk\u0101 loterij\u0101 vienlaic\u012bgi, sp\u0113l\u0113jot loterijas tie\u0161saist\u0113. Ja apskat\u012bsiet m\u016bsu pla\u0161o izv\u0113li un jums patiks vair\u0101kas loterijas, to var\u0113siet izmantot. M\u0113s iesak\u0101m izv\u0113l\u0113ties loterijas ar liel\u0101kajiem d\u017eekpotiem konkr\u0113taj\u0101 dien\u0101, vai diviem liel\u0101kajiem d\u017eekpotiem vai pat vair\u0101k.<\/p><p>Piem\u0113ram, bie\u017ei vien gan Powerball US un Mega Millions US ir milz\u012bgi d\u017eekpoti vienlaic\u012bgi. D\u017eekpoti bie\u017ei vien sasniedz $500 miljonus ASV. V\u0113sturiski ir biju\u0161i ar\u012b d\u017eekpoti, kas sasniedz 1.5 miljardus.<\/p><p>Paties\u012bb\u0101 \u0161\u012bs abas loterijas ir vienas no visliel\u0101kaj\u0101m vis\u0101 pasaul\u0113. K\u0101p\u0113c gan t\u0101s neizm\u0113\u0123in\u0101t un apskat\u012bt, vai gad\u012bjum\u0101 jums neuzsmaida veiksme un j\u016bs laim\u0113jat lielisku laimestu? V\u0113l kas: \u013coti popul\u0101ra metode ir sp\u0113l\u0113t ar vien\u0101diem skait\u013ciem da\u017e\u0101d\u0101s loterij\u0101s vien\u0101 ned\u0113\u013c\u0101.<\/p><p>Ja j\u016bs nelaim\u0113jat vien\u0101 loterij\u0101, iesp\u0113jams j\u016bsu skait\u013ci b\u016bs veiksm\u012bgi cit\u0101? \u0160is ir gudrs veids k\u0101 palielin\u0101t iesp\u0113jas, ka j\u016bsu m\u012b\u013cakie skait\u013ci izr\u0101d\u0101s laim\u012bgie. \u0160\u012b metode padara loteriju sp\u0113l\u0113\u0161anu daudz aizraujo\u0161\u0101ku!<\/p><h2 class=\"wp-block-heading\">K\u0101p\u0113c Sp\u0113l\u0113t Starptautisk\u0101s Loterijas?<\/h2><p><img loading=\"lazy\" decoding=\"async\" class=\"size-full wp-image alignright\" src=\"https:\/\/content.redfoxlotto.com\/uploads\/sites\/9\/1_mega_lotto_jackpot.jpg\" alt=\"tie\u0161saistes loterijas izmaksas\" width=\"162\" height=\"186\"><\/p><p>Jebkur\u0161, kur\u0161 sp\u0113l\u0113 starptautiskas loterijas, izmanto savus l\u012bdzek\u013cus gudri. Da\u017ei loteriju sp\u0113l\u0113t\u0101ji ieg\u0101d\u0101jas bi\u013cetes nacion\u0101laj\u0101s loteriju izloz\u0113s katru ned\u0113\u013cu, neatkar\u012bgi no t\u0101, cik liels ir d\u017eekpots. Matem\u0101tika un lo\u0123ika atbalsta to, ka ir daudz lab\u0101k ieg\u0101d\u0101ties bi\u013ceti loterijai, kuras d\u017eekpots ir 200 miljoni, nek\u0101 loteriju, kuras d\u017eekpots ir 2 miljoni. Tas ir izdev\u012bg\u0101k ar\u012b situ\u0101cij\u0101s, ja tie\u0161saistes bi\u013cete ir d\u0101rg\u0101ka par j\u016bsu lok\u0101l\u0101s loterijas bi\u013ceti. Jums b\u016bs vien\u0101das izredzes laim\u0113t, bet ja j\u016bs laim\u0113siet, jums b\u016bs iesp\u0113ja ieg\u016bt daudz reiz liel\u0101ku laimestu.<\/p><p>Protams, par m\u016bsu pakalpijumu, mums ir j\u0101prasa ar\u012b liel\u0101ka cena, lai nosegtu m\u016bsuizmaksas. Ar\u012b m\u0113s v\u0113lamies nopeln\u012bt naudu. Bet pie\u0146emsim, ka tie\u0161saistes loterijas bi\u013cete maks\u0101 4.50 &#8211; 5.00\u20ac, bet d\u017eekpots ir 200 miljoni. Savuk\u0101rt nacion\u0101laj\u0101 loterij\u0101 bi\u013cete maks\u0101 \u20ac2.00 un d\u017eekpots ir 10 miljoni. Kas ir lab\u0101k un izdev\u012bg\u0101k? Atbilde uz \u0161o jaut\u0101jumu noteikti ir pa\u0161saprotama. Sp\u0113l\u0113t starptautiskas loterijas ar iesp\u0113ju sp\u0113l\u0113t t\u0101s tie\u0161saist\u0113 un pretend\u0113t uz daudz liel\u0101kiem d\u017eekpotiem, ir daudz lo\u0123isk\u0101k!<\/p><h2 class=\"wp-block-heading\">K\u0101 J\u016bs Sa\u0146emsiet Naudu<\/h2><p>RedFoxLotto.com ar\u012b garant\u0113, ka j\u016bs sa\u0146emsiet savus laimestus. M\u0113s nepras\u012bsim komisijas maksu, iz\u0146emot mazu komisiju, ja gad\u012bjum\u0101 tiks veikts bankas p\u0101rskait\u012bjums. Tas noz\u012bm\u0113, ka jums nav j\u0101uztrauc\u0101s par to, ka j\u016bsu laimestam tiks no\u0146emta k\u0101da papildus komisija. Tikl\u012bdz j\u016bs samaks\u0101jat par bi\u013ceti, visa nauda, ko laim\u0113siet, b\u016bs j\u016bsu.<\/p><p>Vair\u0101ki m\u016bsu klienti jau ir laim\u0113ju\u0161i ar m\u016bsu pakalpojumu. Da\u017eiem \u0161ie apjom\u012bgie laimesti ir main\u012bju\u0161i visu dz\u012bvi! M\u0113s zin\u0101m, ka jums b\u016bs lieliska iesp\u0113ja laim\u0113t lielos laimestus vai vismaz ieg\u016bt laimestu, ko j\u016bs neb\u016btu ieguvu\u0161i, ja pietur\u0113ties tikai pie viet\u0113j\u0101m loterijas sp\u0113l\u0113m, ko varat sp\u0113l\u0113t sav\u0101 valst\u012b.<\/p><p>\u0160ie ir iemesli, k\u0101p\u0113c loteriju sp\u0113l\u0113\u0161ana tie\u0161saist\u0113 k\u013c\u016bst aiz vien popul\u0101r\u0101ka. Un tagad ir j\u016bsu k\u0101rta laim\u0113t k\u0101du no \u0161iem mega-d\u017eekpotiem \u2013 ko j\u016bs v\u0113l gaidiet? J\u016bs var\u0113tu k\u013c\u016bt par liel\u0101ko laim\u0113t\u0101ju jau tuv\u0101kaj\u0101 laik\u0101!<\/p>","protected":false},"excerpt":{"rendered":"<p>Vair\u0101k loterijas un d\u017eekpoti viiem, kas v\u0113las sp\u0113l\u0113t! Lieliskas zi\u0146as visiem loto faniem vis\u0101 pasaul\u0113 \u2013 J\u016bs vairs neesiet ierobe\u017eoti sp\u0113l\u0113t tikai nacion\u0101l\u0101s loterijas! Vai atceraties, kad loterijas pirmo reizi s\u0101ka k\u013c\u016bt popul\u0101ras? Tas nebija nemaz tik sen, kad visi s\u0101ka sp\u0113l\u0113t savas viet\u0113j\u0101s un nacion\u0101l\u0101s loterijas. Bet l\u012bdz \u0161im t\u0101s bija vien\u012bg\u0101s, kuras j\u016bs [&hellip;]<\/p>\n","protected":false},"author":1,"featured_media":0,"parent":0,"menu_order":2,"comment_status":"closed","ping_status":"closed","template":"Play-all.php","meta":{"_et_pb_use_builder":"","_et_pb_old_content":"","_et_gb_content_width":"","exclude_from_search":false,"footnotes":""},"class_list":["post-17017","page","type-page","status-publish","hentry"],"yoast_head":"<!-- This site is optimized with the Yoast SEO plugin v23.8 - https:\/\/yoast.com\/wordpress\/plugins\/seo\/ -->\n<title>Sp\u0113l\u0113jiet starptautiskus loterijas d\u017eekpotus tie\u0161saist\u0113<\/title>\n<meta name=\"description\" content=\"Sp\u0113l\u0113jot starptautiskas loterijas tie\u0161saist\u0113, j\u016bs ieg\u016bsiet liel\u0101kas izv\u0113les iesp\u0113jas un lab\u0101kas izredzes \u2013 uzziniet k\u0101p\u0113c!\" \/>\n<meta name=\"robots\" content=\"index, follow, max-snippet:-1, max-image-preview:large, max-video-preview:-1\" \/>\n<link rel=\"canonical\" href=\"https:\/\/redfoxlotto.com\/lv\/spelet\/\" \/>\n<meta property=\"og:locale\" content=\"lv_LV\" \/>\n<meta property=\"og:type\" content=\"article\" \/>\n<meta property=\"og:title\" content=\"Sp\u0113l\u0113jiet starptautiskus loterijas d\u017eekpotus tie\u0161saist\u0113\" \/>\n<meta property=\"og:description\" content=\"Sp\u0113l\u0113jot starptautiskas loterijas tie\u0161saist\u0113, j\u016bs ieg\u016bsiet liel\u0101kas izv\u0113les iesp\u0113jas un lab\u0101kas izredzes \u2013 uzziniet k\u0101p\u0113c!\" \/>\n<meta property=\"og:url\" content=\"https:\/\/redfoxlotto.com\/lv\/spelet\/\" \/>\n<meta property=\"og:site_name\" content=\"Get Tickets for the World\u2019s largest jackpots\" \/>\n<meta property=\"article:modified_time\" content=\"2025-12-15T18:58:50+00:00\" \/>\n<meta property=\"og:image\" content=\"https:\/\/content.redfoxlotto.com\/uploads\/sites\/9\/1_playing_lottery_online.jpg\" \/>\n<meta name=\"twitter:card\" content=\"summary_large_image\" \/>\n<meta name=\"twitter:label1\" content=\"Est. reading time\" \/>\n\t<meta name=\"twitter:data1\" content=\"4 minutes\" \/>\n<script type=\"application\/ld+json\" class=\"yoast-schema-graph\">{\"@context\":\"https:\/\/schema.org\",\"@graph\":[{\"@type\":\"WebPage\",\"@id\":\"https:\/\/redfoxlotto.com\/lv\/spelet\/\",\"url\":\"https:\/\/redfoxlotto.com\/lv\/spelet\/\",\"name\":\"Sp\u0113l\u0113jiet starptautiskus loterijas d\u017eekpotus tie\u0161saist\u0113\",\"isPartOf\":{\"@id\":\"https:\/\/redfoxlotto.com\/lv\/#website\"},\"primaryImageOfPage\":{\"@id\":\"https:\/\/redfoxlotto.com\/lv\/spelet\/#primaryimage\"},\"image\":{\"@id\":\"https:\/\/redfoxlotto.com\/lv\/spelet\/#primaryimage\"},\"thumbnailUrl\":\"https:\/\/content.redfoxlotto.com\/uploads\/sites\/9\/1_playing_lottery_online.jpg\",\"datePublished\":\"2023-04-24T14:10:57+00:00\",\"dateModified\":\"2025-12-15T18:58:50+00:00\",\"description\":\"Sp\u0113l\u0113jot starptautiskas loterijas tie\u0161saist\u0113, j\u016bs ieg\u016bsiet liel\u0101kas izv\u0113les iesp\u0113jas un lab\u0101kas izredzes \u2013 uzziniet k\u0101p\u0113c!\",\"breadcrumb\":{\"@id\":\"https:\/\/redfoxlotto.com\/lv\/spelet\/#breadcrumb\"},\"inLanguage\":\"lv-LV\",\"potentialAction\":[{\"@type\":\"ReadAction\",\"target\":[\"https:\/\/redfoxlotto.com\/lv\/spelet\/\"]}]},{\"@type\":\"ImageObject\",\"inLanguage\":\"lv-LV\",\"@id\":\"https:\/\/redfoxlotto.com\/lv\/spelet\/#primaryimage\",\"url\":\"https:\/\/content.redfoxlotto.com\/uploads\/sites\/9\/1_playing_lottery_online.jpg\",\"contentUrl\":\"https:\/\/content.redfoxlotto.com\/uploads\/sites\/9\/1_playing_lottery_online.jpg\"},{\"@type\":\"BreadcrumbList\",\"@id\":\"https:\/\/redfoxlotto.com\/lv\/spelet\/#breadcrumb\",\"itemListElement\":[{\"@type\":\"ListItem\",\"position\":1,\"name\":\"Home\",\"item\":\"https:\/\/redfoxlotto.com\/lv\/\"},{\"@type\":\"ListItem\",\"position\":2,\"name\":\"K\u0101 piedal\u012bties loterij\u0101s cit\u0101s valst\u012bs\"}]},{\"@type\":\"WebSite\",\"@id\":\"https:\/\/redfoxlotto.com\/lv\/#website\",\"url\":\"https:\/\/redfoxlotto.com\/lv\/\",\"name\":\"Get Tickets for the World\u2019s largest jackpots\",\"description\":\"Participate in worldwide lottery jackpots from any country\",\"publisher\":{\"@id\":\"https:\/\/redfoxlotto.com\/lv\/#organization\"},\"potentialAction\":[{\"@type\":\"SearchAction\",\"target\":{\"@type\":\"EntryPoint\",\"urlTemplate\":\"https:\/\/redfoxlotto.com\/lv\/?s={search_term_string}\"},\"query-input\":{\"@type\":\"PropertyValueSpecification\",\"valueRequired\":true,\"valueName\":\"search_term_string\"}}],\"inLanguage\":\"lv-LV\"},{\"@type\":\"Organization\",\"@id\":\"https:\/\/redfoxlotto.com\/lv\/#organization\",\"name\":\"Get Tickets for the World\u2019s largest jackpots\",\"url\":\"https:\/\/redfoxlotto.com\/lv\/\",\"logo\":{\"@type\":\"ImageObject\",\"inLanguage\":\"lv-LV\",\"@id\":\"https:\/\/redfoxlotto.com\/lv\/#\/schema\/logo\/image\/\",\"url\":\"https:\/\/redfoxlotto.com\/wp-content\/uploads\/2023\/04\/logo.png\",\"contentUrl\":\"https:\/\/redfoxlotto.com\/wp-content\/uploads\/2023\/04\/logo.png\",\"width\":269,\"height\":53,\"caption\":\"Get Tickets for the World\u2019s largest jackpots\"},\"image\":{\"@id\":\"https:\/\/redfoxlotto.com\/lv\/#\/schema\/logo\/image\/\"}}]}<\/script>\n<!-- \/ Yoast SEO plugin. -->","yoast_head_json":{"title":"Sp\u0113l\u0113jiet starptautiskus loterijas d\u017eekpotus tie\u0161saist\u0113","description":"Sp\u0113l\u0113jot starptautiskas loterijas tie\u0161saist\u0113, j\u016bs ieg\u016bsiet liel\u0101kas izv\u0113les iesp\u0113jas un lab\u0101kas izredzes \u2013 uzziniet k\u0101p\u0113c!","robots":{"index":"index","follow":"follow","max-snippet":"max-snippet:-1","max-image-preview":"max-image-preview:large","max-video-preview":"max-video-preview:-1"},"canonical":"https:\/\/redfoxlotto.com\/lv\/spelet\/","og_locale":"lv_LV","og_type":"article","og_title":"Sp\u0113l\u0113jiet starptautiskus loterijas d\u017eekpotus tie\u0161saist\u0113","og_description":"Sp\u0113l\u0113jot starptautiskas loterijas tie\u0161saist\u0113, j\u016bs ieg\u016bsiet liel\u0101kas izv\u0113les iesp\u0113jas un lab\u0101kas izredzes \u2013 uzziniet k\u0101p\u0113c!","og_url":"https:\/\/redfoxlotto.com\/lv\/spelet\/","og_site_name":"Get Tickets for the World\u2019s largest jackpots","article_modified_time":"2025-12-15T18:58:50+00:00","og_image":[{"url":"https:\/\/content.redfoxlotto.com\/uploads\/sites\/9\/1_playing_lottery_online.jpg"}],"twitter_card":"summary_large_image","twitter_misc":{"Est. reading time":"4 minutes"},"schema":{"@context":"https:\/\/schema.org","@graph":[{"@type":"WebPage","@id":"https:\/\/redfoxlotto.com\/lv\/spelet\/","url":"https:\/\/redfoxlotto.com\/lv\/spelet\/","name":"Sp\u0113l\u0113jiet starptautiskus loterijas d\u017eekpotus tie\u0161saist\u0113","isPartOf":{"@id":"https:\/\/redfoxlotto.com\/lv\/#website"},"primaryImageOfPage":{"@id":"https:\/\/redfoxlotto.com\/lv\/spelet\/#primaryimage"},"image":{"@id":"https:\/\/redfoxlotto.com\/lv\/spelet\/#primaryimage"},"thumbnailUrl":"https:\/\/content.redfoxlotto.com\/uploads\/sites\/9\/1_playing_lottery_online.jpg","datePublished":"2023-04-24T14:10:57+00:00","dateModified":"2025-12-15T18:58:50+00:00","description":"Sp\u0113l\u0113jot starptautiskas loterijas tie\u0161saist\u0113, j\u016bs ieg\u016bsiet liel\u0101kas izv\u0113les iesp\u0113jas un lab\u0101kas izredzes \u2013 uzziniet k\u0101p\u0113c!","breadcrumb":{"@id":"https:\/\/redfoxlotto.com\/lv\/spelet\/#breadcrumb"},"inLanguage":"lv-LV","potentialAction":[{"@type":"ReadAction","target":["https:\/\/redfoxlotto.com\/lv\/spelet\/"]}]},{"@type":"ImageObject","inLanguage":"lv-LV","@id":"https:\/\/redfoxlotto.com\/lv\/spelet\/#primaryimage","url":"https:\/\/content.redfoxlotto.com\/uploads\/sites\/9\/1_playing_lottery_online.jpg","contentUrl":"https:\/\/content.redfoxlotto.com\/uploads\/sites\/9\/1_playing_lottery_online.jpg"},{"@type":"BreadcrumbList","@id":"https:\/\/redfoxlotto.com\/lv\/spelet\/#breadcrumb","itemListElement":[{"@type":"ListItem","position":1,"name":"Home","item":"https:\/\/redfoxlotto.com\/lv\/"},{"@type":"ListItem","position":2,"name":"K\u0101 piedal\u012bties loterij\u0101s cit\u0101s valst\u012bs"}]},{"@type":"WebSite","@id":"https:\/\/redfoxlotto.com\/lv\/#website","url":"https:\/\/redfoxlotto.com\/lv\/","name":"Get Tickets for the World\u2019s largest jackpots","description":"Participate in worldwide lottery jackpots from any country","publisher":{"@id":"https:\/\/redfoxlotto.com\/lv\/#organization"},"potentialAction":[{"@type":"SearchAction","target":{"@type":"EntryPoint","urlTemplate":"https:\/\/redfoxlotto.com\/lv\/?s={search_term_string}"},"query-input":{"@type":"PropertyValueSpecification","valueRequired":true,"valueName":"search_term_string"}}],"inLanguage":"lv-LV"},{"@type":"Organization","@id":"https:\/\/redfoxlotto.com\/lv\/#organization","name":"Get Tickets for the World\u2019s largest jackpots","url":"https:\/\/redfoxlotto.com\/lv\/","logo":{"@type":"ImageObject","inLanguage":"lv-LV","@id":"https:\/\/redfoxlotto.com\/lv\/#\/schema\/logo\/image\/","url":"https:\/\/redfoxlotto.com\/wp-content\/uploads\/2023\/04\/logo.png","contentUrl":"https:\/\/redfoxlotto.com\/wp-content\/uploads\/2023\/04\/logo.png","width":269,"height":53,"caption":"Get Tickets for the World\u2019s largest jackpots"},"image":{"@id":"https:\/\/redfoxlotto.com\/lv\/#\/schema\/logo\/image\/"}}]}},"_links":{"self":[{"href":"https:\/\/redfoxlotto.com\/lv\/wp-json\/wp\/v2\/pages\/17017","targetHints":{"allow":["GET"]}}],"collection":[{"href":"https:\/\/redfoxlotto.com\/lv\/wp-json\/wp\/v2\/pages"}],"about":[{"href":"https:\/\/redfoxlotto.com\/lv\/wp-json\/wp\/v2\/types\/page"}],"author":[{"embeddable":true,"href":"https:\/\/redfoxlotto.com\/lv\/wp-json\/wp\/v2\/users\/1"}],"replies":[{"embeddable":true,"href":"https:\/\/redfoxlotto.com\/lv\/wp-json\/wp\/v2\/comments?post=17017"}],"version-history":[{"count":0,"href":"https:\/\/redfoxlotto.com\/lv\/wp-json\/wp\/v2\/pages\/17017\/revisions"}],"wp:attachment":[{"href":"https:\/\/redfoxlotto.com\/lv\/wp-json\/wp\/v2\/media?parent=17017"}],"curies":[{"name":"wp","href":"https:\/\/api.w.org\/{rel}","templated":true}]}}