{"id":17014,"date":"2018-11-18T08:54:25","date_gmt":"2018-11-18T08:54:25","guid":{"rendered":"https:\/\/redfoxlotto.com\/?page_id=2320"},"modified":"2021-01-05T13:54:11","modified_gmt":"2021-01-05T13:54:11","slug":"lotto-uk","status":"publish","type":"page","link":"https:\/\/redfoxlotto.com\/lv\/rezultati\/lotto-uk\/","title":{"rendered":"UK Loterijas Rezult\u0101ti"},"content":{"rendered":"<p>Te j\u016bs atad\u012bsiet jaun\u0101kos rezult\u0101tus no UK Lotto. M\u016bsu izlo\u017eu arh\u012bv\u0101 var\u0113siet apskat\u012bt Britu loterijas rezult\u0101tus no iepriek\u0161\u0113j\u0101m ned\u0113\u013c\u0101m.<\/p><p><img decoding=\"async\" class=\"size-full wp-image alignright\" src=\"https:\/\/content.redfoxlotto.com\/uploads\/sites\/9\/1_results_tickets_lotto.jpg\" alt=\"UK Lotto\"><\/p><p>Minim\u0101lais d\u017eekpots Lielbrit\u0101nijas liel\u0101kaj\u0101 loterij\u0101 s\u0101kas no \u00a32 500 000 un \u00a35 000 000 Sestdien\u0101s. Loterija ir balst\u012bta uz vienk\u0101r\u0161u form\u0101tu ar 6 no 59 skait\u013ciem.<\/p><h2 class=\"wp-block-heading\">UK Lotto balvas un laim\u0113t\u0101ji<\/h2><p><img loading=\"lazy\" decoding=\"async\" class=\" wp-image alignright\" src=\"https:\/\/content.redfoxlotto.com\/uploads\/sites\/9\/1_lucky_lottery_winner.jpg\" alt=\"uzvar\u0113t\u0101ju skait\u013ci\" width=\"202\" height=\"276\" \/><\/p><p>UK Lotto ir se\u0161i balvu l\u012bme\u0146i, ko varat apskat\u012bt tabul\u0101 augst\u0101k. Papildus tam, j\u016bs var\u0113siet apskat\u012bt ar\u012b sp\u0113l\u0113t\u0101ju skaitu, cik no vi\u0146iem pareizi uzmin\u0113j nepiecie\u0161amo skait\u013cu daudzumu katr\u0101 balvu l\u012bmen\u012b, un k\u0101ds bija vi\u0146u laimests.<\/p>","protected":false},"excerpt":{"rendered":"<p>Te j\u016bs atad\u012bsiet jaun\u0101kos rezult\u0101tus no UK Lotto. M\u016bsu izlo\u017eu arh\u012bv\u0101 var\u0113siet apskat\u012bt Britu loterijas rezult\u0101tus no iepriek\u0161\u0113j\u0101m ned\u0113\u013c\u0101m. Minim\u0101lais d\u017eekpots Lielbrit\u0101nijas liel\u0101kaj\u0101 loterij\u0101 s\u0101kas no \u00a32 500 000 un \u00a35 000 000 Sestdien\u0101s. Loterija ir balst\u012bta uz vienk\u0101r\u0161u form\u0101tu ar 6 no 59 skait\u013ciem. UK Lotto balvas un laim\u0113t\u0101ji UK Lotto ir se\u0161i balvu [&hellip;]<\/p>\n","protected":false},"author":1,"featured_media":0,"parent":17007,"menu_order":9,"comment_status":"closed","ping_status":"closed","template":"lotto-uk-results.php","meta":{"_et_pb_use_builder":"","_et_pb_old_content":"","_et_gb_content_width":"","exclude_from_search":false,"footnotes":""},"class_list":["post-17014","page","type-page","status-publish","hentry"],"yoast_head":"<!-- This site is optimized with the Yoast SEO plugin v23.8 - https:\/\/yoast.com\/wordpress\/plugins\/seo\/ -->\n<title>Laim\u012bgie skait\u013ci un rezult\u0101ti no UK Loterijas<\/title>\n<meta name=\"description\" content=\"M\u0113s apkopojam rezult\u0101tus no UK Loterijas un apkopojam arh\u012bvu ar iepriek\u0161\u0113jo ned\u0113\u013cu laim\u012bgajiem skait\u013ciem.\" \/>\n<meta name=\"robots\" content=\"index, follow, max-snippet:-1, max-image-preview:large, max-video-preview:-1\" \/>\n<link rel=\"canonical\" href=\"https:\/\/redfoxlotto.com\/lv\/rezultati\/lotto-uk\/\" \/>\n<meta property=\"og:locale\" content=\"lv_LV\" \/>\n<meta property=\"og:type\" content=\"article\" \/>\n<meta property=\"og:title\" content=\"Laim\u012bgie skait\u013ci un rezult\u0101ti no UK Loterijas\" \/>\n<meta property=\"og:description\" content=\"M\u0113s apkopojam rezult\u0101tus no UK Loterijas un apkopojam arh\u012bvu ar iepriek\u0161\u0113jo ned\u0113\u013cu laim\u012bgajiem skait\u013ciem.\" \/>\n<meta property=\"og:url\" content=\"https:\/\/redfoxlotto.com\/lv\/rezultati\/lotto-uk\/\" \/>\n<meta property=\"og:site_name\" content=\"Get Tickets for the World\u2019s largest jackpots\" \/>\n<meta property=\"article:modified_time\" content=\"2021-01-05T13:54:11+00:00\" \/>\n<meta property=\"og:image\" content=\"https:\/\/content.redfoxlotto.com\/uploads\/sites\/9\/1_results_tickets_lotto.jpg\" \/>\n<meta name=\"twitter:card\" content=\"summary_large_image\" \/>\n<meta name=\"twitter:label1\" content=\"Est. reading time\" \/>\n\t<meta name=\"twitter:data1\" content=\"1 minute\" \/>\n<script type=\"application\/ld+json\" class=\"yoast-schema-graph\">{\"@context\":\"https:\/\/schema.org\",\"@graph\":[{\"@type\":\"WebPage\",\"@id\":\"https:\/\/redfoxlotto.com\/lv\/rezultati\/lotto-uk\/\",\"url\":\"https:\/\/redfoxlotto.com\/lv\/rezultati\/lotto-uk\/\",\"name\":\"Laim\u012bgie skait\u013ci un rezult\u0101ti no UK Loterijas\",\"isPartOf\":{\"@id\":\"https:\/\/redfoxlotto.com\/lv\/#website\"},\"primaryImageOfPage\":{\"@id\":\"https:\/\/redfoxlotto.com\/lv\/rezultati\/lotto-uk\/#primaryimage\"},\"image\":{\"@id\":\"https:\/\/redfoxlotto.com\/lv\/rezultati\/lotto-uk\/#primaryimage\"},\"thumbnailUrl\":\"https:\/\/content.redfoxlotto.com\/uploads\/sites\/9\/1_results_tickets_lotto.jpg\",\"datePublished\":\"2018-11-18T08:54:25+00:00\",\"dateModified\":\"2021-01-05T13:54:11+00:00\",\"description\":\"M\u0113s apkopojam rezult\u0101tus no UK Loterijas un apkopojam arh\u012bvu ar iepriek\u0161\u0113jo ned\u0113\u013cu laim\u012bgajiem skait\u013ciem.\",\"breadcrumb\":{\"@id\":\"https:\/\/redfoxlotto.com\/lv\/rezultati\/lotto-uk\/#breadcrumb\"},\"inLanguage\":\"lv-LV\",\"potentialAction\":[{\"@type\":\"ReadAction\",\"target\":[\"https:\/\/redfoxlotto.com\/lv\/rezultati\/lotto-uk\/\"]}]},{\"@type\":\"ImageObject\",\"inLanguage\":\"lv-LV\",\"@id\":\"https:\/\/redfoxlotto.com\/lv\/rezultati\/lotto-uk\/#primaryimage\",\"url\":\"https:\/\/content.redfoxlotto.com\/uploads\/sites\/9\/1_results_tickets_lotto.jpg\",\"contentUrl\":\"https:\/\/content.redfoxlotto.com\/uploads\/sites\/9\/1_results_tickets_lotto.jpg\"},{\"@type\":\"BreadcrumbList\",\"@id\":\"https:\/\/redfoxlotto.com\/lv\/rezultati\/lotto-uk\/#breadcrumb\",\"itemListElement\":[{\"@type\":\"ListItem\",\"position\":1,\"name\":\"Home\",\"item\":\"https:\/\/redfoxlotto.com\/lv\/\"},{\"@type\":\"ListItem\",\"position\":2,\"name\":\"Starptautisko loteriju rezult\u0101ti\",\"item\":\"https:\/\/redfoxlotto.com\/lv\/rezultati\/\"},{\"@type\":\"ListItem\",\"position\":3,\"name\":\"UK Loterijas Rezult\u0101ti\"}]},{\"@type\":\"WebSite\",\"@id\":\"https:\/\/redfoxlotto.com\/lv\/#website\",\"url\":\"https:\/\/redfoxlotto.com\/lv\/\",\"name\":\"Get Tickets for the World\u2019s largest jackpots\",\"description\":\"Participate in worldwide lottery jackpots from any country\",\"publisher\":{\"@id\":\"https:\/\/redfoxlotto.com\/lv\/#organization\"},\"potentialAction\":[{\"@type\":\"SearchAction\",\"target\":{\"@type\":\"EntryPoint\",\"urlTemplate\":\"https:\/\/redfoxlotto.com\/lv\/?s={search_term_string}\"},\"query-input\":{\"@type\":\"PropertyValueSpecification\",\"valueRequired\":true,\"valueName\":\"search_term_string\"}}],\"inLanguage\":\"lv-LV\"},{\"@type\":\"Organization\",\"@id\":\"https:\/\/redfoxlotto.com\/lv\/#organization\",\"name\":\"Get Tickets for the World\u2019s largest jackpots\",\"url\":\"https:\/\/redfoxlotto.com\/lv\/\",\"logo\":{\"@type\":\"ImageObject\",\"inLanguage\":\"lv-LV\",\"@id\":\"https:\/\/redfoxlotto.com\/lv\/#\/schema\/logo\/image\/\",\"url\":\"https:\/\/redfoxlotto.com\/wp-content\/uploads\/2023\/04\/logo.png\",\"contentUrl\":\"https:\/\/redfoxlotto.com\/wp-content\/uploads\/2023\/04\/logo.png\",\"width\":269,\"height\":53,\"caption\":\"Get Tickets for the World\u2019s largest jackpots\"},\"image\":{\"@id\":\"https:\/\/redfoxlotto.com\/lv\/#\/schema\/logo\/image\/\"}}]}<\/script>\n<!-- \/ Yoast SEO plugin. -->","yoast_head_json":{"title":"Laim\u012bgie skait\u013ci un rezult\u0101ti no UK Loterijas","description":"M\u0113s apkopojam rezult\u0101tus no UK Loterijas un apkopojam arh\u012bvu ar iepriek\u0161\u0113jo ned\u0113\u013cu laim\u012bgajiem skait\u013ciem.","robots":{"index":"index","follow":"follow","max-snippet":"max-snippet:-1","max-image-preview":"max-image-preview:large","max-video-preview":"max-video-preview:-1"},"canonical":"https:\/\/redfoxlotto.com\/lv\/rezultati\/lotto-uk\/","og_locale":"lv_LV","og_type":"article","og_title":"Laim\u012bgie skait\u013ci un rezult\u0101ti no UK Loterijas","og_description":"M\u0113s apkopojam rezult\u0101tus no UK Loterijas un apkopojam arh\u012bvu ar iepriek\u0161\u0113jo ned\u0113\u013cu laim\u012bgajiem skait\u013ciem.","og_url":"https:\/\/redfoxlotto.com\/lv\/rezultati\/lotto-uk\/","og_site_name":"Get Tickets for the World\u2019s largest jackpots","article_modified_time":"2021-01-05T13:54:11+00:00","og_image":[{"url":"https:\/\/content.redfoxlotto.com\/uploads\/sites\/9\/1_results_tickets_lotto.jpg"}],"twitter_card":"summary_large_image","twitter_misc":{"Est. reading time":"1 minute"},"schema":{"@context":"https:\/\/schema.org","@graph":[{"@type":"WebPage","@id":"https:\/\/redfoxlotto.com\/lv\/rezultati\/lotto-uk\/","url":"https:\/\/redfoxlotto.com\/lv\/rezultati\/lotto-uk\/","name":"Laim\u012bgie skait\u013ci un rezult\u0101ti no UK Loterijas","isPartOf":{"@id":"https:\/\/redfoxlotto.com\/lv\/#website"},"primaryImageOfPage":{"@id":"https:\/\/redfoxlotto.com\/lv\/rezultati\/lotto-uk\/#primaryimage"},"image":{"@id":"https:\/\/redfoxlotto.com\/lv\/rezultati\/lotto-uk\/#primaryimage"},"thumbnailUrl":"https:\/\/content.redfoxlotto.com\/uploads\/sites\/9\/1_results_tickets_lotto.jpg","datePublished":"2018-11-18T08:54:25+00:00","dateModified":"2021-01-05T13:54:11+00:00","description":"M\u0113s apkopojam rezult\u0101tus no UK Loterijas un apkopojam arh\u012bvu ar iepriek\u0161\u0113jo ned\u0113\u013cu laim\u012bgajiem skait\u013ciem.","breadcrumb":{"@id":"https:\/\/redfoxlotto.com\/lv\/rezultati\/lotto-uk\/#breadcrumb"},"inLanguage":"lv-LV","potentialAction":[{"@type":"ReadAction","target":["https:\/\/redfoxlotto.com\/lv\/rezultati\/lotto-uk\/"]}]},{"@type":"ImageObject","inLanguage":"lv-LV","@id":"https:\/\/redfoxlotto.com\/lv\/rezultati\/lotto-uk\/#primaryimage","url":"https:\/\/content.redfoxlotto.com\/uploads\/sites\/9\/1_results_tickets_lotto.jpg","contentUrl":"https:\/\/content.redfoxlotto.com\/uploads\/sites\/9\/1_results_tickets_lotto.jpg"},{"@type":"BreadcrumbList","@id":"https:\/\/redfoxlotto.com\/lv\/rezultati\/lotto-uk\/#breadcrumb","itemListElement":[{"@type":"ListItem","position":1,"name":"Home","item":"https:\/\/redfoxlotto.com\/lv\/"},{"@type":"ListItem","position":2,"name":"Starptautisko loteriju rezult\u0101ti","item":"https:\/\/redfoxlotto.com\/lv\/rezultati\/"},{"@type":"ListItem","position":3,"name":"UK Loterijas Rezult\u0101ti"}]},{"@type":"WebSite","@id":"https:\/\/redfoxlotto.com\/lv\/#website","url":"https:\/\/redfoxlotto.com\/lv\/","name":"Get Tickets for the World\u2019s largest jackpots","description":"Participate in worldwide lottery jackpots from any country","publisher":{"@id":"https:\/\/redfoxlotto.com\/lv\/#organization"},"potentialAction":[{"@type":"SearchAction","target":{"@type":"EntryPoint","urlTemplate":"https:\/\/redfoxlotto.com\/lv\/?s={search_term_string}"},"query-input":{"@type":"PropertyValueSpecification","valueRequired":true,"valueName":"search_term_string"}}],"inLanguage":"lv-LV"},{"@type":"Organization","@id":"https:\/\/redfoxlotto.com\/lv\/#organization","name":"Get Tickets for the World\u2019s largest jackpots","url":"https:\/\/redfoxlotto.com\/lv\/","logo":{"@type":"ImageObject","inLanguage":"lv-LV","@id":"https:\/\/redfoxlotto.com\/lv\/#\/schema\/logo\/image\/","url":"https:\/\/redfoxlotto.com\/wp-content\/uploads\/2023\/04\/logo.png","contentUrl":"https:\/\/redfoxlotto.com\/wp-content\/uploads\/2023\/04\/logo.png","width":269,"height":53,"caption":"Get Tickets for the World\u2019s largest jackpots"},"image":{"@id":"https:\/\/redfoxlotto.com\/lv\/#\/schema\/logo\/image\/"}}]}},"_links":{"self":[{"href":"https:\/\/redfoxlotto.com\/lv\/wp-json\/wp\/v2\/pages\/17014","targetHints":{"allow":["GET"]}}],"collection":[{"href":"https:\/\/redfoxlotto.com\/lv\/wp-json\/wp\/v2\/pages"}],"about":[{"href":"https:\/\/redfoxlotto.com\/lv\/wp-json\/wp\/v2\/types\/page"}],"author":[{"embeddable":true,"href":"https:\/\/redfoxlotto.com\/lv\/wp-json\/wp\/v2\/users\/1"}],"replies":[{"embeddable":true,"href":"https:\/\/redfoxlotto.com\/lv\/wp-json\/wp\/v2\/comments?post=17014"}],"version-history":[{"count":0,"href":"https:\/\/redfoxlotto.com\/lv\/wp-json\/wp\/v2\/pages\/17014\/revisions"}],"up":[{"embeddable":true,"href":"https:\/\/redfoxlotto.com\/lv\/wp-json\/wp\/v2\/pages\/17007"}],"wp:attachment":[{"href":"https:\/\/redfoxlotto.com\/lv\/wp-json\/wp\/v2\/media?parent=17014"}],"curies":[{"name":"wp","href":"https:\/\/api.w.org\/{rel}","templated":true}]}}