{"id":17013,"date":"2018-11-18T08:54:25","date_gmt":"2018-11-18T08:54:25","guid":{"rendered":"https:\/\/redfoxlotto.com\/?page_id=2318"},"modified":"2023-05-05T13:04:19","modified_gmt":"2023-05-05T13:04:19","slug":"superenalotto","status":"publish","type":"page","link":"https:\/\/redfoxlotto.com\/lv\/rezultati\/superenalotto\/","title":{"rendered":"SuperEnaLotto Rezult\u0101ti"},"content":{"rendered":"<p><\/p>\n<h2 class=\"wp-block-heading\">SuperEnalotto D\u017eekpots &#8211; SuperEnalotto rezult\u0101ti<\/h2>\n<p><\/p>\n<p><img loading=\"lazy\" decoding=\"async\" class=\" wp-image alignright\" src=\"https:\/\/content.redfoxlotto.com\/uploads\/sites\/9\/1_results_check_lottery.jpg\" alt=\"results lotto\" width=\"242\" height=\"242\" \/><\/p>\n<p><\/p>\n<p>M\u0113s esam izveidoju\u0161i tabulu ar laimestiem katr\u0101 no 6 da\u017e\u0101daj\u0101m balvu kategorij\u0101m \u0161aj\u0101 loterij\u0101. Kop\u0101 ar rezult\u0101tiem, m\u0113s jums ar\u012b par\u0101d\u012bsim, cik cilv\u0113ki laim\u0113ju\u0161i katr\u0101 balvu kategorij\u0101.<\/p>\n<p><\/p>\n<p><\/p>\n<h2 class=\"wp-block-heading\">V\u0113sturiskie Superenalotto rezult\u0101ti<\/h2>\n<p><\/p>\n<p><img decoding=\"async\" class=\"size-full wp-image alignright\" src=\"https:\/\/content.redfoxlotto.com\/uploads\/sites\/9\/1_lottery_winning_numbers.jpg\" alt=\"Superenalotto\"><\/p>\n<p><\/p>\n<p>Ja v\u0113laties apskat\u012bt v\u0113sturisko izlo\u017eu rezult\u0101tus, j\u016bs to var\u0113siet \u0113rti izdar\u012bt. Piem\u0113ram, ja v\u0113laties apskat\u012bt skait\u013cus, kas sen nav izloz\u0113ti, lai izmantotu tos j\u016bsu n\u0101kamaj\u0101 bi\u013cet\u0113.<\/p>\n<p><\/p>","protected":false},"excerpt":{"rendered":"<p>SuperEnalotto D\u017eekpots &#8211; SuperEnalotto rezult\u0101ti M\u0113s esam izveidoju\u0161i tabulu ar laimestiem katr\u0101 no 6 da\u017e\u0101daj\u0101m balvu kategorij\u0101m \u0161aj\u0101 loterij\u0101. Kop\u0101 ar rezult\u0101tiem, m\u0113s jums ar\u012b par\u0101d\u012bsim, cik cilv\u0113ki laim\u0113ju\u0161i katr\u0101 balvu kategorij\u0101. V\u0113sturiskie Superenalotto rezult\u0101ti Ja v\u0113laties apskat\u012bt v\u0113sturisko izlo\u017eu rezult\u0101tus, j\u016bs to var\u0113siet \u0113rti izdar\u012bt. Piem\u0113ram, ja v\u0113laties apskat\u012bt skait\u013cus, kas sen nav izloz\u0113ti, [&hellip;]<\/p>\n","protected":false},"author":1,"featured_media":0,"parent":17007,"menu_order":5,"comment_status":"closed","ping_status":"closed","template":"superenalotto-results.php","meta":{"_et_pb_use_builder":"","_et_pb_old_content":"","_et_gb_content_width":"","exclude_from_search":false,"footnotes":""},"class_list":["post-17013","page","type-page","status-publish","hentry"],"yoast_head":"<!-- This site is optimized with the Yoast SEO plugin v23.8 - https:\/\/yoast.com\/wordpress\/plugins\/seo\/ -->\n<title>SuperEnalotto jaun\u0101kie laim\u012bgie skait\u013ci<\/title>\n<meta name=\"description\" content=\"Apskatiet Superenalotto jaunakos izloz\u0113tos skait\u013cus, k\u0101 ar\u012b arh\u012bvu ar rezult\u0101tiem no iepriek\u0161\u0113j\u0101m ned\u0113\u013c\u0101m.\" \/>\n<meta name=\"robots\" content=\"index, follow, max-snippet:-1, max-image-preview:large, max-video-preview:-1\" \/>\n<link rel=\"canonical\" href=\"https:\/\/redfoxlotto.com\/lv\/rezultati\/superenalotto\/\" \/>\n<meta property=\"og:locale\" content=\"lv_LV\" \/>\n<meta property=\"og:type\" content=\"article\" \/>\n<meta property=\"og:title\" content=\"SuperEnalotto jaun\u0101kie laim\u012bgie skait\u013ci\" \/>\n<meta property=\"og:description\" content=\"Apskatiet Superenalotto jaunakos izloz\u0113tos skait\u013cus, k\u0101 ar\u012b arh\u012bvu ar rezult\u0101tiem no iepriek\u0161\u0113j\u0101m ned\u0113\u013c\u0101m.\" \/>\n<meta property=\"og:url\" content=\"https:\/\/redfoxlotto.com\/lv\/rezultati\/superenalotto\/\" \/>\n<meta property=\"og:site_name\" content=\"Get Tickets for the World\u2019s largest jackpots\" \/>\n<meta property=\"article:modified_time\" content=\"2023-05-05T13:04:19+00:00\" \/>\n<meta property=\"og:image\" content=\"https:\/\/content.redfoxlotto.com\/uploads\/sites\/9\/1_results_check_lottery.jpg\" \/>\n<meta name=\"twitter:card\" content=\"summary_large_image\" \/>\n<meta name=\"twitter:label1\" content=\"Est. reading time\" \/>\n\t<meta name=\"twitter:data1\" content=\"1 minute\" \/>\n<script type=\"application\/ld+json\" class=\"yoast-schema-graph\">{\"@context\":\"https:\/\/schema.org\",\"@graph\":[{\"@type\":\"WebPage\",\"@id\":\"https:\/\/redfoxlotto.com\/lv\/rezultati\/superenalotto\/\",\"url\":\"https:\/\/redfoxlotto.com\/lv\/rezultati\/superenalotto\/\",\"name\":\"SuperEnalotto jaun\u0101kie laim\u012bgie skait\u013ci\",\"isPartOf\":{\"@id\":\"https:\/\/redfoxlotto.com\/lv\/#website\"},\"primaryImageOfPage\":{\"@id\":\"https:\/\/redfoxlotto.com\/lv\/rezultati\/superenalotto\/#primaryimage\"},\"image\":{\"@id\":\"https:\/\/redfoxlotto.com\/lv\/rezultati\/superenalotto\/#primaryimage\"},\"thumbnailUrl\":\"https:\/\/content.redfoxlotto.com\/uploads\/sites\/9\/1_results_check_lottery.jpg\",\"datePublished\":\"2018-11-18T08:54:25+00:00\",\"dateModified\":\"2023-05-05T13:04:19+00:00\",\"description\":\"Apskatiet Superenalotto jaunakos izloz\u0113tos skait\u013cus, k\u0101 ar\u012b arh\u012bvu ar rezult\u0101tiem no iepriek\u0161\u0113j\u0101m ned\u0113\u013c\u0101m.\",\"breadcrumb\":{\"@id\":\"https:\/\/redfoxlotto.com\/lv\/rezultati\/superenalotto\/#breadcrumb\"},\"inLanguage\":\"lv-LV\",\"potentialAction\":[{\"@type\":\"ReadAction\",\"target\":[\"https:\/\/redfoxlotto.com\/lv\/rezultati\/superenalotto\/\"]}]},{\"@type\":\"ImageObject\",\"inLanguage\":\"lv-LV\",\"@id\":\"https:\/\/redfoxlotto.com\/lv\/rezultati\/superenalotto\/#primaryimage\",\"url\":\"https:\/\/content.redfoxlotto.com\/uploads\/sites\/9\/1_results_check_lottery.jpg\",\"contentUrl\":\"https:\/\/content.redfoxlotto.com\/uploads\/sites\/9\/1_results_check_lottery.jpg\"},{\"@type\":\"BreadcrumbList\",\"@id\":\"https:\/\/redfoxlotto.com\/lv\/rezultati\/superenalotto\/#breadcrumb\",\"itemListElement\":[{\"@type\":\"ListItem\",\"position\":1,\"name\":\"Home\",\"item\":\"https:\/\/redfoxlotto.com\/lv\/\"},{\"@type\":\"ListItem\",\"position\":2,\"name\":\"Starptautisko loteriju rezult\u0101ti\",\"item\":\"https:\/\/redfoxlotto.com\/lv\/rezultati\/\"},{\"@type\":\"ListItem\",\"position\":3,\"name\":\"SuperEnaLotto Rezult\u0101ti\"}]},{\"@type\":\"WebSite\",\"@id\":\"https:\/\/redfoxlotto.com\/lv\/#website\",\"url\":\"https:\/\/redfoxlotto.com\/lv\/\",\"name\":\"Get Tickets for the World\u2019s largest jackpots\",\"description\":\"Participate in worldwide lottery jackpots from any country\",\"publisher\":{\"@id\":\"https:\/\/redfoxlotto.com\/lv\/#organization\"},\"potentialAction\":[{\"@type\":\"SearchAction\",\"target\":{\"@type\":\"EntryPoint\",\"urlTemplate\":\"https:\/\/redfoxlotto.com\/lv\/?s={search_term_string}\"},\"query-input\":{\"@type\":\"PropertyValueSpecification\",\"valueRequired\":true,\"valueName\":\"search_term_string\"}}],\"inLanguage\":\"lv-LV\"},{\"@type\":\"Organization\",\"@id\":\"https:\/\/redfoxlotto.com\/lv\/#organization\",\"name\":\"Get Tickets for the World\u2019s largest jackpots\",\"url\":\"https:\/\/redfoxlotto.com\/lv\/\",\"logo\":{\"@type\":\"ImageObject\",\"inLanguage\":\"lv-LV\",\"@id\":\"https:\/\/redfoxlotto.com\/lv\/#\/schema\/logo\/image\/\",\"url\":\"https:\/\/redfoxlotto.com\/wp-content\/uploads\/2023\/04\/logo.png\",\"contentUrl\":\"https:\/\/redfoxlotto.com\/wp-content\/uploads\/2023\/04\/logo.png\",\"width\":269,\"height\":53,\"caption\":\"Get Tickets for the World\u2019s largest jackpots\"},\"image\":{\"@id\":\"https:\/\/redfoxlotto.com\/lv\/#\/schema\/logo\/image\/\"}}]}<\/script>\n<!-- \/ Yoast SEO plugin. -->","yoast_head_json":{"title":"SuperEnalotto jaun\u0101kie laim\u012bgie skait\u013ci","description":"Apskatiet Superenalotto jaunakos izloz\u0113tos skait\u013cus, k\u0101 ar\u012b arh\u012bvu ar rezult\u0101tiem no iepriek\u0161\u0113j\u0101m ned\u0113\u013c\u0101m.","robots":{"index":"index","follow":"follow","max-snippet":"max-snippet:-1","max-image-preview":"max-image-preview:large","max-video-preview":"max-video-preview:-1"},"canonical":"https:\/\/redfoxlotto.com\/lv\/rezultati\/superenalotto\/","og_locale":"lv_LV","og_type":"article","og_title":"SuperEnalotto jaun\u0101kie laim\u012bgie skait\u013ci","og_description":"Apskatiet Superenalotto jaunakos izloz\u0113tos skait\u013cus, k\u0101 ar\u012b arh\u012bvu ar rezult\u0101tiem no iepriek\u0161\u0113j\u0101m ned\u0113\u013c\u0101m.","og_url":"https:\/\/redfoxlotto.com\/lv\/rezultati\/superenalotto\/","og_site_name":"Get Tickets for the World\u2019s largest jackpots","article_modified_time":"2023-05-05T13:04:19+00:00","og_image":[{"url":"https:\/\/content.redfoxlotto.com\/uploads\/sites\/9\/1_results_check_lottery.jpg"}],"twitter_card":"summary_large_image","twitter_misc":{"Est. reading time":"1 minute"},"schema":{"@context":"https:\/\/schema.org","@graph":[{"@type":"WebPage","@id":"https:\/\/redfoxlotto.com\/lv\/rezultati\/superenalotto\/","url":"https:\/\/redfoxlotto.com\/lv\/rezultati\/superenalotto\/","name":"SuperEnalotto jaun\u0101kie laim\u012bgie skait\u013ci","isPartOf":{"@id":"https:\/\/redfoxlotto.com\/lv\/#website"},"primaryImageOfPage":{"@id":"https:\/\/redfoxlotto.com\/lv\/rezultati\/superenalotto\/#primaryimage"},"image":{"@id":"https:\/\/redfoxlotto.com\/lv\/rezultati\/superenalotto\/#primaryimage"},"thumbnailUrl":"https:\/\/content.redfoxlotto.com\/uploads\/sites\/9\/1_results_check_lottery.jpg","datePublished":"2018-11-18T08:54:25+00:00","dateModified":"2023-05-05T13:04:19+00:00","description":"Apskatiet Superenalotto jaunakos izloz\u0113tos skait\u013cus, k\u0101 ar\u012b arh\u012bvu ar rezult\u0101tiem no iepriek\u0161\u0113j\u0101m ned\u0113\u013c\u0101m.","breadcrumb":{"@id":"https:\/\/redfoxlotto.com\/lv\/rezultati\/superenalotto\/#breadcrumb"},"inLanguage":"lv-LV","potentialAction":[{"@type":"ReadAction","target":["https:\/\/redfoxlotto.com\/lv\/rezultati\/superenalotto\/"]}]},{"@type":"ImageObject","inLanguage":"lv-LV","@id":"https:\/\/redfoxlotto.com\/lv\/rezultati\/superenalotto\/#primaryimage","url":"https:\/\/content.redfoxlotto.com\/uploads\/sites\/9\/1_results_check_lottery.jpg","contentUrl":"https:\/\/content.redfoxlotto.com\/uploads\/sites\/9\/1_results_check_lottery.jpg"},{"@type":"BreadcrumbList","@id":"https:\/\/redfoxlotto.com\/lv\/rezultati\/superenalotto\/#breadcrumb","itemListElement":[{"@type":"ListItem","position":1,"name":"Home","item":"https:\/\/redfoxlotto.com\/lv\/"},{"@type":"ListItem","position":2,"name":"Starptautisko loteriju rezult\u0101ti","item":"https:\/\/redfoxlotto.com\/lv\/rezultati\/"},{"@type":"ListItem","position":3,"name":"SuperEnaLotto Rezult\u0101ti"}]},{"@type":"WebSite","@id":"https:\/\/redfoxlotto.com\/lv\/#website","url":"https:\/\/redfoxlotto.com\/lv\/","name":"Get Tickets for the World\u2019s largest jackpots","description":"Participate in worldwide lottery jackpots from any country","publisher":{"@id":"https:\/\/redfoxlotto.com\/lv\/#organization"},"potentialAction":[{"@type":"SearchAction","target":{"@type":"EntryPoint","urlTemplate":"https:\/\/redfoxlotto.com\/lv\/?s={search_term_string}"},"query-input":{"@type":"PropertyValueSpecification","valueRequired":true,"valueName":"search_term_string"}}],"inLanguage":"lv-LV"},{"@type":"Organization","@id":"https:\/\/redfoxlotto.com\/lv\/#organization","name":"Get Tickets for the World\u2019s largest jackpots","url":"https:\/\/redfoxlotto.com\/lv\/","logo":{"@type":"ImageObject","inLanguage":"lv-LV","@id":"https:\/\/redfoxlotto.com\/lv\/#\/schema\/logo\/image\/","url":"https:\/\/redfoxlotto.com\/wp-content\/uploads\/2023\/04\/logo.png","contentUrl":"https:\/\/redfoxlotto.com\/wp-content\/uploads\/2023\/04\/logo.png","width":269,"height":53,"caption":"Get Tickets for the World\u2019s largest jackpots"},"image":{"@id":"https:\/\/redfoxlotto.com\/lv\/#\/schema\/logo\/image\/"}}]}},"_links":{"self":[{"href":"https:\/\/redfoxlotto.com\/lv\/wp-json\/wp\/v2\/pages\/17013","targetHints":{"allow":["GET"]}}],"collection":[{"href":"https:\/\/redfoxlotto.com\/lv\/wp-json\/wp\/v2\/pages"}],"about":[{"href":"https:\/\/redfoxlotto.com\/lv\/wp-json\/wp\/v2\/types\/page"}],"author":[{"embeddable":true,"href":"https:\/\/redfoxlotto.com\/lv\/wp-json\/wp\/v2\/users\/1"}],"replies":[{"embeddable":true,"href":"https:\/\/redfoxlotto.com\/lv\/wp-json\/wp\/v2\/comments?post=17013"}],"version-history":[{"count":0,"href":"https:\/\/redfoxlotto.com\/lv\/wp-json\/wp\/v2\/pages\/17013\/revisions"}],"up":[{"embeddable":true,"href":"https:\/\/redfoxlotto.com\/lv\/wp-json\/wp\/v2\/pages\/17007"}],"wp:attachment":[{"href":"https:\/\/redfoxlotto.com\/lv\/wp-json\/wp\/v2\/media?parent=17013"}],"curies":[{"name":"wp","href":"https:\/\/api.w.org\/{rel}","templated":true}]}}