{"id":17012,"date":"2018-11-18T08:54:25","date_gmt":"2018-11-18T08:54:25","guid":{"rendered":"https:\/\/redfoxlotto.com\/?page_id=2316"},"modified":"2025-12-17T12:23:26","modified_gmt":"2025-12-17T12:23:26","slug":"powerball","status":"publish","type":"page","link":"https:\/\/redfoxlotto.com\/lv\/rezultati\/powerball\/","title":{"rendered":"Powerball Rezult\u0101ti"},"content":{"rendered":"<script type=\"application\/ld+json\">\r\n{\r\n  \"@context\": \"https:\/\/schema.org\",\r\n  \"@type\": \"Service\",\r\n  \"name\": \"Powerball izlozes rezult\u0101tu p\u0101rbaude tie\u0161saist\u0113\",\r\n  \"url\": \"https:\/\/redfoxlotto.com\/lv\/rezultati\/powerball\/\",\r\n  \"description\": \"Apmekl\u0113jiet RedFoxLotto, lai p\u0101rbaud\u012btu jaun\u0101kos Powerball rezult\u0101tus un m\u016bsu loteriju rezult\u0101tu arh\u012bvu.\",\r\n  \"serviceType\": \"Pasaules loteriju rezult\u0101tu arh\u012bvs\",\r\n  \"provider\": {\r\n    \"@type\": \"Organization\",\r\n    \"name\": \"RedFoxLotto\",\r\n    \"url\": \"https:\/\/redfoxlotto.com\/lv\/rezultati\/powerball\/\",\r\n    \"image\": \"https:\/\/redfoxlotto.com\/wp-content\/uploads\/2025\/12\/ticket_scans.jpg\",\r\n    \"sameAs\": []\r\n  },\r\n  \"areaServed\": \"Worldwide\",\r\n  \"termsOfService\": \"https:\/\/redfoxlotto.com\/terms-and-conditions\",\r\n  \"additionalProperty\": {\r\n    \"@type\": \"PropertyValue\",\r\n    \"name\": \"FAQ\",\r\n    \"value\": \"https:\/\/redfoxlotto.com\/lv\/faq\/\"\r\n  },\r\n  \"hasOfferCatalog\": {\r\n    \"@type\": \"OfferCatalog\",\r\n    \"name\": \"Powerball rezult\u0101ti\",\r\n    \"itemListElement\": [\r\n      {\r\n        \"@type\": \"Offer\",\r\n        \"name\": \"Powerball rezult\u0101ti\",\r\n        \"url\": \"https:\/\/redfoxlotto.com\/lv\/rezultati\/powerball\/\",\r\n        \"description\": \"Atrast jaun\u0101kos un v\u0113sturiskos Powerball rezult\u0101tus un citas liel\u0101s loterijas \u0161eit\",\r\n        \"itemOffered\": {\r\n          \"@type\": \"Service\",\r\n          \"name\": \"Powerball rezult\u0101ti\",\r\n          \"description\": \"Powerball izloz\u0113tie numuri tie\u0161saist\u0113, jaun\u0101kie un vec\u0101kie rezult\u0101ti.\"\r\n        }\r\n      }\r\n    ]\r\n  },\r\n  \"mainEntityOfPage\": {\r\n    \"@type\": \"WebPage\",\r\n    \"@id\": \"https:\/\/redfoxlotto.com\/lv\/rezultati\/powerball\/\"\r\n  }\r\n}\r\n<\/script><h2 class=\"wp-block-heading\">Kur atrast Powerball izloz\u0113tos skait\u013cus<\/h2><p><img decoding=\"async\" class=\"size-full wp-image alignright\" src=\"https:\/\/content.redfoxlotto.com\/uploads\/sites\/9\/1_results_powerball.jpg\" alt=\"loterijas rezult\u0101ti\"><\/p><p>M\u016bsu m\u0101jaslap\u0101 m\u0113s public\u0113jam visus Powerball rezult\u0101tus un laim\u012bgos skait\u013cis, gan pa\u0161reiz\u0113jai ned\u0113\u013cai, gan ar\u012b v\u0113sturiskaj\u0101m izloz\u0113m.<\/p><p>Protams, m\u0113s nest\u0101st\u012bsim tikai par Powerball loteriju. \u0160eit j\u016bs var\u0113siet apskat\u012bt visas Pasaules popul\u0101r\u0101ko loteriju izlozes rezult\u0101tus. Bet ja runa ir par Powerball, m\u0113s labi saprotam, k\u0101p\u0113c esat ieinteres\u0113ti. Jebkur\u0161, kur\u0161 pareizi atmin visus skait\u013cis \u0161aj\u0101s loterij\u0101s, k\u013c\u016bst par multimiljon\u0101ru. J\u016bs varat ar\u012b apskat\u012bt iepriek\u0161\u0113jo izlo\u017eu veiksm\u012bgos skait\u013cus m\u016bsu arh\u012bv\u0101.<\/p><h2 class=\"wp-block-heading\">Powerball D\u017eekpots<\/h2><p>Powerball d\u017eekpots s\u0101kas pie minim\u0101l\u0101s summas $40 000 000. Bet t\u0101 rekords ir iespaid\u012bga summa $1 500 000 000, jeb $1.5 miljardi! Paties\u012bb\u0101, tas ir \u013coti reti, ka k\u0101ds laim\u0113 minim\u0101lo Powerball d\u017eekpotu. Lai gan tas reti kad sasniedz $1 miljardu, tas \u013coti bie\u017ei pietuvojas \u0161im skaitlim.<\/p><h2 class=\"wp-block-heading\">Powerball Balvas un Powerball Laim\u0113t\u0101ji<\/h2><p><img decoding=\"async\" class=\"size-full wp-image alignright\" src=\"https:\/\/content.redfoxlotto.com\/uploads\/sites\/9\/1_winning_numbers_powerball.jpg\" alt=\"Powerball loterijas uzvar\u0113t\u0101js\"><\/p><p>Powerball ir devi\u0146i da\u017e\u0101di balvu l\u012bme\u0146i. Simtiem t\u016bksto\u0161u sp\u0113l\u0113t\u0101ji laim\u0113 katr\u0101 izloz\u0113. Tabula par\u0101d\u012bs ar\u012b laim\u0113tos apjomus Ja j\u016bs pareizi uzmin\u0113siet vismaz 2 no p\u0101r\u0113jiem skait\u013ciem, jums ar\u012b b\u016bs pieejama balva.<\/p><h2 class=\"wp-block-heading\">Savas bi\u013cetes ieg\u016b\u0161ana<\/h2><p>Ja mekl\u0113jat Powerball rezult\u0101tus un laim\u012bgos skait\u013cis, j\u016bs noteikti mekl\u0113jat ar\u012b veidu, k\u0101 j\u016bs var\u0113tu piedal\u012bties \u0161aj\u0101 loterij\u0101, pareizi? Veiksm\u012bgi jums, tas nav tik sare\u017e\u0123\u012bti. M\u0113s pied\u0101v\u0101jam ieg\u0101t\u0101ties j\u016bsu bi\u013cetes \u013coti \u0113rti un \u0101tri.<\/p><p>M\u016bsu process ir vienk\u0101r\u0161s un sast\u0101v vien no p\u0101ris so\u013ciem. Pirmais solis, jums j\u0101izv\u0113las k\u0101du sp\u0113li v\u0113laties sp\u0113l\u0113t.<\/p><p>P\u0113c tam jums j\u0101izv\u0113las skait\u013ci sav\u0101m bi\u013cet\u0113m. M\u016bsu sist\u0113ma ar\u012b pazi\u0146os, ka izv\u0113l\u0113sieties p\u0101r\u0101k maz vai daudz skait\u013cus, lai p\u0101rliecin\u0101tos, ka bi\u013cete ir der\u012bga.<\/p><p>P\u0113c tam jums b\u016bs j\u0101izveido profils, ja t\u0101ds v\u0113l nav izveidots, un j\u0101uzst\u0101da maks\u0101jumu sist\u0113ma. Visbeidzot, jums b\u016bs j\u0101veic bi\u013ce\u0161u ieg\u0101de un m\u0113s par\u016bp\u0113simies par visu p\u0101r\u0113jo.<\/p><h2 class=\"wp-block-heading\">Naudas laimesta sa\u0146em\u0161ana<\/h2><p>Kas notiks, ja j\u016bs apskat\u012bsiet rezult\u0101tus un redz\u0113siet, ka esat laim\u0113ju\u0161i? Ja \u0161\u012b laimesta summa b\u016bs maza, j\u016bs uzreiz sa\u0146emsiet naudu sav\u0101 sp\u0113l\u0113t\u0101ja kont\u0101. Bet ja laimests b\u016bs daudz liel\u0101ks, tad m\u016bsu klientu atbalsta komanda ar jums sazin\u0101sies, lai preciz\u0113tu visu inform\u0101ciju par to, k\u0101 j\u016bs v\u0113laties \u0161o laimestu sa\u0146emt.<\/p>","protected":false},"excerpt":{"rendered":"<p>Kur atrast Powerball izloz\u0113tos skait\u013cus M\u016bsu m\u0101jaslap\u0101 m\u0113s public\u0113jam visus Powerball rezult\u0101tus un laim\u012bgos skait\u013cis, gan pa\u0161reiz\u0113jai ned\u0113\u013cai, gan ar\u012b v\u0113sturiskaj\u0101m izloz\u0113m. Protams, m\u0113s nest\u0101st\u012bsim tikai par Powerball loteriju. \u0160eit j\u016bs var\u0113siet apskat\u012bt visas Pasaules popul\u0101r\u0101ko loteriju izlozes rezult\u0101tus. Bet ja runa ir par Powerball, m\u0113s labi saprotam, k\u0101p\u0113c esat ieinteres\u0113ti. Jebkur\u0161, kur\u0161 pareizi atmin [&hellip;]<\/p>\n","protected":false},"author":1,"featured_media":0,"parent":17007,"menu_order":1,"comment_status":"closed","ping_status":"closed","template":"powerball-usa-results.php","meta":{"_et_pb_use_builder":"","_et_pb_old_content":"","_et_gb_content_width":"","exclude_from_search":false,"footnotes":""},"class_list":["post-17012","page","type-page","status-publish","hentry"],"yoast_head":"<!-- This site is optimized with the Yoast SEO plugin v23.8 - https:\/\/yoast.com\/wordpress\/plugins\/seo\/ -->\n<title>Powerball loterijas rezult\u0101ti un laim\u012bgie skait\u013ci<\/title>\n<meta name=\"description\" content=\"Apskatiet jaun\u0101kos Powerball Loto rezult\u0101tus \u0161eit, ieskaitot arh\u012bvu ar iepriek\u0161\u0113jo izlo\u017eu rezult\u0101tiem\" \/>\n<meta name=\"robots\" content=\"index, follow, max-snippet:-1, max-image-preview:large, max-video-preview:-1\" \/>\n<link rel=\"canonical\" href=\"https:\/\/redfoxlotto.com\/lv\/rezultati\/powerball\/\" \/>\n<meta property=\"og:locale\" content=\"lv_LV\" \/>\n<meta property=\"og:type\" content=\"article\" \/>\n<meta property=\"og:title\" content=\"Powerball loterijas rezult\u0101ti un laim\u012bgie skait\u013ci\" \/>\n<meta property=\"og:description\" content=\"Apskatiet jaun\u0101kos Powerball Loto rezult\u0101tus \u0161eit, ieskaitot arh\u012bvu ar iepriek\u0161\u0113jo izlo\u017eu rezult\u0101tiem\" \/>\n<meta property=\"og:url\" content=\"https:\/\/redfoxlotto.com\/lv\/rezultati\/powerball\/\" \/>\n<meta property=\"og:site_name\" content=\"Get Tickets for the World\u2019s largest jackpots\" \/>\n<meta property=\"article:modified_time\" content=\"2025-12-17T12:23:26+00:00\" \/>\n<meta property=\"og:image\" content=\"https:\/\/content.redfoxlotto.com\/uploads\/sites\/9\/1_results_powerball.jpg\" \/>\n<meta name=\"twitter:card\" content=\"summary_large_image\" \/>\n<meta name=\"twitter:label1\" content=\"Est. reading time\" \/>\n\t<meta name=\"twitter:data1\" content=\"2 minutes\" \/>\n<script type=\"application\/ld+json\" class=\"yoast-schema-graph\">{\"@context\":\"https:\/\/schema.org\",\"@graph\":[{\"@type\":\"WebPage\",\"@id\":\"https:\/\/redfoxlotto.com\/lv\/rezultati\/powerball\/\",\"url\":\"https:\/\/redfoxlotto.com\/lv\/rezultati\/powerball\/\",\"name\":\"Powerball loterijas rezult\u0101ti un laim\u012bgie skait\u013ci\",\"isPartOf\":{\"@id\":\"https:\/\/redfoxlotto.com\/lv\/#website\"},\"primaryImageOfPage\":{\"@id\":\"https:\/\/redfoxlotto.com\/lv\/rezultati\/powerball\/#primaryimage\"},\"image\":{\"@id\":\"https:\/\/redfoxlotto.com\/lv\/rezultati\/powerball\/#primaryimage\"},\"thumbnailUrl\":\"https:\/\/content.redfoxlotto.com\/uploads\/sites\/9\/1_results_powerball.jpg\",\"datePublished\":\"2018-11-18T08:54:25+00:00\",\"dateModified\":\"2025-12-17T12:23:26+00:00\",\"description\":\"Apskatiet jaun\u0101kos Powerball Loto rezult\u0101tus \u0161eit, ieskaitot arh\u012bvu ar iepriek\u0161\u0113jo izlo\u017eu rezult\u0101tiem\",\"breadcrumb\":{\"@id\":\"https:\/\/redfoxlotto.com\/lv\/rezultati\/powerball\/#breadcrumb\"},\"inLanguage\":\"lv-LV\",\"potentialAction\":[{\"@type\":\"ReadAction\",\"target\":[\"https:\/\/redfoxlotto.com\/lv\/rezultati\/powerball\/\"]}]},{\"@type\":\"ImageObject\",\"inLanguage\":\"lv-LV\",\"@id\":\"https:\/\/redfoxlotto.com\/lv\/rezultati\/powerball\/#primaryimage\",\"url\":\"https:\/\/content.redfoxlotto.com\/uploads\/sites\/9\/1_results_powerball.jpg\",\"contentUrl\":\"https:\/\/content.redfoxlotto.com\/uploads\/sites\/9\/1_results_powerball.jpg\"},{\"@type\":\"BreadcrumbList\",\"@id\":\"https:\/\/redfoxlotto.com\/lv\/rezultati\/powerball\/#breadcrumb\",\"itemListElement\":[{\"@type\":\"ListItem\",\"position\":1,\"name\":\"Home\",\"item\":\"https:\/\/redfoxlotto.com\/lv\/\"},{\"@type\":\"ListItem\",\"position\":2,\"name\":\"Starptautisko loteriju rezult\u0101ti\",\"item\":\"https:\/\/redfoxlotto.com\/lv\/rezultati\/\"},{\"@type\":\"ListItem\",\"position\":3,\"name\":\"Powerball Rezult\u0101ti\"}]},{\"@type\":\"WebSite\",\"@id\":\"https:\/\/redfoxlotto.com\/lv\/#website\",\"url\":\"https:\/\/redfoxlotto.com\/lv\/\",\"name\":\"Get Tickets for the World\u2019s largest jackpots\",\"description\":\"Participate in worldwide lottery jackpots from any country\",\"publisher\":{\"@id\":\"https:\/\/redfoxlotto.com\/lv\/#organization\"},\"potentialAction\":[{\"@type\":\"SearchAction\",\"target\":{\"@type\":\"EntryPoint\",\"urlTemplate\":\"https:\/\/redfoxlotto.com\/lv\/?s={search_term_string}\"},\"query-input\":{\"@type\":\"PropertyValueSpecification\",\"valueRequired\":true,\"valueName\":\"search_term_string\"}}],\"inLanguage\":\"lv-LV\"},{\"@type\":\"Organization\",\"@id\":\"https:\/\/redfoxlotto.com\/lv\/#organization\",\"name\":\"Get Tickets for the World\u2019s largest jackpots\",\"url\":\"https:\/\/redfoxlotto.com\/lv\/\",\"logo\":{\"@type\":\"ImageObject\",\"inLanguage\":\"lv-LV\",\"@id\":\"https:\/\/redfoxlotto.com\/lv\/#\/schema\/logo\/image\/\",\"url\":\"https:\/\/redfoxlotto.com\/wp-content\/uploads\/2023\/04\/logo.png\",\"contentUrl\":\"https:\/\/redfoxlotto.com\/wp-content\/uploads\/2023\/04\/logo.png\",\"width\":269,\"height\":53,\"caption\":\"Get Tickets for the World\u2019s largest jackpots\"},\"image\":{\"@id\":\"https:\/\/redfoxlotto.com\/lv\/#\/schema\/logo\/image\/\"}}]}<\/script>\n<!-- \/ Yoast SEO plugin. -->","yoast_head_json":{"title":"Powerball loterijas rezult\u0101ti un laim\u012bgie skait\u013ci","description":"Apskatiet jaun\u0101kos Powerball Loto rezult\u0101tus \u0161eit, ieskaitot arh\u012bvu ar iepriek\u0161\u0113jo izlo\u017eu rezult\u0101tiem","robots":{"index":"index","follow":"follow","max-snippet":"max-snippet:-1","max-image-preview":"max-image-preview:large","max-video-preview":"max-video-preview:-1"},"canonical":"https:\/\/redfoxlotto.com\/lv\/rezultati\/powerball\/","og_locale":"lv_LV","og_type":"article","og_title":"Powerball loterijas rezult\u0101ti un laim\u012bgie skait\u013ci","og_description":"Apskatiet jaun\u0101kos Powerball Loto rezult\u0101tus \u0161eit, ieskaitot arh\u012bvu ar iepriek\u0161\u0113jo izlo\u017eu rezult\u0101tiem","og_url":"https:\/\/redfoxlotto.com\/lv\/rezultati\/powerball\/","og_site_name":"Get Tickets for the World\u2019s largest jackpots","article_modified_time":"2025-12-17T12:23:26+00:00","og_image":[{"url":"https:\/\/content.redfoxlotto.com\/uploads\/sites\/9\/1_results_powerball.jpg"}],"twitter_card":"summary_large_image","twitter_misc":{"Est. reading time":"2 minutes"},"schema":{"@context":"https:\/\/schema.org","@graph":[{"@type":"WebPage","@id":"https:\/\/redfoxlotto.com\/lv\/rezultati\/powerball\/","url":"https:\/\/redfoxlotto.com\/lv\/rezultati\/powerball\/","name":"Powerball loterijas rezult\u0101ti un laim\u012bgie skait\u013ci","isPartOf":{"@id":"https:\/\/redfoxlotto.com\/lv\/#website"},"primaryImageOfPage":{"@id":"https:\/\/redfoxlotto.com\/lv\/rezultati\/powerball\/#primaryimage"},"image":{"@id":"https:\/\/redfoxlotto.com\/lv\/rezultati\/powerball\/#primaryimage"},"thumbnailUrl":"https:\/\/content.redfoxlotto.com\/uploads\/sites\/9\/1_results_powerball.jpg","datePublished":"2018-11-18T08:54:25+00:00","dateModified":"2025-12-17T12:23:26+00:00","description":"Apskatiet jaun\u0101kos Powerball Loto rezult\u0101tus \u0161eit, ieskaitot arh\u012bvu ar iepriek\u0161\u0113jo izlo\u017eu rezult\u0101tiem","breadcrumb":{"@id":"https:\/\/redfoxlotto.com\/lv\/rezultati\/powerball\/#breadcrumb"},"inLanguage":"lv-LV","potentialAction":[{"@type":"ReadAction","target":["https:\/\/redfoxlotto.com\/lv\/rezultati\/powerball\/"]}]},{"@type":"ImageObject","inLanguage":"lv-LV","@id":"https:\/\/redfoxlotto.com\/lv\/rezultati\/powerball\/#primaryimage","url":"https:\/\/content.redfoxlotto.com\/uploads\/sites\/9\/1_results_powerball.jpg","contentUrl":"https:\/\/content.redfoxlotto.com\/uploads\/sites\/9\/1_results_powerball.jpg"},{"@type":"BreadcrumbList","@id":"https:\/\/redfoxlotto.com\/lv\/rezultati\/powerball\/#breadcrumb","itemListElement":[{"@type":"ListItem","position":1,"name":"Home","item":"https:\/\/redfoxlotto.com\/lv\/"},{"@type":"ListItem","position":2,"name":"Starptautisko loteriju rezult\u0101ti","item":"https:\/\/redfoxlotto.com\/lv\/rezultati\/"},{"@type":"ListItem","position":3,"name":"Powerball Rezult\u0101ti"}]},{"@type":"WebSite","@id":"https:\/\/redfoxlotto.com\/lv\/#website","url":"https:\/\/redfoxlotto.com\/lv\/","name":"Get Tickets for the World\u2019s largest jackpots","description":"Participate in worldwide lottery jackpots from any country","publisher":{"@id":"https:\/\/redfoxlotto.com\/lv\/#organization"},"potentialAction":[{"@type":"SearchAction","target":{"@type":"EntryPoint","urlTemplate":"https:\/\/redfoxlotto.com\/lv\/?s={search_term_string}"},"query-input":{"@type":"PropertyValueSpecification","valueRequired":true,"valueName":"search_term_string"}}],"inLanguage":"lv-LV"},{"@type":"Organization","@id":"https:\/\/redfoxlotto.com\/lv\/#organization","name":"Get Tickets for the World\u2019s largest jackpots","url":"https:\/\/redfoxlotto.com\/lv\/","logo":{"@type":"ImageObject","inLanguage":"lv-LV","@id":"https:\/\/redfoxlotto.com\/lv\/#\/schema\/logo\/image\/","url":"https:\/\/redfoxlotto.com\/wp-content\/uploads\/2023\/04\/logo.png","contentUrl":"https:\/\/redfoxlotto.com\/wp-content\/uploads\/2023\/04\/logo.png","width":269,"height":53,"caption":"Get Tickets for the World\u2019s largest jackpots"},"image":{"@id":"https:\/\/redfoxlotto.com\/lv\/#\/schema\/logo\/image\/"}}]}},"_links":{"self":[{"href":"https:\/\/redfoxlotto.com\/lv\/wp-json\/wp\/v2\/pages\/17012","targetHints":{"allow":["GET"]}}],"collection":[{"href":"https:\/\/redfoxlotto.com\/lv\/wp-json\/wp\/v2\/pages"}],"about":[{"href":"https:\/\/redfoxlotto.com\/lv\/wp-json\/wp\/v2\/types\/page"}],"author":[{"embeddable":true,"href":"https:\/\/redfoxlotto.com\/lv\/wp-json\/wp\/v2\/users\/1"}],"replies":[{"embeddable":true,"href":"https:\/\/redfoxlotto.com\/lv\/wp-json\/wp\/v2\/comments?post=17012"}],"version-history":[{"count":0,"href":"https:\/\/redfoxlotto.com\/lv\/wp-json\/wp\/v2\/pages\/17012\/revisions"}],"up":[{"embeddable":true,"href":"https:\/\/redfoxlotto.com\/lv\/wp-json\/wp\/v2\/pages\/17007"}],"wp:attachment":[{"href":"https:\/\/redfoxlotto.com\/lv\/wp-json\/wp\/v2\/media?parent=17012"}],"curies":[{"name":"wp","href":"https:\/\/api.w.org\/{rel}","templated":true}]}}