{"id":17010,"date":"2018-11-18T08:54:25","date_gmt":"2018-11-18T08:54:25","guid":{"rendered":"https:\/\/redfoxlotto.com\/?page_id=2311"},"modified":"2025-12-18T06:49:46","modified_gmt":"2025-12-18T06:49:46","slug":"mega-millions","status":"publish","type":"page","link":"https:\/\/redfoxlotto.com\/lv\/rezultati\/mega-millions\/","title":{"rendered":"Mega Millions Rezult\u0101ti"},"content":{"rendered":"<script type=\"application\/ld+json\">\r\n{\r\n  \"@context\": \"https:\/\/schema.org\",\r\n  \"@type\": \"Service\",\r\n  \"name\": \"P\u0101rbaudiet Mega Millions izlozes rezult\u0101tus tie\u0161saist\u0113\",\r\n  \"url\": \"https:\/\/redfoxlotto.com\/lv\/rezultati\/mega-millions\/\",\r\n  \"description\": \"Apmekl\u0113jiet RedFoxLotto, lai p\u0101rbaud\u012btu jaun\u0101kos Mega Millions rezult\u0101tus un m\u016bsu loterijas rezult\u0101tu arh\u012bvu.\",\r\n  \"serviceType\": \"Pasaules loteriju rezult\u0101tu arh\u012bvs\",\r\n\r\n  \"provider\": {\r\n    \"@type\": \"Organization\",\r\n    \"name\": \"RedFoxLotto\",\r\n    \"url\": \"https:\/\/redfoxlotto.com\/lv\/\",\r\n    \"image\": \"https:\/\/redfoxlotto.com\/wp-content\/uploads\/2025\/12\/ticket_scans.jpg\",\r\n    \"sameAs\": []\r\n  },\r\n\r\n  \"areaServed\": \"Worldwide\",\r\n  \"termsOfService\": \"https:\/\/redfoxlotto.com\/lv\/terms-and-conditions\/\",\r\n  \"additionalProperty\": {\r\n    \"@type\": \"PropertyValue\",\r\n    \"name\": \"FAQ\",\r\n    \"value\": \"https:\/\/redfoxlotto.com\/lv\/faq\/\"\r\n  },\r\n\r\n  \"hasOfferCatalog\": {\r\n    \"@type\": \"OfferCatalog\",\r\n    \"name\": \"Mega Millions rezult\u0101ti\",\r\n    \"itemListElement\": [\r\n      {\r\n        \"@type\": \"Offer\",\r\n        \"name\": \"Mega Millions rezult\u0101ti\",\r\n        \"url\": \"https:\/\/redfoxlotto.com\/lv\/rezultati\/mega-millions\/\",\r\n        \"description\": \"Atrast jaun\u0101kos un v\u0113sturiskos Mega Millions rezult\u0101tus \u0161eit.\",\r\n        \"price\": \"13.00\",\r\n        \"priceCurrency\": \"EUR\",\r\n        \"availability\": \"https:\/\/schema.org\/InStock\",\r\n        \"itemOffered\": {\r\n          \"@type\": \"Service\",\r\n          \"name\": \"Mega Millions rezult\u0101ti\",\r\n          \"description\": \"Mega Millions izloz\u0113ti numuri tie\u0161saist\u0113, jaun\u0101kie un vec\u0101kie rezult\u0101ti.\"\r\n        }\r\n      }\r\n    ]\r\n  },\r\n\r\n  \"mainEntityOfPage\": {\r\n    \"@type\": \"WebPage\",\r\n    \"@id\": \"https:\/\/redfoxlotto.com\/lv\/rezultati\/mega-millions\/\"\r\n  }\r\n}\r\n<\/script><p>Vai mekl\u0113jat jaun\u0101kos Mega Millions ASV izlozes rezult\u0101tus? \u0160eit j\u016bs varat tos atrast, k\u0101 ar\u012b arh\u012bvu ar laim\u012bgajiem skait\u013ciem no iepriek\u0161\u0113j\u0101m izloz\u0113m.<\/p><h2 class=\"wp-block-heading\">Mega Millions D\u017eekpots<\/h2><p><img loading=\"lazy\" decoding=\"async\" class=\" wp-image alignright\" src=\"https:\/\/content.redfoxlotto.com\/uploads\/sites\/9\/1_results_mega_millions.jpg\" alt=\"loterijas rezult\u0101ti\" width=\"222\" height=\"222\" \/><\/p><p>Minim\u0101lais d\u017eekpota apjoms Mega Millions loterij\u0101 ir $ 40 miljoni. Tas noz\u012bm\u0113, ka ja k\u0101ds laim\u0113s d\u017eekpotu tuv\u0101kaj\u0101 izloz\u0113, tad n\u0101kam\u0101s izlozes d\u017eekpots s\u0101ksies no $40 miljoniem. T\u0101p\u0113c vismaz\u0101kais apjoms (pirms nodok\u013cu nomaksas), ko j\u016bs varat laim\u0113t, ir $40 miljoni.<\/p><p>Paties\u012bb\u0101 \u0161is Mega Millions ASV d\u017eekpots \u013coti \u0101tri sasniedz milz\u012bgus apjomus. Liel\u0101kais Mega Millions d\u017eekpots, k\u0101ds sasniegts, ir bijis vair\u0101k k\u0101 1.5 miljardi! T\u0101 bija summa, ko jebkur\u0161 ASV v\u0113l\u0113j\u0101s ieg\u016bt, t\u0101p\u0113c ar\u012b tika p\u0101rdoti miljoniem bi\u013ce\u0161u, bet vi\u0146i nav vien\u012bgie, kas var piedal\u012bties \u0161aj\u0101 proces\u0101.<\/p><h2 class=\"wp-block-heading\">Mega Millions balvu l\u012bme\u0146i<\/h2><p>No m\u016bsu tabulas j\u016bs varat apskat\u012bt pieejamos balvu l\u012bme\u0146us un ieg\u016btos laimestus. Ar Mega Millions j\u016bs varat laim\u0113t ar\u012b tad, ja pareizi uzmin\u0113siet Mega Ball skaitli, vai ja uzmin\u0113siet vismaz 2 parastos skait\u013cus. Tas noz\u012bm\u0113, ka jums ir labas izredzes ieg\u016bt jebk\u0101du laimestu par sav\u0101m ieg\u0101d\u0101taj\u0101m bi\u013cet\u0113m.<\/p><h2 class=\"wp-block-heading\">Mega Millions Sp\u0113l\u0113\u0161ana<\/h2><p><img decoding=\"async\" class=\"size-full wp-image alignright\" src=\"https:\/\/content.redfoxlotto.com\/uploads\/sites\/9\/1_lottery_winner_is2.jpg\" alt=\"Mega Millions d\u017eekpots\"><\/p><p>Ja esat gatavi s\u0101kt sp\u0113l\u0113t Mega Millions, bet neesat no ASV, tad jums vajadz\u0113s atrast veidu, k\u0101 ieg\u0101d\u0101ties bi\u013ceti, pareizi? M\u0113s jums pal\u012bdz\u0113sim ieg\u016bt bi\u013ceti, ko v\u0113laties. Jums vajadz\u0113s izveidot kontu ar mums un ieg\u0101d\u0101ties savas bi\u013cetes, tas ar\u012b viss no j\u016bsu puses. T\u0101l\u0101k m\u0113s par\u016bp\u0113simies par j\u016bsu bi\u013cetes ieg\u0101di.<\/p><p>Neilgi p\u0113c bi\u013cetes ieg\u0101des, t\u0101 par\u0101d\u012bsies j\u016bsu profil\u0101, un j\u016bs var\u0113siet p\u0101rbaud\u012bt vai j\u016bs esat ko laim\u0113ju\u0161i, jo m\u0113s esam atviegloju\u0161i \u0161o procesu, k\u0101 rezult\u0101t\u0101 j\u016bs var\u0113siet \u0113rti apskat\u012bt Mega Millions rezult\u0101tus un laim\u012bgos skait\u013cus m\u016bsu sist\u0113m\u0101. Visi pareizi uzmin\u0113tie skait\u013ci j\u016bsu bi\u013cet\u0113 tiks izcelti. T\u0101d\u0101 veid\u0101 j\u016bs \u0113rti uzzin\u0101siet, cik daudz pareizi atmin\u0113tu skait\u013cu jums ir!<\/p>","protected":false},"excerpt":{"rendered":"<p>Vai mekl\u0113jat jaun\u0101kos Mega Millions ASV izlozes rezult\u0101tus? \u0160eit j\u016bs varat tos atrast, k\u0101 ar\u012b arh\u012bvu ar laim\u012bgajiem skait\u013ciem no iepriek\u0161\u0113j\u0101m izloz\u0113m. Mega Millions D\u017eekpots Minim\u0101lais d\u017eekpota apjoms Mega Millions loterij\u0101 ir $ 40 miljoni. Tas noz\u012bm\u0113, ka ja k\u0101ds laim\u0113s d\u017eekpotu tuv\u0101kaj\u0101 izloz\u0113, tad n\u0101kam\u0101s izlozes d\u017eekpots s\u0101ksies no $40 miljoniem. T\u0101p\u0113c vismaz\u0101kais apjoms [&hellip;]<\/p>\n","protected":false},"author":1,"featured_media":0,"parent":17007,"menu_order":2,"comment_status":"closed","ping_status":"closed","template":"megamillion-results.php","meta":{"_et_pb_use_builder":"","_et_pb_old_content":"","_et_gb_content_width":"","exclude_from_search":false,"footnotes":""},"class_list":["post-17010","page","type-page","status-publish","hentry"],"yoast_head":"<!-- This site is optimized with the Yoast SEO plugin v23.8 - https:\/\/yoast.com\/wordpress\/plugins\/seo\/ -->\n<title>Mega Millions Laim\u012bgie skait\u013ci un rezult\u0101ti<\/title>\n<meta name=\"description\" content=\"Apskatiet laim\u012bgos skait\u013cus m\u016bsu Mega Millions rezult\u0101tu lap\u0101, kur atrodami ar\u012b iepriek\u0161\u0113jo izlo\u017eu rezult\u0101ti\" \/>\n<meta name=\"robots\" content=\"index, follow, max-snippet:-1, max-image-preview:large, max-video-preview:-1\" \/>\n<link rel=\"canonical\" href=\"https:\/\/redfoxlotto.com\/lv\/rezultati\/mega-millions\/\" \/>\n<meta property=\"og:locale\" content=\"lv_LV\" \/>\n<meta property=\"og:type\" content=\"article\" \/>\n<meta property=\"og:title\" content=\"Mega Millions Laim\u012bgie skait\u013ci un rezult\u0101ti\" \/>\n<meta property=\"og:description\" content=\"Apskatiet laim\u012bgos skait\u013cus m\u016bsu Mega Millions rezult\u0101tu lap\u0101, kur atrodami ar\u012b iepriek\u0161\u0113jo izlo\u017eu rezult\u0101ti\" \/>\n<meta property=\"og:url\" content=\"https:\/\/redfoxlotto.com\/lv\/rezultati\/mega-millions\/\" \/>\n<meta property=\"og:site_name\" content=\"Get Tickets for the World\u2019s largest jackpots\" \/>\n<meta property=\"article:modified_time\" content=\"2025-12-18T06:49:46+00:00\" \/>\n<meta property=\"og:image\" content=\"https:\/\/content.redfoxlotto.com\/uploads\/sites\/9\/1_results_mega_millions.jpg\" \/>\n<meta name=\"twitter:card\" content=\"summary_large_image\" \/>\n<meta name=\"twitter:label1\" content=\"Est. reading time\" \/>\n\t<meta name=\"twitter:data1\" content=\"2 minutes\" \/>\n<script type=\"application\/ld+json\" class=\"yoast-schema-graph\">{\"@context\":\"https:\/\/schema.org\",\"@graph\":[{\"@type\":\"WebPage\",\"@id\":\"https:\/\/redfoxlotto.com\/lv\/rezultati\/mega-millions\/\",\"url\":\"https:\/\/redfoxlotto.com\/lv\/rezultati\/mega-millions\/\",\"name\":\"Mega Millions Laim\u012bgie skait\u013ci un rezult\u0101ti\",\"isPartOf\":{\"@id\":\"https:\/\/redfoxlotto.com\/lv\/#website\"},\"primaryImageOfPage\":{\"@id\":\"https:\/\/redfoxlotto.com\/lv\/rezultati\/mega-millions\/#primaryimage\"},\"image\":{\"@id\":\"https:\/\/redfoxlotto.com\/lv\/rezultati\/mega-millions\/#primaryimage\"},\"thumbnailUrl\":\"https:\/\/content.redfoxlotto.com\/uploads\/sites\/9\/1_results_mega_millions.jpg\",\"datePublished\":\"2018-11-18T08:54:25+00:00\",\"dateModified\":\"2025-12-18T06:49:46+00:00\",\"description\":\"Apskatiet laim\u012bgos skait\u013cus m\u016bsu Mega Millions rezult\u0101tu lap\u0101, kur atrodami ar\u012b iepriek\u0161\u0113jo izlo\u017eu rezult\u0101ti\",\"breadcrumb\":{\"@id\":\"https:\/\/redfoxlotto.com\/lv\/rezultati\/mega-millions\/#breadcrumb\"},\"inLanguage\":\"lv-LV\",\"potentialAction\":[{\"@type\":\"ReadAction\",\"target\":[\"https:\/\/redfoxlotto.com\/lv\/rezultati\/mega-millions\/\"]}]},{\"@type\":\"ImageObject\",\"inLanguage\":\"lv-LV\",\"@id\":\"https:\/\/redfoxlotto.com\/lv\/rezultati\/mega-millions\/#primaryimage\",\"url\":\"https:\/\/content.redfoxlotto.com\/uploads\/sites\/9\/1_results_mega_millions.jpg\",\"contentUrl\":\"https:\/\/content.redfoxlotto.com\/uploads\/sites\/9\/1_results_mega_millions.jpg\"},{\"@type\":\"BreadcrumbList\",\"@id\":\"https:\/\/redfoxlotto.com\/lv\/rezultati\/mega-millions\/#breadcrumb\",\"itemListElement\":[{\"@type\":\"ListItem\",\"position\":1,\"name\":\"Home\",\"item\":\"https:\/\/redfoxlotto.com\/lv\/\"},{\"@type\":\"ListItem\",\"position\":2,\"name\":\"Starptautisko loteriju rezult\u0101ti\",\"item\":\"https:\/\/redfoxlotto.com\/lv\/rezultati\/\"},{\"@type\":\"ListItem\",\"position\":3,\"name\":\"Mega Millions Rezult\u0101ti\"}]},{\"@type\":\"WebSite\",\"@id\":\"https:\/\/redfoxlotto.com\/lv\/#website\",\"url\":\"https:\/\/redfoxlotto.com\/lv\/\",\"name\":\"Get Tickets for the World\u2019s largest jackpots\",\"description\":\"Participate in worldwide lottery jackpots from any country\",\"publisher\":{\"@id\":\"https:\/\/redfoxlotto.com\/lv\/#organization\"},\"potentialAction\":[{\"@type\":\"SearchAction\",\"target\":{\"@type\":\"EntryPoint\",\"urlTemplate\":\"https:\/\/redfoxlotto.com\/lv\/?s={search_term_string}\"},\"query-input\":{\"@type\":\"PropertyValueSpecification\",\"valueRequired\":true,\"valueName\":\"search_term_string\"}}],\"inLanguage\":\"lv-LV\"},{\"@type\":\"Organization\",\"@id\":\"https:\/\/redfoxlotto.com\/lv\/#organization\",\"name\":\"Get Tickets for the World\u2019s largest jackpots\",\"url\":\"https:\/\/redfoxlotto.com\/lv\/\",\"logo\":{\"@type\":\"ImageObject\",\"inLanguage\":\"lv-LV\",\"@id\":\"https:\/\/redfoxlotto.com\/lv\/#\/schema\/logo\/image\/\",\"url\":\"https:\/\/redfoxlotto.com\/wp-content\/uploads\/2023\/04\/logo.png\",\"contentUrl\":\"https:\/\/redfoxlotto.com\/wp-content\/uploads\/2023\/04\/logo.png\",\"width\":269,\"height\":53,\"caption\":\"Get Tickets for the World\u2019s largest jackpots\"},\"image\":{\"@id\":\"https:\/\/redfoxlotto.com\/lv\/#\/schema\/logo\/image\/\"}}]}<\/script>\n<!-- \/ Yoast SEO plugin. -->","yoast_head_json":{"title":"Mega Millions Laim\u012bgie skait\u013ci un rezult\u0101ti","description":"Apskatiet laim\u012bgos skait\u013cus m\u016bsu Mega Millions rezult\u0101tu lap\u0101, kur atrodami ar\u012b iepriek\u0161\u0113jo izlo\u017eu rezult\u0101ti","robots":{"index":"index","follow":"follow","max-snippet":"max-snippet:-1","max-image-preview":"max-image-preview:large","max-video-preview":"max-video-preview:-1"},"canonical":"https:\/\/redfoxlotto.com\/lv\/rezultati\/mega-millions\/","og_locale":"lv_LV","og_type":"article","og_title":"Mega Millions Laim\u012bgie skait\u013ci un rezult\u0101ti","og_description":"Apskatiet laim\u012bgos skait\u013cus m\u016bsu Mega Millions rezult\u0101tu lap\u0101, kur atrodami ar\u012b iepriek\u0161\u0113jo izlo\u017eu rezult\u0101ti","og_url":"https:\/\/redfoxlotto.com\/lv\/rezultati\/mega-millions\/","og_site_name":"Get Tickets for the World\u2019s largest jackpots","article_modified_time":"2025-12-18T06:49:46+00:00","og_image":[{"url":"https:\/\/content.redfoxlotto.com\/uploads\/sites\/9\/1_results_mega_millions.jpg"}],"twitter_card":"summary_large_image","twitter_misc":{"Est. reading time":"2 minutes"},"schema":{"@context":"https:\/\/schema.org","@graph":[{"@type":"WebPage","@id":"https:\/\/redfoxlotto.com\/lv\/rezultati\/mega-millions\/","url":"https:\/\/redfoxlotto.com\/lv\/rezultati\/mega-millions\/","name":"Mega Millions Laim\u012bgie skait\u013ci un rezult\u0101ti","isPartOf":{"@id":"https:\/\/redfoxlotto.com\/lv\/#website"},"primaryImageOfPage":{"@id":"https:\/\/redfoxlotto.com\/lv\/rezultati\/mega-millions\/#primaryimage"},"image":{"@id":"https:\/\/redfoxlotto.com\/lv\/rezultati\/mega-millions\/#primaryimage"},"thumbnailUrl":"https:\/\/content.redfoxlotto.com\/uploads\/sites\/9\/1_results_mega_millions.jpg","datePublished":"2018-11-18T08:54:25+00:00","dateModified":"2025-12-18T06:49:46+00:00","description":"Apskatiet laim\u012bgos skait\u013cus m\u016bsu Mega Millions rezult\u0101tu lap\u0101, kur atrodami ar\u012b iepriek\u0161\u0113jo izlo\u017eu rezult\u0101ti","breadcrumb":{"@id":"https:\/\/redfoxlotto.com\/lv\/rezultati\/mega-millions\/#breadcrumb"},"inLanguage":"lv-LV","potentialAction":[{"@type":"ReadAction","target":["https:\/\/redfoxlotto.com\/lv\/rezultati\/mega-millions\/"]}]},{"@type":"ImageObject","inLanguage":"lv-LV","@id":"https:\/\/redfoxlotto.com\/lv\/rezultati\/mega-millions\/#primaryimage","url":"https:\/\/content.redfoxlotto.com\/uploads\/sites\/9\/1_results_mega_millions.jpg","contentUrl":"https:\/\/content.redfoxlotto.com\/uploads\/sites\/9\/1_results_mega_millions.jpg"},{"@type":"BreadcrumbList","@id":"https:\/\/redfoxlotto.com\/lv\/rezultati\/mega-millions\/#breadcrumb","itemListElement":[{"@type":"ListItem","position":1,"name":"Home","item":"https:\/\/redfoxlotto.com\/lv\/"},{"@type":"ListItem","position":2,"name":"Starptautisko loteriju rezult\u0101ti","item":"https:\/\/redfoxlotto.com\/lv\/rezultati\/"},{"@type":"ListItem","position":3,"name":"Mega Millions Rezult\u0101ti"}]},{"@type":"WebSite","@id":"https:\/\/redfoxlotto.com\/lv\/#website","url":"https:\/\/redfoxlotto.com\/lv\/","name":"Get Tickets for the World\u2019s largest jackpots","description":"Participate in worldwide lottery jackpots from any country","publisher":{"@id":"https:\/\/redfoxlotto.com\/lv\/#organization"},"potentialAction":[{"@type":"SearchAction","target":{"@type":"EntryPoint","urlTemplate":"https:\/\/redfoxlotto.com\/lv\/?s={search_term_string}"},"query-input":{"@type":"PropertyValueSpecification","valueRequired":true,"valueName":"search_term_string"}}],"inLanguage":"lv-LV"},{"@type":"Organization","@id":"https:\/\/redfoxlotto.com\/lv\/#organization","name":"Get Tickets for the World\u2019s largest jackpots","url":"https:\/\/redfoxlotto.com\/lv\/","logo":{"@type":"ImageObject","inLanguage":"lv-LV","@id":"https:\/\/redfoxlotto.com\/lv\/#\/schema\/logo\/image\/","url":"https:\/\/redfoxlotto.com\/wp-content\/uploads\/2023\/04\/logo.png","contentUrl":"https:\/\/redfoxlotto.com\/wp-content\/uploads\/2023\/04\/logo.png","width":269,"height":53,"caption":"Get Tickets for the World\u2019s largest jackpots"},"image":{"@id":"https:\/\/redfoxlotto.com\/lv\/#\/schema\/logo\/image\/"}}]}},"_links":{"self":[{"href":"https:\/\/redfoxlotto.com\/lv\/wp-json\/wp\/v2\/pages\/17010","targetHints":{"allow":["GET"]}}],"collection":[{"href":"https:\/\/redfoxlotto.com\/lv\/wp-json\/wp\/v2\/pages"}],"about":[{"href":"https:\/\/redfoxlotto.com\/lv\/wp-json\/wp\/v2\/types\/page"}],"author":[{"embeddable":true,"href":"https:\/\/redfoxlotto.com\/lv\/wp-json\/wp\/v2\/users\/1"}],"replies":[{"embeddable":true,"href":"https:\/\/redfoxlotto.com\/lv\/wp-json\/wp\/v2\/comments?post=17010"}],"version-history":[{"count":0,"href":"https:\/\/redfoxlotto.com\/lv\/wp-json\/wp\/v2\/pages\/17010\/revisions"}],"up":[{"embeddable":true,"href":"https:\/\/redfoxlotto.com\/lv\/wp-json\/wp\/v2\/pages\/17007"}],"wp:attachment":[{"href":"https:\/\/redfoxlotto.com\/lv\/wp-json\/wp\/v2\/media?parent=17010"}],"curies":[{"name":"wp","href":"https:\/\/api.w.org\/{rel}","templated":true}]}}