{"id":17009,"date":"2018-11-18T08:54:25","date_gmt":"2018-11-18T08:54:25","guid":{"rendered":"https:\/\/redfoxlotto.com\/?page_id=2309"},"modified":"2025-12-17T15:01:23","modified_gmt":"2025-12-17T15:01:23","slug":"euromillions","status":"publish","type":"page","link":"https:\/\/redfoxlotto.com\/lv\/rezultati\/euromillions\/","title":{"rendered":"EuroMillions Rezult\u0101ti un jaun\u0101kie laim\u012bgie skait\u013ci"},"content":{"rendered":"<script type=\"application\/ld+json\">\r\n{\r\n  \"@context\": \"https:\/\/schema.org\",\r\n  \"@type\": \"Service\",\r\n  \"name\": \"P\u0101rbaud\u012bt Euromillions rezult\u0101tus tie\u0161saist\u0113\",\r\n  \"url\": \"https:\/\/redfoxlotto.com\/lv\/rezultati\/euromillions\/\",\r\n  \"description\": \"Apmekl\u0113jiet RedFoxLotto, lai skat\u012btu jaun\u0101kos un iepriek\u0161\u0113jos Euromillions rezult\u0101tus.\",\r\n  \"serviceType\": \"Pasaules m\u0113roga loterijas rezult\u0101tu arh\u012bvs\",\r\n  \"provider\": {\r\n    \"@type\": \"Organization\",\r\n    \"name\": \"RedFoxLotto\",\r\n    \"url\": \"https:\/\/redfoxlotto.com\",\r\n    \"image\": \"https:\/\/redfoxlotto.com\/wp-content\/uploads\/2025\/12\/ticket_scans.jpg\",\r\n    \"sameAs\": []\r\n  },\r\n  \"areaServed\": \"Worldwide\",\r\n  \"termsOfService\": \"https:\/\/redfoxlotto.com\/terms-and-conditions\",\r\n  \"additionalProperty\": {\r\n    \"@type\": \"PropertyValue\",\r\n    \"name\": \"FAQ\",\r\n    \"value\": \"https:\/\/redfoxlotto.com\/lv\/rezultati\/euromillions\/\"\r\n  },\r\n  \"hasOfferCatalog\": {\r\n    \"@type\": \"OfferCatalog\",\r\n    \"name\": \"Euromillions rezult\u0101ti\",\r\n    \"itemListElement\": [{\r\n      \"@type\": \"Offer\",\r\n      \"name\": \"Euromillions rezult\u0101ti\",\r\n      \"url\": \"https:\/\/redfoxlotto.com\/lv\/rezultati\/euromillions\/\",\r\n      \"description\": \"Jaun\u0101kie un arhiv\u0113tie Euromillions rezult\u0101ti.\",\r\n      \"itemOffered\": {\r\n        \"@type\": \"Service\",\r\n        \"name\": \"Euromillions rezult\u0101ti\",\r\n        \"description\": \"Izloz\u0113tie Euromillions skait\u013ci.\"\r\n      }\r\n    }]\r\n  },\r\n  \"mainEntityOfPage\": {\r\n    \"@type\": \"WebPage\",\r\n    \"@id\": \"https:\/\/redfoxlotto.com\/lv\/rezultati\/euromillions\/\"\r\n  }\r\n}\r\n<\/script><h2>EuroMillions un AK Millionaire Maker<\/h2>\r\n<p>Sp\u0113l\u0113t\u0101ji maks\u0101 nedaudz vair\u0101k, jo EuroMillions bi\u013cetes tiek ieg\u0101d\u0101tas Apvienotaj\u0101 Karalist\u0113. Tas ir t\u0101p\u0113c, ka Apvienot\u0101s Karalistes bi\u013cetes autom\u0101tiski tiek iek\u013cautas Millionaire Maker izloz\u0113, kas sniedz papildu iesp\u0113ju laim\u0113t 1 miljona m\u0101rci\u0146u balvu.<\/p>\r\n<p>Millionaire Maker darbojas, katrai nopirktai bi\u013cetei \u0123ener\u0113jot unik\u0101lu kodu. \u0160is kods sast\u0101v no \u010detriem burtiem, kam seko pieci cipari (piem\u0113ram, ABCD12345). Katr\u0101 izloz\u0113 viens vai vair\u0101ki no \u0161iem kodiem tiek izv\u0113l\u0113ti nejau\u0161\u012bbas k\u0101rt\u0101, un bi\u013cetes \u012bpa\u0161nieks, kam ir atbilsto\u0161s kods, uzreiz vinn\u0113 \u00a31 miljonu neatkar\u012bgi no izloz\u0113tajiem galvenajiem EuroMillions skait\u013ciem.<\/p>\r\n<p>\u0160\u012b iesp\u0113ja padara EuroMillions sp\u0113l\u0113\u0161anu Apvienotaj\u0101 Karalist\u0113 \u012bpa\u0161i pievilc\u012bgu, jo t\u0101 sniedz papildu iesp\u0113ju laim\u0113t iev\u0113rojamu balvu papildus standarta d\u017eekpotam un zem\u0101ka l\u012bme\u0146a balv\u0101m.<\/p>\r\n<p>\u0160aj\u0101 lap\u0101 m\u0113s public\u0113jam visus EuroMillions izlo\u017eu rezult\u0101tus. Vai j\u016bsu bi\u013cete laim\u0113ja? Apsveicam!<\/p><p><img loading=\"lazy\" decoding=\"async\" class=\" wp-image alignright\" src=\"https:\/\/content.redfoxlotto.com\/uploads\/sites\/9\/1_results_mega_millions.jpg\" alt=\"loterijas rezult\u0101ti\" width=\"212\" height=\"212\" \/><\/p><p>Izmantojiet m\u016bsu rezult\u0101tu arh\u012bvu, kur varat uzzin\u0101t inform\u0101ciju par to, kuri skait\u013ci ilg\u0101ku br\u012bdi nav tiku\u0161i izloz\u0113ti.<\/p><h2 class=\"wp-block-heading\">Vai J\u016bs Laim\u0113j\u0101t?<\/h2><p>To ir viegli p\u0101rbaud\u012bt, sal\u012bdzinot skait\u013cus \u0161eit, kur ieg\u0101d\u0101j\u0101ties bi\u013ceti. Tas t\u0101p\u0113c, ka m\u0113s jums par\u0101d\u012bsim, kuri skait\u013ci laim\u0113ju\u0161i un kuri no j\u016bsu izv\u0113l\u0113tajiem skait\u013ciem sakrita ar izlozi.<\/p><h2 class=\"wp-block-heading\">Laimestu Ieg\u016b\u0161ana<\/h2><p><img decoding=\"async\" class=\"size-full wp-image alignright\" src=\"https:\/\/content.redfoxlotto.com\/uploads\/sites\/9\/1_lottery_winner_is2.jpg\" alt=\"Mega Millions d\u017eekpots\" \/><\/p><p>Ja laim\u0113siet loterij\u0101, ko sp\u0113l\u0113jat tie\u0161saist\u0113, jums b\u016bs tik pat vienk\u0101r\u0161i ieg\u016bt laimestu k\u0101 tad, ja dz\u012bvotu loterijas norises valst\u012b. Mazi laimesti var tikt izmantoti, lai finans\u0113tu n\u0101kamo loteriju ieg\u0101di. Ja laim\u0113siet l\u012bdz \u20ac2500, nauda uzreiz tiks ieskait\u012bta j\u016bsu RedFoxLotto kont\u0101. Liel\u0101ki laimesti var\u0113tu pal\u012bdz\u0113t ieg\u0101d\u0101ties ko \u012bpa\u0161u, ko sen jau v\u0113l\u0113jaties. T\u0101dos gad\u012bjumos m\u0113s ar jums sazin\u0101simies un noorganiz\u0113sim maks\u0101jumu jums.<\/p>","protected":false},"excerpt":{"rendered":"<p>EuroMillions un AK Millionaire Maker Sp\u0113l\u0113t\u0101ji maks\u0101 nedaudz vair\u0101k, jo EuroMillions bi\u013cetes tiek ieg\u0101d\u0101tas Apvienotaj\u0101 Karalist\u0113. Tas ir t\u0101p\u0113c, ka Apvienot\u0101s Karalistes bi\u013cetes autom\u0101tiski tiek iek\u013cautas Millionaire Maker izloz\u0113, kas sniedz papildu iesp\u0113ju laim\u0113t 1 miljona m\u0101rci\u0146u balvu. Millionaire Maker darbojas, katrai nopirktai bi\u013cetei \u0123ener\u0113jot unik\u0101lu kodu. \u0160is kods sast\u0101v no \u010detriem burtiem, kam seko [&hellip;]<\/p>\n","protected":false},"author":1,"featured_media":0,"parent":17007,"menu_order":3,"comment_status":"closed","ping_status":"closed","template":"euromillions-results.php","meta":{"_et_pb_use_builder":"","_et_pb_old_content":"","_et_gb_content_width":"","exclude_from_search":false,"footnotes":""},"class_list":["post-17009","page","type-page","status-publish","hentry"],"yoast_head":"<!-- This site is optimized with the Yoast SEO plugin v23.8 - https:\/\/yoast.com\/wordpress\/plugins\/seo\/ -->\n<title>EuroMillions Loterijas Rezult\u0101ti<\/title>\n<meta name=\"description\" content=\"Rezult\u0101ti no jaun\u0101k\u0101s un ar\u012b iepriek\u0161\u0113j\u0101m EuroMillions izloz\u0113m vien\u0101 lap\u0101\" \/>\n<meta name=\"robots\" content=\"index, follow, max-snippet:-1, max-image-preview:large, max-video-preview:-1\" \/>\n<link rel=\"canonical\" href=\"https:\/\/redfoxlotto.com\/lv\/rezultati\/euromillions\/\" \/>\n<meta property=\"og:locale\" content=\"lv_LV\" \/>\n<meta property=\"og:type\" content=\"article\" \/>\n<meta property=\"og:title\" content=\"EuroMillions Loterijas Rezult\u0101ti\" \/>\n<meta property=\"og:description\" content=\"Rezult\u0101ti no jaun\u0101k\u0101s un ar\u012b iepriek\u0161\u0113j\u0101m EuroMillions izloz\u0113m vien\u0101 lap\u0101\" \/>\n<meta property=\"og:url\" content=\"https:\/\/redfoxlotto.com\/lv\/rezultati\/euromillions\/\" \/>\n<meta property=\"og:site_name\" content=\"Get Tickets for the World\u2019s largest jackpots\" \/>\n<meta property=\"article:modified_time\" content=\"2025-12-17T15:01:23+00:00\" \/>\n<meta property=\"og:image\" content=\"https:\/\/content.redfoxlotto.com\/uploads\/sites\/9\/1_results_mega_millions.jpg\" \/>\n<meta name=\"twitter:card\" content=\"summary_large_image\" \/>\n<meta name=\"twitter:label1\" content=\"Est. reading time\" \/>\n\t<meta name=\"twitter:data1\" content=\"2 minutes\" \/>\n<script type=\"application\/ld+json\" class=\"yoast-schema-graph\">{\"@context\":\"https:\/\/schema.org\",\"@graph\":[{\"@type\":\"WebPage\",\"@id\":\"https:\/\/redfoxlotto.com\/lv\/rezultati\/euromillions\/\",\"url\":\"https:\/\/redfoxlotto.com\/lv\/rezultati\/euromillions\/\",\"name\":\"EuroMillions Loterijas Rezult\u0101ti\",\"isPartOf\":{\"@id\":\"https:\/\/redfoxlotto.com\/lv\/#website\"},\"primaryImageOfPage\":{\"@id\":\"https:\/\/redfoxlotto.com\/lv\/rezultati\/euromillions\/#primaryimage\"},\"image\":{\"@id\":\"https:\/\/redfoxlotto.com\/lv\/rezultati\/euromillions\/#primaryimage\"},\"thumbnailUrl\":\"https:\/\/content.redfoxlotto.com\/uploads\/sites\/9\/1_results_mega_millions.jpg\",\"datePublished\":\"2018-11-18T08:54:25+00:00\",\"dateModified\":\"2025-12-17T15:01:23+00:00\",\"description\":\"Rezult\u0101ti no jaun\u0101k\u0101s un ar\u012b iepriek\u0161\u0113j\u0101m EuroMillions izloz\u0113m vien\u0101 lap\u0101\",\"breadcrumb\":{\"@id\":\"https:\/\/redfoxlotto.com\/lv\/rezultati\/euromillions\/#breadcrumb\"},\"inLanguage\":\"lv-LV\",\"potentialAction\":[{\"@type\":\"ReadAction\",\"target\":[\"https:\/\/redfoxlotto.com\/lv\/rezultati\/euromillions\/\"]}]},{\"@type\":\"ImageObject\",\"inLanguage\":\"lv-LV\",\"@id\":\"https:\/\/redfoxlotto.com\/lv\/rezultati\/euromillions\/#primaryimage\",\"url\":\"https:\/\/content.redfoxlotto.com\/uploads\/sites\/9\/1_results_mega_millions.jpg\",\"contentUrl\":\"https:\/\/content.redfoxlotto.com\/uploads\/sites\/9\/1_results_mega_millions.jpg\"},{\"@type\":\"BreadcrumbList\",\"@id\":\"https:\/\/redfoxlotto.com\/lv\/rezultati\/euromillions\/#breadcrumb\",\"itemListElement\":[{\"@type\":\"ListItem\",\"position\":1,\"name\":\"Home\",\"item\":\"https:\/\/redfoxlotto.com\/lv\/\"},{\"@type\":\"ListItem\",\"position\":2,\"name\":\"Starptautisko loteriju rezult\u0101ti\",\"item\":\"https:\/\/redfoxlotto.com\/lv\/rezultati\/\"},{\"@type\":\"ListItem\",\"position\":3,\"name\":\"EuroMillions Rezult\u0101ti un jaun\u0101kie laim\u012bgie skait\u013ci\"}]},{\"@type\":\"WebSite\",\"@id\":\"https:\/\/redfoxlotto.com\/lv\/#website\",\"url\":\"https:\/\/redfoxlotto.com\/lv\/\",\"name\":\"Get Tickets for the World\u2019s largest jackpots\",\"description\":\"Participate in worldwide lottery jackpots from any country\",\"publisher\":{\"@id\":\"https:\/\/redfoxlotto.com\/lv\/#organization\"},\"potentialAction\":[{\"@type\":\"SearchAction\",\"target\":{\"@type\":\"EntryPoint\",\"urlTemplate\":\"https:\/\/redfoxlotto.com\/lv\/?s={search_term_string}\"},\"query-input\":{\"@type\":\"PropertyValueSpecification\",\"valueRequired\":true,\"valueName\":\"search_term_string\"}}],\"inLanguage\":\"lv-LV\"},{\"@type\":\"Organization\",\"@id\":\"https:\/\/redfoxlotto.com\/lv\/#organization\",\"name\":\"Get Tickets for the World\u2019s largest jackpots\",\"url\":\"https:\/\/redfoxlotto.com\/lv\/\",\"logo\":{\"@type\":\"ImageObject\",\"inLanguage\":\"lv-LV\",\"@id\":\"https:\/\/redfoxlotto.com\/lv\/#\/schema\/logo\/image\/\",\"url\":\"https:\/\/redfoxlotto.com\/wp-content\/uploads\/2023\/04\/logo.png\",\"contentUrl\":\"https:\/\/redfoxlotto.com\/wp-content\/uploads\/2023\/04\/logo.png\",\"width\":269,\"height\":53,\"caption\":\"Get Tickets for the World\u2019s largest jackpots\"},\"image\":{\"@id\":\"https:\/\/redfoxlotto.com\/lv\/#\/schema\/logo\/image\/\"}}]}<\/script>\n<!-- \/ Yoast SEO plugin. -->","yoast_head_json":{"title":"EuroMillions Loterijas Rezult\u0101ti","description":"Rezult\u0101ti no jaun\u0101k\u0101s un ar\u012b iepriek\u0161\u0113j\u0101m EuroMillions izloz\u0113m vien\u0101 lap\u0101","robots":{"index":"index","follow":"follow","max-snippet":"max-snippet:-1","max-image-preview":"max-image-preview:large","max-video-preview":"max-video-preview:-1"},"canonical":"https:\/\/redfoxlotto.com\/lv\/rezultati\/euromillions\/","og_locale":"lv_LV","og_type":"article","og_title":"EuroMillions Loterijas Rezult\u0101ti","og_description":"Rezult\u0101ti no jaun\u0101k\u0101s un ar\u012b iepriek\u0161\u0113j\u0101m EuroMillions izloz\u0113m vien\u0101 lap\u0101","og_url":"https:\/\/redfoxlotto.com\/lv\/rezultati\/euromillions\/","og_site_name":"Get Tickets for the World\u2019s largest jackpots","article_modified_time":"2025-12-17T15:01:23+00:00","og_image":[{"url":"https:\/\/content.redfoxlotto.com\/uploads\/sites\/9\/1_results_mega_millions.jpg"}],"twitter_card":"summary_large_image","twitter_misc":{"Est. reading time":"2 minutes"},"schema":{"@context":"https:\/\/schema.org","@graph":[{"@type":"WebPage","@id":"https:\/\/redfoxlotto.com\/lv\/rezultati\/euromillions\/","url":"https:\/\/redfoxlotto.com\/lv\/rezultati\/euromillions\/","name":"EuroMillions Loterijas Rezult\u0101ti","isPartOf":{"@id":"https:\/\/redfoxlotto.com\/lv\/#website"},"primaryImageOfPage":{"@id":"https:\/\/redfoxlotto.com\/lv\/rezultati\/euromillions\/#primaryimage"},"image":{"@id":"https:\/\/redfoxlotto.com\/lv\/rezultati\/euromillions\/#primaryimage"},"thumbnailUrl":"https:\/\/content.redfoxlotto.com\/uploads\/sites\/9\/1_results_mega_millions.jpg","datePublished":"2018-11-18T08:54:25+00:00","dateModified":"2025-12-17T15:01:23+00:00","description":"Rezult\u0101ti no jaun\u0101k\u0101s un ar\u012b iepriek\u0161\u0113j\u0101m EuroMillions izloz\u0113m vien\u0101 lap\u0101","breadcrumb":{"@id":"https:\/\/redfoxlotto.com\/lv\/rezultati\/euromillions\/#breadcrumb"},"inLanguage":"lv-LV","potentialAction":[{"@type":"ReadAction","target":["https:\/\/redfoxlotto.com\/lv\/rezultati\/euromillions\/"]}]},{"@type":"ImageObject","inLanguage":"lv-LV","@id":"https:\/\/redfoxlotto.com\/lv\/rezultati\/euromillions\/#primaryimage","url":"https:\/\/content.redfoxlotto.com\/uploads\/sites\/9\/1_results_mega_millions.jpg","contentUrl":"https:\/\/content.redfoxlotto.com\/uploads\/sites\/9\/1_results_mega_millions.jpg"},{"@type":"BreadcrumbList","@id":"https:\/\/redfoxlotto.com\/lv\/rezultati\/euromillions\/#breadcrumb","itemListElement":[{"@type":"ListItem","position":1,"name":"Home","item":"https:\/\/redfoxlotto.com\/lv\/"},{"@type":"ListItem","position":2,"name":"Starptautisko loteriju rezult\u0101ti","item":"https:\/\/redfoxlotto.com\/lv\/rezultati\/"},{"@type":"ListItem","position":3,"name":"EuroMillions Rezult\u0101ti un jaun\u0101kie laim\u012bgie skait\u013ci"}]},{"@type":"WebSite","@id":"https:\/\/redfoxlotto.com\/lv\/#website","url":"https:\/\/redfoxlotto.com\/lv\/","name":"Get Tickets for the World\u2019s largest jackpots","description":"Participate in worldwide lottery jackpots from any country","publisher":{"@id":"https:\/\/redfoxlotto.com\/lv\/#organization"},"potentialAction":[{"@type":"SearchAction","target":{"@type":"EntryPoint","urlTemplate":"https:\/\/redfoxlotto.com\/lv\/?s={search_term_string}"},"query-input":{"@type":"PropertyValueSpecification","valueRequired":true,"valueName":"search_term_string"}}],"inLanguage":"lv-LV"},{"@type":"Organization","@id":"https:\/\/redfoxlotto.com\/lv\/#organization","name":"Get Tickets for the World\u2019s largest jackpots","url":"https:\/\/redfoxlotto.com\/lv\/","logo":{"@type":"ImageObject","inLanguage":"lv-LV","@id":"https:\/\/redfoxlotto.com\/lv\/#\/schema\/logo\/image\/","url":"https:\/\/redfoxlotto.com\/wp-content\/uploads\/2023\/04\/logo.png","contentUrl":"https:\/\/redfoxlotto.com\/wp-content\/uploads\/2023\/04\/logo.png","width":269,"height":53,"caption":"Get Tickets for the World\u2019s largest jackpots"},"image":{"@id":"https:\/\/redfoxlotto.com\/lv\/#\/schema\/logo\/image\/"}}]}},"_links":{"self":[{"href":"https:\/\/redfoxlotto.com\/lv\/wp-json\/wp\/v2\/pages\/17009","targetHints":{"allow":["GET"]}}],"collection":[{"href":"https:\/\/redfoxlotto.com\/lv\/wp-json\/wp\/v2\/pages"}],"about":[{"href":"https:\/\/redfoxlotto.com\/lv\/wp-json\/wp\/v2\/types\/page"}],"author":[{"embeddable":true,"href":"https:\/\/redfoxlotto.com\/lv\/wp-json\/wp\/v2\/users\/1"}],"replies":[{"embeddable":true,"href":"https:\/\/redfoxlotto.com\/lv\/wp-json\/wp\/v2\/comments?post=17009"}],"version-history":[{"count":0,"href":"https:\/\/redfoxlotto.com\/lv\/wp-json\/wp\/v2\/pages\/17009\/revisions"}],"up":[{"embeddable":true,"href":"https:\/\/redfoxlotto.com\/lv\/wp-json\/wp\/v2\/pages\/17007"}],"wp:attachment":[{"href":"https:\/\/redfoxlotto.com\/lv\/wp-json\/wp\/v2\/media?parent=17009"}],"curies":[{"name":"wp","href":"https:\/\/api.w.org\/{rel}","templated":true}]}}