{"id":17008,"date":"2018-11-18T08:54:25","date_gmt":"2018-11-18T08:54:25","guid":{"rendered":"https:\/\/redfoxlotto.com\/?page_id=2307"},"modified":"2025-12-17T13:23:52","modified_gmt":"2025-12-17T13:23:52","slug":"eurojackpot","status":"publish","type":"page","link":"https:\/\/redfoxlotto.com\/lv\/rezultati\/eurojackpot\/","title":{"rendered":"Eurojackpot Rezult\u0101ti"},"content":{"rendered":"<script type=\"application\/ld+json\">\r\n{\r\n  \"@context\": \"https:\/\/schema.org\",\r\n  \"@type\": \"Service\",\r\n  \"name\": \"P\u0101rbaudiet Eurojackpot izlozes rezult\u0101tus tie\u0161saist\u0113\",\r\n  \"url\": \"https:\/\/redfoxlotto.com\/lv\/rezultati\/eurojackpot\/\",\r\n  \"description\": \"Apmekl\u0113jiet RedFoxLotto, lai redz\u0113tu jaun\u0101kos Eurojackpot rezult\u0101tus un m\u016bsu loteriju rezult\u0101tu arh\u012bvu.\",\r\n  \"serviceType\": \"Pasaules loteriju rezult\u0101tu arh\u012bvs\",\r\n  \"provider\": {\r\n    \"@type\": \"Organization\",\r\n    \"name\": \"RedFoxLotto\",\r\n    \"url\": \"https:\/\/redfoxlotto.com\/lv\/rezultati\/eurojackpot\/\",\r\n    \"image\": \"https:\/\/redfoxlotto.com\/wp-content\/uploads\/2025\/12\/ticket_scans.jpg\",\r\n    \"sameAs\": []\r\n  },\r\n  \"areaServed\": \"Worldwide\",\r\n  \"termsOfService\": \"https:\/\/redfoxlotto.com\/terms-and-conditions\",\r\n  \"additionalProperty\": {\r\n    \"@type\": \"PropertyValue\",\r\n    \"name\": \"FAQ\",\r\n    \"value\": \"https:\/\/redfoxlotto.com\/lv\/faq\/\"\r\n  },\r\n  \"hasOfferCatalog\": {\r\n    \"@type\": \"OfferCatalog\",\r\n    \"name\": \"Eurojackpot rezult\u0101ti\",\r\n    \"itemListElement\": [\r\n      {\r\n        \"@type\": \"Offer\",\r\n        \"name\": \"Eurojackpot rezult\u0101ti\",\r\n        \"url\": \"https:\/\/redfoxlotto.com\/lv\/rezultati\/eurojackpot\/\",\r\n        \"description\": \"\u0160eit atrodiet jaun\u0101kos un v\u0113sturiskos Eurojackpot rezult\u0101tus un citus lielos loteriju rezult\u0101tus.\",\r\n        \"itemOffered\": {\r\n          \"@type\": \"Service\",\r\n          \"name\": \"Eurojackpot rezult\u0101ti\",\r\n          \"description\": \"Tie\u0161saist\u0113 izloz\u0113tie Eurojackpot skait\u013ci, jaun\u0101kie un vec\u0101kie rezult\u0101ti.\"\r\n        }\r\n      }\r\n    ]\r\n  },\r\n  \"mainEntityOfPage\": {\r\n    \"@type\": \"WebPage\",\r\n    \"@id\": \"https:\/\/redfoxlotto.com\/lv\/rezultati\/eurojackpot\/\"\r\n  }\r\n}\r\n<\/script><p>Ja sp\u0113l\u0113j\u0101t EuroJackpot, tad j\u016bs noteikti v\u0113l\u0113sieties uzzin\u0101t EuroJackpot rezult\u0101tus, pareizi? Par laimi, tos var\u0113siet \u013coti viegli atrast, un m\u0113s jums past\u0101st\u012bsim par da\u017e\u0101diem veidiem, kas jums ir pieejami.<\/p><h2 class=\"wp-block-heading\">Apskatiet Eurojackpot rezult\u0101tus tie\u0161saist\u0113<\/h2><p><img decoding=\"async\" class=\"size-full wp-image alignright\" src=\"https:\/\/content.redfoxlotto.com\/uploads\/sites\/9\/results_eurojackpot.jpg\" alt=\"uzvar\u0113t\u0101ju skait\u013ci\"><\/p><p>Tas neb\u016bs gr\u016bti, jo \u0161eit RedFoxLotto.com jums b\u016bs iesp\u0113ja ieg\u0101d\u0101ties bi\u013cetes, ko v\u0113laties, un apskat\u012bt izoz\u0113tos skait\u013cus un ar\u012b j\u016bsu rezult\u0101tus. Un ja ieg\u0101d\u0101j\u0101ties Eurojackpot bi\u013cetes pie mums, j\u016bs var\u0113siet viegli sal\u012bdzin\u0101t j\u016bsu bi\u013ce\u0161u rezult\u0101tus konkr\u0113taj\u0101 izloz\u0113 tepat sav\u0101 profil\u0101.<\/p>","protected":false},"excerpt":{"rendered":"<p>Ja sp\u0113l\u0113j\u0101t EuroJackpot, tad j\u016bs noteikti v\u0113l\u0113sieties uzzin\u0101t EuroJackpot rezult\u0101tus, pareizi? Par laimi, tos var\u0113siet \u013coti viegli atrast, un m\u0113s jums past\u0101st\u012bsim par da\u017e\u0101diem veidiem, kas jums ir pieejami. Apskatiet Eurojackpot rezult\u0101tus tie\u0161saist\u0113 Tas neb\u016bs gr\u016bti, jo \u0161eit RedFoxLotto.com jums b\u016bs iesp\u0113ja ieg\u0101d\u0101ties bi\u013cetes, ko v\u0113laties, un apskat\u012bt izoz\u0113tos skait\u013cus un ar\u012b j\u016bsu rezult\u0101tus. Un [&hellip;]<\/p>\n","protected":false},"author":1,"featured_media":0,"parent":17007,"menu_order":4,"comment_status":"closed","ping_status":"closed","template":"eurojackpot-results.php","meta":{"_et_pb_use_builder":"","_et_pb_old_content":"","_et_gb_content_width":"","exclude_from_search":false,"footnotes":""},"class_list":["post-17008","page","type-page","status-publish","hentry"],"yoast_head":"<!-- This site is optimized with the Yoast SEO plugin v23.8 - https:\/\/yoast.com\/wordpress\/plugins\/seo\/ -->\n<title>Eurojackpot Loterijas Rezult\u0101ti<\/title>\n<meta name=\"description\" content=\"Uzziniet jaun\u0101kos rezult\u0101tus no Eurojackpot loterijas \u0161eit m\u016bsu m\u0101jaslap\u0101.\" \/>\n<meta name=\"robots\" content=\"index, follow, max-snippet:-1, max-image-preview:large, max-video-preview:-1\" \/>\n<link rel=\"canonical\" href=\"https:\/\/redfoxlotto.com\/lv\/rezultati\/eurojackpot\/\" \/>\n<meta property=\"og:locale\" content=\"lv_LV\" \/>\n<meta property=\"og:type\" content=\"article\" \/>\n<meta property=\"og:title\" content=\"Eurojackpot Loterijas Rezult\u0101ti\" \/>\n<meta property=\"og:description\" content=\"Uzziniet jaun\u0101kos rezult\u0101tus no Eurojackpot loterijas \u0161eit m\u016bsu m\u0101jaslap\u0101.\" \/>\n<meta property=\"og:url\" content=\"https:\/\/redfoxlotto.com\/lv\/rezultati\/eurojackpot\/\" \/>\n<meta property=\"og:site_name\" content=\"Get Tickets for the World\u2019s largest jackpots\" \/>\n<meta property=\"article:modified_time\" content=\"2025-12-17T13:23:52+00:00\" \/>\n<meta property=\"og:image\" content=\"https:\/\/content.redfoxlotto.com\/uploads\/sites\/9\/results_eurojackpot.jpg\" \/>\n<meta name=\"twitter:card\" content=\"summary_large_image\" \/>\n<meta name=\"twitter:label1\" content=\"Est. reading time\" \/>\n\t<meta name=\"twitter:data1\" content=\"1 minute\" \/>\n<script type=\"application\/ld+json\" class=\"yoast-schema-graph\">{\"@context\":\"https:\/\/schema.org\",\"@graph\":[{\"@type\":\"WebPage\",\"@id\":\"https:\/\/redfoxlotto.com\/lv\/rezultati\/eurojackpot\/\",\"url\":\"https:\/\/redfoxlotto.com\/lv\/rezultati\/eurojackpot\/\",\"name\":\"Eurojackpot Loterijas Rezult\u0101ti\",\"isPartOf\":{\"@id\":\"https:\/\/redfoxlotto.com\/lv\/#website\"},\"primaryImageOfPage\":{\"@id\":\"https:\/\/redfoxlotto.com\/lv\/rezultati\/eurojackpot\/#primaryimage\"},\"image\":{\"@id\":\"https:\/\/redfoxlotto.com\/lv\/rezultati\/eurojackpot\/#primaryimage\"},\"thumbnailUrl\":\"https:\/\/content.redfoxlotto.com\/uploads\/sites\/9\/results_eurojackpot.jpg\",\"datePublished\":\"2018-11-18T08:54:25+00:00\",\"dateModified\":\"2025-12-17T13:23:52+00:00\",\"description\":\"Uzziniet jaun\u0101kos rezult\u0101tus no Eurojackpot loterijas \u0161eit m\u016bsu m\u0101jaslap\u0101.\",\"breadcrumb\":{\"@id\":\"https:\/\/redfoxlotto.com\/lv\/rezultati\/eurojackpot\/#breadcrumb\"},\"inLanguage\":\"lv-LV\",\"potentialAction\":[{\"@type\":\"ReadAction\",\"target\":[\"https:\/\/redfoxlotto.com\/lv\/rezultati\/eurojackpot\/\"]}]},{\"@type\":\"ImageObject\",\"inLanguage\":\"lv-LV\",\"@id\":\"https:\/\/redfoxlotto.com\/lv\/rezultati\/eurojackpot\/#primaryimage\",\"url\":\"https:\/\/content.redfoxlotto.com\/uploads\/sites\/9\/results_eurojackpot.jpg\",\"contentUrl\":\"https:\/\/content.redfoxlotto.com\/uploads\/sites\/9\/results_eurojackpot.jpg\"},{\"@type\":\"BreadcrumbList\",\"@id\":\"https:\/\/redfoxlotto.com\/lv\/rezultati\/eurojackpot\/#breadcrumb\",\"itemListElement\":[{\"@type\":\"ListItem\",\"position\":1,\"name\":\"Home\",\"item\":\"https:\/\/redfoxlotto.com\/lv\/\"},{\"@type\":\"ListItem\",\"position\":2,\"name\":\"Starptautisko loteriju rezult\u0101ti\",\"item\":\"https:\/\/redfoxlotto.com\/lv\/rezultati\/\"},{\"@type\":\"ListItem\",\"position\":3,\"name\":\"Eurojackpot Rezult\u0101ti\"}]},{\"@type\":\"WebSite\",\"@id\":\"https:\/\/redfoxlotto.com\/lv\/#website\",\"url\":\"https:\/\/redfoxlotto.com\/lv\/\",\"name\":\"Get Tickets for the World\u2019s largest jackpots\",\"description\":\"Participate in worldwide lottery jackpots from any country\",\"publisher\":{\"@id\":\"https:\/\/redfoxlotto.com\/lv\/#organization\"},\"potentialAction\":[{\"@type\":\"SearchAction\",\"target\":{\"@type\":\"EntryPoint\",\"urlTemplate\":\"https:\/\/redfoxlotto.com\/lv\/?s={search_term_string}\"},\"query-input\":{\"@type\":\"PropertyValueSpecification\",\"valueRequired\":true,\"valueName\":\"search_term_string\"}}],\"inLanguage\":\"lv-LV\"},{\"@type\":\"Organization\",\"@id\":\"https:\/\/redfoxlotto.com\/lv\/#organization\",\"name\":\"Get Tickets for the World\u2019s largest jackpots\",\"url\":\"https:\/\/redfoxlotto.com\/lv\/\",\"logo\":{\"@type\":\"ImageObject\",\"inLanguage\":\"lv-LV\",\"@id\":\"https:\/\/redfoxlotto.com\/lv\/#\/schema\/logo\/image\/\",\"url\":\"https:\/\/redfoxlotto.com\/wp-content\/uploads\/2023\/04\/logo.png\",\"contentUrl\":\"https:\/\/redfoxlotto.com\/wp-content\/uploads\/2023\/04\/logo.png\",\"width\":269,\"height\":53,\"caption\":\"Get Tickets for the World\u2019s largest jackpots\"},\"image\":{\"@id\":\"https:\/\/redfoxlotto.com\/lv\/#\/schema\/logo\/image\/\"}}]}<\/script>\n<!-- \/ Yoast SEO plugin. -->","yoast_head_json":{"title":"Eurojackpot Loterijas Rezult\u0101ti","description":"Uzziniet jaun\u0101kos rezult\u0101tus no Eurojackpot loterijas \u0161eit m\u016bsu m\u0101jaslap\u0101.","robots":{"index":"index","follow":"follow","max-snippet":"max-snippet:-1","max-image-preview":"max-image-preview:large","max-video-preview":"max-video-preview:-1"},"canonical":"https:\/\/redfoxlotto.com\/lv\/rezultati\/eurojackpot\/","og_locale":"lv_LV","og_type":"article","og_title":"Eurojackpot Loterijas Rezult\u0101ti","og_description":"Uzziniet jaun\u0101kos rezult\u0101tus no Eurojackpot loterijas \u0161eit m\u016bsu m\u0101jaslap\u0101.","og_url":"https:\/\/redfoxlotto.com\/lv\/rezultati\/eurojackpot\/","og_site_name":"Get Tickets for the World\u2019s largest jackpots","article_modified_time":"2025-12-17T13:23:52+00:00","og_image":[{"url":"https:\/\/content.redfoxlotto.com\/uploads\/sites\/9\/results_eurojackpot.jpg"}],"twitter_card":"summary_large_image","twitter_misc":{"Est. reading time":"1 minute"},"schema":{"@context":"https:\/\/schema.org","@graph":[{"@type":"WebPage","@id":"https:\/\/redfoxlotto.com\/lv\/rezultati\/eurojackpot\/","url":"https:\/\/redfoxlotto.com\/lv\/rezultati\/eurojackpot\/","name":"Eurojackpot Loterijas Rezult\u0101ti","isPartOf":{"@id":"https:\/\/redfoxlotto.com\/lv\/#website"},"primaryImageOfPage":{"@id":"https:\/\/redfoxlotto.com\/lv\/rezultati\/eurojackpot\/#primaryimage"},"image":{"@id":"https:\/\/redfoxlotto.com\/lv\/rezultati\/eurojackpot\/#primaryimage"},"thumbnailUrl":"https:\/\/content.redfoxlotto.com\/uploads\/sites\/9\/results_eurojackpot.jpg","datePublished":"2018-11-18T08:54:25+00:00","dateModified":"2025-12-17T13:23:52+00:00","description":"Uzziniet jaun\u0101kos rezult\u0101tus no Eurojackpot loterijas \u0161eit m\u016bsu m\u0101jaslap\u0101.","breadcrumb":{"@id":"https:\/\/redfoxlotto.com\/lv\/rezultati\/eurojackpot\/#breadcrumb"},"inLanguage":"lv-LV","potentialAction":[{"@type":"ReadAction","target":["https:\/\/redfoxlotto.com\/lv\/rezultati\/eurojackpot\/"]}]},{"@type":"ImageObject","inLanguage":"lv-LV","@id":"https:\/\/redfoxlotto.com\/lv\/rezultati\/eurojackpot\/#primaryimage","url":"https:\/\/content.redfoxlotto.com\/uploads\/sites\/9\/results_eurojackpot.jpg","contentUrl":"https:\/\/content.redfoxlotto.com\/uploads\/sites\/9\/results_eurojackpot.jpg"},{"@type":"BreadcrumbList","@id":"https:\/\/redfoxlotto.com\/lv\/rezultati\/eurojackpot\/#breadcrumb","itemListElement":[{"@type":"ListItem","position":1,"name":"Home","item":"https:\/\/redfoxlotto.com\/lv\/"},{"@type":"ListItem","position":2,"name":"Starptautisko loteriju rezult\u0101ti","item":"https:\/\/redfoxlotto.com\/lv\/rezultati\/"},{"@type":"ListItem","position":3,"name":"Eurojackpot Rezult\u0101ti"}]},{"@type":"WebSite","@id":"https:\/\/redfoxlotto.com\/lv\/#website","url":"https:\/\/redfoxlotto.com\/lv\/","name":"Get Tickets for the World\u2019s largest jackpots","description":"Participate in worldwide lottery jackpots from any country","publisher":{"@id":"https:\/\/redfoxlotto.com\/lv\/#organization"},"potentialAction":[{"@type":"SearchAction","target":{"@type":"EntryPoint","urlTemplate":"https:\/\/redfoxlotto.com\/lv\/?s={search_term_string}"},"query-input":{"@type":"PropertyValueSpecification","valueRequired":true,"valueName":"search_term_string"}}],"inLanguage":"lv-LV"},{"@type":"Organization","@id":"https:\/\/redfoxlotto.com\/lv\/#organization","name":"Get Tickets for the World\u2019s largest jackpots","url":"https:\/\/redfoxlotto.com\/lv\/","logo":{"@type":"ImageObject","inLanguage":"lv-LV","@id":"https:\/\/redfoxlotto.com\/lv\/#\/schema\/logo\/image\/","url":"https:\/\/redfoxlotto.com\/wp-content\/uploads\/2023\/04\/logo.png","contentUrl":"https:\/\/redfoxlotto.com\/wp-content\/uploads\/2023\/04\/logo.png","width":269,"height":53,"caption":"Get Tickets for the World\u2019s largest jackpots"},"image":{"@id":"https:\/\/redfoxlotto.com\/lv\/#\/schema\/logo\/image\/"}}]}},"_links":{"self":[{"href":"https:\/\/redfoxlotto.com\/lv\/wp-json\/wp\/v2\/pages\/17008","targetHints":{"allow":["GET"]}}],"collection":[{"href":"https:\/\/redfoxlotto.com\/lv\/wp-json\/wp\/v2\/pages"}],"about":[{"href":"https:\/\/redfoxlotto.com\/lv\/wp-json\/wp\/v2\/types\/page"}],"author":[{"embeddable":true,"href":"https:\/\/redfoxlotto.com\/lv\/wp-json\/wp\/v2\/users\/1"}],"replies":[{"embeddable":true,"href":"https:\/\/redfoxlotto.com\/lv\/wp-json\/wp\/v2\/comments?post=17008"}],"version-history":[{"count":0,"href":"https:\/\/redfoxlotto.com\/lv\/wp-json\/wp\/v2\/pages\/17008\/revisions"}],"up":[{"embeddable":true,"href":"https:\/\/redfoxlotto.com\/lv\/wp-json\/wp\/v2\/pages\/17007"}],"wp:attachment":[{"href":"https:\/\/redfoxlotto.com\/lv\/wp-json\/wp\/v2\/media?parent=17008"}],"curies":[{"name":"wp","href":"https:\/\/api.w.org\/{rel}","templated":true}]}}