{"id":17007,"date":"2023-04-24T14:13:24","date_gmt":"2023-04-24T14:13:24","guid":{"rendered":"https:\/\/redfoxlotto.com\/?page_id=2305"},"modified":"2025-12-18T08:43:45","modified_gmt":"2025-12-18T08:43:45","slug":"rezultati","status":"publish","type":"page","link":"https:\/\/redfoxlotto.com\/lv\/rezultati\/","title":{"rendered":"Starptautisko loteriju rezult\u0101ti"},"content":{"rendered":"<script type=\"application\/ld+json\">\r\n{\r\n  \"@context\": \"https:\/\/schema.org\",\r\n  \"@type\": \"Service\",\r\n  \"name\": \"P\u0101rbaudiet starptautisko loteriju izlo\u017eu rezult\u0101tus tie\u0161saist\u0113\",\r\n  \"url\": \"https:\/\/redfoxlotto.com\/lv\/rezultati\/powerball\",\r\n  \"description\": \"Apmekl\u0113jiet RedFoxLotto, lai uzzin\u0101tu pasaules liel\u0101ko loteriju jaun\u0101kos rezult\u0101tus.\",\r\n  \"serviceType\": \"Pasaules m\u0113roga loteriju rezult\u0101tu arh\u012bvs\",\r\n\r\n  \"provider\": {\r\n    \"@type\": \"Organization\",\r\n    \"name\": \"RedFoxLotto\",\r\n    \"url\": \"https:\/\/redfoxlotto.com\/lv\/\",\r\n    \"image\": \"https:\/\/redfoxlotto.com\/wp-content\/uploads\/2025\/12\/ticket_scans.jpg\",\r\n    \"sameAs\": []\r\n  },\r\n\r\n  \"areaServed\": \"Worldwide\",\r\n  \"termsOfService\": \"https:\/\/redfoxlotto.com\/terms-and-conditions\",\r\n\r\n  \"additionalProperty\": {\r\n    \"@type\": \"PropertyValue\",\r\n    \"name\": \"BUJ\",\r\n    \"value\": \"https:\/\/redfoxlotto.com\/lv\/faq\/\"\r\n  },\r\n\r\n  \"hasOfferCatalog\": {\r\n    \"@type\": \"OfferCatalog\",\r\n    \"name\": \"Pasaules loteriju rezult\u0101ti\",\r\n    \"itemListElement\": [\r\n      {\r\n        \"@type\": \"Offer\",\r\n        \"name\": \"Powerball bi\u013cete\",\r\n        \"url\": \"https:\/\/redfoxlotto.com\/lv\/rezultati\/\",\r\n        \"description\": \"\u0160eit atrad\u012bsiet pasaules liel\u0101ko loteriju jaun\u0101kos un v\u0113sturiskos rezult\u0101tus\",\r\n        \"itemOffered\": {\r\n          \"@type\": \"Service\",\r\n          \"name\": \"Starptautiskie loteriju rezult\u0101ti\",\r\n          \"description\": \"Izloz\u0113tie skait\u013ci tie\u0161saist\u0113 liel\u0101kaj\u0101m loterij\u0101m, jaun\u0101kie un iepriek\u0161\u0113jie rezult\u0101ti.\"\r\n        }\r\n      }\r\n    ]\r\n  },\r\n\r\n  \"mainEntityOfPage\": {\r\n    \"@type\": \"WebPage\",\r\n    \"@id\": \"https:\/\/redfoxlotto.com\/lv\/rezultati\/\"\r\n  }\r\n}\r\n<\/script>\r\n\r\n<p><!--more--><\/p><p>\u0160eit katru ned\u0113\u013cu m\u0113s public\u0113jam jaun\u0101kos laim\u012bgos skait\u013cus un rezult\u0101tus no vis\u0101m staprtautiskaj\u0101m loterij\u0101m, kuru bi\u013cetes j\u016bs varat ieg\u0101d\u0101ties no mums.<\/p><p><img loading=\"lazy\" decoding=\"async\" class=\" wp-image alignright\" src=\"https:\/\/content.redfoxlotto.com\/uploads\/sites\/9\/1_winning_lottery_numbers.jpg\" alt=\"Starptautisko loteriju uzvar\u0113t\u0101ju skaits\" width=\"261\" height=\"261\" \/><\/p><p>Rezult\u0101ti n\u0101k no ofici\u0101lajiem loterijas organiz\u0113t\u0101jiem. Tie \u0161eit tiks public\u0113ti neilgi p\u0113c ofici\u0101l\u0101s izlozes, tikl\u012bdz tie ir apstiprin\u0101ti un ofici\u0101li. T\u0101d\u0101 veid\u0101 j\u016bs varat \u0113rti un \u0101tri sal\u012bdzin\u0101s savas bi\u013cetes ar laim\u012bgajiem skait\u013ciem un redz\u0113t, vai esat laim\u0113ju\u0161i. J\u016bs ar\u012b varat apskat\u012bt laimestu apjomus, kas sakr\u012bt ar katru laimestu l\u012bmeni, uzspie\u017eot uz loterijas nosaukuma. Tur ar\u012b atrad\u012bsiet inform\u0101ciju par to, vai tika laim\u0113ts d\u017eekpots.<\/p><h2 class=\"wp-block-heading\">V\u0113sturiskie rezult\u0101ti un laim\u012bgie skait\u013ci<\/h2><p><img decoding=\"async\" class=\"size-full wp-image alignright\" src=\"https:\/\/content.redfoxlotto.com\/uploads\/sites\/9\/1_lotto_draw_results.jpg\" alt=\"Rezult\u0101tu loterija\"><\/p><p>M\u0113s ar\u012b par\u0101d\u012bsim izloz\u0113tos skait\u013cus un rezult\u0101tus no iepriek\u0161\u0113j\u0101m ned\u0113\u013c\u0101m. Protams, ja v\u0113laties, j\u016bs vart izmantot \u0161o inform\u0101ciju par starptautiskaj\u0101m loterij\u0101m, lai izv\u0113l\u0113tos skait\u013cus savai n\u0101kamajai loterijs bi\u013cetei.<\/p><p>Tie\u0161i t\u0101pat, j\u016bs varat izv\u0113l\u0113ties laim\u012bgos skait\u013cus no iepriek\u0161\u0113j\u0101s ned\u0113\u013cas, lai izveidotu jaunas kombin\u0101cijas sav\u0101m n\u0101kamaj\u0101m bi\u013cet\u0113m. Piem\u0113ram, j\u016bs varat izv\u0113l\u0113ties pirmo skaitli no iepriek\u0161\u0113j\u0101s Mega Millions izlozes, otro skaitli no Euromillions loterijas un tre\u0161o skaitli no Eurojackpot utt.<\/p><h2 class=\"wp-block-heading\">Karstie un aukstie skait\u013ci<\/h2><p>Kad apskat\u012bsiet pag\u0101tnes rezult\u0101tus sav\u0101m starptautiskaj\u0101m loterij\u0101m, j\u016bs varat ar\u012b apskat\u012bt, k\u0101di skait\u013ci ir visbie\u017e\u0101k izloz\u0113ti da\u017e\u0101d\u0101s loterij\u0101s. Taj\u0101 pa\u0161\u0101 laik\u0101, j\u016bs varat ar\u012b apskat\u012bt skait\u013cus, kas nepar\u0101d\u0101s rezult\u0101tos. T\u0101d\u0101 veid\u0101 j\u016bs varat identific\u0113t karstos un aukstos skait\u013cus no pag\u0101tnes loterij\u0101m. Daudzi sp\u0113l\u0113t\u0101ji izmanto \u0161o inform\u0101ciju, lai izv\u0113l\u0113tos laim\u012bgos skait\u013cus. \u0160\u012b strat\u0113\u0123ija bie\u017ei izr\u0101d\u0101s veiksm\u012bga.<\/p><p>Tie\u0161i t\u0101pat j\u016bs varat izv\u0113l\u0113ties ar\u012b laim\u012bgos skait\u013cus no iepriek\u0161\u0113j\u0101s ned\u0113\u013cas vai ned\u0113\u013c\u0101m, lai izveidotu jaunas kombin\u0101cijas savai n\u0101kamajai bi\u013cetei. Piem\u0113rs b\u016btu izmantot pirmo skaitli no p\u0113d\u0113j\u0101s Megamillions izlozes Powerball bi\u013cetei. Vai j\u016bs varatizmantot otro skaitli no Euromillions rezult\u0101tiem un tre\u0161o skaitli no Eurojackpot un t\u0101 t\u0101l\u0101k.<\/p>","protected":false},"excerpt":{"rendered":"","protected":false},"author":1,"featured_media":0,"parent":0,"menu_order":4,"comment_status":"closed","ping_status":"closed","template":"Results.php","meta":{"_et_pb_use_builder":"","_et_pb_old_content":"","_et_gb_content_width":"","exclude_from_search":false,"footnotes":""},"class_list":["post-17007","page","type-page","status-publish","hentry"],"yoast_head":"<!-- This site is optimized with the Yoast SEO plugin v23.8 - https:\/\/yoast.com\/wordpress\/plugins\/seo\/ -->\n<title>Laim\u0113ju\u0161ie skait\u013ci un starptautisku loteriju rezult\u0101ti<\/title>\n<meta name=\"description\" content=\"Vai j\u016bsu loterija laim\u0113ja? Apskaties rezult\u0101tos un laim\u0113ju\u0161os skait\u013cus no starptautisk\u0101m loterij\u0101m \u0161eit\" \/>\n<meta name=\"robots\" content=\"index, follow, max-snippet:-1, max-image-preview:large, max-video-preview:-1\" \/>\n<link rel=\"canonical\" href=\"https:\/\/redfoxlotto.com\/lv\/rezultati\/\" \/>\n<meta property=\"og:locale\" content=\"lv_LV\" \/>\n<meta property=\"og:type\" content=\"article\" \/>\n<meta property=\"og:title\" content=\"Laim\u0113ju\u0161ie skait\u013ci un starptautisku loteriju rezult\u0101ti\" \/>\n<meta property=\"og:description\" content=\"Vai j\u016bsu loterija laim\u0113ja? Apskaties rezult\u0101tos un laim\u0113ju\u0161os skait\u013cus no starptautisk\u0101m loterij\u0101m \u0161eit\" \/>\n<meta property=\"og:url\" content=\"https:\/\/redfoxlotto.com\/lv\/rezultati\/\" \/>\n<meta property=\"og:site_name\" content=\"Get Tickets for the World\u2019s largest jackpots\" \/>\n<meta property=\"article:modified_time\" content=\"2025-12-18T08:43:45+00:00\" \/>\n<meta property=\"og:image\" content=\"https:\/\/content.redfoxlotto.com\/uploads\/sites\/9\/1_winning_lottery_numbers.jpg\" \/>\n<meta name=\"twitter:card\" content=\"summary_large_image\" \/>\n<meta name=\"twitter:label1\" content=\"Est. reading time\" \/>\n\t<meta name=\"twitter:data1\" content=\"2 minutes\" \/>\n<script type=\"application\/ld+json\" class=\"yoast-schema-graph\">{\"@context\":\"https:\/\/schema.org\",\"@graph\":[{\"@type\":\"WebPage\",\"@id\":\"https:\/\/redfoxlotto.com\/lv\/rezultati\/\",\"url\":\"https:\/\/redfoxlotto.com\/lv\/rezultati\/\",\"name\":\"Laim\u0113ju\u0161ie skait\u013ci un starptautisku loteriju rezult\u0101ti\",\"isPartOf\":{\"@id\":\"https:\/\/redfoxlotto.com\/lv\/#website\"},\"primaryImageOfPage\":{\"@id\":\"https:\/\/redfoxlotto.com\/lv\/rezultati\/#primaryimage\"},\"image\":{\"@id\":\"https:\/\/redfoxlotto.com\/lv\/rezultati\/#primaryimage\"},\"thumbnailUrl\":\"https:\/\/content.redfoxlotto.com\/uploads\/sites\/9\/1_winning_lottery_numbers.jpg\",\"datePublished\":\"2023-04-24T14:13:24+00:00\",\"dateModified\":\"2025-12-18T08:43:45+00:00\",\"description\":\"Vai j\u016bsu loterija laim\u0113ja? Apskaties rezult\u0101tos un laim\u0113ju\u0161os skait\u013cus no starptautisk\u0101m loterij\u0101m \u0161eit\",\"breadcrumb\":{\"@id\":\"https:\/\/redfoxlotto.com\/lv\/rezultati\/#breadcrumb\"},\"inLanguage\":\"lv-LV\",\"potentialAction\":[{\"@type\":\"ReadAction\",\"target\":[\"https:\/\/redfoxlotto.com\/lv\/rezultati\/\"]}]},{\"@type\":\"ImageObject\",\"inLanguage\":\"lv-LV\",\"@id\":\"https:\/\/redfoxlotto.com\/lv\/rezultati\/#primaryimage\",\"url\":\"https:\/\/content.redfoxlotto.com\/uploads\/sites\/9\/1_winning_lottery_numbers.jpg\",\"contentUrl\":\"https:\/\/content.redfoxlotto.com\/uploads\/sites\/9\/1_winning_lottery_numbers.jpg\"},{\"@type\":\"BreadcrumbList\",\"@id\":\"https:\/\/redfoxlotto.com\/lv\/rezultati\/#breadcrumb\",\"itemListElement\":[{\"@type\":\"ListItem\",\"position\":1,\"name\":\"Home\",\"item\":\"https:\/\/redfoxlotto.com\/lv\/\"},{\"@type\":\"ListItem\",\"position\":2,\"name\":\"Starptautisko loteriju rezult\u0101ti\"}]},{\"@type\":\"WebSite\",\"@id\":\"https:\/\/redfoxlotto.com\/lv\/#website\",\"url\":\"https:\/\/redfoxlotto.com\/lv\/\",\"name\":\"Get Tickets for the World\u2019s largest jackpots\",\"description\":\"Participate in worldwide lottery jackpots from any country\",\"publisher\":{\"@id\":\"https:\/\/redfoxlotto.com\/lv\/#organization\"},\"potentialAction\":[{\"@type\":\"SearchAction\",\"target\":{\"@type\":\"EntryPoint\",\"urlTemplate\":\"https:\/\/redfoxlotto.com\/lv\/?s={search_term_string}\"},\"query-input\":{\"@type\":\"PropertyValueSpecification\",\"valueRequired\":true,\"valueName\":\"search_term_string\"}}],\"inLanguage\":\"lv-LV\"},{\"@type\":\"Organization\",\"@id\":\"https:\/\/redfoxlotto.com\/lv\/#organization\",\"name\":\"Get Tickets for the World\u2019s largest jackpots\",\"url\":\"https:\/\/redfoxlotto.com\/lv\/\",\"logo\":{\"@type\":\"ImageObject\",\"inLanguage\":\"lv-LV\",\"@id\":\"https:\/\/redfoxlotto.com\/lv\/#\/schema\/logo\/image\/\",\"url\":\"https:\/\/redfoxlotto.com\/wp-content\/uploads\/2023\/04\/logo.png\",\"contentUrl\":\"https:\/\/redfoxlotto.com\/wp-content\/uploads\/2023\/04\/logo.png\",\"width\":269,\"height\":53,\"caption\":\"Get Tickets for the World\u2019s largest jackpots\"},\"image\":{\"@id\":\"https:\/\/redfoxlotto.com\/lv\/#\/schema\/logo\/image\/\"}}]}<\/script>\n<!-- \/ Yoast SEO plugin. -->","yoast_head_json":{"title":"Laim\u0113ju\u0161ie skait\u013ci un starptautisku loteriju rezult\u0101ti","description":"Vai j\u016bsu loterija laim\u0113ja? Apskaties rezult\u0101tos un laim\u0113ju\u0161os skait\u013cus no starptautisk\u0101m loterij\u0101m \u0161eit","robots":{"index":"index","follow":"follow","max-snippet":"max-snippet:-1","max-image-preview":"max-image-preview:large","max-video-preview":"max-video-preview:-1"},"canonical":"https:\/\/redfoxlotto.com\/lv\/rezultati\/","og_locale":"lv_LV","og_type":"article","og_title":"Laim\u0113ju\u0161ie skait\u013ci un starptautisku loteriju rezult\u0101ti","og_description":"Vai j\u016bsu loterija laim\u0113ja? Apskaties rezult\u0101tos un laim\u0113ju\u0161os skait\u013cus no starptautisk\u0101m loterij\u0101m \u0161eit","og_url":"https:\/\/redfoxlotto.com\/lv\/rezultati\/","og_site_name":"Get Tickets for the World\u2019s largest jackpots","article_modified_time":"2025-12-18T08:43:45+00:00","og_image":[{"url":"https:\/\/content.redfoxlotto.com\/uploads\/sites\/9\/1_winning_lottery_numbers.jpg"}],"twitter_card":"summary_large_image","twitter_misc":{"Est. reading time":"2 minutes"},"schema":{"@context":"https:\/\/schema.org","@graph":[{"@type":"WebPage","@id":"https:\/\/redfoxlotto.com\/lv\/rezultati\/","url":"https:\/\/redfoxlotto.com\/lv\/rezultati\/","name":"Laim\u0113ju\u0161ie skait\u013ci un starptautisku loteriju rezult\u0101ti","isPartOf":{"@id":"https:\/\/redfoxlotto.com\/lv\/#website"},"primaryImageOfPage":{"@id":"https:\/\/redfoxlotto.com\/lv\/rezultati\/#primaryimage"},"image":{"@id":"https:\/\/redfoxlotto.com\/lv\/rezultati\/#primaryimage"},"thumbnailUrl":"https:\/\/content.redfoxlotto.com\/uploads\/sites\/9\/1_winning_lottery_numbers.jpg","datePublished":"2023-04-24T14:13:24+00:00","dateModified":"2025-12-18T08:43:45+00:00","description":"Vai j\u016bsu loterija laim\u0113ja? Apskaties rezult\u0101tos un laim\u0113ju\u0161os skait\u013cus no starptautisk\u0101m loterij\u0101m \u0161eit","breadcrumb":{"@id":"https:\/\/redfoxlotto.com\/lv\/rezultati\/#breadcrumb"},"inLanguage":"lv-LV","potentialAction":[{"@type":"ReadAction","target":["https:\/\/redfoxlotto.com\/lv\/rezultati\/"]}]},{"@type":"ImageObject","inLanguage":"lv-LV","@id":"https:\/\/redfoxlotto.com\/lv\/rezultati\/#primaryimage","url":"https:\/\/content.redfoxlotto.com\/uploads\/sites\/9\/1_winning_lottery_numbers.jpg","contentUrl":"https:\/\/content.redfoxlotto.com\/uploads\/sites\/9\/1_winning_lottery_numbers.jpg"},{"@type":"BreadcrumbList","@id":"https:\/\/redfoxlotto.com\/lv\/rezultati\/#breadcrumb","itemListElement":[{"@type":"ListItem","position":1,"name":"Home","item":"https:\/\/redfoxlotto.com\/lv\/"},{"@type":"ListItem","position":2,"name":"Starptautisko loteriju rezult\u0101ti"}]},{"@type":"WebSite","@id":"https:\/\/redfoxlotto.com\/lv\/#website","url":"https:\/\/redfoxlotto.com\/lv\/","name":"Get Tickets for the World\u2019s largest jackpots","description":"Participate in worldwide lottery jackpots from any country","publisher":{"@id":"https:\/\/redfoxlotto.com\/lv\/#organization"},"potentialAction":[{"@type":"SearchAction","target":{"@type":"EntryPoint","urlTemplate":"https:\/\/redfoxlotto.com\/lv\/?s={search_term_string}"},"query-input":{"@type":"PropertyValueSpecification","valueRequired":true,"valueName":"search_term_string"}}],"inLanguage":"lv-LV"},{"@type":"Organization","@id":"https:\/\/redfoxlotto.com\/lv\/#organization","name":"Get Tickets for the World\u2019s largest jackpots","url":"https:\/\/redfoxlotto.com\/lv\/","logo":{"@type":"ImageObject","inLanguage":"lv-LV","@id":"https:\/\/redfoxlotto.com\/lv\/#\/schema\/logo\/image\/","url":"https:\/\/redfoxlotto.com\/wp-content\/uploads\/2023\/04\/logo.png","contentUrl":"https:\/\/redfoxlotto.com\/wp-content\/uploads\/2023\/04\/logo.png","width":269,"height":53,"caption":"Get Tickets for the World\u2019s largest jackpots"},"image":{"@id":"https:\/\/redfoxlotto.com\/lv\/#\/schema\/logo\/image\/"}}]}},"_links":{"self":[{"href":"https:\/\/redfoxlotto.com\/lv\/wp-json\/wp\/v2\/pages\/17007","targetHints":{"allow":["GET"]}}],"collection":[{"href":"https:\/\/redfoxlotto.com\/lv\/wp-json\/wp\/v2\/pages"}],"about":[{"href":"https:\/\/redfoxlotto.com\/lv\/wp-json\/wp\/v2\/types\/page"}],"author":[{"embeddable":true,"href":"https:\/\/redfoxlotto.com\/lv\/wp-json\/wp\/v2\/users\/1"}],"replies":[{"embeddable":true,"href":"https:\/\/redfoxlotto.com\/lv\/wp-json\/wp\/v2\/comments?post=17007"}],"version-history":[{"count":0,"href":"https:\/\/redfoxlotto.com\/lv\/wp-json\/wp\/v2\/pages\/17007\/revisions"}],"wp:attachment":[{"href":"https:\/\/redfoxlotto.com\/lv\/wp-json\/wp\/v2\/media?parent=17007"}],"curies":[{"name":"wp","href":"https:\/\/api.w.org\/{rel}","templated":true}]}}