{"id":17005,"date":"2018-11-18T08:54:25","date_gmt":"2018-11-18T08:54:25","guid":{"rendered":"https:\/\/redfoxlotto.com\/?page_id=2301"},"modified":"2021-01-05T13:54:11","modified_gmt":"2021-01-05T13:54:11","slug":"superenalotto","status":"publish","type":"page","link":"https:\/\/redfoxlotto.com\/lv\/informacija\/superenalotto\/","title":{"rendered":"Par SuperEnalotto"},"content":{"rendered":"<p><img decoding=\"async\" class=\"size-full wp-image alignright\" src=\"https:\/\/content.redfoxlotto.com\/uploads\/sites\/9\/2_ticket_superenalotto4.jpg\" alt=\"Superenalotto sp\u0113l\u0113 tie\u0161saist\u0113\" \/><\/p><p>\u0160o loto no It\u0101lijas prezent\u0113ja k\u0101 &#8220;EnaLotto&#8221; 50. gados, bet v\u0113l\u0101k p\u0101rd\u0113v\u0113ja par SuperEnaLotto. Liel\u0101kais v\u0113sturiskais laimests Superenalotto bij \u20ac177 729 043,16. \u0160aj\u0101 loterij\u0101 ir tr\u012bs izlozes ned\u0113\u013c\u0101 \u2013 katru Otrdienu, Ceturtdienu un Sestdienu.<\/p><h2 class=\"wp-block-heading\">SuperEnalotto pasaul\u0113<\/h2><p>Superenalotto nesp\u0113l\u0113 tikai It\u0101lij\u0101, bet ar\u012b tie\u0161saist\u0113 no cit\u0101m valst\u012bm. Neatkar\u012bgi no t\u0101, kur j\u016bs dz\u012bvojat, j\u016bs varat ieg\u0101d\u0101ties Superenalotto tie\u0161saist\u0113 \u0161eit m\u016bsu m\u0101jaslap\u0101.<\/p><h2 class=\"wp-block-heading\">SuperEnalotto noteikumi<\/h2><p><img decoding=\"async\" class=\"size-full wp-image alignright\" src=\"https:\/\/content.redfoxlotto.com\/uploads\/sites\/9\/1_buy_ticket_jackpot.jpg\" alt=\"win Superenalotto\"><\/p><p>SuperEnaLotto ir 6 no 90 sp\u0113le, bez papildskait\u013ciem. Ja uzmin\u0113siet visus 6 skait\u013cus, ieg\u016bsiet d\u017eekpotu. Ja j\u016bsu bi\u013cet\u0113 b\u016bs vismaz 3 pareizi skait\u013ci, j\u016bs var\u0113siet ieg\u016bt zem\u0101ka l\u012bme\u0146a balvas.<\/p>","protected":false},"excerpt":{"rendered":"<p>\u0160o loto no It\u0101lijas prezent\u0113ja k\u0101 &#8220;EnaLotto&#8221; 50. gados, bet v\u0113l\u0101k p\u0101rd\u0113v\u0113ja par SuperEnaLotto. Liel\u0101kais v\u0113sturiskais laimests Superenalotto bij \u20ac177 729 043,16. \u0160aj\u0101 loterij\u0101 ir tr\u012bs izlozes ned\u0113\u013c\u0101 \u2013 katru Otrdienu, Ceturtdienu un Sestdienu. SuperEnalotto pasaul\u0113 Superenalotto nesp\u0113l\u0113 tikai It\u0101lij\u0101, bet ar\u012b tie\u0161saist\u0113 no cit\u0101m valst\u012bm. Neatkar\u012bgi no t\u0101, kur j\u016bs dz\u012bvojat, j\u016bs varat ieg\u0101d\u0101ties [&hellip;]<\/p>\n","protected":false},"author":1,"featured_media":0,"parent":16999,"menu_order":5,"comment_status":"closed","ping_status":"closed","template":"superenalotto-info.php","meta":{"_et_pb_use_builder":"","_et_pb_old_content":"","_et_gb_content_width":"","exclude_from_search":false,"footnotes":""},"class_list":["post-17005","page","type-page","status-publish","hentry"],"yoast_head":"<!-- This site is optimized with the Yoast SEO plugin v27.4 - https:\/\/yoast.com\/product\/yoast-seo-wordpress\/ -->\n<title>Ieg\u0101d\u0101jaties Superenalotto bi\u013cetes tie\u0161saist\u0113<\/title>\n<meta name=\"description\" content=\"Pat ja j\u016bs nedz\u012bvojat It\u0101lij\u0101, j\u016bs varat ieg\u0101d\u0101ties Superenalotto bi\u013cetes tie\u0161saist\u0113 jau tagad!\" \/>\n<meta name=\"robots\" content=\"index, follow, max-snippet:-1, max-image-preview:large, max-video-preview:-1\" \/>\n<link rel=\"canonical\" href=\"https:\/\/redfoxlotto.com\/lv\/informacija\/superenalotto\/\" \/>\n<meta property=\"og:locale\" content=\"lv_LV\" \/>\n<meta property=\"og:type\" content=\"article\" \/>\n<meta property=\"og:title\" content=\"Ieg\u0101d\u0101jaties Superenalotto bi\u013cetes tie\u0161saist\u0113\" \/>\n<meta property=\"og:description\" content=\"Pat ja j\u016bs nedz\u012bvojat It\u0101lij\u0101, j\u016bs varat ieg\u0101d\u0101ties Superenalotto bi\u013cetes tie\u0161saist\u0113 jau tagad!\" \/>\n<meta property=\"og:url\" content=\"https:\/\/redfoxlotto.com\/lv\/informacija\/superenalotto\/\" \/>\n<meta property=\"og:site_name\" content=\"Get Tickets for the World\u2019s largest jackpots\" \/>\n<meta property=\"article:modified_time\" content=\"2021-01-05T13:54:11+00:00\" \/>\n<meta property=\"og:image\" content=\"https:\/\/content.redfoxlotto.com\/uploads\/sites\/9\/2_ticket_superenalotto4.jpg\" \/>\n<meta name=\"twitter:card\" content=\"summary_large_image\" \/>\n<meta name=\"twitter:label1\" content=\"Est. reading time\" \/>\n\t<meta name=\"twitter:data1\" content=\"1 minute\" \/>\n<script type=\"application\/ld+json\" class=\"yoast-schema-graph\">{\"@context\":\"https:\\\/\\\/schema.org\",\"@graph\":[{\"@type\":\"WebPage\",\"@id\":\"https:\\\/\\\/redfoxlotto.com\\\/lv\\\/informacija\\\/superenalotto\\\/\",\"url\":\"https:\\\/\\\/redfoxlotto.com\\\/lv\\\/informacija\\\/superenalotto\\\/\",\"name\":\"Ieg\u0101d\u0101jaties Superenalotto bi\u013cetes tie\u0161saist\u0113\",\"isPartOf\":{\"@id\":\"https:\\\/\\\/redfoxlotto.com\\\/lv\\\/#website\"},\"primaryImageOfPage\":{\"@id\":\"https:\\\/\\\/redfoxlotto.com\\\/lv\\\/informacija\\\/superenalotto\\\/#primaryimage\"},\"image\":{\"@id\":\"https:\\\/\\\/redfoxlotto.com\\\/lv\\\/informacija\\\/superenalotto\\\/#primaryimage\"},\"thumbnailUrl\":\"https:\\\/\\\/content.redfoxlotto.com\\\/uploads\\\/sites\\\/9\\\/2_ticket_superenalotto4.jpg\",\"datePublished\":\"2018-11-18T08:54:25+00:00\",\"dateModified\":\"2021-01-05T13:54:11+00:00\",\"description\":\"Pat ja j\u016bs nedz\u012bvojat It\u0101lij\u0101, j\u016bs varat ieg\u0101d\u0101ties Superenalotto bi\u013cetes tie\u0161saist\u0113 jau tagad!\",\"breadcrumb\":{\"@id\":\"https:\\\/\\\/redfoxlotto.com\\\/lv\\\/informacija\\\/superenalotto\\\/#breadcrumb\"},\"inLanguage\":\"lv-LV\",\"potentialAction\":[{\"@type\":\"ReadAction\",\"target\":[\"https:\\\/\\\/redfoxlotto.com\\\/lv\\\/informacija\\\/superenalotto\\\/\"]}]},{\"@type\":\"ImageObject\",\"inLanguage\":\"lv-LV\",\"@id\":\"https:\\\/\\\/redfoxlotto.com\\\/lv\\\/informacija\\\/superenalotto\\\/#primaryimage\",\"url\":\"https:\\\/\\\/content.redfoxlotto.com\\\/uploads\\\/sites\\\/9\\\/2_ticket_superenalotto4.jpg\",\"contentUrl\":\"https:\\\/\\\/content.redfoxlotto.com\\\/uploads\\\/sites\\\/9\\\/2_ticket_superenalotto4.jpg\"},{\"@type\":\"BreadcrumbList\",\"@id\":\"https:\\\/\\\/redfoxlotto.com\\\/lv\\\/informacija\\\/superenalotto\\\/#breadcrumb\",\"itemListElement\":[{\"@type\":\"ListItem\",\"position\":1,\"name\":\"Home\",\"item\":\"https:\\\/\\\/redfoxlotto.com\\\/lv\\\/\"},{\"@type\":\"ListItem\",\"position\":2,\"name\":\"K\u0101 ieg\u0101d\u0101ties tie\u0161saistes loteriju bi\u013cetes \u2013 ieg\u0101des process\",\"item\":\"https:\\\/\\\/redfoxlotto.com\\\/lv\\\/informacija\\\/\"},{\"@type\":\"ListItem\",\"position\":3,\"name\":\"Par SuperEnalotto\"}]},{\"@type\":\"WebSite\",\"@id\":\"https:\\\/\\\/redfoxlotto.com\\\/lv\\\/#website\",\"url\":\"https:\\\/\\\/redfoxlotto.com\\\/lv\\\/\",\"name\":\"Get Tickets for the World\u2019s largest jackpots\",\"description\":\"Participate in worldwide lottery jackpots from any country\",\"publisher\":{\"@id\":\"https:\\\/\\\/redfoxlotto.com\\\/lv\\\/#organization\"},\"potentialAction\":[{\"@type\":\"SearchAction\",\"target\":{\"@type\":\"EntryPoint\",\"urlTemplate\":\"https:\\\/\\\/redfoxlotto.com\\\/lv\\\/?s={search_term_string}\"},\"query-input\":{\"@type\":\"PropertyValueSpecification\",\"valueRequired\":true,\"valueName\":\"search_term_string\"}}],\"inLanguage\":\"lv-LV\"},{\"@type\":\"Organization\",\"@id\":\"https:\\\/\\\/redfoxlotto.com\\\/lv\\\/#organization\",\"name\":\"Get Tickets for the World\u2019s largest jackpots\",\"url\":\"https:\\\/\\\/redfoxlotto.com\\\/lv\\\/\",\"logo\":{\"@type\":\"ImageObject\",\"inLanguage\":\"lv-LV\",\"@id\":\"https:\\\/\\\/redfoxlotto.com\\\/lv\\\/#\\\/schema\\\/logo\\\/image\\\/\",\"url\":\"https:\\\/\\\/redfoxlotto.com\\\/wp-content\\\/uploads\\\/2023\\\/04\\\/logo.png\",\"contentUrl\":\"https:\\\/\\\/redfoxlotto.com\\\/wp-content\\\/uploads\\\/2023\\\/04\\\/logo.png\",\"width\":269,\"height\":53,\"caption\":\"Get Tickets for the World\u2019s largest jackpots\"},\"image\":{\"@id\":\"https:\\\/\\\/redfoxlotto.com\\\/lv\\\/#\\\/schema\\\/logo\\\/image\\\/\"}}]}<\/script>\n<!-- \/ Yoast SEO plugin. -->","yoast_head_json":{"title":"Ieg\u0101d\u0101jaties Superenalotto bi\u013cetes tie\u0161saist\u0113","description":"Pat ja j\u016bs nedz\u012bvojat It\u0101lij\u0101, j\u016bs varat ieg\u0101d\u0101ties Superenalotto bi\u013cetes tie\u0161saist\u0113 jau tagad!","robots":{"index":"index","follow":"follow","max-snippet":"max-snippet:-1","max-image-preview":"max-image-preview:large","max-video-preview":"max-video-preview:-1"},"canonical":"https:\/\/redfoxlotto.com\/lv\/informacija\/superenalotto\/","og_locale":"lv_LV","og_type":"article","og_title":"Ieg\u0101d\u0101jaties Superenalotto bi\u013cetes tie\u0161saist\u0113","og_description":"Pat ja j\u016bs nedz\u012bvojat It\u0101lij\u0101, j\u016bs varat ieg\u0101d\u0101ties Superenalotto bi\u013cetes tie\u0161saist\u0113 jau tagad!","og_url":"https:\/\/redfoxlotto.com\/lv\/informacija\/superenalotto\/","og_site_name":"Get Tickets for the World\u2019s largest jackpots","article_modified_time":"2021-01-05T13:54:11+00:00","og_image":[{"url":"https:\/\/content.redfoxlotto.com\/uploads\/sites\/9\/2_ticket_superenalotto4.jpg","type":"","width":"","height":""}],"twitter_card":"summary_large_image","twitter_misc":{"Est. reading time":"1 minute"},"schema":{"@context":"https:\/\/schema.org","@graph":[{"@type":"WebPage","@id":"https:\/\/redfoxlotto.com\/lv\/informacija\/superenalotto\/","url":"https:\/\/redfoxlotto.com\/lv\/informacija\/superenalotto\/","name":"Ieg\u0101d\u0101jaties Superenalotto bi\u013cetes tie\u0161saist\u0113","isPartOf":{"@id":"https:\/\/redfoxlotto.com\/lv\/#website"},"primaryImageOfPage":{"@id":"https:\/\/redfoxlotto.com\/lv\/informacija\/superenalotto\/#primaryimage"},"image":{"@id":"https:\/\/redfoxlotto.com\/lv\/informacija\/superenalotto\/#primaryimage"},"thumbnailUrl":"https:\/\/content.redfoxlotto.com\/uploads\/sites\/9\/2_ticket_superenalotto4.jpg","datePublished":"2018-11-18T08:54:25+00:00","dateModified":"2021-01-05T13:54:11+00:00","description":"Pat ja j\u016bs nedz\u012bvojat It\u0101lij\u0101, j\u016bs varat ieg\u0101d\u0101ties Superenalotto bi\u013cetes tie\u0161saist\u0113 jau tagad!","breadcrumb":{"@id":"https:\/\/redfoxlotto.com\/lv\/informacija\/superenalotto\/#breadcrumb"},"inLanguage":"lv-LV","potentialAction":[{"@type":"ReadAction","target":["https:\/\/redfoxlotto.com\/lv\/informacija\/superenalotto\/"]}]},{"@type":"ImageObject","inLanguage":"lv-LV","@id":"https:\/\/redfoxlotto.com\/lv\/informacija\/superenalotto\/#primaryimage","url":"https:\/\/content.redfoxlotto.com\/uploads\/sites\/9\/2_ticket_superenalotto4.jpg","contentUrl":"https:\/\/content.redfoxlotto.com\/uploads\/sites\/9\/2_ticket_superenalotto4.jpg"},{"@type":"BreadcrumbList","@id":"https:\/\/redfoxlotto.com\/lv\/informacija\/superenalotto\/#breadcrumb","itemListElement":[{"@type":"ListItem","position":1,"name":"Home","item":"https:\/\/redfoxlotto.com\/lv\/"},{"@type":"ListItem","position":2,"name":"K\u0101 ieg\u0101d\u0101ties tie\u0161saistes loteriju bi\u013cetes \u2013 ieg\u0101des process","item":"https:\/\/redfoxlotto.com\/lv\/informacija\/"},{"@type":"ListItem","position":3,"name":"Par SuperEnalotto"}]},{"@type":"WebSite","@id":"https:\/\/redfoxlotto.com\/lv\/#website","url":"https:\/\/redfoxlotto.com\/lv\/","name":"Get Tickets for the World\u2019s largest jackpots","description":"Participate in worldwide lottery jackpots from any country","publisher":{"@id":"https:\/\/redfoxlotto.com\/lv\/#organization"},"potentialAction":[{"@type":"SearchAction","target":{"@type":"EntryPoint","urlTemplate":"https:\/\/redfoxlotto.com\/lv\/?s={search_term_string}"},"query-input":{"@type":"PropertyValueSpecification","valueRequired":true,"valueName":"search_term_string"}}],"inLanguage":"lv-LV"},{"@type":"Organization","@id":"https:\/\/redfoxlotto.com\/lv\/#organization","name":"Get Tickets for the World\u2019s largest jackpots","url":"https:\/\/redfoxlotto.com\/lv\/","logo":{"@type":"ImageObject","inLanguage":"lv-LV","@id":"https:\/\/redfoxlotto.com\/lv\/#\/schema\/logo\/image\/","url":"https:\/\/redfoxlotto.com\/wp-content\/uploads\/2023\/04\/logo.png","contentUrl":"https:\/\/redfoxlotto.com\/wp-content\/uploads\/2023\/04\/logo.png","width":269,"height":53,"caption":"Get Tickets for the World\u2019s largest jackpots"},"image":{"@id":"https:\/\/redfoxlotto.com\/lv\/#\/schema\/logo\/image\/"}}]}},"_links":{"self":[{"href":"https:\/\/redfoxlotto.com\/lv\/wp-json\/wp\/v2\/pages\/17005","targetHints":{"allow":["GET"]}}],"collection":[{"href":"https:\/\/redfoxlotto.com\/lv\/wp-json\/wp\/v2\/pages"}],"about":[{"href":"https:\/\/redfoxlotto.com\/lv\/wp-json\/wp\/v2\/types\/page"}],"author":[{"embeddable":true,"href":"https:\/\/redfoxlotto.com\/lv\/wp-json\/wp\/v2\/users\/1"}],"replies":[{"embeddable":true,"href":"https:\/\/redfoxlotto.com\/lv\/wp-json\/wp\/v2\/comments?post=17005"}],"version-history":[{"count":0,"href":"https:\/\/redfoxlotto.com\/lv\/wp-json\/wp\/v2\/pages\/17005\/revisions"}],"up":[{"embeddable":true,"href":"https:\/\/redfoxlotto.com\/lv\/wp-json\/wp\/v2\/pages\/16999"}],"wp:attachment":[{"href":"https:\/\/redfoxlotto.com\/lv\/wp-json\/wp\/v2\/media?parent=17005"}],"curies":[{"name":"wp","href":"https:\/\/api.w.org\/{rel}","templated":true}]}}