{"id":17004,"date":"2018-11-18T08:54:25","date_gmt":"2018-11-18T08:54:25","guid":{"rendered":"https:\/\/redfoxlotto.com\/?page_id=2299"},"modified":"2025-12-18T11:11:55","modified_gmt":"2025-12-18T11:11:55","slug":"powerball","status":"publish","type":"page","link":"https:\/\/redfoxlotto.com\/lv\/informacija\/powerball\/","title":{"rendered":"Par Powerball"},"content":{"rendered":"<p><script type=\"application\/ld+json\">\n{\n  \"@context\": \"https:\/\/schema.org\",\n  \"@type\": \"Service\",\n  \"name\": \"Sp\u0113l\u0113t Powerball tie\u0161saist\u0113\",\n  \"url\": \"https:\/\/redfoxlotto.com\/lv\/lotteries\/powerball\",\n  \"description\": \"P\u0113rciet ofici\u0101l\u0101s Powerball loterijas bi\u013cetes tie\u0161saist\u0113 no jebkuras valsts. Apmekl\u0113jiet RedFoxLotto, izv\u0113lieties savus numurus un piedalieties n\u0101kamaj\u0101 izloz\u0113.\",\n  \"serviceType\": \"Tie\u0161saistes loterijas bi\u013ce\u0161u pakalpojums\",<\/p>\n<p>  \"provider\": {\n    \"@type\": \"Organization\",\n    \"name\": \"RedFoxLotto\",\n    \"url\": \"https:\/\/redfoxlotto.com\/lv\/\",\n    \"image\": \"https:\/\/redfoxlotto.com\/wp-content\/uploads\/2025\/12\/ticket_scans.jpg\",\n    \"sameAs\": []\n  },<\/p>\n<p>  \"areaServed\": \"Worldwide\",\n  \"termsOfService\": \"https:\/\/redfoxlotto.com\/terms-and-conditions\",<\/p>\n<p>  \"additionalProperty\": {\n    \"@type\": \"PropertyValue\",\n    \"name\": \"FAQ\",\n    \"value\": \"https:\/\/redfoxlotto.com\/lv\/faq\/\"\n  },<\/p>\n<p>  \"hasOfferCatalog\": {\n    \"@type\": \"OfferCatalog\",\n    \"name\": \"Powerball bi\u013cetes\",\n    \"itemListElement\": [\n      {\n        \"@type\": \"Offer\",\n        \"name\": \"Powerball bi\u013cetes\",\n        \"url\": \"https:\/\/redfoxlotto.com\/lv\/lotteries\/powerball\",\n        \"description\": \"P\u0113rciet re\u0101las bi\u013cetes tie\u0161saist\u0113 n\u0101kamajai Powerball izlozei RedFoxLotto vietn\u0113.\",\n        \"price\": \"5.90\",\n        \"priceCurrency\": \"\u20ac\",\n        \"availability\": \"https:\/\/schema.org\/InStock\",<\/p>\n<p>        \"itemOffered\": {\n          \"@type\": \"Service\",\n          \"name\": \"Powerball bi\u013cetes\",\n          \"description\": \"Piedalieties n\u0101kamaj\u0101 Powerball izloz\u0113 \u2013 ieg\u0101d\u0101jieties bi\u013cetes tie\u0161saist\u0113 caur RedFoxLotto.\"\n        }\n      }\n    ]\n  },<\/p>\n<p>  \"mainEntityOfPage\": {\n    \"@type\": \"WebPage\",\n    \"@id\": \"https:\/\/redfoxlotto.com\/lv\/lotteries\/powerball\"\n  }\n}\n<\/script><\/p>\n<p>Powerball, iesp\u0113jams, ir vispaz\u012bstam\u0101k\u0101 loterija vis\u0101 pasaul\u0113, un tam ir vair\u0101ki patie\u0161\u0101m labi iemesli.<\/p>\n<p>\u0160o sp\u0113li sp\u0113l\u0113 miljoniem sp\u0113l\u0113t\u0101ju no visas pasaules. V\u0113l vair\u0101k, ne tikai ASV, bet ar\u012b tie\u0161saist\u0113 no cit\u0101m valst\u012bm, piem\u0113ram, Latvij\u0101 j\u016bs varat izv\u0113l\u0113ties ieg\u0101d\u0101ties Powerball bi\u013cetes tie\u0161saist\u0113.<\/p>\n<p>Izlozes notiek katru sestdienu un tre\u0161dienu, un tas noz\u012bm\u0113, ka jums b\u016bs divreiz vair\u0101k iesp\u0113ju iesaist\u012bties un ieg\u0101d\u0101ties bi\u013ceti. Patiesi aizraujo\u0161s ir fakts, ka l\u012bdz \u0161im liel\u0101kais Powerball loterij\u0101 sasniegtais d\u017eekpots bija 1 586 400 000 ASV dol\u0101ru!<\/p>\n<h2>Powerball Lotto vis\u0101 pasaul\u0113<\/h2>\n<p>Ar m\u016bsu vietnes pal\u012bdz\u012bbu j\u016bs tagad varat k\u013c\u016bt par Powerball multimiljon\u0101ru. M\u0113s pied\u0101v\u0101jam jums iesp\u0113ju ieg\u0101d\u0101ties Powerball bi\u013cetes tie\u0161saist\u0113. Un viss, kas jums j\u0101dara, ir j\u0101paskat\u0101s, ko ietver m\u016bsu sist\u0113ma. J\u016bs redz\u0113siet, ka tikai da\u017eu vienk\u0101r\u0161u so\u013cu laik\u0101 j\u016bs varat nok\u013c\u016bt no vienk\u0101r\u0161as m\u016bsu vietnes apmekl\u0113juma l\u012bdz pirmajai bi\u013cetei, kas j\u016bs gaida j\u016bsu kont\u0101. T\u0101p\u0113c apl\u016bkosim s\u012bk\u0101k, kas jums ir j\u0101dara.<\/p>\n<p><img decoding=\"async\" class=\"wp-image alignright\" src=\"https:\/\/redfoxlotto.com\/wp-content\/uploads\/sites\/9\/ticket_powerball3.jpg\" alt=\"Powerball loterija\" \/><\/p>\n<h2>K\u0101 ieg\u0101d\u0101ties Powerball bi\u013ceti tie\u0161saist\u0113 no Latvijas<\/h2>\n<p>Pirmais solis ir vienk\u0101r\u0161i apskat\u012bt da\u017e\u0101das m\u016bsu pied\u0101v\u0101t\u0101s loterijas sp\u0113les. Par laimi, jums ir pieejamas vair\u0101kas lieliskas bi\u013cetes un sp\u0113les, jo m\u0113s v\u0113lamies nodro\u0161in\u0101t, lai j\u016bs var\u0113tu piedal\u012bties visos liel\u0101kajos d\u017eekpotos. T\u0101p\u0113c visas liel\u0101k\u0101s sp\u0113les vis\u0101 pasaul\u0113 ir pieejamas Latvij\u0101, m\u016bsu t\u012bmek\u013ca vietn\u0113. Jums atliek tikai apskat\u012bt pieejam\u0101s sp\u0113les un tad izlemt, kuru no t\u0101m v\u0113laties sp\u0113l\u0113t.<\/p>\n<p>Kad esat izv\u0113l\u0113jies sp\u0113li (\u0161aj\u0101 gad\u012bjum\u0101 Powerball), j\u016bs vienk\u0101r\u0161i noklik\u0161\u0137iniet uz saites un dodieties uz lapu. J\u016bs redz\u0113siet pla\u0161\u0101ku inform\u0101ciju par sp\u0113li un inform\u0101ciju par to, k\u0101 ieg\u016bt savu bi\u013ceti. Viss, kas nepiecie\u0161ams, ir izv\u0113l\u0113ties v\u0113lamos skait\u013cus. Protams, j\u016bs varat izv\u0113l\u0113ties ar\u012b \u0101tro izv\u0113li, ja nezin\u0101t, k\u0101dus numurus v\u0113laties.<\/p>\n<p>Izmantojot m\u016bsu t\u012bmek\u013ca vietni, kad s\u0101ksiet izv\u0113l\u0113ties numurus, m\u0113s jums prec\u012bzi pazi\u0146osim, cik daudz jums to vajag, un p\u0101rliecin\u0101simies, ka jums nav p\u0101r\u0101k daudz vai p\u0101r\u0101k maz, lai ieg\u016btu der\u012bgu bi\u013ceti. Jums b\u016bs ar\u012b iesp\u0113ja izv\u0113l\u0113ties nejau\u0161i izv\u0113l\u0113tu un person\u012bgi izv\u0113l\u0113tu skait\u013cu kombin\u0101ciju p\u0113c saviem ieskatiem. J\u016bs varat izv\u0113l\u0113ties ar\u012b vair\u0101kas sp\u0113les bi\u013cetes.<\/p>\n<p>T\u0101l\u0101k j\u016bs var\u0113siet pievienot bi\u013cetes savam grozam, un tad var\u0113siet izv\u0113l\u0113ties papildu bi\u013cetes no Powerball vai cit\u0101m sp\u0113l\u0113m, kuras v\u0113laties sp\u0113l\u0113t. P\u0113c tam jums tikai j\u0101noform\u0113 savs konts. Kad to izdar\u012bsiet, m\u0113s jums l\u016bgsim sniegt personisko inform\u0101ciju, kas nodro\u0161in\u0101s liel\u0101ku dro\u0161\u012bbu, kad v\u0113l\u0113sieties ieg\u0101d\u0101ties bi\u013cetes un kad v\u0113l\u0113sieties sa\u0146emt naudu no sava konta. J\u016bs var\u0113siet ar\u012b iestat\u012bt visus kontus, kurus v\u0113laties.<\/p>\n<p>Kad runa ir par Powerball bi\u013cetes iestat\u012b\u0161anu, j\u016bs v\u0113laties zin\u0101t visus noteikumus, kas jums j\u0101iev\u0113ro, un to, k\u0101 j\u016bs izv\u0113l\u0113sieties bi\u013ceti. T\u0101tad, kas jums ir j\u0101dara?<\/p>\n<p>Jums j\u0101izv\u0113las 5 skait\u013ci no 1 l\u012bdz 69, k\u0101 ar\u012b viens Powerball skaitlis no 1 l\u012bdz 26. Bi\u013cet\u0113 ir j\u0101sakr\u012bt visiem se\u0161iem skait\u013ciem. Tad j\u016bs esat vinn\u0113jis d\u017eekpotu. Ja jums pareizi ir tikai pirmie 5 skait\u013ci, j\u016bsu bi\u013cete vinn\u0113 otr\u0101 l\u012bme\u0146a balvu. Tas joproj\u0101m padara j\u016bs par 1 miljonu ASV dol\u0101ru bag\u0101t\u0101ku. Powerball d\u017eekpota laimestu var izmaks\u0101t k\u0101 vienreiz\u0113ju maks\u0101jumu vai 30 gada maks\u0101jumos.<\/p>\n<h2>Ieg\u0101d\u0101jieties Powerball bi\u013ceti tie\u0161saist\u0113 un vinn\u0113jiet!<\/h2>\n<p>Kas notiks, ja j\u016bs patie\u0161\u0101m vinn\u0113siet Powerball d\u017eekpotu? Tas b\u016bs \u013coti jautri, un j\u016bs noteikti b\u016bsiet \u013coti satraukti. Nu, jums ar\u012b b\u016bs j\u0101pl\u0101no ce\u013cojums uz Amerikas Savienotaj\u0101m Valst\u012bm, jo t\u0101s m\u012bl tais\u012bt lielu a\u017eiot\u0101\u017eu par cilv\u0113kiem, kuri patie\u0161\u0101m laim\u0113s.<\/p>\n<p>Tas noz\u012bm\u0113, ka vi\u0146i j\u016bs nofotograf\u0113s, pasniegs jums lielu \u010deku un daudz ko citu, un m\u0113s par\u016bp\u0113simies, lai j\u016bs b\u016btu tam gatavs, nodro\u0161inot jums bi\u013ceti un inform\u0101ciju, kas nepiecie\u0161ama, lai sa\u0146emtu balvu.<\/p>\n<p>Ja j\u016bs vinn\u0113siet zem\u0101ka l\u012bme\u0146a balvu, m\u0113s varam ieskait\u012bt naudu tie\u0161i j\u016bsu kont\u0101, lai j\u016bs var\u0113tu to iz\u0146emt sav\u0101 kont\u0101, vai ar\u012b j\u016bs varat to izmantot, lai ieg\u0101d\u0101tos papildu bi\u013cetes. Tiem, kuri laim\u0113s liel\u0101kas balvas, bet ne d\u017eekpotu, j\u016bs var\u0113siet sa\u0146emt tie\u0161u p\u0101rskait\u012bjumu sav\u0101 kont\u0101, un m\u0113s ar jums sazin\u0101simies, lai inform\u0113tu, kas jums j\u0101dara un k\u0101 j\u016bs to visu varat noorganiz\u0113t. Bet k\u0101 j\u016bs to uzzin\u0101siet?<\/p>\n<p>Ja j\u016bs past\u0101v\u012bgi p\u0101rbaud\u012bsiet savu kontu, j\u016bs var\u0113siet redz\u0113t atjaunin\u0101jumus sav\u0101 bi\u013cet\u0113 un redz\u0113siet visus skait\u013cus, kas sakr\u012bt. J\u016bs ar\u012b uzreiz sa\u0146emsiet naudu par maz\u0101k\u0101m summ\u0101m, kas tiks p\u0101rskait\u012btas uz j\u016bsu kontu. Savuk\u0101rt jebkura summa, ko j\u016bs vinn\u0113siet, par\u0101d\u012bsies j\u016bsu e-past\u0101. Tas noz\u012bm\u0113, ka j\u016bs var\u0113siet vienk\u0101r\u0161i p\u0101rbaud\u012bt savu e-pastu un redz\u0113t, ka jums ir laimests, lai nekav\u0113joties var\u0113tu doties uz savu kontu.<\/p>\n<p><img decoding=\"async\" class=\"size-full wp-image alignright\" src=\"https:\/\/content.redfoxlotto.com\/uploads\/sites\/9\/1_buy_lottery_online.jpg\" alt=\"nopirkt bi\u013cetes tie\u0161saist\u0113\" \/><\/p>\n<h2>Jaunu sp\u0113\u013cu sp\u0113l\u0113\u0161ana<\/h2>\n<p>Ja esat gatavs s\u0101kt sp\u0113l\u0113t un v\u0113laties ieg\u0101d\u0101ties Powerball bi\u013cetes tie\u0161saist\u0113, noteikti v\u0113l\u0113sieties p\u0101rbaud\u012bt ar\u012b citas m\u016bsu pied\u0101v\u0101t\u0101s iesp\u0113jas. Paties\u012bb\u0101 mums ir karst\u0101k\u0101s loterijas sp\u0113les, kas notiek vis\u0101 pasaul\u0113, un viss, kas jums j\u0101dara, ir j\u0101izlemj, kura no t\u0101m b\u016bs j\u016bsu m\u012b\u013c\u0101k\u0101 un kuru v\u0113laties izm\u0113\u0123in\u0101t k\u0101 n\u0101kamo.<\/p>\n<p>T\u0101p\u0113c \u0101tri apl\u016bkojiet, kas ir pieejams un k\u0101 j\u016bs varat pa\u0146emt visas bi\u013cetes, ko v\u0113laties. Un p\u0101rliecinieties, ka esat apskat\u012bjis ar\u012b visu inform\u0101ciju, ko varat atrast par katru no sp\u0113l\u0113m, kad t\u0101s tiks izloz\u0113tas, cik daudz j\u016bs varat laim\u0113t un daudz ko citu.<\/p>\n<p>Vai v\u0113laties sp\u0113l\u0113t un ieg\u0101d\u0101ties Powerball bi\u013cetes tie\u0161saist\u0113? S\u0101ciet jau tagad, tie\u0161i \u0161eit.<\/p>\n","protected":false},"excerpt":{"rendered":"<p>Powerball, iesp\u0113jams, ir vispaz\u012bstam\u0101k\u0101 loterija vis\u0101 pasaul\u0113, un tam ir vair\u0101ki patie\u0161\u0101m labi iemesli. \u0160o sp\u0113li sp\u0113l\u0113 miljoniem sp\u0113l\u0113t\u0101ju no visas pasaules. V\u0113l vair\u0101k, ne tikai ASV, bet ar\u012b tie\u0161saist\u0113 no cit\u0101m valst\u012bm, piem\u0113ram, Latvij\u0101 j\u016bs varat izv\u0113l\u0113ties ieg\u0101d\u0101ties Powerball bi\u013cetes tie\u0161saist\u0113. Izlozes notiek katru sestdienu un tre\u0161dienu, un tas noz\u012bm\u0113, ka jums b\u016bs divreiz [&hellip;]<\/p>\n","protected":false},"author":1,"featured_media":0,"parent":16999,"menu_order":1,"comment_status":"closed","ping_status":"closed","template":"powerball-usa-info.php","meta":{"_et_pb_use_builder":"","_et_pb_old_content":"","_et_gb_content_width":"","exclude_from_search":false,"footnotes":""},"class_list":["post-17004","page","type-page","status-publish","hentry"],"yoast_head":"<!-- This site is optimized with the Yoast SEO plugin v23.8 - https:\/\/yoast.com\/wordpress\/plugins\/seo\/ -->\n<title>Ieg\u0101d\u0101jies Powerball bi\u013cetes tie\u0161saist\u0113 no Latvijas | Win Powerball \u0161eit<\/title>\n<meta name=\"description\" content=\"K\u0101 nopirkt Powerball Lotto ASV bi\u013ceti tie\u0161saist\u0113? M\u016bsu pakalpojuma m\u0113r\u0137is ir \u013caut jums piedal\u012bties Powerball USA no Latvijas.\" \/>\n<meta name=\"robots\" content=\"index, follow, max-snippet:-1, max-image-preview:large, max-video-preview:-1\" \/>\n<link rel=\"canonical\" href=\"https:\/\/redfoxlotto.com\/lv\/informacija\/powerball\/\" \/>\n<meta property=\"og:locale\" content=\"lv_LV\" \/>\n<meta property=\"og:type\" content=\"article\" \/>\n<meta property=\"og:title\" content=\"Ieg\u0101d\u0101jies Powerball bi\u013cetes tie\u0161saist\u0113 no Latvijas | Win Powerball \u0161eit\" \/>\n<meta property=\"og:description\" content=\"K\u0101 nopirkt Powerball Lotto ASV bi\u013ceti tie\u0161saist\u0113? M\u016bsu pakalpojuma m\u0113r\u0137is ir \u013caut jums piedal\u012bties Powerball USA no Latvijas.\" \/>\n<meta property=\"og:url\" content=\"https:\/\/redfoxlotto.com\/lv\/informacija\/powerball\/\" \/>\n<meta property=\"og:site_name\" content=\"Get Tickets for the World\u2019s largest jackpots\" \/>\n<meta property=\"article:modified_time\" content=\"2025-12-18T11:11:55+00:00\" \/>\n<meta property=\"og:image\" content=\"https:\/\/redfoxlotto.com\/wp-content\/uploads\/sites\/9\/ticket_powerball3.jpg\" \/>\n<meta name=\"twitter:card\" content=\"summary_large_image\" \/>\n<meta name=\"twitter:label1\" content=\"Est. reading time\" \/>\n\t<meta name=\"twitter:data1\" content=\"4 minutes\" \/>\n<script type=\"application\/ld+json\" class=\"yoast-schema-graph\">{\"@context\":\"https:\/\/schema.org\",\"@graph\":[{\"@type\":\"WebPage\",\"@id\":\"https:\/\/redfoxlotto.com\/lv\/informacija\/powerball\/\",\"url\":\"https:\/\/redfoxlotto.com\/lv\/informacija\/powerball\/\",\"name\":\"Ieg\u0101d\u0101jies Powerball bi\u013cetes tie\u0161saist\u0113 no Latvijas | Win Powerball \u0161eit\",\"isPartOf\":{\"@id\":\"https:\/\/redfoxlotto.com\/lv\/#website\"},\"primaryImageOfPage\":{\"@id\":\"https:\/\/redfoxlotto.com\/lv\/informacija\/powerball\/#primaryimage\"},\"image\":{\"@id\":\"https:\/\/redfoxlotto.com\/lv\/informacija\/powerball\/#primaryimage\"},\"thumbnailUrl\":\"https:\/\/redfoxlotto.com\/wp-content\/uploads\/sites\/9\/ticket_powerball3.jpg\",\"datePublished\":\"2018-11-18T08:54:25+00:00\",\"dateModified\":\"2025-12-18T11:11:55+00:00\",\"description\":\"K\u0101 nopirkt Powerball Lotto ASV bi\u013ceti tie\u0161saist\u0113? M\u016bsu pakalpojuma m\u0113r\u0137is ir \u013caut jums piedal\u012bties Powerball USA no Latvijas.\",\"breadcrumb\":{\"@id\":\"https:\/\/redfoxlotto.com\/lv\/informacija\/powerball\/#breadcrumb\"},\"inLanguage\":\"lv-LV\",\"potentialAction\":[{\"@type\":\"ReadAction\",\"target\":[\"https:\/\/redfoxlotto.com\/lv\/informacija\/powerball\/\"]}]},{\"@type\":\"ImageObject\",\"inLanguage\":\"lv-LV\",\"@id\":\"https:\/\/redfoxlotto.com\/lv\/informacija\/powerball\/#primaryimage\",\"url\":\"https:\/\/redfoxlotto.com\/wp-content\/uploads\/sites\/9\/ticket_powerball3.jpg\",\"contentUrl\":\"https:\/\/redfoxlotto.com\/wp-content\/uploads\/sites\/9\/ticket_powerball3.jpg\"},{\"@type\":\"BreadcrumbList\",\"@id\":\"https:\/\/redfoxlotto.com\/lv\/informacija\/powerball\/#breadcrumb\",\"itemListElement\":[{\"@type\":\"ListItem\",\"position\":1,\"name\":\"Home\",\"item\":\"https:\/\/redfoxlotto.com\/lv\/\"},{\"@type\":\"ListItem\",\"position\":2,\"name\":\"K\u0101 ieg\u0101d\u0101ties tie\u0161saistes loteriju bi\u013cetes \u2013 ieg\u0101des process\",\"item\":\"https:\/\/redfoxlotto.com\/lv\/informacija\/\"},{\"@type\":\"ListItem\",\"position\":3,\"name\":\"Par Powerball\"}]},{\"@type\":\"WebSite\",\"@id\":\"https:\/\/redfoxlotto.com\/lv\/#website\",\"url\":\"https:\/\/redfoxlotto.com\/lv\/\",\"name\":\"Get Tickets for the World\u2019s largest jackpots\",\"description\":\"Participate in worldwide lottery jackpots from any country\",\"publisher\":{\"@id\":\"https:\/\/redfoxlotto.com\/lv\/#organization\"},\"potentialAction\":[{\"@type\":\"SearchAction\",\"target\":{\"@type\":\"EntryPoint\",\"urlTemplate\":\"https:\/\/redfoxlotto.com\/lv\/?s={search_term_string}\"},\"query-input\":{\"@type\":\"PropertyValueSpecification\",\"valueRequired\":true,\"valueName\":\"search_term_string\"}}],\"inLanguage\":\"lv-LV\"},{\"@type\":\"Organization\",\"@id\":\"https:\/\/redfoxlotto.com\/lv\/#organization\",\"name\":\"Get Tickets for the World\u2019s largest jackpots\",\"url\":\"https:\/\/redfoxlotto.com\/lv\/\",\"logo\":{\"@type\":\"ImageObject\",\"inLanguage\":\"lv-LV\",\"@id\":\"https:\/\/redfoxlotto.com\/lv\/#\/schema\/logo\/image\/\",\"url\":\"https:\/\/redfoxlotto.com\/wp-content\/uploads\/2023\/04\/logo.png\",\"contentUrl\":\"https:\/\/redfoxlotto.com\/wp-content\/uploads\/2023\/04\/logo.png\",\"width\":269,\"height\":53,\"caption\":\"Get Tickets for the World\u2019s largest jackpots\"},\"image\":{\"@id\":\"https:\/\/redfoxlotto.com\/lv\/#\/schema\/logo\/image\/\"}}]}<\/script>\n<!-- \/ Yoast SEO plugin. -->","yoast_head_json":{"title":"Ieg\u0101d\u0101jies Powerball bi\u013cetes tie\u0161saist\u0113 no Latvijas | Win Powerball \u0161eit","description":"K\u0101 nopirkt Powerball Lotto ASV bi\u013ceti tie\u0161saist\u0113? M\u016bsu pakalpojuma m\u0113r\u0137is ir \u013caut jums piedal\u012bties Powerball USA no Latvijas.","robots":{"index":"index","follow":"follow","max-snippet":"max-snippet:-1","max-image-preview":"max-image-preview:large","max-video-preview":"max-video-preview:-1"},"canonical":"https:\/\/redfoxlotto.com\/lv\/informacija\/powerball\/","og_locale":"lv_LV","og_type":"article","og_title":"Ieg\u0101d\u0101jies Powerball bi\u013cetes tie\u0161saist\u0113 no Latvijas | Win Powerball \u0161eit","og_description":"K\u0101 nopirkt Powerball Lotto ASV bi\u013ceti tie\u0161saist\u0113? M\u016bsu pakalpojuma m\u0113r\u0137is ir \u013caut jums piedal\u012bties Powerball USA no Latvijas.","og_url":"https:\/\/redfoxlotto.com\/lv\/informacija\/powerball\/","og_site_name":"Get Tickets for the World\u2019s largest jackpots","article_modified_time":"2025-12-18T11:11:55+00:00","og_image":[{"url":"https:\/\/redfoxlotto.com\/wp-content\/uploads\/sites\/9\/ticket_powerball3.jpg"}],"twitter_card":"summary_large_image","twitter_misc":{"Est. reading time":"4 minutes"},"schema":{"@context":"https:\/\/schema.org","@graph":[{"@type":"WebPage","@id":"https:\/\/redfoxlotto.com\/lv\/informacija\/powerball\/","url":"https:\/\/redfoxlotto.com\/lv\/informacija\/powerball\/","name":"Ieg\u0101d\u0101jies Powerball bi\u013cetes tie\u0161saist\u0113 no Latvijas | Win Powerball \u0161eit","isPartOf":{"@id":"https:\/\/redfoxlotto.com\/lv\/#website"},"primaryImageOfPage":{"@id":"https:\/\/redfoxlotto.com\/lv\/informacija\/powerball\/#primaryimage"},"image":{"@id":"https:\/\/redfoxlotto.com\/lv\/informacija\/powerball\/#primaryimage"},"thumbnailUrl":"https:\/\/redfoxlotto.com\/wp-content\/uploads\/sites\/9\/ticket_powerball3.jpg","datePublished":"2018-11-18T08:54:25+00:00","dateModified":"2025-12-18T11:11:55+00:00","description":"K\u0101 nopirkt Powerball Lotto ASV bi\u013ceti tie\u0161saist\u0113? M\u016bsu pakalpojuma m\u0113r\u0137is ir \u013caut jums piedal\u012bties Powerball USA no Latvijas.","breadcrumb":{"@id":"https:\/\/redfoxlotto.com\/lv\/informacija\/powerball\/#breadcrumb"},"inLanguage":"lv-LV","potentialAction":[{"@type":"ReadAction","target":["https:\/\/redfoxlotto.com\/lv\/informacija\/powerball\/"]}]},{"@type":"ImageObject","inLanguage":"lv-LV","@id":"https:\/\/redfoxlotto.com\/lv\/informacija\/powerball\/#primaryimage","url":"https:\/\/redfoxlotto.com\/wp-content\/uploads\/sites\/9\/ticket_powerball3.jpg","contentUrl":"https:\/\/redfoxlotto.com\/wp-content\/uploads\/sites\/9\/ticket_powerball3.jpg"},{"@type":"BreadcrumbList","@id":"https:\/\/redfoxlotto.com\/lv\/informacija\/powerball\/#breadcrumb","itemListElement":[{"@type":"ListItem","position":1,"name":"Home","item":"https:\/\/redfoxlotto.com\/lv\/"},{"@type":"ListItem","position":2,"name":"K\u0101 ieg\u0101d\u0101ties tie\u0161saistes loteriju bi\u013cetes \u2013 ieg\u0101des process","item":"https:\/\/redfoxlotto.com\/lv\/informacija\/"},{"@type":"ListItem","position":3,"name":"Par Powerball"}]},{"@type":"WebSite","@id":"https:\/\/redfoxlotto.com\/lv\/#website","url":"https:\/\/redfoxlotto.com\/lv\/","name":"Get Tickets for the World\u2019s largest jackpots","description":"Participate in worldwide lottery jackpots from any country","publisher":{"@id":"https:\/\/redfoxlotto.com\/lv\/#organization"},"potentialAction":[{"@type":"SearchAction","target":{"@type":"EntryPoint","urlTemplate":"https:\/\/redfoxlotto.com\/lv\/?s={search_term_string}"},"query-input":{"@type":"PropertyValueSpecification","valueRequired":true,"valueName":"search_term_string"}}],"inLanguage":"lv-LV"},{"@type":"Organization","@id":"https:\/\/redfoxlotto.com\/lv\/#organization","name":"Get Tickets for the World\u2019s largest jackpots","url":"https:\/\/redfoxlotto.com\/lv\/","logo":{"@type":"ImageObject","inLanguage":"lv-LV","@id":"https:\/\/redfoxlotto.com\/lv\/#\/schema\/logo\/image\/","url":"https:\/\/redfoxlotto.com\/wp-content\/uploads\/2023\/04\/logo.png","contentUrl":"https:\/\/redfoxlotto.com\/wp-content\/uploads\/2023\/04\/logo.png","width":269,"height":53,"caption":"Get Tickets for the World\u2019s largest jackpots"},"image":{"@id":"https:\/\/redfoxlotto.com\/lv\/#\/schema\/logo\/image\/"}}]}},"_links":{"self":[{"href":"https:\/\/redfoxlotto.com\/lv\/wp-json\/wp\/v2\/pages\/17004","targetHints":{"allow":["GET"]}}],"collection":[{"href":"https:\/\/redfoxlotto.com\/lv\/wp-json\/wp\/v2\/pages"}],"about":[{"href":"https:\/\/redfoxlotto.com\/lv\/wp-json\/wp\/v2\/types\/page"}],"author":[{"embeddable":true,"href":"https:\/\/redfoxlotto.com\/lv\/wp-json\/wp\/v2\/users\/1"}],"replies":[{"embeddable":true,"href":"https:\/\/redfoxlotto.com\/lv\/wp-json\/wp\/v2\/comments?post=17004"}],"version-history":[{"count":0,"href":"https:\/\/redfoxlotto.com\/lv\/wp-json\/wp\/v2\/pages\/17004\/revisions"}],"up":[{"embeddable":true,"href":"https:\/\/redfoxlotto.com\/lv\/wp-json\/wp\/v2\/pages\/16999"}],"wp:attachment":[{"href":"https:\/\/redfoxlotto.com\/lv\/wp-json\/wp\/v2\/media?parent=17004"}],"curies":[{"name":"wp","href":"https:\/\/api.w.org\/{rel}","templated":true}]}}