{"id":17002,"date":"2018-11-18T08:54:25","date_gmt":"2018-11-18T08:54:25","guid":{"rendered":"https:\/\/redfoxlotto.com\/?page_id=2295"},"modified":"2025-12-18T13:08:11","modified_gmt":"2025-12-18T13:08:11","slug":"mega-millions","status":"publish","type":"page","link":"https:\/\/redfoxlotto.com\/lv\/informacija\/mega-millions\/","title":{"rendered":"Par Mega Millions"},"content":{"rendered":"<p><script type=\"application\/ld+json\">\n{\n  \"@context\": \"https:\/\/schema.org\",\n  \"@type\": \"Service\",\n  \"name\": \"Sp\u0113l\u0113 Mega Millions tie\u0161saist\u0113\",\n  \"url\": \"https:\/\/redfoxlotto.com\/lv\/lotteries\/mega-millions\",\n  \"description\": \"Ieg\u0101d\u0101jieties ofici\u0101l\u0101s Mega Millions loterijas bi\u013cetes tie\u0161saist\u0113 no jebkuras valsts. Apmekl\u0113jiet RedFoxLotto, izv\u0113lieties savus skait\u013cus un piedalieties n\u0101kamaj\u0101 izloz\u0113.\",\n  \"serviceType\": \"Tie\u0161saistes loterijas bi\u013ce\u0161u starpniec\u012bbas pakalpojums\",<\/p>\n<p>  \"provider\": {\n    \"@type\": \"Organization\",\n    \"name\": \"RedFoxLotto\",\n    \"url\": \"https:\/\/redfoxlotto.com\/lv\",\n    \"image\": \"https:\/\/redfoxlotto.com\/lv\/wp-content\/uploads\/2025\/12\/ticket_scans.jpg\",\n    \"sameAs\": []\n  },<\/p>\n<p>  \"areaServed\": \"Worldwide\",\n  \"termsOfService\": \"https:\/\/redfoxlotto.com\/terms-and-conditions\",<\/p>\n<p>  \"additionalProperty\": {\n    \"@type\": \"PropertyValue\",\n    \"name\": \"BUJ\",\n    \"value\": \"https:\/\/redfoxlotto.com\/lv\/faq\/\"\n  },<\/p>\n<p>  \"hasOfferCatalog\": {\n    \"@type\": \"OfferCatalog\",\n    \"name\": \"Mega Millions bi\u013cetes\",\n    \"itemListElement\": [\n      {\n        \"@type\": \"Offer\",\n        \"name\": \"Mega Millions bi\u013cetes\",\n        \"url\": \"https:\/\/redfoxlotto.com\/lv\/lotteries\/powerball\",\n        \"description\": \"Ieg\u0101d\u0101jieties \u012bstas bi\u013cetes tie\u0161saist\u0113 n\u0101kamajai Mega Millions izlozei RedFoxLotto vietn\u0113.\",\n        \"price\": \"13.00\",\n        \"priceCurrency\": \"\u20ac\",\n        \"availability\": \"https:\/\/schema.org\/InStock\",<\/p>\n<p>        \"itemOffered\": {\n          \"@type\": \"Service\",\n          \"name\": \"Mega Millions loterijas bi\u013cetes\",\n          \"description\": \"Piedalieties n\u0101kamaj\u0101 Mega Millions izloz\u0113 \u2013 ieg\u0101d\u0101jieties bi\u013cetes tie\u0161saist\u0113 ar RedFoxLotto.\"\n        }\n      }\n    ]\n  },<\/p>\n<p>  \"mainEntityOfPage\": {\n    \"@type\": \"WebPage\",\n    \"@id\": \"https:\/\/redfoxlotto.com\/lv\/lotteries\/mega-millions\"\n  }\n}\n<\/script><\/p>\n<p>L\u012bdz 2002. gadam \u0161\u012b 44 ASV \u0161tatu loterija bija paz\u012bstama k\u0101 &#8220;Liel\u0101 sp\u0113le&#8221;, bet tagad vis\u0101 pasaul\u0113 t\u0101 paz\u012bstama k\u0101 Mega Millions. \u0160im nol\u016bkam tiek r\u012bkotas divas izlozes ned\u0113\u013c\u0101 (katru otrdienu un piektdienu). Ja neesat dzird\u0113ju\u0161i par \u0161o sp\u0113li vai ar\u012b l\u012bdz \u0161im neesat piev\u0113rsu\u0161i tai uzman\u012bbu, noteikti v\u0113l\u0113sieties to apl\u016bkot tuv\u0101k un noskaidrot, ko par \u0161o sp\u0113li varat secin\u0101t.<\/p>\n<p>T\u0101 noteikti b\u016bs balva, kuru v\u0113laties vinn\u0113t, un to ir ar\u012b \u013coti viegli sp\u0113l\u0113t. T\u0101p\u0113c jums ir izdev\u012bgi ieg\u0101d\u0101ties Mega Millions bi\u013cetes tie\u0161saist\u0113 no Latvijas.<\/p>\n<h2>Mega Millions d\u017eekpots<\/h2>\n<p>Mega Millions ir paz\u012bstama ar saviem lielajiem d\u017eekpotiem. 2018. gad\u0101 rekordlielu d\u017eekpotu vair\u0101k nek\u0101 1,5 miljardu ASV dol\u0101ru apm\u0113r\u0101 laim\u0113ja viens laim\u012bgais. Tas noteikti ir d\u017eekpots, kuru v\u0113laties vinn\u0113t, vai ne? Un izredzes noteikti nav tik sliktas, k\u0101 tas ir da\u017eu d\u017eekpotu laimestu gad\u012bjum\u0101.<\/p>\n<p>V\u0113l lab\u0101k ir tas, ka Mega Millions d\u017eekpoti vienm\u0113r b\u016bs lieli. Paties\u012bb\u0101 d\u017eekpots s\u0101kas no 40 miljoniem ASV dol\u0101ru. T\u0101p\u0113c, pat ja j\u016bs vinn\u0113siet pamatd\u017eekpotu, pirms tas s\u0101k palielin\u0101ties (kas notiek reti), j\u016bs joproj\u0101m sa\u0146emsiet lielisku vinnestu.<\/p>\n<p><img loading=\"lazy\" decoding=\"async\" class=\"alignright wp-image\" src=\"https:\/\/content.redfoxlotto.com\/uploads\/sites\/9\/2_ticket_mega_millions2.jpg\" alt=\"Mega Millions tie\u0161saist\u0113\" width=\"200\" height=\"207\" \/><\/p>\n<p>Ja d\u017eekpotu vinn\u0113siet v\u0113l\u0101k, kad tas s\u0101ks palielin\u0101ties, j\u016bs varat vinn\u0113t daudz vair\u0101k. V\u0113l lab\u0101k ir tas, ka \u0161ie d\u017eekpoti palielin\u0101s diezgan \u0101tri. T\u0101tad tas, kas \u0161odien s\u0101kas ar 40 miljoniem ASV dol\u0101ru, jau p\u0113c ned\u0113\u013cas vai maz\u0101k var viegli k\u013c\u016bt par vair\u0101k nek\u0101 100 miljoniem ASV dol\u0101ru. T\u0101l\u0101k tas var pieaugt l\u012bdz vair\u0101kiem simtiem miljonu, un j\u016bs varat piedal\u012bties v\u0113l vien\u0101 miljarda dol\u0101ru izloz\u0113. Tas noteikti b\u016btu da\u017eu dol\u0101ru ieguld\u012bjuma v\u0113rts, lai ieg\u0101d\u0101tos bi\u013cetes, vai ne?<\/p>\n<p>M\u016bsu vietn\u0113 jums ir iesp\u0113ja ieg\u0101d\u0101ties Mega Millions bi\u013cetes tie\u0161saist\u0113, pat ja dz\u012bvojat Latvij\u0101. Vienk\u0101r\u0161i izv\u0113lieties skait\u013cus, ieg\u0101d\u0101jieties bi\u013ceti un gaidiet izlozes rezult\u0101tus! P\u0113c br\u012b\u017ea m\u0113s iepaz\u012bstin\u0101sim ar da\u017eiem visp\u0101r\u012bgiem so\u013ciem un to, kas nepiecie\u0161ams, lai s\u0101ktu, bet vispirms piev\u0113rs\u012bsimies pa\u0161iem Mega Millions, vai ne?<\/p>\n<h2>Mega Millions noteikumi<\/h2>\n<p>Mega Millions noteikumi ir vienk\u0101r\u0161i. Jums j\u0101izv\u0113las 5 skait\u013ci no 1 l\u012bdz 70, k\u0101 ar\u012b papildu MegaBall skaitlis. Lai vinn\u0113tu d\u017eekpotu, visiem skait\u013ciem j\u0101b\u016bt vien\u0101diem. Tas nenoz\u012bm\u0113, ka j\u016bs nevarat neko vinn\u0113t, ja jums neizdodas vinn\u0113t \u0161o d\u017eekpotu. Paties\u012bb\u0101 ir vair\u0101kas da\u017e\u0101das balvas, ko varat vinn\u0113t. Mega Millions loterij\u0101 var vinn\u0113t devi\u0146\u0101s balvu grup\u0101s.<\/p>\n<p>Patie\u0161\u0101m lieliski ir tas, ka j\u016bs varat vinn\u0113t, sakr\u012btot tikai ar vienu skaitli, ja vien \u0161is skaitlis ir MegaBall. Ja jums \u0161is skaitlis sakr\u012bt, j\u016bs autom\u0101tiski vinn\u0113siet balvu, un tas ir tikai s\u0101kums. J\u016bs varat vinn\u0113t patie\u0161\u0101m nelielas balvas, kas jums tikai atmaks\u0101s naudu, kuru izt\u0113r\u0113j\u0101t bi\u013cetes ieg\u0101dei, vai ar\u012b j\u016bs varat vinn\u0113t lielas balvas, kas tom\u0113r ir maz\u0101kas par faktisko d\u017eekpotu.<br \/>Turkl\u0101t katru balvu zem d\u017eekpota var vinn\u0113t atsevi\u0161\u0137i. Tas noz\u012bm\u0113, ka jums nav j\u0101dala nauda, ja k\u0101ds cits ar\u012b vinn\u0113 \u0161o balvu.<\/p>\n<h2>Mega Millions bi\u013cetes ieg\u0101de tie\u0161saist\u0113 Latvij\u0101<\/h2>\n<p>Vai esat gatavs ieg\u0101d\u0101ties savu pirmo Mega Millions bi\u013ceti tie\u0161saist\u0113? Ja j\u0101, tad noteikti v\u0113laties iepaz\u012bties ar \u0161\u012b procesa posmiem. M\u0113s to padar\u012bj\u0101m p\u0113c iesp\u0113jas vienk\u0101r\u0161\u0101ku, jo zin\u0101m, ka j\u016bs patie\u0161\u0101m v\u0113laties ieg\u0101d\u0101ties bi\u013ceti, piedal\u012bties izloz\u0113 un p\u0113c tam nodarboties ar cit\u0101m liet\u0101m, kas notiek j\u016bsu dz\u012bv\u0113. T\u0101p\u0113c m\u0113s to veicam tikai da\u017eos so\u013cos.<\/p>\n<p>Pirmais solis ir izlemt, ko ieg\u0101d\u0101sieties. Ja v\u0113laties ieg\u0101d\u0101ties Mega Millions bi\u013cetes tie\u0161saist\u0113, tas b\u016bs vienk\u0101r\u0161i. J\u016bs vienk\u0101r\u0161i atrad\u012bsiet sp\u0113li un ieiesiet \u012bpa\u0161i tai paredz\u0113taj\u0101 lap\u0101.<\/p>\n<p>Ja v\u0113laties ieg\u0101d\u0101ties citu sp\u0113\u013cu bi\u013cetes, j\u016bs var\u0113siet redz\u0113t katru no t\u0101m, k\u0101 ar\u012b to pa\u0161reiz\u0113jos pieejamos d\u017eekpotus tie\u0161i taj\u0101 pa\u0161\u0101 ekr\u0101n\u0101, un j\u016bs var\u0113siet ieiet ar\u012b katr\u0101 no t\u0101m atsevi\u0161\u0137i. T\u0101d\u0113j\u0101di jums b\u016bs \u013coti viegli izlemt, ko dar\u012bsiet, un izv\u0113l\u0113ties v\u0113lam\u0101s bi\u013cetes.<\/p>\n<p><img loading=\"lazy\" decoding=\"async\" class=\"alignright wp-image\" src=\"https:\/\/content.redfoxlotto.com\/uploads\/sites\/9\/1_buy_mega_millions_lottery_tickets.jpg\" alt=\"nopirkt bi\u013cetes tie\u0161saist\u0113\" width=\"287\" height=\"202\" \/><\/p>\n<p>Kad esat lap\u0101, varat uzzin\u0101t vair\u0101k par Mega Millions un p\u0113c tam izv\u0113l\u0113ties skait\u013cus, kurus v\u0113laties sp\u0113l\u0113t. Ja jums ir konkr\u0113ti skait\u013ci, kurus v\u0113laties, varat tos izv\u0113l\u0113ties tie\u0161i \u0161aj\u0101 ekr\u0101n\u0101. Ja jums ir tikai da\u017ei skait\u013ci un v\u0113laties, lai p\u0101r\u0113jie tiktu pie\u0161\u0137irti p\u0113c nejau\u0161\u012bbas principa, ar\u012b \u0161o iesp\u0113ju varat izmantot. Varat ar\u012b izv\u0113l\u0113ties piln\u012bb\u0101 nejau\u0161i izv\u0113l\u0113tu bi\u013ceti. Tas b\u016bs atkar\u012bgs tikai no jums. Jebkur\u0101 gad\u012bjum\u0101 j\u016bs zin\u0101siet, vai jums ir pietiekami daudz skait\u013cu, vai to ir p\u0101r\u0101k maz, vai p\u0101r\u0101k daudz, jo m\u0113s p\u0101rliecin\u0101simies, vai j\u016bsu bi\u013cete ir der\u012bga, v\u0113l pirms j\u016bs nok\u013c\u016bsiet n\u0101kamaj\u0101 lap\u0101.<\/p>\n<h2>Maks\u0101juma process<\/h2>\n<p>P\u0113c tam, kad esat izv\u0113l\u0113jies v\u0113lam\u0101s Mega Millions bi\u013cetes, varat t\u0101s pievienot groz\u0101 un, ja v\u0113laties, izv\u0113l\u0113ties papildu bi\u013cetes, vai ar\u012b doties uz kases procesu. Izrakst\u012b\u0161an\u0101s laik\u0101 jums b\u016bs nepiecie\u0161ams m\u016bsu konts, ta\u010du m\u0113s ar\u012b to izveidosim \u013coti vienk\u0101r\u0161i.<\/p>\n<p>J\u016bs vienk\u0101r\u0161i aizpildiet pamatinform\u0101ciju par sevi, lai nepiecie\u0161am\u012bbas gad\u012bjum\u0101 var\u0113tu piepras\u012bt balvas.<\/p>\n<p>Tas ir viss. J\u016bs apstiprin\u0101siet savu pirkumu, m\u0113s sa\u0146emsim jums bi\u013cetes, un t\u0101s par\u0101d\u012bsies tie\u0161i j\u016bsu kont\u0101, lai j\u016bs var\u0113tu skat\u012bties un redz\u0113t, vai esat laim\u0113jis. M\u0113s pat nos\u016bt\u012bsim jums e-pastu, ja j\u016bsu bi\u013cete vinn\u0113s, un tie\u0161i j\u016bsu kont\u0101 par\u0101d\u012bsim, kuri izlozes skait\u013ci sakrita. Jums neb\u016bs nek\u0101du probl\u0113mu g\u016bt lielisku pieredzi ar Mega Millions, un j\u016bs v\u0113l\u0113sieties turpin\u0101t sp\u0113l\u0113t katru sp\u0113li.<\/p>\n","protected":false},"excerpt":{"rendered":"<p>L\u012bdz 2002. gadam \u0161\u012b 44 ASV \u0161tatu loterija bija paz\u012bstama k\u0101 &#8220;Liel\u0101 sp\u0113le&#8221;, bet tagad vis\u0101 pasaul\u0113 t\u0101 paz\u012bstama k\u0101 Mega Millions. \u0160im nol\u016bkam tiek r\u012bkotas divas izlozes ned\u0113\u013c\u0101 (katru otrdienu un piektdienu). Ja neesat dzird\u0113ju\u0161i par \u0161o sp\u0113li vai ar\u012b l\u012bdz \u0161im neesat piev\u0113rsu\u0161i tai uzman\u012bbu, noteikti v\u0113l\u0113sieties to apl\u016bkot tuv\u0101k un noskaidrot, ko [&hellip;]<\/p>\n","protected":false},"author":1,"featured_media":0,"parent":16999,"menu_order":2,"comment_status":"closed","ping_status":"closed","template":"megamillion-info.php","meta":{"_et_pb_use_builder":"","_et_pb_old_content":"","_et_gb_content_width":"","exclude_from_search":false,"footnotes":""},"class_list":["post-17002","page","type-page","status-publish","hentry"],"yoast_head":"<!-- This site is optimized with the Yoast SEO plugin v23.8 - https:\/\/yoast.com\/wordpress\/plugins\/seo\/ -->\n<title>Ieg\u0101d\u0101jieties Mega Millions bi\u013cetes tie\u0161saist\u0113 | Mega Millions tagad ir pieejami no Latvijas<\/title>\n<meta name=\"description\" content=\"Uzziniet vair\u0101k par Mega Millions Lotto ASV un par to, k\u0101 j\u016bs varat ieg\u0101d\u0101ties Mega Millions bi\u013cetes tie\u0161saist\u0113 no Latvijas vai jebkuras citas pasaules valsts.\" \/>\n<meta name=\"robots\" content=\"index, follow, max-snippet:-1, max-image-preview:large, max-video-preview:-1\" \/>\n<link rel=\"canonical\" href=\"https:\/\/redfoxlotto.com\/lv\/informacija\/mega-millions\/\" \/>\n<meta property=\"og:locale\" content=\"lv_LV\" \/>\n<meta property=\"og:type\" content=\"article\" \/>\n<meta property=\"og:title\" content=\"Ieg\u0101d\u0101jieties Mega Millions bi\u013cetes tie\u0161saist\u0113 | Mega Millions tagad ir pieejami no Latvijas\" \/>\n<meta property=\"og:description\" content=\"Uzziniet vair\u0101k par Mega Millions Lotto ASV un par to, k\u0101 j\u016bs varat ieg\u0101d\u0101ties Mega Millions bi\u013cetes tie\u0161saist\u0113 no Latvijas vai jebkuras citas pasaules valsts.\" \/>\n<meta property=\"og:url\" content=\"https:\/\/redfoxlotto.com\/lv\/informacija\/mega-millions\/\" \/>\n<meta property=\"og:site_name\" content=\"Get Tickets for the World\u2019s largest jackpots\" \/>\n<meta property=\"article:modified_time\" content=\"2025-12-18T13:08:11+00:00\" \/>\n<meta property=\"og:image\" content=\"https:\/\/content.redfoxlotto.com\/uploads\/sites\/9\/2_ticket_mega_millions2.jpg\" \/>\n<meta name=\"twitter:card\" content=\"summary_large_image\" \/>\n<meta name=\"twitter:label1\" content=\"Est. reading time\" \/>\n\t<meta name=\"twitter:data1\" content=\"4 minutes\" \/>\n<script type=\"application\/ld+json\" class=\"yoast-schema-graph\">{\"@context\":\"https:\/\/schema.org\",\"@graph\":[{\"@type\":\"WebPage\",\"@id\":\"https:\/\/redfoxlotto.com\/lv\/informacija\/mega-millions\/\",\"url\":\"https:\/\/redfoxlotto.com\/lv\/informacija\/mega-millions\/\",\"name\":\"Ieg\u0101d\u0101jieties Mega Millions bi\u013cetes tie\u0161saist\u0113 | Mega Millions tagad ir pieejami no Latvijas\",\"isPartOf\":{\"@id\":\"https:\/\/redfoxlotto.com\/lv\/#website\"},\"primaryImageOfPage\":{\"@id\":\"https:\/\/redfoxlotto.com\/lv\/informacija\/mega-millions\/#primaryimage\"},\"image\":{\"@id\":\"https:\/\/redfoxlotto.com\/lv\/informacija\/mega-millions\/#primaryimage\"},\"thumbnailUrl\":\"https:\/\/content.redfoxlotto.com\/uploads\/sites\/9\/2_ticket_mega_millions2.jpg\",\"datePublished\":\"2018-11-18T08:54:25+00:00\",\"dateModified\":\"2025-12-18T13:08:11+00:00\",\"description\":\"Uzziniet vair\u0101k par Mega Millions Lotto ASV un par to, k\u0101 j\u016bs varat ieg\u0101d\u0101ties Mega Millions bi\u013cetes tie\u0161saist\u0113 no Latvijas vai jebkuras citas pasaules valsts.\",\"breadcrumb\":{\"@id\":\"https:\/\/redfoxlotto.com\/lv\/informacija\/mega-millions\/#breadcrumb\"},\"inLanguage\":\"lv-LV\",\"potentialAction\":[{\"@type\":\"ReadAction\",\"target\":[\"https:\/\/redfoxlotto.com\/lv\/informacija\/mega-millions\/\"]}]},{\"@type\":\"ImageObject\",\"inLanguage\":\"lv-LV\",\"@id\":\"https:\/\/redfoxlotto.com\/lv\/informacija\/mega-millions\/#primaryimage\",\"url\":\"https:\/\/content.redfoxlotto.com\/uploads\/sites\/9\/2_ticket_mega_millions2.jpg\",\"contentUrl\":\"https:\/\/content.redfoxlotto.com\/uploads\/sites\/9\/2_ticket_mega_millions2.jpg\"},{\"@type\":\"BreadcrumbList\",\"@id\":\"https:\/\/redfoxlotto.com\/lv\/informacija\/mega-millions\/#breadcrumb\",\"itemListElement\":[{\"@type\":\"ListItem\",\"position\":1,\"name\":\"Home\",\"item\":\"https:\/\/redfoxlotto.com\/lv\/\"},{\"@type\":\"ListItem\",\"position\":2,\"name\":\"K\u0101 ieg\u0101d\u0101ties tie\u0161saistes loteriju bi\u013cetes \u2013 ieg\u0101des process\",\"item\":\"https:\/\/redfoxlotto.com\/lv\/informacija\/\"},{\"@type\":\"ListItem\",\"position\":3,\"name\":\"Par Mega Millions\"}]},{\"@type\":\"WebSite\",\"@id\":\"https:\/\/redfoxlotto.com\/lv\/#website\",\"url\":\"https:\/\/redfoxlotto.com\/lv\/\",\"name\":\"Get Tickets for the World\u2019s largest jackpots\",\"description\":\"Participate in worldwide lottery jackpots from any country\",\"publisher\":{\"@id\":\"https:\/\/redfoxlotto.com\/lv\/#organization\"},\"potentialAction\":[{\"@type\":\"SearchAction\",\"target\":{\"@type\":\"EntryPoint\",\"urlTemplate\":\"https:\/\/redfoxlotto.com\/lv\/?s={search_term_string}\"},\"query-input\":{\"@type\":\"PropertyValueSpecification\",\"valueRequired\":true,\"valueName\":\"search_term_string\"}}],\"inLanguage\":\"lv-LV\"},{\"@type\":\"Organization\",\"@id\":\"https:\/\/redfoxlotto.com\/lv\/#organization\",\"name\":\"Get Tickets for the World\u2019s largest jackpots\",\"url\":\"https:\/\/redfoxlotto.com\/lv\/\",\"logo\":{\"@type\":\"ImageObject\",\"inLanguage\":\"lv-LV\",\"@id\":\"https:\/\/redfoxlotto.com\/lv\/#\/schema\/logo\/image\/\",\"url\":\"https:\/\/redfoxlotto.com\/wp-content\/uploads\/2023\/04\/logo.png\",\"contentUrl\":\"https:\/\/redfoxlotto.com\/wp-content\/uploads\/2023\/04\/logo.png\",\"width\":269,\"height\":53,\"caption\":\"Get Tickets for the World\u2019s largest jackpots\"},\"image\":{\"@id\":\"https:\/\/redfoxlotto.com\/lv\/#\/schema\/logo\/image\/\"}}]}<\/script>\n<!-- \/ Yoast SEO plugin. -->","yoast_head_json":{"title":"Ieg\u0101d\u0101jieties Mega Millions bi\u013cetes tie\u0161saist\u0113 | Mega Millions tagad ir pieejami no Latvijas","description":"Uzziniet vair\u0101k par Mega Millions Lotto ASV un par to, k\u0101 j\u016bs varat ieg\u0101d\u0101ties Mega Millions bi\u013cetes tie\u0161saist\u0113 no Latvijas vai jebkuras citas pasaules valsts.","robots":{"index":"index","follow":"follow","max-snippet":"max-snippet:-1","max-image-preview":"max-image-preview:large","max-video-preview":"max-video-preview:-1"},"canonical":"https:\/\/redfoxlotto.com\/lv\/informacija\/mega-millions\/","og_locale":"lv_LV","og_type":"article","og_title":"Ieg\u0101d\u0101jieties Mega Millions bi\u013cetes tie\u0161saist\u0113 | Mega Millions tagad ir pieejami no Latvijas","og_description":"Uzziniet vair\u0101k par Mega Millions Lotto ASV un par to, k\u0101 j\u016bs varat ieg\u0101d\u0101ties Mega Millions bi\u013cetes tie\u0161saist\u0113 no Latvijas vai jebkuras citas pasaules valsts.","og_url":"https:\/\/redfoxlotto.com\/lv\/informacija\/mega-millions\/","og_site_name":"Get Tickets for the World\u2019s largest jackpots","article_modified_time":"2025-12-18T13:08:11+00:00","og_image":[{"url":"https:\/\/content.redfoxlotto.com\/uploads\/sites\/9\/2_ticket_mega_millions2.jpg"}],"twitter_card":"summary_large_image","twitter_misc":{"Est. reading time":"4 minutes"},"schema":{"@context":"https:\/\/schema.org","@graph":[{"@type":"WebPage","@id":"https:\/\/redfoxlotto.com\/lv\/informacija\/mega-millions\/","url":"https:\/\/redfoxlotto.com\/lv\/informacija\/mega-millions\/","name":"Ieg\u0101d\u0101jieties Mega Millions bi\u013cetes tie\u0161saist\u0113 | Mega Millions tagad ir pieejami no Latvijas","isPartOf":{"@id":"https:\/\/redfoxlotto.com\/lv\/#website"},"primaryImageOfPage":{"@id":"https:\/\/redfoxlotto.com\/lv\/informacija\/mega-millions\/#primaryimage"},"image":{"@id":"https:\/\/redfoxlotto.com\/lv\/informacija\/mega-millions\/#primaryimage"},"thumbnailUrl":"https:\/\/content.redfoxlotto.com\/uploads\/sites\/9\/2_ticket_mega_millions2.jpg","datePublished":"2018-11-18T08:54:25+00:00","dateModified":"2025-12-18T13:08:11+00:00","description":"Uzziniet vair\u0101k par Mega Millions Lotto ASV un par to, k\u0101 j\u016bs varat ieg\u0101d\u0101ties Mega Millions bi\u013cetes tie\u0161saist\u0113 no Latvijas vai jebkuras citas pasaules valsts.","breadcrumb":{"@id":"https:\/\/redfoxlotto.com\/lv\/informacija\/mega-millions\/#breadcrumb"},"inLanguage":"lv-LV","potentialAction":[{"@type":"ReadAction","target":["https:\/\/redfoxlotto.com\/lv\/informacija\/mega-millions\/"]}]},{"@type":"ImageObject","inLanguage":"lv-LV","@id":"https:\/\/redfoxlotto.com\/lv\/informacija\/mega-millions\/#primaryimage","url":"https:\/\/content.redfoxlotto.com\/uploads\/sites\/9\/2_ticket_mega_millions2.jpg","contentUrl":"https:\/\/content.redfoxlotto.com\/uploads\/sites\/9\/2_ticket_mega_millions2.jpg"},{"@type":"BreadcrumbList","@id":"https:\/\/redfoxlotto.com\/lv\/informacija\/mega-millions\/#breadcrumb","itemListElement":[{"@type":"ListItem","position":1,"name":"Home","item":"https:\/\/redfoxlotto.com\/lv\/"},{"@type":"ListItem","position":2,"name":"K\u0101 ieg\u0101d\u0101ties tie\u0161saistes loteriju bi\u013cetes \u2013 ieg\u0101des process","item":"https:\/\/redfoxlotto.com\/lv\/informacija\/"},{"@type":"ListItem","position":3,"name":"Par Mega Millions"}]},{"@type":"WebSite","@id":"https:\/\/redfoxlotto.com\/lv\/#website","url":"https:\/\/redfoxlotto.com\/lv\/","name":"Get Tickets for the World\u2019s largest jackpots","description":"Participate in worldwide lottery jackpots from any country","publisher":{"@id":"https:\/\/redfoxlotto.com\/lv\/#organization"},"potentialAction":[{"@type":"SearchAction","target":{"@type":"EntryPoint","urlTemplate":"https:\/\/redfoxlotto.com\/lv\/?s={search_term_string}"},"query-input":{"@type":"PropertyValueSpecification","valueRequired":true,"valueName":"search_term_string"}}],"inLanguage":"lv-LV"},{"@type":"Organization","@id":"https:\/\/redfoxlotto.com\/lv\/#organization","name":"Get Tickets for the World\u2019s largest jackpots","url":"https:\/\/redfoxlotto.com\/lv\/","logo":{"@type":"ImageObject","inLanguage":"lv-LV","@id":"https:\/\/redfoxlotto.com\/lv\/#\/schema\/logo\/image\/","url":"https:\/\/redfoxlotto.com\/wp-content\/uploads\/2023\/04\/logo.png","contentUrl":"https:\/\/redfoxlotto.com\/wp-content\/uploads\/2023\/04\/logo.png","width":269,"height":53,"caption":"Get Tickets for the World\u2019s largest jackpots"},"image":{"@id":"https:\/\/redfoxlotto.com\/lv\/#\/schema\/logo\/image\/"}}]}},"_links":{"self":[{"href":"https:\/\/redfoxlotto.com\/lv\/wp-json\/wp\/v2\/pages\/17002","targetHints":{"allow":["GET"]}}],"collection":[{"href":"https:\/\/redfoxlotto.com\/lv\/wp-json\/wp\/v2\/pages"}],"about":[{"href":"https:\/\/redfoxlotto.com\/lv\/wp-json\/wp\/v2\/types\/page"}],"author":[{"embeddable":true,"href":"https:\/\/redfoxlotto.com\/lv\/wp-json\/wp\/v2\/users\/1"}],"replies":[{"embeddable":true,"href":"https:\/\/redfoxlotto.com\/lv\/wp-json\/wp\/v2\/comments?post=17002"}],"version-history":[{"count":0,"href":"https:\/\/redfoxlotto.com\/lv\/wp-json\/wp\/v2\/pages\/17002\/revisions"}],"up":[{"embeddable":true,"href":"https:\/\/redfoxlotto.com\/lv\/wp-json\/wp\/v2\/pages\/16999"}],"wp:attachment":[{"href":"https:\/\/redfoxlotto.com\/lv\/wp-json\/wp\/v2\/media?parent=17002"}],"curies":[{"name":"wp","href":"https:\/\/api.w.org\/{rel}","templated":true}]}}