{"id":17001,"date":"2018-11-18T08:54:25","date_gmt":"2018-11-18T08:54:25","guid":{"rendered":"https:\/\/redfoxlotto.com\/?page_id=2293"},"modified":"2025-12-18T14:40:26","modified_gmt":"2025-12-18T14:40:26","slug":"euromillions","status":"publish","type":"page","link":"https:\/\/redfoxlotto.com\/lv\/informacija\/euromillions\/","title":{"rendered":"Par EuroMillions"},"content":{"rendered":"<p><script type=\"application\/ld+json\">\n{\n  \"@context\": \"https:\/\/schema.org\",\n  \"@type\": \"Service\",\n  \"name\": \"Sp\u0113l\u0113jiet Euromillions tie\u0161saist\u0113\",\n  \"url\": \"https:\/\/redfoxlotto.com\/lv\/lotteries\/euromillions\/\",\n  \"description\": \"P\u0113rciet ofici\u0101los Euromillions loterijas bi\u013cetes tie\u0161saist\u0113 no jebkuras valsts. Apmekl\u0113jiet RedFoxLotto, izv\u0113lieties savus skait\u013cus un piedalieties n\u0101kamaj\u0101 izloz\u0113.\",\n  \"serviceType\": \"Tie\u0161saistes loterijas bi\u013ce\u0161u starpniec\u012bbas pakalpojums\",\n  \"provider\": {\n    \"@type\": \"Organization\",\n    \"name\": \"RedFoxLotto\",\n    \"url\": \"https:\/\/redfoxlotto.com\/lv\",\n    \"image\": \"https:\/\/redfoxlotto.com\/lv\/wp-content\/uploads\/2025\/12\/ticket_scans.jpg\",\n    \"sameAs\": []\n  },\n  \"areaServed\": \"Worldwide\",\n  \"termsOfService\": \"https:\/\/redfoxlotto.com\/terms-and-conditions\",\n  \"additionalProperty\": {\n    \"@type\": \"PropertyValue\",\n    \"name\": \"FAQ\",\n    \"value\": \"https:\/\/redfoxlotto.com\/lv\/faq\/\"\n  },\n  \"hasOfferCatalog\": {\n    \"@type\": \"OfferCatalog\",\n    \"name\": \"Euromillions bi\u013cetes\",\n    \"itemListElement\": [\n      {\n        \"@type\": \"Offer\",\n        \"name\": \"Euromillions bi\u013cetes\",\n        \"url\": \"https:\/\/redfoxlotto.com\/lv\/lotteries\/euromillions\",\n        \"description\": \"P\u0113rciet \u012bstas bi\u013cetes n\u0101kamajai Euromillions izlozei, izmantojot RedFoxLotto.\",\n        \"price\": \"7.00\",\n        \"priceCurrency\": \"\u20ac\",\n        \"availability\": \"https:\/\/schema.org\/InStock\",\n        \"itemOffered\": {\n          \"@type\": \"Service\",\n          \"name\": \"Euromillions bi\u013cetes\",\n          \"description\": \"Piedalieties n\u0101kamaj\u0101 Euromillions izloz\u0113 \u2013 p\u0113rkot bi\u013cetes tie\u0161saist\u0113 caur RedFoxLotto.\"\n        }\n      }\n    ]\n  },\n  \"mainEntityOfPage\": {\n    \"@type\": \"WebPage\",\n    \"@id\": \"https:\/\/redfoxlotto.com\/lv\/lotteries\/euromillions\"\n  }\n}\n<\/script><\/p>\n<p>Euro Millions ir Eiropas liel\u0101k\u0101 loterija. T\u0101 tika uzs\u0101kta 2004. gad\u0101, un bi\u013cetes var ieg\u0101d\u0101ties devi\u0146\u0101s Eiropas valst\u012bs, bet, ja esat no Latvijas, bi\u013cetes varat ieg\u0101d\u0101ties tie\u0161saist\u0113 \u0161eit.<\/p>\n<h2>Ieg\u0101d\u0101jieties EuroMillions bi\u013ceti no Latvijas<\/h2>\n<p>Vai esat gatavs s\u0101kt un ieg\u0101d\u0101ties EuroMillions bi\u013cetes tie\u0161saist\u0113? Ja esat, tad pirms iesaist\u012bties sp\u0113l\u0113, j\u016bs v\u0113laties uzzin\u0101t da\u017eas lietas par \u0161o sp\u0113li, vai ne? J\u016bs v\u0113laties b\u016bt p\u0101rliecin\u0101ts, ka esat sagatavojies un zin\u0101t par sp\u0113li visu, ko vien varat. Vispirms jums j\u0101zina, kad notiks izlozes, jo j\u016bs v\u0113laties b\u016bt p\u0101rliecin\u0101ts, ka loterijas bi\u013ceti sa\u0146emsiet pirms n\u0101kam\u0101s izlozes. EuroMillions izlozes notiek katru otrdienu un piektdienu Par\u012bz\u0113.<\/p>\n<p><img loading=\"lazy\" decoding=\"async\" class=\"alignright wp-image\" src=\"https:\/\/content.redfoxlotto.com\/uploads\/sites\/9\/1_buy_euromillions_online.jpg\" alt=\"Euromillions d\u017eekpots\" width=\"284\" height=\"190\" \/><\/p>\n<p>Par skait\u013ciem, no kuriem j\u016bs varat izv\u0113l\u0113ties, un par to, k\u0101 j\u016bs ieg\u016bsiet sev v\u0113lamo bi\u013ceti, m\u0113s s\u012bk\u0101k past\u0101st\u012bsim p\u0113c br\u012b\u017ea, bet pagaid\u0101m apl\u016bkosim, k\u0101du d\u017eekpotu j\u016bs var\u0113tu laim\u0113t. Galu gal\u0101 tas ir viens no iemesliem, k\u0101p\u0113c j\u016bs v\u0113laties sp\u0113l\u0113t EuroMillions.<\/p>\n<h2>EuroMillions d\u017eekpots<\/h2>\n<p>T\u0101 k\u0101 EuroMillions ir liel\u0101k\u0101 loterija Eirop\u0101, tai ir ar\u012b milz\u012bgi d\u017eekpoti. Paties\u012bb\u0101 d\u017eekpoti bie\u017ei vien m\u0113r\u0101mi miljonos dol\u0101ru, un liel\u0101kie d\u017eekpoti noteikti b\u016bs ar\u012b to augst\u0101kaj\u0101 da\u013c\u0101. L\u012bdz \u0161im liel\u0101kais d\u017eekpots \u0161aj\u0101 loterij\u0101 bija 190 000 000 eiro. To 2014. gada 24. oktobr\u012b laim\u0113ja anon\u012bms sp\u0113l\u0113t\u0101js.<\/p>\n<p>Tas jau ir pietiekami labs iemesls, lai j\u016bs tuv\u0101k iepaz\u012btos ar \u0161o sp\u0113li un padom\u0101tu par bi\u013cetes ieg\u0101di sev, vai ne? Nu, jums noteikti patiks doma laim\u0113t \u0161o naudu, un j\u016bs paties\u012bb\u0101 joproj\u0101m varat laim\u0113t labu naudas summu pat tad, ja nesasniegsiet \u0161o d\u017eekpotu. Tas ir t\u0101p\u0113c, ka s\u0101kumsumma ir pat lieliska balva, un t\u0101s, kas ir pa vidu starp zem\u0101ko un augst\u0101ko l\u012bmeni, ar\u012b b\u016bs lieliskas.<\/p>\n<h2>EuroMillions noteikumi<\/h2>\n<p>Vai esat gatavs ieg\u0101d\u0101ties EuroMillions bi\u013cetes tie\u0161saist\u0113, bet neesat \u012bsti p\u0101rliecin\u0101ts, kur un k\u0101 to dar\u012bt &#8211; varb\u016bt t\u0101p\u0113c, ka dz\u012bvojat Latvij\u0101? Nu, m\u0113s apskat\u012bsim, kas tie\u0161i jums j\u0101dara un k\u0101 izv\u0113l\u0113ties v\u0113lamos skait\u013cus, lai p\u0101rliecin\u0101tos, ka jums ir vislab\u0101k\u0101s iesp\u0113jam\u0101s izredzes patie\u0161\u0101m vinn\u0113t \u0161aj\u0101 sp\u0113l\u0113.<\/p>\n<h2>T\u0101tad, kas jums j\u0101dara?<\/h2>\n<p>\u0160eit j\u016bs izv\u0113laties 5 galvenos skait\u013cus no 1 l\u012bdz 50 un divus papildu skait\u013cus no 1 l\u012bdz 12, t\u0101 saukto Lucky Star. Lai vinn\u0113tu zem\u0101kaj\u0101 cenu diapazon\u0101, tikai diviem galvenajiem skait\u013ciem j\u0101b\u016bt vien\u0101diem. Tas noz\u012bm\u0113, ka jums b\u016bs daudz iesp\u0113ju, kad j\u016bs var\u0113tu b\u016bt laim\u012bgs, lai gan j\u016bs neizbalsosiet daudz naudas, ja jums sakrit\u012bs tikai da\u017ei skait\u013ci.<\/p>\n<p>Ja jums sakrit\u012bs vair\u0101ki skait\u013ci un jo \u012bpa\u0161i, ja jums sakrit\u012bs laim\u012bg\u0101s zvaigznes skait\u013ci, jums b\u016bs pieejams liel\u0101ks laimests. Tas noteikti b\u016bs labs ieguvums, vai ne? J\u016bs faktiski varat uzlabot savas izredzes kaut ko ieg\u016bt un noteikti varat g\u016bt prieku, sp\u0113l\u0113jot \u0161o sp\u0113li.<\/p>\n<h2>Bi\u013cetes izv\u0113le<\/h2>\n<p>Vai esat gatavs izv\u0113l\u0113ties bi\u013ceti? Noteikti v\u0113laties iepaz\u012bties ar m\u016bsu procesu, jo m\u0113s jums to \u013coti atvieglosim. M\u0113s zin\u0101m, ka jums nav daudz laika, un j\u016bs v\u0113laties b\u016bt p\u0101rliecin\u0101ts, ka j\u016bs \u0161o laiku izmantojat maksim\u0101li lietder\u012bgi. Ta\u010du j\u016bs joproj\u0101m v\u0113laties g\u016bt prieku, sp\u0113l\u0113jot EuroMillions, un tas noz\u012bm\u0113, ka jums ir nepiecie\u0161ams ieg\u0101d\u0101ties EuroMillions bi\u013cetes tie\u0161saist\u0113.<\/p>\n<p>Pirmais solis m\u016bsu proces\u0101 ir izlemt, k\u0101du bi\u013ceti j\u016bs ieg\u0101d\u0101sieties. Ja jau esat izl\u0113mis par EuroMillions, tad viss ir gatavs. Bet, ja v\u0113l neesat \u012bsti p\u0101rliecin\u0101ts, noteikti v\u0113l\u0113sieties apskat\u012bt galveno lapu, kur m\u0113s jums par\u0101d\u012bsim visus lab\u0101kos d\u017eekpotus un sp\u0113les, kuras jums b\u016btu v\u0113rts apskat\u012bt. \u0160\u012bs ir sp\u0113les, kuru bi\u013cetes m\u0113s pied\u0101v\u0101jam.<\/p>\n<p>Kad esat izl\u0113mis, k\u0101du bi\u013ceti v\u0113laties, ieejiet lap\u0101 un s\u0101ciet izv\u0113l\u0113ties bi\u013cetes numurus. Ja v\u0113laties, varat izv\u0113l\u0113ties piln\u012bgi visus skait\u013cus, lai j\u016bs ieg\u016btu piel\u0101gotu bi\u013ceti, kas vislab\u0101k atbilst j\u016bsu v\u0113lm\u0113m.<\/p>\n<p>Varat ar\u012b izv\u0113l\u0113ties ieg\u0101d\u0101ties bi\u013cetes, kas jums tiek izv\u0113l\u0113tas p\u0113c nejau\u0161\u012bbas principa. T\u0101d\u0113j\u0101di jums ir \u013coti viegli ieg\u016bt bi\u013ceti, net\u0113r\u0113jot tam daudz laika. Turkl\u0101t j\u016bs varat ar\u012b izlemt, cik daudz bi\u013ce\u0161u v\u0113laties ieg\u0101d\u0101ties, lai jums b\u016btu viss nepiecie\u0161amais potenci\u0101lajai lielisk\u0101 d\u017eekpota laim\u0113\u0161anai.<\/p>\n<p><img loading=\"lazy\" decoding=\"async\" class=\"alignright wp-image\" src=\"https:\/\/content.redfoxlotto.com\/uploads\/sites\/9\/1_buy_lottery_ticket.jpg\" alt=\"nopirkt bi\u013cetes tie\u0161saist\u0113\" width=\"312\" height=\"107\" \/><\/p>\n<h2>EuroMillions pirk\u0161anas process<\/h2>\n<p>Kad esat izv\u0113l\u0113jies bi\u013cetes, p\u0113d\u0113jais, kas jums ir j\u0101izdara, ir p\u0101rliecin\u0101ties, ka esat aizpild\u012bjis sava konta inform\u0101ciju. M\u0113s j\u016bs uzreiz iepaz\u012bstin\u0101sim ar \u0161\u012b konta izveides procesu, lai j\u016bs var\u0113tu b\u016bt p\u0101rliecin\u0101ts, ka sa\u0146emsiet v\u0113lam\u0101s bi\u013cetes tie\u0161i tad, kad t\u0101s v\u0113laties. \u0160eit pat varat iestat\u012bt maks\u0101jumu kontus, kurus v\u0113laties izmantot.<\/p>\n<p>Kad b\u016bsiet visu iestat\u012bjis, jums vajadz\u0113s tikai ievietot v\u0113lam\u0101s bi\u013cetes sav\u0101 groz\u0101, un tad j\u016bs var\u0113siet ieg\u0101d\u0101ties visas bi\u013cetes vienlaic\u012bgi. J\u016bs pat varat pievienot da\u017e\u0101du sp\u0113\u013cu bi\u013cetes sav\u0101 groz\u0101 visas kop\u0101, un j\u016bs var\u0113siet ieg\u0101d\u0101ties visu, kas jums nepiecie\u0161ams.<\/p>\n<p>Kad b\u016bsiet izl\u0113mu\u0161i par bi\u013cet\u0113m, viss b\u016bs gatavs, un j\u016bs var\u0113siet gaid\u012bt un skat\u012bties, kas notiks ar j\u016bsu bi\u013cet\u0113m. T\u0101s, kuras ieg\u0101d\u0101sieties, uzreiz par\u0101d\u012bsies j\u016bsu kont\u0101, un v\u0113l\u0101k j\u016bs var\u0113siet p\u0101rbaud\u012bt, vai esat laim\u0113jis.<\/p>\n<p>Ja laim\u0113siet, m\u0113s jums nos\u016bt\u012bsim e-pasta v\u0113stuli, un j\u016bs var\u0113siet sav\u0101 kont\u0101 apskat\u012bt, k\u0101di skait\u013ci atbilst izloz\u0113tajiem skait\u013ciem. Un tas atvieglos jums orient\u0113\u0161anos, kad jums b\u016bs nepiecie\u0161ams izpirkt bi\u013ceti.<\/p>\n<h2>EuroMillions un AK Millionaire Maker<\/h2>\n<p>Sp\u0113l\u0113t\u0101ji maks\u0101 nedaudz vair\u0101k, jo EuroMillions bi\u013cetes tiek ieg\u0101d\u0101tas Apvienotaj\u0101 Karalist\u0113. Tas ir t\u0101p\u0113c, ka Apvienot\u0101s Karalistes bi\u013cetes autom\u0101tiski tiek iek\u013cautas Millionaire Maker izloz\u0113, kas sniedz papildu iesp\u0113ju laim\u0113t 1 miljona m\u0101rci\u0146u balvu.<\/p>\n<p>Millionaire Maker darbojas, katrai nopirktai bi\u013cetei \u0123ener\u0113jot unik\u0101lu kodu. \u0160is kods sast\u0101v no \u010detriem burtiem, kam seko pieci cipari (piem\u0113ram, ABCD12345). Katr\u0101 izloz\u0113 viens vai vair\u0101ki no \u0161iem kodiem tiek izv\u0113l\u0113ti nejau\u0161\u012bbas k\u0101rt\u0101, un bi\u013cetes \u012bpa\u0161nieks, kam ir atbilsto\u0161s kods, uzreiz vinn\u0113 \u00a31 miljonu neatkar\u012bgi no izloz\u0113tajiem galvenajiem EuroMillions skait\u013ciem.<\/p>\n<p>\u0160\u012b iesp\u0113ja padara EuroMillions sp\u0113l\u0113\u0161anu Apvienotaj\u0101 Karalist\u0113 \u012bpa\u0161i pievilc\u012bgu, jo t\u0101 sniedz papildu iesp\u0113ju laim\u0113t iev\u0113rojamu balvu papildus standarta d\u017eekpotam un zem\u0101ka l\u012bme\u0146a balv\u0101m.<\/p>\n","protected":false},"excerpt":{"rendered":"<p>Euro Millions ir Eiropas liel\u0101k\u0101 loterija. T\u0101 tika uzs\u0101kta 2004. gad\u0101, un bi\u013cetes var ieg\u0101d\u0101ties devi\u0146\u0101s Eiropas valst\u012bs, bet, ja esat no Latvijas, bi\u013cetes varat ieg\u0101d\u0101ties tie\u0161saist\u0113 \u0161eit. Ieg\u0101d\u0101jieties EuroMillions bi\u013ceti no Latvijas Vai esat gatavs s\u0101kt un ieg\u0101d\u0101ties EuroMillions bi\u013cetes tie\u0161saist\u0113? Ja esat, tad pirms iesaist\u012bties sp\u0113l\u0113, j\u016bs v\u0113laties uzzin\u0101t da\u017eas lietas par \u0161o [&hellip;]<\/p>\n","protected":false},"author":1,"featured_media":0,"parent":16999,"menu_order":3,"comment_status":"closed","ping_status":"closed","template":"euromillions-info.php","meta":{"_et_pb_use_builder":"","_et_pb_old_content":"","_et_gb_content_width":"","exclude_from_search":false,"footnotes":""},"class_list":["post-17001","page","type-page","status-publish","hentry"],"yoast_head":"<!-- This site is optimized with the Yoast SEO plugin v27.4 - https:\/\/yoast.com\/product\/yoast-seo-wordpress\/ -->\n<title>Nopirkt EuroMillions bi\u013cetes tie\u0161saist\u0113 no Latvijas<\/title>\n<meta name=\"description\" content=\"Inform\u0101cija par to, k\u0101 Latvijas iedz\u012bvot\u0101ji var ieg\u0101d\u0101ties &quot;EuroMillions&quot; bi\u013cetes tie\u0161saist\u0113. Euromillions loterij\u0101 ir Eirop\u0101 liel\u0101kais d\u017eekpots\" \/>\n<meta name=\"robots\" content=\"index, follow, max-snippet:-1, max-image-preview:large, max-video-preview:-1\" \/>\n<link rel=\"canonical\" href=\"https:\/\/redfoxlotto.com\/lv\/informacija\/euromillions\/\" \/>\n<meta property=\"og:locale\" content=\"lv_LV\" \/>\n<meta property=\"og:type\" content=\"article\" \/>\n<meta property=\"og:title\" content=\"Nopirkt EuroMillions bi\u013cetes tie\u0161saist\u0113 no Latvijas\" \/>\n<meta property=\"og:description\" content=\"Inform\u0101cija par to, k\u0101 Latvijas iedz\u012bvot\u0101ji var ieg\u0101d\u0101ties &quot;EuroMillions&quot; bi\u013cetes tie\u0161saist\u0113. Euromillions loterij\u0101 ir Eirop\u0101 liel\u0101kais d\u017eekpots\" \/>\n<meta property=\"og:url\" content=\"https:\/\/redfoxlotto.com\/lv\/informacija\/euromillions\/\" \/>\n<meta property=\"og:site_name\" content=\"Get Tickets for the World\u2019s largest jackpots\" \/>\n<meta property=\"article:modified_time\" content=\"2025-12-18T14:40:26+00:00\" \/>\n<meta property=\"og:image\" content=\"https:\/\/content.redfoxlotto.com\/uploads\/sites\/9\/1_buy_euromillions_online.jpg\" \/>\n<meta name=\"twitter:card\" content=\"summary_large_image\" \/>\n<meta name=\"twitter:label1\" content=\"Est. reading time\" \/>\n\t<meta name=\"twitter:data1\" content=\"5 minutes\" \/>\n<script type=\"application\/ld+json\" class=\"yoast-schema-graph\">{\"@context\":\"https:\\\/\\\/schema.org\",\"@graph\":[{\"@type\":\"WebPage\",\"@id\":\"https:\\\/\\\/redfoxlotto.com\\\/lv\\\/informacija\\\/euromillions\\\/\",\"url\":\"https:\\\/\\\/redfoxlotto.com\\\/lv\\\/informacija\\\/euromillions\\\/\",\"name\":\"Nopirkt EuroMillions bi\u013cetes tie\u0161saist\u0113 no Latvijas\",\"isPartOf\":{\"@id\":\"https:\\\/\\\/redfoxlotto.com\\\/lv\\\/#website\"},\"primaryImageOfPage\":{\"@id\":\"https:\\\/\\\/redfoxlotto.com\\\/lv\\\/informacija\\\/euromillions\\\/#primaryimage\"},\"image\":{\"@id\":\"https:\\\/\\\/redfoxlotto.com\\\/lv\\\/informacija\\\/euromillions\\\/#primaryimage\"},\"thumbnailUrl\":\"https:\\\/\\\/content.redfoxlotto.com\\\/uploads\\\/sites\\\/9\\\/1_buy_euromillions_online.jpg\",\"datePublished\":\"2018-11-18T08:54:25+00:00\",\"dateModified\":\"2025-12-18T14:40:26+00:00\",\"description\":\"Inform\u0101cija par to, k\u0101 Latvijas iedz\u012bvot\u0101ji var ieg\u0101d\u0101ties \\\"EuroMillions\\\" bi\u013cetes tie\u0161saist\u0113. Euromillions loterij\u0101 ir Eirop\u0101 liel\u0101kais d\u017eekpots\",\"breadcrumb\":{\"@id\":\"https:\\\/\\\/redfoxlotto.com\\\/lv\\\/informacija\\\/euromillions\\\/#breadcrumb\"},\"inLanguage\":\"lv-LV\",\"potentialAction\":[{\"@type\":\"ReadAction\",\"target\":[\"https:\\\/\\\/redfoxlotto.com\\\/lv\\\/informacija\\\/euromillions\\\/\"]}]},{\"@type\":\"ImageObject\",\"inLanguage\":\"lv-LV\",\"@id\":\"https:\\\/\\\/redfoxlotto.com\\\/lv\\\/informacija\\\/euromillions\\\/#primaryimage\",\"url\":\"https:\\\/\\\/content.redfoxlotto.com\\\/uploads\\\/sites\\\/9\\\/1_buy_euromillions_online.jpg\",\"contentUrl\":\"https:\\\/\\\/content.redfoxlotto.com\\\/uploads\\\/sites\\\/9\\\/1_buy_euromillions_online.jpg\"},{\"@type\":\"BreadcrumbList\",\"@id\":\"https:\\\/\\\/redfoxlotto.com\\\/lv\\\/informacija\\\/euromillions\\\/#breadcrumb\",\"itemListElement\":[{\"@type\":\"ListItem\",\"position\":1,\"name\":\"Home\",\"item\":\"https:\\\/\\\/redfoxlotto.com\\\/lv\\\/\"},{\"@type\":\"ListItem\",\"position\":2,\"name\":\"K\u0101 ieg\u0101d\u0101ties tie\u0161saistes loteriju bi\u013cetes \u2013 ieg\u0101des process\",\"item\":\"https:\\\/\\\/redfoxlotto.com\\\/lv\\\/informacija\\\/\"},{\"@type\":\"ListItem\",\"position\":3,\"name\":\"Par EuroMillions\"}]},{\"@type\":\"WebSite\",\"@id\":\"https:\\\/\\\/redfoxlotto.com\\\/lv\\\/#website\",\"url\":\"https:\\\/\\\/redfoxlotto.com\\\/lv\\\/\",\"name\":\"Get Tickets for the World\u2019s largest jackpots\",\"description\":\"Participate in worldwide lottery jackpots from any country\",\"publisher\":{\"@id\":\"https:\\\/\\\/redfoxlotto.com\\\/lv\\\/#organization\"},\"potentialAction\":[{\"@type\":\"SearchAction\",\"target\":{\"@type\":\"EntryPoint\",\"urlTemplate\":\"https:\\\/\\\/redfoxlotto.com\\\/lv\\\/?s={search_term_string}\"},\"query-input\":{\"@type\":\"PropertyValueSpecification\",\"valueRequired\":true,\"valueName\":\"search_term_string\"}}],\"inLanguage\":\"lv-LV\"},{\"@type\":\"Organization\",\"@id\":\"https:\\\/\\\/redfoxlotto.com\\\/lv\\\/#organization\",\"name\":\"Get Tickets for the World\u2019s largest jackpots\",\"url\":\"https:\\\/\\\/redfoxlotto.com\\\/lv\\\/\",\"logo\":{\"@type\":\"ImageObject\",\"inLanguage\":\"lv-LV\",\"@id\":\"https:\\\/\\\/redfoxlotto.com\\\/lv\\\/#\\\/schema\\\/logo\\\/image\\\/\",\"url\":\"https:\\\/\\\/redfoxlotto.com\\\/wp-content\\\/uploads\\\/2023\\\/04\\\/logo.png\",\"contentUrl\":\"https:\\\/\\\/redfoxlotto.com\\\/wp-content\\\/uploads\\\/2023\\\/04\\\/logo.png\",\"width\":269,\"height\":53,\"caption\":\"Get Tickets for the World\u2019s largest jackpots\"},\"image\":{\"@id\":\"https:\\\/\\\/redfoxlotto.com\\\/lv\\\/#\\\/schema\\\/logo\\\/image\\\/\"}}]}<\/script>\n<!-- \/ Yoast SEO plugin. -->","yoast_head_json":{"title":"Nopirkt EuroMillions bi\u013cetes tie\u0161saist\u0113 no Latvijas","description":"Inform\u0101cija par to, k\u0101 Latvijas iedz\u012bvot\u0101ji var ieg\u0101d\u0101ties \"EuroMillions\" bi\u013cetes tie\u0161saist\u0113. Euromillions loterij\u0101 ir Eirop\u0101 liel\u0101kais d\u017eekpots","robots":{"index":"index","follow":"follow","max-snippet":"max-snippet:-1","max-image-preview":"max-image-preview:large","max-video-preview":"max-video-preview:-1"},"canonical":"https:\/\/redfoxlotto.com\/lv\/informacija\/euromillions\/","og_locale":"lv_LV","og_type":"article","og_title":"Nopirkt EuroMillions bi\u013cetes tie\u0161saist\u0113 no Latvijas","og_description":"Inform\u0101cija par to, k\u0101 Latvijas iedz\u012bvot\u0101ji var ieg\u0101d\u0101ties \"EuroMillions\" bi\u013cetes tie\u0161saist\u0113. Euromillions loterij\u0101 ir Eirop\u0101 liel\u0101kais d\u017eekpots","og_url":"https:\/\/redfoxlotto.com\/lv\/informacija\/euromillions\/","og_site_name":"Get Tickets for the World\u2019s largest jackpots","article_modified_time":"2025-12-18T14:40:26+00:00","og_image":[{"url":"https:\/\/content.redfoxlotto.com\/uploads\/sites\/9\/1_buy_euromillions_online.jpg","type":"","width":"","height":""}],"twitter_card":"summary_large_image","twitter_misc":{"Est. reading time":"5 minutes"},"schema":{"@context":"https:\/\/schema.org","@graph":[{"@type":"WebPage","@id":"https:\/\/redfoxlotto.com\/lv\/informacija\/euromillions\/","url":"https:\/\/redfoxlotto.com\/lv\/informacija\/euromillions\/","name":"Nopirkt EuroMillions bi\u013cetes tie\u0161saist\u0113 no Latvijas","isPartOf":{"@id":"https:\/\/redfoxlotto.com\/lv\/#website"},"primaryImageOfPage":{"@id":"https:\/\/redfoxlotto.com\/lv\/informacija\/euromillions\/#primaryimage"},"image":{"@id":"https:\/\/redfoxlotto.com\/lv\/informacija\/euromillions\/#primaryimage"},"thumbnailUrl":"https:\/\/content.redfoxlotto.com\/uploads\/sites\/9\/1_buy_euromillions_online.jpg","datePublished":"2018-11-18T08:54:25+00:00","dateModified":"2025-12-18T14:40:26+00:00","description":"Inform\u0101cija par to, k\u0101 Latvijas iedz\u012bvot\u0101ji var ieg\u0101d\u0101ties \"EuroMillions\" bi\u013cetes tie\u0161saist\u0113. Euromillions loterij\u0101 ir Eirop\u0101 liel\u0101kais d\u017eekpots","breadcrumb":{"@id":"https:\/\/redfoxlotto.com\/lv\/informacija\/euromillions\/#breadcrumb"},"inLanguage":"lv-LV","potentialAction":[{"@type":"ReadAction","target":["https:\/\/redfoxlotto.com\/lv\/informacija\/euromillions\/"]}]},{"@type":"ImageObject","inLanguage":"lv-LV","@id":"https:\/\/redfoxlotto.com\/lv\/informacija\/euromillions\/#primaryimage","url":"https:\/\/content.redfoxlotto.com\/uploads\/sites\/9\/1_buy_euromillions_online.jpg","contentUrl":"https:\/\/content.redfoxlotto.com\/uploads\/sites\/9\/1_buy_euromillions_online.jpg"},{"@type":"BreadcrumbList","@id":"https:\/\/redfoxlotto.com\/lv\/informacija\/euromillions\/#breadcrumb","itemListElement":[{"@type":"ListItem","position":1,"name":"Home","item":"https:\/\/redfoxlotto.com\/lv\/"},{"@type":"ListItem","position":2,"name":"K\u0101 ieg\u0101d\u0101ties tie\u0161saistes loteriju bi\u013cetes \u2013 ieg\u0101des process","item":"https:\/\/redfoxlotto.com\/lv\/informacija\/"},{"@type":"ListItem","position":3,"name":"Par EuroMillions"}]},{"@type":"WebSite","@id":"https:\/\/redfoxlotto.com\/lv\/#website","url":"https:\/\/redfoxlotto.com\/lv\/","name":"Get Tickets for the World\u2019s largest jackpots","description":"Participate in worldwide lottery jackpots from any country","publisher":{"@id":"https:\/\/redfoxlotto.com\/lv\/#organization"},"potentialAction":[{"@type":"SearchAction","target":{"@type":"EntryPoint","urlTemplate":"https:\/\/redfoxlotto.com\/lv\/?s={search_term_string}"},"query-input":{"@type":"PropertyValueSpecification","valueRequired":true,"valueName":"search_term_string"}}],"inLanguage":"lv-LV"},{"@type":"Organization","@id":"https:\/\/redfoxlotto.com\/lv\/#organization","name":"Get Tickets for the World\u2019s largest jackpots","url":"https:\/\/redfoxlotto.com\/lv\/","logo":{"@type":"ImageObject","inLanguage":"lv-LV","@id":"https:\/\/redfoxlotto.com\/lv\/#\/schema\/logo\/image\/","url":"https:\/\/redfoxlotto.com\/wp-content\/uploads\/2023\/04\/logo.png","contentUrl":"https:\/\/redfoxlotto.com\/wp-content\/uploads\/2023\/04\/logo.png","width":269,"height":53,"caption":"Get Tickets for the World\u2019s largest jackpots"},"image":{"@id":"https:\/\/redfoxlotto.com\/lv\/#\/schema\/logo\/image\/"}}]}},"_links":{"self":[{"href":"https:\/\/redfoxlotto.com\/lv\/wp-json\/wp\/v2\/pages\/17001","targetHints":{"allow":["GET"]}}],"collection":[{"href":"https:\/\/redfoxlotto.com\/lv\/wp-json\/wp\/v2\/pages"}],"about":[{"href":"https:\/\/redfoxlotto.com\/lv\/wp-json\/wp\/v2\/types\/page"}],"author":[{"embeddable":true,"href":"https:\/\/redfoxlotto.com\/lv\/wp-json\/wp\/v2\/users\/1"}],"replies":[{"embeddable":true,"href":"https:\/\/redfoxlotto.com\/lv\/wp-json\/wp\/v2\/comments?post=17001"}],"version-history":[{"count":0,"href":"https:\/\/redfoxlotto.com\/lv\/wp-json\/wp\/v2\/pages\/17001\/revisions"}],"up":[{"embeddable":true,"href":"https:\/\/redfoxlotto.com\/lv\/wp-json\/wp\/v2\/pages\/16999"}],"wp:attachment":[{"href":"https:\/\/redfoxlotto.com\/lv\/wp-json\/wp\/v2\/media?parent=17001"}],"curies":[{"name":"wp","href":"https:\/\/api.w.org\/{rel}","templated":true}]}}