{"id":17000,"date":"2018-11-18T08:54:25","date_gmt":"2018-11-18T08:54:25","guid":{"rendered":"https:\/\/redfoxlotto.com\/?page_id=2291"},"modified":"2025-12-18T13:53:50","modified_gmt":"2025-12-18T13:53:50","slug":"eurojackpot","status":"publish","type":"page","link":"https:\/\/redfoxlotto.com\/lv\/informacija\/eurojackpot\/","title":{"rendered":"Par Eurojackpot"},"content":{"rendered":"<script type=\"application\/ld+json\">\r\n{\r\n  \"@context\": \"https:\/\/schema.org\",\r\n  \"@type\": \"Service\",\r\n  \"name\": \"Sp\u0113l\u0113jiet Eurojackpot tie\u0161saist\u0113\",\r\n  \"url\": \"https:\/\/redfoxlotto.com\/lv\/lotteries\/eurojackpot\/\",\r\n  \"description\": \"P\u0113rciet ofici\u0101los Eurojackpot loterijas bi\u013cetes tie\u0161saist\u0113 no jebkuras valsts. Apmekl\u0113jiet RedFoxLotto, izv\u0113lieties savus numurus un piedalieties n\u0101kamaj\u0101 izloz\u0113.\",\r\n  \"serviceType\": \"Tie\u0161saistes loterijas bi\u013ce\u0161u starpniec\u012bbas pakalpojums\",\r\n\r\n  \"provider\": {\r\n    \"@type\": \"Organization\",\r\n    \"name\": \"RedFoxLotto\",\r\n    \"url\": \"https:\/\/redfoxlotto.com\/lv\",\r\n    \"image\": \"https:\/\/redfoxlotto.com\/lv\/wp-content\/uploads\/2025\/12\/ticket_scans.jpg\",\r\n    \"sameAs\": []\r\n  },\r\n\r\n  \"areaServed\": \"Worldwide\",\r\n  \"termsOfService\": \"https:\/\/redfoxlotto.com\/terms-and-conditions\",\r\n\r\n  \"additionalProperty\": {\r\n    \"@type\": \"PropertyValue\",\r\n    \"name\": \"BUJ\",\r\n    \"value\": \"https:\/\/redfoxlotto.com\/lv\/faq\/\"\r\n  },\r\n\r\n  \"hasOfferCatalog\": {\r\n    \"@type\": \"OfferCatalog\",\r\n    \"name\": \"Eurojackpot bi\u013cetes\",\r\n    \"itemListElement\": [\r\n      {\r\n        \"@type\": \"Offer\",\r\n        \"name\": \"Eurojackpot bi\u013cetes\",\r\n        \"url\": \"https:\/\/redfoxlotto.com\/lv\/lotteries\/eurojackpot\",\r\n        \"description\": \"P\u0113rciet \u012bstas bi\u013cetes tie\u0161saist\u0113 n\u0101kamajai Eurojackpot izlozei RedFoxLotto vietn\u0113.\",\r\n        \"price\": \"6.00\",\r\n        \"priceCurrency\": \"\u20ac\",\r\n        \"availability\": \"https:\/\/schema.org\/InStock\",\r\n\r\n        \"itemOffered\": {\r\n          \"@type\": \"Service\",\r\n          \"name\": \"Eurojackpot loterijas bi\u013cetes\",\r\n          \"description\": \"Piedalieties n\u0101kamaj\u0101 Eurojackpot izloz\u0113 \u2013 p\u0113rkot bi\u013cetes tie\u0161saist\u0113 caur RedFoxLotto.\"\r\n        }\r\n      }\r\n    ]\r\n  },\r\n\r\n  \"mainEntityOfPage\": {\r\n    \"@type\": \"WebPage\",\r\n    \"@id\": \"https:\/\/redfoxlotto.com\/lv\/lotteries\/eurojackpot\/\"\r\n  }\r\n}\r\n<\/script>\r\n\r\n<p><!--more--><\/p><p>Eurojackpot ir bijis apk\u0101rt jau kop\u0161 2012. gada un tikai turpina k\u013c\u016bt ar vien popul\u0101r\u0101ks. Viens no iemesliem ir tas, ka \u0161\u012b loterija \u013coti \u0101tri palielina d\u017eekpota apjomu, un jums ir iesp\u0113ja laim\u0113t \u013coti lielu laimestu (m\u0113s par to parun\u0101sim v\u0113l\u0101k). Bi\u013cetes var ieg\u0101d\u0101ties 17 Eiropas valst\u012bs, kas piedal\u0101s loterij\u0101, kas to padara par lielisku loteriju \u0161\u012bm valst\u012bm, kas jau ir \u0161aj\u0101 re\u0123ion\u0101.<\/p><p><img decoding=\"async\" class=\"size-full wp-image alignright\" src=\"https:\/\/content.redfoxlotto.com\/uploads\/sites\/9\/1_ticket_eurojackpot2.jpg\" alt=\"eurojackpot\" \/><\/p><p>Bet k\u0101 ar cilv\u0113kiem no Latvijas, kuriem nav iesp\u0113ja aiziet uz veikalu un ieg\u0101d\u0101ties Eurojackpot bi\u013cetes? Tie\u0161saistes iepirk\u0161an\u0101s ir risin\u0101jums. J\u016bs varat ieg\u0101d\u0101ties savas Eurojackpot bi\u013cetes tie\u0161saist\u0113 no mums ar\u012b tad, ja dz\u012bvojat Latvij\u0101, nevis vien\u0101 no \u0161\u012bm Eiropas valst\u012bm.<\/p><h2 class=\"wp-block-heading\">D\u017eekpots<\/h2><p>Eurojackpot loterijai ir minim\u0101lais d\u017eekpots \u20ac10 miljonu apjom\u0101. Tas noteikti b\u016btu lielisks laimests jums un izmain\u012btu j\u016bsu dz\u012bvi, pareizi? Jums noteikti neb\u016btu probl\u0113mu ieg\u0101d\u0101ties lieliskas lietas ar \u0161\u0101du laimestu vai nomaks\u0101t par\u0101dus vai jebko citu. Bet tas ir tikai minimums. \u0160is laimesta apjoms var k\u013c\u016bt ar\u012b daudz liel\u0101ks. Paties\u012bb\u0101, maksim\u0101lais laimests var sasniegt \u20ac120 000 000. T\u0101 ir patie\u0161\u0101m liela summa un atst\u0101tu lielu ietekmi uz j\u016bsu dz\u012bvi, bet ja nu neviens to nelaim\u0113? Viss apjoms p\u0113c pirm\u0101 d\u017eekpota sasnieg\u0161anas tiek p\u0101rnests uz otr\u0101 l\u012bme\u0146a balvu klases.<\/p><p>Tas noz\u012bm\u0113, ka jums b\u016bs iesp\u0113ja laim\u0113t apjom\u012bgu d\u017eekpotu l\u012bdz tas sasniedz limitu. Bet p\u0113c tam j\u016bs redz\u0113siet, ka otr\u0101 l\u012bme\u0146a d\u017eekpots ar\u012b s\u0101k pieaugt. Tas noz\u012bm\u0113, ka j\u016bs varat ieg\u016bt lielu d\u017eekpotu, atminot maz\u0101k skait\u013cus, jo \u0161is otrais balvas l\u012bmenis k\u013c\u016bs par lielisku bonusu un otru iesp\u0113ju laim\u0113t lielu laimestu.<\/p><h2 class=\"wp-block-heading\">Eurojackpot noteikumi<\/h2><p>Ja j\u016bs v\u0113laties sp\u0113l\u0113t Eurojackpot Latvij\u0101, jums j\u0101p\u0101rliecin\u0101s, ka ir pareizs veids k\u0101 to dar\u012bt. J\u016bs v\u0113laties p\u0101rliecin\u0101ties, ka sp\u0113l\u0113jat \u0161o sp\u0113li pareizi un ka j\u016bsu bi\u013cete ir pareizi noform\u0113ta. Jums ir paveicies, jo \u0161\u012bs bi\u013cetes ir viegli aizpild\u012bt un jums neb\u016bs probl\u0113mu izv\u0113l\u0113ties tie\u0161i to, ko v\u0113laties.<\/p><p>Jums j\u0101izv\u0113las 5 galvenie skait\u013ci starp 1 un 50 un tad divi papildskait\u013ci no 1 l\u012bdz 12. T\u0101tad 5 galvenie skait\u013ci v\u0113l joproj\u0101m garant\u0113s jums lielu laimestu, pat ja j\u016bs neuzmin\u0113siet papildus skait\u013cus. Ir 12 da\u017e\u0101di balvu l\u012bme\u0146i.<\/p><p>Tas noz\u012bm\u0113, ka ir daudz da\u017e\u0101das kombin\u0101cijas, k\u0101 skait\u013ci var sakrist, kas sniegs jums laimestu. Iesp\u0113jams j\u016bs laim\u0113siet tikai nedaudz, lai nosegtu savas bi\u013cetes izmaksas vai varb\u016bt j\u016bs laim\u0113siet vair\u0101kus miljonus bez nepiecie\u0161am\u012bbas uzmin\u0113t piln\u012bgi visus skait\u013cus.<\/p><p>Protams, lai ieg\u016btu galveno balvu, jums j\u0101uzmin visi 5 pamatskait\u013ci un 2 papildskait\u013ci. Tas neb\u016bs vienk\u0101r\u0161i un tas notiek \u013coti reti, bet tas noteikti ir iesp\u0113jams. Tom\u0113r, k\u0101ds cilv\u0113ks \u0161os skait\u013cus uzmin\u0113s, pareizi? K\u0101p\u0113c lai gan \u0161is k\u0101ds nevar\u0113tu b\u016bt j\u016bs? M\u0113s dom\u0101jam, ka t\u0101 tie\u0161\u0101m var\u0113tu b\u016bt un viss, kas jums j\u0101izdara, ir j\u0101apskata loterijas noform\u0113\u0161anas so\u013ci un j\u0101sagatavojas to nopirkt.<\/p><h2 class=\"wp-block-heading\">Eurojackpot bi\u013ce\u0161u ieg\u0101de Latvij\u0101<\/h2><p><img decoding=\"async\" class=\"size-full wp-image alignright\" src=\"https:\/\/content.redfoxlotto.com\/uploads\/sites\/9\/1_eurojackpot_buy_ticket.jpg\" alt=\"nopirkt bi\u013ceti eurojackpot\" \/><\/p><p>Ja esat gatavi ieg\u0101d\u0101ties Eurojackpot bi\u013cetes tie\u0161saist\u0113, j\u016bs esat gatavi apskat\u012bt m\u016bsu sist\u0113mu un m\u0101jaslapu. Viss, kas jums j\u0101dara, ir j\u0101apskata m\u016bsu lapa, bet j\u016bs jau to dar\u0101t. Ko dar\u012bt t\u0101l\u0101k? Jums j\u0101iepaz\u012bstas ar da\u017e\u0101d\u0101m bi\u013cet\u0113m, kas ir pieejamas.<\/p><p>M\u0113s pied\u0101v\u0101jam lab\u0101k\u0101s bi\u013cetes un sp\u0113les, kas ir vispopul\u0101r\u0101k\u0101s, pied\u0101v\u0101jot jums visliel\u0101kos d\u017eekpotus. Tikl\u012bdz j\u016bs apskat\u012bsiet visas loterijas, var\u0113siet izlemt par labu Eurojackpot bi\u013cet\u0113m un m\u0113s j\u016bs aizved\u012bsim uz atsevi\u0161\u0137u lapu.<\/p><p>\u0160aj\u0101 lap\u0101 j\u016bs var\u0113siet iepaz\u012bties ar detaliz\u0113t\u0101ku inform\u0101ciju par Eurojackpot un jums b\u016bs iesp\u0113ja ieg\u0101d\u0101ties bi\u013cetes no Latvijas. J\u016bs varat izv\u0113l\u0113ties jebk\u0101du bi\u013ce\u0161u daudzumu, un varat izv\u0113l\u0113ties savus skait\u013cus. Kam\u0113r vien j\u016bsu skait\u013ci atbilst noteikumiem, par ko m\u0113s run\u0101j\u0101m augst\u0101k, tikm\u0113r j\u016bs varat izv\u0113l\u0113ties jebkuru skait\u013cu kombin\u0101ciju sav\u0101s bi\u013cet\u0113s.<\/p><p>Protams, ja j\u016bs nezinat, k\u0101dus skait\u013cus izv\u0113l\u0113ties, j\u016bs varat izv\u0113l\u0113ties \u0101tro izv\u0113les bi\u013ceti.<\/p><p>Ar \u0101tro izv\u0113li j\u016bs sa\u0146emsiet jaukt\u0101 sec\u012bb\u0101 uz\u0123ener\u0113tus skait\u013cus, kas atbilst noteikumiem. Tas \u013caus jums ieg\u0101d\u0101ties bi\u013ceti neuztraucoties par jebko citu. Ja v\u0113laties izv\u0113l\u0113ties da\u017eus skait\u013cus no visiem, bet nev\u0113laties izv\u0113l\u0113ties visus, j\u016bs varat kombin\u0113t abas metodes, kas noteikti atvieglos bi\u013cetes ieg\u0101des procesu.<\/p><h2 class=\"wp-block-heading\">Izveidojiet savu kontu<\/h2><p>Tikl\u012bdz jums b\u016bs visi skait\u013ci, j\u016bs varat vienk\u0101r\u0161i iziet cauri profila izveido\u0161anas procesam. Kad s\u0101ksiet veidot kontu, redz\u0113siet cik tas paties\u012bb\u0101 ir vienk\u0101r\u0161i, un viss, kas jums j\u0101dara, ir j\u0101aizpilda pamatinform\u0101cija par jums. \u0160\u012b inform\u0101cija nepiecie\u0161ama, lai j\u016bs var\u0113tu \u0113rti ieskait\u012bt naudu profil\u0101 un ieg\u0101d\u0101ties bi\u013cetes, k\u0101 ar\u012b lai var\u0113tu iz\u0146emt ieg\u016btos laimestus, kad uzvar\u0113siet.<\/p><p>Kad esat gatavi izv\u0113l\u0113ties savas bi\u013cetes no Latvijas, vienk\u0101r\u0161i ien\u0101ciet sist\u0113m\u0101 sav\u0101 profil\u0101 un j\u016bs var\u0113siet ieg\u0101d\u0101ties visas bi\u013cetes, ko v\u0113laties. Ja izmantosiet \u0101tr\u0101s izv\u0113les, tas b\u016bs pat v\u0113l vienk\u0101r\u0161\u0101k, un j\u016bs pat varat automatiz\u0113t bi\u013ce\u0161u ieg\u0101des procesu, lai tas notiktu regul\u0101ri, un j\u016bs piedal\u012btos vair\u0101k\u0101s izloz\u0113s. Tas noz\u012bm\u0113, ka jums neb\u016bs j\u0101uztraucas par papildus bi\u013ce\u0161u ieg\u0101di uz n\u0101kamaj\u0101m izloz\u0113m. J\u016bs vienk\u0101r\u0161i patur\u0113siet savu bi\u013ceti akt\u012bvu un b\u016bsiet gatavi sp\u0113l\u0113t.<\/p>","protected":false},"excerpt":{"rendered":"","protected":false},"author":1,"featured_media":0,"parent":16999,"menu_order":4,"comment_status":"closed","ping_status":"closed","template":"eurojackpot-info.php","meta":{"_et_pb_use_builder":"","_et_pb_old_content":"","_et_gb_content_width":"","exclude_from_search":false,"footnotes":""},"class_list":["post-17000","page","type-page","status-publish","hentry"],"yoast_head":"<!-- This site is optimized with the Yoast SEO plugin v23.8 - https:\/\/yoast.com\/wordpress\/plugins\/seo\/ -->\n<title>K\u0101 ieg\u0101d\u0101ties bi\u013cetes Eurojackpot tie\u0161saist\u0113 no Latvijas<\/title>\n<meta name=\"description\" content=\"Nopirkt Eurojackpot bi\u013cetes tie\u0161saist\u0113, ja dz\u012bvo Latvij\u0101. Izmantojiet m\u016bsu pakalpojumus, lai ieg\u016btu iesp\u0113ju laim\u0113t ar ofici\u0101lu Eurojackpot bi\u013ceti.\" \/>\n<meta name=\"robots\" content=\"index, follow, max-snippet:-1, max-image-preview:large, max-video-preview:-1\" \/>\n<link rel=\"canonical\" href=\"https:\/\/redfoxlotto.com\/lv\/informacija\/eurojackpot\/\" \/>\n<meta property=\"og:locale\" content=\"lv_LV\" \/>\n<meta property=\"og:type\" content=\"article\" \/>\n<meta property=\"og:title\" content=\"K\u0101 ieg\u0101d\u0101ties bi\u013cetes Eurojackpot tie\u0161saist\u0113 no Latvijas\" \/>\n<meta property=\"og:description\" content=\"Nopirkt Eurojackpot bi\u013cetes tie\u0161saist\u0113, ja dz\u012bvo Latvij\u0101. Izmantojiet m\u016bsu pakalpojumus, lai ieg\u016btu iesp\u0113ju laim\u0113t ar ofici\u0101lu Eurojackpot bi\u013ceti.\" \/>\n<meta property=\"og:url\" content=\"https:\/\/redfoxlotto.com\/lv\/informacija\/eurojackpot\/\" \/>\n<meta property=\"og:site_name\" content=\"Get Tickets for the World\u2019s largest jackpots\" \/>\n<meta property=\"article:modified_time\" content=\"2025-12-18T13:53:50+00:00\" \/>\n<meta property=\"og:image\" content=\"https:\/\/content.redfoxlotto.com\/uploads\/sites\/9\/1_ticket_eurojackpot2.jpg\" \/>\n<meta name=\"twitter:card\" content=\"summary_large_image\" \/>\n<meta name=\"twitter:label1\" content=\"Est. reading time\" \/>\n\t<meta name=\"twitter:data1\" content=\"4 minutes\" \/>\n<script type=\"application\/ld+json\" class=\"yoast-schema-graph\">{\"@context\":\"https:\/\/schema.org\",\"@graph\":[{\"@type\":\"WebPage\",\"@id\":\"https:\/\/redfoxlotto.com\/lv\/informacija\/eurojackpot\/\",\"url\":\"https:\/\/redfoxlotto.com\/lv\/informacija\/eurojackpot\/\",\"name\":\"K\u0101 ieg\u0101d\u0101ties bi\u013cetes Eurojackpot tie\u0161saist\u0113 no Latvijas\",\"isPartOf\":{\"@id\":\"https:\/\/redfoxlotto.com\/lv\/#website\"},\"primaryImageOfPage\":{\"@id\":\"https:\/\/redfoxlotto.com\/lv\/informacija\/eurojackpot\/#primaryimage\"},\"image\":{\"@id\":\"https:\/\/redfoxlotto.com\/lv\/informacija\/eurojackpot\/#primaryimage\"},\"thumbnailUrl\":\"https:\/\/content.redfoxlotto.com\/uploads\/sites\/9\/1_ticket_eurojackpot2.jpg\",\"datePublished\":\"2018-11-18T08:54:25+00:00\",\"dateModified\":\"2025-12-18T13:53:50+00:00\",\"description\":\"Nopirkt Eurojackpot bi\u013cetes tie\u0161saist\u0113, ja dz\u012bvo Latvij\u0101. Izmantojiet m\u016bsu pakalpojumus, lai ieg\u016btu iesp\u0113ju laim\u0113t ar ofici\u0101lu Eurojackpot bi\u013ceti.\",\"breadcrumb\":{\"@id\":\"https:\/\/redfoxlotto.com\/lv\/informacija\/eurojackpot\/#breadcrumb\"},\"inLanguage\":\"lv-LV\",\"potentialAction\":[{\"@type\":\"ReadAction\",\"target\":[\"https:\/\/redfoxlotto.com\/lv\/informacija\/eurojackpot\/\"]}]},{\"@type\":\"ImageObject\",\"inLanguage\":\"lv-LV\",\"@id\":\"https:\/\/redfoxlotto.com\/lv\/informacija\/eurojackpot\/#primaryimage\",\"url\":\"https:\/\/content.redfoxlotto.com\/uploads\/sites\/9\/1_ticket_eurojackpot2.jpg\",\"contentUrl\":\"https:\/\/content.redfoxlotto.com\/uploads\/sites\/9\/1_ticket_eurojackpot2.jpg\"},{\"@type\":\"BreadcrumbList\",\"@id\":\"https:\/\/redfoxlotto.com\/lv\/informacija\/eurojackpot\/#breadcrumb\",\"itemListElement\":[{\"@type\":\"ListItem\",\"position\":1,\"name\":\"Home\",\"item\":\"https:\/\/redfoxlotto.com\/lv\/\"},{\"@type\":\"ListItem\",\"position\":2,\"name\":\"K\u0101 ieg\u0101d\u0101ties tie\u0161saistes loteriju bi\u013cetes \u2013 ieg\u0101des process\",\"item\":\"https:\/\/redfoxlotto.com\/lv\/informacija\/\"},{\"@type\":\"ListItem\",\"position\":3,\"name\":\"Par Eurojackpot\"}]},{\"@type\":\"WebSite\",\"@id\":\"https:\/\/redfoxlotto.com\/lv\/#website\",\"url\":\"https:\/\/redfoxlotto.com\/lv\/\",\"name\":\"Get Tickets for the World\u2019s largest jackpots\",\"description\":\"Participate in worldwide lottery jackpots from any country\",\"publisher\":{\"@id\":\"https:\/\/redfoxlotto.com\/lv\/#organization\"},\"potentialAction\":[{\"@type\":\"SearchAction\",\"target\":{\"@type\":\"EntryPoint\",\"urlTemplate\":\"https:\/\/redfoxlotto.com\/lv\/?s={search_term_string}\"},\"query-input\":{\"@type\":\"PropertyValueSpecification\",\"valueRequired\":true,\"valueName\":\"search_term_string\"}}],\"inLanguage\":\"lv-LV\"},{\"@type\":\"Organization\",\"@id\":\"https:\/\/redfoxlotto.com\/lv\/#organization\",\"name\":\"Get Tickets for the World\u2019s largest jackpots\",\"url\":\"https:\/\/redfoxlotto.com\/lv\/\",\"logo\":{\"@type\":\"ImageObject\",\"inLanguage\":\"lv-LV\",\"@id\":\"https:\/\/redfoxlotto.com\/lv\/#\/schema\/logo\/image\/\",\"url\":\"https:\/\/redfoxlotto.com\/wp-content\/uploads\/2023\/04\/logo.png\",\"contentUrl\":\"https:\/\/redfoxlotto.com\/wp-content\/uploads\/2023\/04\/logo.png\",\"width\":269,\"height\":53,\"caption\":\"Get Tickets for the World\u2019s largest jackpots\"},\"image\":{\"@id\":\"https:\/\/redfoxlotto.com\/lv\/#\/schema\/logo\/image\/\"}}]}<\/script>\n<!-- \/ Yoast SEO plugin. -->","yoast_head_json":{"title":"K\u0101 ieg\u0101d\u0101ties bi\u013cetes Eurojackpot tie\u0161saist\u0113 no Latvijas","description":"Nopirkt Eurojackpot bi\u013cetes tie\u0161saist\u0113, ja dz\u012bvo Latvij\u0101. Izmantojiet m\u016bsu pakalpojumus, lai ieg\u016btu iesp\u0113ju laim\u0113t ar ofici\u0101lu Eurojackpot bi\u013ceti.","robots":{"index":"index","follow":"follow","max-snippet":"max-snippet:-1","max-image-preview":"max-image-preview:large","max-video-preview":"max-video-preview:-1"},"canonical":"https:\/\/redfoxlotto.com\/lv\/informacija\/eurojackpot\/","og_locale":"lv_LV","og_type":"article","og_title":"K\u0101 ieg\u0101d\u0101ties bi\u013cetes Eurojackpot tie\u0161saist\u0113 no Latvijas","og_description":"Nopirkt Eurojackpot bi\u013cetes tie\u0161saist\u0113, ja dz\u012bvo Latvij\u0101. Izmantojiet m\u016bsu pakalpojumus, lai ieg\u016btu iesp\u0113ju laim\u0113t ar ofici\u0101lu Eurojackpot bi\u013ceti.","og_url":"https:\/\/redfoxlotto.com\/lv\/informacija\/eurojackpot\/","og_site_name":"Get Tickets for the World\u2019s largest jackpots","article_modified_time":"2025-12-18T13:53:50+00:00","og_image":[{"url":"https:\/\/content.redfoxlotto.com\/uploads\/sites\/9\/1_ticket_eurojackpot2.jpg"}],"twitter_card":"summary_large_image","twitter_misc":{"Est. reading time":"4 minutes"},"schema":{"@context":"https:\/\/schema.org","@graph":[{"@type":"WebPage","@id":"https:\/\/redfoxlotto.com\/lv\/informacija\/eurojackpot\/","url":"https:\/\/redfoxlotto.com\/lv\/informacija\/eurojackpot\/","name":"K\u0101 ieg\u0101d\u0101ties bi\u013cetes Eurojackpot tie\u0161saist\u0113 no Latvijas","isPartOf":{"@id":"https:\/\/redfoxlotto.com\/lv\/#website"},"primaryImageOfPage":{"@id":"https:\/\/redfoxlotto.com\/lv\/informacija\/eurojackpot\/#primaryimage"},"image":{"@id":"https:\/\/redfoxlotto.com\/lv\/informacija\/eurojackpot\/#primaryimage"},"thumbnailUrl":"https:\/\/content.redfoxlotto.com\/uploads\/sites\/9\/1_ticket_eurojackpot2.jpg","datePublished":"2018-11-18T08:54:25+00:00","dateModified":"2025-12-18T13:53:50+00:00","description":"Nopirkt Eurojackpot bi\u013cetes tie\u0161saist\u0113, ja dz\u012bvo Latvij\u0101. Izmantojiet m\u016bsu pakalpojumus, lai ieg\u016btu iesp\u0113ju laim\u0113t ar ofici\u0101lu Eurojackpot bi\u013ceti.","breadcrumb":{"@id":"https:\/\/redfoxlotto.com\/lv\/informacija\/eurojackpot\/#breadcrumb"},"inLanguage":"lv-LV","potentialAction":[{"@type":"ReadAction","target":["https:\/\/redfoxlotto.com\/lv\/informacija\/eurojackpot\/"]}]},{"@type":"ImageObject","inLanguage":"lv-LV","@id":"https:\/\/redfoxlotto.com\/lv\/informacija\/eurojackpot\/#primaryimage","url":"https:\/\/content.redfoxlotto.com\/uploads\/sites\/9\/1_ticket_eurojackpot2.jpg","contentUrl":"https:\/\/content.redfoxlotto.com\/uploads\/sites\/9\/1_ticket_eurojackpot2.jpg"},{"@type":"BreadcrumbList","@id":"https:\/\/redfoxlotto.com\/lv\/informacija\/eurojackpot\/#breadcrumb","itemListElement":[{"@type":"ListItem","position":1,"name":"Home","item":"https:\/\/redfoxlotto.com\/lv\/"},{"@type":"ListItem","position":2,"name":"K\u0101 ieg\u0101d\u0101ties tie\u0161saistes loteriju bi\u013cetes \u2013 ieg\u0101des process","item":"https:\/\/redfoxlotto.com\/lv\/informacija\/"},{"@type":"ListItem","position":3,"name":"Par Eurojackpot"}]},{"@type":"WebSite","@id":"https:\/\/redfoxlotto.com\/lv\/#website","url":"https:\/\/redfoxlotto.com\/lv\/","name":"Get Tickets for the World\u2019s largest jackpots","description":"Participate in worldwide lottery jackpots from any country","publisher":{"@id":"https:\/\/redfoxlotto.com\/lv\/#organization"},"potentialAction":[{"@type":"SearchAction","target":{"@type":"EntryPoint","urlTemplate":"https:\/\/redfoxlotto.com\/lv\/?s={search_term_string}"},"query-input":{"@type":"PropertyValueSpecification","valueRequired":true,"valueName":"search_term_string"}}],"inLanguage":"lv-LV"},{"@type":"Organization","@id":"https:\/\/redfoxlotto.com\/lv\/#organization","name":"Get Tickets for the World\u2019s largest jackpots","url":"https:\/\/redfoxlotto.com\/lv\/","logo":{"@type":"ImageObject","inLanguage":"lv-LV","@id":"https:\/\/redfoxlotto.com\/lv\/#\/schema\/logo\/image\/","url":"https:\/\/redfoxlotto.com\/wp-content\/uploads\/2023\/04\/logo.png","contentUrl":"https:\/\/redfoxlotto.com\/wp-content\/uploads\/2023\/04\/logo.png","width":269,"height":53,"caption":"Get Tickets for the World\u2019s largest jackpots"},"image":{"@id":"https:\/\/redfoxlotto.com\/lv\/#\/schema\/logo\/image\/"}}]}},"_links":{"self":[{"href":"https:\/\/redfoxlotto.com\/lv\/wp-json\/wp\/v2\/pages\/17000","targetHints":{"allow":["GET"]}}],"collection":[{"href":"https:\/\/redfoxlotto.com\/lv\/wp-json\/wp\/v2\/pages"}],"about":[{"href":"https:\/\/redfoxlotto.com\/lv\/wp-json\/wp\/v2\/types\/page"}],"author":[{"embeddable":true,"href":"https:\/\/redfoxlotto.com\/lv\/wp-json\/wp\/v2\/users\/1"}],"replies":[{"embeddable":true,"href":"https:\/\/redfoxlotto.com\/lv\/wp-json\/wp\/v2\/comments?post=17000"}],"version-history":[{"count":0,"href":"https:\/\/redfoxlotto.com\/lv\/wp-json\/wp\/v2\/pages\/17000\/revisions"}],"up":[{"embeddable":true,"href":"https:\/\/redfoxlotto.com\/lv\/wp-json\/wp\/v2\/pages\/16999"}],"wp:attachment":[{"href":"https:\/\/redfoxlotto.com\/lv\/wp-json\/wp\/v2\/media?parent=17000"}],"curies":[{"name":"wp","href":"https:\/\/api.w.org\/{rel}","templated":true}]}}