{"id":16999,"date":"2023-04-24T14:12:24","date_gmt":"2023-04-24T14:12:24","guid":{"rendered":"https:\/\/redfoxlotto.com\/?page_id=2289"},"modified":"2025-12-18T09:50:10","modified_gmt":"2025-12-18T09:50:10","slug":"informacija","status":"publish","type":"page","link":"https:\/\/redfoxlotto.com\/lv\/informacija\/","title":{"rendered":"K\u0101 ieg\u0101d\u0101ties tie\u0161saistes loteriju bi\u013cetes \u2013 ieg\u0101des process"},"content":{"rendered":"<script type=\"application\/ld+json\">\r\n{\r\n  \"@context\": \"https:\/\/schema.org\",\r\n  \"@type\": \"Service\",\r\n  \"name\": \"P\u0113rciet loterijas bi\u013cetes tie\u0161saist\u0113\",\r\n  \"url\": \"https:\/\/redfoxlotto.com\/lv\/lotteries\/\",\r\n  \"description\": \"P\u0113rciet loterijas bi\u013cetes tie\u0161saist\u0113 \u2013 plan\u0113tas lab\u0101k\u0101s loterijas pieejamas \u0161eit.\",\r\n  \"serviceType\": \"Tie\u0161saistes loterijas bi\u013ce\u0161u pieg\u0101des pakalpojums\",\r\n\r\n  \"provider\": {\r\n    \"@type\": \"Organization\",\r\n    \"name\": \"RedFoxLotto\",\r\n    \"url\": \"https:\/\/redfoxlotto.com\/lv\/\",\r\n    \"image\": \"https:\/\/redfoxlotto.com\/wp-content\/uploads\/2025\/12\/ticket_scans.jpg\"\r\n  },\r\n\r\n  \"areaServed\": \"Worldwide\",\r\n  \"termsOfService\": \"https:\/\/redfoxlotto.com\/terms-and-conditions\",\r\n\r\n  \"additionalProperty\": {\r\n    \"@type\": \"PropertyValue\",\r\n    \"name\": \"FAQ\",\r\n    \"value\": \"https:\/\/redfoxlotto.com\/lv\/faq\/\"\r\n  },\r\n\r\n  \"hasOfferCatalog\": {\r\n    \"@type\": \"OfferCatalog\",\r\n    \"name\": \"Pasaules loterijas bi\u013cetes\",\r\n    \"itemListElement\": [\r\n      {\r\n        \"@type\": \"Offer\",\r\n        \"name\": \"Loterijas bi\u013cetes\",\r\n        \"url\": \"https:\/\/redfoxlotto.com\/lv\/lotteries\/\",\r\n        \"description\": \"Pasaules loterijas bi\u013ce\u0161u pirk\u0161ana tie\u0161saist\u0113 ir dro\u0161a un vienk\u0101r\u0161a \u2013 \u0161\u0101di tas darbojas.\",\r\n        \"availability\": \"https:\/\/schema.org\/InStock\",\r\n\r\n        \"itemOffered\": {\r\n          \"@type\": \"Service\",\r\n          \"name\": \"Tie\u0161saistes loterijas bi\u013cetes\",\r\n          \"description\": \"Piedalieties pasaules liel\u0101kajos loterijas d\u017eekpotos \u2013 p\u0113rkot bi\u013cetes tie\u0161saist\u0113 caur RedFoxLotto.\"\r\n        }\r\n      }\r\n    ]\r\n  },\r\n\r\n  \"mainEntityOfPage\": {\r\n    \"@type\": \"WebPage\",\r\n    \"@id\": \"https:\/\/redfoxlotto.com\/lv\/lotteries\/\"\r\n  }\r\n}\r\n<\/script>\r\n\r\n<p><!--more--><\/p><p>Vai esat gatavi ieg\u0101d\u0101ties loterijas bi\u013cetes no jebkuras valsts pasaul\u0113? Vai varb\u016bt v\u0113l neesat p\u0101rliecin\u0101ti, ka esat gatavi. Varb\u016bt neesat p\u0101rliecin\u0101ti par to, vai tas jums b\u016bs jautri. Vai varb\u016bt j\u016bs nezinat k\u0101ds ir \u0161is process.<\/p><p><img decoding=\"async\" class=\"size-full wp-image alignright\" src=\"https:\/\/content.redfoxlotto.com\/uploads\/sites\/9\/1_lottery_ticket.jpg\" alt=\"K\u0101 ieg\u0101d\u0101ties loterijas bi\u013cetes tie\u0161saist\u0113\"><\/p><p>M\u016bsu m\u0101jaslap\u0101 j\u016bs varat ieg\u0101d\u0101ties loterijas bi\u013cetes tie\u0161saist\u0113 uz vis\u0101m liel\u0101kaj\u0101m loterij\u0101m pasaul\u0113, ne tikai bi\u013cetes, kuras j\u016bs parasti ieg\u0101d\u0101jaties sav\u0101 viet\u0113j\u0101 pils\u0113t\u0101. M\u0113s pied\u0101v\u0101jam t\u0101das loterijas k\u0101 Mega Millions un Powerball no ASV, EuroMillions, eurojackpot, El Gordo un La Primitiva no Sp\u0101nijas, Superenalotto no It\u0101lijas un v\u0113l daudz citas.<\/p><p>Papildus ieguvums p\u0113rkot bi\u013cetes no m\u016bsu tie\u0161saistes sist\u0113mas ir t\u0101ds, ka j\u016bs varat ieg\u0101d\u0101ties bi\u013cetes vienk\u0101r\u0161os \u010detros so\u013cos. Jums nav j\u0101uztrauc\u0101s par visu sare\u017e\u0123\u012bto procesu, lai ieg\u0101d\u0101tus bi\u013cetes pavisam cit\u0101 valst\u012b. Ieg\u0101d\u0101joties bi\u013cetes tie\u0161saist\u0113, j\u016bs \u0161o procesu iev\u0113rojami atvieglojat.<\/p><p>Zem\u0101k detaliz\u0113t\u0101ks p\u0101rskats par to, k\u0101 notiek loteriju ieg\u0101de tie\u0161saist\u0113 \u010detros vienk\u0101r\u0161os so\u013cos:<\/p><h2 class=\"wp-block-heading\">1. solis &#8211; Izv\u0113lieties loteriju<\/h2><p>Izv\u0113lies loteriju, ko v\u0113lies ieg\u0101d\u0101ties RedFoxLotto.com. M\u016bsu m\u0101jaslap\u0101 j\u016bs varat apskat\u012bt da\u017e\u0101das loterijas, kas sak\u0101rtotas p\u0113c \u0161obr\u012bd pieejamu d\u017eekpotu apjoma. T\u0101dej\u0101di j\u016bs varat izv\u0113l\u0113ties loterijas, kuras ir visizdev\u012bg\u0101k ieg\u0101d\u0101ties un varat pat apskat\u012bt papildus inform\u0101ciju par da\u017e\u0101d\u0101m loterij\u0101m, lai atrastu par t\u0101m vir\u0101k inform\u0101ciju.<br>Ja apmekl\u0113siet katras loterijas lapu, j\u016bs var\u0113siet apskat\u012bt izlozes datumu, cik skait\u013cus izloz\u0113 un k\u0101ds ir izlozes process. L\u012bdz ar to, j\u016bs vienm\u0113r b\u016bsiet lietas kurs\u0101 par konkr\u0113toloteriju.<\/p><h2 class=\"wp-block-heading\">2. solis &#8211; Izv\u0113lieties skait\u013cus<\/h2><p>Izmantojiet peli, lai izv\u0113l\u0113tos sev v\u0113lamos skait\u013cus. Kast\u012btes par\u0101d\u012bs, cik daudz skait\u013cus nepiecie\u0161ams izv\u0113l\u0113ties un ar\u012b to, vai loterij\u0101 ir k\u0101ds \u012bpa\u0161ais skaitlis (piem\u0113ram Powerball vai Mega skaitlis). Ja j\u016bs nev\u0113laties izv\u0113l\u0113ties savus skait\u013cus, varat izmantot m\u016bsu &#8220;\u0100tr\u0101 Izv\u0113le&#8221; funkciju, lai izv\u0113l\u0113tos skait\u013cus jautk\u0101 k\u0101rt\u012bb\u0101.<\/p><p>Tikl\u012bdz b\u016bsiet izv\u0113l\u0113ju\u0161ies jautkas sec\u012bbs skait\u013cus, j\u016bs v\u0113l var\u0113siet tos piekori\u0123\u0113t. Piem\u0113ram, ja redz\u0113siet 2 skait\u013cus, kas jums nepat\u012bk, j\u016bs tos var\u0113siet samain\u012bt pret citiem. J\u016bs varat ar\u012b ievad\u012bt da\u017eus savus skait\u013cus vispirms un tad izv\u0113l\u0113ties \u0101tro izv\u0113li, lai aizpild\u012btu tr\u016bksto\u0161os skait\u013cus.<br>Jums nav j\u0101uztrauc\u0101s par to, ka b\u016btu izv\u0113l\u0113ts nepietiekams daudzums skait\u013cu, vai p\u0101r\u0101k daudz skait\u013cu. T\u0101dos gad\u012bjumos m\u016bsu sist\u0113ma j\u016bs br\u012bdin\u0101s un liks no\u0146emt vai pievienot papildus skait\u013cus, pirms ieg\u0101d\u0101sieties bi\u013cetes. Tas ir tie\u0161i tik vienk\u0101r\u0161i.<\/p><p>J\u016bs varat ieg\u0101d\u0101ties vair\u0101k bi\u013cetes uz cit\u0101m loterij\u0101m, un pievienot t\u0101s savam pas\u016bt\u012bjumam. Kad j\u016bs pabeigsiet visas bi\u013cetes, uzspiediet uz &#8220;Maks\u0101t Tagad.&#8221; J\u016bs varat ieg\u0101d\u0101ties vair\u0101kas bi\u013cetes vienai loterija vai ar\u012b vair\u0101kas bi\u013cetes no da\u017e\u0101d\u0101m loteriju kombin\u0101cij\u0101m j\u016bsu groz\u0101 \u0161\u012b procesa beig\u0101s, un veikt apmaksu par t\u0101m vis\u0101m kop\u0101 vien\u0101 maks\u0101jum\u0101.<\/p><h2 class=\"wp-block-heading\">3. solis &#8211; Re\u0123istr\u0113jieties vai Ien\u0101ciet<\/h2><p>Tagad jums ir j\u0101piere\u0123istr\u0113 klienta konts ar mums, lai ieg\u0101d\u0101tos loterijas tie\u0161saist\u0113. Lai to izdar\u012btu, mums vajadz\u012bga j\u016bsu inform\u0101cija. Tas ir nepiecie\u0161ams j\u016bsu pa\u0161u dro\u0161\u012bbai, jo j\u016bs noteikti v\u0113laties sa\u0146emt notifik\u0101cijas zi\u0146as, ja gad\u012bjum\u0101 b\u016bsiet laim\u0113ju\u0161i. Ja j\u016bs jau esat re\u0123istr\u0113ju\u0161ies m\u016bsu sist\u0113m\u0101, tad vienk\u0101r\u0161i ien\u0101ciet ar savu autoriz\u0101cijas inform\u0101ciju. Ja esat aizmirsu\u0161i paroli, l\u016bdzu izmantojiet &#8220;Aizmirsu paroli&#8221; funkciju.<\/p><h2 class=\"wp-block-heading\">4. solis \u2013 Veiciet apmaksu<\/h2><p>J\u016bsu klienta kont\u0101, izv\u0113lieties maks\u0101juma veidu, kas jums ir vis\u0113rt\u0101kais. M\u0113s pied\u0101v\u0101jam da\u017e\u0101dus maks\u0101jumu veidus atkar\u012bb\u0101 no j\u016bsu valsts. Mastercard, Visa, tie\u0161ais bankas p\u0101rskait\u012bjums, Bitcoin, Neteller, Skrill vai Paysafecard ir da\u017ei no vair\u0101kiem veidiem k\u0101 veikt apmaksu. Vienk\u0101r\u0161i izv\u0113lieties vienu, ko v\u0113laties un nospiediet ieg\u0101des pogu.<\/p><p><img decoding=\"async\" class=\"size-full wp-image alignright\" src=\"https:\/\/content.redfoxlotto.com\/uploads\/sites\/9\/1_buy_lottery_online.jpg\" alt=\"maksas bi\u013cete tie\u0161saist\u0113\"><\/p><p>P\u0113c maks\u0101juma, j\u016bs sa\u0146emsiet epastu, kas apstiprin\u0101s j\u016bsu pirkumu uz j\u016bsu re\u0123istr\u0113to epasta adresi. T\u0101d\u0101 veid\u0101 j\u016bs varat p\u0101rliecin\u0101ties, ka maks\u0101jums ir veikts un j\u016bs esat gatavi piedal\u012bties izloz\u0113.<\/p><p>Tikl\u012bdz j\u016bs b\u016bsiet re\u0123istr\u0113ju\u0161ies, jums b\u016bs iesp\u0113ja ar\u012b pievienot naudu savam kontam, lai atvieglotu bi\u013ce\u0161u ieg\u0101des procesu v\u0113l\u0101k. Tas ir \u013coti vienk\u0101r\u0161s process, jo m\u0113s v\u0113lamies p\u0157liecin\u0101ties, ka j\u016bs varat ieg\u0101d\u0101ties bi\u013cetes \u0101tri un vienk\u0101r\u0161i. Protams, j\u016bs varat ar\u012b pievienot k\u0101das loterijas bi\u013cetes savam iepirkumu grozam un tad veikt apmaksu par \u0161\u012bm bi\u013cet\u0113m, lai pabeigtu savu pas\u016bt\u012bjumu.<\/p><p>\u010cetri so\u013ci un p\u0101ris min\u016btes, un j\u016bs b\u016bsiet gatavi piedal\u012bties izloz\u0113. Un jums nav j\u0101uztraucas par nokav\u0113tu laimestu, jo m\u0113s jums dosim zi\u0146u uzreiz, ja b\u016bsiet ko laim\u0113ju\u0161i.<\/p><p>Protams, ja v\u0113laties p\u0101rbaud\u012bt rezult\u0101tus pa\u0161i, j\u016bs vienm\u0113r varat doties uz savu kontu, kad vien v\u0113laties un redz\u0113siet visas bi\u013cetes, kuras esat ieg\u0101d\u0101ju\u0161ies un uz k\u0101d\u0101m loteriju izloz\u0113m.<\/p><h2 class=\"wp-block-heading\">P\u0113c bi\u013ce\u0161u ieg\u0101des tie\u0161saist\u0113<\/h2><p>Ja b\u016bsiet laim\u0113ju\u0161i jebko vai da\u017ei no skait\u013ciem b\u016bs sakritu\u0161i un izloz\u0113ti, m\u0113s jums par\u0101d\u012bsim izloz\u0113tos skait\u013cus, kas sakrita, un pazi\u0146osim jums par laimestu j\u016bsu kont\u0101. Ja ieg\u016btais laimests b\u016bs maz\u0101ks nek\u0101 \u20ac2500, j\u016bs \u0161o apjomu sa\u0146emsiet sav\u0101 sp\u0113l\u0113t\u0101ja kont\u0101 uzreiz. Tad jums b\u016bs iesp\u0113ja to iz\u0146emt, vai izmantot \u0161o summu, lai ieg\u0101d\u0101tos jaunas bi\u013cetes. M\u0113s ar\u012b apstr\u0101d\u0101sim visos lielos laimestus priek\u0161 jums \u2013 \u0161eit process ir tikai nedaudz cit\u0101d\u0101ks.<\/p><p>Sp\u0113l\u0113t loto ar mums ir tie\u0161i tik vienk\u0101r\u0161i, un tas b\u016bs aizraujo\u0161\u0101k par jebko citu, ko esat pirms tam sp\u0113l\u0113ju\u0161i, jo jums b\u016bs daudz pla\u0161\u0101kas izv\u0113les iesp\u0113jas.<\/p>","protected":false},"excerpt":{"rendered":"","protected":false},"author":1,"featured_media":0,"parent":0,"menu_order":3,"comment_status":"closed","ping_status":"closed","template":"Information.php","meta":{"_et_pb_use_builder":"","_et_pb_old_content":"","_et_gb_content_width":"","exclude_from_search":false,"footnotes":""},"class_list":["post-16999","page","type-page","status-publish","hentry"],"yoast_head":"<!-- This site is optimized with the Yoast SEO plugin v23.8 - https:\/\/yoast.com\/wordpress\/plugins\/seo\/ -->\n<title>K\u0101 j\u016bs varat ieg\u0101d\u0101ties loterijas bi\u013cetes tie\u0161saist\u0113?<\/title>\n<meta name=\"description\" content=\"Tas ir dro\u0161i, leg\u0101li un \u0113rti, ieg\u0101d\u0101ties loterijas bi\u013cetes uz pasaules loterij\u0101m \u2013 te inform\u0101cija par to, k\u0101 tas str\u0101d\u0101!\" \/>\n<meta name=\"robots\" content=\"index, follow, max-snippet:-1, max-image-preview:large, max-video-preview:-1\" \/>\n<link rel=\"canonical\" href=\"https:\/\/redfoxlotto.com\/lv\/informacija\/\" \/>\n<meta property=\"og:locale\" content=\"lv_LV\" \/>\n<meta property=\"og:type\" content=\"article\" \/>\n<meta property=\"og:title\" content=\"K\u0101 j\u016bs varat ieg\u0101d\u0101ties loterijas bi\u013cetes tie\u0161saist\u0113?\" \/>\n<meta property=\"og:description\" content=\"Tas ir dro\u0161i, leg\u0101li un \u0113rti, ieg\u0101d\u0101ties loterijas bi\u013cetes uz pasaules loterij\u0101m \u2013 te inform\u0101cija par to, k\u0101 tas str\u0101d\u0101!\" \/>\n<meta property=\"og:url\" content=\"https:\/\/redfoxlotto.com\/lv\/informacija\/\" \/>\n<meta property=\"og:site_name\" content=\"Get Tickets for the World\u2019s largest jackpots\" \/>\n<meta property=\"article:modified_time\" content=\"2025-12-18T09:50:10+00:00\" \/>\n<meta property=\"og:image\" content=\"https:\/\/content.redfoxlotto.com\/uploads\/sites\/9\/1_lottery_ticket.jpg\" \/>\n<meta name=\"twitter:card\" content=\"summary_large_image\" \/>\n<meta name=\"twitter:label1\" content=\"Est. reading time\" \/>\n\t<meta name=\"twitter:data1\" content=\"4 minutes\" \/>\n<script type=\"application\/ld+json\" class=\"yoast-schema-graph\">{\"@context\":\"https:\/\/schema.org\",\"@graph\":[{\"@type\":\"WebPage\",\"@id\":\"https:\/\/redfoxlotto.com\/lv\/informacija\/\",\"url\":\"https:\/\/redfoxlotto.com\/lv\/informacija\/\",\"name\":\"K\u0101 j\u016bs varat ieg\u0101d\u0101ties loterijas bi\u013cetes tie\u0161saist\u0113?\",\"isPartOf\":{\"@id\":\"https:\/\/redfoxlotto.com\/lv\/#website\"},\"primaryImageOfPage\":{\"@id\":\"https:\/\/redfoxlotto.com\/lv\/informacija\/#primaryimage\"},\"image\":{\"@id\":\"https:\/\/redfoxlotto.com\/lv\/informacija\/#primaryimage\"},\"thumbnailUrl\":\"https:\/\/content.redfoxlotto.com\/uploads\/sites\/9\/1_lottery_ticket.jpg\",\"datePublished\":\"2023-04-24T14:12:24+00:00\",\"dateModified\":\"2025-12-18T09:50:10+00:00\",\"description\":\"Tas ir dro\u0161i, leg\u0101li un \u0113rti, ieg\u0101d\u0101ties loterijas bi\u013cetes uz pasaules loterij\u0101m \u2013 te inform\u0101cija par to, k\u0101 tas str\u0101d\u0101!\",\"breadcrumb\":{\"@id\":\"https:\/\/redfoxlotto.com\/lv\/informacija\/#breadcrumb\"},\"inLanguage\":\"lv-LV\",\"potentialAction\":[{\"@type\":\"ReadAction\",\"target\":[\"https:\/\/redfoxlotto.com\/lv\/informacija\/\"]}]},{\"@type\":\"ImageObject\",\"inLanguage\":\"lv-LV\",\"@id\":\"https:\/\/redfoxlotto.com\/lv\/informacija\/#primaryimage\",\"url\":\"https:\/\/content.redfoxlotto.com\/uploads\/sites\/9\/1_lottery_ticket.jpg\",\"contentUrl\":\"https:\/\/content.redfoxlotto.com\/uploads\/sites\/9\/1_lottery_ticket.jpg\"},{\"@type\":\"BreadcrumbList\",\"@id\":\"https:\/\/redfoxlotto.com\/lv\/informacija\/#breadcrumb\",\"itemListElement\":[{\"@type\":\"ListItem\",\"position\":1,\"name\":\"Home\",\"item\":\"https:\/\/redfoxlotto.com\/lv\/\"},{\"@type\":\"ListItem\",\"position\":2,\"name\":\"K\u0101 ieg\u0101d\u0101ties tie\u0161saistes loteriju bi\u013cetes \u2013 ieg\u0101des process\"}]},{\"@type\":\"WebSite\",\"@id\":\"https:\/\/redfoxlotto.com\/lv\/#website\",\"url\":\"https:\/\/redfoxlotto.com\/lv\/\",\"name\":\"Get Tickets for the World\u2019s largest jackpots\",\"description\":\"Participate in worldwide lottery jackpots from any country\",\"publisher\":{\"@id\":\"https:\/\/redfoxlotto.com\/lv\/#organization\"},\"potentialAction\":[{\"@type\":\"SearchAction\",\"target\":{\"@type\":\"EntryPoint\",\"urlTemplate\":\"https:\/\/redfoxlotto.com\/lv\/?s={search_term_string}\"},\"query-input\":{\"@type\":\"PropertyValueSpecification\",\"valueRequired\":true,\"valueName\":\"search_term_string\"}}],\"inLanguage\":\"lv-LV\"},{\"@type\":\"Organization\",\"@id\":\"https:\/\/redfoxlotto.com\/lv\/#organization\",\"name\":\"Get Tickets for the World\u2019s largest jackpots\",\"url\":\"https:\/\/redfoxlotto.com\/lv\/\",\"logo\":{\"@type\":\"ImageObject\",\"inLanguage\":\"lv-LV\",\"@id\":\"https:\/\/redfoxlotto.com\/lv\/#\/schema\/logo\/image\/\",\"url\":\"https:\/\/redfoxlotto.com\/wp-content\/uploads\/2023\/04\/logo.png\",\"contentUrl\":\"https:\/\/redfoxlotto.com\/wp-content\/uploads\/2023\/04\/logo.png\",\"width\":269,\"height\":53,\"caption\":\"Get Tickets for the World\u2019s largest jackpots\"},\"image\":{\"@id\":\"https:\/\/redfoxlotto.com\/lv\/#\/schema\/logo\/image\/\"}}]}<\/script>\n<!-- \/ Yoast SEO plugin. -->","yoast_head_json":{"title":"K\u0101 j\u016bs varat ieg\u0101d\u0101ties loterijas bi\u013cetes tie\u0161saist\u0113?","description":"Tas ir dro\u0161i, leg\u0101li un \u0113rti, ieg\u0101d\u0101ties loterijas bi\u013cetes uz pasaules loterij\u0101m \u2013 te inform\u0101cija par to, k\u0101 tas str\u0101d\u0101!","robots":{"index":"index","follow":"follow","max-snippet":"max-snippet:-1","max-image-preview":"max-image-preview:large","max-video-preview":"max-video-preview:-1"},"canonical":"https:\/\/redfoxlotto.com\/lv\/informacija\/","og_locale":"lv_LV","og_type":"article","og_title":"K\u0101 j\u016bs varat ieg\u0101d\u0101ties loterijas bi\u013cetes tie\u0161saist\u0113?","og_description":"Tas ir dro\u0161i, leg\u0101li un \u0113rti, ieg\u0101d\u0101ties loterijas bi\u013cetes uz pasaules loterij\u0101m \u2013 te inform\u0101cija par to, k\u0101 tas str\u0101d\u0101!","og_url":"https:\/\/redfoxlotto.com\/lv\/informacija\/","og_site_name":"Get Tickets for the World\u2019s largest jackpots","article_modified_time":"2025-12-18T09:50:10+00:00","og_image":[{"url":"https:\/\/content.redfoxlotto.com\/uploads\/sites\/9\/1_lottery_ticket.jpg"}],"twitter_card":"summary_large_image","twitter_misc":{"Est. reading time":"4 minutes"},"schema":{"@context":"https:\/\/schema.org","@graph":[{"@type":"WebPage","@id":"https:\/\/redfoxlotto.com\/lv\/informacija\/","url":"https:\/\/redfoxlotto.com\/lv\/informacija\/","name":"K\u0101 j\u016bs varat ieg\u0101d\u0101ties loterijas bi\u013cetes tie\u0161saist\u0113?","isPartOf":{"@id":"https:\/\/redfoxlotto.com\/lv\/#website"},"primaryImageOfPage":{"@id":"https:\/\/redfoxlotto.com\/lv\/informacija\/#primaryimage"},"image":{"@id":"https:\/\/redfoxlotto.com\/lv\/informacija\/#primaryimage"},"thumbnailUrl":"https:\/\/content.redfoxlotto.com\/uploads\/sites\/9\/1_lottery_ticket.jpg","datePublished":"2023-04-24T14:12:24+00:00","dateModified":"2025-12-18T09:50:10+00:00","description":"Tas ir dro\u0161i, leg\u0101li un \u0113rti, ieg\u0101d\u0101ties loterijas bi\u013cetes uz pasaules loterij\u0101m \u2013 te inform\u0101cija par to, k\u0101 tas str\u0101d\u0101!","breadcrumb":{"@id":"https:\/\/redfoxlotto.com\/lv\/informacija\/#breadcrumb"},"inLanguage":"lv-LV","potentialAction":[{"@type":"ReadAction","target":["https:\/\/redfoxlotto.com\/lv\/informacija\/"]}]},{"@type":"ImageObject","inLanguage":"lv-LV","@id":"https:\/\/redfoxlotto.com\/lv\/informacija\/#primaryimage","url":"https:\/\/content.redfoxlotto.com\/uploads\/sites\/9\/1_lottery_ticket.jpg","contentUrl":"https:\/\/content.redfoxlotto.com\/uploads\/sites\/9\/1_lottery_ticket.jpg"},{"@type":"BreadcrumbList","@id":"https:\/\/redfoxlotto.com\/lv\/informacija\/#breadcrumb","itemListElement":[{"@type":"ListItem","position":1,"name":"Home","item":"https:\/\/redfoxlotto.com\/lv\/"},{"@type":"ListItem","position":2,"name":"K\u0101 ieg\u0101d\u0101ties tie\u0161saistes loteriju bi\u013cetes \u2013 ieg\u0101des process"}]},{"@type":"WebSite","@id":"https:\/\/redfoxlotto.com\/lv\/#website","url":"https:\/\/redfoxlotto.com\/lv\/","name":"Get Tickets for the World\u2019s largest jackpots","description":"Participate in worldwide lottery jackpots from any country","publisher":{"@id":"https:\/\/redfoxlotto.com\/lv\/#organization"},"potentialAction":[{"@type":"SearchAction","target":{"@type":"EntryPoint","urlTemplate":"https:\/\/redfoxlotto.com\/lv\/?s={search_term_string}"},"query-input":{"@type":"PropertyValueSpecification","valueRequired":true,"valueName":"search_term_string"}}],"inLanguage":"lv-LV"},{"@type":"Organization","@id":"https:\/\/redfoxlotto.com\/lv\/#organization","name":"Get Tickets for the World\u2019s largest jackpots","url":"https:\/\/redfoxlotto.com\/lv\/","logo":{"@type":"ImageObject","inLanguage":"lv-LV","@id":"https:\/\/redfoxlotto.com\/lv\/#\/schema\/logo\/image\/","url":"https:\/\/redfoxlotto.com\/wp-content\/uploads\/2023\/04\/logo.png","contentUrl":"https:\/\/redfoxlotto.com\/wp-content\/uploads\/2023\/04\/logo.png","width":269,"height":53,"caption":"Get Tickets for the World\u2019s largest jackpots"},"image":{"@id":"https:\/\/redfoxlotto.com\/lv\/#\/schema\/logo\/image\/"}}]}},"_links":{"self":[{"href":"https:\/\/redfoxlotto.com\/lv\/wp-json\/wp\/v2\/pages\/16999","targetHints":{"allow":["GET"]}}],"collection":[{"href":"https:\/\/redfoxlotto.com\/lv\/wp-json\/wp\/v2\/pages"}],"about":[{"href":"https:\/\/redfoxlotto.com\/lv\/wp-json\/wp\/v2\/types\/page"}],"author":[{"embeddable":true,"href":"https:\/\/redfoxlotto.com\/lv\/wp-json\/wp\/v2\/users\/1"}],"replies":[{"embeddable":true,"href":"https:\/\/redfoxlotto.com\/lv\/wp-json\/wp\/v2\/comments?post=16999"}],"version-history":[{"count":0,"href":"https:\/\/redfoxlotto.com\/lv\/wp-json\/wp\/v2\/pages\/16999\/revisions"}],"wp:attachment":[{"href":"https:\/\/redfoxlotto.com\/lv\/wp-json\/wp\/v2\/media?parent=16999"}],"curies":[{"name":"wp","href":"https:\/\/api.w.org\/{rel}","templated":true}]}}