{"id":102345,"date":"2025-02-12T11:20:21","date_gmt":"2025-02-12T11:20:21","guid":{"rendered":"https:\/\/redfoxlotto.com\/?page_id=102345"},"modified":"2026-01-12T10:18:06","modified_gmt":"2026-01-12T10:18:06","slug":"iespejas-uzvaret-keno","status":"publish","type":"page","link":"https:\/\/redfoxlotto.com\/lv\/keno\/iespejas-uzvaret-keno\/","title":{"rendered":"Gold Keno uzvar\u0113t\u0101ju numuri"},"content":{"rendered":"<h2>Gold Keno gaida j\u016bs ar 2 miljonu eiro d\u017eekpotu.<\/h2>\n<p><img loading=\"lazy\" decoding=\"async\" class=\"size-medium wp-image-93652 alignright\" src=\"https:\/\/redfoxlotto.com\/wp-content\/uploads\/2025\/09\/gold-keno-win-2-300x300.jpg\" alt=\"gold keno\" width=\"300\" height=\"300\" \/><br \/>\nGold Keno ir tie\u0161saistes loterijas sp\u0113le, kas ir patiesi aizraujo\u0161a. Ikviens, kas sp\u0113l\u0113 \u0161o sp\u0113li, var laim\u0113t apbr\u012bnojamo galveno balvu 2 miljonu eiro v\u0113rt\u012bb\u0101. Ir viegli saprast, k\u0101p\u0113c Gold Keno ir tik popul\u0101ra: katra izloze dod jums re\u0101lu iesp\u0113ju laim\u0113t daudz naudas, kas var\u0113tu main\u012bt j\u016bsu dz\u012bvi uz labo pusi. \u0160\u012bs sp\u0113les aizraujo\u0161ums izriet no t\u0101, ka taj\u0101 ir \u0101tr\u0101s izlozes, god\u012bga sp\u0113le un iesp\u0113ja laim\u0113t divu miljonu eiro d\u017eekpotu. Tas attiecas gan uz gad\u012bjumiem, kad sp\u0113l\u0113jat izklaidei, gan uz gad\u012bjumiem, kad v\u0113laties laim\u0113t daudz naudas.<\/p>\n<h2>Ce\u013cvedis par izredz\u0113m sp\u0113l\u0113jot Gold Keno<\/h2>\n<p>Gold Keno sp\u0113l\u0113 no asto\u0146desmit skait\u013ciem tiek izv\u0113l\u0113ti 20 skait\u013ci. Sp\u0113l\u0113t\u0101ji izv\u0113las savus skait\u013cus, un balvas apm\u0113rs ir atkar\u012bgs no t\u0101, cik reizes vi\u0146u izv\u0113le sakr\u012bt ar izlozes rezult\u0101tiem. Pievienojot reizin\u0101t\u0101ju, palielin\u0101s iesp\u0113jam\u0101 izmaksa. Tas noz\u012bm\u0113, ka bi\u013cetes, kas maks\u0101 d\u0101rg\u0101k, uzvar\u0113s liel\u0101kas balvas.<\/p>\n<p>Ja jums ir vair\u0101k iesp\u0113ju, jums ir liel\u0101kas izredzes sa\u0146emt liel\u0101ku izmaksu, bet, ja jums ir maz\u0101k iesp\u0113ju, jums ir liel\u0101kas izredzes sa\u0146emt maz\u0101ku izmaksu. Iesp\u0113jas uzvar\u0113t keno balst\u0101s uz \u0161o l\u012bdzsvaru: vair\u0101k izv\u0113\u013cu noz\u012bm\u0113 liel\u0101kas balvas, bet gr\u016bt\u0101kas izredzes, savuk\u0101rt maz\u0101k izv\u0113\u013cu padara uzvaru vienk\u0101r\u0161\u0101ku. Ja izmantojat reizin\u0101t\u0101ju, j\u016bs varat uzvar\u0113t galveno balvu divu miljonu eiro apm\u0113r\u0101.<\/p>\n<h2>Atsl\u0113ga uz liel\u0101ku uzvaru ir reizin\u0101t\u0101ju izmanto\u0161ana.<\/h2>\n<p>Pateicoties reizin\u0101t\u0101ja funkcijai, j\u016bs varat laim\u0113t galveno balvu 2 miljonu eiro apm\u0113r\u0101 Gold Keno. Piem\u0113rs:<\/p>\n<p>Ja augst\u0101kais reizin\u0101t\u0101js ir iestat\u012bts uz 5x, bi\u013cete ar reizin\u0101t\u0101ju 1x dos jums 20 % no liel\u0101k\u0101s balvas. Ja sp\u0113l\u0113t\u0101ji liek likmes ar augst\u0101ko reizin\u0101t\u0101ju, vi\u0146i var ieg\u016bt piln\u012bgu piek\u013cuvi balvu fondam, kura v\u0113rt\u012bba p\u0101rsniedz 2 miljonus eiro.<\/p>\n<p>\u0160\u012b tehnika pied\u0101v\u0101 v\u0113l vienu veidu, k\u0101 sp\u0113l\u0113t\u0101ji var main\u012bt izredzes uzvar\u0113t keno. T\u0101 nodro\u0161ina gan piesardz\u012bgiem sp\u0113l\u0113t\u0101jiem, gan riska m\u012b\u013cot\u0101jiem god\u012bgu sp\u0113les veidu.<\/p>\n<h2>Dar\u012bjumiem tiek izmantota skaidra nauda un noguld\u012bjumi.<\/h2>\n<p>Lai sp\u0113l\u0113tu Gold Keno, jums ir j\u0101iemaks\u0101 nauda sav\u0101 kont\u0101 un j\u0101ieg\u0101d\u0101jas bi\u013cetes tie\u0161saist\u0113. Dar\u012bjumi ir \u0101tri, dro\u0161i un viegli saprotami, t\u0101p\u0113c j\u016bs varat piedal\u012bties jebkur\u0101 izloz\u0113 jau tagad.<\/p>\n<h2>Notiek daudz Gold Keno izlozes<\/h2>\n<p>Jums nav j\u0101gaida, lai sp\u0113l\u0113tu Gold Keno, k\u0101 tas ir ar cit\u0101m loterij\u0101m. Ik p\u0113c da\u017e\u0101m min\u016bt\u0113m notiek jaunas izlozes, kas padara sacens\u012bbu par galveno balvu 2 miljonu eiro v\u0113rt\u012bb\u0101 par jautru un nebeidzamu piedz\u012bvojumu. T\u0101 k\u0101 izlozes notiek tik bie\u017ei, izredzes uzvar\u0113t keno tiek p\u0101rbaud\u012btas atk\u0101rtoti, kas padara sp\u0113li aizraujo\u0161u.<\/p>\n<h2>Izlases skait\u013cu \u0123enerators (RNG) god\u012bgas sp\u0113les nodro\u0161in\u0101\u0161anai<\/h2>\n<p>Lai nodro\u0161in\u0101tu, ka katra Gold Keno izloze ir god\u012bga, m\u0113s izmantojam apstiprin\u0101tu izlases skait\u013cu \u0123eneratoru (RNG). T\u0101 k\u0101 katrs izn\u0101kums ir piln\u012bgi nejau\u0161s, izredzes uzvar\u0113t 2 miljonu eiro balvu nav balst\u012btas uz min\u0113jumiem, bet gan uz nejau\u0161\u012bbu. Tas nodro\u0161ina, ka visiem ir vien\u0101das izredzes uzvar\u0113t keno.<\/p>\n<h2>J\u016bsu laimestu p\u0101rbaude un sa\u0146em\u0161ana<\/h2>\n<p>Sp\u0113l\u0113t\u0101ji var uzreiz redz\u0113t rezult\u0101tus sada\u013c\u0101 \u201cMani bi\u013ce\u0161i\u201d. Maz\u0101kie laimesti tiek uzreiz ieskait\u012bti j\u016bsu kont\u0101, bet liel\u0101kie, kas var sasniegt 2500 eiro, ar\u012b tiek uzreiz p\u0101rskait\u012bti. Apdro\u0161in\u0101\u0161ana garant\u0113 galveno balvu 2 miljonu eiro apm\u0113r\u0101 un citas lielas balvas, un vald\u012bba p\u0101rbauda, vai t\u0101s tiek izmaks\u0101tas.<\/p>\n<h2>Visiem uzvar\u0113t\u0101jiem ir ties\u012bbas sa\u0146emt atpaka\u013c savu naudu<\/h2>\n<p>At\u0161\u0137ir\u012bb\u0101 no vairuma loterij\u0101m, Gold Keno izmaks\u0101 laimestus neatkar\u012bgi no p\u0101rdot\u0101 bi\u013ce\u0161u skaita. Sp\u0113le ir ne tikai dro\u0161a, bet ar\u012b ienes\u012bga, jo visi laimesti, ieskaitot 2 miljonu eiro loterijas d\u017eekpotu, ir piln\u012bgi dro\u0161i.<\/p>\n<h2>Pap\u012bra bi\u013cetes nav, jo viss notiek tie\u0161saist\u0113.<\/h2>\n<p>Jums neb\u016bs nepiecie\u0161amas pap\u012bra bi\u013cetes, jo Gold Keno ir piln\u012bgi digit\u0101la sp\u0113le. \u0160\u012b sist\u0113ma re\u0123istr\u0113 visus iesniegtos pieteikumus, lai nekas nevar\u0113tu pazust vai tikt nozagts.<\/p>\n<h2>P\u0113d\u0113j\u0101s domas: kas at\u0161\u0137ir Gold Keno no cit\u0101m Keno sp\u0113l\u0113m<\/h2>\n<p>Gold Keno joproj\u0101m ir viena no aizraujo\u0161\u0101kaj\u0101m tie\u0161saistes loterijas sp\u0113l\u0113m, jo taj\u0101 izlozes notiek ik p\u0113c da\u017e\u0101m min\u016bt\u0113m, ir god\u012bgi izlases skait\u013cu \u0123eneratora rezult\u0101ti, garant\u0113tas balvas un iesp\u0113ja laim\u0113t 2 miljonu eiro d\u017eekpotu. Cilv\u0113kiem, kuri dom\u0101 par izredz\u0113m uzvar\u0113t keno, \u0161\u012b sp\u0113le ir gan aizraujo\u0161a, gan iedro\u0161ino\u0161a, jo katra bi\u013cete var main\u012bt sp\u0113les gaitu sp\u0113l\u0113t\u0101jiem ar lieliem m\u0113r\u0137iem.<\/p>\n","protected":false},"excerpt":{"rendered":"<p>Gold Keno gaida j\u016bs ar 2 miljonu eiro d\u017eekpotu. Gold Keno ir tie\u0161saistes loterijas sp\u0113le, kas ir patiesi aizraujo\u0161a. Ikviens, kas sp\u0113l\u0113 \u0161o sp\u0113li, var laim\u0113t apbr\u012bnojamo galveno balvu 2 miljonu eiro v\u0113rt\u012bb\u0101. Ir viegli saprast, k\u0101p\u0113c Gold Keno ir tik popul\u0101ra: katra izloze dod jums re\u0101lu iesp\u0113ju laim\u0113t daudz naudas, kas var\u0113tu main\u012bt j\u016bsu [&hellip;]<\/p>\n","protected":false},"author":8,"featured_media":0,"parent":84416,"menu_order":42,"comment_status":"closed","ping_status":"closed","template":"","meta":{"_et_pb_use_builder":"","_et_pb_old_content":"","_et_gb_content_width":"","exclude_from_search":false,"footnotes":""},"class_list":["post-102345","page","type-page","status-publish","hentry"],"yoast_head":"<!-- This site is optimized with the Yoast SEO plugin v23.8 - https:\/\/yoast.com\/wordpress\/plugins\/seo\/ -->\n<title>Iesp\u0113jas uzvar\u0113t Keno | M\u016bsu Keno sp\u0113l\u0113m ir lieliskas izredzes un balvas<\/title>\n<meta name=\"description\" content=\"Kad sp\u0113l\u0113jat Keno tie\u0161saist\u0113, apskatiet atrasto sp\u0113\u013cu izredzes. M\u016bsu Gold Keno maksim\u0101l\u0101 izmaksa ir 2 miljoni eiro, kas apvienota ar lab\u0101kaj\u0101m izredz\u0113m, k\u0101das varat atrast tie\u0161saist\u0113.\" \/>\n<meta name=\"robots\" content=\"index, follow, max-snippet:-1, max-image-preview:large, max-video-preview:-1\" \/>\n<link rel=\"canonical\" href=\"https:\/\/redfoxlotto.com\/lv\/keno\/iespejas-uzvaret-keno\/\" \/>\n<meta property=\"og:locale\" content=\"lv_LV\" \/>\n<meta property=\"og:type\" content=\"article\" \/>\n<meta property=\"og:title\" content=\"Iesp\u0113jas uzvar\u0113t Keno | M\u016bsu Keno sp\u0113l\u0113m ir lieliskas izredzes un balvas\" \/>\n<meta property=\"og:description\" content=\"Kad sp\u0113l\u0113jat Keno tie\u0161saist\u0113, apskatiet atrasto sp\u0113\u013cu izredzes. M\u016bsu Gold Keno maksim\u0101l\u0101 izmaksa ir 2 miljoni eiro, kas apvienota ar lab\u0101kaj\u0101m izredz\u0113m, k\u0101das varat atrast tie\u0161saist\u0113.\" \/>\n<meta property=\"og:url\" content=\"https:\/\/redfoxlotto.com\/lv\/keno\/iespejas-uzvaret-keno\/\" \/>\n<meta property=\"og:site_name\" content=\"Get Tickets for the World\u2019s largest jackpots\" \/>\n<meta property=\"article:modified_time\" content=\"2026-01-12T10:18:06+00:00\" \/>\n<meta property=\"og:image\" content=\"https:\/\/redfoxlotto.com\/wp-content\/uploads\/2025\/09\/gold-keno-win-2-300x300.jpg\" \/>\n<meta name=\"twitter:card\" content=\"summary_large_image\" \/>\n<meta name=\"twitter:label1\" content=\"Est. reading time\" \/>\n\t<meta name=\"twitter:data1\" content=\"3 minutes\" \/>\n<script type=\"application\/ld+json\" class=\"yoast-schema-graph\">{\"@context\":\"https:\/\/schema.org\",\"@graph\":[{\"@type\":\"WebPage\",\"@id\":\"https:\/\/redfoxlotto.com\/lv\/keno\/iespejas-uzvaret-keno\/\",\"url\":\"https:\/\/redfoxlotto.com\/lv\/keno\/iespejas-uzvaret-keno\/\",\"name\":\"Iesp\u0113jas uzvar\u0113t Keno | M\u016bsu Keno sp\u0113l\u0113m ir lieliskas izredzes un balvas\",\"isPartOf\":{\"@id\":\"https:\/\/redfoxlotto.com\/lv\/#website\"},\"primaryImageOfPage\":{\"@id\":\"https:\/\/redfoxlotto.com\/lv\/keno\/iespejas-uzvaret-keno\/#primaryimage\"},\"image\":{\"@id\":\"https:\/\/redfoxlotto.com\/lv\/keno\/iespejas-uzvaret-keno\/#primaryimage\"},\"thumbnailUrl\":\"https:\/\/redfoxlotto.com\/wp-content\/uploads\/2025\/09\/gold-keno-win-2-300x300.jpg\",\"datePublished\":\"2025-02-12T11:20:21+00:00\",\"dateModified\":\"2026-01-12T10:18:06+00:00\",\"description\":\"Kad sp\u0113l\u0113jat Keno tie\u0161saist\u0113, apskatiet atrasto sp\u0113\u013cu izredzes. M\u016bsu Gold Keno maksim\u0101l\u0101 izmaksa ir 2 miljoni eiro, kas apvienota ar lab\u0101kaj\u0101m izredz\u0113m, k\u0101das varat atrast tie\u0161saist\u0113.\",\"breadcrumb\":{\"@id\":\"https:\/\/redfoxlotto.com\/lv\/keno\/iespejas-uzvaret-keno\/#breadcrumb\"},\"inLanguage\":\"lv-LV\",\"potentialAction\":[{\"@type\":\"ReadAction\",\"target\":[\"https:\/\/redfoxlotto.com\/lv\/keno\/iespejas-uzvaret-keno\/\"]}]},{\"@type\":\"ImageObject\",\"inLanguage\":\"lv-LV\",\"@id\":\"https:\/\/redfoxlotto.com\/lv\/keno\/iespejas-uzvaret-keno\/#primaryimage\",\"url\":\"https:\/\/redfoxlotto.com\/wp-content\/uploads\/2025\/09\/gold-keno-win-2-300x300.jpg\",\"contentUrl\":\"https:\/\/redfoxlotto.com\/wp-content\/uploads\/2025\/09\/gold-keno-win-2-300x300.jpg\"},{\"@type\":\"BreadcrumbList\",\"@id\":\"https:\/\/redfoxlotto.com\/lv\/keno\/iespejas-uzvaret-keno\/#breadcrumb\",\"itemListElement\":[{\"@type\":\"ListItem\",\"position\":1,\"name\":\"Home\",\"item\":\"https:\/\/redfoxlotto.com\/lv\/\"},{\"@type\":\"ListItem\",\"position\":2,\"name\":\"Keno\",\"item\":\"https:\/\/redfoxlotto.com\/lv\/keno\/\"},{\"@type\":\"ListItem\",\"position\":3,\"name\":\"Gold Keno uzvar\u0113t\u0101ju numuri\"}]},{\"@type\":\"WebSite\",\"@id\":\"https:\/\/redfoxlotto.com\/lv\/#website\",\"url\":\"https:\/\/redfoxlotto.com\/lv\/\",\"name\":\"Get Tickets for the World\u2019s largest jackpots\",\"description\":\"Participate in worldwide lottery jackpots from any country\",\"publisher\":{\"@id\":\"https:\/\/redfoxlotto.com\/lv\/#organization\"},\"potentialAction\":[{\"@type\":\"SearchAction\",\"target\":{\"@type\":\"EntryPoint\",\"urlTemplate\":\"https:\/\/redfoxlotto.com\/lv\/?s={search_term_string}\"},\"query-input\":{\"@type\":\"PropertyValueSpecification\",\"valueRequired\":true,\"valueName\":\"search_term_string\"}}],\"inLanguage\":\"lv-LV\"},{\"@type\":\"Organization\",\"@id\":\"https:\/\/redfoxlotto.com\/lv\/#organization\",\"name\":\"Get Tickets for the World\u2019s largest jackpots\",\"url\":\"https:\/\/redfoxlotto.com\/lv\/\",\"logo\":{\"@type\":\"ImageObject\",\"inLanguage\":\"lv-LV\",\"@id\":\"https:\/\/redfoxlotto.com\/lv\/#\/schema\/logo\/image\/\",\"url\":\"https:\/\/redfoxlotto.com\/wp-content\/uploads\/2023\/04\/logo.png\",\"contentUrl\":\"https:\/\/redfoxlotto.com\/wp-content\/uploads\/2023\/04\/logo.png\",\"width\":269,\"height\":53,\"caption\":\"Get Tickets for the World\u2019s largest jackpots\"},\"image\":{\"@id\":\"https:\/\/redfoxlotto.com\/lv\/#\/schema\/logo\/image\/\"}}]}<\/script>\n<!-- \/ Yoast SEO plugin. -->","yoast_head_json":{"title":"Iesp\u0113jas uzvar\u0113t Keno | M\u016bsu Keno sp\u0113l\u0113m ir lieliskas izredzes un balvas","description":"Kad sp\u0113l\u0113jat Keno tie\u0161saist\u0113, apskatiet atrasto sp\u0113\u013cu izredzes. M\u016bsu Gold Keno maksim\u0101l\u0101 izmaksa ir 2 miljoni eiro, kas apvienota ar lab\u0101kaj\u0101m izredz\u0113m, k\u0101das varat atrast tie\u0161saist\u0113.","robots":{"index":"index","follow":"follow","max-snippet":"max-snippet:-1","max-image-preview":"max-image-preview:large","max-video-preview":"max-video-preview:-1"},"canonical":"https:\/\/redfoxlotto.com\/lv\/keno\/iespejas-uzvaret-keno\/","og_locale":"lv_LV","og_type":"article","og_title":"Iesp\u0113jas uzvar\u0113t Keno | M\u016bsu Keno sp\u0113l\u0113m ir lieliskas izredzes un balvas","og_description":"Kad sp\u0113l\u0113jat Keno tie\u0161saist\u0113, apskatiet atrasto sp\u0113\u013cu izredzes. M\u016bsu Gold Keno maksim\u0101l\u0101 izmaksa ir 2 miljoni eiro, kas apvienota ar lab\u0101kaj\u0101m izredz\u0113m, k\u0101das varat atrast tie\u0161saist\u0113.","og_url":"https:\/\/redfoxlotto.com\/lv\/keno\/iespejas-uzvaret-keno\/","og_site_name":"Get Tickets for the World\u2019s largest jackpots","article_modified_time":"2026-01-12T10:18:06+00:00","og_image":[{"url":"https:\/\/redfoxlotto.com\/wp-content\/uploads\/2025\/09\/gold-keno-win-2-300x300.jpg"}],"twitter_card":"summary_large_image","twitter_misc":{"Est. reading time":"3 minutes"},"schema":{"@context":"https:\/\/schema.org","@graph":[{"@type":"WebPage","@id":"https:\/\/redfoxlotto.com\/lv\/keno\/iespejas-uzvaret-keno\/","url":"https:\/\/redfoxlotto.com\/lv\/keno\/iespejas-uzvaret-keno\/","name":"Iesp\u0113jas uzvar\u0113t Keno | M\u016bsu Keno sp\u0113l\u0113m ir lieliskas izredzes un balvas","isPartOf":{"@id":"https:\/\/redfoxlotto.com\/lv\/#website"},"primaryImageOfPage":{"@id":"https:\/\/redfoxlotto.com\/lv\/keno\/iespejas-uzvaret-keno\/#primaryimage"},"image":{"@id":"https:\/\/redfoxlotto.com\/lv\/keno\/iespejas-uzvaret-keno\/#primaryimage"},"thumbnailUrl":"https:\/\/redfoxlotto.com\/wp-content\/uploads\/2025\/09\/gold-keno-win-2-300x300.jpg","datePublished":"2025-02-12T11:20:21+00:00","dateModified":"2026-01-12T10:18:06+00:00","description":"Kad sp\u0113l\u0113jat Keno tie\u0161saist\u0113, apskatiet atrasto sp\u0113\u013cu izredzes. M\u016bsu Gold Keno maksim\u0101l\u0101 izmaksa ir 2 miljoni eiro, kas apvienota ar lab\u0101kaj\u0101m izredz\u0113m, k\u0101das varat atrast tie\u0161saist\u0113.","breadcrumb":{"@id":"https:\/\/redfoxlotto.com\/lv\/keno\/iespejas-uzvaret-keno\/#breadcrumb"},"inLanguage":"lv-LV","potentialAction":[{"@type":"ReadAction","target":["https:\/\/redfoxlotto.com\/lv\/keno\/iespejas-uzvaret-keno\/"]}]},{"@type":"ImageObject","inLanguage":"lv-LV","@id":"https:\/\/redfoxlotto.com\/lv\/keno\/iespejas-uzvaret-keno\/#primaryimage","url":"https:\/\/redfoxlotto.com\/wp-content\/uploads\/2025\/09\/gold-keno-win-2-300x300.jpg","contentUrl":"https:\/\/redfoxlotto.com\/wp-content\/uploads\/2025\/09\/gold-keno-win-2-300x300.jpg"},{"@type":"BreadcrumbList","@id":"https:\/\/redfoxlotto.com\/lv\/keno\/iespejas-uzvaret-keno\/#breadcrumb","itemListElement":[{"@type":"ListItem","position":1,"name":"Home","item":"https:\/\/redfoxlotto.com\/lv\/"},{"@type":"ListItem","position":2,"name":"Keno","item":"https:\/\/redfoxlotto.com\/lv\/keno\/"},{"@type":"ListItem","position":3,"name":"Gold Keno uzvar\u0113t\u0101ju numuri"}]},{"@type":"WebSite","@id":"https:\/\/redfoxlotto.com\/lv\/#website","url":"https:\/\/redfoxlotto.com\/lv\/","name":"Get Tickets for the World\u2019s largest jackpots","description":"Participate in worldwide lottery jackpots from any country","publisher":{"@id":"https:\/\/redfoxlotto.com\/lv\/#organization"},"potentialAction":[{"@type":"SearchAction","target":{"@type":"EntryPoint","urlTemplate":"https:\/\/redfoxlotto.com\/lv\/?s={search_term_string}"},"query-input":{"@type":"PropertyValueSpecification","valueRequired":true,"valueName":"search_term_string"}}],"inLanguage":"lv-LV"},{"@type":"Organization","@id":"https:\/\/redfoxlotto.com\/lv\/#organization","name":"Get Tickets for the World\u2019s largest jackpots","url":"https:\/\/redfoxlotto.com\/lv\/","logo":{"@type":"ImageObject","inLanguage":"lv-LV","@id":"https:\/\/redfoxlotto.com\/lv\/#\/schema\/logo\/image\/","url":"https:\/\/redfoxlotto.com\/wp-content\/uploads\/2023\/04\/logo.png","contentUrl":"https:\/\/redfoxlotto.com\/wp-content\/uploads\/2023\/04\/logo.png","width":269,"height":53,"caption":"Get Tickets for the World\u2019s largest jackpots"},"image":{"@id":"https:\/\/redfoxlotto.com\/lv\/#\/schema\/logo\/image\/"}}]}},"_links":{"self":[{"href":"https:\/\/redfoxlotto.com\/lv\/wp-json\/wp\/v2\/pages\/102345","targetHints":{"allow":["GET"]}}],"collection":[{"href":"https:\/\/redfoxlotto.com\/lv\/wp-json\/wp\/v2\/pages"}],"about":[{"href":"https:\/\/redfoxlotto.com\/lv\/wp-json\/wp\/v2\/types\/page"}],"author":[{"embeddable":true,"href":"https:\/\/redfoxlotto.com\/lv\/wp-json\/wp\/v2\/users\/8"}],"replies":[{"embeddable":true,"href":"https:\/\/redfoxlotto.com\/lv\/wp-json\/wp\/v2\/comments?post=102345"}],"version-history":[{"count":0,"href":"https:\/\/redfoxlotto.com\/lv\/wp-json\/wp\/v2\/pages\/102345\/revisions"}],"up":[{"embeddable":true,"href":"https:\/\/redfoxlotto.com\/lv\/wp-json\/wp\/v2\/pages\/84416"}],"wp:attachment":[{"href":"https:\/\/redfoxlotto.com\/lv\/wp-json\/wp\/v2\/media?parent=102345"}],"curies":[{"name":"wp","href":"https:\/\/api.w.org\/{rel}","templated":true}]}}