{"id":102075,"date":"2025-05-22T08:53:38","date_gmt":"2025-05-22T08:53:38","guid":{"rendered":"https:\/\/redfoxlotto.com\/?page_id=102075"},"modified":"2026-01-10T07:22:11","modified_gmt":"2026-01-10T07:22:11","slug":"keno-loterijas-rezultati","status":"publish","type":"page","link":"https:\/\/redfoxlotto.com\/lv\/keno\/keno-loterijas-rezultati\/","title":{"rendered":"Platinum Keno uzvar\u0113t\u0101ju numuri"},"content":{"rendered":"<h2>K\u0101 tiek izv\u0113l\u0113tas izredzes un kur atrast rezult\u0101tus Platinum Keno<\/h2>\n<p><img loading=\"lazy\" decoding=\"async\" class=\"size-medium wp-image-83635 alignright\" src=\"https:\/\/redfoxlotto.com\/wp-content\/uploads\/2025\/03\/keno_card-300x300.jpg\" alt=\"platnum keno\" width=\"300\" height=\"300\" srcset=\"https:\/\/redfoxlotto.com\/wp-content\/uploads\/2025\/03\/keno_card-300x300.jpg 300w, https:\/\/redfoxlotto.com\/wp-content\/uploads\/2025\/03\/keno_card-150x150.jpg 150w, https:\/\/redfoxlotto.com\/wp-content\/uploads\/2025\/03\/keno_card-100x100.jpg 100w, https:\/\/redfoxlotto.com\/wp-content\/uploads\/2025\/03\/keno_card.jpg 307w\" sizes=\"auto, (max-width: 300px) 100vw, 300px\" \/><br \/>\nPlatinum Keno dr\u012bz k\u013c\u016bs par vienu no popul\u0101r\u0101kaj\u0101m loterijas tipa sp\u0113l\u0113m. Dr\u012bz sp\u0113l\u0113t\u0101ji var\u0113s baud\u012bt visu tradicion\u0101l\u0101 Keno sp\u0113les prieku no sava ekr\u0101na, pateicoties \u0101traj\u0101m izloz\u0113m, skaidrajiem noteikumiem un \u0113rt\u012bbai sp\u0113l\u0113t tie\u0161saist\u0113. V\u0113l nav pieejami rezult\u0101ti tie\u0161raid\u0113, bet \u0161eit ir viss, kas jums j\u0101zina par to, k\u0101 tiek izv\u0113l\u0113ti numuri, kur tos atrast un k\u0101 redz\u0113t, vai esat uzvar\u0113jis, kad s\u0101kas sp\u0113le.<\/p>\n<h2>Platinum Keno numuru izv\u0113les so\u013ci<\/h2>\n<p>Platinum Keno pamat\u0101 ir ideja, ka visam j\u0101b\u016bt god\u012bgam. Numurus izv\u0113las p\u0101rbaud\u012bts nejau\u0161u skait\u013cu \u0123enerators (RNG). Tas ir paredz\u0113ts, lai katra izloze b\u016btu piln\u012bgi nejau\u0161a. RNG nodro\u0161ina, ka katram skaitlim kopum\u0101 ir vien\u0101das izredzes tikt izv\u0113l\u0113tam, t\u0101pat k\u0101 tad, kad izloz\u0113jat numur\u0113tas bumbi\u0146as no ma\u0161\u012bnas.<\/p>\n<ul>\n<li>Sp\u0113l\u0113t\u0101ji izv\u0113las no skait\u013cu kopuma no 1 l\u012bdz 80.<\/li>\n<li>Izlozes apjoms: katr\u0101 k\u0101rt\u0101 tiek izv\u0113l\u0113ti 20 skait\u013ci p\u0113c nejau\u0161\u012bbas principa.<\/li>\n<li>Vien\u0101das izredzes: nav favor\u012btu skait\u013cu, viss ir atkar\u012bgs no veiksmes.<\/li>\n<li>Izmantojot \u0161o metodi, katra izloze ir skaidra, p\u0101rbaud\u0101ma un balst\u012bta uz uztic\u012bbu.<\/li>\n<\/ul>\n<h2>K\u0101 sp\u0113l\u0113t \u0161o sp\u0113li.<\/h2>\n<p>Platinum Keno ir paredz\u0113ts gan regul\u0101riem sp\u0113l\u0113t\u0101jiem, gan cilv\u0113kiem, kuri v\u0113las laim\u0113t lielus d\u017eekpotus. Izv\u0113lieties skait\u013cus no 80 skait\u013cu kopuma, no kuriem 20 tiek izv\u0113l\u0113ti nejau\u0161i. T\u0101 tiek sp\u0113l\u0113ta \u0161\u012b sp\u0113le. J\u016bs v\u0113laties, lai p\u0113c iesp\u0113jas vair\u0101k j\u016bsu izv\u0113l\u0113to skait\u013cu sakristu.<\/p>\n<h2>Skait\u013cu izv\u0113le.<\/h2>\n<p>J\u016bs izv\u0113laties sp\u0113l\u0113t ar noteiktu skaitu \u201cvietu\u201d (skait\u013cu). Da\u017e\u0101di cilv\u0113ki izv\u0113las at\u0161\u0137ir\u012bgu skaitu kar\u0161u. J\u016bsu izv\u0113l\u0113tais vietu skaits tie\u0161i ietekm\u0113s j\u016bsu izredzes un naudas summu, ko varat laim\u0113t.<\/p>\n<h2>Faktora izv\u0113le.<\/h2>\n<p>Platinum Keno ir reizin\u0101t\u0101js, kas maina balvas. \u0160aj\u0101 gad\u012bjum\u0101, ja augst\u0101kais reizin\u0101t\u0101js ir 5, tad sp\u0113l\u0113jot ar 1x reizin\u0101t\u0101ju, j\u016bs sa\u0146emsiet 20% no 5x balvas. Ja desmit ir maksimums. Ja galven\u0101 balva ir 10, 1x bi\u013cete izmaks\u0101s 10% no 10x izmaksas. Liel\u0101ks reizin\u0101t\u0101js palielina gan bi\u013cetes cenu, gan izredzes uzvar\u0113t.<\/p>\n<h2>Izmantojot izmaksu sarakstu<\/h2>\n<p>Tas prec\u012bzi nor\u0101da, cik daudz j\u016bs var\u0113tu vinn\u0113t, pamatojoties uz j\u016bsu izv\u0113l\u0113tajiem skait\u013ciem un bonusu. Uztveriet to k\u0101 balvu karti; t\u0101 nor\u0101da, kas ir likts uz sp\u0113les, pirms izloze visp\u0101r notiek.<\/p>\n<h2>K\u0101 izv\u0113les ietekm\u0113 notikumu gaitu<\/h2>\n<p>Ja izv\u0113laties vair\u0101k skait\u013cu, liel\u0101k\u0101 balva, ko varat vinn\u0113t, palielin\u0101s, bet j\u016bsu izredzes uzvar\u0113t samazin\u0101s. Turpretim augst\u0101ks reizin\u0101t\u0101js palielina izmaksu, ja j\u016bs uzvarat, bet s\u0101kum\u0101 jums ir j\u0101liek liel\u0101ka summa. Platinum Keno ir gan aizraujo\u0161s, gan riskants, jo jums ir j\u0101atrod l\u012bdzsvars starp risku un pe\u013c\u0146u.<\/p>\n<h2>Lab\u0101k\u0101s vietas, kur atrast Platinum Keno rezult\u0101tus<\/h2>\n<p>Tikl\u012bdz s\u0101kas Platinum Keno, jaun\u0101kie rezult\u0101ti b\u016bs pieejami RedFoxLotto rezult\u0101tu lap\u0101. T\u0101d\u0113j\u0101di jums nav j\u0101iziet no lietotnes, lai sekotu l\u012bdzi iepriek\u0161\u0113j\u0101m un pa\u0161reiz\u0113j\u0101m izloz\u0113m.<\/p>\n<p>J\u016bs varat dar\u012bt \u0161\u0101di:<\/p>\n<ul>\n<li>P\u0101rbaud\u012bt pilnu izloz\u0113to skait\u013cu sarakstu katrai sp\u0113lei.<\/li>\n<li>Apskat\u012bt iepriek\u0161\u0113j\u0101s izlozes, lai redz\u0113tu t\u0113mas un tendences.<\/li>\n<li>Sekot l\u012bdzi jaunumiem, neizmantojot citas vietnes.<\/li>\n<\/ul>\n<h2>K\u0101 uzzin\u0101t, vai esat uzvar\u0113jis<\/h2>\n<p>Vairs nav nepiecie\u0161ami pap\u012bra bi\u013ce\u0161u taloni \u2014 Platinum Keno ir tikai datorsp\u0113le. J\u016bsu numuri tiek saglab\u0101ti j\u016bsu RedFoxLotto kont\u0101 uzreiz p\u0113c katras sp\u0113les. J\u016bs varat p\u0101rbaud\u012bt rezult\u0101tus uzreiz p\u0113c katras izlozes:<\/p>\n<p>Noklik\u0161\u0137iniet uz \u201cMani bi\u013ce\u0161u taloni\u201d \u2014 \u0161aj\u0101 sada\u013c\u0101 ir uzskait\u012bti visi j\u016bsu ieg\u0101d\u0101tie bi\u013ce\u0161u taloni.<\/p>\n<p>Sal\u012bdziniet savus numurus ar rezult\u0101tiem: ja j\u016bsu numuri sakr\u012bt ar izloz\u0113 izloz\u0113tajiem numuriem, sist\u0113ma uzreiz par\u0101d\u012bs jums \u0161os sakrit\u012bbas.<\/p>\n<p>Tikl\u012bdz esat uzvar\u0113jis, jums tiek par\u0101d\u012bta balvas summa, ko sa\u0146emsiet. Maz\u0101kas v\u0113rt\u012bbas balvas tiek ieskait\u012btas tie\u0161i j\u016bsu kont\u0101, bet liel\u0101kas v\u0113rt\u012bbas balvas var tikt p\u0101rbaud\u012btas pirms p\u0101rskait\u012b\u0161anas.<\/p>\n<h2>Iemaksas un sp\u0113l\u0113\u0161ana<\/h2>\n<p>Lai sp\u0113l\u0113tu Platinum Keno, j\u016bsu RedFoxLotto kont\u0101 ir j\u0101b\u016bt naudai. Iemaksas veik\u0161ana ir vienk\u0101r\u0161a un dro\u0161a, un, tikl\u012bdz summa ir pievienota, j\u016bs varat to uzreiz izmantot bi\u013ce\u0161u ieg\u0101dei.<\/p>\n<h2>K\u0101p\u0113c j\u016bs varat uztic\u0113ties rezult\u0101tiem<\/h2>\n<p>Katrs Platinum Keno balvas ir apdro\u0161in\u0101tas, t\u0101d\u0113\u013c j\u016bs sa\u0146emsiet savu naudu atpaka\u013c neatkar\u012bgi no t\u0101, vai j\u016bs uzvarat 5 eiro vai 500 000 eiro. RedFoxLotto nodro\u0161ina, ka j\u016bs sa\u0146emat savu naudu, un RNG nodro\u0161ina, ka viss notiek god\u012bgi.<\/p>\n<h2>Nobeigum\u0101<\/h2>\n<p>Tas ir k\u0101 vecmod\u012bg\u0101 skait\u013cu izlozes un viegli sp\u0113l\u0113jamo datorsp\u0113\u013cu apvienojums. Lai gan gal\u012bgie rezult\u0101ti v\u0113l nav pazi\u0146oti, sp\u0113l\u0113t\u0101ji var gaid\u012bt:<\/p>\n<ul>\n<li>God\u012bgu izlozi, ko p\u0101rbauda RNG.<\/li>\n<li>Sp\u0113le noris \u0101tri, un rezult\u0101tus var uzzin\u0101t ik p\u0113c da\u017e\u0101m min\u016bt\u0113m.<\/li>\n<li>RedFoxLotto \u013cauj viegli un \u0101tri uzzin\u0101t rezult\u0101tus.<\/li>\n<li>J\u016bsu kont\u0101 autom\u0101tiski tiek re\u0123istr\u0113ti laimesti.<\/li>\n<li>Kad sp\u0113le s\u0101kas, jums vienk\u0101r\u0161i j\u0101atgrie\u017eas p\u0113c izlozes, lai redz\u0113tu, vai esat uzvar\u0113jis.<\/li>\n<\/ul>\n","protected":false},"excerpt":{"rendered":"<p>K\u0101 tiek izv\u0113l\u0113tas izredzes un kur atrast rezult\u0101tus Platinum Keno Platinum Keno dr\u012bz k\u013c\u016bs par vienu no popul\u0101r\u0101kaj\u0101m loterijas tipa sp\u0113l\u0113m. Dr\u012bz sp\u0113l\u0113t\u0101ji var\u0113s baud\u012bt visu tradicion\u0101l\u0101 Keno sp\u0113les prieku no sava ekr\u0101na, pateicoties \u0101traj\u0101m izloz\u0113m, skaidrajiem noteikumiem un \u0113rt\u012bbai sp\u0113l\u0113t tie\u0161saist\u0113. V\u0113l nav pieejami rezult\u0101ti tie\u0161raid\u0113, bet \u0161eit ir viss, kas jums j\u0101zina par [&hellip;]<\/p>\n","protected":false},"author":8,"featured_media":0,"parent":84416,"menu_order":41,"comment_status":"closed","ping_status":"closed","template":"","meta":{"_et_pb_use_builder":"","_et_pb_old_content":"","_et_gb_content_width":"","exclude_from_search":false,"footnotes":""},"class_list":["post-102075","page","type-page","status-publish","hentry"],"yoast_head":"<!-- This site is optimized with the Yoast SEO plugin v23.8 - https:\/\/yoast.com\/wordpress\/plugins\/seo\/ -->\n<title>Keno loterijas rezult\u0101ti \u0161ai ikdienas 5 miljonu eiro v\u0113rt\u0101s tie\u0161saistes Keno izlozei<\/title>\n<meta name=\"description\" content=\"\u0160\u012b Keno loterija ik dienas izloz\u0113 5 miljonu eiro galveno balvu \u2013 \u0161eit varat uzzin\u0101t m\u016bsu Keno izlo\u017eu rezult\u0101tus. Mums ir 5 miljonu eiro un 10 miljonu eiro v\u0113rtas Keno sp\u0113les\" \/>\n<meta name=\"robots\" content=\"index, follow, max-snippet:-1, max-image-preview:large, max-video-preview:-1\" \/>\n<link rel=\"canonical\" href=\"https:\/\/redfoxlotto.com\/lv\/keno\/keno-loterijas-rezultati\/\" \/>\n<meta property=\"og:locale\" content=\"lv_LV\" \/>\n<meta property=\"og:type\" content=\"article\" \/>\n<meta property=\"og:title\" content=\"Keno loterijas rezult\u0101ti \u0161ai ikdienas 5 miljonu eiro v\u0113rt\u0101s tie\u0161saistes Keno izlozei\" \/>\n<meta property=\"og:description\" content=\"\u0160\u012b Keno loterija ik dienas izloz\u0113 5 miljonu eiro galveno balvu \u2013 \u0161eit varat uzzin\u0101t m\u016bsu Keno izlo\u017eu rezult\u0101tus. Mums ir 5 miljonu eiro un 10 miljonu eiro v\u0113rtas Keno sp\u0113les\" \/>\n<meta property=\"og:url\" content=\"https:\/\/redfoxlotto.com\/lv\/keno\/keno-loterijas-rezultati\/\" \/>\n<meta property=\"og:site_name\" content=\"Get Tickets for the World\u2019s largest jackpots\" \/>\n<meta property=\"article:modified_time\" content=\"2026-01-10T07:22:11+00:00\" \/>\n<meta property=\"og:image\" content=\"https:\/\/redfoxlotto.com\/wp-content\/uploads\/2025\/03\/keno_card-300x300.jpg\" \/>\n<meta name=\"twitter:card\" content=\"summary_large_image\" \/>\n<meta name=\"twitter:label1\" content=\"Est. reading time\" \/>\n\t<meta name=\"twitter:data1\" content=\"4 minutes\" \/>\n<script type=\"application\/ld+json\" class=\"yoast-schema-graph\">{\"@context\":\"https:\/\/schema.org\",\"@graph\":[{\"@type\":\"WebPage\",\"@id\":\"https:\/\/redfoxlotto.com\/lv\/keno\/keno-loterijas-rezultati\/\",\"url\":\"https:\/\/redfoxlotto.com\/lv\/keno\/keno-loterijas-rezultati\/\",\"name\":\"Keno loterijas rezult\u0101ti \u0161ai ikdienas 5 miljonu eiro v\u0113rt\u0101s tie\u0161saistes Keno izlozei\",\"isPartOf\":{\"@id\":\"https:\/\/redfoxlotto.com\/lv\/#website\"},\"primaryImageOfPage\":{\"@id\":\"https:\/\/redfoxlotto.com\/lv\/keno\/keno-loterijas-rezultati\/#primaryimage\"},\"image\":{\"@id\":\"https:\/\/redfoxlotto.com\/lv\/keno\/keno-loterijas-rezultati\/#primaryimage\"},\"thumbnailUrl\":\"https:\/\/redfoxlotto.com\/wp-content\/uploads\/2025\/03\/keno_card-300x300.jpg\",\"datePublished\":\"2025-05-22T08:53:38+00:00\",\"dateModified\":\"2026-01-10T07:22:11+00:00\",\"description\":\"\u0160\u012b Keno loterija ik dienas izloz\u0113 5 miljonu eiro galveno balvu \u2013 \u0161eit varat uzzin\u0101t m\u016bsu Keno izlo\u017eu rezult\u0101tus. Mums ir 5 miljonu eiro un 10 miljonu eiro v\u0113rtas Keno sp\u0113les\",\"breadcrumb\":{\"@id\":\"https:\/\/redfoxlotto.com\/lv\/keno\/keno-loterijas-rezultati\/#breadcrumb\"},\"inLanguage\":\"lv-LV\",\"potentialAction\":[{\"@type\":\"ReadAction\",\"target\":[\"https:\/\/redfoxlotto.com\/lv\/keno\/keno-loterijas-rezultati\/\"]}]},{\"@type\":\"ImageObject\",\"inLanguage\":\"lv-LV\",\"@id\":\"https:\/\/redfoxlotto.com\/lv\/keno\/keno-loterijas-rezultati\/#primaryimage\",\"url\":\"https:\/\/redfoxlotto.com\/wp-content\/uploads\/2025\/03\/keno_card-300x300.jpg\",\"contentUrl\":\"https:\/\/redfoxlotto.com\/wp-content\/uploads\/2025\/03\/keno_card-300x300.jpg\"},{\"@type\":\"BreadcrumbList\",\"@id\":\"https:\/\/redfoxlotto.com\/lv\/keno\/keno-loterijas-rezultati\/#breadcrumb\",\"itemListElement\":[{\"@type\":\"ListItem\",\"position\":1,\"name\":\"Home\",\"item\":\"https:\/\/redfoxlotto.com\/lv\/\"},{\"@type\":\"ListItem\",\"position\":2,\"name\":\"Keno\",\"item\":\"https:\/\/redfoxlotto.com\/lv\/keno\/\"},{\"@type\":\"ListItem\",\"position\":3,\"name\":\"Platinum Keno uzvar\u0113t\u0101ju numuri\"}]},{\"@type\":\"WebSite\",\"@id\":\"https:\/\/redfoxlotto.com\/lv\/#website\",\"url\":\"https:\/\/redfoxlotto.com\/lv\/\",\"name\":\"Get Tickets for the World\u2019s largest jackpots\",\"description\":\"Participate in worldwide lottery jackpots from any country\",\"publisher\":{\"@id\":\"https:\/\/redfoxlotto.com\/lv\/#organization\"},\"potentialAction\":[{\"@type\":\"SearchAction\",\"target\":{\"@type\":\"EntryPoint\",\"urlTemplate\":\"https:\/\/redfoxlotto.com\/lv\/?s={search_term_string}\"},\"query-input\":{\"@type\":\"PropertyValueSpecification\",\"valueRequired\":true,\"valueName\":\"search_term_string\"}}],\"inLanguage\":\"lv-LV\"},{\"@type\":\"Organization\",\"@id\":\"https:\/\/redfoxlotto.com\/lv\/#organization\",\"name\":\"Get Tickets for the World\u2019s largest jackpots\",\"url\":\"https:\/\/redfoxlotto.com\/lv\/\",\"logo\":{\"@type\":\"ImageObject\",\"inLanguage\":\"lv-LV\",\"@id\":\"https:\/\/redfoxlotto.com\/lv\/#\/schema\/logo\/image\/\",\"url\":\"https:\/\/redfoxlotto.com\/wp-content\/uploads\/2023\/04\/logo.png\",\"contentUrl\":\"https:\/\/redfoxlotto.com\/wp-content\/uploads\/2023\/04\/logo.png\",\"width\":269,\"height\":53,\"caption\":\"Get Tickets for the World\u2019s largest jackpots\"},\"image\":{\"@id\":\"https:\/\/redfoxlotto.com\/lv\/#\/schema\/logo\/image\/\"}}]}<\/script>\n<!-- \/ Yoast SEO plugin. -->","yoast_head_json":{"title":"Keno loterijas rezult\u0101ti \u0161ai ikdienas 5 miljonu eiro v\u0113rt\u0101s tie\u0161saistes Keno izlozei","description":"\u0160\u012b Keno loterija ik dienas izloz\u0113 5 miljonu eiro galveno balvu \u2013 \u0161eit varat uzzin\u0101t m\u016bsu Keno izlo\u017eu rezult\u0101tus. Mums ir 5 miljonu eiro un 10 miljonu eiro v\u0113rtas Keno sp\u0113les","robots":{"index":"index","follow":"follow","max-snippet":"max-snippet:-1","max-image-preview":"max-image-preview:large","max-video-preview":"max-video-preview:-1"},"canonical":"https:\/\/redfoxlotto.com\/lv\/keno\/keno-loterijas-rezultati\/","og_locale":"lv_LV","og_type":"article","og_title":"Keno loterijas rezult\u0101ti \u0161ai ikdienas 5 miljonu eiro v\u0113rt\u0101s tie\u0161saistes Keno izlozei","og_description":"\u0160\u012b Keno loterija ik dienas izloz\u0113 5 miljonu eiro galveno balvu \u2013 \u0161eit varat uzzin\u0101t m\u016bsu Keno izlo\u017eu rezult\u0101tus. Mums ir 5 miljonu eiro un 10 miljonu eiro v\u0113rtas Keno sp\u0113les","og_url":"https:\/\/redfoxlotto.com\/lv\/keno\/keno-loterijas-rezultati\/","og_site_name":"Get Tickets for the World\u2019s largest jackpots","article_modified_time":"2026-01-10T07:22:11+00:00","og_image":[{"url":"https:\/\/redfoxlotto.com\/wp-content\/uploads\/2025\/03\/keno_card-300x300.jpg"}],"twitter_card":"summary_large_image","twitter_misc":{"Est. reading time":"4 minutes"},"schema":{"@context":"https:\/\/schema.org","@graph":[{"@type":"WebPage","@id":"https:\/\/redfoxlotto.com\/lv\/keno\/keno-loterijas-rezultati\/","url":"https:\/\/redfoxlotto.com\/lv\/keno\/keno-loterijas-rezultati\/","name":"Keno loterijas rezult\u0101ti \u0161ai ikdienas 5 miljonu eiro v\u0113rt\u0101s tie\u0161saistes Keno izlozei","isPartOf":{"@id":"https:\/\/redfoxlotto.com\/lv\/#website"},"primaryImageOfPage":{"@id":"https:\/\/redfoxlotto.com\/lv\/keno\/keno-loterijas-rezultati\/#primaryimage"},"image":{"@id":"https:\/\/redfoxlotto.com\/lv\/keno\/keno-loterijas-rezultati\/#primaryimage"},"thumbnailUrl":"https:\/\/redfoxlotto.com\/wp-content\/uploads\/2025\/03\/keno_card-300x300.jpg","datePublished":"2025-05-22T08:53:38+00:00","dateModified":"2026-01-10T07:22:11+00:00","description":"\u0160\u012b Keno loterija ik dienas izloz\u0113 5 miljonu eiro galveno balvu \u2013 \u0161eit varat uzzin\u0101t m\u016bsu Keno izlo\u017eu rezult\u0101tus. Mums ir 5 miljonu eiro un 10 miljonu eiro v\u0113rtas Keno sp\u0113les","breadcrumb":{"@id":"https:\/\/redfoxlotto.com\/lv\/keno\/keno-loterijas-rezultati\/#breadcrumb"},"inLanguage":"lv-LV","potentialAction":[{"@type":"ReadAction","target":["https:\/\/redfoxlotto.com\/lv\/keno\/keno-loterijas-rezultati\/"]}]},{"@type":"ImageObject","inLanguage":"lv-LV","@id":"https:\/\/redfoxlotto.com\/lv\/keno\/keno-loterijas-rezultati\/#primaryimage","url":"https:\/\/redfoxlotto.com\/wp-content\/uploads\/2025\/03\/keno_card-300x300.jpg","contentUrl":"https:\/\/redfoxlotto.com\/wp-content\/uploads\/2025\/03\/keno_card-300x300.jpg"},{"@type":"BreadcrumbList","@id":"https:\/\/redfoxlotto.com\/lv\/keno\/keno-loterijas-rezultati\/#breadcrumb","itemListElement":[{"@type":"ListItem","position":1,"name":"Home","item":"https:\/\/redfoxlotto.com\/lv\/"},{"@type":"ListItem","position":2,"name":"Keno","item":"https:\/\/redfoxlotto.com\/lv\/keno\/"},{"@type":"ListItem","position":3,"name":"Platinum Keno uzvar\u0113t\u0101ju numuri"}]},{"@type":"WebSite","@id":"https:\/\/redfoxlotto.com\/lv\/#website","url":"https:\/\/redfoxlotto.com\/lv\/","name":"Get Tickets for the World\u2019s largest jackpots","description":"Participate in worldwide lottery jackpots from any country","publisher":{"@id":"https:\/\/redfoxlotto.com\/lv\/#organization"},"potentialAction":[{"@type":"SearchAction","target":{"@type":"EntryPoint","urlTemplate":"https:\/\/redfoxlotto.com\/lv\/?s={search_term_string}"},"query-input":{"@type":"PropertyValueSpecification","valueRequired":true,"valueName":"search_term_string"}}],"inLanguage":"lv-LV"},{"@type":"Organization","@id":"https:\/\/redfoxlotto.com\/lv\/#organization","name":"Get Tickets for the World\u2019s largest jackpots","url":"https:\/\/redfoxlotto.com\/lv\/","logo":{"@type":"ImageObject","inLanguage":"lv-LV","@id":"https:\/\/redfoxlotto.com\/lv\/#\/schema\/logo\/image\/","url":"https:\/\/redfoxlotto.com\/wp-content\/uploads\/2023\/04\/logo.png","contentUrl":"https:\/\/redfoxlotto.com\/wp-content\/uploads\/2023\/04\/logo.png","width":269,"height":53,"caption":"Get Tickets for the World\u2019s largest jackpots"},"image":{"@id":"https:\/\/redfoxlotto.com\/lv\/#\/schema\/logo\/image\/"}}]}},"_links":{"self":[{"href":"https:\/\/redfoxlotto.com\/lv\/wp-json\/wp\/v2\/pages\/102075","targetHints":{"allow":["GET"]}}],"collection":[{"href":"https:\/\/redfoxlotto.com\/lv\/wp-json\/wp\/v2\/pages"}],"about":[{"href":"https:\/\/redfoxlotto.com\/lv\/wp-json\/wp\/v2\/types\/page"}],"author":[{"embeddable":true,"href":"https:\/\/redfoxlotto.com\/lv\/wp-json\/wp\/v2\/users\/8"}],"replies":[{"embeddable":true,"href":"https:\/\/redfoxlotto.com\/lv\/wp-json\/wp\/v2\/comments?post=102075"}],"version-history":[{"count":0,"href":"https:\/\/redfoxlotto.com\/lv\/wp-json\/wp\/v2\/pages\/102075\/revisions"}],"up":[{"embeddable":true,"href":"https:\/\/redfoxlotto.com\/lv\/wp-json\/wp\/v2\/pages\/84416"}],"wp:attachment":[{"href":"https:\/\/redfoxlotto.com\/lv\/wp-json\/wp\/v2\/media?parent=102075"}],"curies":[{"name":"wp","href":"https:\/\/api.w.org\/{rel}","templated":true}]}}