{"id":87661,"date":"2025-05-19T09:08:38","date_gmt":"2025-05-19T09:08:38","guid":{"rendered":"https:\/\/redfoxlotto.com\/?page_id=87661"},"modified":"2025-05-28T06:54:47","modified_gmt":"2025-05-28T06:54:47","slug":"euromillions-eu","status":"publish","type":"page","link":"https:\/\/redfoxlotto.com\/lt\/loterija\/euromillions-eu\/","title":{"rendered":"Apie &#8222;Euromillions EU"},"content":{"rendered":"<p data-start=\"60\" data-end=\"618\">EuroMillions EU yra vienas did\u017eiausi\u0173 ir populiariausi\u0173 loterij\u0173 \u017eaidim\u0173 Europoje, kiekvien\u0105 savait\u0119 pritraukiantis milijonus dalyvi\u0173 d\u0117l galimyb\u0117s laim\u0117ti gyvenim\u0105 pakei\u010dian\u010dius aukso puodus. \u0160i loterija, oficialiai \u017einoma kaip EuroMillions ES versija, yra itin populiari tokiose Europos \u0161alyse kaip Pranc\u016bzija, Ispanija, Austrija, Belgija, Airija, Liuksemburgas, Portugalija ir \u0160veicarija. EuroMillions buvo prad\u0117ta 2004 m. vasario 13 d. tik su Pranc\u016bzija, Ispanija ir Jungtine Karalyste, o jau iki spalio m\u0117nesio buvo i\u0161pl\u0117sta \u012f daugiau Europos \u0161ali\u0173.<\/p>\n<p><img loading=\"lazy\" decoding=\"async\" class=\"size-full wp-image-48546 alignright\" src=\"https:\/\/redfoxlotto.com\/wp-content\/uploads\/2023\/04\/powerball-draw-youtube1-300x300-1.jpg\" alt=\"euromillions\" width=\"300\" height=\"300\" srcset=\"https:\/\/redfoxlotto.com\/wp-content\/uploads\/2023\/04\/powerball-draw-youtube1-300x300-1.jpg 300w, https:\/\/redfoxlotto.com\/wp-content\/uploads\/2023\/04\/powerball-draw-youtube1-300x300-1-100x100.jpg 100w, https:\/\/redfoxlotto.com\/wp-content\/uploads\/2023\/04\/powerball-draw-youtube1-300x300-1-150x150.jpg 150w\" sizes=\"auto, (max-width: 300px) 100vw, 300px\" \/><\/p>\n<p data-start=\"620\" data-end=\"918\">Kiekviena dalyvaujanti valstyb\u0117 turi savo nacionalin\u0119 loterijos institucij\u0105, atsaking\u0105 u\u017e biliet\u0173 pardavim\u0105, priz\u0173 i\u0161mok\u0117jim\u0105 ir klient\u0173 aptarnavim\u0105. Nepaisant \u0161ios decentralizacijos, visos \u0161alys laikosi viening\u0173 taisykli\u0173, priz\u0173 lygi\u0173 ir burt\u0173 tvarkara\u0161\u010di\u0173, u\u017etikrinan\u010di\u0173 s\u0105\u017einingum\u0105 ir vienodum\u0105.<\/p>\n<p data-start=\"920\" data-end=\"1341\">EuroMillions EU burtai vyksta du kartus per savait\u0119 \u2013 antradienio ir penktadienio vakarais. Loterijoje taikomas dvigubos matricos formatas: \u017eaid\u0117jai pasirenka penkis skai\u010dius nuo 1 iki 50 bei du \u201eLaimingus \u017evaig\u017ed\u0117s\u201c skai\u010dius nuo 1 iki 12. Norint laim\u0117ti pagrindin\u012f priz\u0105, reikia atsp\u0117ti visus septynis skai\u010dius. Taip pat yra daugyb\u0117 antrini\u0173 priz\u0173 lygi\u0173, suteikian\u010di\u0173 galimybi\u0173 laim\u0117ti ma\u017eesnius, bet reik\u0161mingus prizus.<\/p>\n<p data-start=\"1343\" data-end=\"1756\">Pagrindinis skirtumas tarp ES ir JK EuroMillions versij\u0173 \u2013 unikalus papildomas \u017eaidimas, skirtas tik Jungtinei Karalystei, vadinamas <strong data-start=\"1476\" data-end=\"1497\">Millionaire Maker<\/strong>. \u0160i funkcija u\u017etikrina, kad kiekvien\u0173 burt\u0173 metu bent vienas JK bilieto savininkas taps milijonieriumi. D\u0117l \u0161ios garantijos JK bilietai yra gerokai brangesni nei kitose Europos \u0161alyse. Daugiau informacijos apie JK versij\u0105 galima rasti RedFoxLotto svetain\u0117je.<\/p>\n<p data-start=\"1758\" data-end=\"2124\">Tiems \u017eaid\u0117jams, kurie gyvena u\u017e dalyvaujan\u010di\u0173 \u0161ali\u0173 ar ES rib\u0173, dalyvavimas EuroMillions EU gali atrodyti ne\u012fmanomas. Ta\u010diau tarptautin\u0117s biliet\u0173 pirkimo paslaugos leid\u017eia lengvai prisijungti. U\u017esienio \u017eaid\u0117j\u0173 bilietai da\u017eniausiai \u012fsigyjami Austrijoje, kurios gerai organizuota loterijos infrastrukt\u016bra leid\u017eia \u017eaid\u0117jams i\u0161 viso pasaulio teis\u0117tai dalyvauti \u017eaidime.<\/p>\n<p data-start=\"2126\" data-end=\"2444\">Kalbant apie aukso puodus, EuroMillions EU si\u016blo tiek minimalius, tiek maksimalius laim\u0117jimus, siekiant padidinti \u017eaidimo patrauklum\u0105. <strong data-start=\"2261\" data-end=\"2318\">Minimalus aukso puodas prasideda nuo 17 milijon\u0173 eur\u0173<\/strong>, kas jau savaime gali pakeisti gyvenim\u0105. \u017daidimo populiarumui augant, maksimalus prizas padidintas iki <strong data-start=\"2422\" data-end=\"2443\">250 milijon\u0173 eur\u0173<\/strong>.<\/p>\n<p data-start=\"2446\" data-end=\"2708\">Kai aukso puodas pasiekia <strong data-start=\"2472\" data-end=\"2493\">200 milijon\u0173 eur\u0173<\/strong>, taikomos specialios taisykl\u0117s: \u0161i suma gali b\u016bti i\u0161laikyta ne ilgiau kaip keturiuose burtuose. Jei per \u0161\u012f laik\u0105 niekas nelaimi pagrindinio prizo, visas prizinis fondas paskirstomas tarp kit\u0173 priz\u0173 lygi\u0173 laim\u0117toj\u0173.<\/p>\n<p data-start=\"2710\" data-end=\"2933\">Kai aukso puodas pasiekia <strong data-start=\"2736\" data-end=\"2757\">250 milijon\u0173 eur\u0173<\/strong>, \u0161ios taisykl\u0117s taikomos v\u0117l. Po keturi\u0173 burt\u0173 be laim\u0117tojo, penkt\u0173j\u0173 burt\u0173 metu prizas paskirstomas \u017eemesniems priz\u0173 lygiams, da\u017enai sukuriant daugiau nei vien\u0105 milijonieri\u0173.<\/p>\n<p data-start=\"2935\" data-end=\"3218\">Toks priz\u0173 perskirstymo mechanizmas \u017eaidimui suteikia papildomos strategijos ir jaudulio. Kai aukso puodas pasiekia did\u017eiausi\u0105 rib\u0105, biliet\u0173 pardavimai smarkiai i\u0161auga d\u0117l \u017eaid\u0117j\u0173 entuziazmo. \u0160ie dideli prizai taip pat sulaukia \u017einiasklaidos d\u0117mesio, didindami loterijos populiarum\u0105.<\/p>\n<p data-start=\"3220\" data-end=\"3359\">Istori\u0161kai EuroMillions \u017eaidimas visoje Europoje suk\u016br\u0117 daugyb\u0119 milijonieri\u0173, o Austrija i\u0161siskiria kaip \u0161alis su daugybe s\u0117kming\u0173 \u017eaid\u0117j\u0173.<\/p>\n<p data-start=\"3361\" data-end=\"3612\">Galimyb\u0117 dalyvauti i\u0161 bet kurios pasaulio vietos, kartu su ai\u0161kiomis taisykl\u0117mis ir patrauklia priz\u0173 strukt\u016bra, daro EuroMillions EU itin patrauklia loterija tarptautiniams \u017eaid\u0117jams. Pasaulinis pasiekiamumas ir \u012fsp\u016bdingi prizai nuolat traukia d\u0117mes\u012f.<\/p>\n<p data-start=\"3614\" data-end=\"3807\">ES nepriklausantys \u017eaid\u0117jai gali patogiai dalyvauti per patikimus tarpininkus, kurie perka fizinius bilietus Austrijoje, skenuoja juos, \u012fkelia \u012f \u017eaid\u0117jo paskyr\u0105 ir i\u0161moka laim\u0117jimus tiesiogiai.<\/p>\n<p data-start=\"3809\" data-end=\"4139\">Apibendrinant \u2013 ai\u0161ki strukt\u016bra, tvirtos taisykl\u0117s ir \u012fsp\u016bdingi prizai daro EuroMillions EU \u017eaidim\u0105 puikiu pasirinkimu viso pasaulio \u017eaid\u0117jams. <strong data-start=\"3953\" data-end=\"3987\">Garantinis 17 mln. eur\u0173 prizas<\/strong>, <strong data-start=\"3989\" data-end=\"4035\">iki 250 mln. eur\u0173 siekianti vir\u0161utin\u0117 riba<\/strong>, ir \u012fdomios priz\u0173 perskirstymo taisykl\u0117s u\u017etikrina jaudinan\u010di\u0105 patirt\u012f tiek Europoje, tiek u\u017e jos rib\u0173.<\/p>\n","protected":false},"excerpt":{"rendered":"<p>EuroMillions EU yra vienas did\u017eiausi\u0173 ir populiariausi\u0173 loterij\u0173 \u017eaidim\u0173 Europoje, kiekvien\u0105 savait\u0119 pritraukiantis milijonus dalyvi\u0173 d\u0117l galimyb\u0117s laim\u0117ti gyvenim\u0105 pakei\u010dian\u010dius aukso puodus. \u0160i loterija, oficialiai \u017einoma kaip EuroMillions ES versija, yra itin populiari tokiose Europos \u0161alyse kaip Pranc\u016bzija, Ispanija, Austrija, Belgija, Airija, Liuksemburgas, Portugalija ir \u0160veicarija. EuroMillions buvo prad\u0117ta 2004 m. vasario 13 d. tik [&hellip;]<\/p>\n","protected":false},"author":8,"featured_media":0,"parent":17097,"menu_order":4,"comment_status":"closed","ping_status":"closed","template":"euromillions-at-info.php","meta":{"_et_pb_use_builder":"","_et_pb_old_content":"","_et_gb_content_width":"","exclude_from_search":false,"footnotes":""},"class_list":["post-87661","page","type-page","status-publish","hentry"],"yoast_head":"<!-- This site is optimized with the Yoast SEO plugin v27.3 - https:\/\/yoast.com\/product\/yoast-seo-wordpress\/ -->\n<title>Pirkite \u201eEuromillions\u201c bilietus internetu u\u017e ES rib\u0173<\/title>\n<meta name=\"description\" content=\"Kaip pirkti \u201eEuromillions\u201c bilietus internetu, skirtus JK ir ES \u201eEuromillions\u201c versijai. \u012esigykite bilietus i\u0161 bet kurios vietos, net ir u\u017e ES rib\u0173.\" \/>\n<meta name=\"robots\" content=\"index, follow, max-snippet:-1, max-image-preview:large, max-video-preview:-1\" \/>\n<link rel=\"canonical\" href=\"https:\/\/redfoxlotto.com\/lt\/loterija\/euromillions-eu\/\" \/>\n<meta property=\"og:locale\" content=\"lt_LT\" \/>\n<meta property=\"og:type\" content=\"article\" \/>\n<meta property=\"og:title\" content=\"Pirkite \u201eEuromillions\u201c bilietus internetu u\u017e ES rib\u0173\" \/>\n<meta property=\"og:description\" content=\"Kaip pirkti \u201eEuromillions\u201c bilietus internetu, skirtus JK ir ES \u201eEuromillions\u201c versijai. \u012esigykite bilietus i\u0161 bet kurios vietos, net ir u\u017e ES rib\u0173.\" \/>\n<meta property=\"og:url\" content=\"https:\/\/redfoxlotto.com\/lt\/loterija\/euromillions-eu\/\" \/>\n<meta property=\"og:site_name\" content=\"Get Tickets for the World\u2019s largest jackpots\" \/>\n<meta property=\"article:modified_time\" content=\"2025-05-28T06:54:47+00:00\" \/>\n<meta property=\"og:image\" content=\"https:\/\/redfoxlotto.com\/wp-content\/uploads\/2023\/04\/powerball-draw-youtube1-300x300-1.jpg\" \/>\n<meta name=\"twitter:card\" content=\"summary_large_image\" \/>\n<meta name=\"twitter:label1\" content=\"Est. reading time\" \/>\n\t<meta name=\"twitter:data1\" content=\"3 minut\u0117s\" \/>\n<script type=\"application\/ld+json\" class=\"yoast-schema-graph\">{\"@context\":\"https:\\\/\\\/schema.org\",\"@graph\":[{\"@type\":\"WebPage\",\"@id\":\"https:\\\/\\\/redfoxlotto.com\\\/lt\\\/loterija\\\/euromillions-eu\\\/\",\"url\":\"https:\\\/\\\/redfoxlotto.com\\\/lt\\\/loterija\\\/euromillions-eu\\\/\",\"name\":\"Pirkite \u201eEuromillions\u201c bilietus internetu u\u017e ES rib\u0173\",\"isPartOf\":{\"@id\":\"https:\\\/\\\/redfoxlotto.com\\\/lt\\\/#website\"},\"primaryImageOfPage\":{\"@id\":\"https:\\\/\\\/redfoxlotto.com\\\/lt\\\/loterija\\\/euromillions-eu\\\/#primaryimage\"},\"image\":{\"@id\":\"https:\\\/\\\/redfoxlotto.com\\\/lt\\\/loterija\\\/euromillions-eu\\\/#primaryimage\"},\"thumbnailUrl\":\"https:\\\/\\\/redfoxlotto.com\\\/wp-content\\\/uploads\\\/2023\\\/04\\\/powerball-draw-youtube1-300x300-1.jpg\",\"datePublished\":\"2025-05-19T09:08:38+00:00\",\"dateModified\":\"2025-05-28T06:54:47+00:00\",\"description\":\"Kaip pirkti \u201eEuromillions\u201c bilietus internetu, skirtus JK ir ES \u201eEuromillions\u201c versijai. \u012esigykite bilietus i\u0161 bet kurios vietos, net ir u\u017e ES rib\u0173.\",\"breadcrumb\":{\"@id\":\"https:\\\/\\\/redfoxlotto.com\\\/lt\\\/loterija\\\/euromillions-eu\\\/#breadcrumb\"},\"inLanguage\":\"lt-LT\",\"potentialAction\":[{\"@type\":\"ReadAction\",\"target\":[\"https:\\\/\\\/redfoxlotto.com\\\/lt\\\/loterija\\\/euromillions-eu\\\/\"]}]},{\"@type\":\"ImageObject\",\"inLanguage\":\"lt-LT\",\"@id\":\"https:\\\/\\\/redfoxlotto.com\\\/lt\\\/loterija\\\/euromillions-eu\\\/#primaryimage\",\"url\":\"https:\\\/\\\/redfoxlotto.com\\\/wp-content\\\/uploads\\\/2023\\\/04\\\/powerball-draw-youtube1-300x300-1.jpg\",\"contentUrl\":\"https:\\\/\\\/redfoxlotto.com\\\/wp-content\\\/uploads\\\/2023\\\/04\\\/powerball-draw-youtube1-300x300-1.jpg\"},{\"@type\":\"BreadcrumbList\",\"@id\":\"https:\\\/\\\/redfoxlotto.com\\\/lt\\\/loterija\\\/euromillions-eu\\\/#breadcrumb\",\"itemListElement\":[{\"@type\":\"ListItem\",\"position\":1,\"name\":\"Home\",\"item\":\"https:\\\/\\\/redfoxlotto.com\\\/lt\\\/\"},{\"@type\":\"ListItem\",\"position\":2,\"name\":\"Kaip internetu nusipirkti loterijos biliet\u0105 \u2013 \u012fsigyjimo proced\u016bra\",\"item\":\"https:\\\/\\\/redfoxlotto.com\\\/lt\\\/loterija\\\/\"},{\"@type\":\"ListItem\",\"position\":3,\"name\":\"Apie &#8222;Euromillions EU\"}]},{\"@type\":\"WebSite\",\"@id\":\"https:\\\/\\\/redfoxlotto.com\\\/lt\\\/#website\",\"url\":\"https:\\\/\\\/redfoxlotto.com\\\/lt\\\/\",\"name\":\"Get Tickets for the World\u2019s largest jackpots\",\"description\":\"Participate in worldwide lottery jackpots from any country\",\"publisher\":{\"@id\":\"https:\\\/\\\/redfoxlotto.com\\\/lt\\\/#organization\"},\"potentialAction\":[{\"@type\":\"SearchAction\",\"target\":{\"@type\":\"EntryPoint\",\"urlTemplate\":\"https:\\\/\\\/redfoxlotto.com\\\/lt\\\/?s={search_term_string}\"},\"query-input\":{\"@type\":\"PropertyValueSpecification\",\"valueRequired\":true,\"valueName\":\"search_term_string\"}}],\"inLanguage\":\"lt-LT\"},{\"@type\":\"Organization\",\"@id\":\"https:\\\/\\\/redfoxlotto.com\\\/lt\\\/#organization\",\"name\":\"Get Tickets for the World\u2019s largest jackpots\",\"url\":\"https:\\\/\\\/redfoxlotto.com\\\/lt\\\/\",\"logo\":{\"@type\":\"ImageObject\",\"inLanguage\":\"lt-LT\",\"@id\":\"https:\\\/\\\/redfoxlotto.com\\\/lt\\\/#\\\/schema\\\/logo\\\/image\\\/\",\"url\":\"https:\\\/\\\/redfoxlotto.com\\\/wp-content\\\/uploads\\\/2023\\\/04\\\/logo.png\",\"contentUrl\":\"https:\\\/\\\/redfoxlotto.com\\\/wp-content\\\/uploads\\\/2023\\\/04\\\/logo.png\",\"width\":269,\"height\":53,\"caption\":\"Get Tickets for the World\u2019s largest jackpots\"},\"image\":{\"@id\":\"https:\\\/\\\/redfoxlotto.com\\\/lt\\\/#\\\/schema\\\/logo\\\/image\\\/\"}}]}<\/script>\n<!-- \/ Yoast SEO plugin. -->","yoast_head_json":{"title":"Pirkite \u201eEuromillions\u201c bilietus internetu u\u017e ES rib\u0173","description":"Kaip pirkti \u201eEuromillions\u201c bilietus internetu, skirtus JK ir ES \u201eEuromillions\u201c versijai. \u012esigykite bilietus i\u0161 bet kurios vietos, net ir u\u017e ES rib\u0173.","robots":{"index":"index","follow":"follow","max-snippet":"max-snippet:-1","max-image-preview":"max-image-preview:large","max-video-preview":"max-video-preview:-1"},"canonical":"https:\/\/redfoxlotto.com\/lt\/loterija\/euromillions-eu\/","og_locale":"lt_LT","og_type":"article","og_title":"Pirkite \u201eEuromillions\u201c bilietus internetu u\u017e ES rib\u0173","og_description":"Kaip pirkti \u201eEuromillions\u201c bilietus internetu, skirtus JK ir ES \u201eEuromillions\u201c versijai. \u012esigykite bilietus i\u0161 bet kurios vietos, net ir u\u017e ES rib\u0173.","og_url":"https:\/\/redfoxlotto.com\/lt\/loterija\/euromillions-eu\/","og_site_name":"Get Tickets for the World\u2019s largest jackpots","article_modified_time":"2025-05-28T06:54:47+00:00","og_image":[{"url":"https:\/\/redfoxlotto.com\/wp-content\/uploads\/2023\/04\/powerball-draw-youtube1-300x300-1.jpg","type":"","width":"","height":""}],"twitter_card":"summary_large_image","twitter_misc":{"Est. reading time":"3 minut\u0117s"},"schema":{"@context":"https:\/\/schema.org","@graph":[{"@type":"WebPage","@id":"https:\/\/redfoxlotto.com\/lt\/loterija\/euromillions-eu\/","url":"https:\/\/redfoxlotto.com\/lt\/loterija\/euromillions-eu\/","name":"Pirkite \u201eEuromillions\u201c bilietus internetu u\u017e ES rib\u0173","isPartOf":{"@id":"https:\/\/redfoxlotto.com\/lt\/#website"},"primaryImageOfPage":{"@id":"https:\/\/redfoxlotto.com\/lt\/loterija\/euromillions-eu\/#primaryimage"},"image":{"@id":"https:\/\/redfoxlotto.com\/lt\/loterija\/euromillions-eu\/#primaryimage"},"thumbnailUrl":"https:\/\/redfoxlotto.com\/wp-content\/uploads\/2023\/04\/powerball-draw-youtube1-300x300-1.jpg","datePublished":"2025-05-19T09:08:38+00:00","dateModified":"2025-05-28T06:54:47+00:00","description":"Kaip pirkti \u201eEuromillions\u201c bilietus internetu, skirtus JK ir ES \u201eEuromillions\u201c versijai. \u012esigykite bilietus i\u0161 bet kurios vietos, net ir u\u017e ES rib\u0173.","breadcrumb":{"@id":"https:\/\/redfoxlotto.com\/lt\/loterija\/euromillions-eu\/#breadcrumb"},"inLanguage":"lt-LT","potentialAction":[{"@type":"ReadAction","target":["https:\/\/redfoxlotto.com\/lt\/loterija\/euromillions-eu\/"]}]},{"@type":"ImageObject","inLanguage":"lt-LT","@id":"https:\/\/redfoxlotto.com\/lt\/loterija\/euromillions-eu\/#primaryimage","url":"https:\/\/redfoxlotto.com\/wp-content\/uploads\/2023\/04\/powerball-draw-youtube1-300x300-1.jpg","contentUrl":"https:\/\/redfoxlotto.com\/wp-content\/uploads\/2023\/04\/powerball-draw-youtube1-300x300-1.jpg"},{"@type":"BreadcrumbList","@id":"https:\/\/redfoxlotto.com\/lt\/loterija\/euromillions-eu\/#breadcrumb","itemListElement":[{"@type":"ListItem","position":1,"name":"Home","item":"https:\/\/redfoxlotto.com\/lt\/"},{"@type":"ListItem","position":2,"name":"Kaip internetu nusipirkti loterijos biliet\u0105 \u2013 \u012fsigyjimo proced\u016bra","item":"https:\/\/redfoxlotto.com\/lt\/loterija\/"},{"@type":"ListItem","position":3,"name":"Apie &#8222;Euromillions EU"}]},{"@type":"WebSite","@id":"https:\/\/redfoxlotto.com\/lt\/#website","url":"https:\/\/redfoxlotto.com\/lt\/","name":"Get Tickets for the World\u2019s largest jackpots","description":"Participate in worldwide lottery jackpots from any country","publisher":{"@id":"https:\/\/redfoxlotto.com\/lt\/#organization"},"potentialAction":[{"@type":"SearchAction","target":{"@type":"EntryPoint","urlTemplate":"https:\/\/redfoxlotto.com\/lt\/?s={search_term_string}"},"query-input":{"@type":"PropertyValueSpecification","valueRequired":true,"valueName":"search_term_string"}}],"inLanguage":"lt-LT"},{"@type":"Organization","@id":"https:\/\/redfoxlotto.com\/lt\/#organization","name":"Get Tickets for the World\u2019s largest jackpots","url":"https:\/\/redfoxlotto.com\/lt\/","logo":{"@type":"ImageObject","inLanguage":"lt-LT","@id":"https:\/\/redfoxlotto.com\/lt\/#\/schema\/logo\/image\/","url":"https:\/\/redfoxlotto.com\/wp-content\/uploads\/2023\/04\/logo.png","contentUrl":"https:\/\/redfoxlotto.com\/wp-content\/uploads\/2023\/04\/logo.png","width":269,"height":53,"caption":"Get Tickets for the World\u2019s largest jackpots"},"image":{"@id":"https:\/\/redfoxlotto.com\/lt\/#\/schema\/logo\/image\/"}}]}},"_links":{"self":[{"href":"https:\/\/redfoxlotto.com\/lt\/wp-json\/wp\/v2\/pages\/87661","targetHints":{"allow":["GET"]}}],"collection":[{"href":"https:\/\/redfoxlotto.com\/lt\/wp-json\/wp\/v2\/pages"}],"about":[{"href":"https:\/\/redfoxlotto.com\/lt\/wp-json\/wp\/v2\/types\/page"}],"author":[{"embeddable":true,"href":"https:\/\/redfoxlotto.com\/lt\/wp-json\/wp\/v2\/users\/8"}],"replies":[{"embeddable":true,"href":"https:\/\/redfoxlotto.com\/lt\/wp-json\/wp\/v2\/comments?post=87661"}],"version-history":[{"count":0,"href":"https:\/\/redfoxlotto.com\/lt\/wp-json\/wp\/v2\/pages\/87661\/revisions"}],"up":[{"embeddable":true,"href":"https:\/\/redfoxlotto.com\/lt\/wp-json\/wp\/v2\/pages\/17097"}],"wp:attachment":[{"href":"https:\/\/redfoxlotto.com\/lt\/wp-json\/wp\/v2\/media?parent=87661"}],"curies":[{"name":"wp","href":"https:\/\/api.w.org\/{rel}","templated":true}]}}