{"id":87600,"date":"2025-05-19T09:07:38","date_gmt":"2025-05-19T09:07:38","guid":{"rendered":"https:\/\/redfoxlotto.com\/?page_id=87600"},"modified":"2025-12-17T06:51:30","modified_gmt":"2025-12-17T06:51:30","slug":"euromillions-eu","status":"publish","type":"page","link":"https:\/\/redfoxlotto.com\/lt\/zaisti\/euromillions-eu\/","title":{"rendered":"\u017daisti \u201eEuromillions\u201c ES"},"content":{"rendered":"<p><script type=\"application\/ld+json\">\n{\n  \"@context\": \"https:\/\/schema.org\",\n  \"@type\": \"Service\",\n  \"name\": \"\u017daiskite Euromillions Internete\",\n  \"url\": \"https:\/\/redfoxlotto.com\/lt\/zaisti\/euromillions\/\",\n  \"description\": \"\u017daiskite Euromillions loterij\u0105 internete i\u0161 bet kurios \u0161alies. Apsilankykite RedFoxLotto, pasirinkite savo numerius ir gaukite bilietus.\",\n  \"serviceType\": \"Online lottery ticket messenger service\",\n  \"provider\": {\n    \"@type\": \"Organization\",\n    \"name\": \"RedFoxLotto\",\n    \"url\": \"https:\/\/redfoxlotto.com\/lt\/\",\n    \"image\": \"https:\/\/redfoxlotto.com\/wp-content\/uploads\/2025\/12\/ticket_scans.jpg\",\n    \"sameAs\": []\n  },\n  \"areaServed\": \"Worldwide\",\n  \"termsOfService\": \"https:\/\/redfoxlotto.com\/terms-and-conditions\",\n  \"additionalProperty\": {\n    \"@type\": \"PropertyValue\",\n    \"name\": \"FAQ\",\n    \"value\": \"https:\/\/redfoxlotto.com\/lt\/faq\/\"\n  },\n  \"hasOfferCatalog\": {\n    \"@type\": \"OfferCatalog\",\n    \"name\": \"Euromillions Loterijos Bilietai\",\n    \"itemListElement\": [\n      {\n        \"@type\": \"Offer\",\n        \"name\": \"Euromillions Bilietai\",\n        \"url\": \"https:\/\/redfoxlotto.com\/lt\/zaisti\/euromillions\/\",\n        \"description\": \"Spustel\u0117kite \u010dia, kad pasirinktum\u0117te savo numerius kitam Euromillions traukimui \u2013 u\u017esisakykite bilietus internetu.\",\n        \"price\": \"7.00\",\n        \"priceCurrency\": \"EUR\",\n        \"availability\": \"https:\/\/schema.org\/InStock\",\n        \"itemOffered\": {\n          \"@type\": \"Service\",\n          \"name\": \"Euromillions Loterijos Bilietai\",\n          \"description\": \"\u017daiskite kitame Euromillions traukimui per RedFoxLotto.\"\n        }\n      }\n    ]\n  },\n  \"mainEntityOfPage\": {\n    \"@type\": \"WebPage\",\n    \"@id\": \"https:\/\/redfoxlotto.com\/lt\/zaisti\/euromillions\/\"\n  }\n}\n<\/script><\/p>\n<p><img loading=\"lazy\" decoding=\"async\" class=\" wp-image-67116 alignleft\" src=\"https:\/\/redfoxlotto.com\/wp-content\/uploads\/2024\/03\/Balls-300x300.png\" alt=\"euromillions Austrija\" width=\"244\" height=\"244\" \/><\/p>\n<h2 data-start=\"38\" data-end=\"87\">\u012evadas: Kas yra \u201eEuroMillions EU\u201c (Austrija)?<\/h2>\n<p data-start=\"89\" data-end=\"385\">\u201eEuroMillions EU\u201c (Austrija) yra vienas i\u0161 populiariausi\u0173 ir turtingiausi\u0173 loterij\u0173 \u017eaidim\u0173 Europoje. Pirm\u0105 kart\u0105 pristatytas 2004 m., jis oficialiai vyksta devyniose Europos \u0161alyse: Pranc\u016bzijoje, Ispanijoje, Austrijoje, Belgijoje, Airijoje, Liuksemburge, Portugalijoje, \u0160veicarijoje ir Andoroje.<\/p>\n<p data-start=\"387\" data-end=\"677\">O kas, jei gyvenate ne Europoje ar \u0161alyje, kurioje \u201eEuroMillions\u201c ne\u017eaid\u017eiamas? Ar vis tiek galite dalyvauti ir laim\u0117ti gyvenim\u0105 pakei\u010diant\u012f priz\u0105? Atsakymas \u2013 taip. Per \u201eRedFoxLotto.com\u201c galite internetu \u012fsigyti teis\u0117tus \u201eEuroMillions EU\u201c (Austrija) bilietus i\u0161 bet kurios pasaulio vietos.<\/p>\n<h2 data-start=\"679\" data-end=\"730\">Kaip \u017eaisti \u201eEuroMillions\u201c internetu u\u017e ES rib\u0173<\/h2>\n<p data-start=\"732\" data-end=\"957\">Jeigu j\u016bs\u0173 \u0161alis n\u0117ra dalyvaujanti, vietin\u0117je parduotuv\u0117je bilieto nenusipirksite. Ta\u010diau naudodamiesi patikima tarpininkavimo paslauga, pavyzd\u017eiui, \u201eRedFoxLotto\u201c, galite \u012fsigyti biliet\u0105 nuotoliniu b\u016bdu. \u0160tai kaip tai veikia:<\/p>\n<ol data-start=\"959\" data-end=\"1270\">\n<li data-start=\"959\" data-end=\"997\">\n<p data-start=\"962\" data-end=\"997\">Apsilankykite <a class=\"\" href=\"http:\/\/www.RedFoxLotto.com\" target=\"_new\" rel=\"noopener\" data-start=\"976\" data-end=\"995\">www.RedFoxLotto.com<\/a><\/p>\n<\/li>\n<li data-start=\"998\" data-end=\"1050\">\n<p data-start=\"1001\" data-end=\"1050\">Pasirinkite \u201eEuroMillions EU\u201c (Austrija) tira\u017e\u0105<\/p>\n<\/li>\n<li data-start=\"1051\" data-end=\"1115\">\n<p data-start=\"1054\" data-end=\"1115\">Pasirinkite savo skai\u010dius arba naudokite \u201eGreit\u0105 parinkim\u0105\u201c<\/p>\n<\/li>\n<li data-start=\"1116\" data-end=\"1201\">\n<p data-start=\"1119\" data-end=\"1201\">U\u017ebaikite u\u017esakym\u0105 \u2013 vietinis Austrijos agentas j\u016bs\u0173 vardu nupirks tikr\u0105 biliet\u0105<\/p>\n<\/li>\n<li data-start=\"1202\" data-end=\"1270\">\n<p data-start=\"1205\" data-end=\"1270\">Nuskenuoto bilieto kopija bus \u012fkelta \u012f j\u016bs\u0173 paskyr\u0105 kaip \u012frodymas<\/p>\n<\/li>\n<\/ol>\n<p data-start=\"1272\" data-end=\"1440\">Tai yra 100 % teis\u0117ta ir patikimas b\u016bdas dalyvauti oficialiame \u201eEuroMillions EU\u201c (Austrija) \u017eaidime, nesvarbu, ar gyvenate Azijoje, Afrikoje, Amerikoje ar Australijoje.<\/p>\n<h2 data-start=\"1442\" data-end=\"1504\">Skirtumai tarp \u201eEuroMillions EU\u201c (Austrija) ir JK versijos<\/h2>\n<p data-start=\"1506\" data-end=\"1659\">Yra dvi atskiros versijos: \u201eEuroMillions EU\u201c ir \u201eEuroMillions UK\u201c. Abi priklauso \u201eEuroMillions\u201c \u0161eimai, ta\u010diau jos turi skirtingas taisykles ir ypatybes.<\/p>\n<p data-start=\"1661\" data-end=\"1834\">JK bilietai yra brangesni, nes juose yra papildoma funkcija \u201eMillionaire Maker\u201c, kuri kiekvieno tira\u017eo metu garantuoja, kad vienas JK \u017eaid\u0117jas laim\u0117s 1 mln. svar\u0173 sterling\u0173.<\/p>\n<p data-start=\"1836\" data-end=\"1952\">JK versija taip pat turi kitoki\u0105 i\u0161mok\u0117jimo strukt\u016br\u0105 ir yra paveikta reguliavimo i\u0161laid\u0173 bei valiut\u0173 kurs\u0173 poky\u010di\u0173.<\/p>\n<p data-start=\"1954\" data-end=\"2143\">Jei \u017eaid\u017eiate per \u201eRedFoxLotto\u201c, j\u016bs dalyvaujate ES (Austrijos) versijoje, o ne JK \u017eaidime. Austrijos versijoje n\u0117ra \u201eMillionaire Maker\u201c, tod\u0117l bilietai pigesni, o taisykl\u0117s \u2013 paprastesn\u0117s.<\/p>\n<h2 data-start=\"2145\" data-end=\"2170\">Kur perkami bilietai?<\/h2>\n<p data-start=\"2172\" data-end=\"2300\">Visi per \u201eRedFoxLotto\u201c u\u017esakyti \u201eEuroMillions EU\u201c bilietai yra fizi\u0161kai perkami Austrijoje \u2013 oficialioje dalyvaujan\u010dioje \u0161alyje.<\/p>\n<h2 data-start=\"2302\" data-end=\"2332\">Kod\u0117l pasirinkta Austrija?<\/h2>\n<p data-start=\"2334\" data-end=\"2491\">Austrija yra ES nar\u0117, tod\u0117l u\u017etikrina prieig\u0105 prie originalaus \u201eEuroMillions EU\u201c tira\u017eo. Bilietai \u010dia valdomi pagal grie\u017etas taisykles ir visi\u0161kai skaidriai.<\/p>\n<p data-start=\"2493\" data-end=\"2704\">Be to, Austrijoje \u0161iuo metu loterijos laim\u0117jimai n\u0117ra apmokestinami \u2013 tai did\u017eiulis privalumas u\u017esienio \u017eaid\u0117jams. Kai tik bilietas nupirktas, jo skenuota kopija \u012fkeliama \u012f j\u016bs\u0173 paskyr\u0105 kaip nuosavyb\u0117s \u012frodymas.<\/p>\n<h2 data-start=\"2706\" data-end=\"2762\">D\u017eekpoto informacija: minimal\u016bs ir maksimal\u016bs prizai<\/h2>\n<p data-start=\"2764\" data-end=\"2885\">Vienas i\u0161 pagrindini\u0173 prie\u017eas\u010di\u0173, kod\u0117l \u017emon\u0117s visame pasaulyje nori \u017eaisti \u201eEuroMillions\u201c internetu \u2013 mil\u017eini\u0161ki prizai.<\/p>\n<p data-start=\"2887\" data-end=\"2903\">Kaip tai veikia:<\/p>\n<ul data-start=\"2905\" data-end=\"2986\">\n<li data-start=\"2905\" data-end=\"2942\">\n<p data-start=\"2907\" data-end=\"2942\">Minimalus d\u017eekpotas: 17 mln. eur\u0173<\/p>\n<\/li>\n<li data-start=\"2943\" data-end=\"2986\">\n<p data-start=\"2945\" data-end=\"2986\">Maksimalus prizas (riba): 250 mln. eur\u0173<\/p>\n<\/li>\n<\/ul>\n<p data-start=\"2988\" data-end=\"3056\">Jei n\u0117ra laim\u0117tojo, prizas perkeliama \u012f kit\u0105 tira\u017e\u0105 ir greitai auga.<\/p>\n<h2 data-start=\"3058\" data-end=\"3112\">Kas nutinka, kai d\u017eekpotas pasiekia 200 mln. eur\u0173?<\/h2>\n<p data-start=\"3114\" data-end=\"3154\">Kai priz\u0173 fondas pasiekia 200 mln. eur\u0173:<\/p>\n<ul data-start=\"3156\" data-end=\"3255\">\n<li data-start=\"3156\" data-end=\"3205\">\n<p data-start=\"3158\" data-end=\"3205\">Jis did\u0117ja po 10 mln. eur\u0173 kiekviename tira\u017ee<\/p>\n<\/li>\n<li data-start=\"3206\" data-end=\"3255\">\n<p data-start=\"3208\" data-end=\"3255\">Tai t\u0119siasi iki pasiekiama 250 mln. eur\u0173 riba<\/p>\n<\/li>\n<\/ul>\n<h2 data-start=\"3257\" data-end=\"3292\">O kai pasiekiama 250 mln. eur\u0173?<\/h2>\n<p data-start=\"3294\" data-end=\"3467\">Kai pasiekiama \u0161i riba, ji gali b\u016bti i\u0161laikyta iki 4 papildom\u0173 tira\u017e\u0173. Jei ir tada niekas nelaimi, prizas paskirstomas kit\u0173 laim\u0117toj\u0173 tarpui pagal sekan\u010di\u0105 priz\u0173 kategorij\u0105.<\/p>\n<p data-start=\"3469\" data-end=\"3582\">\u0160ios taisykl\u0117s daro \u201eEuroMillions EU\u201c (Austrija) vienu i\u0161 \u012fdomiausi\u0173 ir \u017eaid\u0117jui palankiausi\u0173 loterij\u0173 pasaulyje.<\/p>\n<h2 data-start=\"3584\" data-end=\"3645\">Kod\u0117l verta \u017eaisti \u201eEuroMillions EU\u201c (Austrija) internetu<\/h2>\n<p data-start=\"3647\" data-end=\"3704\">Ypa\u010d gyvenantiems u\u017e ES rib\u0173, yra daug svarbi\u0173 privalum\u0173:<\/p>\n<ul data-start=\"3706\" data-end=\"3960\">\n<li data-start=\"3706\" data-end=\"3763\">\n<p data-start=\"3708\" data-end=\"3763\">Pasaulin\u0117 prieiga: galite \u017eaisti i\u0161 bet kurios vietos<\/p>\n<\/li>\n<li data-start=\"3764\" data-end=\"3818\">\n<p data-start=\"3766\" data-end=\"3818\">Patogu: bilietus galima pirkti bet kada ir bet kur<\/p>\n<\/li>\n<li data-start=\"3819\" data-end=\"3854\">\n<p data-start=\"3821\" data-end=\"3854\">Skaitmeninis \u012fsigijimo \u012frodymas<\/p>\n<\/li>\n<li data-start=\"3855\" data-end=\"3916\">\n<p data-start=\"3857\" data-end=\"3916\">Mokes\u010di\u0173 lengvatos: Austrijoje laim\u0117jimai neapmokestinami<\/p>\n<\/li>\n<li data-start=\"3917\" data-end=\"3960\">\n<p data-start=\"3919\" data-end=\"3960\">Mil\u017eini\u0161ki d\u017eekpotai: iki 250 mln. eur\u0173<\/p>\n<\/li>\n<\/ul>\n<h2 data-start=\"3962\" data-end=\"3974\">Pabaigai<\/h2>\n<p data-start=\"3976\" data-end=\"4170\">Norint \u017eaisti \u201eEuroMillions EU\u201c (Austrija), nereikia gyventi Pranc\u016bzijoje, Ispanijoje ar Portugalijoje. \u0160iais interneto laikais galite dalyvauti net b\u016bdami u\u017e ES rib\u0173 ir siekti rekordini\u0173 priz\u0173.<\/p>\n<p data-start=\"4172\" data-end=\"4425\">Nesvarbu, ar siekiate tapti kitu Europos milijonieriumi, ar tiesiog m\u0117gaujat\u0117s \u017eaidimu \u2013 per \u201eRedFoxLotto.com\u201c prisijungti labai paprasta. Pasirinkite savo laimingus skai\u010dius ir prad\u0117kite \u017eaisti jau \u0161iandien \u2013 galb\u016bt kitas didysis laim\u0117tojas b\u016bsite J\u016bs!<\/p>\n","protected":false},"excerpt":{"rendered":"<p>\u012evadas: Kas yra \u201eEuroMillions EU\u201c (Austrija)? \u201eEuroMillions EU\u201c (Austrija) yra vienas i\u0161 populiariausi\u0173 ir turtingiausi\u0173 loterij\u0173 \u017eaidim\u0173 Europoje. Pirm\u0105 kart\u0105 pristatytas 2004 m., jis oficialiai vyksta devyniose Europos \u0161alyse: Pranc\u016bzijoje, Ispanijoje, Austrijoje, Belgijoje, Airijoje, Liuksemburge, Portugalijoje, \u0160veicarijoje ir Andoroje. O kas, jei gyvenate ne Europoje ar \u0161alyje, kurioje \u201eEuroMillions\u201c ne\u017eaid\u017eiamas? Ar vis tiek galite dalyvauti [&hellip;]<\/p>\n","protected":false},"author":8,"featured_media":0,"parent":17114,"menu_order":4,"comment_status":"closed","ping_status":"closed","template":"euromillions-at.php","meta":{"_et_pb_use_builder":"","_et_pb_old_content":"","_et_gb_content_width":"","exclude_from_search":false,"footnotes":""},"class_list":["post-87600","page","type-page","status-publish","hentry"],"yoast_head":"<!-- This site is optimized with the Yoast SEO plugin v23.8 - https:\/\/yoast.com\/wordpress\/plugins\/seo\/ -->\n<title>\u017daiskite \u201eEuromillions\u201c internetu i\u0161 ES nepriklausan\u010di\u0173 \u0161ali\u0173<\/title>\n<meta name=\"description\" content=\"Kaip \u017eaisti \u201eEuromillions\u201c internetu i\u0161 ne ES \u0161ali\u0173 arba jei j\u016bs\u0173 \u0161alis nedalyvauja \u201eEuromillions\u201c \u017eaidime\" \/>\n<meta name=\"robots\" content=\"index, follow, max-snippet:-1, max-image-preview:large, max-video-preview:-1\" \/>\n<link rel=\"canonical\" href=\"https:\/\/redfoxlotto.com\/lt\/zaisti\/euromillions-eu\/\" \/>\n<meta property=\"og:locale\" content=\"lt_LT\" \/>\n<meta property=\"og:type\" content=\"article\" \/>\n<meta property=\"og:title\" content=\"\u017daiskite \u201eEuromillions\u201c internetu i\u0161 ES nepriklausan\u010di\u0173 \u0161ali\u0173\" \/>\n<meta property=\"og:description\" content=\"Kaip \u017eaisti \u201eEuromillions\u201c internetu i\u0161 ne ES \u0161ali\u0173 arba jei j\u016bs\u0173 \u0161alis nedalyvauja \u201eEuromillions\u201c \u017eaidime\" \/>\n<meta property=\"og:url\" content=\"https:\/\/redfoxlotto.com\/lt\/zaisti\/euromillions-eu\/\" \/>\n<meta property=\"og:site_name\" content=\"Get Tickets for the World\u2019s largest jackpots\" \/>\n<meta property=\"article:modified_time\" content=\"2025-12-17T06:51:30+00:00\" \/>\n<meta property=\"og:image\" content=\"https:\/\/redfoxlotto.com\/wp-content\/uploads\/2024\/03\/Balls-300x300.png\" \/>\n<meta name=\"twitter:card\" content=\"summary_large_image\" \/>\n<meta name=\"twitter:label1\" content=\"Est. reading time\" \/>\n\t<meta name=\"twitter:data1\" content=\"3 minut\u0117s\" \/>\n<script type=\"application\/ld+json\" class=\"yoast-schema-graph\">{\"@context\":\"https:\/\/schema.org\",\"@graph\":[{\"@type\":\"WebPage\",\"@id\":\"https:\/\/redfoxlotto.com\/lt\/zaisti\/euromillions-eu\/\",\"url\":\"https:\/\/redfoxlotto.com\/lt\/zaisti\/euromillions-eu\/\",\"name\":\"\u017daiskite \u201eEuromillions\u201c internetu i\u0161 ES nepriklausan\u010di\u0173 \u0161ali\u0173\",\"isPartOf\":{\"@id\":\"https:\/\/redfoxlotto.com\/lt\/#website\"},\"primaryImageOfPage\":{\"@id\":\"https:\/\/redfoxlotto.com\/lt\/zaisti\/euromillions-eu\/#primaryimage\"},\"image\":{\"@id\":\"https:\/\/redfoxlotto.com\/lt\/zaisti\/euromillions-eu\/#primaryimage\"},\"thumbnailUrl\":\"https:\/\/redfoxlotto.com\/wp-content\/uploads\/2024\/03\/Balls-300x300.png\",\"datePublished\":\"2025-05-19T09:07:38+00:00\",\"dateModified\":\"2025-12-17T06:51:30+00:00\",\"description\":\"Kaip \u017eaisti \u201eEuromillions\u201c internetu i\u0161 ne ES \u0161ali\u0173 arba jei j\u016bs\u0173 \u0161alis nedalyvauja \u201eEuromillions\u201c \u017eaidime\",\"breadcrumb\":{\"@id\":\"https:\/\/redfoxlotto.com\/lt\/zaisti\/euromillions-eu\/#breadcrumb\"},\"inLanguage\":\"lt-LT\",\"potentialAction\":[{\"@type\":\"ReadAction\",\"target\":[\"https:\/\/redfoxlotto.com\/lt\/zaisti\/euromillions-eu\/\"]}]},{\"@type\":\"ImageObject\",\"inLanguage\":\"lt-LT\",\"@id\":\"https:\/\/redfoxlotto.com\/lt\/zaisti\/euromillions-eu\/#primaryimage\",\"url\":\"https:\/\/redfoxlotto.com\/wp-content\/uploads\/2024\/03\/Balls-300x300.png\",\"contentUrl\":\"https:\/\/redfoxlotto.com\/wp-content\/uploads\/2024\/03\/Balls-300x300.png\"},{\"@type\":\"BreadcrumbList\",\"@id\":\"https:\/\/redfoxlotto.com\/lt\/zaisti\/euromillions-eu\/#breadcrumb\",\"itemListElement\":[{\"@type\":\"ListItem\",\"position\":1,\"name\":\"Home\",\"item\":\"https:\/\/redfoxlotto.com\/lt\/\"},{\"@type\":\"ListItem\",\"position\":2,\"name\":\"Kaip \u017eaisti kit\u0173 \u0161ali\u0173 loterijose\",\"item\":\"https:\/\/redfoxlotto.com\/lt\/zaisti\/\"},{\"@type\":\"ListItem\",\"position\":3,\"name\":\"\u017daisti \u201eEuromillions\u201c ES\"}]},{\"@type\":\"WebSite\",\"@id\":\"https:\/\/redfoxlotto.com\/lt\/#website\",\"url\":\"https:\/\/redfoxlotto.com\/lt\/\",\"name\":\"Get Tickets for the World\u2019s largest jackpots\",\"description\":\"Participate in worldwide lottery jackpots from any country\",\"publisher\":{\"@id\":\"https:\/\/redfoxlotto.com\/lt\/#organization\"},\"potentialAction\":[{\"@type\":\"SearchAction\",\"target\":{\"@type\":\"EntryPoint\",\"urlTemplate\":\"https:\/\/redfoxlotto.com\/lt\/?s={search_term_string}\"},\"query-input\":{\"@type\":\"PropertyValueSpecification\",\"valueRequired\":true,\"valueName\":\"search_term_string\"}}],\"inLanguage\":\"lt-LT\"},{\"@type\":\"Organization\",\"@id\":\"https:\/\/redfoxlotto.com\/lt\/#organization\",\"name\":\"Get Tickets for the World\u2019s largest jackpots\",\"url\":\"https:\/\/redfoxlotto.com\/lt\/\",\"logo\":{\"@type\":\"ImageObject\",\"inLanguage\":\"lt-LT\",\"@id\":\"https:\/\/redfoxlotto.com\/lt\/#\/schema\/logo\/image\/\",\"url\":\"https:\/\/redfoxlotto.com\/wp-content\/uploads\/2023\/04\/logo.png\",\"contentUrl\":\"https:\/\/redfoxlotto.com\/wp-content\/uploads\/2023\/04\/logo.png\",\"width\":269,\"height\":53,\"caption\":\"Get Tickets for the World\u2019s largest jackpots\"},\"image\":{\"@id\":\"https:\/\/redfoxlotto.com\/lt\/#\/schema\/logo\/image\/\"}}]}<\/script>\n<!-- \/ Yoast SEO plugin. -->","yoast_head_json":{"title":"\u017daiskite \u201eEuromillions\u201c internetu i\u0161 ES nepriklausan\u010di\u0173 \u0161ali\u0173","description":"Kaip \u017eaisti \u201eEuromillions\u201c internetu i\u0161 ne ES \u0161ali\u0173 arba jei j\u016bs\u0173 \u0161alis nedalyvauja \u201eEuromillions\u201c \u017eaidime","robots":{"index":"index","follow":"follow","max-snippet":"max-snippet:-1","max-image-preview":"max-image-preview:large","max-video-preview":"max-video-preview:-1"},"canonical":"https:\/\/redfoxlotto.com\/lt\/zaisti\/euromillions-eu\/","og_locale":"lt_LT","og_type":"article","og_title":"\u017daiskite \u201eEuromillions\u201c internetu i\u0161 ES nepriklausan\u010di\u0173 \u0161ali\u0173","og_description":"Kaip \u017eaisti \u201eEuromillions\u201c internetu i\u0161 ne ES \u0161ali\u0173 arba jei j\u016bs\u0173 \u0161alis nedalyvauja \u201eEuromillions\u201c \u017eaidime","og_url":"https:\/\/redfoxlotto.com\/lt\/zaisti\/euromillions-eu\/","og_site_name":"Get Tickets for the World\u2019s largest jackpots","article_modified_time":"2025-12-17T06:51:30+00:00","og_image":[{"url":"https:\/\/redfoxlotto.com\/wp-content\/uploads\/2024\/03\/Balls-300x300.png"}],"twitter_card":"summary_large_image","twitter_misc":{"Est. reading time":"3 minut\u0117s"},"schema":{"@context":"https:\/\/schema.org","@graph":[{"@type":"WebPage","@id":"https:\/\/redfoxlotto.com\/lt\/zaisti\/euromillions-eu\/","url":"https:\/\/redfoxlotto.com\/lt\/zaisti\/euromillions-eu\/","name":"\u017daiskite \u201eEuromillions\u201c internetu i\u0161 ES nepriklausan\u010di\u0173 \u0161ali\u0173","isPartOf":{"@id":"https:\/\/redfoxlotto.com\/lt\/#website"},"primaryImageOfPage":{"@id":"https:\/\/redfoxlotto.com\/lt\/zaisti\/euromillions-eu\/#primaryimage"},"image":{"@id":"https:\/\/redfoxlotto.com\/lt\/zaisti\/euromillions-eu\/#primaryimage"},"thumbnailUrl":"https:\/\/redfoxlotto.com\/wp-content\/uploads\/2024\/03\/Balls-300x300.png","datePublished":"2025-05-19T09:07:38+00:00","dateModified":"2025-12-17T06:51:30+00:00","description":"Kaip \u017eaisti \u201eEuromillions\u201c internetu i\u0161 ne ES \u0161ali\u0173 arba jei j\u016bs\u0173 \u0161alis nedalyvauja \u201eEuromillions\u201c \u017eaidime","breadcrumb":{"@id":"https:\/\/redfoxlotto.com\/lt\/zaisti\/euromillions-eu\/#breadcrumb"},"inLanguage":"lt-LT","potentialAction":[{"@type":"ReadAction","target":["https:\/\/redfoxlotto.com\/lt\/zaisti\/euromillions-eu\/"]}]},{"@type":"ImageObject","inLanguage":"lt-LT","@id":"https:\/\/redfoxlotto.com\/lt\/zaisti\/euromillions-eu\/#primaryimage","url":"https:\/\/redfoxlotto.com\/wp-content\/uploads\/2024\/03\/Balls-300x300.png","contentUrl":"https:\/\/redfoxlotto.com\/wp-content\/uploads\/2024\/03\/Balls-300x300.png"},{"@type":"BreadcrumbList","@id":"https:\/\/redfoxlotto.com\/lt\/zaisti\/euromillions-eu\/#breadcrumb","itemListElement":[{"@type":"ListItem","position":1,"name":"Home","item":"https:\/\/redfoxlotto.com\/lt\/"},{"@type":"ListItem","position":2,"name":"Kaip \u017eaisti kit\u0173 \u0161ali\u0173 loterijose","item":"https:\/\/redfoxlotto.com\/lt\/zaisti\/"},{"@type":"ListItem","position":3,"name":"\u017daisti \u201eEuromillions\u201c ES"}]},{"@type":"WebSite","@id":"https:\/\/redfoxlotto.com\/lt\/#website","url":"https:\/\/redfoxlotto.com\/lt\/","name":"Get Tickets for the World\u2019s largest jackpots","description":"Participate in worldwide lottery jackpots from any country","publisher":{"@id":"https:\/\/redfoxlotto.com\/lt\/#organization"},"potentialAction":[{"@type":"SearchAction","target":{"@type":"EntryPoint","urlTemplate":"https:\/\/redfoxlotto.com\/lt\/?s={search_term_string}"},"query-input":{"@type":"PropertyValueSpecification","valueRequired":true,"valueName":"search_term_string"}}],"inLanguage":"lt-LT"},{"@type":"Organization","@id":"https:\/\/redfoxlotto.com\/lt\/#organization","name":"Get Tickets for the World\u2019s largest jackpots","url":"https:\/\/redfoxlotto.com\/lt\/","logo":{"@type":"ImageObject","inLanguage":"lt-LT","@id":"https:\/\/redfoxlotto.com\/lt\/#\/schema\/logo\/image\/","url":"https:\/\/redfoxlotto.com\/wp-content\/uploads\/2023\/04\/logo.png","contentUrl":"https:\/\/redfoxlotto.com\/wp-content\/uploads\/2023\/04\/logo.png","width":269,"height":53,"caption":"Get Tickets for the World\u2019s largest jackpots"},"image":{"@id":"https:\/\/redfoxlotto.com\/lt\/#\/schema\/logo\/image\/"}}]}},"_links":{"self":[{"href":"https:\/\/redfoxlotto.com\/lt\/wp-json\/wp\/v2\/pages\/87600","targetHints":{"allow":["GET"]}}],"collection":[{"href":"https:\/\/redfoxlotto.com\/lt\/wp-json\/wp\/v2\/pages"}],"about":[{"href":"https:\/\/redfoxlotto.com\/lt\/wp-json\/wp\/v2\/types\/page"}],"author":[{"embeddable":true,"href":"https:\/\/redfoxlotto.com\/lt\/wp-json\/wp\/v2\/users\/8"}],"replies":[{"embeddable":true,"href":"https:\/\/redfoxlotto.com\/lt\/wp-json\/wp\/v2\/comments?post=87600"}],"version-history":[{"count":0,"href":"https:\/\/redfoxlotto.com\/lt\/wp-json\/wp\/v2\/pages\/87600\/revisions"}],"up":[{"embeddable":true,"href":"https:\/\/redfoxlotto.com\/lt\/wp-json\/wp\/v2\/pages\/17114"}],"wp:attachment":[{"href":"https:\/\/redfoxlotto.com\/lt\/wp-json\/wp\/v2\/media?parent=87600"}],"curies":[{"name":"wp","href":"https:\/\/api.w.org\/{rel}","templated":true}]}}