{"id":87455,"date":"2025-05-21T09:02:00","date_gmt":"2025-05-21T09:02:00","guid":{"rendered":"https:\/\/redfoxlotto.com\/?page_id=87455"},"modified":"2025-10-07T12:48:16","modified_gmt":"2025-10-07T12:48:16","slug":"platinum-keno-5-milijonu-euru-pagrindinis-prizas","status":"publish","type":"page","link":"https:\/\/redfoxlotto.com\/lt\/keno\/platinum-keno-5-milijonu-euru-pagrindinis-prizas\/","title":{"rendered":"\u201ePlatinum Keno\u201c 5 milijon\u0173 eur\u0173 pagrindinis prizas"},"content":{"rendered":"<p>\u0160is 5 milijon\u0173 eur\u0173 vert\u0117s \u201eKeno\u201c \u017eaidimas traukiamas kasdien &#8211; pasirinkite savo skai\u010di\u0173 kombinacij\u0105 dabar!<\/p>\n<div class=\"keno-banner-wrapper\">\n  <img decoding=\"async\" src=\"https:\/\/redfoxlotto.com\/wp-content\/uploads\/2025\/10\/1-scaled.png\" alt=\"Keno Banner\" class=\"keno-banner-image\"><br \/>\n  <div class=\"keno-banner-overlay\"><div class=\"keno-banner-text\">Pagrindinis prizas: \u20ac5,000,000<br>Loterijos kas 8 minutes<\/div><a href=\"https:\/\/keno.redfoxlotto.com\/play\/platinum-keno\" class=\"keno-banner-button\">\u017daiskite \u201ePlatinum Keno\u201c dabar<\/a><\/div>\n<\/div>\n","protected":false},"excerpt":{"rendered":"<p>\u0160is 5 milijon\u0173 eur\u0173 vert\u0117s \u201eKeno\u201c \u017eaidimas traukiamas kasdien &#8211; pasirinkite savo skai\u010di\u0173 kombinacij\u0105 dabar!<\/p>\n","protected":false},"author":8,"featured_media":0,"parent":84419,"menu_order":41,"comment_status":"closed","ping_status":"closed","template":"","meta":{"_et_pb_use_builder":"","_et_pb_old_content":"","_et_gb_content_width":"","exclude_from_search":false,"footnotes":""},"class_list":["post-87455","page","type-page","status-publish","hentry"],"yoast_head":"<!-- This site is optimized with the Yoast SEO plugin v23.8 - https:\/\/yoast.com\/wordpress\/plugins\/seo\/ -->\n<title>Geriausi Keno skai\u010di\u0173 deriniai | Geriausi skai\u010diai, kuriuos galima \u017eaisti Keno \u017eaidime<\/title>\n<meta name=\"description\" content=\"Pasirinkite geriausius Keno skai\u010di\u0173 derinius \u010dia, m\u016bs\u0173 svetain\u0117je, ir \u017eaiskite geriausius 5 ir 10 milijon\u0173 eur\u0173 vert\u0117s Keno \u017eaidimus.\" \/>\n<meta name=\"robots\" content=\"index, follow, max-snippet:-1, max-image-preview:large, max-video-preview:-1\" \/>\n<link rel=\"canonical\" href=\"https:\/\/redfoxlotto.com\/lt\/keno\/platinum-keno-5-milijonu-euru-pagrindinis-prizas\/\" \/>\n<meta property=\"og:locale\" content=\"lt_LT\" \/>\n<meta property=\"og:type\" content=\"article\" \/>\n<meta property=\"og:title\" content=\"Geriausi Keno skai\u010di\u0173 deriniai | Geriausi skai\u010diai, kuriuos galima \u017eaisti Keno \u017eaidime\" \/>\n<meta property=\"og:description\" content=\"Pasirinkite geriausius Keno skai\u010di\u0173 derinius \u010dia, m\u016bs\u0173 svetain\u0117je, ir \u017eaiskite geriausius 5 ir 10 milijon\u0173 eur\u0173 vert\u0117s Keno \u017eaidimus.\" \/>\n<meta property=\"og:url\" content=\"https:\/\/redfoxlotto.com\/lt\/keno\/platinum-keno-5-milijonu-euru-pagrindinis-prizas\/\" \/>\n<meta property=\"og:site_name\" content=\"Get Tickets for the World\u2019s largest jackpots\" \/>\n<meta property=\"article:modified_time\" content=\"2025-10-07T12:48:16+00:00\" \/>\n<meta property=\"og:image\" content=\"https:\/\/redfoxlotto.com\/wp-content\/uploads\/2025\/10\/1-scaled.png\" \/>\n<meta name=\"twitter:card\" content=\"summary_large_image\" \/>\n<meta name=\"twitter:label1\" content=\"Est. reading time\" \/>\n\t<meta name=\"twitter:data1\" content=\"1 minut\u0117\" \/>\n<script type=\"application\/ld+json\" class=\"yoast-schema-graph\">{\"@context\":\"https:\/\/schema.org\",\"@graph\":[{\"@type\":\"WebPage\",\"@id\":\"https:\/\/redfoxlotto.com\/lt\/keno\/platinum-keno-5-milijonu-euru-pagrindinis-prizas\/\",\"url\":\"https:\/\/redfoxlotto.com\/lt\/keno\/platinum-keno-5-milijonu-euru-pagrindinis-prizas\/\",\"name\":\"Geriausi Keno skai\u010di\u0173 deriniai | Geriausi skai\u010diai, kuriuos galima \u017eaisti Keno \u017eaidime\",\"isPartOf\":{\"@id\":\"https:\/\/redfoxlotto.com\/lt\/#website\"},\"primaryImageOfPage\":{\"@id\":\"https:\/\/redfoxlotto.com\/lt\/keno\/platinum-keno-5-milijonu-euru-pagrindinis-prizas\/#primaryimage\"},\"image\":{\"@id\":\"https:\/\/redfoxlotto.com\/lt\/keno\/platinum-keno-5-milijonu-euru-pagrindinis-prizas\/#primaryimage\"},\"thumbnailUrl\":\"https:\/\/redfoxlotto.com\/wp-content\/uploads\/2025\/10\/1-scaled.png\",\"datePublished\":\"2025-05-21T09:02:00+00:00\",\"dateModified\":\"2025-10-07T12:48:16+00:00\",\"description\":\"Pasirinkite geriausius Keno skai\u010di\u0173 derinius \u010dia, m\u016bs\u0173 svetain\u0117je, ir \u017eaiskite geriausius 5 ir 10 milijon\u0173 eur\u0173 vert\u0117s Keno \u017eaidimus.\",\"breadcrumb\":{\"@id\":\"https:\/\/redfoxlotto.com\/lt\/keno\/platinum-keno-5-milijonu-euru-pagrindinis-prizas\/#breadcrumb\"},\"inLanguage\":\"lt-LT\",\"potentialAction\":[{\"@type\":\"ReadAction\",\"target\":[\"https:\/\/redfoxlotto.com\/lt\/keno\/platinum-keno-5-milijonu-euru-pagrindinis-prizas\/\"]}]},{\"@type\":\"ImageObject\",\"inLanguage\":\"lt-LT\",\"@id\":\"https:\/\/redfoxlotto.com\/lt\/keno\/platinum-keno-5-milijonu-euru-pagrindinis-prizas\/#primaryimage\",\"url\":\"https:\/\/redfoxlotto.com\/wp-content\/uploads\/2025\/10\/1-scaled.png\",\"contentUrl\":\"https:\/\/redfoxlotto.com\/wp-content\/uploads\/2025\/10\/1-scaled.png\"},{\"@type\":\"BreadcrumbList\",\"@id\":\"https:\/\/redfoxlotto.com\/lt\/keno\/platinum-keno-5-milijonu-euru-pagrindinis-prizas\/#breadcrumb\",\"itemListElement\":[{\"@type\":\"ListItem\",\"position\":1,\"name\":\"Home\",\"item\":\"https:\/\/redfoxlotto.com\/lt\/\"},{\"@type\":\"ListItem\",\"position\":2,\"name\":\"Keno\",\"item\":\"https:\/\/redfoxlotto.com\/lt\/keno\/\"},{\"@type\":\"ListItem\",\"position\":3,\"name\":\"\u201ePlatinum Keno\u201c 5 milijon\u0173 eur\u0173 pagrindinis prizas\"}]},{\"@type\":\"WebSite\",\"@id\":\"https:\/\/redfoxlotto.com\/lt\/#website\",\"url\":\"https:\/\/redfoxlotto.com\/lt\/\",\"name\":\"Get Tickets for the World\u2019s largest jackpots\",\"description\":\"Participate in worldwide lottery jackpots from any country\",\"publisher\":{\"@id\":\"https:\/\/redfoxlotto.com\/lt\/#organization\"},\"potentialAction\":[{\"@type\":\"SearchAction\",\"target\":{\"@type\":\"EntryPoint\",\"urlTemplate\":\"https:\/\/redfoxlotto.com\/lt\/?s={search_term_string}\"},\"query-input\":{\"@type\":\"PropertyValueSpecification\",\"valueRequired\":true,\"valueName\":\"search_term_string\"}}],\"inLanguage\":\"lt-LT\"},{\"@type\":\"Organization\",\"@id\":\"https:\/\/redfoxlotto.com\/lt\/#organization\",\"name\":\"Get Tickets for the World\u2019s largest jackpots\",\"url\":\"https:\/\/redfoxlotto.com\/lt\/\",\"logo\":{\"@type\":\"ImageObject\",\"inLanguage\":\"lt-LT\",\"@id\":\"https:\/\/redfoxlotto.com\/lt\/#\/schema\/logo\/image\/\",\"url\":\"https:\/\/redfoxlotto.com\/wp-content\/uploads\/2023\/04\/logo.png\",\"contentUrl\":\"https:\/\/redfoxlotto.com\/wp-content\/uploads\/2023\/04\/logo.png\",\"width\":269,\"height\":53,\"caption\":\"Get Tickets for the World\u2019s largest jackpots\"},\"image\":{\"@id\":\"https:\/\/redfoxlotto.com\/lt\/#\/schema\/logo\/image\/\"}}]}<\/script>\n<!-- \/ Yoast SEO plugin. -->","yoast_head_json":{"title":"Geriausi Keno skai\u010di\u0173 deriniai | Geriausi skai\u010diai, kuriuos galima \u017eaisti Keno \u017eaidime","description":"Pasirinkite geriausius Keno skai\u010di\u0173 derinius \u010dia, m\u016bs\u0173 svetain\u0117je, ir \u017eaiskite geriausius 5 ir 10 milijon\u0173 eur\u0173 vert\u0117s Keno \u017eaidimus.","robots":{"index":"index","follow":"follow","max-snippet":"max-snippet:-1","max-image-preview":"max-image-preview:large","max-video-preview":"max-video-preview:-1"},"canonical":"https:\/\/redfoxlotto.com\/lt\/keno\/platinum-keno-5-milijonu-euru-pagrindinis-prizas\/","og_locale":"lt_LT","og_type":"article","og_title":"Geriausi Keno skai\u010di\u0173 deriniai | Geriausi skai\u010diai, kuriuos galima \u017eaisti Keno \u017eaidime","og_description":"Pasirinkite geriausius Keno skai\u010di\u0173 derinius \u010dia, m\u016bs\u0173 svetain\u0117je, ir \u017eaiskite geriausius 5 ir 10 milijon\u0173 eur\u0173 vert\u0117s Keno \u017eaidimus.","og_url":"https:\/\/redfoxlotto.com\/lt\/keno\/platinum-keno-5-milijonu-euru-pagrindinis-prizas\/","og_site_name":"Get Tickets for the World\u2019s largest jackpots","article_modified_time":"2025-10-07T12:48:16+00:00","og_image":[{"url":"https:\/\/redfoxlotto.com\/wp-content\/uploads\/2025\/10\/1-scaled.png"}],"twitter_card":"summary_large_image","twitter_misc":{"Est. reading time":"1 minut\u0117"},"schema":{"@context":"https:\/\/schema.org","@graph":[{"@type":"WebPage","@id":"https:\/\/redfoxlotto.com\/lt\/keno\/platinum-keno-5-milijonu-euru-pagrindinis-prizas\/","url":"https:\/\/redfoxlotto.com\/lt\/keno\/platinum-keno-5-milijonu-euru-pagrindinis-prizas\/","name":"Geriausi Keno skai\u010di\u0173 deriniai | Geriausi skai\u010diai, kuriuos galima \u017eaisti Keno \u017eaidime","isPartOf":{"@id":"https:\/\/redfoxlotto.com\/lt\/#website"},"primaryImageOfPage":{"@id":"https:\/\/redfoxlotto.com\/lt\/keno\/platinum-keno-5-milijonu-euru-pagrindinis-prizas\/#primaryimage"},"image":{"@id":"https:\/\/redfoxlotto.com\/lt\/keno\/platinum-keno-5-milijonu-euru-pagrindinis-prizas\/#primaryimage"},"thumbnailUrl":"https:\/\/redfoxlotto.com\/wp-content\/uploads\/2025\/10\/1-scaled.png","datePublished":"2025-05-21T09:02:00+00:00","dateModified":"2025-10-07T12:48:16+00:00","description":"Pasirinkite geriausius Keno skai\u010di\u0173 derinius \u010dia, m\u016bs\u0173 svetain\u0117je, ir \u017eaiskite geriausius 5 ir 10 milijon\u0173 eur\u0173 vert\u0117s Keno \u017eaidimus.","breadcrumb":{"@id":"https:\/\/redfoxlotto.com\/lt\/keno\/platinum-keno-5-milijonu-euru-pagrindinis-prizas\/#breadcrumb"},"inLanguage":"lt-LT","potentialAction":[{"@type":"ReadAction","target":["https:\/\/redfoxlotto.com\/lt\/keno\/platinum-keno-5-milijonu-euru-pagrindinis-prizas\/"]}]},{"@type":"ImageObject","inLanguage":"lt-LT","@id":"https:\/\/redfoxlotto.com\/lt\/keno\/platinum-keno-5-milijonu-euru-pagrindinis-prizas\/#primaryimage","url":"https:\/\/redfoxlotto.com\/wp-content\/uploads\/2025\/10\/1-scaled.png","contentUrl":"https:\/\/redfoxlotto.com\/wp-content\/uploads\/2025\/10\/1-scaled.png"},{"@type":"BreadcrumbList","@id":"https:\/\/redfoxlotto.com\/lt\/keno\/platinum-keno-5-milijonu-euru-pagrindinis-prizas\/#breadcrumb","itemListElement":[{"@type":"ListItem","position":1,"name":"Home","item":"https:\/\/redfoxlotto.com\/lt\/"},{"@type":"ListItem","position":2,"name":"Keno","item":"https:\/\/redfoxlotto.com\/lt\/keno\/"},{"@type":"ListItem","position":3,"name":"\u201ePlatinum Keno\u201c 5 milijon\u0173 eur\u0173 pagrindinis prizas"}]},{"@type":"WebSite","@id":"https:\/\/redfoxlotto.com\/lt\/#website","url":"https:\/\/redfoxlotto.com\/lt\/","name":"Get Tickets for the World\u2019s largest jackpots","description":"Participate in worldwide lottery jackpots from any country","publisher":{"@id":"https:\/\/redfoxlotto.com\/lt\/#organization"},"potentialAction":[{"@type":"SearchAction","target":{"@type":"EntryPoint","urlTemplate":"https:\/\/redfoxlotto.com\/lt\/?s={search_term_string}"},"query-input":{"@type":"PropertyValueSpecification","valueRequired":true,"valueName":"search_term_string"}}],"inLanguage":"lt-LT"},{"@type":"Organization","@id":"https:\/\/redfoxlotto.com\/lt\/#organization","name":"Get Tickets for the World\u2019s largest jackpots","url":"https:\/\/redfoxlotto.com\/lt\/","logo":{"@type":"ImageObject","inLanguage":"lt-LT","@id":"https:\/\/redfoxlotto.com\/lt\/#\/schema\/logo\/image\/","url":"https:\/\/redfoxlotto.com\/wp-content\/uploads\/2023\/04\/logo.png","contentUrl":"https:\/\/redfoxlotto.com\/wp-content\/uploads\/2023\/04\/logo.png","width":269,"height":53,"caption":"Get Tickets for the World\u2019s largest jackpots"},"image":{"@id":"https:\/\/redfoxlotto.com\/lt\/#\/schema\/logo\/image\/"}}]}},"_links":{"self":[{"href":"https:\/\/redfoxlotto.com\/lt\/wp-json\/wp\/v2\/pages\/87455","targetHints":{"allow":["GET"]}}],"collection":[{"href":"https:\/\/redfoxlotto.com\/lt\/wp-json\/wp\/v2\/pages"}],"about":[{"href":"https:\/\/redfoxlotto.com\/lt\/wp-json\/wp\/v2\/types\/page"}],"author":[{"embeddable":true,"href":"https:\/\/redfoxlotto.com\/lt\/wp-json\/wp\/v2\/users\/8"}],"replies":[{"embeddable":true,"href":"https:\/\/redfoxlotto.com\/lt\/wp-json\/wp\/v2\/comments?post=87455"}],"version-history":[{"count":0,"href":"https:\/\/redfoxlotto.com\/lt\/wp-json\/wp\/v2\/pages\/87455\/revisions"}],"up":[{"embeddable":true,"href":"https:\/\/redfoxlotto.com\/lt\/wp-json\/wp\/v2\/pages\/84419"}],"wp:attachment":[{"href":"https:\/\/redfoxlotto.com\/lt\/wp-json\/wp\/v2\/media?parent=87455"}],"curies":[{"name":"wp","href":"https:\/\/api.w.org\/{rel}","templated":true}]}}