{"id":87383,"date":"2025-04-18T12:27:50","date_gmt":"2025-04-18T12:27:50","guid":{"rendered":"https:\/\/redfoxlotto.com\/?page_id=87383"},"modified":"2025-05-21T08:43:26","modified_gmt":"2025-05-21T08:43:26","slug":"platinum-keno-5-milijonai-euru","status":"publish","type":"page","link":"https:\/\/redfoxlotto.com\/lt\/keno\/platinum-keno-5-milijonai-euru\/","title":{"rendered":"\u201ePlatinum Keno\u201c 5 milijonai eur\u0173"},"content":{"rendered":"<p>Savo svetain\u0117je turime geriausius internetinius \u201eKeno\u201c prizus<\/p>\n","protected":false},"excerpt":{"rendered":"<p>Savo svetain\u0117je turime geriausius internetinius \u201eKeno\u201c prizus<\/p>\n","protected":false},"author":8,"featured_media":0,"parent":84419,"menu_order":41,"comment_status":"closed","ping_status":"closed","template":"","meta":{"_et_pb_use_builder":"","_et_pb_old_content":"","_et_gb_content_width":"","exclude_from_search":false,"footnotes":""},"class_list":["post-87383","page","type-page","status-publish","hentry"],"yoast_head":"<!-- This site is optimized with the Yoast SEO plugin v23.8 - https:\/\/yoast.com\/wordpress\/plugins\/seo\/ -->\n<title>Geriausios i\u0161 geriausi\u0173 internetini\u0173 \u201eKeno\u201c svetaini\u0173 | Keno pagrindinis 5 mln. eur\u0173 prizas<\/title>\n<meta name=\"description\" content=\"Ie\u0161kote geriausios internetin\u0117s Keno svetain\u0117s? Savo svetain\u0117je turime Keno \u017eaidim\u0173, kuriuose laim\u0117site 5 mln. ir net 10 mln. eur\u0173\" \/>\n<meta name=\"robots\" content=\"index, follow, max-snippet:-1, max-image-preview:large, max-video-preview:-1\" \/>\n<link rel=\"canonical\" href=\"https:\/\/redfoxlotto.com\/lt\/keno\/platinum-keno-5-milijonai-euru\/\" \/>\n<meta property=\"og:locale\" content=\"lt_LT\" \/>\n<meta property=\"og:type\" content=\"article\" \/>\n<meta property=\"og:title\" content=\"Geriausios i\u0161 geriausi\u0173 internetini\u0173 \u201eKeno\u201c svetaini\u0173 | Keno pagrindinis 5 mln. eur\u0173 prizas\" \/>\n<meta property=\"og:description\" content=\"Ie\u0161kote geriausios internetin\u0117s Keno svetain\u0117s? Savo svetain\u0117je turime Keno \u017eaidim\u0173, kuriuose laim\u0117site 5 mln. ir net 10 mln. eur\u0173\" \/>\n<meta property=\"og:url\" content=\"https:\/\/redfoxlotto.com\/lt\/keno\/platinum-keno-5-milijonai-euru\/\" \/>\n<meta property=\"og:site_name\" content=\"Get Tickets for the World\u2019s largest jackpots\" \/>\n<meta property=\"article:modified_time\" content=\"2025-05-21T08:43:26+00:00\" \/>\n<meta name=\"twitter:card\" content=\"summary_large_image\" \/>\n<meta name=\"twitter:label1\" content=\"Est. reading time\" \/>\n\t<meta name=\"twitter:data1\" content=\"1 minut\u0117\" \/>\n<script type=\"application\/ld+json\" class=\"yoast-schema-graph\">{\"@context\":\"https:\/\/schema.org\",\"@graph\":[{\"@type\":\"WebPage\",\"@id\":\"https:\/\/redfoxlotto.com\/lt\/keno\/platinum-keno-5-milijonai-euru\/\",\"url\":\"https:\/\/redfoxlotto.com\/lt\/keno\/platinum-keno-5-milijonai-euru\/\",\"name\":\"Geriausios i\u0161 geriausi\u0173 internetini\u0173 \u201eKeno\u201c svetaini\u0173 | Keno pagrindinis 5 mln. eur\u0173 prizas\",\"isPartOf\":{\"@id\":\"https:\/\/redfoxlotto.com\/lt\/#website\"},\"datePublished\":\"2025-04-18T12:27:50+00:00\",\"dateModified\":\"2025-05-21T08:43:26+00:00\",\"description\":\"Ie\u0161kote geriausios internetin\u0117s Keno svetain\u0117s? Savo svetain\u0117je turime Keno \u017eaidim\u0173, kuriuose laim\u0117site 5 mln. ir net 10 mln. eur\u0173\",\"breadcrumb\":{\"@id\":\"https:\/\/redfoxlotto.com\/lt\/keno\/platinum-keno-5-milijonai-euru\/#breadcrumb\"},\"inLanguage\":\"lt-LT\",\"potentialAction\":[{\"@type\":\"ReadAction\",\"target\":[\"https:\/\/redfoxlotto.com\/lt\/keno\/platinum-keno-5-milijonai-euru\/\"]}]},{\"@type\":\"BreadcrumbList\",\"@id\":\"https:\/\/redfoxlotto.com\/lt\/keno\/platinum-keno-5-milijonai-euru\/#breadcrumb\",\"itemListElement\":[{\"@type\":\"ListItem\",\"position\":1,\"name\":\"Home\",\"item\":\"https:\/\/redfoxlotto.com\/lt\/\"},{\"@type\":\"ListItem\",\"position\":2,\"name\":\"Keno\",\"item\":\"https:\/\/redfoxlotto.com\/lt\/keno\/\"},{\"@type\":\"ListItem\",\"position\":3,\"name\":\"\u201ePlatinum Keno\u201c 5 milijonai eur\u0173\"}]},{\"@type\":\"WebSite\",\"@id\":\"https:\/\/redfoxlotto.com\/lt\/#website\",\"url\":\"https:\/\/redfoxlotto.com\/lt\/\",\"name\":\"Get Tickets for the World\u2019s largest jackpots\",\"description\":\"Participate in worldwide lottery jackpots from any country\",\"publisher\":{\"@id\":\"https:\/\/redfoxlotto.com\/lt\/#organization\"},\"potentialAction\":[{\"@type\":\"SearchAction\",\"target\":{\"@type\":\"EntryPoint\",\"urlTemplate\":\"https:\/\/redfoxlotto.com\/lt\/?s={search_term_string}\"},\"query-input\":{\"@type\":\"PropertyValueSpecification\",\"valueRequired\":true,\"valueName\":\"search_term_string\"}}],\"inLanguage\":\"lt-LT\"},{\"@type\":\"Organization\",\"@id\":\"https:\/\/redfoxlotto.com\/lt\/#organization\",\"name\":\"Get Tickets for the World\u2019s largest jackpots\",\"url\":\"https:\/\/redfoxlotto.com\/lt\/\",\"logo\":{\"@type\":\"ImageObject\",\"inLanguage\":\"lt-LT\",\"@id\":\"https:\/\/redfoxlotto.com\/lt\/#\/schema\/logo\/image\/\",\"url\":\"https:\/\/redfoxlotto.com\/wp-content\/uploads\/2023\/04\/logo.png\",\"contentUrl\":\"https:\/\/redfoxlotto.com\/wp-content\/uploads\/2023\/04\/logo.png\",\"width\":269,\"height\":53,\"caption\":\"Get Tickets for the World\u2019s largest jackpots\"},\"image\":{\"@id\":\"https:\/\/redfoxlotto.com\/lt\/#\/schema\/logo\/image\/\"}}]}<\/script>\n<!-- \/ Yoast SEO plugin. -->","yoast_head_json":{"title":"Geriausios i\u0161 geriausi\u0173 internetini\u0173 \u201eKeno\u201c svetaini\u0173 | Keno pagrindinis 5 mln. eur\u0173 prizas","description":"Ie\u0161kote geriausios internetin\u0117s Keno svetain\u0117s? Savo svetain\u0117je turime Keno \u017eaidim\u0173, kuriuose laim\u0117site 5 mln. ir net 10 mln. eur\u0173","robots":{"index":"index","follow":"follow","max-snippet":"max-snippet:-1","max-image-preview":"max-image-preview:large","max-video-preview":"max-video-preview:-1"},"canonical":"https:\/\/redfoxlotto.com\/lt\/keno\/platinum-keno-5-milijonai-euru\/","og_locale":"lt_LT","og_type":"article","og_title":"Geriausios i\u0161 geriausi\u0173 internetini\u0173 \u201eKeno\u201c svetaini\u0173 | Keno pagrindinis 5 mln. eur\u0173 prizas","og_description":"Ie\u0161kote geriausios internetin\u0117s Keno svetain\u0117s? Savo svetain\u0117je turime Keno \u017eaidim\u0173, kuriuose laim\u0117site 5 mln. ir net 10 mln. eur\u0173","og_url":"https:\/\/redfoxlotto.com\/lt\/keno\/platinum-keno-5-milijonai-euru\/","og_site_name":"Get Tickets for the World\u2019s largest jackpots","article_modified_time":"2025-05-21T08:43:26+00:00","twitter_card":"summary_large_image","twitter_misc":{"Est. reading time":"1 minut\u0117"},"schema":{"@context":"https:\/\/schema.org","@graph":[{"@type":"WebPage","@id":"https:\/\/redfoxlotto.com\/lt\/keno\/platinum-keno-5-milijonai-euru\/","url":"https:\/\/redfoxlotto.com\/lt\/keno\/platinum-keno-5-milijonai-euru\/","name":"Geriausios i\u0161 geriausi\u0173 internetini\u0173 \u201eKeno\u201c svetaini\u0173 | Keno pagrindinis 5 mln. eur\u0173 prizas","isPartOf":{"@id":"https:\/\/redfoxlotto.com\/lt\/#website"},"datePublished":"2025-04-18T12:27:50+00:00","dateModified":"2025-05-21T08:43:26+00:00","description":"Ie\u0161kote geriausios internetin\u0117s Keno svetain\u0117s? Savo svetain\u0117je turime Keno \u017eaidim\u0173, kuriuose laim\u0117site 5 mln. ir net 10 mln. eur\u0173","breadcrumb":{"@id":"https:\/\/redfoxlotto.com\/lt\/keno\/platinum-keno-5-milijonai-euru\/#breadcrumb"},"inLanguage":"lt-LT","potentialAction":[{"@type":"ReadAction","target":["https:\/\/redfoxlotto.com\/lt\/keno\/platinum-keno-5-milijonai-euru\/"]}]},{"@type":"BreadcrumbList","@id":"https:\/\/redfoxlotto.com\/lt\/keno\/platinum-keno-5-milijonai-euru\/#breadcrumb","itemListElement":[{"@type":"ListItem","position":1,"name":"Home","item":"https:\/\/redfoxlotto.com\/lt\/"},{"@type":"ListItem","position":2,"name":"Keno","item":"https:\/\/redfoxlotto.com\/lt\/keno\/"},{"@type":"ListItem","position":3,"name":"\u201ePlatinum Keno\u201c 5 milijonai eur\u0173"}]},{"@type":"WebSite","@id":"https:\/\/redfoxlotto.com\/lt\/#website","url":"https:\/\/redfoxlotto.com\/lt\/","name":"Get Tickets for the World\u2019s largest jackpots","description":"Participate in worldwide lottery jackpots from any country","publisher":{"@id":"https:\/\/redfoxlotto.com\/lt\/#organization"},"potentialAction":[{"@type":"SearchAction","target":{"@type":"EntryPoint","urlTemplate":"https:\/\/redfoxlotto.com\/lt\/?s={search_term_string}"},"query-input":{"@type":"PropertyValueSpecification","valueRequired":true,"valueName":"search_term_string"}}],"inLanguage":"lt-LT"},{"@type":"Organization","@id":"https:\/\/redfoxlotto.com\/lt\/#organization","name":"Get Tickets for the World\u2019s largest jackpots","url":"https:\/\/redfoxlotto.com\/lt\/","logo":{"@type":"ImageObject","inLanguage":"lt-LT","@id":"https:\/\/redfoxlotto.com\/lt\/#\/schema\/logo\/image\/","url":"https:\/\/redfoxlotto.com\/wp-content\/uploads\/2023\/04\/logo.png","contentUrl":"https:\/\/redfoxlotto.com\/wp-content\/uploads\/2023\/04\/logo.png","width":269,"height":53,"caption":"Get Tickets for the World\u2019s largest jackpots"},"image":{"@id":"https:\/\/redfoxlotto.com\/lt\/#\/schema\/logo\/image\/"}}]}},"_links":{"self":[{"href":"https:\/\/redfoxlotto.com\/lt\/wp-json\/wp\/v2\/pages\/87383","targetHints":{"allow":["GET"]}}],"collection":[{"href":"https:\/\/redfoxlotto.com\/lt\/wp-json\/wp\/v2\/pages"}],"about":[{"href":"https:\/\/redfoxlotto.com\/lt\/wp-json\/wp\/v2\/types\/page"}],"author":[{"embeddable":true,"href":"https:\/\/redfoxlotto.com\/lt\/wp-json\/wp\/v2\/users\/8"}],"replies":[{"embeddable":true,"href":"https:\/\/redfoxlotto.com\/lt\/wp-json\/wp\/v2\/comments?post=87383"}],"version-history":[{"count":0,"href":"https:\/\/redfoxlotto.com\/lt\/wp-json\/wp\/v2\/pages\/87383\/revisions"}],"up":[{"embeddable":true,"href":"https:\/\/redfoxlotto.com\/lt\/wp-json\/wp\/v2\/pages\/84419"}],"wp:attachment":[{"href":"https:\/\/redfoxlotto.com\/lt\/wp-json\/wp\/v2\/media?parent=87383"}],"curies":[{"name":"wp","href":"https:\/\/api.w.org\/{rel}","templated":true}]}}