{"id":87101,"date":"2025-05-16T10:39:54","date_gmt":"2025-05-16T10:39:54","guid":{"rendered":"https:\/\/redfoxlotto.com\/?page_id=87101"},"modified":"2025-05-17T22:05:44","modified_gmt":"2025-05-17T22:05:44","slug":"diamond-keno-laimeti-numeriai","status":"publish","type":"page","link":"https:\/\/redfoxlotto.com\/lt\/keno\/diamond-keno-laimeti-numeriai\/","title":{"rendered":"Diamond Keno laim\u0117ti numeriai"},"content":{"rendered":"<p>Nauji laimingi skai\u010diai pasirodo kas 20 minu\u010di\u0173 &#8211; patikrinkite \u201eDiamond Keno\u201c rezultatus dabar<\/p>\n","protected":false},"excerpt":{"rendered":"<p>Nauji laimingi skai\u010diai pasirodo kas 20 minu\u010di\u0173 &#8211; patikrinkite \u201eDiamond Keno\u201c rezultatus dabar<\/p>\n","protected":false},"author":8,"featured_media":0,"parent":84419,"menu_order":40,"comment_status":"closed","ping_status":"closed","template":"","meta":{"_et_pb_use_builder":"","_et_pb_old_content":"","_et_gb_content_width":"","exclude_from_search":false,"footnotes":""},"class_list":["post-87101","page","type-page","status-publish","hentry"],"yoast_head":"<!-- This site is optimized with the Yoast SEO plugin v23.8 - https:\/\/yoast.com\/wordpress\/plugins\/seo\/ -->\n<title>M\u016bs\u0173 did\u017eiausios \u201eKeno\u201c loterijos laimingieji skai\u010diai - laim\u0117kite 10 milijon\u0173 eur\u0173 dabar!<\/title>\n<meta name=\"description\" content=\"Pateikiame naujausius m\u016bs\u0173 did\u017eiausios \u201eKeno\u201c loterijos laiminguosius numerius - kas 20 minu\u010di\u0173 ant kortos statoma 10 mln. eur\u0173.\" \/>\n<meta name=\"robots\" content=\"index, follow, max-snippet:-1, max-image-preview:large, max-video-preview:-1\" \/>\n<link rel=\"canonical\" href=\"https:\/\/redfoxlotto.com\/lt\/keno\/diamond-keno-laimeti-numeriai\/\" \/>\n<meta property=\"og:locale\" content=\"lt_LT\" \/>\n<meta property=\"og:type\" content=\"article\" \/>\n<meta property=\"og:title\" content=\"M\u016bs\u0173 did\u017eiausios \u201eKeno\u201c loterijos laimingieji skai\u010diai - laim\u0117kite 10 milijon\u0173 eur\u0173 dabar!\" \/>\n<meta property=\"og:description\" content=\"Pateikiame naujausius m\u016bs\u0173 did\u017eiausios \u201eKeno\u201c loterijos laiminguosius numerius - kas 20 minu\u010di\u0173 ant kortos statoma 10 mln. eur\u0173.\" \/>\n<meta property=\"og:url\" content=\"https:\/\/redfoxlotto.com\/lt\/keno\/diamond-keno-laimeti-numeriai\/\" \/>\n<meta property=\"og:site_name\" content=\"Get Tickets for the World\u2019s largest jackpots\" \/>\n<meta property=\"article:modified_time\" content=\"2025-05-17T22:05:44+00:00\" \/>\n<meta name=\"twitter:card\" content=\"summary_large_image\" \/>\n<meta name=\"twitter:label1\" content=\"Est. reading time\" \/>\n\t<meta name=\"twitter:data1\" content=\"1 minut\u0117\" \/>\n<script type=\"application\/ld+json\" class=\"yoast-schema-graph\">{\"@context\":\"https:\/\/schema.org\",\"@graph\":[{\"@type\":\"WebPage\",\"@id\":\"https:\/\/redfoxlotto.com\/lt\/keno\/diamond-keno-laimeti-numeriai\/\",\"url\":\"https:\/\/redfoxlotto.com\/lt\/keno\/diamond-keno-laimeti-numeriai\/\",\"name\":\"M\u016bs\u0173 did\u017eiausios \u201eKeno\u201c loterijos laimingieji skai\u010diai - laim\u0117kite 10 milijon\u0173 eur\u0173 dabar!\",\"isPartOf\":{\"@id\":\"https:\/\/redfoxlotto.com\/lt\/#website\"},\"datePublished\":\"2025-05-16T10:39:54+00:00\",\"dateModified\":\"2025-05-17T22:05:44+00:00\",\"description\":\"Pateikiame naujausius m\u016bs\u0173 did\u017eiausios \u201eKeno\u201c loterijos laiminguosius numerius - kas 20 minu\u010di\u0173 ant kortos statoma 10 mln. eur\u0173.\",\"breadcrumb\":{\"@id\":\"https:\/\/redfoxlotto.com\/lt\/keno\/diamond-keno-laimeti-numeriai\/#breadcrumb\"},\"inLanguage\":\"lt-LT\",\"potentialAction\":[{\"@type\":\"ReadAction\",\"target\":[\"https:\/\/redfoxlotto.com\/lt\/keno\/diamond-keno-laimeti-numeriai\/\"]}]},{\"@type\":\"BreadcrumbList\",\"@id\":\"https:\/\/redfoxlotto.com\/lt\/keno\/diamond-keno-laimeti-numeriai\/#breadcrumb\",\"itemListElement\":[{\"@type\":\"ListItem\",\"position\":1,\"name\":\"Home\",\"item\":\"https:\/\/redfoxlotto.com\/lt\/\"},{\"@type\":\"ListItem\",\"position\":2,\"name\":\"Keno\",\"item\":\"https:\/\/redfoxlotto.com\/lt\/keno\/\"},{\"@type\":\"ListItem\",\"position\":3,\"name\":\"Diamond Keno laim\u0117ti numeriai\"}]},{\"@type\":\"WebSite\",\"@id\":\"https:\/\/redfoxlotto.com\/lt\/#website\",\"url\":\"https:\/\/redfoxlotto.com\/lt\/\",\"name\":\"Get Tickets for the World\u2019s largest jackpots\",\"description\":\"Participate in worldwide lottery jackpots from any country\",\"publisher\":{\"@id\":\"https:\/\/redfoxlotto.com\/lt\/#organization\"},\"potentialAction\":[{\"@type\":\"SearchAction\",\"target\":{\"@type\":\"EntryPoint\",\"urlTemplate\":\"https:\/\/redfoxlotto.com\/lt\/?s={search_term_string}\"},\"query-input\":{\"@type\":\"PropertyValueSpecification\",\"valueRequired\":true,\"valueName\":\"search_term_string\"}}],\"inLanguage\":\"lt-LT\"},{\"@type\":\"Organization\",\"@id\":\"https:\/\/redfoxlotto.com\/lt\/#organization\",\"name\":\"Get Tickets for the World\u2019s largest jackpots\",\"url\":\"https:\/\/redfoxlotto.com\/lt\/\",\"logo\":{\"@type\":\"ImageObject\",\"inLanguage\":\"lt-LT\",\"@id\":\"https:\/\/redfoxlotto.com\/lt\/#\/schema\/logo\/image\/\",\"url\":\"https:\/\/redfoxlotto.com\/wp-content\/uploads\/2023\/04\/logo.png\",\"contentUrl\":\"https:\/\/redfoxlotto.com\/wp-content\/uploads\/2023\/04\/logo.png\",\"width\":269,\"height\":53,\"caption\":\"Get Tickets for the World\u2019s largest jackpots\"},\"image\":{\"@id\":\"https:\/\/redfoxlotto.com\/lt\/#\/schema\/logo\/image\/\"}}]}<\/script>\n<!-- \/ Yoast SEO plugin. -->","yoast_head_json":{"title":"M\u016bs\u0173 did\u017eiausios \u201eKeno\u201c loterijos laimingieji skai\u010diai - laim\u0117kite 10 milijon\u0173 eur\u0173 dabar!","description":"Pateikiame naujausius m\u016bs\u0173 did\u017eiausios \u201eKeno\u201c loterijos laiminguosius numerius - kas 20 minu\u010di\u0173 ant kortos statoma 10 mln. eur\u0173.","robots":{"index":"index","follow":"follow","max-snippet":"max-snippet:-1","max-image-preview":"max-image-preview:large","max-video-preview":"max-video-preview:-1"},"canonical":"https:\/\/redfoxlotto.com\/lt\/keno\/diamond-keno-laimeti-numeriai\/","og_locale":"lt_LT","og_type":"article","og_title":"M\u016bs\u0173 did\u017eiausios \u201eKeno\u201c loterijos laimingieji skai\u010diai - laim\u0117kite 10 milijon\u0173 eur\u0173 dabar!","og_description":"Pateikiame naujausius m\u016bs\u0173 did\u017eiausios \u201eKeno\u201c loterijos laiminguosius numerius - kas 20 minu\u010di\u0173 ant kortos statoma 10 mln. eur\u0173.","og_url":"https:\/\/redfoxlotto.com\/lt\/keno\/diamond-keno-laimeti-numeriai\/","og_site_name":"Get Tickets for the World\u2019s largest jackpots","article_modified_time":"2025-05-17T22:05:44+00:00","twitter_card":"summary_large_image","twitter_misc":{"Est. reading time":"1 minut\u0117"},"schema":{"@context":"https:\/\/schema.org","@graph":[{"@type":"WebPage","@id":"https:\/\/redfoxlotto.com\/lt\/keno\/diamond-keno-laimeti-numeriai\/","url":"https:\/\/redfoxlotto.com\/lt\/keno\/diamond-keno-laimeti-numeriai\/","name":"M\u016bs\u0173 did\u017eiausios \u201eKeno\u201c loterijos laimingieji skai\u010diai - laim\u0117kite 10 milijon\u0173 eur\u0173 dabar!","isPartOf":{"@id":"https:\/\/redfoxlotto.com\/lt\/#website"},"datePublished":"2025-05-16T10:39:54+00:00","dateModified":"2025-05-17T22:05:44+00:00","description":"Pateikiame naujausius m\u016bs\u0173 did\u017eiausios \u201eKeno\u201c loterijos laiminguosius numerius - kas 20 minu\u010di\u0173 ant kortos statoma 10 mln. eur\u0173.","breadcrumb":{"@id":"https:\/\/redfoxlotto.com\/lt\/keno\/diamond-keno-laimeti-numeriai\/#breadcrumb"},"inLanguage":"lt-LT","potentialAction":[{"@type":"ReadAction","target":["https:\/\/redfoxlotto.com\/lt\/keno\/diamond-keno-laimeti-numeriai\/"]}]},{"@type":"BreadcrumbList","@id":"https:\/\/redfoxlotto.com\/lt\/keno\/diamond-keno-laimeti-numeriai\/#breadcrumb","itemListElement":[{"@type":"ListItem","position":1,"name":"Home","item":"https:\/\/redfoxlotto.com\/lt\/"},{"@type":"ListItem","position":2,"name":"Keno","item":"https:\/\/redfoxlotto.com\/lt\/keno\/"},{"@type":"ListItem","position":3,"name":"Diamond Keno laim\u0117ti numeriai"}]},{"@type":"WebSite","@id":"https:\/\/redfoxlotto.com\/lt\/#website","url":"https:\/\/redfoxlotto.com\/lt\/","name":"Get Tickets for the World\u2019s largest jackpots","description":"Participate in worldwide lottery jackpots from any country","publisher":{"@id":"https:\/\/redfoxlotto.com\/lt\/#organization"},"potentialAction":[{"@type":"SearchAction","target":{"@type":"EntryPoint","urlTemplate":"https:\/\/redfoxlotto.com\/lt\/?s={search_term_string}"},"query-input":{"@type":"PropertyValueSpecification","valueRequired":true,"valueName":"search_term_string"}}],"inLanguage":"lt-LT"},{"@type":"Organization","@id":"https:\/\/redfoxlotto.com\/lt\/#organization","name":"Get Tickets for the World\u2019s largest jackpots","url":"https:\/\/redfoxlotto.com\/lt\/","logo":{"@type":"ImageObject","inLanguage":"lt-LT","@id":"https:\/\/redfoxlotto.com\/lt\/#\/schema\/logo\/image\/","url":"https:\/\/redfoxlotto.com\/wp-content\/uploads\/2023\/04\/logo.png","contentUrl":"https:\/\/redfoxlotto.com\/wp-content\/uploads\/2023\/04\/logo.png","width":269,"height":53,"caption":"Get Tickets for the World\u2019s largest jackpots"},"image":{"@id":"https:\/\/redfoxlotto.com\/lt\/#\/schema\/logo\/image\/"}}]}},"_links":{"self":[{"href":"https:\/\/redfoxlotto.com\/lt\/wp-json\/wp\/v2\/pages\/87101","targetHints":{"allow":["GET"]}}],"collection":[{"href":"https:\/\/redfoxlotto.com\/lt\/wp-json\/wp\/v2\/pages"}],"about":[{"href":"https:\/\/redfoxlotto.com\/lt\/wp-json\/wp\/v2\/types\/page"}],"author":[{"embeddable":true,"href":"https:\/\/redfoxlotto.com\/lt\/wp-json\/wp\/v2\/users\/8"}],"replies":[{"embeddable":true,"href":"https:\/\/redfoxlotto.com\/lt\/wp-json\/wp\/v2\/comments?post=87101"}],"version-history":[{"count":0,"href":"https:\/\/redfoxlotto.com\/lt\/wp-json\/wp\/v2\/pages\/87101\/revisions"}],"up":[{"embeddable":true,"href":"https:\/\/redfoxlotto.com\/lt\/wp-json\/wp\/v2\/pages\/84419"}],"wp:attachment":[{"href":"https:\/\/redfoxlotto.com\/lt\/wp-json\/wp\/v2\/media?parent=87101"}],"curies":[{"name":"wp","href":"https:\/\/api.w.org\/{rel}","templated":true}]}}