{"id":86864,"date":"2025-02-12T11:18:17","date_gmt":"2025-02-12T11:18:17","guid":{"rendered":"https:\/\/redfoxlotto.com\/?page_id=86864"},"modified":"2025-05-15T06:29:22","modified_gmt":"2025-05-15T06:29:22","slug":"deimantinis-keno-10-m","status":"publish","type":"page","link":"https:\/\/redfoxlotto.com\/lt\/keno\/deimantinis-keno-10-m\/","title":{"rendered":"Deimantinis Keno 10 m"},"content":{"rendered":"<h2>Internetinis Keno n\u0117ra didesnis ir geresnis nei \u0161is &#8211; \u017eaiskite Keno ir gaukite 10 milijon\u0173 eur\u0173 i\u0161mok\u0105!<\/h2>\n<p>Tai did\u017eiausias ir populiariausias m\u016bs\u0173 Keno loterijos \u017eaidimas. Jei ie\u0161kote geriausio \u201eKeno\u201c \u017eaidimo, kur\u012f gal\u0117tum\u0117te \u017eaisti internetu, pataik\u0117te \u012f tinkam\u0105 viet\u0105. \u0160iame \u201eKeno\u201c \u017eaidime burtai traukiami kas 20 minu\u010di\u0173, tod\u0117l jums nereik\u0117s ilgai laukti, kol su\u017einosite, ar j\u016bs\u0173 bilietas laim\u0117jo.<\/p>\n","protected":false},"excerpt":{"rendered":"<p>Internetinis Keno n\u0117ra didesnis ir geresnis nei \u0161is &#8211; \u017eaiskite Keno ir gaukite 10 milijon\u0173 eur\u0173 i\u0161mok\u0105! Tai did\u017eiausias ir populiariausias m\u016bs\u0173 Keno loterijos \u017eaidimas. Jei ie\u0161kote geriausio \u201eKeno\u201c \u017eaidimo, kur\u012f gal\u0117tum\u0117te \u017eaisti internetu, pataik\u0117te \u012f tinkam\u0105 viet\u0105. \u0160iame \u201eKeno\u201c \u017eaidime burtai traukiami kas 20 minu\u010di\u0173, tod\u0117l jums nereik\u0117s ilgai laukti, kol su\u017einosite, ar j\u016bs\u0173 [&hellip;]<\/p>\n","protected":false},"author":8,"featured_media":0,"parent":84419,"menu_order":1,"comment_status":"closed","ping_status":"closed","template":"","meta":{"_et_pb_use_builder":"","_et_pb_old_content":"","_et_gb_content_width":"","exclude_from_search":false,"footnotes":""},"class_list":["post-86864","page","type-page","status-publish","hentry"],"yoast_head":"<!-- This site is optimized with the Yoast SEO plugin v23.8 - https:\/\/yoast.com\/wordpress\/plugins\/seo\/ -->\n<title>Geriausi internetiniai \u201eKeno\u201c \u017eaidimai - 10 milijon\u0173 eur\u0173 \u201eKeno<\/title>\n<meta name=\"description\" content=\"\u010cia rasite geriausius internetinius \u201eKeno\u201c \u017eaidimus, kuri\u0173 pagrindiniai prizai siekia iki 10 mln. eur\u0173. Niekada nereik\u0117s ilgai laukti kito internetinio \u201eKeno\u201c burt\u0173 traukimo!\" \/>\n<meta name=\"robots\" content=\"index, follow, max-snippet:-1, max-image-preview:large, max-video-preview:-1\" \/>\n<link rel=\"canonical\" href=\"https:\/\/redfoxlotto.com\/lt\/keno\/deimantinis-keno-10-m\/\" \/>\n<meta property=\"og:locale\" content=\"lt_LT\" \/>\n<meta property=\"og:type\" content=\"article\" \/>\n<meta property=\"og:title\" content=\"Geriausi internetiniai \u201eKeno\u201c \u017eaidimai - 10 milijon\u0173 eur\u0173 \u201eKeno\" \/>\n<meta property=\"og:description\" content=\"\u010cia rasite geriausius internetinius \u201eKeno\u201c \u017eaidimus, kuri\u0173 pagrindiniai prizai siekia iki 10 mln. eur\u0173. Niekada nereik\u0117s ilgai laukti kito internetinio \u201eKeno\u201c burt\u0173 traukimo!\" \/>\n<meta property=\"og:url\" content=\"https:\/\/redfoxlotto.com\/lt\/keno\/deimantinis-keno-10-m\/\" \/>\n<meta property=\"og:site_name\" content=\"Get Tickets for the World\u2019s largest jackpots\" \/>\n<meta property=\"article:modified_time\" content=\"2025-05-15T06:29:22+00:00\" \/>\n<meta name=\"twitter:card\" content=\"summary_large_image\" \/>\n<meta name=\"twitter:label1\" content=\"Est. reading time\" \/>\n\t<meta name=\"twitter:data1\" content=\"1 minut\u0117\" \/>\n<script type=\"application\/ld+json\" class=\"yoast-schema-graph\">{\"@context\":\"https:\/\/schema.org\",\"@graph\":[{\"@type\":\"WebPage\",\"@id\":\"https:\/\/redfoxlotto.com\/lt\/keno\/deimantinis-keno-10-m\/\",\"url\":\"https:\/\/redfoxlotto.com\/lt\/keno\/deimantinis-keno-10-m\/\",\"name\":\"Geriausi internetiniai \u201eKeno\u201c \u017eaidimai - 10 milijon\u0173 eur\u0173 \u201eKeno\",\"isPartOf\":{\"@id\":\"https:\/\/redfoxlotto.com\/lt\/#website\"},\"datePublished\":\"2025-02-12T11:18:17+00:00\",\"dateModified\":\"2025-05-15T06:29:22+00:00\",\"description\":\"\u010cia rasite geriausius internetinius \u201eKeno\u201c \u017eaidimus, kuri\u0173 pagrindiniai prizai siekia iki 10 mln. eur\u0173. Niekada nereik\u0117s ilgai laukti kito internetinio \u201eKeno\u201c burt\u0173 traukimo!\",\"breadcrumb\":{\"@id\":\"https:\/\/redfoxlotto.com\/lt\/keno\/deimantinis-keno-10-m\/#breadcrumb\"},\"inLanguage\":\"lt-LT\",\"potentialAction\":[{\"@type\":\"ReadAction\",\"target\":[\"https:\/\/redfoxlotto.com\/lt\/keno\/deimantinis-keno-10-m\/\"]}]},{\"@type\":\"BreadcrumbList\",\"@id\":\"https:\/\/redfoxlotto.com\/lt\/keno\/deimantinis-keno-10-m\/#breadcrumb\",\"itemListElement\":[{\"@type\":\"ListItem\",\"position\":1,\"name\":\"Home\",\"item\":\"https:\/\/redfoxlotto.com\/lt\/\"},{\"@type\":\"ListItem\",\"position\":2,\"name\":\"Keno\",\"item\":\"https:\/\/redfoxlotto.com\/lt\/keno\/\"},{\"@type\":\"ListItem\",\"position\":3,\"name\":\"Deimantinis Keno 10 m\"}]},{\"@type\":\"WebSite\",\"@id\":\"https:\/\/redfoxlotto.com\/lt\/#website\",\"url\":\"https:\/\/redfoxlotto.com\/lt\/\",\"name\":\"Get Tickets for the World\u2019s largest jackpots\",\"description\":\"Participate in worldwide lottery jackpots from any country\",\"publisher\":{\"@id\":\"https:\/\/redfoxlotto.com\/lt\/#organization\"},\"potentialAction\":[{\"@type\":\"SearchAction\",\"target\":{\"@type\":\"EntryPoint\",\"urlTemplate\":\"https:\/\/redfoxlotto.com\/lt\/?s={search_term_string}\"},\"query-input\":{\"@type\":\"PropertyValueSpecification\",\"valueRequired\":true,\"valueName\":\"search_term_string\"}}],\"inLanguage\":\"lt-LT\"},{\"@type\":\"Organization\",\"@id\":\"https:\/\/redfoxlotto.com\/lt\/#organization\",\"name\":\"Get Tickets for the World\u2019s largest jackpots\",\"url\":\"https:\/\/redfoxlotto.com\/lt\/\",\"logo\":{\"@type\":\"ImageObject\",\"inLanguage\":\"lt-LT\",\"@id\":\"https:\/\/redfoxlotto.com\/lt\/#\/schema\/logo\/image\/\",\"url\":\"https:\/\/redfoxlotto.com\/wp-content\/uploads\/2023\/04\/logo.png\",\"contentUrl\":\"https:\/\/redfoxlotto.com\/wp-content\/uploads\/2023\/04\/logo.png\",\"width\":269,\"height\":53,\"caption\":\"Get Tickets for the World\u2019s largest jackpots\"},\"image\":{\"@id\":\"https:\/\/redfoxlotto.com\/lt\/#\/schema\/logo\/image\/\"}}]}<\/script>\n<!-- \/ Yoast SEO plugin. -->","yoast_head_json":{"title":"Geriausi internetiniai \u201eKeno\u201c \u017eaidimai - 10 milijon\u0173 eur\u0173 \u201eKeno","description":"\u010cia rasite geriausius internetinius \u201eKeno\u201c \u017eaidimus, kuri\u0173 pagrindiniai prizai siekia iki 10 mln. eur\u0173. Niekada nereik\u0117s ilgai laukti kito internetinio \u201eKeno\u201c burt\u0173 traukimo!","robots":{"index":"index","follow":"follow","max-snippet":"max-snippet:-1","max-image-preview":"max-image-preview:large","max-video-preview":"max-video-preview:-1"},"canonical":"https:\/\/redfoxlotto.com\/lt\/keno\/deimantinis-keno-10-m\/","og_locale":"lt_LT","og_type":"article","og_title":"Geriausi internetiniai \u201eKeno\u201c \u017eaidimai - 10 milijon\u0173 eur\u0173 \u201eKeno","og_description":"\u010cia rasite geriausius internetinius \u201eKeno\u201c \u017eaidimus, kuri\u0173 pagrindiniai prizai siekia iki 10 mln. eur\u0173. Niekada nereik\u0117s ilgai laukti kito internetinio \u201eKeno\u201c burt\u0173 traukimo!","og_url":"https:\/\/redfoxlotto.com\/lt\/keno\/deimantinis-keno-10-m\/","og_site_name":"Get Tickets for the World\u2019s largest jackpots","article_modified_time":"2025-05-15T06:29:22+00:00","twitter_card":"summary_large_image","twitter_misc":{"Est. reading time":"1 minut\u0117"},"schema":{"@context":"https:\/\/schema.org","@graph":[{"@type":"WebPage","@id":"https:\/\/redfoxlotto.com\/lt\/keno\/deimantinis-keno-10-m\/","url":"https:\/\/redfoxlotto.com\/lt\/keno\/deimantinis-keno-10-m\/","name":"Geriausi internetiniai \u201eKeno\u201c \u017eaidimai - 10 milijon\u0173 eur\u0173 \u201eKeno","isPartOf":{"@id":"https:\/\/redfoxlotto.com\/lt\/#website"},"datePublished":"2025-02-12T11:18:17+00:00","dateModified":"2025-05-15T06:29:22+00:00","description":"\u010cia rasite geriausius internetinius \u201eKeno\u201c \u017eaidimus, kuri\u0173 pagrindiniai prizai siekia iki 10 mln. eur\u0173. Niekada nereik\u0117s ilgai laukti kito internetinio \u201eKeno\u201c burt\u0173 traukimo!","breadcrumb":{"@id":"https:\/\/redfoxlotto.com\/lt\/keno\/deimantinis-keno-10-m\/#breadcrumb"},"inLanguage":"lt-LT","potentialAction":[{"@type":"ReadAction","target":["https:\/\/redfoxlotto.com\/lt\/keno\/deimantinis-keno-10-m\/"]}]},{"@type":"BreadcrumbList","@id":"https:\/\/redfoxlotto.com\/lt\/keno\/deimantinis-keno-10-m\/#breadcrumb","itemListElement":[{"@type":"ListItem","position":1,"name":"Home","item":"https:\/\/redfoxlotto.com\/lt\/"},{"@type":"ListItem","position":2,"name":"Keno","item":"https:\/\/redfoxlotto.com\/lt\/keno\/"},{"@type":"ListItem","position":3,"name":"Deimantinis Keno 10 m"}]},{"@type":"WebSite","@id":"https:\/\/redfoxlotto.com\/lt\/#website","url":"https:\/\/redfoxlotto.com\/lt\/","name":"Get Tickets for the World\u2019s largest jackpots","description":"Participate in worldwide lottery jackpots from any country","publisher":{"@id":"https:\/\/redfoxlotto.com\/lt\/#organization"},"potentialAction":[{"@type":"SearchAction","target":{"@type":"EntryPoint","urlTemplate":"https:\/\/redfoxlotto.com\/lt\/?s={search_term_string}"},"query-input":{"@type":"PropertyValueSpecification","valueRequired":true,"valueName":"search_term_string"}}],"inLanguage":"lt-LT"},{"@type":"Organization","@id":"https:\/\/redfoxlotto.com\/lt\/#organization","name":"Get Tickets for the World\u2019s largest jackpots","url":"https:\/\/redfoxlotto.com\/lt\/","logo":{"@type":"ImageObject","inLanguage":"lt-LT","@id":"https:\/\/redfoxlotto.com\/lt\/#\/schema\/logo\/image\/","url":"https:\/\/redfoxlotto.com\/wp-content\/uploads\/2023\/04\/logo.png","contentUrl":"https:\/\/redfoxlotto.com\/wp-content\/uploads\/2023\/04\/logo.png","width":269,"height":53,"caption":"Get Tickets for the World\u2019s largest jackpots"},"image":{"@id":"https:\/\/redfoxlotto.com\/lt\/#\/schema\/logo\/image\/"}}]}},"_links":{"self":[{"href":"https:\/\/redfoxlotto.com\/lt\/wp-json\/wp\/v2\/pages\/86864","targetHints":{"allow":["GET"]}}],"collection":[{"href":"https:\/\/redfoxlotto.com\/lt\/wp-json\/wp\/v2\/pages"}],"about":[{"href":"https:\/\/redfoxlotto.com\/lt\/wp-json\/wp\/v2\/types\/page"}],"author":[{"embeddable":true,"href":"https:\/\/redfoxlotto.com\/lt\/wp-json\/wp\/v2\/users\/8"}],"replies":[{"embeddable":true,"href":"https:\/\/redfoxlotto.com\/lt\/wp-json\/wp\/v2\/comments?post=86864"}],"version-history":[{"count":0,"href":"https:\/\/redfoxlotto.com\/lt\/wp-json\/wp\/v2\/pages\/86864\/revisions"}],"up":[{"embeddable":true,"href":"https:\/\/redfoxlotto.com\/lt\/wp-json\/wp\/v2\/pages\/84419"}],"wp:attachment":[{"href":"https:\/\/redfoxlotto.com\/lt\/wp-json\/wp\/v2\/media?parent=86864"}],"curies":[{"name":"wp","href":"https:\/\/api.w.org\/{rel}","templated":true}]}}