{"id":85495,"date":"2025-02-25T17:25:31","date_gmt":"2025-02-25T17:25:31","guid":{"rendered":"https:\/\/redfoxlotto.com\/?page_id=85495"},"modified":"2025-04-21T06:51:36","modified_gmt":"2025-04-21T06:51:36","slug":"apie-niujorko-loterijos","status":"publish","type":"page","link":"https:\/\/redfoxlotto.com\/lt\/loterija\/apie-niujorko-loterijos\/","title":{"rendered":"Apie Niujorko loterijos"},"content":{"rendered":"<h2>Kaip pirkti Niujorko loterijos bilietus<\/h2>\n<p>Vadovas perkant bilietus \u012f Niujorko loterijos RedFoxLotto:<\/p>\n<p>Ar \u017eaisdami Niujorko loterijoje kada nors fantazavote apie laim\u0117jim\u0105, kuris visi\u0161kai pakeist\u0173 j\u016bs\u0173 gyvenim\u0105? Dalyvauti tarptautin\u0117se loterijose, tokiose kaip \u201eNew York Lotto\u201c, dar niekada nebuvo taip paprasta, kaip su RedFoxLotto, net jei esate ne Jungtin\u0117se Amerikos Valstijose.<\/p>\n<p>\u0160iame prane\u0161ime mes keliais paprastais \u017eingsniais pad\u0117sime jums \u012fsigyti Niujorko loterijos bilietus i\u0161 \u201eRedFoxLotto\u201c.<\/p>\n<h2>RedFoxLotto: kas tai yra?<\/h2>\n<p>Galite dalyvauti did\u017eiausiose tarptautin\u0117se loterijose su \u201eRedFoxLotto\u201c, kuri yra patikima internetin\u0117s loterijos paslauga. \u0160ios loterijos apima \u201ePowerball\u201c, \u201eMega Millions\u201c, \u201eEuroMillions\u201c ir, \u017einoma, \u201eNew York Lotto\u201c. Jie atlieka biliet\u0173 kurjerio funkcij\u0105, t. y. j\u016bs\u0173 vardu nuperka tikr\u0105 biliet\u0105 ir nuskaito j\u012f \u012f j\u016bs\u0173 nurodyt\u0105 internetin\u0119 paskyr\u0105.<\/p>\n<h3>RedFoxLotto: \u017dingsnis po \u017eingsnio biliet\u0173 pirkimo vadovas Niujorko loterijos programai<\/h3>\n<p>1. U\u017esiregistruokite. Eikite \u012f RedFoxLotto.com ir prad\u0117kite registracijos proces\u0105. \u012eveskite pagrindin\u0119 informacij\u0105, pavyzd\u017eiui, savo vard\u0105 ir pavard\u0119, el. pa\u0161to adres\u0105 ir \u0161al\u012f, kurioje \u0161iuo metu gyvenate, paspausdami mygtuk\u0105 \u201eRegistruotis\u201c.<\/p>\n<p>2. Patvirtinkite, kad j\u016bs\u0173 paskyra yra teis\u0117ta.<\/p>\n<p>U\u017ebaig\u0119 registracijos proces\u0105, savo pa\u0161to d\u0117\u017eut\u0117je raskite patvirtinimo nuorod\u0105. Paspaud\u0119 j\u0105, galite patikrinti savo paskyr\u0105. Nepaisant to, kad tai paprastas \u017eingsnis, jis yra b\u016btinas tiek d\u0117l saugumo, tiek d\u0117l galim\u0173 b\u016bsim\u0173 laim\u0117jim\u0173.<\/p>\n<p>3. I\u0161tirkite loterijas<\/p>\n<p>S\u0117kmingai prisijung\u0119, pereikite \u012f pagrindin\u012f puslap\u012f ir tarp prieinam\u0173 loterij\u0173 s\u0105ra\u0161o ie\u0161kokite \u201eNew York Lotto\u201c. Paspaud\u0119 galite su\u017einoti daugiau informacijos apie kit\u0105 tira\u017e\u0105, pagrindinio prizo dyd\u012f ir biliet\u0173 kain\u0105.<\/p>\n<p>4. Pasirinkite numerius<\/p>\n<p>J\u016bs\u0173 u\u017eduotis bus pasirinkti \u0161e\u0161is skai\u010dius nuo vieno iki \u0161e\u0161iasde\u0161imt devyni\u0173. Juos galite pasirinkti rankiniu b\u016bdu arba galite pasinaudoti greito pasirinkimo parinktimi, kad \u201eRedFoxLotto\u201c jums sugeneruot\u0173 atsitiktinius skai\u010dius i\u0161 naujo.<\/p>\n<h2>\u012e krep\u0161el\u012f ir pereikite prie mok\u0117jimo<\/h2>\n<p>Kai tik pasirinksite numerius, prid\u0117kite biliet\u0105 \u012f pirkini\u0173 krep\u0161el\u012f. Po to \u012feikite \u012f kasos zon\u0105. RedFoxLotto palaiko daugyb\u0119 mok\u0117jimo b\u016bd\u0173, \u012fskaitant \u0161iuos:<\/p>\n<ul>\n<li>Kredito ir debeto korteles<\/li>\n<li>Banko pavedimas<\/li>\n<li>Elektronin\u0117s pinigin\u0117s, pavyzd\u017eiui, Skrill<\/li>\n<li>Kai kuriose srityse pla\u010diai naudojama kriptovaliuta.<\/li>\n<\/ul>\n<h2>Patvirtinimas ir biliet\u0173 skaitytuvas<\/h2>\n<p>I\u0161kart po to, kai j\u016bs\u0173 pinigai bus apdoroti, \u201eRedFoxLotto\u201c i\u0161si\u0173s vien\u0105 i\u0161 savo vietini\u0173 agent\u0173 Jungtin\u0117se Amerikos Valstijose, kad \u0161is nupirkt\u0173 tikr\u0105 \u201eNew York Lotto\u201c biliet\u0105 su j\u016bs\u0173 pasirinktais skai\u010diais. Siekiant pateikti pirkimo \u012frodym\u0105, \u012f j\u016bs\u0173 paskyr\u0105 bus i\u0161si\u0173stas bilieto skenuotas variantas.<\/p>\n<h2>Kas atsitinka, jei jums pasiseka?<\/h2>\n<h3>Jei j\u016bs\u0173 \u012fvesti skai\u010diai laimi priz\u0105:<\/h3>\n<p>J\u016bs\u0173 \u201eRedFoxLotto\u201c s\u0105skaita i\u0161 karto bus papildyta visais laim\u0117tojais, kurie yra nedideli arba vidutinio dyd\u017eio. Kai laim\u0117site didel\u012f aukso puod\u0105, \u201eRedFoxLotto\u201c komanda atliks veiksmus, b\u016btinus norint atsiimti apdovanojim\u0105. Priklausomai nuo sumos ir valstijos taisykli\u0173, gali prireikti J\u016bs\u0173 kelion\u0117s \u012f Jungtines Amerikos Valstijas.<\/p>\n<h2>Koks yra \u012fstatymas?<\/h2>\n<p>I\u0161 ties\u0173. RedFoxLotto n\u0117ra loterijos tiek\u0117jas; jis tvarko loterijos biliet\u0173 platinim\u0105. J\u016bs perkate tikr\u0105 fizin\u012f biliet\u0105 per \u012fgaliot\u0105j\u012f atstov\u0105, kuris u\u017etikrina, kad viskas b\u016bt\u0173 teis\u0117ta ir skaidru, net jei \u017eaid\u017eiate i\u0161 kitos \u0161alies.<\/p>\n<h2>Baigiamosios pastabos<\/h2>\n<p>Galimyb\u0117 \u012fsigyti Niujorko loterijos bilietus i\u0161 bet kurios pasaulio vietos neb\u0117ra ne\u012fgyvendinama svajon\u0117. Naudojantis \u201eRedFoxLotto\u201c tai padaryti paprasta, saugu ir prieinama. Vos keliais paspaudimais galite pretenduoti \u012f milijonus doleri\u0173, ir jums net nereik\u0117s i\u0161lipti i\u0161 automobilio, kad nuvyktum\u0117te \u012f Niujork\u0105.<\/p>\n<p>Kod\u0117l tuomet tur\u0117tume laukti? U\u017esiregistruokite tuojau pat, pasirinkite laimingus skai\u010dius ir pasiruo\u0161kite siekti pagrindinio prizo!<\/p>\n","protected":false},"excerpt":{"rendered":"<p>Kaip pirkti Niujorko loterijos bilietus Vadovas perkant bilietus \u012f Niujorko loterijos RedFoxLotto: Ar \u017eaisdami Niujorko loterijoje kada nors fantazavote apie laim\u0117jim\u0105, kuris visi\u0161kai pakeist\u0173 j\u016bs\u0173 gyvenim\u0105? Dalyvauti tarptautin\u0117se loterijose, tokiose kaip \u201eNew York Lotto\u201c, dar niekada nebuvo taip paprasta, kaip su RedFoxLotto, net jei esate ne Jungtin\u0117se Amerikos Valstijose. \u0160iame prane\u0161ime mes keliais paprastais \u017eingsniais [&hellip;]<\/p>\n","protected":false},"author":8,"featured_media":0,"parent":17097,"menu_order":18,"comment_status":"closed","ping_status":"closed","template":"newyork-info.php","meta":{"_et_pb_use_builder":"","_et_pb_old_content":"","_et_gb_content_width":"","exclude_from_search":false,"footnotes":""},"class_list":["post-85495","page","type-page","status-publish","hentry"],"yoast_head":"<!-- This site is optimized with the Yoast SEO plugin v23.8 - https:\/\/yoast.com\/wordpress\/plugins\/seo\/ -->\n<title>Kaip nusipirkti Niujorko loterijos bilietus internetu i\u0161 Jungtin\u0117s Karalyst\u0117s<\/title>\n<meta name=\"description\" content=\"Pirkite Niujorko loterijos bilietus \u010dia - net i\u0161 Jungtin\u0117s Karalyst\u0117s galite dalyvauti Niujorko loterijoje internetu ir per kelias minutes gauti nuskaityt\u0105 biliet\u0105.\" \/>\n<meta name=\"robots\" content=\"index, follow, max-snippet:-1, max-image-preview:large, max-video-preview:-1\" \/>\n<link rel=\"canonical\" href=\"https:\/\/redfoxlotto.com\/lt\/loterija\/apie-niujorko-loterijos\/\" \/>\n<meta property=\"og:locale\" content=\"lt_LT\" \/>\n<meta property=\"og:type\" content=\"article\" \/>\n<meta property=\"og:title\" content=\"Kaip nusipirkti Niujorko loterijos bilietus internetu i\u0161 Jungtin\u0117s Karalyst\u0117s\" \/>\n<meta property=\"og:description\" content=\"Pirkite Niujorko loterijos bilietus \u010dia - net i\u0161 Jungtin\u0117s Karalyst\u0117s galite dalyvauti Niujorko loterijoje internetu ir per kelias minutes gauti nuskaityt\u0105 biliet\u0105.\" \/>\n<meta property=\"og:url\" content=\"https:\/\/redfoxlotto.com\/lt\/loterija\/apie-niujorko-loterijos\/\" \/>\n<meta property=\"og:site_name\" content=\"Get Tickets for the World\u2019s largest jackpots\" \/>\n<meta property=\"article:modified_time\" content=\"2025-04-21T06:51:36+00:00\" \/>\n<meta name=\"twitter:card\" content=\"summary_large_image\" \/>\n<meta name=\"twitter:label1\" content=\"Est. reading time\" \/>\n\t<meta name=\"twitter:data1\" content=\"3 minut\u0117s\" \/>\n<script type=\"application\/ld+json\" class=\"yoast-schema-graph\">{\"@context\":\"https:\/\/schema.org\",\"@graph\":[{\"@type\":\"WebPage\",\"@id\":\"https:\/\/redfoxlotto.com\/lt\/loterija\/apie-niujorko-loterijos\/\",\"url\":\"https:\/\/redfoxlotto.com\/lt\/loterija\/apie-niujorko-loterijos\/\",\"name\":\"Kaip nusipirkti Niujorko loterijos bilietus internetu i\u0161 Jungtin\u0117s Karalyst\u0117s\",\"isPartOf\":{\"@id\":\"https:\/\/redfoxlotto.com\/lt\/#website\"},\"datePublished\":\"2025-02-25T17:25:31+00:00\",\"dateModified\":\"2025-04-21T06:51:36+00:00\",\"description\":\"Pirkite Niujorko loterijos bilietus \u010dia - net i\u0161 Jungtin\u0117s Karalyst\u0117s galite dalyvauti Niujorko loterijoje internetu ir per kelias minutes gauti nuskaityt\u0105 biliet\u0105.\",\"breadcrumb\":{\"@id\":\"https:\/\/redfoxlotto.com\/lt\/loterija\/apie-niujorko-loterijos\/#breadcrumb\"},\"inLanguage\":\"lt-LT\",\"potentialAction\":[{\"@type\":\"ReadAction\",\"target\":[\"https:\/\/redfoxlotto.com\/lt\/loterija\/apie-niujorko-loterijos\/\"]}]},{\"@type\":\"BreadcrumbList\",\"@id\":\"https:\/\/redfoxlotto.com\/lt\/loterija\/apie-niujorko-loterijos\/#breadcrumb\",\"itemListElement\":[{\"@type\":\"ListItem\",\"position\":1,\"name\":\"Home\",\"item\":\"https:\/\/redfoxlotto.com\/lt\/\"},{\"@type\":\"ListItem\",\"position\":2,\"name\":\"Kaip internetu nusipirkti loterijos biliet\u0105 \u2013 \u012fsigyjimo proced\u016bra\",\"item\":\"https:\/\/redfoxlotto.com\/lt\/loterija\/\"},{\"@type\":\"ListItem\",\"position\":3,\"name\":\"Apie Niujorko loterijos\"}]},{\"@type\":\"WebSite\",\"@id\":\"https:\/\/redfoxlotto.com\/lt\/#website\",\"url\":\"https:\/\/redfoxlotto.com\/lt\/\",\"name\":\"Get Tickets for the World\u2019s largest jackpots\",\"description\":\"Participate in worldwide lottery jackpots from any country\",\"publisher\":{\"@id\":\"https:\/\/redfoxlotto.com\/lt\/#organization\"},\"potentialAction\":[{\"@type\":\"SearchAction\",\"target\":{\"@type\":\"EntryPoint\",\"urlTemplate\":\"https:\/\/redfoxlotto.com\/lt\/?s={search_term_string}\"},\"query-input\":{\"@type\":\"PropertyValueSpecification\",\"valueRequired\":true,\"valueName\":\"search_term_string\"}}],\"inLanguage\":\"lt-LT\"},{\"@type\":\"Organization\",\"@id\":\"https:\/\/redfoxlotto.com\/lt\/#organization\",\"name\":\"Get Tickets for the World\u2019s largest jackpots\",\"url\":\"https:\/\/redfoxlotto.com\/lt\/\",\"logo\":{\"@type\":\"ImageObject\",\"inLanguage\":\"lt-LT\",\"@id\":\"https:\/\/redfoxlotto.com\/lt\/#\/schema\/logo\/image\/\",\"url\":\"https:\/\/redfoxlotto.com\/wp-content\/uploads\/2023\/04\/logo.png\",\"contentUrl\":\"https:\/\/redfoxlotto.com\/wp-content\/uploads\/2023\/04\/logo.png\",\"width\":269,\"height\":53,\"caption\":\"Get Tickets for the World\u2019s largest jackpots\"},\"image\":{\"@id\":\"https:\/\/redfoxlotto.com\/lt\/#\/schema\/logo\/image\/\"}}]}<\/script>\n<!-- \/ Yoast SEO plugin. -->","yoast_head_json":{"title":"Kaip nusipirkti Niujorko loterijos bilietus internetu i\u0161 Jungtin\u0117s Karalyst\u0117s","description":"Pirkite Niujorko loterijos bilietus \u010dia - net i\u0161 Jungtin\u0117s Karalyst\u0117s galite dalyvauti Niujorko loterijoje internetu ir per kelias minutes gauti nuskaityt\u0105 biliet\u0105.","robots":{"index":"index","follow":"follow","max-snippet":"max-snippet:-1","max-image-preview":"max-image-preview:large","max-video-preview":"max-video-preview:-1"},"canonical":"https:\/\/redfoxlotto.com\/lt\/loterija\/apie-niujorko-loterijos\/","og_locale":"lt_LT","og_type":"article","og_title":"Kaip nusipirkti Niujorko loterijos bilietus internetu i\u0161 Jungtin\u0117s Karalyst\u0117s","og_description":"Pirkite Niujorko loterijos bilietus \u010dia - net i\u0161 Jungtin\u0117s Karalyst\u0117s galite dalyvauti Niujorko loterijoje internetu ir per kelias minutes gauti nuskaityt\u0105 biliet\u0105.","og_url":"https:\/\/redfoxlotto.com\/lt\/loterija\/apie-niujorko-loterijos\/","og_site_name":"Get Tickets for the World\u2019s largest jackpots","article_modified_time":"2025-04-21T06:51:36+00:00","twitter_card":"summary_large_image","twitter_misc":{"Est. reading time":"3 minut\u0117s"},"schema":{"@context":"https:\/\/schema.org","@graph":[{"@type":"WebPage","@id":"https:\/\/redfoxlotto.com\/lt\/loterija\/apie-niujorko-loterijos\/","url":"https:\/\/redfoxlotto.com\/lt\/loterija\/apie-niujorko-loterijos\/","name":"Kaip nusipirkti Niujorko loterijos bilietus internetu i\u0161 Jungtin\u0117s Karalyst\u0117s","isPartOf":{"@id":"https:\/\/redfoxlotto.com\/lt\/#website"},"datePublished":"2025-02-25T17:25:31+00:00","dateModified":"2025-04-21T06:51:36+00:00","description":"Pirkite Niujorko loterijos bilietus \u010dia - net i\u0161 Jungtin\u0117s Karalyst\u0117s galite dalyvauti Niujorko loterijoje internetu ir per kelias minutes gauti nuskaityt\u0105 biliet\u0105.","breadcrumb":{"@id":"https:\/\/redfoxlotto.com\/lt\/loterija\/apie-niujorko-loterijos\/#breadcrumb"},"inLanguage":"lt-LT","potentialAction":[{"@type":"ReadAction","target":["https:\/\/redfoxlotto.com\/lt\/loterija\/apie-niujorko-loterijos\/"]}]},{"@type":"BreadcrumbList","@id":"https:\/\/redfoxlotto.com\/lt\/loterija\/apie-niujorko-loterijos\/#breadcrumb","itemListElement":[{"@type":"ListItem","position":1,"name":"Home","item":"https:\/\/redfoxlotto.com\/lt\/"},{"@type":"ListItem","position":2,"name":"Kaip internetu nusipirkti loterijos biliet\u0105 \u2013 \u012fsigyjimo proced\u016bra","item":"https:\/\/redfoxlotto.com\/lt\/loterija\/"},{"@type":"ListItem","position":3,"name":"Apie Niujorko loterijos"}]},{"@type":"WebSite","@id":"https:\/\/redfoxlotto.com\/lt\/#website","url":"https:\/\/redfoxlotto.com\/lt\/","name":"Get Tickets for the World\u2019s largest jackpots","description":"Participate in worldwide lottery jackpots from any country","publisher":{"@id":"https:\/\/redfoxlotto.com\/lt\/#organization"},"potentialAction":[{"@type":"SearchAction","target":{"@type":"EntryPoint","urlTemplate":"https:\/\/redfoxlotto.com\/lt\/?s={search_term_string}"},"query-input":{"@type":"PropertyValueSpecification","valueRequired":true,"valueName":"search_term_string"}}],"inLanguage":"lt-LT"},{"@type":"Organization","@id":"https:\/\/redfoxlotto.com\/lt\/#organization","name":"Get Tickets for the World\u2019s largest jackpots","url":"https:\/\/redfoxlotto.com\/lt\/","logo":{"@type":"ImageObject","inLanguage":"lt-LT","@id":"https:\/\/redfoxlotto.com\/lt\/#\/schema\/logo\/image\/","url":"https:\/\/redfoxlotto.com\/wp-content\/uploads\/2023\/04\/logo.png","contentUrl":"https:\/\/redfoxlotto.com\/wp-content\/uploads\/2023\/04\/logo.png","width":269,"height":53,"caption":"Get Tickets for the World\u2019s largest jackpots"},"image":{"@id":"https:\/\/redfoxlotto.com\/lt\/#\/schema\/logo\/image\/"}}]}},"_links":{"self":[{"href":"https:\/\/redfoxlotto.com\/lt\/wp-json\/wp\/v2\/pages\/85495","targetHints":{"allow":["GET"]}}],"collection":[{"href":"https:\/\/redfoxlotto.com\/lt\/wp-json\/wp\/v2\/pages"}],"about":[{"href":"https:\/\/redfoxlotto.com\/lt\/wp-json\/wp\/v2\/types\/page"}],"author":[{"embeddable":true,"href":"https:\/\/redfoxlotto.com\/lt\/wp-json\/wp\/v2\/users\/8"}],"replies":[{"embeddable":true,"href":"https:\/\/redfoxlotto.com\/lt\/wp-json\/wp\/v2\/comments?post=85495"}],"version-history":[{"count":0,"href":"https:\/\/redfoxlotto.com\/lt\/wp-json\/wp\/v2\/pages\/85495\/revisions"}],"up":[{"embeddable":true,"href":"https:\/\/redfoxlotto.com\/lt\/wp-json\/wp\/v2\/pages\/17097"}],"wp:attachment":[{"href":"https:\/\/redfoxlotto.com\/lt\/wp-json\/wp\/v2\/media?parent=85495"}],"curies":[{"name":"wp","href":"https:\/\/api.w.org\/{rel}","templated":true}]}}