{"id":85290,"date":"2025-03-30T12:21:27","date_gmt":"2025-03-30T12:21:27","guid":{"rendered":"https:\/\/redfoxlotto.com\/?page_id=85290"},"modified":"2025-12-10T16:31:24","modified_gmt":"2025-12-10T16:31:24","slug":"kaip-dalyvauti-niujorko-loterijoje-jungtineje-karalysteje","status":"publish","type":"page","link":"https:\/\/redfoxlotto.com\/lt\/zaisti\/kaip-dalyvauti-niujorko-loterijoje-jungtineje-karalysteje\/","title":{"rendered":"Kaip \u017eaisti Niujorko loterijos Jungtin\u0117je Karalyst\u0117je."},"content":{"rendered":"<p><script type=\"application\/ld+json\">\n{\n\"@context\": \"https:\/\/schema.org\",\n\"@type\": \"Service\",\n\"name\": \"Play New York Lottery\",\n\"url\": \"https:\/\/redfoxlotto.com\/lt\/zaisti\/kaip-dalyvauti-niujorko-loterijoje-jungtineje-karalysteje\/\",\n\"description\": \"\u012esigykite oficialius Niujorko loterijos bilietus internetu per \u201eRedFoxLotto\u201c. Pasirinkite savo skai\u010dius ir prisijunkite prie kito traukimo.\",\n\"serviceType\": \"Online lottery ticket purchase\",<\/p>\n<p>\"provider\": {\n\"@type\": \"Organization\",\n\"name\": \"RedFoxLotto\",\n\"url\": \"https:\/\/redfoxlotto.com\",\n\"logo\": \"https:\/\/redfoxlotto.com\/wp-content\/uploads\/logo.png\"\n},<\/p>\n<p>\"areaServed\": \"Worldwide\",\n\"termsOfService\": \"https:\/\/redfoxlotto.com\/terms-and-conditions\",<\/p>\n<p>\"hasOfferCatalog\": {\n\"@type\": \"OfferCatalog\",\n\"name\": \"New York Lottery Offers\",\n\"itemListElement\": [\n{\n\"@type\": \"Offer\",\n\"name\": \"New York Lottery Ticket\",\n\"url\": \"https:\/\/redfoxlotto.com\/lt\/zaisti\/kaip-dalyvauti-niujorko-loterijoje-jungtineje-karalysteje\/\",\n\"description\": \"Vienas \u012fra\u0161as \u012f kit\u0105 Niujorko loterijos traukim\u0105.\",\n\"price\": \"1.40\",\n\"priceCurrency\": \"EUR\",\n\"availability\": \"https:\/\/schema.org\/InStock\",<\/p>\n<p>\"itemOffered\": {\n\"@type\": \"Service\",\n\"name\": \"New York Lottery Entry\",\n\"description\": \"Dalyvaukite kitame Niujorko loterijos traukime per \u201eRedFoxLotto\u201c.\"\n}\n}\n]\n},<\/p>\n<p>\"mainEntityOfPage\": {\n\"@type\": \"WebPage\",\n\"@id\": \"https:\/\/redfoxlotto.com\/lt\/zaisti\/kaip-dalyvauti-niujorko-loterijoje-jungtineje-karalysteje\/\"\n}\n}\n<\/script><\/p>\n<h2>Kaip dalyvauti Niujorko loterijoje su RedFoxLotto.com Jungtin\u0117je Karalyst\u0117je<\/h2>\n<p><img loading=\"lazy\" decoding=\"async\" class=\" wp-image-48802 alignright\" src=\"https:\/\/redfoxlotto.com\/wp-content\/uploads\/2023\/04\/raffle-tickets-online-495x330-1-300x200.jpg\" alt=\"New York Lottery\" width=\"321\" height=\"214\" srcset=\"https:\/\/redfoxlotto.com\/wp-content\/uploads\/2023\/04\/raffle-tickets-online-495x330-1-300x200.jpg 300w, https:\/\/redfoxlotto.com\/wp-content\/uploads\/2023\/04\/raffle-tickets-online-495x330-1.jpg 495w\" sizes=\"auto, (max-width: 321px) 100vw, 321px\" \/><br \/>\nImkime, pavyzd\u017eiui, scenarij\u0173, pagal kur\u012f pabundate Jungtin\u0117je Karalyst\u0117je, pasigaminate rytin\u0117s arbatos, tada pasitikrinate telefon\u0105 ir su\u017einote, kad k\u0105 tik laim\u0117jote Niujorko loterijoje. Ar tai skamba ne\u012ftik\u0117tinai? Persigalvokite! \u017daisti vien\u0105 i\u0161 labiausiai jaudinan\u010di\u0173 loterij\u0173 Jungtin\u0117se Amerikos Valstijose i\u0161 savo nam\u0173 Jungtin\u0117je Karalyst\u0117je galima su RedFoxLotto.com.<\/p>\n<h2>Niujorko loterija: Kod\u0117l tur\u0117tum\u0117te \u017eaisti?<\/h2>\n<p>Niujorko loterija gerai \u017einoma d\u0117l mil\u017eini\u0161k\u0173 priz\u0173, \u012fdomi\u0173 \u017eaidim\u0173 ir laim\u0117jim\u0173, kurie gali visi\u0161kai pakeisti \u017emogaus gyvenim\u0105. Tai, kad kiekvien\u0105 savait\u0119 rengiama daugyb\u0117 loterij\u0173, rei\u0161kia, kad turite daugyb\u0119 galimybi\u0173 \u012fgyvendinti savo svajones. \u017daisdami loterijoje \u201eMega Millions\u201c arba \u201ePowerball\u201c galite laim\u0117ti pinig\u0173 sum\u0105, kuri pakeis j\u016bs\u0173 gyvenim\u0105.<\/p>\n<h2>Instrukcijos, kaip \u017eaisti RedFoxLotto.com \u017eingsnis po \u017eingsnio<\/h2>\n<p>1. Eikite \u012f svetain\u0119 RedFoxLotto.com. Tur\u0117tum\u0117te \u012fsijungti pasirinkt\u0105 interneto nar\u0161ykl\u0119 ir pereiti \u012f oficiali\u0105 RedFoxLotto svetain\u0119.<\/p>\n<p>2. Sukurkite paskyr\u0105 &#8211; nor\u0117dami u\u017esiregistruoti, tur\u0117site pateikti paskyr\u0105. Ji ne tik yra greita ir saugi, bet ir b\u016btina norint \u017eaisti.<\/p>\n<p>3. Pasirinkite Niujorko loterij\u0105 &#8211; Per\u017ei\u016br\u0117j\u0119 \u012fvairias si\u016blomas loterijas, pasirinkite Niujorko loterij\u0105 arba bet kur\u012f kit\u0105 amerikieti\u0161k\u0105 priz\u0105, kuris jus sudomino paie\u0161kos metu.<\/p>\n<p>4. Pasirinkite numerius Galite pasirinkti, ar laiminguosius numerius pasirinkti rankiniu b\u016bdu, ar pasinaudoti greitojo pasirinkimo parinktimi &#8211; sistema juos u\u017e jus suras automati\u0161kai.<\/p>\n<p>5. Pirkite biliet\u0105 &#8211; pereikite \u012f kasos puslap\u012f ir saugiai sumok\u0117kite u\u017e biliet\u0105 naudodami vien\u0105 i\u0161 daugelio galim\u0173 mok\u0117jimo b\u016bd\u0173.<\/p>\n<p>6. Kol laukiate burt\u0173 traukimo, pris\u0117skite ir atsipalaiduokite. Jei esate laim\u0117tojas, jums bus prane\u0161ta!<\/p>\n<h2>Dalyvavimo RedFoxLotto.com \u017eaidimuose privalumai<\/h2>\n<p>D\u0117l to nereikia keliauti \u012f Jungtines Amerikos Valstijas, kad gal\u0117tum\u0117te \u012fsigyti biliet\u0105.<\/p>\n<p>&#8211; Saug\u016bs ir patikimi sandoriai &#8211; \u017eaiskite visi\u0161kai ramiai, \u017einodami, kad j\u016bs\u0173 pinigai ir pirkimo informacija yra apsaugoti.<\/p>\n<p>&#8211; Automati\u0161kai siun\u010diami prane\u0161imai &#8211; niekada nepraleiskite laim\u0117jimo! Jei esate laimingasis pagrindinio prizo laim\u0117tojas, i\u0161 karto gausite prane\u0161im\u0105.<\/p>\n<p>Be Niujorko loterijos, galite naudotis ne tik Niujorko loterija, bet ir pasaulin\u0117mis loterijomis, tod\u0117l tur\u0117site dar daugiau galimybi\u0173 laim\u0117ti didel\u0119 pinig\u0173 sum\u0105.<\/p>\n<h2>Baigiamosios pastabos<\/h2>\n<p>Naudodamiesi RedFoxLotto.com, tur\u0117site prieig\u0105 prie viso loterij\u0173 pramog\u0173 pasaulio. Nesvarbu, kur esate Jungtin\u0117je Karalyst\u0117je; turite galimyb\u0119 siekti amerikieti\u0161kos svajon\u0117s ir galb\u016bt tapti kitu Niujorko loterijos milijonieriumi. Tod\u0117l kod\u0117l tur\u0117tume laukti? Apsilankykite svetain\u0117je RedFoxLotto.com jau dabar ir \u012fsigykite biliet\u0105; niekada ne\u017einai, kada laim\u0117 pasiseks.<\/p>\n<p>Su\u017einokite, kaip \u017eaisti Niujorko loterijoje i\u0161 Jungtin\u0117s Karalyst\u0117s RedFoxLotto.com ir gaukite patarim\u0173, kaip padidinti savo galimybes laim\u0117ti.<\/p>\n","protected":false},"excerpt":{"rendered":"<p>Kaip dalyvauti Niujorko loterijoje su RedFoxLotto.com Jungtin\u0117je Karalyst\u0117je Imkime, pavyzd\u017eiui, scenarij\u0173, pagal kur\u012f pabundate Jungtin\u0117je Karalyst\u0117je, pasigaminate rytin\u0117s arbatos, tada pasitikrinate telefon\u0105 ir su\u017einote, kad k\u0105 tik laim\u0117jote Niujorko loterijoje. Ar tai skamba ne\u012ftik\u0117tinai? Persigalvokite! \u017daisti vien\u0105 i\u0161 labiausiai jaudinan\u010di\u0173 loterij\u0173 Jungtin\u0117se Amerikos Valstijose i\u0161 savo nam\u0173 Jungtin\u0117je Karalyst\u0117je galima su RedFoxLotto.com. Niujorko loterija: Kod\u0117l [&hellip;]<\/p>\n","protected":false},"author":8,"featured_media":0,"parent":17114,"menu_order":18,"comment_status":"closed","ping_status":"closed","template":"newyork.php","meta":{"_et_pb_use_builder":"","_et_pb_old_content":"","_et_gb_content_width":"","exclude_from_search":false,"footnotes":""},"class_list":["post-85290","page","type-page","status-publish","hentry"],"yoast_head":"<!-- This site is optimized with the Yoast SEO plugin v27.4 - https:\/\/yoast.com\/product\/yoast-seo-wordpress\/ -->\n<title>Kaip dalyvauti Niujorko loterijoje Jungtin\u0117je Karalyst\u0117je<\/title>\n<meta name=\"description\" content=\"Su\u017einokite, kaip \u017eaisti Niujorko loterijoje i\u0161 Jungtin\u0117s Karalyst\u0117s RedFoxLotto.com ir gaukite patarim\u0173, kaip padidinti savo galimybes laim\u0117ti.\" \/>\n<meta name=\"robots\" content=\"index, follow, max-snippet:-1, max-image-preview:large, max-video-preview:-1\" \/>\n<link rel=\"canonical\" href=\"https:\/\/redfoxlotto.com\/lt\/zaisti\/kaip-dalyvauti-niujorko-loterijoje-jungtineje-karalysteje\/\" \/>\n<meta property=\"og:locale\" content=\"lt_LT\" \/>\n<meta property=\"og:type\" content=\"article\" \/>\n<meta property=\"og:title\" content=\"Kaip dalyvauti Niujorko loterijoje Jungtin\u0117je Karalyst\u0117je\" \/>\n<meta property=\"og:description\" content=\"Su\u017einokite, kaip \u017eaisti Niujorko loterijoje i\u0161 Jungtin\u0117s Karalyst\u0117s RedFoxLotto.com ir gaukite patarim\u0173, kaip padidinti savo galimybes laim\u0117ti.\" \/>\n<meta property=\"og:url\" content=\"https:\/\/redfoxlotto.com\/lt\/zaisti\/kaip-dalyvauti-niujorko-loterijoje-jungtineje-karalysteje\/\" \/>\n<meta property=\"og:site_name\" content=\"Get Tickets for the World\u2019s largest jackpots\" \/>\n<meta property=\"article:modified_time\" content=\"2025-12-10T16:31:24+00:00\" \/>\n<meta property=\"og:image\" content=\"https:\/\/redfoxlotto.com\/wp-content\/uploads\/2023\/04\/raffle-tickets-online-495x330-1-300x200.jpg\" \/>\n<meta name=\"twitter:card\" content=\"summary_large_image\" \/>\n<meta name=\"twitter:label1\" content=\"Est. reading time\" \/>\n\t<meta name=\"twitter:data1\" content=\"2 minut\u0117s\" \/>\n<script type=\"application\/ld+json\" class=\"yoast-schema-graph\">{\"@context\":\"https:\\\/\\\/schema.org\",\"@graph\":[{\"@type\":\"WebPage\",\"@id\":\"https:\\\/\\\/redfoxlotto.com\\\/lt\\\/zaisti\\\/kaip-dalyvauti-niujorko-loterijoje-jungtineje-karalysteje\\\/\",\"url\":\"https:\\\/\\\/redfoxlotto.com\\\/lt\\\/zaisti\\\/kaip-dalyvauti-niujorko-loterijoje-jungtineje-karalysteje\\\/\",\"name\":\"Kaip dalyvauti Niujorko loterijoje Jungtin\u0117je Karalyst\u0117je\",\"isPartOf\":{\"@id\":\"https:\\\/\\\/redfoxlotto.com\\\/lt\\\/#website\"},\"primaryImageOfPage\":{\"@id\":\"https:\\\/\\\/redfoxlotto.com\\\/lt\\\/zaisti\\\/kaip-dalyvauti-niujorko-loterijoje-jungtineje-karalysteje\\\/#primaryimage\"},\"image\":{\"@id\":\"https:\\\/\\\/redfoxlotto.com\\\/lt\\\/zaisti\\\/kaip-dalyvauti-niujorko-loterijoje-jungtineje-karalysteje\\\/#primaryimage\"},\"thumbnailUrl\":\"https:\\\/\\\/redfoxlotto.com\\\/wp-content\\\/uploads\\\/2023\\\/04\\\/raffle-tickets-online-495x330-1-300x200.jpg\",\"datePublished\":\"2025-03-30T12:21:27+00:00\",\"dateModified\":\"2025-12-10T16:31:24+00:00\",\"description\":\"Su\u017einokite, kaip \u017eaisti Niujorko loterijoje i\u0161 Jungtin\u0117s Karalyst\u0117s RedFoxLotto.com ir gaukite patarim\u0173, kaip padidinti savo galimybes laim\u0117ti.\",\"breadcrumb\":{\"@id\":\"https:\\\/\\\/redfoxlotto.com\\\/lt\\\/zaisti\\\/kaip-dalyvauti-niujorko-loterijoje-jungtineje-karalysteje\\\/#breadcrumb\"},\"inLanguage\":\"lt-LT\",\"potentialAction\":[{\"@type\":\"ReadAction\",\"target\":[\"https:\\\/\\\/redfoxlotto.com\\\/lt\\\/zaisti\\\/kaip-dalyvauti-niujorko-loterijoje-jungtineje-karalysteje\\\/\"]}]},{\"@type\":\"ImageObject\",\"inLanguage\":\"lt-LT\",\"@id\":\"https:\\\/\\\/redfoxlotto.com\\\/lt\\\/zaisti\\\/kaip-dalyvauti-niujorko-loterijoje-jungtineje-karalysteje\\\/#primaryimage\",\"url\":\"https:\\\/\\\/redfoxlotto.com\\\/wp-content\\\/uploads\\\/2023\\\/04\\\/raffle-tickets-online-495x330-1-300x200.jpg\",\"contentUrl\":\"https:\\\/\\\/redfoxlotto.com\\\/wp-content\\\/uploads\\\/2023\\\/04\\\/raffle-tickets-online-495x330-1-300x200.jpg\"},{\"@type\":\"BreadcrumbList\",\"@id\":\"https:\\\/\\\/redfoxlotto.com\\\/lt\\\/zaisti\\\/kaip-dalyvauti-niujorko-loterijoje-jungtineje-karalysteje\\\/#breadcrumb\",\"itemListElement\":[{\"@type\":\"ListItem\",\"position\":1,\"name\":\"Home\",\"item\":\"https:\\\/\\\/redfoxlotto.com\\\/lt\\\/\"},{\"@type\":\"ListItem\",\"position\":2,\"name\":\"Kaip \u017eaisti kit\u0173 \u0161ali\u0173 loterijose\",\"item\":\"https:\\\/\\\/redfoxlotto.com\\\/lt\\\/zaisti\\\/\"},{\"@type\":\"ListItem\",\"position\":3,\"name\":\"Kaip \u017eaisti Niujorko loterijos Jungtin\u0117je Karalyst\u0117je.\"}]},{\"@type\":\"WebSite\",\"@id\":\"https:\\\/\\\/redfoxlotto.com\\\/lt\\\/#website\",\"url\":\"https:\\\/\\\/redfoxlotto.com\\\/lt\\\/\",\"name\":\"Get Tickets for the World\u2019s largest jackpots\",\"description\":\"Participate in worldwide lottery jackpots from any country\",\"publisher\":{\"@id\":\"https:\\\/\\\/redfoxlotto.com\\\/lt\\\/#organization\"},\"potentialAction\":[{\"@type\":\"SearchAction\",\"target\":{\"@type\":\"EntryPoint\",\"urlTemplate\":\"https:\\\/\\\/redfoxlotto.com\\\/lt\\\/?s={search_term_string}\"},\"query-input\":{\"@type\":\"PropertyValueSpecification\",\"valueRequired\":true,\"valueName\":\"search_term_string\"}}],\"inLanguage\":\"lt-LT\"},{\"@type\":\"Organization\",\"@id\":\"https:\\\/\\\/redfoxlotto.com\\\/lt\\\/#organization\",\"name\":\"Get Tickets for the World\u2019s largest jackpots\",\"url\":\"https:\\\/\\\/redfoxlotto.com\\\/lt\\\/\",\"logo\":{\"@type\":\"ImageObject\",\"inLanguage\":\"lt-LT\",\"@id\":\"https:\\\/\\\/redfoxlotto.com\\\/lt\\\/#\\\/schema\\\/logo\\\/image\\\/\",\"url\":\"https:\\\/\\\/redfoxlotto.com\\\/wp-content\\\/uploads\\\/2023\\\/04\\\/logo.png\",\"contentUrl\":\"https:\\\/\\\/redfoxlotto.com\\\/wp-content\\\/uploads\\\/2023\\\/04\\\/logo.png\",\"width\":269,\"height\":53,\"caption\":\"Get Tickets for the World\u2019s largest jackpots\"},\"image\":{\"@id\":\"https:\\\/\\\/redfoxlotto.com\\\/lt\\\/#\\\/schema\\\/logo\\\/image\\\/\"}}]}<\/script>\n<!-- \/ Yoast SEO plugin. -->","yoast_head_json":{"title":"Kaip dalyvauti Niujorko loterijoje Jungtin\u0117je Karalyst\u0117je","description":"Su\u017einokite, kaip \u017eaisti Niujorko loterijoje i\u0161 Jungtin\u0117s Karalyst\u0117s RedFoxLotto.com ir gaukite patarim\u0173, kaip padidinti savo galimybes laim\u0117ti.","robots":{"index":"index","follow":"follow","max-snippet":"max-snippet:-1","max-image-preview":"max-image-preview:large","max-video-preview":"max-video-preview:-1"},"canonical":"https:\/\/redfoxlotto.com\/lt\/zaisti\/kaip-dalyvauti-niujorko-loterijoje-jungtineje-karalysteje\/","og_locale":"lt_LT","og_type":"article","og_title":"Kaip dalyvauti Niujorko loterijoje Jungtin\u0117je Karalyst\u0117je","og_description":"Su\u017einokite, kaip \u017eaisti Niujorko loterijoje i\u0161 Jungtin\u0117s Karalyst\u0117s RedFoxLotto.com ir gaukite patarim\u0173, kaip padidinti savo galimybes laim\u0117ti.","og_url":"https:\/\/redfoxlotto.com\/lt\/zaisti\/kaip-dalyvauti-niujorko-loterijoje-jungtineje-karalysteje\/","og_site_name":"Get Tickets for the World\u2019s largest jackpots","article_modified_time":"2025-12-10T16:31:24+00:00","og_image":[{"url":"https:\/\/redfoxlotto.com\/wp-content\/uploads\/2023\/04\/raffle-tickets-online-495x330-1-300x200.jpg","type":"","width":"","height":""}],"twitter_card":"summary_large_image","twitter_misc":{"Est. reading time":"2 minut\u0117s"},"schema":{"@context":"https:\/\/schema.org","@graph":[{"@type":"WebPage","@id":"https:\/\/redfoxlotto.com\/lt\/zaisti\/kaip-dalyvauti-niujorko-loterijoje-jungtineje-karalysteje\/","url":"https:\/\/redfoxlotto.com\/lt\/zaisti\/kaip-dalyvauti-niujorko-loterijoje-jungtineje-karalysteje\/","name":"Kaip dalyvauti Niujorko loterijoje Jungtin\u0117je Karalyst\u0117je","isPartOf":{"@id":"https:\/\/redfoxlotto.com\/lt\/#website"},"primaryImageOfPage":{"@id":"https:\/\/redfoxlotto.com\/lt\/zaisti\/kaip-dalyvauti-niujorko-loterijoje-jungtineje-karalysteje\/#primaryimage"},"image":{"@id":"https:\/\/redfoxlotto.com\/lt\/zaisti\/kaip-dalyvauti-niujorko-loterijoje-jungtineje-karalysteje\/#primaryimage"},"thumbnailUrl":"https:\/\/redfoxlotto.com\/wp-content\/uploads\/2023\/04\/raffle-tickets-online-495x330-1-300x200.jpg","datePublished":"2025-03-30T12:21:27+00:00","dateModified":"2025-12-10T16:31:24+00:00","description":"Su\u017einokite, kaip \u017eaisti Niujorko loterijoje i\u0161 Jungtin\u0117s Karalyst\u0117s RedFoxLotto.com ir gaukite patarim\u0173, kaip padidinti savo galimybes laim\u0117ti.","breadcrumb":{"@id":"https:\/\/redfoxlotto.com\/lt\/zaisti\/kaip-dalyvauti-niujorko-loterijoje-jungtineje-karalysteje\/#breadcrumb"},"inLanguage":"lt-LT","potentialAction":[{"@type":"ReadAction","target":["https:\/\/redfoxlotto.com\/lt\/zaisti\/kaip-dalyvauti-niujorko-loterijoje-jungtineje-karalysteje\/"]}]},{"@type":"ImageObject","inLanguage":"lt-LT","@id":"https:\/\/redfoxlotto.com\/lt\/zaisti\/kaip-dalyvauti-niujorko-loterijoje-jungtineje-karalysteje\/#primaryimage","url":"https:\/\/redfoxlotto.com\/wp-content\/uploads\/2023\/04\/raffle-tickets-online-495x330-1-300x200.jpg","contentUrl":"https:\/\/redfoxlotto.com\/wp-content\/uploads\/2023\/04\/raffle-tickets-online-495x330-1-300x200.jpg"},{"@type":"BreadcrumbList","@id":"https:\/\/redfoxlotto.com\/lt\/zaisti\/kaip-dalyvauti-niujorko-loterijoje-jungtineje-karalysteje\/#breadcrumb","itemListElement":[{"@type":"ListItem","position":1,"name":"Home","item":"https:\/\/redfoxlotto.com\/lt\/"},{"@type":"ListItem","position":2,"name":"Kaip \u017eaisti kit\u0173 \u0161ali\u0173 loterijose","item":"https:\/\/redfoxlotto.com\/lt\/zaisti\/"},{"@type":"ListItem","position":3,"name":"Kaip \u017eaisti Niujorko loterijos Jungtin\u0117je Karalyst\u0117je."}]},{"@type":"WebSite","@id":"https:\/\/redfoxlotto.com\/lt\/#website","url":"https:\/\/redfoxlotto.com\/lt\/","name":"Get Tickets for the World\u2019s largest jackpots","description":"Participate in worldwide lottery jackpots from any country","publisher":{"@id":"https:\/\/redfoxlotto.com\/lt\/#organization"},"potentialAction":[{"@type":"SearchAction","target":{"@type":"EntryPoint","urlTemplate":"https:\/\/redfoxlotto.com\/lt\/?s={search_term_string}"},"query-input":{"@type":"PropertyValueSpecification","valueRequired":true,"valueName":"search_term_string"}}],"inLanguage":"lt-LT"},{"@type":"Organization","@id":"https:\/\/redfoxlotto.com\/lt\/#organization","name":"Get Tickets for the World\u2019s largest jackpots","url":"https:\/\/redfoxlotto.com\/lt\/","logo":{"@type":"ImageObject","inLanguage":"lt-LT","@id":"https:\/\/redfoxlotto.com\/lt\/#\/schema\/logo\/image\/","url":"https:\/\/redfoxlotto.com\/wp-content\/uploads\/2023\/04\/logo.png","contentUrl":"https:\/\/redfoxlotto.com\/wp-content\/uploads\/2023\/04\/logo.png","width":269,"height":53,"caption":"Get Tickets for the World\u2019s largest jackpots"},"image":{"@id":"https:\/\/redfoxlotto.com\/lt\/#\/schema\/logo\/image\/"}}]}},"_links":{"self":[{"href":"https:\/\/redfoxlotto.com\/lt\/wp-json\/wp\/v2\/pages\/85290","targetHints":{"allow":["GET"]}}],"collection":[{"href":"https:\/\/redfoxlotto.com\/lt\/wp-json\/wp\/v2\/pages"}],"about":[{"href":"https:\/\/redfoxlotto.com\/lt\/wp-json\/wp\/v2\/types\/page"}],"author":[{"embeddable":true,"href":"https:\/\/redfoxlotto.com\/lt\/wp-json\/wp\/v2\/users\/8"}],"replies":[{"embeddable":true,"href":"https:\/\/redfoxlotto.com\/lt\/wp-json\/wp\/v2\/comments?post=85290"}],"version-history":[{"count":0,"href":"https:\/\/redfoxlotto.com\/lt\/wp-json\/wp\/v2\/pages\/85290\/revisions"}],"up":[{"embeddable":true,"href":"https:\/\/redfoxlotto.com\/lt\/wp-json\/wp\/v2\/pages\/17114"}],"wp:attachment":[{"href":"https:\/\/redfoxlotto.com\/lt\/wp-json\/wp\/v2\/media?parent=85290"}],"curies":[{"name":"wp","href":"https:\/\/api.w.org\/{rel}","templated":true}]}}